{"id":37280,"date":"2020-04-30T18:43:49","date_gmt":"2020-04-30T17:43:50","guid":{"rendered":"https:\/\/cafesnovell.com\/?post_type=product&#038;p=37280"},"modified":"2020-05-01T12:15:10","modified_gmt":"2020-05-01T11:15:10","slug":"hot-chocolate-strawberry-flavour-15u-copia-copia-2","status":"publish","type":"product","link":"https:\/\/cafesnovell.com\/en\/producto\/hot-chocolate-strawberry-flavour-15u-copia-copia-2\/","title":{"rendered":"Hot Chocolate &#8211; Strawberry Flavour (15u) (copia) (copia)"},"content":{"rendered":"<p><span class=\"bold-product\">Main properties:<\/span><\/p>\n<p><span lang=\"en\">Coffee is one of the best flavors with which to combine a carqui\u00f1oli. These Carqui\u00f1olis are made with our own Caf\u00e9 Novell (100% Arabica). We find a very good balance between the sweetness of carqui\u00f1oli and the bitter taste of coffee. Escalfet is a brand that preserves the essence of many years of experience. In each carqui\u00f1oli you can savor the origin, aroma and quality of a product made using traditional methods and local products. <\/span><\/p>\n<p><span class=\"bold-product\">Consumer recommendations:<\/span><\/p>\n<p><span lang=\"en\">We recommend trying it accompanied by a Coffee Responsible for Novell Caf\u00e9s.<\/span><\/p>\n<p><span class=\"bold-product\">Format:<\/span><br \/>\nBox 200 Grs.<\/p>\n","protected":false},"excerpt":{"rendered":"<p><span class=\"bold-product\">Main properties:<\/span><\/p>\n<p><span lang=\"en\">Coffee is one of the best flavors with which to combine a carqui\u00f1oli. These Carqui\u00f1olis are made with our own Caf\u00e9 Novell (100% Arabica). We find a very good balance between the sweetness of carqui\u00f1oli and the bitter taste of coffee. Escalfet is a brand that preserves the essence of many years of experience. In each carqui\u00f1oli you can savor the origin, aroma and quality of a product made using traditional methods and local products. <\/span><\/p>\n<p><span class=\"bold-product\">Consumer recommendations:<\/span><\/p>\n<p><span lang=\"en\">We recommend trying it accompanied by a Coffee Responsible for Novell Caf\u00e9s.<\/span><\/p>\n<p><span class=\"bold-product\">Format:<\/span><br \/>\nBox 200 Grs.<\/p>\n","protected":false},"featured_media":37116,"template":"","meta":{"_acf_changed":false,"content-type":""},"product_brand":[],"product_cat":[173],"product_tag":[],"class_list":{"0":"post-37280","1":"product","2":"type-product","3":"status-publish","4":"has-post-thumbnail","6":"product_cat-coffee","8":"first","9":"outofstock","10":"taxable","11":"shipping-taxable","12":"purchasable","13":"product-type-simple"},"bundled_by":[],"bundle_stock_status":"outofstock","bundle_stock_quantity":0,"bundle_virtual":false,"bundle_layout":"","bundle_add_to_cart_form_location":"","bundle_editable_in_cart":false,"bundle_sold_individually_context":"","bundle_item_grouping":"","bundle_min_size":"","bundle_max_size":"","bundle_price":[],"bundled_items":[],"bundle_sell_ids":[],"acf":[],"yoast_head":"<!-- This site is optimized with the Yoast SEO plugin v27.3 - https:\/\/yoast.com\/product\/yoast-seo-wordpress\/ -->\n<title>Carqui\u00f1olis Coffee - Escalfet<\/title>\n<meta name=\"description\" content=\"Escalfet is a brand that preserves the essence of many years of experience. This is a carqui\u00f1oli that combines the sweetness of carqui\u00f1oli with the bitterness of coffee.\" \/>\n<meta name=\"robots\" content=\"index, follow, max-snippet:-1, max-image-preview:large, max-video-preview:-1\" \/>\n<link rel=\"canonical\" href=\"https:\/\/cafesnovell.com\/en\/producto\/hot-chocolate-strawberry-flavour-15u-copia-copia-2\/\" \/>\n<meta property=\"og:locale\" content=\"en_US\" \/>\n<meta property=\"og:type\" content=\"article\" \/>\n<meta property=\"og:title\" content=\"Carqui\u00f1olis Coffee - Escalfet\" \/>\n<meta property=\"og:description\" content=\"Escalfet is a brand that preserves the essence of many years of experience. This is a carqui\u00f1oli that combines the sweetness of carqui\u00f1oli with the bitterness of coffee.\" \/>\n<meta property=\"og:url\" content=\"https:\/\/cafesnovell.com\/en\/producto\/hot-chocolate-strawberry-flavour-15u-copia-copia-2\/\" \/>\n<meta property=\"og:site_name\" content=\"Caf\u00e8s Novell\" \/>\n<meta property=\"article:modified_time\" content=\"2020-05-01T11:15:10+00:00\" \/>\n<meta property=\"og:image\" content=\"https:\/\/cafesnovell.com\/wp-content\/uploads\/2020\/04\/carquinyolis-1-web.jpg\" \/>\n\t<meta property=\"og:image:width\" content=\"600\" \/>\n\t<meta property=\"og:image:height\" content=\"600\" \/>\n\t<meta property=\"og:image:type\" content=\"image\/jpeg\" \/>\n<meta name=\"twitter:card\" content=\"summary_large_image\" \/>\n<script type=\"application\/ld+json\" class=\"yoast-schema-graph\">{\"@context\":\"https:\\\/\\\/schema.org\",\"@graph\":[{\"@type\":\"WebPage\",\"@id\":\"https:\\\/\\\/cafesnovell.com\\\/en\\\/producto\\\/hot-chocolate-strawberry-flavour-15u-copia-copia-2\\\/\",\"url\":\"https:\\\/\\\/cafesnovell.com\\\/en\\\/producto\\\/hot-chocolate-strawberry-flavour-15u-copia-copia-2\\\/\",\"name\":\"Carqui\u00f1olis Coffee - Escalfet\",\"isPartOf\":{\"@id\":\"https:\\\/\\\/cafesnovell.com\\\/en\\\/#website\"},\"primaryImageOfPage\":{\"@id\":\"https:\\\/\\\/cafesnovell.com\\\/en\\\/producto\\\/hot-chocolate-strawberry-flavour-15u-copia-copia-2\\\/#primaryimage\"},\"image\":{\"@id\":\"https:\\\/\\\/cafesnovell.com\\\/en\\\/producto\\\/hot-chocolate-strawberry-flavour-15u-copia-copia-2\\\/#primaryimage\"},\"thumbnailUrl\":\"https:\\\/\\\/cafesnovell.com\\\/wp-content\\\/uploads\\\/2020\\\/04\\\/carquinyolis-1-web.jpg\",\"datePublished\":\"2020-04-30T17:43:50+00:00\",\"dateModified\":\"2020-05-01T11:15:10+00:00\",\"description\":\"Escalfet is a brand that preserves the essence of many years of experience. This is a carqui\u00f1oli that combines the sweetness of carqui\u00f1oli with the bitterness of coffee.\",\"breadcrumb\":{\"@id\":\"https:\\\/\\\/cafesnovell.com\\\/en\\\/producto\\\/hot-chocolate-strawberry-flavour-15u-copia-copia-2\\\/#breadcrumb\"},\"inLanguage\":\"en-US\",\"potentialAction\":[{\"@type\":\"ReadAction\",\"target\":[\"https:\\\/\\\/cafesnovell.com\\\/en\\\/producto\\\/hot-chocolate-strawberry-flavour-15u-copia-copia-2\\\/\"]}]},{\"@type\":\"ImageObject\",\"inLanguage\":\"en-US\",\"@id\":\"https:\\\/\\\/cafesnovell.com\\\/en\\\/producto\\\/hot-chocolate-strawberry-flavour-15u-copia-copia-2\\\/#primaryimage\",\"url\":\"https:\\\/\\\/cafesnovell.com\\\/wp-content\\\/uploads\\\/2020\\\/04\\\/carquinyolis-1-web.jpg\",\"contentUrl\":\"https:\\\/\\\/cafesnovell.com\\\/wp-content\\\/uploads\\\/2020\\\/04\\\/carquinyolis-1-web.jpg\",\"width\":600,\"height\":600},{\"@type\":\"BreadcrumbList\",\"@id\":\"https:\\\/\\\/cafesnovell.com\\\/en\\\/producto\\\/hot-chocolate-strawberry-flavour-15u-copia-copia-2\\\/#breadcrumb\",\"itemListElement\":[{\"@type\":\"ListItem\",\"position\":1,\"name\":\"Home\",\"item\":\"https:\\\/\\\/cafesnovell.com\\\/en\\\/\"},{\"@type\":\"ListItem\",\"position\":2,\"name\":\"Shop\",\"item\":\"https:\\\/\\\/cafesnovell.com\\\/en\\\/shop\\\/\"},{\"@type\":\"ListItem\",\"position\":3,\"name\":\"Hot Chocolate &#8211; Strawberry Flavour (15u) (copia) (copia)\"}]},{\"@type\":\"WebSite\",\"@id\":\"https:\\\/\\\/cafesnovell.com\\\/en\\\/#website\",\"url\":\"https:\\\/\\\/cafesnovell.com\\\/en\\\/\",\"name\":\"Caf\u00e8s Novell\",\"description\":\"Organic Premium Coffee\",\"potentialAction\":[{\"@type\":\"SearchAction\",\"target\":{\"@type\":\"EntryPoint\",\"urlTemplate\":\"https:\\\/\\\/cafesnovell.com\\\/en\\\/?s={search_term_string}\"},\"query-input\":{\"@type\":\"PropertyValueSpecification\",\"valueRequired\":true,\"valueName\":\"search_term_string\"}}],\"inLanguage\":\"en-US\"}]}<\/script>\n<!-- \/ Yoast SEO plugin. -->","yoast_head_json":{"title":"Carqui\u00f1olis Coffee - Escalfet","description":"Escalfet is a brand that preserves the essence of many years of experience. This is a carqui\u00f1oli that combines the sweetness of carqui\u00f1oli with the bitterness of coffee.","robots":{"index":"index","follow":"follow","max-snippet":"max-snippet:-1","max-image-preview":"max-image-preview:large","max-video-preview":"max-video-preview:-1"},"canonical":"https:\/\/cafesnovell.com\/en\/producto\/hot-chocolate-strawberry-flavour-15u-copia-copia-2\/","og_locale":"en_US","og_type":"article","og_title":"Carqui\u00f1olis Coffee - Escalfet","og_description":"Escalfet is a brand that preserves the essence of many years of experience. This is a carqui\u00f1oli that combines the sweetness of carqui\u00f1oli with the bitterness of coffee.","og_url":"https:\/\/cafesnovell.com\/en\/producto\/hot-chocolate-strawberry-flavour-15u-copia-copia-2\/","og_site_name":"Caf\u00e8s Novell","article_modified_time":"2020-05-01T11:15:10+00:00","og_image":[{"width":600,"height":600,"url":"https:\/\/cafesnovell.com\/wp-content\/uploads\/2020\/04\/carquinyolis-1-web.jpg","type":"image\/jpeg"}],"twitter_card":"summary_large_image","schema":{"@context":"https:\/\/schema.org","@graph":[{"@type":"WebPage","@id":"https:\/\/cafesnovell.com\/en\/producto\/hot-chocolate-strawberry-flavour-15u-copia-copia-2\/","url":"https:\/\/cafesnovell.com\/en\/producto\/hot-chocolate-strawberry-flavour-15u-copia-copia-2\/","name":"Carqui\u00f1olis Coffee - Escalfet","isPartOf":{"@id":"https:\/\/cafesnovell.com\/en\/#website"},"primaryImageOfPage":{"@id":"https:\/\/cafesnovell.com\/en\/producto\/hot-chocolate-strawberry-flavour-15u-copia-copia-2\/#primaryimage"},"image":{"@id":"https:\/\/cafesnovell.com\/en\/producto\/hot-chocolate-strawberry-flavour-15u-copia-copia-2\/#primaryimage"},"thumbnailUrl":"https:\/\/cafesnovell.com\/wp-content\/uploads\/2020\/04\/carquinyolis-1-web.jpg","datePublished":"2020-04-30T17:43:50+00:00","dateModified":"2020-05-01T11:15:10+00:00","description":"Escalfet is a brand that preserves the essence of many years of experience. This is a carqui\u00f1oli that combines the sweetness of carqui\u00f1oli with the bitterness of coffee.","breadcrumb":{"@id":"https:\/\/cafesnovell.com\/en\/producto\/hot-chocolate-strawberry-flavour-15u-copia-copia-2\/#breadcrumb"},"inLanguage":"en-US","potentialAction":[{"@type":"ReadAction","target":["https:\/\/cafesnovell.com\/en\/producto\/hot-chocolate-strawberry-flavour-15u-copia-copia-2\/"]}]},{"@type":"ImageObject","inLanguage":"en-US","@id":"https:\/\/cafesnovell.com\/en\/producto\/hot-chocolate-strawberry-flavour-15u-copia-copia-2\/#primaryimage","url":"https:\/\/cafesnovell.com\/wp-content\/uploads\/2020\/04\/carquinyolis-1-web.jpg","contentUrl":"https:\/\/cafesnovell.com\/wp-content\/uploads\/2020\/04\/carquinyolis-1-web.jpg","width":600,"height":600},{"@type":"BreadcrumbList","@id":"https:\/\/cafesnovell.com\/en\/producto\/hot-chocolate-strawberry-flavour-15u-copia-copia-2\/#breadcrumb","itemListElement":[{"@type":"ListItem","position":1,"name":"Home","item":"https:\/\/cafesnovell.com\/en\/"},{"@type":"ListItem","position":2,"name":"Shop","item":"https:\/\/cafesnovell.com\/en\/shop\/"},{"@type":"ListItem","position":3,"name":"Hot Chocolate &#8211; Strawberry Flavour (15u) (copia) (copia)"}]},{"@type":"WebSite","@id":"https:\/\/cafesnovell.com\/en\/#website","url":"https:\/\/cafesnovell.com\/en\/","name":"Caf\u00e8s Novell","description":"Organic Premium Coffee","potentialAction":[{"@type":"SearchAction","target":{"@type":"EntryPoint","urlTemplate":"https:\/\/cafesnovell.com\/en\/?s={search_term_string}"},"query-input":{"@type":"PropertyValueSpecification","valueRequired":true,"valueName":"search_term_string"}}],"inLanguage":"en-US"}]}},"df_price":8.95,"df_sale_price":"","df_regular_price":8.95,"df_image_link":"https:\/\/cafesnovell.com\/wp-content\/uploads\/2020\/04\/carquinyolis-1-web-300x300.jpg","_links":{"self":[{"href":"https:\/\/cafesnovell.com\/en\/wp-json\/wp\/v2\/product\/37280","targetHints":{"allow":["GET"]}}],"collection":[{"href":"https:\/\/cafesnovell.com\/en\/wp-json\/wp\/v2\/product"}],"about":[{"href":"https:\/\/cafesnovell.com\/en\/wp-json\/wp\/v2\/types\/product"}],"wp:featuredmedia":[{"embeddable":true,"href":"https:\/\/cafesnovell.com\/en\/wp-json\/wp\/v2\/media\/37116"}],"wp:attachment":[{"href":"https:\/\/cafesnovell.com\/en\/wp-json\/wp\/v2\/media?parent=37280"}],"wp:term":[{"taxonomy":"product_brand","embeddable":true,"href":"https:\/\/cafesnovell.com\/en\/wp-json\/wp\/v2\/product_brand?post=37280"},{"taxonomy":"product_cat","embeddable":true,"href":"https:\/\/cafesnovell.com\/en\/wp-json\/wp\/v2\/product_cat?post=37280"},{"taxonomy":"product_tag","embeddable":true,"href":"https:\/\/cafesnovell.com\/en\/wp-json\/wp\/v2\/product_tag?post=37280"}],"curies":[{"name":"wp","href":"https:\/\/api.w.org\/{rel}","templated":true}]}}