{"id":34704,"date":"2020-03-27T15:33:42","date_gmt":"2020-03-27T14:33:42","guid":{"rendered":"https:\/\/cafesnovell.com\/?post_type=product&#038;p=34704"},"modified":"2020-11-05T17:54:46","modified_gmt":"2020-11-05T16:54:46","slug":"ristretto-no-waste-ground-coffee","status":"publish","type":"product","link":"https:\/\/cafesnovell.com\/en\/producto\/ristretto-no-waste-ground-coffee\/","title":{"rendered":"Ristretto No Waste Ground Coffee (250 g): 100% organic with 100% compostable packaging"},"content":{"rendered":"<p><span class=\"bold-product\">Main properties:<\/span><br \/>\nOrganic natural ground coffee, with a 100% compostable packaging.<br \/>\nIT MUST BE DISPOSED OF with organic waste.<\/p>\n<p><span class=\"bold-product\">Consumer recommendations:<\/span><br \/>\nFor lovers of dark roast coffee. Perfect for all types of coffee preparations: Espresso, Moka, Chemex, V60, etc.<\/p>\n<p><span class=\"bold-product\">Origin and characteristics:<\/span><br \/>\nThe Ristretto variety presents a blend of organic coffees, taken to an extreme roast to seduce those looking for a bitter and full-bodied coffee. Light smoky notes with the presence of pure cocoa and hints of liquorice and black beer define this dark roasted coffee.<\/p>\n<p><span class=\"bold-product\">Format:<\/span><br \/>\nContains 250 g of organic ground coffee, in a compostable pack complying with EN13432<br \/>\nAvailable in <a href=\"https:\/\/cafesnovell.com\/en\/eshop\/coffee\/beans\/ristretto-no-waste-coffee-beans\/\">coffee beans<\/a> format (CLICK to see more)<\/p>\n","protected":false},"excerpt":{"rendered":"<p>Organic natural ground coffee, with a 100% compostable packaging.<\/p>\n<p>The Ristretto variety presents a blend of organic coffees, taken to an extreme roast to seduce those looking for a bitter and full-bodied coffee. Light smoky notes with the presence of pure cocoa and hints of liquorice and black beer define this dark roasted coffee.<\/p>\n<p>A great coffee for lovers of dark roast coffee.<\/p>\n<p>Available in ground coffee and beans format.<\/p>\n","protected":false},"featured_media":87989,"template":"","meta":{"_acf_changed":false,"content-type":""},"product_brand":[],"product_cat":[173,175,2566,2564],"product_tag":[],"class_list":{"0":"post-34704","1":"product","2":"type-product","3":"status-publish","4":"has-post-thumbnail","6":"product_cat-coffee","7":"product_cat-ground","8":"product_cat-novell-go-ground-coffee","9":"product_cat-organic-products","11":"first","12":"instock","13":"taxable","14":"shipping-taxable","15":"purchasable","16":"product-type-simple"},"bundled_by":[],"bundle_stock_status":"instock","bundle_stock_quantity":null,"bundle_virtual":false,"bundle_layout":"","bundle_add_to_cart_form_location":"","bundle_editable_in_cart":false,"bundle_sold_individually_context":"","bundle_item_grouping":"","bundle_min_size":"","bundle_max_size":"","bundle_price":[],"bundled_items":[],"bundle_sell_ids":[],"acf":[],"yoast_head":"<!-- This site is optimized with the Yoast SEO plugin v27.3 - https:\/\/yoast.com\/product\/yoast-seo-wordpress\/ -->\n<title>Caf\u00e9 molido Ristretto Residuo 0: 100% org\u00e1nico y compostable<\/title>\n<meta name=\"description\" content=\"Caf\u00e9 Ristretto org\u00e1nico molido, con envase 100% compostable (bolsa y v\u00e1lvula).\u00a0Recomendado para los amantes del caf\u00e9 m\u00e1s tostado.\" \/>\n<meta name=\"robots\" content=\"index, follow, max-snippet:-1, max-image-preview:large, max-video-preview:-1\" \/>\n<link rel=\"canonical\" href=\"https:\/\/cafesnovell.com\/en\/producto\/ristretto-no-waste-ground-coffee\/\" \/>\n<meta property=\"og:locale\" content=\"en_US\" \/>\n<meta property=\"og:type\" content=\"article\" \/>\n<meta property=\"og:title\" content=\"Caf\u00e9 molido Ristretto Residuo 0: 100% org\u00e1nico y compostable\" \/>\n<meta property=\"og:description\" content=\"Caf\u00e9 Ristretto org\u00e1nico molido, con envase 100% compostable (bolsa y v\u00e1lvula).\u00a0Recomendado para los amantes del caf\u00e9 m\u00e1s tostado.\" \/>\n<meta property=\"og:url\" content=\"https:\/\/cafesnovell.com\/en\/producto\/ristretto-no-waste-ground-coffee\/\" \/>\n<meta property=\"og:site_name\" content=\"Caf\u00e8s Novell\" \/>\n<meta property=\"article:modified_time\" content=\"2020-11-05T16:54:46+00:00\" \/>\n<meta property=\"og:image\" content=\"https:\/\/cafesnovell.com\/wp-content\/uploads\/2020\/03\/ristretto-molt.jpg\" \/>\n\t<meta property=\"og:image:width\" content=\"600\" \/>\n\t<meta property=\"og:image:height\" content=\"600\" \/>\n\t<meta property=\"og:image:type\" content=\"image\/jpeg\" \/>\n<meta name=\"twitter:card\" content=\"summary_large_image\" \/>\n<meta name=\"twitter:label1\" content=\"Est. reading time\" \/>\n\t<meta name=\"twitter:data1\" content=\"1 minute\" \/>\n<script type=\"application\/ld+json\" class=\"yoast-schema-graph\">{\"@context\":\"https:\\\/\\\/schema.org\",\"@graph\":[{\"@type\":\"WebPage\",\"@id\":\"https:\\\/\\\/cafesnovell.com\\\/en\\\/producto\\\/ristretto-no-waste-ground-coffee\\\/\",\"url\":\"https:\\\/\\\/cafesnovell.com\\\/en\\\/producto\\\/ristretto-no-waste-ground-coffee\\\/\",\"name\":\"Caf\u00e9 molido Ristretto Residuo 0: 100% org\u00e1nico y compostable\",\"isPartOf\":{\"@id\":\"https:\\\/\\\/cafesnovell.com\\\/en\\\/#website\"},\"primaryImageOfPage\":{\"@id\":\"https:\\\/\\\/cafesnovell.com\\\/en\\\/producto\\\/ristretto-no-waste-ground-coffee\\\/#primaryimage\"},\"image\":{\"@id\":\"https:\\\/\\\/cafesnovell.com\\\/en\\\/producto\\\/ristretto-no-waste-ground-coffee\\\/#primaryimage\"},\"thumbnailUrl\":\"https:\\\/\\\/cafesnovell.com\\\/wp-content\\\/uploads\\\/2020\\\/03\\\/zero-waste_film_ristretto_molido.jpg\",\"datePublished\":\"2020-03-27T14:33:42+00:00\",\"dateModified\":\"2020-11-05T16:54:46+00:00\",\"description\":\"Caf\u00e9 Ristretto org\u00e1nico molido, con envase 100% compostable (bolsa y v\u00e1lvula).\u00a0Recomendado para los amantes del caf\u00e9 m\u00e1s tostado.\",\"breadcrumb\":{\"@id\":\"https:\\\/\\\/cafesnovell.com\\\/en\\\/producto\\\/ristretto-no-waste-ground-coffee\\\/#breadcrumb\"},\"inLanguage\":\"en-US\",\"potentialAction\":[{\"@type\":\"ReadAction\",\"target\":[\"https:\\\/\\\/cafesnovell.com\\\/en\\\/producto\\\/ristretto-no-waste-ground-coffee\\\/\"]}]},{\"@type\":\"ImageObject\",\"inLanguage\":\"en-US\",\"@id\":\"https:\\\/\\\/cafesnovell.com\\\/en\\\/producto\\\/ristretto-no-waste-ground-coffee\\\/#primaryimage\",\"url\":\"https:\\\/\\\/cafesnovell.com\\\/wp-content\\\/uploads\\\/2020\\\/03\\\/zero-waste_film_ristretto_molido.jpg\",\"contentUrl\":\"https:\\\/\\\/cafesnovell.com\\\/wp-content\\\/uploads\\\/2020\\\/03\\\/zero-waste_film_ristretto_molido.jpg\",\"width\":600,\"height\":600},{\"@type\":\"BreadcrumbList\",\"@id\":\"https:\\\/\\\/cafesnovell.com\\\/en\\\/producto\\\/ristretto-no-waste-ground-coffee\\\/#breadcrumb\",\"itemListElement\":[{\"@type\":\"ListItem\",\"position\":1,\"name\":\"Home\",\"item\":\"https:\\\/\\\/cafesnovell.com\\\/en\\\/\"},{\"@type\":\"ListItem\",\"position\":2,\"name\":\"Shop\",\"item\":\"https:\\\/\\\/cafesnovell.com\\\/en\\\/shop\\\/\"},{\"@type\":\"ListItem\",\"position\":3,\"name\":\"Ristretto No Waste Ground Coffee (250 g): 100% organic with 100% compostable packaging\"}]},{\"@type\":\"WebSite\",\"@id\":\"https:\\\/\\\/cafesnovell.com\\\/en\\\/#website\",\"url\":\"https:\\\/\\\/cafesnovell.com\\\/en\\\/\",\"name\":\"Caf\u00e8s Novell\",\"description\":\"Organic Premium Coffee\",\"potentialAction\":[{\"@type\":\"SearchAction\",\"target\":{\"@type\":\"EntryPoint\",\"urlTemplate\":\"https:\\\/\\\/cafesnovell.com\\\/en\\\/?s={search_term_string}\"},\"query-input\":{\"@type\":\"PropertyValueSpecification\",\"valueRequired\":true,\"valueName\":\"search_term_string\"}}],\"inLanguage\":\"en-US\"}]}<\/script>\n<!-- \/ Yoast SEO plugin. -->","yoast_head_json":{"title":"Caf\u00e9 molido Ristretto Residuo 0: 100% org\u00e1nico y compostable","description":"Caf\u00e9 Ristretto org\u00e1nico molido, con envase 100% compostable (bolsa y v\u00e1lvula).\u00a0Recomendado para los amantes del caf\u00e9 m\u00e1s tostado.","robots":{"index":"index","follow":"follow","max-snippet":"max-snippet:-1","max-image-preview":"max-image-preview:large","max-video-preview":"max-video-preview:-1"},"canonical":"https:\/\/cafesnovell.com\/en\/producto\/ristretto-no-waste-ground-coffee\/","og_locale":"en_US","og_type":"article","og_title":"Caf\u00e9 molido Ristretto Residuo 0: 100% org\u00e1nico y compostable","og_description":"Caf\u00e9 Ristretto org\u00e1nico molido, con envase 100% compostable (bolsa y v\u00e1lvula).\u00a0Recomendado para los amantes del caf\u00e9 m\u00e1s tostado.","og_url":"https:\/\/cafesnovell.com\/en\/producto\/ristretto-no-waste-ground-coffee\/","og_site_name":"Caf\u00e8s Novell","article_modified_time":"2020-11-05T16:54:46+00:00","og_image":[{"width":600,"height":600,"url":"https:\/\/cafesnovell.com\/wp-content\/uploads\/2020\/03\/ristretto-molt.jpg","type":"image\/jpeg"}],"twitter_card":"summary_large_image","twitter_misc":{"Est. reading time":"1 minute"},"schema":{"@context":"https:\/\/schema.org","@graph":[{"@type":"WebPage","@id":"https:\/\/cafesnovell.com\/en\/producto\/ristretto-no-waste-ground-coffee\/","url":"https:\/\/cafesnovell.com\/en\/producto\/ristretto-no-waste-ground-coffee\/","name":"Caf\u00e9 molido Ristretto Residuo 0: 100% org\u00e1nico y compostable","isPartOf":{"@id":"https:\/\/cafesnovell.com\/en\/#website"},"primaryImageOfPage":{"@id":"https:\/\/cafesnovell.com\/en\/producto\/ristretto-no-waste-ground-coffee\/#primaryimage"},"image":{"@id":"https:\/\/cafesnovell.com\/en\/producto\/ristretto-no-waste-ground-coffee\/#primaryimage"},"thumbnailUrl":"https:\/\/cafesnovell.com\/wp-content\/uploads\/2020\/03\/zero-waste_film_ristretto_molido.jpg","datePublished":"2020-03-27T14:33:42+00:00","dateModified":"2020-11-05T16:54:46+00:00","description":"Caf\u00e9 Ristretto org\u00e1nico molido, con envase 100% compostable (bolsa y v\u00e1lvula).\u00a0Recomendado para los amantes del caf\u00e9 m\u00e1s tostado.","breadcrumb":{"@id":"https:\/\/cafesnovell.com\/en\/producto\/ristretto-no-waste-ground-coffee\/#breadcrumb"},"inLanguage":"en-US","potentialAction":[{"@type":"ReadAction","target":["https:\/\/cafesnovell.com\/en\/producto\/ristretto-no-waste-ground-coffee\/"]}]},{"@type":"ImageObject","inLanguage":"en-US","@id":"https:\/\/cafesnovell.com\/en\/producto\/ristretto-no-waste-ground-coffee\/#primaryimage","url":"https:\/\/cafesnovell.com\/wp-content\/uploads\/2020\/03\/zero-waste_film_ristretto_molido.jpg","contentUrl":"https:\/\/cafesnovell.com\/wp-content\/uploads\/2020\/03\/zero-waste_film_ristretto_molido.jpg","width":600,"height":600},{"@type":"BreadcrumbList","@id":"https:\/\/cafesnovell.com\/en\/producto\/ristretto-no-waste-ground-coffee\/#breadcrumb","itemListElement":[{"@type":"ListItem","position":1,"name":"Home","item":"https:\/\/cafesnovell.com\/en\/"},{"@type":"ListItem","position":2,"name":"Shop","item":"https:\/\/cafesnovell.com\/en\/shop\/"},{"@type":"ListItem","position":3,"name":"Ristretto No Waste Ground Coffee (250 g): 100% organic with 100% compostable packaging"}]},{"@type":"WebSite","@id":"https:\/\/cafesnovell.com\/en\/#website","url":"https:\/\/cafesnovell.com\/en\/","name":"Caf\u00e8s Novell","description":"Organic Premium Coffee","potentialAction":[{"@type":"SearchAction","target":{"@type":"EntryPoint","urlTemplate":"https:\/\/cafesnovell.com\/en\/?s={search_term_string}"},"query-input":{"@type":"PropertyValueSpecification","valueRequired":true,"valueName":"search_term_string"}}],"inLanguage":"en-US"}]}},"df_price":5.45,"df_sale_price":"","df_regular_price":5.45,"df_image_link":"https:\/\/cafesnovell.com\/wp-content\/uploads\/2020\/03\/zero-waste_film_ristretto_molido-300x300.jpg","_links":{"self":[{"href":"https:\/\/cafesnovell.com\/en\/wp-json\/wp\/v2\/product\/34704","targetHints":{"allow":["GET"]}}],"collection":[{"href":"https:\/\/cafesnovell.com\/en\/wp-json\/wp\/v2\/product"}],"about":[{"href":"https:\/\/cafesnovell.com\/en\/wp-json\/wp\/v2\/types\/product"}],"wp:featuredmedia":[{"embeddable":true,"href":"https:\/\/cafesnovell.com\/en\/wp-json\/wp\/v2\/media\/87989"}],"wp:attachment":[{"href":"https:\/\/cafesnovell.com\/en\/wp-json\/wp\/v2\/media?parent=34704"}],"wp:term":[{"taxonomy":"product_brand","embeddable":true,"href":"https:\/\/cafesnovell.com\/en\/wp-json\/wp\/v2\/product_brand?post=34704"},{"taxonomy":"product_cat","embeddable":true,"href":"https:\/\/cafesnovell.com\/en\/wp-json\/wp\/v2\/product_cat?post=34704"},{"taxonomy":"product_tag","embeddable":true,"href":"https:\/\/cafesnovell.com\/en\/wp-json\/wp\/v2\/product_tag?post=34704"}],"curies":[{"name":"wp","href":"https:\/\/api.w.org\/{rel}","templated":true}]}}