{"id":34663,"date":"2020-03-27T13:34:16","date_gmt":"2020-03-27T12:34:16","guid":{"rendered":"https:\/\/cafesnovell.com\/?post_type=product&#038;p=34663"},"modified":"2020-11-05T18:26:36","modified_gmt":"2020-11-05T17:26:36","slug":"cremoso-no-waste-coffee-beans","status":"publish","type":"product","link":"https:\/\/cafesnovell.com\/en\/producto\/cremoso-no-waste-coffee-beans\/","title":{"rendered":"Cremoso No Waste Coffee Beans (250 g): 100% organic with 100% compostable packaging"},"content":{"rendered":"<p><span class=\"bold-product\">Main properties:<\/span><br \/>\nOrganic natural coffee beans, with a 100% compostable packaging.<br \/>\nIT MUST BE DISPOSED OF with organic waste.<\/p>\n<p><span class=\"bold-product\">Consumer recommendations:<\/span><br \/>\nA great coffee to kick start the day. Especially recommendable for drinking with milk. Designed for grinding at home and perfect for all types of coffee preparations: Espresso, Moka, Chemex, V60, etc.<\/p>\n<p><span class=\"bold-product\">Origin and characteristics:<\/span><br \/>\nThe Cremoso variety has a composition of intensity and persistent creaminess until the last sip. An espresso full of caffeine, vigor, strength and energy, with aromas of cedar and chamomile and notes of toasted bread, peanuts and liquorice.<\/p>\n<p><span class=\"bold-product\">Format:<\/span><br \/>\nContains 250 g of organic coffee beans, in a compostable pack complying with EN13432<br \/>\nAvailable in <a href=\"https:\/\/cafesnovell.com\/en\/eshop\/coffee\/ground\/cremoso-no-waste-ground-coffee\/\">ground coffee<\/a> format (CLICK to see more)<\/p>\n","protected":false},"excerpt":{"rendered":"<p>Organic natural coffee beans, with a 100% compostable packaging.<\/p>\n<p>The Cremoso variety has a composition of intensity and persistent creaminess until the last sip. An espresso full of caffeine, vigor, strength and energy, with aromas of cedar and chamomile and notes of toasted bread, peanuts and liquorice.<\/p>\n<p>A great coffee to kick start the day. Especially recommendable for drinking with milk.<\/p>\n<p>Available in ground coffee and beans format.<\/p>\n","protected":false},"featured_media":87961,"template":"","meta":{"_acf_changed":false,"content-type":""},"product_brand":[],"product_cat":[174,173,2561,2564],"product_tag":[],"class_list":{"0":"post-34663","1":"product","2":"type-product","3":"status-publish","4":"has-post-thumbnail","6":"product_cat-beans","7":"product_cat-coffee","8":"product_cat-novell-go-coffee-beans","9":"product_cat-organic-products","11":"first","12":"instock","13":"taxable","14":"shipping-taxable","15":"purchasable","16":"product-type-simple"},"bundled_by":[],"bundle_stock_status":"instock","bundle_stock_quantity":null,"bundle_virtual":false,"bundle_layout":"","bundle_add_to_cart_form_location":"","bundle_editable_in_cart":false,"bundle_sold_individually_context":"","bundle_item_grouping":"","bundle_min_size":"","bundle_max_size":"","bundle_price":[],"bundled_items":[],"bundle_sell_ids":[],"acf":[],"yoast_head":"<!-- This site is optimized with the Yoast SEO plugin v27.3 - https:\/\/yoast.com\/product\/yoast-seo-wordpress\/ -->\n<title>Caf\u00e9 en grano Cremoso Residuo 0: 100% org\u00e1nico y compostable<\/title>\n<meta name=\"description\" content=\"Caf\u00e9 Cremoso org\u00e1nico en grano, con envase 100% compostable (bolsa y v\u00e1lvula).\u00a0Para los que quieran empezar el d\u00eda con un buen caf\u00e9 con leche.\" \/>\n<meta name=\"robots\" content=\"index, follow, max-snippet:-1, max-image-preview:large, max-video-preview:-1\" \/>\n<link rel=\"canonical\" href=\"https:\/\/cafesnovell.com\/en\/producto\/cremoso-no-waste-coffee-beans\/\" \/>\n<meta property=\"og:locale\" content=\"en_US\" \/>\n<meta property=\"og:type\" content=\"article\" \/>\n<meta property=\"og:title\" content=\"Caf\u00e9 en grano Cremoso Residuo 0: 100% org\u00e1nico y compostable\" \/>\n<meta property=\"og:description\" content=\"Caf\u00e9 Cremoso org\u00e1nico en grano, con envase 100% compostable (bolsa y v\u00e1lvula).\u00a0Para los que quieran empezar el d\u00eda con un buen caf\u00e9 con leche.\" \/>\n<meta property=\"og:url\" content=\"https:\/\/cafesnovell.com\/en\/producto\/cremoso-no-waste-coffee-beans\/\" \/>\n<meta property=\"og:site_name\" content=\"Caf\u00e8s Novell\" \/>\n<meta property=\"article:modified_time\" content=\"2020-11-05T17:26:36+00:00\" \/>\n<meta property=\"og:image\" content=\"https:\/\/cafesnovell.com\/wp-content\/uploads\/2020\/03\/0272.jpg\" \/>\n\t<meta property=\"og:image:width\" content=\"600\" \/>\n\t<meta property=\"og:image:height\" content=\"600\" \/>\n\t<meta property=\"og:image:type\" content=\"image\/jpeg\" \/>\n<meta name=\"twitter:card\" content=\"summary_large_image\" \/>\n<meta name=\"twitter:label1\" content=\"Est. reading time\" \/>\n\t<meta name=\"twitter:data1\" content=\"1 minute\" \/>\n<script type=\"application\/ld+json\" class=\"yoast-schema-graph\">{\"@context\":\"https:\\\/\\\/schema.org\",\"@graph\":[{\"@type\":\"WebPage\",\"@id\":\"https:\\\/\\\/cafesnovell.com\\\/en\\\/producto\\\/cremoso-no-waste-coffee-beans\\\/\",\"url\":\"https:\\\/\\\/cafesnovell.com\\\/en\\\/producto\\\/cremoso-no-waste-coffee-beans\\\/\",\"name\":\"Caf\u00e9 en grano Cremoso Residuo 0: 100% org\u00e1nico y compostable\",\"isPartOf\":{\"@id\":\"https:\\\/\\\/cafesnovell.com\\\/en\\\/#website\"},\"primaryImageOfPage\":{\"@id\":\"https:\\\/\\\/cafesnovell.com\\\/en\\\/producto\\\/cremoso-no-waste-coffee-beans\\\/#primaryimage\"},\"image\":{\"@id\":\"https:\\\/\\\/cafesnovell.com\\\/en\\\/producto\\\/cremoso-no-waste-coffee-beans\\\/#primaryimage\"},\"thumbnailUrl\":\"https:\\\/\\\/cafesnovell.com\\\/wp-content\\\/uploads\\\/2020\\\/03\\\/zero-waste_film_cremoso_grano.jpg\",\"datePublished\":\"2020-03-27T12:34:16+00:00\",\"dateModified\":\"2020-11-05T17:26:36+00:00\",\"description\":\"Caf\u00e9 Cremoso org\u00e1nico en grano, con envase 100% compostable (bolsa y v\u00e1lvula).\u00a0Para los que quieran empezar el d\u00eda con un buen caf\u00e9 con leche.\",\"breadcrumb\":{\"@id\":\"https:\\\/\\\/cafesnovell.com\\\/en\\\/producto\\\/cremoso-no-waste-coffee-beans\\\/#breadcrumb\"},\"inLanguage\":\"en-US\",\"potentialAction\":[{\"@type\":\"ReadAction\",\"target\":[\"https:\\\/\\\/cafesnovell.com\\\/en\\\/producto\\\/cremoso-no-waste-coffee-beans\\\/\"]}]},{\"@type\":\"ImageObject\",\"inLanguage\":\"en-US\",\"@id\":\"https:\\\/\\\/cafesnovell.com\\\/en\\\/producto\\\/cremoso-no-waste-coffee-beans\\\/#primaryimage\",\"url\":\"https:\\\/\\\/cafesnovell.com\\\/wp-content\\\/uploads\\\/2020\\\/03\\\/zero-waste_film_cremoso_grano.jpg\",\"contentUrl\":\"https:\\\/\\\/cafesnovell.com\\\/wp-content\\\/uploads\\\/2020\\\/03\\\/zero-waste_film_cremoso_grano.jpg\",\"width\":600,\"height\":600},{\"@type\":\"BreadcrumbList\",\"@id\":\"https:\\\/\\\/cafesnovell.com\\\/en\\\/producto\\\/cremoso-no-waste-coffee-beans\\\/#breadcrumb\",\"itemListElement\":[{\"@type\":\"ListItem\",\"position\":1,\"name\":\"Home\",\"item\":\"https:\\\/\\\/cafesnovell.com\\\/en\\\/\"},{\"@type\":\"ListItem\",\"position\":2,\"name\":\"Shop\",\"item\":\"https:\\\/\\\/cafesnovell.com\\\/en\\\/shop\\\/\"},{\"@type\":\"ListItem\",\"position\":3,\"name\":\"Cremoso No Waste Coffee Beans (250 g): 100% organic with 100% compostable packaging\"}]},{\"@type\":\"WebSite\",\"@id\":\"https:\\\/\\\/cafesnovell.com\\\/en\\\/#website\",\"url\":\"https:\\\/\\\/cafesnovell.com\\\/en\\\/\",\"name\":\"Caf\u00e8s Novell\",\"description\":\"Organic Premium Coffee\",\"potentialAction\":[{\"@type\":\"SearchAction\",\"target\":{\"@type\":\"EntryPoint\",\"urlTemplate\":\"https:\\\/\\\/cafesnovell.com\\\/en\\\/?s={search_term_string}\"},\"query-input\":{\"@type\":\"PropertyValueSpecification\",\"valueRequired\":true,\"valueName\":\"search_term_string\"}}],\"inLanguage\":\"en-US\"}]}<\/script>\n<!-- \/ Yoast SEO plugin. -->","yoast_head_json":{"title":"Caf\u00e9 en grano Cremoso Residuo 0: 100% org\u00e1nico y compostable","description":"Caf\u00e9 Cremoso org\u00e1nico en grano, con envase 100% compostable (bolsa y v\u00e1lvula).\u00a0Para los que quieran empezar el d\u00eda con un buen caf\u00e9 con leche.","robots":{"index":"index","follow":"follow","max-snippet":"max-snippet:-1","max-image-preview":"max-image-preview:large","max-video-preview":"max-video-preview:-1"},"canonical":"https:\/\/cafesnovell.com\/en\/producto\/cremoso-no-waste-coffee-beans\/","og_locale":"en_US","og_type":"article","og_title":"Caf\u00e9 en grano Cremoso Residuo 0: 100% org\u00e1nico y compostable","og_description":"Caf\u00e9 Cremoso org\u00e1nico en grano, con envase 100% compostable (bolsa y v\u00e1lvula).\u00a0Para los que quieran empezar el d\u00eda con un buen caf\u00e9 con leche.","og_url":"https:\/\/cafesnovell.com\/en\/producto\/cremoso-no-waste-coffee-beans\/","og_site_name":"Caf\u00e8s Novell","article_modified_time":"2020-11-05T17:26:36+00:00","og_image":[{"width":600,"height":600,"url":"https:\/\/cafesnovell.com\/wp-content\/uploads\/2020\/03\/0272.jpg","type":"image\/jpeg"}],"twitter_card":"summary_large_image","twitter_misc":{"Est. reading time":"1 minute"},"schema":{"@context":"https:\/\/schema.org","@graph":[{"@type":"WebPage","@id":"https:\/\/cafesnovell.com\/en\/producto\/cremoso-no-waste-coffee-beans\/","url":"https:\/\/cafesnovell.com\/en\/producto\/cremoso-no-waste-coffee-beans\/","name":"Caf\u00e9 en grano Cremoso Residuo 0: 100% org\u00e1nico y compostable","isPartOf":{"@id":"https:\/\/cafesnovell.com\/en\/#website"},"primaryImageOfPage":{"@id":"https:\/\/cafesnovell.com\/en\/producto\/cremoso-no-waste-coffee-beans\/#primaryimage"},"image":{"@id":"https:\/\/cafesnovell.com\/en\/producto\/cremoso-no-waste-coffee-beans\/#primaryimage"},"thumbnailUrl":"https:\/\/cafesnovell.com\/wp-content\/uploads\/2020\/03\/zero-waste_film_cremoso_grano.jpg","datePublished":"2020-03-27T12:34:16+00:00","dateModified":"2020-11-05T17:26:36+00:00","description":"Caf\u00e9 Cremoso org\u00e1nico en grano, con envase 100% compostable (bolsa y v\u00e1lvula).\u00a0Para los que quieran empezar el d\u00eda con un buen caf\u00e9 con leche.","breadcrumb":{"@id":"https:\/\/cafesnovell.com\/en\/producto\/cremoso-no-waste-coffee-beans\/#breadcrumb"},"inLanguage":"en-US","potentialAction":[{"@type":"ReadAction","target":["https:\/\/cafesnovell.com\/en\/producto\/cremoso-no-waste-coffee-beans\/"]}]},{"@type":"ImageObject","inLanguage":"en-US","@id":"https:\/\/cafesnovell.com\/en\/producto\/cremoso-no-waste-coffee-beans\/#primaryimage","url":"https:\/\/cafesnovell.com\/wp-content\/uploads\/2020\/03\/zero-waste_film_cremoso_grano.jpg","contentUrl":"https:\/\/cafesnovell.com\/wp-content\/uploads\/2020\/03\/zero-waste_film_cremoso_grano.jpg","width":600,"height":600},{"@type":"BreadcrumbList","@id":"https:\/\/cafesnovell.com\/en\/producto\/cremoso-no-waste-coffee-beans\/#breadcrumb","itemListElement":[{"@type":"ListItem","position":1,"name":"Home","item":"https:\/\/cafesnovell.com\/en\/"},{"@type":"ListItem","position":2,"name":"Shop","item":"https:\/\/cafesnovell.com\/en\/shop\/"},{"@type":"ListItem","position":3,"name":"Cremoso No Waste Coffee Beans (250 g): 100% organic with 100% compostable packaging"}]},{"@type":"WebSite","@id":"https:\/\/cafesnovell.com\/en\/#website","url":"https:\/\/cafesnovell.com\/en\/","name":"Caf\u00e8s Novell","description":"Organic Premium Coffee","potentialAction":[{"@type":"SearchAction","target":{"@type":"EntryPoint","urlTemplate":"https:\/\/cafesnovell.com\/en\/?s={search_term_string}"},"query-input":{"@type":"PropertyValueSpecification","valueRequired":true,"valueName":"search_term_string"}}],"inLanguage":"en-US"}]}},"df_price":5.55,"df_sale_price":"","df_regular_price":5.55,"df_image_link":"https:\/\/cafesnovell.com\/wp-content\/uploads\/2020\/03\/zero-waste_film_cremoso_grano-300x300.jpg","_links":{"self":[{"href":"https:\/\/cafesnovell.com\/en\/wp-json\/wp\/v2\/product\/34663","targetHints":{"allow":["GET"]}}],"collection":[{"href":"https:\/\/cafesnovell.com\/en\/wp-json\/wp\/v2\/product"}],"about":[{"href":"https:\/\/cafesnovell.com\/en\/wp-json\/wp\/v2\/types\/product"}],"wp:featuredmedia":[{"embeddable":true,"href":"https:\/\/cafesnovell.com\/en\/wp-json\/wp\/v2\/media\/87961"}],"wp:attachment":[{"href":"https:\/\/cafesnovell.com\/en\/wp-json\/wp\/v2\/media?parent=34663"}],"wp:term":[{"taxonomy":"product_brand","embeddable":true,"href":"https:\/\/cafesnovell.com\/en\/wp-json\/wp\/v2\/product_brand?post=34663"},{"taxonomy":"product_cat","embeddable":true,"href":"https:\/\/cafesnovell.com\/en\/wp-json\/wp\/v2\/product_cat?post=34663"},{"taxonomy":"product_tag","embeddable":true,"href":"https:\/\/cafesnovell.com\/en\/wp-json\/wp\/v2\/product_tag?post=34663"}],"curies":[{"name":"wp","href":"https:\/\/api.w.org\/{rel}","templated":true}]}}