{"id":128385,"date":"2024-01-10T12:24:27","date_gmt":"2024-01-10T11:24:27","guid":{"rendered":"https:\/\/cafesnovell.com\/producto\/light-roast\/"},"modified":"2026-04-02T09:27:40","modified_gmt":"2026-04-02T07:27:40","slug":"light-roast","status":"publish","type":"product","link":"https:\/\/cafesnovell.com\/en\/producto\/light-roast\/","title":{"rendered":"Light Roast (500g)"},"content":{"rendered":"","protected":false},"excerpt":{"rendered":"","protected":false},"featured_media":86209,"template":"","meta":{"_acf_changed":false,"content-type":""},"product_brand":[],"product_cat":[174,173,2561,2564],"product_tag":[],"class_list":{"0":"post-128385","1":"product","2":"type-product","3":"status-publish","4":"has-post-thumbnail","6":"product_cat-beans","7":"product_cat-coffee","8":"product_cat-novell-go-coffee-beans","9":"product_cat-organic-products","11":"first","12":"instock","13":"featured","14":"taxable","15":"shipping-taxable","16":"purchasable","17":"product-type-simple"},"bundled_by":["96655"],"bundle_stock_status":"instock","bundle_stock_quantity":null,"bundle_virtual":false,"bundle_layout":"","bundle_add_to_cart_form_location":"","bundle_editable_in_cart":false,"bundle_sold_individually_context":"","bundle_item_grouping":"","bundle_min_size":"","bundle_max_size":"","bundle_price":[],"bundled_items":[],"bundle_sell_ids":[],"acf":[],"yoast_head":"<!-- This site is optimized with the Yoast SEO plugin v27.3 - https:\/\/yoast.com\/product\/yoast-seo-wordpress\/ -->\n<title>Light Roast (500g) - Caf\u00e8s Novell<\/title>\n<meta name=\"description\" content=\"En el distrito Cajamarca, en el norte del Per\u00fa, compramos este caf\u00e9 ar\u00e1bica lavado certificado org\u00e1nico, cultivado a casi 2.000 m de altura. Se trata de un caf\u00e9 suave, equilibrado, y con mucha alma, cultivado en una zona remota por la comunidad local, organizada como cooperativa que se sustenta principalmente de la exportaci\u00f3n\u00a0del caf\u00e9.En este blend lo combinamos con un caf\u00e9 natural, tambi\u00e9n certificado org\u00e1nico, de la zona de Sidamo, en el sur de Etiop\u00eda, donde se siguen las pr\u00e1cticas ancestrales de generaciones dedicadas al cultivo de caf\u00e9, y secado en las t\u00edpicas camas africanas.\" \/>\n<meta name=\"robots\" content=\"index, follow, max-snippet:-1, max-image-preview:large, max-video-preview:-1\" \/>\n<link rel=\"canonical\" href=\"https:\/\/cafesnovell.com\/en\/producto\/light-roast\/\" \/>\n<meta property=\"og:locale\" content=\"en_US\" \/>\n<meta property=\"og:type\" content=\"article\" \/>\n<meta property=\"og:title\" content=\"Light Roast (500g) - Caf\u00e8s Novell\" \/>\n<meta property=\"og:description\" content=\"En el distrito Cajamarca, en el norte del Per\u00fa, compramos este caf\u00e9 ar\u00e1bica lavado certificado org\u00e1nico, cultivado a casi 2.000 m de altura. Se trata de un caf\u00e9 suave, equilibrado, y con mucha alma, cultivado en una zona remota por la comunidad local, organizada como cooperativa que se sustenta principalmente de la exportaci\u00f3n\u00a0del caf\u00e9.En este blend lo combinamos con un caf\u00e9 natural, tambi\u00e9n certificado org\u00e1nico, de la zona de Sidamo, en el sur de Etiop\u00eda, donde se siguen las pr\u00e1cticas ancestrales de generaciones dedicadas al cultivo de caf\u00e9, y secado en las t\u00edpicas camas africanas.\" \/>\n<meta property=\"og:url\" content=\"https:\/\/cafesnovell.com\/en\/producto\/light-roast\/\" \/>\n<meta property=\"og:site_name\" content=\"Caf\u00e8s Novell\" \/>\n<meta property=\"article:modified_time\" content=\"2026-04-02T07:27:40+00:00\" \/>\n<meta property=\"og:image\" content=\"https:\/\/cafesnovell.com\/wp-content\/uploads\/2024\/01\/light-roast-atelier.jpg\" \/>\n\t<meta property=\"og:image:width\" content=\"600\" \/>\n\t<meta property=\"og:image:height\" content=\"600\" \/>\n\t<meta property=\"og:image:type\" content=\"image\/jpeg\" \/>\n<meta name=\"twitter:card\" content=\"summary_large_image\" \/>\n<meta name=\"twitter:label1\" content=\"Est. reading time\" \/>\n\t<meta name=\"twitter:data1\" content=\"1 minute\" \/>\n<script type=\"application\/ld+json\" class=\"yoast-schema-graph\">{\"@context\":\"https:\\\/\\\/schema.org\",\"@graph\":[{\"@type\":\"WebPage\",\"@id\":\"https:\\\/\\\/cafesnovell.com\\\/en\\\/producto\\\/light-roast\\\/\",\"url\":\"https:\\\/\\\/cafesnovell.com\\\/en\\\/producto\\\/light-roast\\\/\",\"name\":\"Light Roast (500g) - Caf\u00e8s Novell\",\"isPartOf\":{\"@id\":\"https:\\\/\\\/cafesnovell.com\\\/en\\\/#website\"},\"primaryImageOfPage\":{\"@id\":\"https:\\\/\\\/cafesnovell.com\\\/en\\\/producto\\\/light-roast\\\/#primaryimage\"},\"image\":{\"@id\":\"https:\\\/\\\/cafesnovell.com\\\/en\\\/producto\\\/light-roast\\\/#primaryimage\"},\"thumbnailUrl\":\"https:\\\/\\\/cafesnovell.com\\\/wp-content\\\/uploads\\\/2024\\\/01\\\/light-roast-atelier.jpg\",\"datePublished\":\"2024-01-10T11:24:27+00:00\",\"dateModified\":\"2026-04-02T07:27:40+00:00\",\"description\":\"En el distrito Cajamarca, en el norte del Per\u00fa, compramos este caf\u00e9 ar\u00e1bica lavado certificado org\u00e1nico, cultivado a casi 2.000 m de altura. Se trata de un caf\u00e9 suave, equilibrado, y con mucha alma, cultivado en una zona remota por la comunidad local, organizada como cooperativa que se sustenta principalmente de la exportaci\u00f3n\u00a0del caf\u00e9.En este blend lo combinamos con un caf\u00e9 natural, tambi\u00e9n certificado org\u00e1nico, de la zona de Sidamo, en el sur de Etiop\u00eda, donde se siguen las pr\u00e1cticas ancestrales de generaciones dedicadas al cultivo de caf\u00e9, y secado en las t\u00edpicas camas africanas.\",\"breadcrumb\":{\"@id\":\"https:\\\/\\\/cafesnovell.com\\\/en\\\/producto\\\/light-roast\\\/#breadcrumb\"},\"inLanguage\":\"en-US\",\"potentialAction\":[{\"@type\":\"ReadAction\",\"target\":[\"https:\\\/\\\/cafesnovell.com\\\/en\\\/producto\\\/light-roast\\\/\"]}]},{\"@type\":\"ImageObject\",\"inLanguage\":\"en-US\",\"@id\":\"https:\\\/\\\/cafesnovell.com\\\/en\\\/producto\\\/light-roast\\\/#primaryimage\",\"url\":\"https:\\\/\\\/cafesnovell.com\\\/wp-content\\\/uploads\\\/2024\\\/01\\\/light-roast-atelier.jpg\",\"contentUrl\":\"https:\\\/\\\/cafesnovell.com\\\/wp-content\\\/uploads\\\/2024\\\/01\\\/light-roast-atelier.jpg\",\"width\":600,\"height\":600},{\"@type\":\"BreadcrumbList\",\"@id\":\"https:\\\/\\\/cafesnovell.com\\\/en\\\/producto\\\/light-roast\\\/#breadcrumb\",\"itemListElement\":[{\"@type\":\"ListItem\",\"position\":1,\"name\":\"Home\",\"item\":\"https:\\\/\\\/cafesnovell.com\\\/en\\\/\"},{\"@type\":\"ListItem\",\"position\":2,\"name\":\"Shop\",\"item\":\"https:\\\/\\\/cafesnovell.com\\\/en\\\/shop\\\/\"},{\"@type\":\"ListItem\",\"position\":3,\"name\":\"Light Roast (500g)\"}]},{\"@type\":\"WebSite\",\"@id\":\"https:\\\/\\\/cafesnovell.com\\\/en\\\/#website\",\"url\":\"https:\\\/\\\/cafesnovell.com\\\/en\\\/\",\"name\":\"Caf\u00e8s Novell\",\"description\":\"Organic Premium Coffee\",\"potentialAction\":[{\"@type\":\"SearchAction\",\"target\":{\"@type\":\"EntryPoint\",\"urlTemplate\":\"https:\\\/\\\/cafesnovell.com\\\/en\\\/?s={search_term_string}\"},\"query-input\":{\"@type\":\"PropertyValueSpecification\",\"valueRequired\":true,\"valueName\":\"search_term_string\"}}],\"inLanguage\":\"en-US\"}]}<\/script>\n<!-- \/ Yoast SEO plugin. -->","yoast_head_json":{"title":"Light Roast (500g) - Caf\u00e8s Novell","description":"En el distrito Cajamarca, en el norte del Per\u00fa, compramos este caf\u00e9 ar\u00e1bica lavado certificado org\u00e1nico, cultivado a casi 2.000 m de altura. Se trata de un caf\u00e9 suave, equilibrado, y con mucha alma, cultivado en una zona remota por la comunidad local, organizada como cooperativa que se sustenta principalmente de la exportaci\u00f3n\u00a0del caf\u00e9.En este blend lo combinamos con un caf\u00e9 natural, tambi\u00e9n certificado org\u00e1nico, de la zona de Sidamo, en el sur de Etiop\u00eda, donde se siguen las pr\u00e1cticas ancestrales de generaciones dedicadas al cultivo de caf\u00e9, y secado en las t\u00edpicas camas africanas.","robots":{"index":"index","follow":"follow","max-snippet":"max-snippet:-1","max-image-preview":"max-image-preview:large","max-video-preview":"max-video-preview:-1"},"canonical":"https:\/\/cafesnovell.com\/en\/producto\/light-roast\/","og_locale":"en_US","og_type":"article","og_title":"Light Roast (500g) - Caf\u00e8s Novell","og_description":"En el distrito Cajamarca, en el norte del Per\u00fa, compramos este caf\u00e9 ar\u00e1bica lavado certificado org\u00e1nico, cultivado a casi 2.000 m de altura. Se trata de un caf\u00e9 suave, equilibrado, y con mucha alma, cultivado en una zona remota por la comunidad local, organizada como cooperativa que se sustenta principalmente de la exportaci\u00f3n\u00a0del caf\u00e9.En este blend lo combinamos con un caf\u00e9 natural, tambi\u00e9n certificado org\u00e1nico, de la zona de Sidamo, en el sur de Etiop\u00eda, donde se siguen las pr\u00e1cticas ancestrales de generaciones dedicadas al cultivo de caf\u00e9, y secado en las t\u00edpicas camas africanas.","og_url":"https:\/\/cafesnovell.com\/en\/producto\/light-roast\/","og_site_name":"Caf\u00e8s Novell","article_modified_time":"2026-04-02T07:27:40+00:00","og_image":[{"width":600,"height":600,"url":"https:\/\/cafesnovell.com\/wp-content\/uploads\/2024\/01\/light-roast-atelier.jpg","type":"image\/jpeg"}],"twitter_card":"summary_large_image","twitter_misc":{"Est. reading time":"1 minute"},"schema":{"@context":"https:\/\/schema.org","@graph":[{"@type":"WebPage","@id":"https:\/\/cafesnovell.com\/en\/producto\/light-roast\/","url":"https:\/\/cafesnovell.com\/en\/producto\/light-roast\/","name":"Light Roast (500g) - Caf\u00e8s Novell","isPartOf":{"@id":"https:\/\/cafesnovell.com\/en\/#website"},"primaryImageOfPage":{"@id":"https:\/\/cafesnovell.com\/en\/producto\/light-roast\/#primaryimage"},"image":{"@id":"https:\/\/cafesnovell.com\/en\/producto\/light-roast\/#primaryimage"},"thumbnailUrl":"https:\/\/cafesnovell.com\/wp-content\/uploads\/2024\/01\/light-roast-atelier.jpg","datePublished":"2024-01-10T11:24:27+00:00","dateModified":"2026-04-02T07:27:40+00:00","description":"En el distrito Cajamarca, en el norte del Per\u00fa, compramos este caf\u00e9 ar\u00e1bica lavado certificado org\u00e1nico, cultivado a casi 2.000 m de altura. Se trata de un caf\u00e9 suave, equilibrado, y con mucha alma, cultivado en una zona remota por la comunidad local, organizada como cooperativa que se sustenta principalmente de la exportaci\u00f3n\u00a0del caf\u00e9.En este blend lo combinamos con un caf\u00e9 natural, tambi\u00e9n certificado org\u00e1nico, de la zona de Sidamo, en el sur de Etiop\u00eda, donde se siguen las pr\u00e1cticas ancestrales de generaciones dedicadas al cultivo de caf\u00e9, y secado en las t\u00edpicas camas africanas.","breadcrumb":{"@id":"https:\/\/cafesnovell.com\/en\/producto\/light-roast\/#breadcrumb"},"inLanguage":"en-US","potentialAction":[{"@type":"ReadAction","target":["https:\/\/cafesnovell.com\/en\/producto\/light-roast\/"]}]},{"@type":"ImageObject","inLanguage":"en-US","@id":"https:\/\/cafesnovell.com\/en\/producto\/light-roast\/#primaryimage","url":"https:\/\/cafesnovell.com\/wp-content\/uploads\/2024\/01\/light-roast-atelier.jpg","contentUrl":"https:\/\/cafesnovell.com\/wp-content\/uploads\/2024\/01\/light-roast-atelier.jpg","width":600,"height":600},{"@type":"BreadcrumbList","@id":"https:\/\/cafesnovell.com\/en\/producto\/light-roast\/#breadcrumb","itemListElement":[{"@type":"ListItem","position":1,"name":"Home","item":"https:\/\/cafesnovell.com\/en\/"},{"@type":"ListItem","position":2,"name":"Shop","item":"https:\/\/cafesnovell.com\/en\/shop\/"},{"@type":"ListItem","position":3,"name":"Light Roast (500g)"}]},{"@type":"WebSite","@id":"https:\/\/cafesnovell.com\/en\/#website","url":"https:\/\/cafesnovell.com\/en\/","name":"Caf\u00e8s Novell","description":"Organic Premium Coffee","potentialAction":[{"@type":"SearchAction","target":{"@type":"EntryPoint","urlTemplate":"https:\/\/cafesnovell.com\/en\/?s={search_term_string}"},"query-input":{"@type":"PropertyValueSpecification","valueRequired":true,"valueName":"search_term_string"}}],"inLanguage":"en-US"}]}},"df_price":10.95,"df_sale_price":"","df_regular_price":10.95,"df_image_link":"https:\/\/cafesnovell.com\/wp-content\/uploads\/2024\/01\/light-roast-atelier-300x300.jpg","_links":{"self":[{"href":"https:\/\/cafesnovell.com\/en\/wp-json\/wp\/v2\/product\/128385","targetHints":{"allow":["GET"]}}],"collection":[{"href":"https:\/\/cafesnovell.com\/en\/wp-json\/wp\/v2\/product"}],"about":[{"href":"https:\/\/cafesnovell.com\/en\/wp-json\/wp\/v2\/types\/product"}],"wp:featuredmedia":[{"embeddable":true,"href":"https:\/\/cafesnovell.com\/en\/wp-json\/wp\/v2\/media\/86209"}],"wp:attachment":[{"href":"https:\/\/cafesnovell.com\/en\/wp-json\/wp\/v2\/media?parent=128385"}],"wp:term":[{"taxonomy":"product_brand","embeddable":true,"href":"https:\/\/cafesnovell.com\/en\/wp-json\/wp\/v2\/product_brand?post=128385"},{"taxonomy":"product_cat","embeddable":true,"href":"https:\/\/cafesnovell.com\/en\/wp-json\/wp\/v2\/product_cat?post=128385"},{"taxonomy":"product_tag","embeddable":true,"href":"https:\/\/cafesnovell.com\/en\/wp-json\/wp\/v2\/product_tag?post=128385"}],"curies":[{"name":"wp","href":"https:\/\/api.w.org\/{rel}","templated":true}]}}