{"id":128383,"date":"2024-01-10T15:18:05","date_gmt":"2024-01-10T14:18:05","guid":{"rendered":"https:\/\/cafesnovell.com\/producto\/colombia\/"},"modified":"2026-04-02T09:16:57","modified_gmt":"2026-04-02T07:16:57","slug":"colombia","status":"publish","type":"product","link":"https:\/\/cafesnovell.com\/en\/producto\/colombia\/","title":{"rendered":"Colombia (500g)"},"content":{"rendered":"","protected":false},"excerpt":{"rendered":"","protected":false},"featured_media":86201,"template":"","meta":{"_acf_changed":false,"content-type":""},"product_brand":[],"product_cat":[174,173,2561],"product_tag":[],"class_list":{"0":"post-128383","1":"product","2":"type-product","3":"status-publish","4":"has-post-thumbnail","6":"product_cat-beans","7":"product_cat-coffee","8":"product_cat-novell-go-coffee-beans","10":"first","11":"instock","12":"featured","13":"taxable","14":"shipping-taxable","15":"purchasable","16":"product-type-simple"},"bundled_by":["96658","96649"],"bundle_stock_status":"instock","bundle_stock_quantity":null,"bundle_virtual":false,"bundle_layout":"","bundle_add_to_cart_form_location":"","bundle_editable_in_cart":false,"bundle_sold_individually_context":"","bundle_item_grouping":"","bundle_min_size":"","bundle_max_size":"","bundle_price":[],"bundled_items":[],"bundle_sell_ids":[],"acf":[],"yoast_head":"<!-- This site is optimized with the Yoast SEO plugin v27.3 - https:\/\/yoast.com\/product\/yoast-seo-wordpress\/ -->\n<title>Colombia (500g) - Caf\u00e8s Novell<\/title>\n<meta name=\"description\" content=\"La Finca La Guamera se encuentra en Villamar\u00eda, en el Departamento de Caldas, en el centro del famoso eje cafetero m\u00e1s importante de Colombia. En la zona de Caldas, la variedad predominante de cafeto es Caturra.Desde hace m\u00e1s de 35 a\u00f1os, la familia Mu\u00f1oz la gestiona bajo la Compa\u00f1\u00eda Cafetera La Meseta S.A., y produce caf\u00e9s suaves de calidad, matizados con los ricos sabores y aromas que aportan las monta\u00f1as colombianas.La familia da especial importancia al desarrollo personal y bienestar de las personas que trabajan en su comunidad. Adem\u00e1s de contar con certificaciones oficiales de cultivo responsable, tambi\u00e9n ofrecen capacitaciones a todos sus colaboradores y empleados en relaci\u00f3n a la gesti\u00f3n de cultivos, el uso seguro de agroqu\u00edmicos y el cultivo adecuado de los alimentos.\" \/>\n<meta name=\"robots\" content=\"index, follow, max-snippet:-1, max-image-preview:large, max-video-preview:-1\" \/>\n<link rel=\"canonical\" href=\"https:\/\/cafesnovell.com\/en\/producto\/colombia\/\" \/>\n<meta property=\"og:locale\" content=\"en_US\" \/>\n<meta property=\"og:type\" content=\"article\" \/>\n<meta property=\"og:title\" content=\"Colombia (500g) - Caf\u00e8s Novell\" \/>\n<meta property=\"og:description\" content=\"La Finca La Guamera se encuentra en Villamar\u00eda, en el Departamento de Caldas, en el centro del famoso eje cafetero m\u00e1s importante de Colombia. En la zona de Caldas, la variedad predominante de cafeto es Caturra.Desde hace m\u00e1s de 35 a\u00f1os, la familia Mu\u00f1oz la gestiona bajo la Compa\u00f1\u00eda Cafetera La Meseta S.A., y produce caf\u00e9s suaves de calidad, matizados con los ricos sabores y aromas que aportan las monta\u00f1as colombianas.La familia da especial importancia al desarrollo personal y bienestar de las personas que trabajan en su comunidad. Adem\u00e1s de contar con certificaciones oficiales de cultivo responsable, tambi\u00e9n ofrecen capacitaciones a todos sus colaboradores y empleados en relaci\u00f3n a la gesti\u00f3n de cultivos, el uso seguro de agroqu\u00edmicos y el cultivo adecuado de los alimentos.\" \/>\n<meta property=\"og:url\" content=\"https:\/\/cafesnovell.com\/en\/producto\/colombia\/\" \/>\n<meta property=\"og:site_name\" content=\"Caf\u00e8s Novell\" \/>\n<meta property=\"article:modified_time\" content=\"2026-04-02T07:16:57+00:00\" \/>\n<meta property=\"og:image\" content=\"https:\/\/cafesnovell.com\/wp-content\/uploads\/2024\/01\/colmbia-atelier.jpg\" \/>\n\t<meta property=\"og:image:width\" content=\"600\" \/>\n\t<meta property=\"og:image:height\" content=\"600\" \/>\n\t<meta property=\"og:image:type\" content=\"image\/jpeg\" \/>\n<meta name=\"twitter:card\" content=\"summary_large_image\" \/>\n<meta name=\"twitter:label1\" content=\"Est. reading time\" \/>\n\t<meta name=\"twitter:data1\" content=\"1 minute\" \/>\n<script type=\"application\/ld+json\" class=\"yoast-schema-graph\">{\"@context\":\"https:\\\/\\\/schema.org\",\"@graph\":[{\"@type\":\"WebPage\",\"@id\":\"https:\\\/\\\/cafesnovell.com\\\/en\\\/producto\\\/colombia\\\/\",\"url\":\"https:\\\/\\\/cafesnovell.com\\\/en\\\/producto\\\/colombia\\\/\",\"name\":\"Colombia (500g) - Caf\u00e8s Novell\",\"isPartOf\":{\"@id\":\"https:\\\/\\\/cafesnovell.com\\\/en\\\/#website\"},\"primaryImageOfPage\":{\"@id\":\"https:\\\/\\\/cafesnovell.com\\\/en\\\/producto\\\/colombia\\\/#primaryimage\"},\"image\":{\"@id\":\"https:\\\/\\\/cafesnovell.com\\\/en\\\/producto\\\/colombia\\\/#primaryimage\"},\"thumbnailUrl\":\"https:\\\/\\\/cafesnovell.com\\\/wp-content\\\/uploads\\\/2024\\\/01\\\/colmbia-atelier.jpg\",\"datePublished\":\"2024-01-10T14:18:05+00:00\",\"dateModified\":\"2026-04-02T07:16:57+00:00\",\"description\":\"La Finca La Guamera se encuentra en Villamar\u00eda, en el Departamento de Caldas, en el centro del famoso eje cafetero m\u00e1s importante de Colombia. En la zona de Caldas, la variedad predominante de cafeto es Caturra.Desde hace m\u00e1s de 35 a\u00f1os, la familia Mu\u00f1oz la gestiona bajo la Compa\u00f1\u00eda Cafetera La Meseta S.A., y produce caf\u00e9s suaves de calidad, matizados con los ricos sabores y aromas que aportan las monta\u00f1as colombianas.La familia da especial importancia al desarrollo personal y bienestar de las personas que trabajan en su comunidad. Adem\u00e1s de contar con certificaciones oficiales de cultivo responsable, tambi\u00e9n ofrecen capacitaciones a todos sus colaboradores y empleados en relaci\u00f3n a la gesti\u00f3n de cultivos, el uso seguro de agroqu\u00edmicos y el cultivo adecuado de los alimentos.\",\"breadcrumb\":{\"@id\":\"https:\\\/\\\/cafesnovell.com\\\/en\\\/producto\\\/colombia\\\/#breadcrumb\"},\"inLanguage\":\"en-US\",\"potentialAction\":[{\"@type\":\"ReadAction\",\"target\":[\"https:\\\/\\\/cafesnovell.com\\\/en\\\/producto\\\/colombia\\\/\"]}]},{\"@type\":\"ImageObject\",\"inLanguage\":\"en-US\",\"@id\":\"https:\\\/\\\/cafesnovell.com\\\/en\\\/producto\\\/colombia\\\/#primaryimage\",\"url\":\"https:\\\/\\\/cafesnovell.com\\\/wp-content\\\/uploads\\\/2024\\\/01\\\/colmbia-atelier.jpg\",\"contentUrl\":\"https:\\\/\\\/cafesnovell.com\\\/wp-content\\\/uploads\\\/2024\\\/01\\\/colmbia-atelier.jpg\",\"width\":600,\"height\":600},{\"@type\":\"BreadcrumbList\",\"@id\":\"https:\\\/\\\/cafesnovell.com\\\/en\\\/producto\\\/colombia\\\/#breadcrumb\",\"itemListElement\":[{\"@type\":\"ListItem\",\"position\":1,\"name\":\"Home\",\"item\":\"https:\\\/\\\/cafesnovell.com\\\/en\\\/\"},{\"@type\":\"ListItem\",\"position\":2,\"name\":\"Shop\",\"item\":\"https:\\\/\\\/cafesnovell.com\\\/en\\\/shop\\\/\"},{\"@type\":\"ListItem\",\"position\":3,\"name\":\"Colombia (500g)\"}]},{\"@type\":\"WebSite\",\"@id\":\"https:\\\/\\\/cafesnovell.com\\\/en\\\/#website\",\"url\":\"https:\\\/\\\/cafesnovell.com\\\/en\\\/\",\"name\":\"Caf\u00e8s Novell\",\"description\":\"Organic Premium Coffee\",\"potentialAction\":[{\"@type\":\"SearchAction\",\"target\":{\"@type\":\"EntryPoint\",\"urlTemplate\":\"https:\\\/\\\/cafesnovell.com\\\/en\\\/?s={search_term_string}\"},\"query-input\":{\"@type\":\"PropertyValueSpecification\",\"valueRequired\":true,\"valueName\":\"search_term_string\"}}],\"inLanguage\":\"en-US\"}]}<\/script>\n<!-- \/ Yoast SEO plugin. -->","yoast_head_json":{"title":"Colombia (500g) - Caf\u00e8s Novell","description":"La Finca La Guamera se encuentra en Villamar\u00eda, en el Departamento de Caldas, en el centro del famoso eje cafetero m\u00e1s importante de Colombia. En la zona de Caldas, la variedad predominante de cafeto es Caturra.Desde hace m\u00e1s de 35 a\u00f1os, la familia Mu\u00f1oz la gestiona bajo la Compa\u00f1\u00eda Cafetera La Meseta S.A., y produce caf\u00e9s suaves de calidad, matizados con los ricos sabores y aromas que aportan las monta\u00f1as colombianas.La familia da especial importancia al desarrollo personal y bienestar de las personas que trabajan en su comunidad. Adem\u00e1s de contar con certificaciones oficiales de cultivo responsable, tambi\u00e9n ofrecen capacitaciones a todos sus colaboradores y empleados en relaci\u00f3n a la gesti\u00f3n de cultivos, el uso seguro de agroqu\u00edmicos y el cultivo adecuado de los alimentos.","robots":{"index":"index","follow":"follow","max-snippet":"max-snippet:-1","max-image-preview":"max-image-preview:large","max-video-preview":"max-video-preview:-1"},"canonical":"https:\/\/cafesnovell.com\/en\/producto\/colombia\/","og_locale":"en_US","og_type":"article","og_title":"Colombia (500g) - Caf\u00e8s Novell","og_description":"La Finca La Guamera se encuentra en Villamar\u00eda, en el Departamento de Caldas, en el centro del famoso eje cafetero m\u00e1s importante de Colombia. En la zona de Caldas, la variedad predominante de cafeto es Caturra.Desde hace m\u00e1s de 35 a\u00f1os, la familia Mu\u00f1oz la gestiona bajo la Compa\u00f1\u00eda Cafetera La Meseta S.A., y produce caf\u00e9s suaves de calidad, matizados con los ricos sabores y aromas que aportan las monta\u00f1as colombianas.La familia da especial importancia al desarrollo personal y bienestar de las personas que trabajan en su comunidad. Adem\u00e1s de contar con certificaciones oficiales de cultivo responsable, tambi\u00e9n ofrecen capacitaciones a todos sus colaboradores y empleados en relaci\u00f3n a la gesti\u00f3n de cultivos, el uso seguro de agroqu\u00edmicos y el cultivo adecuado de los alimentos.","og_url":"https:\/\/cafesnovell.com\/en\/producto\/colombia\/","og_site_name":"Caf\u00e8s Novell","article_modified_time":"2026-04-02T07:16:57+00:00","og_image":[{"width":600,"height":600,"url":"https:\/\/cafesnovell.com\/wp-content\/uploads\/2024\/01\/colmbia-atelier.jpg","type":"image\/jpeg"}],"twitter_card":"summary_large_image","twitter_misc":{"Est. reading time":"1 minute"},"schema":{"@context":"https:\/\/schema.org","@graph":[{"@type":"WebPage","@id":"https:\/\/cafesnovell.com\/en\/producto\/colombia\/","url":"https:\/\/cafesnovell.com\/en\/producto\/colombia\/","name":"Colombia (500g) - Caf\u00e8s Novell","isPartOf":{"@id":"https:\/\/cafesnovell.com\/en\/#website"},"primaryImageOfPage":{"@id":"https:\/\/cafesnovell.com\/en\/producto\/colombia\/#primaryimage"},"image":{"@id":"https:\/\/cafesnovell.com\/en\/producto\/colombia\/#primaryimage"},"thumbnailUrl":"https:\/\/cafesnovell.com\/wp-content\/uploads\/2024\/01\/colmbia-atelier.jpg","datePublished":"2024-01-10T14:18:05+00:00","dateModified":"2026-04-02T07:16:57+00:00","description":"La Finca La Guamera se encuentra en Villamar\u00eda, en el Departamento de Caldas, en el centro del famoso eje cafetero m\u00e1s importante de Colombia. En la zona de Caldas, la variedad predominante de cafeto es Caturra.Desde hace m\u00e1s de 35 a\u00f1os, la familia Mu\u00f1oz la gestiona bajo la Compa\u00f1\u00eda Cafetera La Meseta S.A., y produce caf\u00e9s suaves de calidad, matizados con los ricos sabores y aromas que aportan las monta\u00f1as colombianas.La familia da especial importancia al desarrollo personal y bienestar de las personas que trabajan en su comunidad. Adem\u00e1s de contar con certificaciones oficiales de cultivo responsable, tambi\u00e9n ofrecen capacitaciones a todos sus colaboradores y empleados en relaci\u00f3n a la gesti\u00f3n de cultivos, el uso seguro de agroqu\u00edmicos y el cultivo adecuado de los alimentos.","breadcrumb":{"@id":"https:\/\/cafesnovell.com\/en\/producto\/colombia\/#breadcrumb"},"inLanguage":"en-US","potentialAction":[{"@type":"ReadAction","target":["https:\/\/cafesnovell.com\/en\/producto\/colombia\/"]}]},{"@type":"ImageObject","inLanguage":"en-US","@id":"https:\/\/cafesnovell.com\/en\/producto\/colombia\/#primaryimage","url":"https:\/\/cafesnovell.com\/wp-content\/uploads\/2024\/01\/colmbia-atelier.jpg","contentUrl":"https:\/\/cafesnovell.com\/wp-content\/uploads\/2024\/01\/colmbia-atelier.jpg","width":600,"height":600},{"@type":"BreadcrumbList","@id":"https:\/\/cafesnovell.com\/en\/producto\/colombia\/#breadcrumb","itemListElement":[{"@type":"ListItem","position":1,"name":"Home","item":"https:\/\/cafesnovell.com\/en\/"},{"@type":"ListItem","position":2,"name":"Shop","item":"https:\/\/cafesnovell.com\/en\/shop\/"},{"@type":"ListItem","position":3,"name":"Colombia (500g)"}]},{"@type":"WebSite","@id":"https:\/\/cafesnovell.com\/en\/#website","url":"https:\/\/cafesnovell.com\/en\/","name":"Caf\u00e8s Novell","description":"Organic Premium Coffee","potentialAction":[{"@type":"SearchAction","target":{"@type":"EntryPoint","urlTemplate":"https:\/\/cafesnovell.com\/en\/?s={search_term_string}"},"query-input":{"@type":"PropertyValueSpecification","valueRequired":true,"valueName":"search_term_string"}}],"inLanguage":"en-US"}]}},"df_price":13.2,"df_sale_price":"","df_regular_price":13.2,"df_image_link":"https:\/\/cafesnovell.com\/wp-content\/uploads\/2024\/01\/colmbia-atelier-300x300.jpg","_links":{"self":[{"href":"https:\/\/cafesnovell.com\/en\/wp-json\/wp\/v2\/product\/128383","targetHints":{"allow":["GET"]}}],"collection":[{"href":"https:\/\/cafesnovell.com\/en\/wp-json\/wp\/v2\/product"}],"about":[{"href":"https:\/\/cafesnovell.com\/en\/wp-json\/wp\/v2\/types\/product"}],"wp:featuredmedia":[{"embeddable":true,"href":"https:\/\/cafesnovell.com\/en\/wp-json\/wp\/v2\/media\/86201"}],"wp:attachment":[{"href":"https:\/\/cafesnovell.com\/en\/wp-json\/wp\/v2\/media?parent=128383"}],"wp:term":[{"taxonomy":"product_brand","embeddable":true,"href":"https:\/\/cafesnovell.com\/en\/wp-json\/wp\/v2\/product_brand?post=128383"},{"taxonomy":"product_cat","embeddable":true,"href":"https:\/\/cafesnovell.com\/en\/wp-json\/wp\/v2\/product_cat?post=128383"},{"taxonomy":"product_tag","embeddable":true,"href":"https:\/\/cafesnovell.com\/en\/wp-json\/wp\/v2\/product_tag?post=128383"}],"curies":[{"name":"wp","href":"https:\/\/api.w.org\/{rel}","templated":true}]}}