{"id":64905,"date":"2022-03-11T12:21:23","date_gmt":"2022-03-11T10:21:23","guid":{"rendered":"https:\/\/cafesnovell.com\/?page_id=64905"},"modified":"2022-04-26T11:32:52","modified_gmt":"2022-04-26T09:32:52","slug":"bespoke-blend","status":"publish","type":"page","link":"https:\/\/cafesnovell.com\/en\/restaurants\/theroastery\/bespoke-blend\/","title":{"rendered":"Bespoke Blend"},"content":{"rendered":"<div class=\"wpb-content-wrapper\">[vc_section full_width=&#8221;stretch_row&#8221; content_placement=&#8221;middle&#8221; css=&#8221;.vc_custom_1648816447665{background-image: url(https:\/\/cafesnovell.com\/wp-content\/uploads\/2022\/04\/bespoke-blend_mesa-de-trabajo-1-1.jpg?id=65548) !important;background-position: center !important;background-repeat: no-repeat !important;background-size: cover !important;}&#8221;][vc_row visibility=&#8221;hidden-sm&#8221;][vc_column el_class=&#8221;info-container&#8221;][mk_padding_divider size=&#8221;250&#8243; visibility=&#8221;hidden-sm&#8221;][vc_column_text css=&#8221;.vc_custom_1648816393190{margin-bottom: 24px !important;}&#8221;]BESPOKE BLEND[\/vc_column_text][\/vc_column][\/vc_row][\/vc_section][vc_section el_class=&#8221;section-text&#8221; css=&#8221;.vc_custom_1568031391549{padding-bottom: 15px !important;}&#8221;][vc_row][vc_column][mk_padding_divider size=&#8221;75&#8243; visibility=&#8221;visible-sm&#8221;][\/vc_column][\/vc_row][vc_row][vc_column width=&#8221;1\/4&#8243;][vc_single_image image=&#8221;65425&#8243; img_size=&#8221;&#8221;][\/vc_column][vc_column width=&#8221;3\/4&#8243;][mk_padding_divider size=&#8221;50&#8243; visibility=&#8221;hidden-sm&#8221;][vc_column_text visibility=&#8221;visible-sm&#8221; css=&#8221;.vc_custom_1648818780811{margin-bottom: 24px !important;}&#8221;]\n<p><span style=\"color: #000000; font-size: 28px;\">BESPOKE BLEND<\/span><\/p>\n[\/vc_column_text][vc_column_text css=&#8221;.vc_custom_1650965125865{margin-bottom: 0px !important;padding-left: 0px !important;}&#8221;]<span style=\"font-size: 22px;\">Balanced pairing of 3 specialty coffees, carefully selected by our QGrader.<\/span><\/p>\n<p><span style=\"font-size: 22px;\">Its unique roasting curve gives the blend the special smoothness, body, acidity and sweetness that define THE ROASTERY&#8217;s cup.<\/span><\/p>\n<p><span style=\"font-size: 22px;\"><b>Tasting notes:<\/b> Coffee with hints of flower honey, cocoa cream and vanilla. On the palate, we find a sweet and pleasant finish, with a touch of citrus and coriander.<\/span>[\/vc_column_text][\/vc_column][\/vc_row][\/vc_section][vc_row css=&#8221;.vc_custom_1648817357152{margin-bottom: 44px !important;border-top-width: 1px !important;border-right-width: 1px !important;border-bottom-width: 1px !important;border-left-width: 1px !important;border-left-color: #cccccc !important;border-left-style: solid !important;border-right-color: #cccccc !important;border-right-style: solid !important;border-top-color: #cccccc !important;border-top-style: solid !important;border-bottom-color: #cccccc !important;border-bottom-style: solid !important;}&#8221;][vc_column width=&#8221;1\/4&#8243; css=&#8221;.vc_custom_1648817391902{padding-top: 38px !important;}&#8221;][vc_single_image image=&#8221;65560&#8243; img_size=&#8221;&#8221;][\/vc_column][vc_column width=&#8221;3\/4&#8243; css=&#8221;.vc_custom_1648817325436{padding-top: 38px !important;}&#8221;][vc_row_inner][vc_column_inner][vc_column_text css=&#8221;.vc_custom_1648817241252{margin-bottom: 0px !important;}&#8221;]<span style=\"color: #000000; font-size: 22px;\"><b>HUILA CARACOLILLO<\/b> | COLOMBIA<\/span>[\/vc_column_text][\/vc_column_inner][\/vc_row_inner][vc_row_inner][vc_column_inner width=&#8221;1\/4&#8243;][vc_column_text css=&#8221;.vc_custom_1650965187921{margin-bottom: 0px !important;}&#8221;]<b>FARM:<\/b> Coop. Cadefihuila<br \/>\n<b>PROCESS:<\/b> Washed<br \/>\n<b>VARIETY:<\/b> Caturra, Castillo &amp; Colombia<br \/>\n<b>SCORE: 84<\/b>[\/vc_column_text][\/vc_column_inner][vc_column_inner width=&#8221;3\/4&#8243;][vc_column_text css=&#8221;.vc_custom_1650965240599{margin-bottom: 0px !important;}&#8221;]The Cadefihuila Cooperative was born in 1963 with the aim of bringing together small local coffee growers in the Huila area to improve the production and marketing conditions of their coffees.<br \/>\nHuila is a region in the south of the Colombian coffee axis, which in recent years has specialized in the farming of specialty coffees following sustainable and ecological best practices.[\/vc_column_text][\/vc_column_inner][\/vc_row_inner][\/vc_column][\/vc_row][vc_row css=&#8221;.vc_custom_1648817357152{margin-bottom: 44px !important;border-top-width: 1px !important;border-right-width: 1px !important;border-bottom-width: 1px !important;border-left-width: 1px !important;border-left-color: #cccccc !important;border-left-style: solid !important;border-right-color: #cccccc !important;border-right-style: solid !important;border-top-color: #cccccc !important;border-top-style: solid !important;border-bottom-color: #cccccc !important;border-bottom-style: solid !important;}&#8221;][vc_column width=&#8221;1\/4&#8243; css=&#8221;.vc_custom_1648817391902{padding-top: 38px !important;}&#8221;][vc_single_image image=&#8221;65564&#8243; img_size=&#8221;&#8221;][\/vc_column][vc_column width=&#8221;3\/4&#8243; css=&#8221;.vc_custom_1648817325436{padding-top: 38px !important;}&#8221;][vc_row_inner][vc_column_inner][vc_column_text css=&#8221;.vc_custom_1650965257363{margin-bottom: 0px !important;}&#8221;]<span style=\"color: #000000; font-size: 22px;\"><b>YIRGACHEFFE<\/b> | ETHIOPIA<\/span>[\/vc_column_text][\/vc_column_inner][\/vc_row_inner][vc_row_inner][vc_column_inner width=&#8221;1\/4&#8243;][vc_column_text css=&#8221;.vc_custom_1650965419780{margin-bottom: 0px !important;}&#8221;]<b>FARM:<\/b> Dep. de Sidama<br \/>\n<b>PROCESS:<\/b> Washed<br \/>\n<b>VARIETY:<\/b> Indigenous Arabica<br \/>\n<b>SCORE: 88,75<\/b>[\/vc_column_text][\/vc_column_inner][vc_column_inner width=&#8221;3\/4&#8243;][vc_column_text css=&#8221;.vc_custom_1650965480863{margin-bottom: 0px !important;}&#8221;]Yirgacheffe is a town, a region, and a reference for quality coffee: just naming it instills great respect among the most knowledgeable coffee growers. The lots in this region are among the most sought after by buyers and the most anticipated by expert tasters.<br \/>\nMore than 1,000 varieties of coffee are grown in this region, taking advantage of the red earth that generates an exceptional organoleptic richness in the cup.[\/vc_column_text][\/vc_column_inner][\/vc_row_inner][\/vc_column][\/vc_row][vc_row css=&#8221;.vc_custom_1648817357152{margin-bottom: 44px !important;border-top-width: 1px !important;border-right-width: 1px !important;border-bottom-width: 1px !important;border-left-width: 1px !important;border-left-color: #cccccc !important;border-left-style: solid !important;border-right-color: #cccccc !important;border-right-style: solid !important;border-top-color: #cccccc !important;border-top-style: solid !important;border-bottom-color: #cccccc !important;border-bottom-style: solid !important;}&#8221;][vc_column width=&#8221;1\/4&#8243; css=&#8221;.vc_custom_1648817391902{padding-top: 38px !important;}&#8221;][vc_single_image image=&#8221;65556&#8243; img_size=&#8221;&#8221;][\/vc_column][vc_column width=&#8221;3\/4&#8243; css=&#8221;.vc_custom_1648817325436{padding-top: 38px !important;}&#8221;][vc_row_inner][vc_column_inner][vc_column_text css=&#8221;.vc_custom_1648817507816{margin-bottom: 0px !important;}&#8221;]<span style=\"color: #000000; font-size: 22px;\"><b>CALDAS<\/b>\u00a0| COLOMBIA<\/span>[\/vc_column_text][\/vc_column_inner][\/vc_row_inner][vc_row_inner][vc_column_inner width=&#8221;1\/4&#8243;][vc_column_text css=&#8221;.vc_custom_1650965499627{margin-bottom: 0px !important;}&#8221;]<b>FARM:<\/b> La Guamera<br \/>\n<b>PROCESS:<\/b> Washed<br \/>\n<b>VARIETY:<\/b> Caturra &amp; Castillo<br \/>\n<b>SCORE: 84,50<\/b>[\/vc_column_text][\/vc_column_inner][vc_column_inner width=&#8221;3\/4&#8243;][vc_column_text css=&#8221;.vc_custom_1650965538431{margin-bottom: 0px !important;}&#8221;]The Finca La Guamera is located in Villamaria, Department of Caldas, in the centre of the most important coffee region in Colombia.<\/p>\n<p>For more than 35 years, the Mu\u00f1oz family has managed this beautiful hacienda and produces quality, smooth coffees, nuanced with the rich flavours and aromas that the Colombian mountains provide.[\/vc_column_text][\/vc_column_inner][\/vc_row_inner][\/vc_column][\/vc_row][vc_row][vc_column][mk_button dimension=&#8221;flat&#8221; size=&#8221;large&#8221; url=&#8221;https:\/\/cafesnovell.com\/restauracion\/theroastery\/single-origins\/&#8221; align=&#8221;center&#8221;]DISCOVER OUR SINGLE ORIGINS[\/mk_button][\/vc_column][\/vc_row]\n<\/div>","protected":false},"excerpt":{"rendered":"<p>[vc_section full_width=&#8221;stretch_row&#8221; content_placement=&#8221;middle&#8221; css=&#8221;.vc_custom_1648816447665{background-image: url(https:\/\/cafesnovell.com\/wp-content\/uploads\/2022\/04\/bespoke-blend_mesa-de-trabajo-1-1.jpg?id=65548) !important;background-position: center !important;background-repeat: no-repeat !important;background-size: cover !important;}&#8221;][vc_row visibility=&#8221;hidden-sm&#8221;][vc_column el_class=&#8221;info-container&#8221;][mk_padding_divider size=&#8221;250&#8243; visibility=&#8221;hidden-sm&#8221;][vc_column_text css=&#8221;.vc_custom_1648816393190{margin-bottom: 24px !important;}&#8221;]BESPOKE BLEND[\/vc_column_text][\/vc_column][\/vc_row][\/vc_section][vc_section el_class=&#8221;section-text&#8221; css=&#8221;.vc_custom_1568031391549{padding-bottom: 15px !important;}&#8221;][vc_row][vc_column][mk_padding_divider size=&#8221;75&#8243; visibility=&#8221;visible-sm&#8221;][\/vc_column][\/vc_row][vc_row][vc_column width=&#8221;1\/4&#8243;][vc_single_image image=&#8221;65425&#8243; img_size=&#8221;&#8221;][\/vc_column][vc_column width=&#8221;3\/4&#8243;][mk_padding_divider size=&#8221;50&#8243; visibility=&#8221;hidden-sm&#8221;][vc_column_text visibility=&#8221;visible-sm&#8221; css=&#8221;.vc_custom_1648818780811{margin-bottom: 24px !important;}&#8221;] BESPOKE BLEND [\/vc_column_text][vc_column_text css=&#8221;.vc_custom_1650965125865{margin-bottom: 0px !important;padding-left: 0px !important;}&#8221;]Balanced pairing of 3 specialty coffees, carefully selected by our QGrader. Its [&hellip;]<\/p>\n","protected":false},"author":36,"featured_media":0,"parent":64894,"menu_order":0,"comment_status":"closed","ping_status":"closed","template":"","meta":{"_acf_changed":false,"content-type":"","footnotes":""},"class_list":["post-64905","page","type-page","status-publish","hentry"],"acf":[],"yoast_head":"<!-- This site is optimized with the Yoast SEO plugin v27.3 - https:\/\/yoast.com\/product\/yoast-seo-wordpress\/ -->\n<title>Caf\u00e9s Novell - Caf\u00e9s para bares, cafeter\u00edas y restaurantes<\/title>\n<meta name=\"description\" content=\"Los mejores caf\u00e9s para profesionales, bares y cafeterias. Caf\u00e9 gourmet certificado es un caf\u00e9 con una cuidada selecci\u00f3n, importaci\u00f3n y tueste. Caf\u00e9s de gama alta y de calidad y ecol\u00f3gico. Novell premium coffee, \u00e9 il caffe, ecqlogic, caf\u00e9 de finca\" \/>\n<meta name=\"robots\" content=\"index, follow, max-snippet:-1, max-image-preview:large, max-video-preview:-1\" \/>\n<link rel=\"canonical\" href=\"https:\/\/cafesnovell.com\/en\/restaurants\/theroastery\/bespoke-blend\/\" \/>\n<meta property=\"og:locale\" content=\"en_US\" \/>\n<meta property=\"og:type\" content=\"article\" \/>\n<meta property=\"og:title\" content=\"Caf\u00e9s Novell - Caf\u00e9s para bares, cafeter\u00edas y restaurantes\" \/>\n<meta property=\"og:description\" content=\"Los mejores caf\u00e9s para profesionales, bares y cafeterias. Caf\u00e9 gourmet certificado es un caf\u00e9 con una cuidada selecci\u00f3n, importaci\u00f3n y tueste. Caf\u00e9s de gama alta y de calidad y ecol\u00f3gico. Novell premium coffee, \u00e9 il caffe, ecqlogic, caf\u00e9 de finca\" \/>\n<meta property=\"og:url\" content=\"https:\/\/cafesnovell.com\/en\/restaurants\/theroastery\/bespoke-blend\/\" \/>\n<meta property=\"og:site_name\" content=\"Caf\u00e8s Novell\" \/>\n<meta property=\"article:modified_time\" content=\"2022-04-26T09:32:52+00:00\" \/>\n<meta name=\"twitter:card\" content=\"summary_large_image\" \/>\n<meta name=\"twitter:label1\" content=\"Est. reading time\" \/>\n\t<meta name=\"twitter:data1\" content=\"3 minutes\" \/>\n<script type=\"application\/ld+json\" class=\"yoast-schema-graph\">{\"@context\":\"https:\\\/\\\/schema.org\",\"@graph\":[{\"@type\":\"WebPage\",\"@id\":\"https:\\\/\\\/cafesnovell.com\\\/en\\\/restaurants\\\/theroastery\\\/bespoke-blend\\\/\",\"url\":\"https:\\\/\\\/cafesnovell.com\\\/en\\\/restaurants\\\/theroastery\\\/bespoke-blend\\\/\",\"name\":\"Caf\u00e9s Novell - Caf\u00e9s para bares, cafeter\u00edas y restaurantes\",\"isPartOf\":{\"@id\":\"https:\\\/\\\/cafesnovell.com\\\/en\\\/#website\"},\"datePublished\":\"2022-03-11T10:21:23+00:00\",\"dateModified\":\"2022-04-26T09:32:52+00:00\",\"description\":\"Los mejores caf\u00e9s para profesionales, bares y cafeterias. Caf\u00e9 gourmet certificado es un caf\u00e9 con una cuidada selecci\u00f3n, importaci\u00f3n y tueste. Caf\u00e9s de gama alta y de calidad y ecol\u00f3gico. Novell premium coffee, \u00e9 il caffe, ecqlogic, caf\u00e9 de finca\",\"breadcrumb\":{\"@id\":\"https:\\\/\\\/cafesnovell.com\\\/en\\\/restaurants\\\/theroastery\\\/bespoke-blend\\\/#breadcrumb\"},\"inLanguage\":\"en-US\",\"potentialAction\":[{\"@type\":\"ReadAction\",\"target\":[\"https:\\\/\\\/cafesnovell.com\\\/en\\\/restaurants\\\/theroastery\\\/bespoke-blend\\\/\"]}]},{\"@type\":\"BreadcrumbList\",\"@id\":\"https:\\\/\\\/cafesnovell.com\\\/en\\\/restaurants\\\/theroastery\\\/bespoke-blend\\\/#breadcrumb\",\"itemListElement\":[{\"@type\":\"ListItem\",\"position\":1,\"name\":\"Home\",\"item\":\"https:\\\/\\\/cafesnovell.com\\\/en\\\/\"},{\"@type\":\"ListItem\",\"position\":2,\"name\":\"Restaurants\",\"item\":\"https:\\\/\\\/cafesnovell.com\\\/en\\\/restaurants\\\/\"},{\"@type\":\"ListItem\",\"position\":3,\"name\":\"The Roastery\",\"item\":\"https:\\\/\\\/cafesnovell.com\\\/en\\\/restaurants\\\/theroastery\\\/\"},{\"@type\":\"ListItem\",\"position\":4,\"name\":\"Bespoke Blend\"}]},{\"@type\":\"WebSite\",\"@id\":\"https:\\\/\\\/cafesnovell.com\\\/en\\\/#website\",\"url\":\"https:\\\/\\\/cafesnovell.com\\\/en\\\/\",\"name\":\"Caf\u00e8s Novell\",\"description\":\"Organic Premium Coffee\",\"potentialAction\":[{\"@type\":\"SearchAction\",\"target\":{\"@type\":\"EntryPoint\",\"urlTemplate\":\"https:\\\/\\\/cafesnovell.com\\\/en\\\/?s={search_term_string}\"},\"query-input\":{\"@type\":\"PropertyValueSpecification\",\"valueRequired\":true,\"valueName\":\"search_term_string\"}}],\"inLanguage\":\"en-US\"}]}<\/script>\n<!-- \/ Yoast SEO plugin. -->","yoast_head_json":{"title":"Caf\u00e9s Novell - Caf\u00e9s para bares, cafeter\u00edas y restaurantes","description":"Los mejores caf\u00e9s para profesionales, bares y cafeterias. Caf\u00e9 gourmet certificado es un caf\u00e9 con una cuidada selecci\u00f3n, importaci\u00f3n y tueste. Caf\u00e9s de gama alta y de calidad y ecol\u00f3gico. Novell premium coffee, \u00e9 il caffe, ecqlogic, caf\u00e9 de finca","robots":{"index":"index","follow":"follow","max-snippet":"max-snippet:-1","max-image-preview":"max-image-preview:large","max-video-preview":"max-video-preview:-1"},"canonical":"https:\/\/cafesnovell.com\/en\/restaurants\/theroastery\/bespoke-blend\/","og_locale":"en_US","og_type":"article","og_title":"Caf\u00e9s Novell - Caf\u00e9s para bares, cafeter\u00edas y restaurantes","og_description":"Los mejores caf\u00e9s para profesionales, bares y cafeterias. Caf\u00e9 gourmet certificado es un caf\u00e9 con una cuidada selecci\u00f3n, importaci\u00f3n y tueste. Caf\u00e9s de gama alta y de calidad y ecol\u00f3gico. Novell premium coffee, \u00e9 il caffe, ecqlogic, caf\u00e9 de finca","og_url":"https:\/\/cafesnovell.com\/en\/restaurants\/theroastery\/bespoke-blend\/","og_site_name":"Caf\u00e8s Novell","article_modified_time":"2022-04-26T09:32:52+00:00","twitter_card":"summary_large_image","twitter_misc":{"Est. reading time":"3 minutes"},"schema":{"@context":"https:\/\/schema.org","@graph":[{"@type":"WebPage","@id":"https:\/\/cafesnovell.com\/en\/restaurants\/theroastery\/bespoke-blend\/","url":"https:\/\/cafesnovell.com\/en\/restaurants\/theroastery\/bespoke-blend\/","name":"Caf\u00e9s Novell - Caf\u00e9s para bares, cafeter\u00edas y restaurantes","isPartOf":{"@id":"https:\/\/cafesnovell.com\/en\/#website"},"datePublished":"2022-03-11T10:21:23+00:00","dateModified":"2022-04-26T09:32:52+00:00","description":"Los mejores caf\u00e9s para profesionales, bares y cafeterias. Caf\u00e9 gourmet certificado es un caf\u00e9 con una cuidada selecci\u00f3n, importaci\u00f3n y tueste. Caf\u00e9s de gama alta y de calidad y ecol\u00f3gico. Novell premium coffee, \u00e9 il caffe, ecqlogic, caf\u00e9 de finca","breadcrumb":{"@id":"https:\/\/cafesnovell.com\/en\/restaurants\/theroastery\/bespoke-blend\/#breadcrumb"},"inLanguage":"en-US","potentialAction":[{"@type":"ReadAction","target":["https:\/\/cafesnovell.com\/en\/restaurants\/theroastery\/bespoke-blend\/"]}]},{"@type":"BreadcrumbList","@id":"https:\/\/cafesnovell.com\/en\/restaurants\/theroastery\/bespoke-blend\/#breadcrumb","itemListElement":[{"@type":"ListItem","position":1,"name":"Home","item":"https:\/\/cafesnovell.com\/en\/"},{"@type":"ListItem","position":2,"name":"Restaurants","item":"https:\/\/cafesnovell.com\/en\/restaurants\/"},{"@type":"ListItem","position":3,"name":"The Roastery","item":"https:\/\/cafesnovell.com\/en\/restaurants\/theroastery\/"},{"@type":"ListItem","position":4,"name":"Bespoke Blend"}]},{"@type":"WebSite","@id":"https:\/\/cafesnovell.com\/en\/#website","url":"https:\/\/cafesnovell.com\/en\/","name":"Caf\u00e8s Novell","description":"Organic Premium Coffee","potentialAction":[{"@type":"SearchAction","target":{"@type":"EntryPoint","urlTemplate":"https:\/\/cafesnovell.com\/en\/?s={search_term_string}"},"query-input":{"@type":"PropertyValueSpecification","valueRequired":true,"valueName":"search_term_string"}}],"inLanguage":"en-US"}]}},"_links":{"self":[{"href":"https:\/\/cafesnovell.com\/en\/wp-json\/wp\/v2\/pages\/64905","targetHints":{"allow":["GET"]}}],"collection":[{"href":"https:\/\/cafesnovell.com\/en\/wp-json\/wp\/v2\/pages"}],"about":[{"href":"https:\/\/cafesnovell.com\/en\/wp-json\/wp\/v2\/types\/page"}],"author":[{"embeddable":true,"href":"https:\/\/cafesnovell.com\/en\/wp-json\/wp\/v2\/users\/36"}],"replies":[{"embeddable":true,"href":"https:\/\/cafesnovell.com\/en\/wp-json\/wp\/v2\/comments?post=64905"}],"version-history":[{"count":0,"href":"https:\/\/cafesnovell.com\/en\/wp-json\/wp\/v2\/pages\/64905\/revisions"}],"up":[{"embeddable":true,"href":"https:\/\/cafesnovell.com\/en\/wp-json\/wp\/v2\/pages\/64894"}],"wp:attachment":[{"href":"https:\/\/cafesnovell.com\/en\/wp-json\/wp\/v2\/media?parent=64905"}],"curies":[{"name":"wp","href":"https:\/\/api.w.org\/{rel}","templated":true}]}}