{"id":64894,"date":"2022-04-26T11:45:32","date_gmt":"2022-04-26T09:45:32","guid":{"rendered":"https:\/\/cafesnovell.com\/?page_id=64894"},"modified":"2025-05-21T15:52:30","modified_gmt":"2025-05-21T13:52:30","slug":"theroastery","status":"publish","type":"page","link":"https:\/\/cafesnovell.com\/en\/restaurants\/theroastery\/","title":{"rendered":"The Roastery"},"content":{"rendered":"<div class=\"wpb-content-wrapper\">[vc_section full_width=&#8221;stretch_row&#8221; content_placement=&#8221;middle&#8221; css=&#8221;.vc_custom_1648475131441{background-image: url(https:\/\/cafesnovell.com\/wp-content\/uploads\/2022\/03\/novell_the_rosatery_10_low_res.jpg?id=65361) !important;background-position: center !important;background-repeat: no-repeat !important;background-size: cover !important;}&#8221;][vc_row][vc_column el_class=&#8221;info-container&#8221;][mk_padding_divider size=&#8221;352&#8243; visibility=&#8221;hidden-sm&#8221;][mk_padding_divider size=&#8221;352&#8243; visibility=&#8221;hidden-sm&#8221;][vc_single_image image=&#8221;65369&#8243; img_size=&#8221;380&#215;107&#8243; css=&#8221;.vc_custom_1648564039508{margin-top: 0px !important;margin-right: 0px !important;margin-bottom: 10px !important;margin-left: 0px !important;border-top-width: 0px !important;border-right-width: 0px !important;border-bottom-width: 0px !important;border-left-width: 0px !important;padding-top: 0px !important;padding-right: 0px !important;padding-bottom: 0px !important;padding-left: 0px !important;}&#8221;][vc_column_text css=&#8221;.vc_custom_1747663616703{margin-top: 80px !important;margin-bottom: 0px !important;border-top-width: 0px !important;border-bottom-width: 0px !important;padding-top: 0px !important;padding-bottom: 0px !important;}&#8221;]\n<p style=\"color: #ffffff; font-size: 20px; line-height: 24px;\">THE ROASTERY is a new concept in <em>specialty coffee<\/em><br \/>\ndesigned to surprise you, and all the coffee lovers that arrive at your business.<\/p>\n[\/vc_column_text][vc_column_text css=&#8221;.vc_custom_1747663626316{margin-top: 8px !important;margin-bottom: 60px !important;}&#8221;]\n<p style=\"color: #ffffff; font-size: 20px; line-height: 24px;\">Experience the great feeling of having a SPECIALTY PARTNER by your side.<br \/>\nWith the guarantee and experience of Caf\u00e8s Novell.<\/p>\n[\/vc_column_text][\/vc_column][\/vc_row][\/vc_section][vc_section el_class=&#8221;section-text&#8221; css=&#8221;.vc_custom_1648478849884{margin-top: 0px !important;margin-bottom: 0px !important;}&#8221;][vc_row css=&#8221;.vc_custom_1648478840932{margin-top: 0px !important;margin-bottom: 0px !important;}&#8221;][vc_column][\/vc_column][\/vc_row][\/vc_section][vc_section full_width=&#8221;stretch_row&#8221; content_placement=&#8221;top&#8221; css=&#8221;.vc_custom_1650966549656{margin-bottom: 20px !important;background-position: center !important;background-repeat: no-repeat !important;background-size: cover !important;}&#8221;][vc_row css=&#8221;.vc_custom_1648566059720{margin-bottom: 0px !important;border-bottom-width: 0px !important;padding-bottom: 0px !important;}&#8221;][vc_column width=&#8221;1\/2&#8243;][vc_column_text css=&#8221;.vc_custom_1650966063349{margin-top: 0px !important;margin-bottom: 0px !important;border-top-width: 0px !important;border-bottom-width: 0px !important;padding-top: 0px !important;padding-bottom: 0px !important;border-top-style: none !important;border-bottom-style: none !important;}&#8221;]<span style=\"color: #aa615f; font-size: 28px;\">WHAT IS<br \/>\n<b>SPECIALTY COFFEE?<\/b><\/span>[\/vc_column_text][vc_single_image image=&#8221;65389&#8243; img_size=&#8221;100&#215;7&#8243; css=&#8221;.vc_custom_1648481787986{margin-top: 0px !important;margin-bottom: 0px !important;border-top-width: 0px !important;border-bottom-width: 0px !important;padding-top: 0px !important;padding-bottom: 0px !important;}&#8221;][vc_column_text css=&#8221;.vc_custom_1650966093192{margin-bottom: 0px !important;}&#8221;]<span class=\"bold-product\" style=\"color: #000000;\">OVER 80 POINTS<\/span><br \/>\nCoffee with a score higher than 80 points, according to an International System of quality assessment by the SCA (Specialty Coffee Association).[\/vc_column_text][vc_column_text css=&#8221;.vc_custom_1650966121254{margin-bottom: 0px !important;}&#8221;]<span class=\"bold-product\" style=\"color: #000000;\">RATED BY A Q-GRADER<\/span><br \/>\nThe grading responds to a physical (absence of defects) and a sensory evaluation of the descriptors of the sample made by certified appraisers.[\/vc_column_text][vc_column_text css=&#8221;.vc_custom_1650966149576{margin-bottom: 0px !important;}&#8221;]<span class=\"bold-product\" style=\"color: #000000;\">LINKED TO A TERRITORY AND HARVEST<\/span><br \/>\nIt grows in privileged areas for its climate and location, applying the best practices in processing and storage.[\/vc_column_text][vc_single_image image=&#8221;65389&#8243; img_size=&#8221;100&#215;7&#8243; css=&#8221;.vc_custom_1648481787986{margin-top: 0px !important;margin-bottom: 0px !important;border-top-width: 0px !important;border-bottom-width: 0px !important;padding-top: 0px !important;padding-bottom: 0px !important;}&#8221;][vc_column_text css=&#8221;.vc_custom_1650966182810{margin-bottom: 0px !important;}&#8221;]At <span class=\"bold-product\" style=\"color: #000000;\">THE ROASTERY<\/span> we understand that specialty coffee goes beyond its score. It involves a high degree of knowledge and care of the entire value chain, from the farmer to the barista.[\/vc_column_text][\/vc_column][vc_column width=&#8221;1\/2&#8243;][vc_single_image image=&#8221;65380&#8243; img_size=&#8221;large&#8221; alignment=&#8221;right&#8221;][\/vc_column][\/vc_row][\/vc_section][vc_row fullwidth=&#8221;true&#8221; fullwidth_content=&#8221;false&#8221; css=&#8221;.vc_custom_1648568816302{margin-bottom: 0px !important;border-bottom-width: 0px !important;padding-top: 50px !important;padding-bottom: 50px !important;background-image: url(https:\/\/cafesnovell.com\/wp-content\/uploads\/2022\/03\/fondo-thr_mesa-de-trabajo-1-scaled.jpg?id=65421) !important;background-position: center !important;background-repeat: no-repeat !important;background-size: cover !important;}&#8221;][vc_column][vc_row_inner css=&#8221;.vc_custom_1648568727490{padding-top: 35px !important;background-color: #ffffff !important;}&#8221;][vc_column_inner][vc_column_text css=&#8221;.vc_custom_1650966201823{margin-bottom: 0px !important;}&#8221;]\n<p style=\"text-align: center;\"><span style=\"color: #000000; font-size: 28px;\">OUR <b>RANGE<\/b><\/span><\/p>\n[\/vc_column_text][\/vc_column_inner][\/vc_row_inner][vc_row_inner css=&#8221;.vc_custom_1648569163897{margin: 0px !important;padding: 0px !important;background-color: #ffffff !important;background-position: 0 0 !important;background-repeat: repeat !important;border: 0px none !important;}&#8221;][vc_column_inner width=&#8221;1\/4&#8243;][vc_single_image image=&#8221;65425&#8243; img_size=&#8221;213&#215;250&#8243; alignment=&#8221;center&#8221;][\/vc_column_inner][vc_column_inner width=&#8221;3\/4&#8243;][vc_column_text css=&#8221;.vc_custom_1650966242991{margin-top: 0px !important;margin-bottom: 0px !important;border-top-width: 0px !important;border-bottom-width: 0px !important;padding-top: 25px !important;padding-bottom: 0px !important;}&#8221;]<span style=\"color: #aa615f; font-size: 22px;\"><b>BESPOKE<\/b> BLEND<\/span><br \/>\n<span style=\"color: #aa615f; font-size: 15px;\">BLEND OF 3 SPECIALTY COFFEES<\/span><br \/>\n<span style=\"line-height: 24px;\">Balanced and fine cup. A touch of acidity highlights the lightness of the arabica coffees. Its<br \/>\nunique roasting curve gives the blend the special softness, body, acidity and sweetness that<br \/>\ndefine THE ROASTERY\u2019s cup.<\/span>[\/vc_column_text][mk_button dimension=&#8221;flat&#8221; size=&#8221;medium&#8221; url=&#8221;https:\/\/cafesnovell.com\/en\/restaurants\/theroastery\/bespoke-blend\/&#8221; bg_color=&#8221;#aa615f&#8221; btn_hover_bg=&#8221;#ffffff&#8221; btn_hover_txt_color=&#8221;#aa615f&#8221;]DISCOVER MORE[\/mk_button][\/vc_column_inner][\/vc_row_inner][vc_row_inner css=&#8221;.vc_custom_1648569109529{margin: 0px !important;padding: 0px !important;background-color: #ffffff !important;background-position: 0 0 !important;background-repeat: no-repeat !important;border: 0px none !important;}&#8221;][vc_column_inner width=&#8221;1\/4&#8243;][vc_single_image image=&#8221;65429&#8243; img_size=&#8221;213&#215;250&#8243; alignment=&#8221;center&#8221;][\/vc_column_inner][vc_column_inner width=&#8221;3\/4&#8243;][vc_column_text css=&#8221;.vc_custom_1650966296904{margin-top: 0px !important;margin-bottom: 0px !important;border-top-width: 0px !important;border-bottom-width: 0px !important;padding-top: 25px !important;padding-bottom: 0px !important;}&#8221;]<span style=\"color: #a1967e; font-size: 22px;\">SINGLE <b>ORIGIN<\/b><\/span><br \/>\n<span style=\"color: #a1967e; font-size: 15px;\">COFFEES FROM SPECIAL REGIONS<\/span><br \/>\nTHE ROASTERY\u2019s Single Origin is a rotating selection specially designed for coffee lovers who<br \/>\nenjoy deciphering the nuances of each origin with exclusive micro-batches of extraordinary score. Upcoming origins: Finca Magnolia (Guatemala), Finca Itumpi Amco (Tanzania) and Finca Sito Boa Esperanza (Brazil).[\/vc_column_text][mk_button dimension=&#8221;flat&#8221; size=&#8221;medium&#8221; url=&#8221;https:\/\/cafesnovell.com\/restauracion\/theroastery\/single-origins\/&#8221; bg_color=&#8221;#a1967e&#8221; btn_hover_bg=&#8221;#ffffff&#8221; btn_hover_txt_color=&#8221;#a1967e&#8221;]DISCOVER MORE[\/mk_button][\/vc_column_inner][\/vc_row_inner][\/vc_column][\/vc_row][vc_row fullwidth=&#8221;true&#8221; fullwidth_content=&#8221;false&#8221; css=&#8221;.vc_custom_1648805927901{margin-top: 50px !important;margin-bottom: 50px !important;background-color: #ffffff !important;background-position: center !important;background-repeat: no-repeat !important;background-size: cover !important;}&#8221;][vc_column width=&#8221;3\/4&#8243;][vc_images_carousel images=&#8221;65449,65453,65457&#8243; img_size=&#8221;full&#8221; onclick=&#8221;link_no&#8221; speed=&#8221;3000&#8243; autoplay=&#8221;yes&#8221; wrap=&#8221;yes&#8221;][\/vc_column][vc_column width=&#8221;1\/4&#8243; css=&#8221;.vc_custom_1648806940596{margin-top: 100px !important;}&#8221;][vc_single_image image=&#8221;65528&#8243; img_size=&#8221;500&#215;175&#8243; alignment=&#8221;center&#8221;][vc_column_text css=&#8221;.vc_custom_1650966319742{margin-bottom: 0px !important;}&#8221;]\n<p style=\"text-align: center;\"><span style=\"color: #aa615f; font-size: 22px;\">SPECIAL<br \/>\nIN EVERY WAY<\/span><\/p>\n[\/vc_column_text][\/vc_column][\/vc_row]\n<\/div>","protected":false},"excerpt":{"rendered":"<p>[vc_section full_width=&#8221;stretch_row&#8221; content_placement=&#8221;middle&#8221; css=&#8221;.vc_custom_1648475131441{background-image: url(https:\/\/cafesnovell.com\/wp-content\/uploads\/2022\/03\/novell_the_rosatery_10_low_res.jpg?id=65361) !important;background-position: center !important;background-repeat: no-repeat !important;background-size: cover !important;}&#8221;][vc_row][vc_column el_class=&#8221;info-container&#8221;][mk_padding_divider size=&#8221;352&#8243; visibility=&#8221;hidden-sm&#8221;][mk_padding_divider size=&#8221;352&#8243; visibility=&#8221;hidden-sm&#8221;][vc_single_image image=&#8221;65369&#8243; img_size=&#8221;380&#215;107&#8243; css=&#8221;.vc_custom_1648564039508{margin-top: 0px !important;margin-right: 0px !important;margin-bottom: 10px !important;margin-left: 0px !important;border-top-width: 0px !important;border-right-width: 0px !important;border-bottom-width: 0px !important;border-left-width: 0px !important;padding-top: 0px !important;padding-right: 0px !important;padding-bottom: 0px !important;padding-left: 0px !important;}&#8221;][vc_column_text css=&#8221;.vc_custom_1747663616703{margin-top: 80px !important;margin-bottom: 0px !important;border-top-width: 0px !important;border-bottom-width: 0px !important;padding-top: 0px !important;padding-bottom: [&hellip;]<\/p>\n","protected":false},"author":36,"featured_media":0,"parent":106890,"menu_order":0,"comment_status":"closed","ping_status":"closed","template":"","meta":{"_acf_changed":false,"content-type":"","footnotes":""},"class_list":["post-64894","page","type-page","status-publish","hentry"],"acf":[],"yoast_head":"<!-- This site is optimized with the Yoast SEO plugin v27.3 - https:\/\/yoast.com\/product\/yoast-seo-wordpress\/ -->\n<title>Caf\u00e9s Novell - Caf\u00e9s para bares, cafeter\u00edas y restaurantes<\/title>\n<meta name=\"description\" content=\"Los mejores caf\u00e9s para profesionales, bares y cafeterias. Caf\u00e9 gourmet certificado es un caf\u00e9 con una cuidada selecci\u00f3n, importaci\u00f3n y tueste. Caf\u00e9s de gama alta y de calidad y ecol\u00f3gico. Novell premium coffee, \u00e9 il caffe, ecqlogic, caf\u00e9 de finca\" \/>\n<meta name=\"robots\" content=\"index, follow, max-snippet:-1, max-image-preview:large, max-video-preview:-1\" \/>\n<link rel=\"canonical\" href=\"https:\/\/cafesnovell.com\/en\/restaurants\/theroastery\/\" \/>\n<meta property=\"og:locale\" content=\"en_US\" \/>\n<meta property=\"og:type\" content=\"article\" \/>\n<meta property=\"og:title\" content=\"Caf\u00e9s Novell - Caf\u00e9s para bares, cafeter\u00edas y restaurantes\" \/>\n<meta property=\"og:description\" content=\"Los mejores caf\u00e9s para profesionales, bares y cafeterias. Caf\u00e9 gourmet certificado es un caf\u00e9 con una cuidada selecci\u00f3n, importaci\u00f3n y tueste. Caf\u00e9s de gama alta y de calidad y ecol\u00f3gico. Novell premium coffee, \u00e9 il caffe, ecqlogic, caf\u00e9 de finca\" \/>\n<meta property=\"og:url\" content=\"https:\/\/cafesnovell.com\/en\/restaurants\/theroastery\/\" \/>\n<meta property=\"og:site_name\" content=\"Caf\u00e8s Novell\" \/>\n<meta property=\"article:modified_time\" content=\"2025-05-21T13:52:30+00:00\" \/>\n<meta name=\"twitter:card\" content=\"summary_large_image\" \/>\n<meta name=\"twitter:label1\" content=\"Est. reading time\" \/>\n\t<meta name=\"twitter:data1\" content=\"3 minutes\" \/>\n<script type=\"application\/ld+json\" class=\"yoast-schema-graph\">{\"@context\":\"https:\\\/\\\/schema.org\",\"@graph\":[{\"@type\":\"WebPage\",\"@id\":\"https:\\\/\\\/cafesnovell.com\\\/en\\\/restaurants\\\/theroastery\\\/\",\"url\":\"https:\\\/\\\/cafesnovell.com\\\/en\\\/restaurants\\\/theroastery\\\/\",\"name\":\"Caf\u00e9s Novell - Caf\u00e9s para bares, cafeter\u00edas y restaurantes\",\"isPartOf\":{\"@id\":\"https:\\\/\\\/cafesnovell.com\\\/en\\\/#website\"},\"datePublished\":\"2022-04-26T09:45:32+00:00\",\"dateModified\":\"2025-05-21T13:52:30+00:00\",\"description\":\"Los mejores caf\u00e9s para profesionales, bares y cafeterias. Caf\u00e9 gourmet certificado es un caf\u00e9 con una cuidada selecci\u00f3n, importaci\u00f3n y tueste. Caf\u00e9s de gama alta y de calidad y ecol\u00f3gico. Novell premium coffee, \u00e9 il caffe, ecqlogic, caf\u00e9 de finca\",\"breadcrumb\":{\"@id\":\"https:\\\/\\\/cafesnovell.com\\\/en\\\/restaurants\\\/theroastery\\\/#breadcrumb\"},\"inLanguage\":\"en-US\",\"potentialAction\":[{\"@type\":\"ReadAction\",\"target\":[\"https:\\\/\\\/cafesnovell.com\\\/en\\\/restaurants\\\/theroastery\\\/\"]}]},{\"@type\":\"BreadcrumbList\",\"@id\":\"https:\\\/\\\/cafesnovell.com\\\/en\\\/restaurants\\\/theroastery\\\/#breadcrumb\",\"itemListElement\":[{\"@type\":\"ListItem\",\"position\":1,\"name\":\"Home\",\"item\":\"https:\\\/\\\/cafesnovell.com\\\/en\\\/\"},{\"@type\":\"ListItem\",\"position\":2,\"name\":\"Restaurants\",\"item\":\"https:\\\/\\\/cafesnovell.com\\\/en\\\/restaurants\\\/\"},{\"@type\":\"ListItem\",\"position\":3,\"name\":\"The Roastery\"}]},{\"@type\":\"WebSite\",\"@id\":\"https:\\\/\\\/cafesnovell.com\\\/en\\\/#website\",\"url\":\"https:\\\/\\\/cafesnovell.com\\\/en\\\/\",\"name\":\"Caf\u00e8s Novell\",\"description\":\"Organic Premium Coffee\",\"potentialAction\":[{\"@type\":\"SearchAction\",\"target\":{\"@type\":\"EntryPoint\",\"urlTemplate\":\"https:\\\/\\\/cafesnovell.com\\\/en\\\/?s={search_term_string}\"},\"query-input\":{\"@type\":\"PropertyValueSpecification\",\"valueRequired\":true,\"valueName\":\"search_term_string\"}}],\"inLanguage\":\"en-US\"}]}<\/script>\n<!-- \/ Yoast SEO plugin. -->","yoast_head_json":{"title":"Caf\u00e9s Novell - Caf\u00e9s para bares, cafeter\u00edas y restaurantes","description":"Los mejores caf\u00e9s para profesionales, bares y cafeterias. Caf\u00e9 gourmet certificado es un caf\u00e9 con una cuidada selecci\u00f3n, importaci\u00f3n y tueste. Caf\u00e9s de gama alta y de calidad y ecol\u00f3gico. Novell premium coffee, \u00e9 il caffe, ecqlogic, caf\u00e9 de finca","robots":{"index":"index","follow":"follow","max-snippet":"max-snippet:-1","max-image-preview":"max-image-preview:large","max-video-preview":"max-video-preview:-1"},"canonical":"https:\/\/cafesnovell.com\/en\/restaurants\/theroastery\/","og_locale":"en_US","og_type":"article","og_title":"Caf\u00e9s Novell - Caf\u00e9s para bares, cafeter\u00edas y restaurantes","og_description":"Los mejores caf\u00e9s para profesionales, bares y cafeterias. Caf\u00e9 gourmet certificado es un caf\u00e9 con una cuidada selecci\u00f3n, importaci\u00f3n y tueste. Caf\u00e9s de gama alta y de calidad y ecol\u00f3gico. Novell premium coffee, \u00e9 il caffe, ecqlogic, caf\u00e9 de finca","og_url":"https:\/\/cafesnovell.com\/en\/restaurants\/theroastery\/","og_site_name":"Caf\u00e8s Novell","article_modified_time":"2025-05-21T13:52:30+00:00","twitter_card":"summary_large_image","twitter_misc":{"Est. reading time":"3 minutes"},"schema":{"@context":"https:\/\/schema.org","@graph":[{"@type":"WebPage","@id":"https:\/\/cafesnovell.com\/en\/restaurants\/theroastery\/","url":"https:\/\/cafesnovell.com\/en\/restaurants\/theroastery\/","name":"Caf\u00e9s Novell - Caf\u00e9s para bares, cafeter\u00edas y restaurantes","isPartOf":{"@id":"https:\/\/cafesnovell.com\/en\/#website"},"datePublished":"2022-04-26T09:45:32+00:00","dateModified":"2025-05-21T13:52:30+00:00","description":"Los mejores caf\u00e9s para profesionales, bares y cafeterias. Caf\u00e9 gourmet certificado es un caf\u00e9 con una cuidada selecci\u00f3n, importaci\u00f3n y tueste. Caf\u00e9s de gama alta y de calidad y ecol\u00f3gico. Novell premium coffee, \u00e9 il caffe, ecqlogic, caf\u00e9 de finca","breadcrumb":{"@id":"https:\/\/cafesnovell.com\/en\/restaurants\/theroastery\/#breadcrumb"},"inLanguage":"en-US","potentialAction":[{"@type":"ReadAction","target":["https:\/\/cafesnovell.com\/en\/restaurants\/theroastery\/"]}]},{"@type":"BreadcrumbList","@id":"https:\/\/cafesnovell.com\/en\/restaurants\/theroastery\/#breadcrumb","itemListElement":[{"@type":"ListItem","position":1,"name":"Home","item":"https:\/\/cafesnovell.com\/en\/"},{"@type":"ListItem","position":2,"name":"Restaurants","item":"https:\/\/cafesnovell.com\/en\/restaurants\/"},{"@type":"ListItem","position":3,"name":"The Roastery"}]},{"@type":"WebSite","@id":"https:\/\/cafesnovell.com\/en\/#website","url":"https:\/\/cafesnovell.com\/en\/","name":"Caf\u00e8s Novell","description":"Organic Premium Coffee","potentialAction":[{"@type":"SearchAction","target":{"@type":"EntryPoint","urlTemplate":"https:\/\/cafesnovell.com\/en\/?s={search_term_string}"},"query-input":{"@type":"PropertyValueSpecification","valueRequired":true,"valueName":"search_term_string"}}],"inLanguage":"en-US"}]}},"_links":{"self":[{"href":"https:\/\/cafesnovell.com\/en\/wp-json\/wp\/v2\/pages\/64894","targetHints":{"allow":["GET"]}}],"collection":[{"href":"https:\/\/cafesnovell.com\/en\/wp-json\/wp\/v2\/pages"}],"about":[{"href":"https:\/\/cafesnovell.com\/en\/wp-json\/wp\/v2\/types\/page"}],"author":[{"embeddable":true,"href":"https:\/\/cafesnovell.com\/en\/wp-json\/wp\/v2\/users\/36"}],"replies":[{"embeddable":true,"href":"https:\/\/cafesnovell.com\/en\/wp-json\/wp\/v2\/comments?post=64894"}],"version-history":[{"count":0,"href":"https:\/\/cafesnovell.com\/en\/wp-json\/wp\/v2\/pages\/64894\/revisions"}],"up":[{"embeddable":true,"href":"https:\/\/cafesnovell.com\/en\/wp-json\/wp\/v2\/pages\/106890"}],"wp:attachment":[{"href":"https:\/\/cafesnovell.com\/en\/wp-json\/wp\/v2\/media?parent=64894"}],"curies":[{"name":"wp","href":"https:\/\/api.w.org\/{rel}","templated":true}]}}