{"id":32881,"date":"2019-10-01T14:27:32","date_gmt":"2019-10-01T14:27:32","guid":{"rendered":"https:\/\/cafesnovell.com\/companies\/cafes\/capsulas\/"},"modified":"2020-01-29T14:16:49","modified_gmt":"2020-01-29T13:16:49","slug":"capsules","status":"publish","type":"page","link":"https:\/\/cafesnovell.com\/en\/companies\/cafes\/capsules\/","title":{"rendered":"C\u00e1psulas Novell Professional Biodegradables"},"content":{"rendered":"<div class=\"wpb-content-wrapper\">[vc_section full_width=&#8221;stretch_row&#8221; css=&#8221;.vc_custom_1570706774374{background-image: url(\/wp-content\/uploads\/2019\/10\/header-espresso.jpg?id=6815) !important;background-position: center !important;background-repeat: no-repeat !important;background-size: cover !important;}&#8221;][vc_row fullwidth=&#8221;true&#8221;][vc_column width=&#8221;11\/12&#8243; css=&#8221;.vc_custom_1569403557803{margin-left: 50px !important;padding-top: 34px !important;padding-bottom: 7px !important;}&#8221;][vc_column_text css=&#8221;.vc_custom_1566455960095{margin-bottom: 0px !important;}&#8221;]PRODUCTOS<br \/>\nNOVELL<br \/>\nESPRESSO[\/vc_column_text][\/vc_column][vc_column width=&#8221;1\/12&#8243;][\/vc_column][\/vc_row][\/vc_section][vc_section full_width=&#8221;stretch_row&#8221; css=&#8221;.vc_custom_1572252670449{background-position: center !important;background-repeat: no-repeat !important;background-size: cover !important;}&#8221;][vc_row][vc_column css=&#8221;.vc_custom_1569403557803{margin-left: 50px !important;padding-top: 34px !important;padding-bottom: 7px !important;}&#8221;][vc_wp_custommenu nav_menu=&#8221;162&#8243; el_class=&#8221;menu-productos-container menu-productos-te&#8221;][\/vc_column][\/vc_row][\/vc_section][vc_section full_width=&#8221;stretch_row&#8221; el_class=&#8221;section-products&#8221;][vc_row css=&#8221;.vc_custom_1566477030763{margin-bottom: 44px !important;border-top-width: 1px !important;border-right-width: 1px !important;border-bottom-width: 1px !important;border-left-width: 1px !important;border-left-color: #cccccc !important;border-left-style: solid !important;border-right-color: #cccccc !important;border-right-style: solid !important;border-top-color: #cccccc !important;border-top-style: solid !important;border-bottom-color: #cccccc !important;border-bottom-style: solid !important;}&#8221;][vc_column width=&#8221;1\/6&#8243; css=&#8221;.vc_custom_1566541362053{padding-top: 8px !important;padding-bottom: 12px !important;}&#8221;][mk_padding_divider size=&#8221;50&#8243; visibility=&#8221;hidden-sm&#8221;][vc_single_image image=&#8221;7005&#8243; img_size=&#8221;full&#8221; alignment=&#8221;center&#8221;][\/vc_column][vc_column width=&#8221;5\/6&#8243; css=&#8221;.vc_custom_1569941163829{padding-top: 38px !important;}&#8221;][vc_column_text css=&#8221;.vc_custom_1570617030332{margin-bottom: 0px !important;}&#8221;]\n<h3>INTENSO<\/h3>\n[\/vc_column_text][vc_column_text css=&#8221;.vc_custom_1579181615724{margin-bottom: 0px !important;}&#8221;]Novell Professional responsible coffee capsules, 100% biodegradable.<\/p>\n<p>The Intenso variety is a blend with body, providing a lingering taste in the mouth with a light aroma and intense flavour. It presents a touch of acidity that pleasantly persists on the palate, with caramelised and roasted aromas.<\/p>\n<p>The perfect coffee for lovers of black coffee.[\/vc_column_text][vc_btn title=&#8221;BUY&#8221; shape=&#8221;square&#8221; color=&#8221;default&#8221; link=&#8221;url:%2Fen%2Feshop%2Fcoffee%2Fcapsules-en%2Fnovell-professional-capsules%2Fcapsulas-novell-professional-biodegradables-intenso-5%2F|title:C%C3%81PSULAS%20NOVELL%20PROFESSIONAL%20BIODEGRADABLES%20%E2%80%93%20INTENSO||&#8221;][\/vc_column][\/vc_row][vc_row css=&#8221;.vc_custom_1566477030763{margin-bottom: 44px !important;border-top-width: 1px !important;border-right-width: 1px !important;border-bottom-width: 1px !important;border-left-width: 1px !important;border-left-color: #cccccc !important;border-left-style: solid !important;border-right-color: #cccccc !important;border-right-style: solid !important;border-top-color: #cccccc !important;border-top-style: solid !important;border-bottom-color: #cccccc !important;border-bottom-style: solid !important;}&#8221;][vc_column width=&#8221;1\/6&#8243; css=&#8221;.vc_custom_1566541362053{padding-top: 8px !important;padding-bottom: 12px !important;}&#8221;][mk_padding_divider size=&#8221;50&#8243; visibility=&#8221;hidden-sm&#8221;][vc_single_image image=&#8221;7009&#8243; img_size=&#8221;full&#8221; alignment=&#8221;center&#8221;][\/vc_column][vc_column width=&#8221;5\/6&#8243; css=&#8221;.vc_custom_1569941171517{padding-top: 38px !important;}&#8221;][vc_column_text css=&#8221;.vc_custom_1570617041170{margin-bottom: 0px !important;}&#8221;]\n<h3>CREMOSO<\/h3>\n[\/vc_column_text][vc_column_text css=&#8221;.vc_custom_1579181679006{margin-bottom: 0px !important;}&#8221;]\n<p>Novell Professional responsible coffee capsules, 100% biodegradable.<\/p>\n<p>The Cremoso variety has a composition of intensity and persistent creaminess with a smooth aroma. The end result is a cup of strong, full-bodied, creamy coffee.<\/p>\n<p>Perfect for lovers of white coffee.<\/p>\n[\/vc_column_text][vc_btn title=&#8221;BUY&#8221; shape=&#8221;square&#8221; color=&#8221;default&#8221; link=&#8221;url:%2Fen%2Feshop%2Fcoffee%2Fcapsules-en%2Fnovell-professional-capsules%2Fcapsulas-novell-professional-biodegradables-cremoso-4%2F|title:C%C3%81PSULAS%20NOVELL%20PROFESSIONAL%20BIODEGRADABLES%20%E2%80%93%20CREMOSO||&#8221;][\/vc_column][\/vc_row][vc_row css=&#8221;.vc_custom_1566476184856{margin-bottom: 44px !important;border-top-width: 1px !important;border-right-width: 1px !important;border-bottom-width: 1px !important;border-left-width: 1px !important;border-left-color: #cccccc !important;border-left-style: solid !important;border-right-color: #cccccc !important;border-right-style: solid !important;border-top-color: #cccccc !important;border-top-style: solid !important;border-bottom-color: #cccccc !important;border-bottom-style: solid !important;}&#8221;][vc_column width=&#8221;1\/6&#8243; css=&#8221;.vc_custom_1569941563917{padding-top: 7px !important;}&#8221;][mk_padding_divider size=&#8221;50&#8243; visibility=&#8221;hidden-sm&#8221;][vc_single_image image=&#8221;7001&#8243; img_size=&#8221;full&#8221; alignment=&#8221;center&#8221;][\/vc_column][vc_column width=&#8221;5\/6&#8243; css=&#8221;.vc_custom_1569941611285{padding-top: 38px !important;}&#8221;][vc_column_text css=&#8221;.vc_custom_1570617020371{margin-bottom: 0px !important;}&#8221;]\n<h3>PI\u00d9 AROMA<\/h3>\n[\/vc_column_text][vc_column_text css=&#8221;.vc_custom_1579181713933{margin-bottom: 0px !important;}&#8221;]Novell Professional responsible coffee capsules, 100% biodegradable.<\/p>\n<p>The Pi\u00f9 Aroma variety is a blend of 100% Arabica coffee. Aromatic and perfumed with floral notes and a medium body. Its intensity, delicacy and fullness define this coffee, which is lightly roasted to conserve the subtle aroma of the blend.<\/p>\n<p>For lovers of smooth coffee.[\/vc_column_text][vc_btn title=&#8221;BUY&#8221; shape=&#8221;square&#8221; color=&#8221;default&#8221; link=&#8221;url:%2Fen%2Feshop%2Fcoffee%2Fcapsules-en%2Fnovell-professional-capsules%2Fcapsulas-novell-professional-biodegradables-piu-aroma-3%2F|title:C%C3%81PSULAS%20NOVELL%20PROFESSIONAL%20BIODEGRADABLES%20%E2%80%93%20PI%C3%99%20AROMA||&#8221;][\/vc_column][\/vc_row][vc_row css=&#8221;.vc_custom_1566477030763{margin-bottom: 44px !important;border-top-width: 1px !important;border-right-width: 1px !important;border-bottom-width: 1px !important;border-left-width: 1px !important;border-left-color: #cccccc !important;border-left-style: solid !important;border-right-color: #cccccc !important;border-right-style: solid !important;border-top-color: #cccccc !important;border-top-style: solid !important;border-bottom-color: #cccccc !important;border-bottom-style: solid !important;}&#8221;][vc_column width=&#8221;1\/6&#8243; css=&#8221;.vc_custom_1566541362053{padding-top: 8px !important;padding-bottom: 12px !important;}&#8221;][mk_padding_divider size=&#8221;50&#8243; visibility=&#8221;hidden-sm&#8221;][vc_single_image image=&#8221;7013&#8243; img_size=&#8221;full&#8221; alignment=&#8221;center&#8221;][\/vc_column][vc_column width=&#8221;5\/6&#8243; css=&#8221;.vc_custom_1569941177596{padding-top: 38px !important;}&#8221;][vc_column_text css=&#8221;.vc_custom_1570617119506{margin-bottom: 0px !important;}&#8221;]\n<h3>DECAFFEINATO<\/h3>\n[\/vc_column_text][vc_column_text css=&#8221;.vc_custom_1579181766312{margin-bottom: 0px !important;}&#8221;]Novell Professional responsible decaffeinated coffee capsules,100% biodegradable.<\/p>\n<p>The Decaffeinato variety provides a very balanced blend, with all the aroma and character of a great coffee but without the caffeine. The decaffeination process is completely natural and converts it into an impeccable espresso, without any loss of flavour or chemical aftertaste.<\/p>\n<p>The perfect choice for enjoying a cup of responsible coffee at any time of the day.[\/vc_column_text][vc_btn title=&#8221;BUY&#8221; shape=&#8221;square&#8221; color=&#8221;default&#8221; link=&#8221;url:%2Fen%2Feshop%2Fcoffee%2Fcapsules-en%2Fnovell-professional-capsules%2Fcapsulas-novell-professional-biodegradables-decaffeinato-4%2F|title:C%C3%81PSULAS%20NOVELL%20PROFESSIONAL%20BIODEGRADABLES%20%E2%80%93%20DEKAFF||&#8221;][\/vc_column][\/vc_row][\/vc_section]\n<\/div>","protected":false},"excerpt":{"rendered":"<p>[vc_section full_width=&#8221;stretch_row&#8221; css=&#8221;.vc_custom_1570706774374{background-image: url(\/wp-content\/uploads\/2019\/10\/header-espresso.jpg?id=6815) !important;background-position: center !important;background-repeat: no-repeat !important;background-size: cover !important;}&#8221;][vc_row fullwidth=&#8221;true&#8221;][vc_column width=&#8221;11\/12&#8243; css=&#8221;.vc_custom_1569403557803{margin-left: 50px !important;padding-top: 34px !important;padding-bottom: 7px !important;}&#8221;][vc_column_text css=&#8221;.vc_custom_1566455960095{margin-bottom: 0px !important;}&#8221;]PRODUCTOS NOVELL ESPRESSO[\/vc_column_text][\/vc_column][vc_column width=&#8221;1\/12&#8243;][\/vc_column][\/vc_row][\/vc_section][vc_section full_width=&#8221;stretch_row&#8221; css=&#8221;.vc_custom_1572252670449{background-position: center !important;background-repeat: no-repeat !important;background-size: cover !important;}&#8221;][vc_row][vc_column css=&#8221;.vc_custom_1569403557803{margin-left: 50px !important;padding-top: 34px !important;padding-bottom: 7px !important;}&#8221;][vc_wp_custommenu nav_menu=&#8221;162&#8243; el_class=&#8221;menu-productos-container menu-productos-te&#8221;][\/vc_column][\/vc_row][\/vc_section][vc_section full_width=&#8221;stretch_row&#8221; el_class=&#8221;section-products&#8221;][vc_row css=&#8221;.vc_custom_1566477030763{margin-bottom: 44px !important;border-top-width: 1px !important;border-right-width: 1px !important;border-bottom-width: 1px !important;border-left-width: [&hellip;]<\/p>\n","protected":false},"author":1,"featured_media":0,"parent":32647,"menu_order":0,"comment_status":"closed","ping_status":"closed","template":"","meta":{"_acf_changed":false,"content-type":"","footnotes":""},"class_list":["post-32881","page","type-page","status-publish","hentry"],"acf":[],"yoast_head":"<!-- This site is optimized with the Yoast SEO plugin v27.3 - https:\/\/yoast.com\/product\/yoast-seo-wordpress\/ -->\n<title>C\u00e1psulas Novell Professional Biodegradables - Caf\u00e8s Novell<\/title>\n<meta name=\"description\" content=\"CAF\u00c8 PARA EMPRESAS. Una selecci\u00f3n de diferentes blends en distintas intensidades, incluyendo descafeinados, presentados en c\u00e1psulas monodosis biodegradables, especialmente pensadas para el consumo laboral. Caf\u00e9s con sabor excelente que reflejan el compromiso de Novell con la sostenibilidad y el medio ambiente.\" \/>\n<meta name=\"robots\" content=\"index, follow, max-snippet:-1, max-image-preview:large, max-video-preview:-1\" \/>\n<link rel=\"canonical\" href=\"https:\/\/cafesnovell.com\/en\/companies\/cafes\/capsules\/\" \/>\n<meta property=\"og:locale\" content=\"en_US\" \/>\n<meta property=\"og:type\" content=\"article\" \/>\n<meta property=\"og:title\" content=\"C\u00e1psulas Novell Professional Biodegradables - Caf\u00e8s Novell\" \/>\n<meta property=\"og:description\" content=\"CAF\u00c8 PARA EMPRESAS. Una selecci\u00f3n de diferentes blends en distintas intensidades, incluyendo descafeinados, presentados en c\u00e1psulas monodosis biodegradables, especialmente pensadas para el consumo laboral. Caf\u00e9s con sabor excelente que reflejan el compromiso de Novell con la sostenibilidad y el medio ambiente.\" \/>\n<meta property=\"og:url\" content=\"https:\/\/cafesnovell.com\/en\/companies\/cafes\/capsules\/\" \/>\n<meta property=\"og:site_name\" content=\"Caf\u00e8s Novell\" \/>\n<meta property=\"article:modified_time\" content=\"2020-01-29T13:16:49+00:00\" \/>\n<meta name=\"twitter:card\" content=\"summary_large_image\" \/>\n<meta name=\"twitter:label1\" content=\"Est. reading time\" \/>\n\t<meta name=\"twitter:data1\" content=\"4 minutes\" \/>\n<script type=\"application\/ld+json\" class=\"yoast-schema-graph\">{\"@context\":\"https:\\\/\\\/schema.org\",\"@graph\":[{\"@type\":\"WebPage\",\"@id\":\"https:\\\/\\\/cafesnovell.com\\\/en\\\/companies\\\/cafes\\\/capsules\\\/\",\"url\":\"https:\\\/\\\/cafesnovell.com\\\/en\\\/companies\\\/cafes\\\/capsules\\\/\",\"name\":\"C\u00e1psulas Novell Professional Biodegradables - Caf\u00e8s Novell\",\"isPartOf\":{\"@id\":\"https:\\\/\\\/cafesnovell.com\\\/en\\\/#website\"},\"datePublished\":\"2019-10-01T14:27:32+00:00\",\"dateModified\":\"2020-01-29T13:16:49+00:00\",\"description\":\"CAF\u00c8 PARA EMPRESAS. Una selecci\u00f3n de diferentes blends en distintas intensidades, incluyendo descafeinados, presentados en c\u00e1psulas monodosis biodegradables, especialmente pensadas para el consumo laboral. Caf\u00e9s con sabor excelente que reflejan el compromiso de Novell con la sostenibilidad y el medio ambiente.\",\"breadcrumb\":{\"@id\":\"https:\\\/\\\/cafesnovell.com\\\/en\\\/companies\\\/cafes\\\/capsules\\\/#breadcrumb\"},\"inLanguage\":\"en-US\",\"potentialAction\":[{\"@type\":\"ReadAction\",\"target\":[\"https:\\\/\\\/cafesnovell.com\\\/en\\\/companies\\\/cafes\\\/capsules\\\/\"]}]},{\"@type\":\"BreadcrumbList\",\"@id\":\"https:\\\/\\\/cafesnovell.com\\\/en\\\/companies\\\/cafes\\\/capsules\\\/#breadcrumb\",\"itemListElement\":[{\"@type\":\"ListItem\",\"position\":1,\"name\":\"Home\",\"item\":\"https:\\\/\\\/cafesnovell.com\\\/en\\\/\"},{\"@type\":\"ListItem\",\"position\":2,\"name\":\"Companies\",\"item\":\"https:\\\/\\\/cafesnovell.com\\\/en\\\/companies\\\/\"},{\"@type\":\"ListItem\",\"position\":3,\"name\":\"Caf\u00e9s\",\"item\":\"https:\\\/\\\/cafesnovell.com\\\/en\\\/companies\\\/cafes\\\/\"},{\"@type\":\"ListItem\",\"position\":4,\"name\":\"C\u00e1psulas Novell Professional Biodegradables\"}]},{\"@type\":\"WebSite\",\"@id\":\"https:\\\/\\\/cafesnovell.com\\\/en\\\/#website\",\"url\":\"https:\\\/\\\/cafesnovell.com\\\/en\\\/\",\"name\":\"Caf\u00e8s Novell\",\"description\":\"Organic Premium Coffee\",\"potentialAction\":[{\"@type\":\"SearchAction\",\"target\":{\"@type\":\"EntryPoint\",\"urlTemplate\":\"https:\\\/\\\/cafesnovell.com\\\/en\\\/?s={search_term_string}\"},\"query-input\":{\"@type\":\"PropertyValueSpecification\",\"valueRequired\":true,\"valueName\":\"search_term_string\"}}],\"inLanguage\":\"en-US\"}]}<\/script>\n<!-- \/ Yoast SEO plugin. -->","yoast_head_json":{"title":"C\u00e1psulas Novell Professional Biodegradables - Caf\u00e8s Novell","description":"CAF\u00c8 PARA EMPRESAS. Una selecci\u00f3n de diferentes blends en distintas intensidades, incluyendo descafeinados, presentados en c\u00e1psulas monodosis biodegradables, especialmente pensadas para el consumo laboral. Caf\u00e9s con sabor excelente que reflejan el compromiso de Novell con la sostenibilidad y el medio ambiente.","robots":{"index":"index","follow":"follow","max-snippet":"max-snippet:-1","max-image-preview":"max-image-preview:large","max-video-preview":"max-video-preview:-1"},"canonical":"https:\/\/cafesnovell.com\/en\/companies\/cafes\/capsules\/","og_locale":"en_US","og_type":"article","og_title":"C\u00e1psulas Novell Professional Biodegradables - Caf\u00e8s Novell","og_description":"CAF\u00c8 PARA EMPRESAS. Una selecci\u00f3n de diferentes blends en distintas intensidades, incluyendo descafeinados, presentados en c\u00e1psulas monodosis biodegradables, especialmente pensadas para el consumo laboral. Caf\u00e9s con sabor excelente que reflejan el compromiso de Novell con la sostenibilidad y el medio ambiente.","og_url":"https:\/\/cafesnovell.com\/en\/companies\/cafes\/capsules\/","og_site_name":"Caf\u00e8s Novell","article_modified_time":"2020-01-29T13:16:49+00:00","twitter_card":"summary_large_image","twitter_misc":{"Est. reading time":"4 minutes"},"schema":{"@context":"https:\/\/schema.org","@graph":[{"@type":"WebPage","@id":"https:\/\/cafesnovell.com\/en\/companies\/cafes\/capsules\/","url":"https:\/\/cafesnovell.com\/en\/companies\/cafes\/capsules\/","name":"C\u00e1psulas Novell Professional Biodegradables - Caf\u00e8s Novell","isPartOf":{"@id":"https:\/\/cafesnovell.com\/en\/#website"},"datePublished":"2019-10-01T14:27:32+00:00","dateModified":"2020-01-29T13:16:49+00:00","description":"CAF\u00c8 PARA EMPRESAS. Una selecci\u00f3n de diferentes blends en distintas intensidades, incluyendo descafeinados, presentados en c\u00e1psulas monodosis biodegradables, especialmente pensadas para el consumo laboral. Caf\u00e9s con sabor excelente que reflejan el compromiso de Novell con la sostenibilidad y el medio ambiente.","breadcrumb":{"@id":"https:\/\/cafesnovell.com\/en\/companies\/cafes\/capsules\/#breadcrumb"},"inLanguage":"en-US","potentialAction":[{"@type":"ReadAction","target":["https:\/\/cafesnovell.com\/en\/companies\/cafes\/capsules\/"]}]},{"@type":"BreadcrumbList","@id":"https:\/\/cafesnovell.com\/en\/companies\/cafes\/capsules\/#breadcrumb","itemListElement":[{"@type":"ListItem","position":1,"name":"Home","item":"https:\/\/cafesnovell.com\/en\/"},{"@type":"ListItem","position":2,"name":"Companies","item":"https:\/\/cafesnovell.com\/en\/companies\/"},{"@type":"ListItem","position":3,"name":"Caf\u00e9s","item":"https:\/\/cafesnovell.com\/en\/companies\/cafes\/"},{"@type":"ListItem","position":4,"name":"C\u00e1psulas Novell Professional Biodegradables"}]},{"@type":"WebSite","@id":"https:\/\/cafesnovell.com\/en\/#website","url":"https:\/\/cafesnovell.com\/en\/","name":"Caf\u00e8s Novell","description":"Organic Premium Coffee","potentialAction":[{"@type":"SearchAction","target":{"@type":"EntryPoint","urlTemplate":"https:\/\/cafesnovell.com\/en\/?s={search_term_string}"},"query-input":{"@type":"PropertyValueSpecification","valueRequired":true,"valueName":"search_term_string"}}],"inLanguage":"en-US"}]}},"_links":{"self":[{"href":"https:\/\/cafesnovell.com\/en\/wp-json\/wp\/v2\/pages\/32881","targetHints":{"allow":["GET"]}}],"collection":[{"href":"https:\/\/cafesnovell.com\/en\/wp-json\/wp\/v2\/pages"}],"about":[{"href":"https:\/\/cafesnovell.com\/en\/wp-json\/wp\/v2\/types\/page"}],"author":[{"embeddable":true,"href":"https:\/\/cafesnovell.com\/en\/wp-json\/wp\/v2\/users\/1"}],"replies":[{"embeddable":true,"href":"https:\/\/cafesnovell.com\/en\/wp-json\/wp\/v2\/comments?post=32881"}],"version-history":[{"count":0,"href":"https:\/\/cafesnovell.com\/en\/wp-json\/wp\/v2\/pages\/32881\/revisions"}],"up":[{"embeddable":true,"href":"https:\/\/cafesnovell.com\/en\/wp-json\/wp\/v2\/pages\/32647"}],"wp:attachment":[{"href":"https:\/\/cafesnovell.com\/en\/wp-json\/wp\/v2\/media?parent=32881"}],"curies":[{"name":"wp","href":"https:\/\/api.w.org\/{rel}","templated":true}]}}