{"id":32879,"date":"2019-10-01T14:00:55","date_gmt":"2019-10-01T14:00:55","guid":{"rendered":"https:\/\/cafesnovell.com\/companies\/cafes\/cafes-en-grano\/"},"modified":"2020-01-29T14:12:46","modified_gmt":"2020-01-29T13:12:46","slug":"coffee-beans","status":"publish","type":"page","link":"https:\/\/cafesnovell.com\/en\/companies\/cafes\/coffee-beans\/","title":{"rendered":"Coffee beans"},"content":{"rendered":"<div class=\"wpb-content-wrapper\">[vc_section full_width=&#8221;stretch_row&#8221; css=&#8221;.vc_custom_1570699908902{background-image: url(\/wp-content\/uploads\/2019\/10\/header-espresso.jpg?id=6815) !important;background-position: center !important;background-repeat: no-repeat !important;background-size: cover !important;}&#8221;][vc_row fullwidth=&#8221;true&#8221;][vc_column width=&#8221;11\/12&#8243; css=&#8221;.vc_custom_1569403557803{margin-left: 50px !important;padding-top: 34px !important;padding-bottom: 7px !important;}&#8221;][vc_column_text css=&#8221;.vc_custom_1566455960095{margin-bottom: 0px !important;}&#8221;]PRODUCTOS<br \/>\nNOVELL<br \/>\nESPRESSO[\/vc_column_text][\/vc_column][vc_column width=&#8221;1\/12&#8243;][\/vc_column][\/vc_row][\/vc_section][vc_section full_width=&#8221;stretch_row&#8221; css=&#8221;.vc_custom_1572252555701{background-position: center !important;background-repeat: no-repeat !important;background-size: cover !important;}&#8221;][vc_row fullwidth=&#8221;true&#8221;][vc_column css=&#8221;.vc_custom_1569403557803{margin-left: 50px !important;padding-top: 34px !important;padding-bottom: 7px !important;}&#8221;][vc_wp_custommenu nav_menu=&#8221;162&#8243; el_class=&#8221;menu-productos-container menu-productos-te&#8221;][\/vc_column][\/vc_row][\/vc_section][vc_section full_width=&#8221;stretch_row&#8221; el_class=&#8221;section-products&#8221;][vc_row css=&#8221;.vc_custom_1566476184856{margin-bottom: 44px !important;border-top-width: 1px !important;border-right-width: 1px !important;border-bottom-width: 1px !important;border-left-width: 1px !important;border-left-color: #cccccc !important;border-left-style: solid !important;border-right-color: #cccccc !important;border-right-style: solid !important;border-top-color: #cccccc !important;border-top-style: solid !important;border-bottom-color: #cccccc !important;border-bottom-style: solid !important;}&#8221;][vc_column width=&#8221;1\/6&#8243; css=&#8221;.vc_custom_1566541186062{padding-top: 7px !important;}&#8221;][vc_single_image image=&#8221;6819&#8243; img_size=&#8221;full&#8221; alignment=&#8221;center&#8221;][\/vc_column][vc_column width=&#8221;7\/12&#8243; css=&#8221;.vc_custom_1566474278978{padding-top: 38px !important;}&#8221;][vc_column_text css=&#8221;.vc_custom_1566467146672{margin-bottom: 0px !important;}&#8221;]\n<h3>GOURMET RESPONSABLE<\/h3>\n[\/vc_column_text][vc_column_text css=&#8221;.vc_custom_1579181294020{margin-bottom: 0px !important;}&#8221;]\n<p><em>A blend<\/em> of Arabica, natural and washed, and washed Robusta coffee sourced from UTZ Certified suppliers. The result is a cup of coffee with considerable body, but no astringency. Intense in taste but moderately acidic, this blend stands out for its balance and presence in the cup.<\/p>\n<p>The aroma has soft and sweet hints with fresh butter, cereals, chocolate and vanilla, along with a floral and caramelised aroma that lingers on the palate.<\/p>\n[\/vc_column_text][vc_single_image image=&#8221;6831&#8243; img_size=&#8221;full&#8221; el_class=&#8221;cert-cafe&#8221;][vc_btn title=&#8221;BUY&#8221; shape=&#8221;square&#8221; color=&#8221;default&#8221; link=&#8221;url:%2Fen%2Feshop%2Fcoffee%2Fbeans%2Fgourmet-responsable-2%2F|title:Gourmet%20Responsible||&#8221;][\/vc_column][vc_column width=&#8221;1\/4&#8243; css=&#8221;.vc_custom_1566474343288{padding-top: 25px !important;}&#8221;][vc_single_image image=&#8221;25101&#8243; img_size=&#8221;full&#8221; alignment=&#8221;center&#8221;][\/vc_column][\/vc_row][vc_row css=&#8221;.vc_custom_1566477030763{margin-bottom: 44px !important;border-top-width: 1px !important;border-right-width: 1px !important;border-bottom-width: 1px !important;border-left-width: 1px !important;border-left-color: #cccccc !important;border-left-style: solid !important;border-right-color: #cccccc !important;border-right-style: solid !important;border-top-color: #cccccc !important;border-top-style: solid !important;border-bottom-color: #cccccc !important;border-bottom-style: solid !important;}&#8221;][vc_column width=&#8221;1\/6&#8243; css=&#8221;.vc_custom_1566541362053{padding-top: 8px !important;padding-bottom: 12px !important;}&#8221;][vc_single_image image=&#8221;6835&#8243; img_size=&#8221;full&#8221; alignment=&#8221;center&#8221;][\/vc_column][vc_column width=&#8221;7\/12&#8243; css=&#8221;.vc_custom_1566474278978{padding-top: 38px !important;}&#8221;][vc_column_text css=&#8221;.vc_custom_1566476912978{margin-bottom: 0px !important;}&#8221;]\n<h3>GOURMET MOCCA<\/h3>\n[\/vc_column_text][vc_column_text css=&#8221;.vc_custom_1579181380609{margin-bottom: 0px !important;}&#8221;]100% Arabica and 100% organic <em>blend<\/em> with both natural and gently washed Arabica beans. Fine and balanced cup with a slight tendency towards acidity.<\/p>\n<p>On the palate there are hints of caramel, bitter cocoa and roasted nuts with a citrus base together with a fresh and floral aroma with a sweet touch of vanilla.<\/p>\n<p>Perfect for a coffee-break or after a meal.[\/vc_column_text][vc_single_image image=&#8221;3588&#8243; img_size=&#8221;full&#8221; el_class=&#8221;cert-cafe&#8221;][vc_single_image image=&#8221;6442&#8243; img_size=&#8221;full&#8221; el_class=&#8221;cert-cafe&#8221;][\/vc_column][vc_column width=&#8221;1\/4&#8243; css=&#8221;.vc_custom_1566474343288{padding-top: 25px !important;}&#8221;][vc_single_image image=&#8221;25105&#8243; img_size=&#8221;full&#8221; alignment=&#8221;center&#8221;][\/vc_column][\/vc_row][vc_row css=&#8221;.vc_custom_1567148163606{margin-bottom: 44px !important;border-top-width: 1px !important;border-right-width: 1px !important;border-bottom-width: 1px !important;border-left-width: 1px !important;padding-top: 8px !important;padding-bottom: 8px !important;border-left-color: #cccccc !important;border-left-style: solid !important;border-right-color: #cccccc !important;border-right-style: solid !important;border-top-color: #cccccc !important;border-top-style: solid !important;border-bottom-color: #cccccc !important;border-bottom-style: solid !important;}&#8221;][vc_column width=&#8221;1\/6&#8243; css=&#8221;.vc_custom_1567147763279{padding-top: 18px !important;padding-bottom: 12px !important;}&#8221;][vc_single_image image=&#8221;6859&#8243; img_size=&#8221;full&#8221; alignment=&#8221;center&#8221;][\/vc_column][vc_column width=&#8221;7\/12&#8243; css=&#8221;.vc_custom_1566474278978{padding-top: 38px !important;}&#8221;][vc_column_text css=&#8221;.vc_custom_1566542861697{margin-bottom: 0px !important;}&#8221;]\n<h3>DEKAFF RESPONSABLE<\/h3>\n[\/vc_column_text][vc_column_text css=&#8221;.vc_custom_1579181417068{margin-bottom: 0px !important;}&#8221;]100% Arabica <em>blend<\/em>, resulting in a well-balanced cup. The decaffeination process is totally natural, obtaining a flawless cup of coffee with no chemical aftertaste, (from methylene chloride, for example).<\/p>\n<p>Fresh citrus notes combined with other warmer ones of cereals and nuts. Slightly acidic in the mouth with a sweet structure.[\/vc_column_text][vc_single_image image=&#8221;6831&#8243; img_size=&#8221;full&#8221; el_class=&#8221;cert-cafe&#8221;][vc_btn title=&#8221;BUY&#8221; shape=&#8221;square&#8221; color=&#8221;default&#8221; link=&#8221;url:%2Fen%2Feshop%2Fcoffee%2Fbeans%2Fdekaff-responsable-2%2F|title:Dekaff%20Responsable||&#8221;][\/vc_column][vc_column width=&#8221;1\/4&#8243; css=&#8221;.vc_custom_1566474343288{padding-top: 25px !important;}&#8221;][vc_single_image image=&#8221;25109&#8243; img_size=&#8221;full&#8221; alignment=&#8221;center&#8221;][\/vc_column][\/vc_row][vc_row css=&#8221;.vc_custom_1566477030763{margin-bottom: 44px !important;border-top-width: 1px !important;border-right-width: 1px !important;border-bottom-width: 1px !important;border-left-width: 1px !important;border-left-color: #cccccc !important;border-left-style: solid !important;border-right-color: #cccccc !important;border-right-style: solid !important;border-top-color: #cccccc !important;border-top-style: solid !important;border-bottom-color: #cccccc !important;border-bottom-style: solid !important;}&#8221;][vc_column width=&#8221;1\/6&#8243; css=&#8221;.vc_custom_1566541362053{padding-top: 8px !important;padding-bottom: 12px !important;}&#8221;][vc_single_image image=&#8221;6867&#8243; img_size=&#8221;full&#8221; alignment=&#8221;center&#8221;][\/vc_column][vc_column width=&#8221;7\/12&#8243; css=&#8221;.vc_custom_1566474278978{padding-top: 38px !important;}&#8221;][vc_column_text css=&#8221;.vc_custom_1570454827679{margin-bottom: 0px !important;}&#8221;]\n<h3>DEKAFF<\/h3>\n[\/vc_column_text][vc_column_text css=&#8221;.vc_custom_1579181465726{margin-bottom: 0px !important;}&#8221;]100% Arabica <em>blend<\/em>, resulting in a well-balanced cup. The decaffeination process is totally natural, obtaining a flawless cup of coffee with no chemical aftertaste, (from methylene chloride, for example).<\/p>\n<p>Balanced and structured in the cup, with notes of toast, cereals, vanilla and citrus. A caffeine-free espresso to enjoy at any time of the day.[\/vc_column_text][\/vc_column][vc_column width=&#8221;1\/4&#8243; css=&#8221;.vc_custom_1566474343288{padding-top: 25px !important;}&#8221;][vc_single_image image=&#8221;25113&#8243; img_size=&#8221;full&#8221; alignment=&#8221;center&#8221;][\/vc_column][\/vc_row][\/vc_section]\n<\/div>","protected":false},"excerpt":{"rendered":"<p>[vc_section full_width=&#8221;stretch_row&#8221; css=&#8221;.vc_custom_1570699908902{background-image: url(\/wp-content\/uploads\/2019\/10\/header-espresso.jpg?id=6815) !important;background-position: center !important;background-repeat: no-repeat !important;background-size: cover !important;}&#8221;][vc_row fullwidth=&#8221;true&#8221;][vc_column width=&#8221;11\/12&#8243; css=&#8221;.vc_custom_1569403557803{margin-left: 50px !important;padding-top: 34px !important;padding-bottom: 7px !important;}&#8221;][vc_column_text css=&#8221;.vc_custom_1566455960095{margin-bottom: 0px !important;}&#8221;]PRODUCTOS NOVELL ESPRESSO[\/vc_column_text][\/vc_column][vc_column width=&#8221;1\/12&#8243;][\/vc_column][\/vc_row][\/vc_section][vc_section full_width=&#8221;stretch_row&#8221; css=&#8221;.vc_custom_1572252555701{background-position: center !important;background-repeat: no-repeat !important;background-size: cover !important;}&#8221;][vc_row fullwidth=&#8221;true&#8221;][vc_column css=&#8221;.vc_custom_1569403557803{margin-left: 50px !important;padding-top: 34px !important;padding-bottom: 7px !important;}&#8221;][vc_wp_custommenu nav_menu=&#8221;162&#8243; el_class=&#8221;menu-productos-container menu-productos-te&#8221;][\/vc_column][\/vc_row][\/vc_section][vc_section full_width=&#8221;stretch_row&#8221; el_class=&#8221;section-products&#8221;][vc_row css=&#8221;.vc_custom_1566476184856{margin-bottom: 44px !important;border-top-width: 1px !important;border-right-width: 1px !important;border-bottom-width: 1px [&hellip;]<\/p>\n","protected":false},"author":1,"featured_media":0,"parent":32647,"menu_order":0,"comment_status":"closed","ping_status":"closed","template":"","meta":{"_acf_changed":false,"content-type":"","footnotes":""},"class_list":["post-32879","page","type-page","status-publish","hentry"],"acf":[],"yoast_head":"<!-- This site is optimized with the Yoast SEO plugin v27.3 - https:\/\/yoast.com\/product\/yoast-seo-wordpress\/ -->\n<title>Coffee beans - Caf\u00e8s Novell<\/title>\n<meta name=\"description\" content=\"CAF\u00c8S PARA EMPRESAS. Nuestro caf\u00e9 gourmet certificado es un caf\u00e9 con una cuidada selecci\u00f3n, importaci\u00f3n y tueste. Ofrecemos a las empresas la mayor calidad en cada taza de caf\u00e9 espresso, a la vez que les damos apoyo con soluciones expertas e integrales.\" \/>\n<meta name=\"robots\" content=\"index, follow, max-snippet:-1, max-image-preview:large, max-video-preview:-1\" \/>\n<link rel=\"canonical\" href=\"https:\/\/cafesnovell.com\/en\/companies\/cafes\/coffee-beans\/\" \/>\n<meta property=\"og:locale\" content=\"en_US\" \/>\n<meta property=\"og:type\" content=\"article\" \/>\n<meta property=\"og:title\" content=\"Coffee beans - Caf\u00e8s Novell\" \/>\n<meta property=\"og:description\" content=\"CAF\u00c8S PARA EMPRESAS. Nuestro caf\u00e9 gourmet certificado es un caf\u00e9 con una cuidada selecci\u00f3n, importaci\u00f3n y tueste. Ofrecemos a las empresas la mayor calidad en cada taza de caf\u00e9 espresso, a la vez que les damos apoyo con soluciones expertas e integrales.\" \/>\n<meta property=\"og:url\" content=\"https:\/\/cafesnovell.com\/en\/companies\/cafes\/coffee-beans\/\" \/>\n<meta property=\"og:site_name\" content=\"Caf\u00e8s Novell\" \/>\n<meta property=\"article:modified_time\" content=\"2020-01-29T13:12:46+00:00\" \/>\n<meta name=\"twitter:card\" content=\"summary_large_image\" \/>\n<meta name=\"twitter:label1\" content=\"Est. reading time\" \/>\n\t<meta name=\"twitter:data1\" content=\"5 minutes\" \/>\n<script type=\"application\/ld+json\" class=\"yoast-schema-graph\">{\"@context\":\"https:\\\/\\\/schema.org\",\"@graph\":[{\"@type\":\"WebPage\",\"@id\":\"https:\\\/\\\/cafesnovell.com\\\/en\\\/companies\\\/cafes\\\/coffee-beans\\\/\",\"url\":\"https:\\\/\\\/cafesnovell.com\\\/en\\\/companies\\\/cafes\\\/coffee-beans\\\/\",\"name\":\"Coffee beans - Caf\u00e8s Novell\",\"isPartOf\":{\"@id\":\"https:\\\/\\\/cafesnovell.com\\\/en\\\/#website\"},\"datePublished\":\"2019-10-01T14:00:55+00:00\",\"dateModified\":\"2020-01-29T13:12:46+00:00\",\"description\":\"CAF\u00c8S PARA EMPRESAS. Nuestro caf\u00e9 gourmet certificado es un caf\u00e9 con una cuidada selecci\u00f3n, importaci\u00f3n y tueste. Ofrecemos a las empresas la mayor calidad en cada taza de caf\u00e9 espresso, a la vez que les damos apoyo con soluciones expertas e integrales.\",\"breadcrumb\":{\"@id\":\"https:\\\/\\\/cafesnovell.com\\\/en\\\/companies\\\/cafes\\\/coffee-beans\\\/#breadcrumb\"},\"inLanguage\":\"en-US\",\"potentialAction\":[{\"@type\":\"ReadAction\",\"target\":[\"https:\\\/\\\/cafesnovell.com\\\/en\\\/companies\\\/cafes\\\/coffee-beans\\\/\"]}]},{\"@type\":\"BreadcrumbList\",\"@id\":\"https:\\\/\\\/cafesnovell.com\\\/en\\\/companies\\\/cafes\\\/coffee-beans\\\/#breadcrumb\",\"itemListElement\":[{\"@type\":\"ListItem\",\"position\":1,\"name\":\"Home\",\"item\":\"https:\\\/\\\/cafesnovell.com\\\/en\\\/\"},{\"@type\":\"ListItem\",\"position\":2,\"name\":\"Companies\",\"item\":\"https:\\\/\\\/cafesnovell.com\\\/en\\\/companies\\\/\"},{\"@type\":\"ListItem\",\"position\":3,\"name\":\"Caf\u00e9s\",\"item\":\"https:\\\/\\\/cafesnovell.com\\\/en\\\/companies\\\/cafes\\\/\"},{\"@type\":\"ListItem\",\"position\":4,\"name\":\"Coffee beans\"}]},{\"@type\":\"WebSite\",\"@id\":\"https:\\\/\\\/cafesnovell.com\\\/en\\\/#website\",\"url\":\"https:\\\/\\\/cafesnovell.com\\\/en\\\/\",\"name\":\"Caf\u00e8s Novell\",\"description\":\"Organic Premium Coffee\",\"potentialAction\":[{\"@type\":\"SearchAction\",\"target\":{\"@type\":\"EntryPoint\",\"urlTemplate\":\"https:\\\/\\\/cafesnovell.com\\\/en\\\/?s={search_term_string}\"},\"query-input\":{\"@type\":\"PropertyValueSpecification\",\"valueRequired\":true,\"valueName\":\"search_term_string\"}}],\"inLanguage\":\"en-US\"}]}<\/script>\n<!-- \/ Yoast SEO plugin. -->","yoast_head_json":{"title":"Coffee beans - Caf\u00e8s Novell","description":"CAF\u00c8S PARA EMPRESAS. Nuestro caf\u00e9 gourmet certificado es un caf\u00e9 con una cuidada selecci\u00f3n, importaci\u00f3n y tueste. Ofrecemos a las empresas la mayor calidad en cada taza de caf\u00e9 espresso, a la vez que les damos apoyo con soluciones expertas e integrales.","robots":{"index":"index","follow":"follow","max-snippet":"max-snippet:-1","max-image-preview":"max-image-preview:large","max-video-preview":"max-video-preview:-1"},"canonical":"https:\/\/cafesnovell.com\/en\/companies\/cafes\/coffee-beans\/","og_locale":"en_US","og_type":"article","og_title":"Coffee beans - Caf\u00e8s Novell","og_description":"CAF\u00c8S PARA EMPRESAS. Nuestro caf\u00e9 gourmet certificado es un caf\u00e9 con una cuidada selecci\u00f3n, importaci\u00f3n y tueste. Ofrecemos a las empresas la mayor calidad en cada taza de caf\u00e9 espresso, a la vez que les damos apoyo con soluciones expertas e integrales.","og_url":"https:\/\/cafesnovell.com\/en\/companies\/cafes\/coffee-beans\/","og_site_name":"Caf\u00e8s Novell","article_modified_time":"2020-01-29T13:12:46+00:00","twitter_card":"summary_large_image","twitter_misc":{"Est. reading time":"5 minutes"},"schema":{"@context":"https:\/\/schema.org","@graph":[{"@type":"WebPage","@id":"https:\/\/cafesnovell.com\/en\/companies\/cafes\/coffee-beans\/","url":"https:\/\/cafesnovell.com\/en\/companies\/cafes\/coffee-beans\/","name":"Coffee beans - Caf\u00e8s Novell","isPartOf":{"@id":"https:\/\/cafesnovell.com\/en\/#website"},"datePublished":"2019-10-01T14:00:55+00:00","dateModified":"2020-01-29T13:12:46+00:00","description":"CAF\u00c8S PARA EMPRESAS. Nuestro caf\u00e9 gourmet certificado es un caf\u00e9 con una cuidada selecci\u00f3n, importaci\u00f3n y tueste. Ofrecemos a las empresas la mayor calidad en cada taza de caf\u00e9 espresso, a la vez que les damos apoyo con soluciones expertas e integrales.","breadcrumb":{"@id":"https:\/\/cafesnovell.com\/en\/companies\/cafes\/coffee-beans\/#breadcrumb"},"inLanguage":"en-US","potentialAction":[{"@type":"ReadAction","target":["https:\/\/cafesnovell.com\/en\/companies\/cafes\/coffee-beans\/"]}]},{"@type":"BreadcrumbList","@id":"https:\/\/cafesnovell.com\/en\/companies\/cafes\/coffee-beans\/#breadcrumb","itemListElement":[{"@type":"ListItem","position":1,"name":"Home","item":"https:\/\/cafesnovell.com\/en\/"},{"@type":"ListItem","position":2,"name":"Companies","item":"https:\/\/cafesnovell.com\/en\/companies\/"},{"@type":"ListItem","position":3,"name":"Caf\u00e9s","item":"https:\/\/cafesnovell.com\/en\/companies\/cafes\/"},{"@type":"ListItem","position":4,"name":"Coffee beans"}]},{"@type":"WebSite","@id":"https:\/\/cafesnovell.com\/en\/#website","url":"https:\/\/cafesnovell.com\/en\/","name":"Caf\u00e8s Novell","description":"Organic Premium Coffee","potentialAction":[{"@type":"SearchAction","target":{"@type":"EntryPoint","urlTemplate":"https:\/\/cafesnovell.com\/en\/?s={search_term_string}"},"query-input":{"@type":"PropertyValueSpecification","valueRequired":true,"valueName":"search_term_string"}}],"inLanguage":"en-US"}]}},"_links":{"self":[{"href":"https:\/\/cafesnovell.com\/en\/wp-json\/wp\/v2\/pages\/32879","targetHints":{"allow":["GET"]}}],"collection":[{"href":"https:\/\/cafesnovell.com\/en\/wp-json\/wp\/v2\/pages"}],"about":[{"href":"https:\/\/cafesnovell.com\/en\/wp-json\/wp\/v2\/types\/page"}],"author":[{"embeddable":true,"href":"https:\/\/cafesnovell.com\/en\/wp-json\/wp\/v2\/users\/1"}],"replies":[{"embeddable":true,"href":"https:\/\/cafesnovell.com\/en\/wp-json\/wp\/v2\/comments?post=32879"}],"version-history":[{"count":0,"href":"https:\/\/cafesnovell.com\/en\/wp-json\/wp\/v2\/pages\/32879\/revisions"}],"up":[{"embeddable":true,"href":"https:\/\/cafesnovell.com\/en\/wp-json\/wp\/v2\/pages\/32647"}],"wp:attachment":[{"href":"https:\/\/cafesnovell.com\/en\/wp-json\/wp\/v2\/media?parent=32879"}],"curies":[{"name":"wp","href":"https:\/\/api.w.org\/{rel}","templated":true}]}}