{"id":32647,"date":"2019-10-01T11:53:57","date_gmt":"2019-10-01T11:53:57","guid":{"rendered":"https:\/\/cafesnovell.com\/companies\/cafes\/"},"modified":"2025-06-02T17:08:49","modified_gmt":"2025-06-02T15:08:49","slug":"cafes","status":"publish","type":"page","link":"https:\/\/cafesnovell.com\/en\/companies\/cafes\/","title":{"rendered":"Caf\u00e9s"},"content":{"rendered":"<div class=\"wpb-content-wrapper\">[vc_section full_width=&#8221;stretch_row&#8221; content_placement=&#8221;middle&#8221; css=&#8221;.vc_custom_1570705982772{background-image: url(https:\/\/cafesnovell.com\/wp-content\/uploads\/2019\/10\/img1-1v2.jpg?id=6751) !important;background-position: center !important;background-repeat: no-repeat !important;background-size: cover !important;}&#8221;][vc_row][vc_column el_class=&#8221;info-container&#8221;][mk_padding_divider size=&#8221;352&#8243; visibility=&#8221;hidden-sm&#8221;][mk_padding_divider size=&#8221;85&#8243; visibility=&#8221;visible-sm&#8221;][vc_single_image image=&#8221;203&#8243; img_size=&#8221;full&#8221;][vc_column_text css=&#8221;.vc_custom_1569937267621{margin-bottom: 24px !important;}&#8221;]COFFEE BEANS[\/vc_column_text][vc_btn title=&#8221;SEE PRODUCTS&#8221; el_class=&#8221;boton-mas-info&#8221; el_id=&#8221;boton-mas-info&#8221; css=&#8221;.vc_custom_1580303305047{border-top-width: 1px !important;border-right-width: 1px !important;border-bottom-width: 1px !important;border-left-width: 1px !important;border-left-color: #ffffff !important;border-right-color: #ffffff !important;border-top-color: #ffffff !important;border-bottom-color: #ffffff !important;}&#8221; link=&#8221;url:%2Fen%2Fcompanies%2Fcafes%2Fcoffee-beans%2F|title:Coffee%20beans||&#8221;][\/vc_column][\/vc_row][\/vc_section][vc_section el_class=&#8221;section-text&#8221; css=&#8221;.vc_custom_1568031391549{padding-bottom: 15px !important;}&#8221;][vc_row][vc_column][vc_column_text css=&#8221;.vc_custom_1569937307789{margin-bottom: 0px !important;padding-left: 0px !important;}&#8221;]Our certified gourmet coffee is carefully selected, imported and roasted. We offer companies the very best quality in every cup of espresso, at the same time we give them support with expert and integrated solutions.[\/vc_column_text][\/vc_column][\/vc_row][\/vc_section][vc_section full_width=&#8221;stretch_row&#8221; content_placement=&#8221;middle&#8221; css=&#8221;.vc_custom_1570706057367{background-image: url(https:\/\/cafesnovell.com\/wp-content\/uploads\/2019\/10\/capsulas.jpg?id=6995) !important;background-position: center !important;background-repeat: no-repeat !important;background-size: cover !important;}&#8221;][vc_row][vc_column el_class=&#8221;info-container&#8221;][mk_padding_divider size=&#8221;352&#8243; visibility=&#8221;hidden-sm&#8221;][vc_column_text css=&#8221;.vc_custom_1571417132384{margin-bottom: 24px !important;}&#8221;]PROFESSIONAL<br \/>\nBIODEGRADABLE CAPSULES[\/vc_column_text][vc_btn title=&#8221;SEE PRODUCTS&#8221; shape=&#8221;square&#8221; el_class=&#8221;boton-mas-info&#8221; css=&#8221;.vc_custom_1580303334967{border-top-width: 1px !important;border-right-width: 1px !important;border-bottom-width: 1px !important;border-left-width: 1px !important;border-left-color: #ffffff !important;border-right-color: #ffffff !important;border-top-color: #ffffff !important;border-bottom-color: #ffffff !important;}&#8221; link=&#8221;url:%2Fen%2Fcompanies%2Fcafes%2Fcapsules%2F|title:Capsules||&#8221;][\/vc_column][\/vc_row][\/vc_section][vc_section el_class=&#8221;section-text&#8221; css=&#8221;.vc_custom_1568031408044{padding-bottom: 15px !important;}&#8221;][vc_row][vc_column][vc_column_text css=&#8221;.vc_custom_1569937376645{margin-bottom: 0px !important;padding-left: 0px !important;}&#8221;]A selection of blends in varying intensities, including decaf versions, presented in single-serve, biodegradable capsules, especially designed for consumption in the workplace. Coffees with an excellent flavour and ones that reflects Novell\u2019s commitment to sustainability and the environment.[\/vc_column_text][\/vc_column][\/vc_row][\/vc_section][vc_section full_width=&#8221;stretch_row&#8221; content_placement=&#8221;middle&#8221; css=&#8221;.vc_custom_1571069193988{background-image: url(https:\/\/cafesnovell.com\/wp-content\/uploads\/2019\/10\/monodosis.jpg?id=7339) !important;background-position: center !important;background-repeat: no-repeat !important;background-size: cover !important;}&#8221;][vc_row][vc_column el_class=&#8221;info-container&#8221;][mk_padding_divider size=&#8221;352&#8243; visibility=&#8221;hidden-sm&#8221;][vc_column_text css=&#8221;.vc_custom_1571069098952{margin-bottom: 24px !important;}&#8221;]SINGLE-SERVE[\/vc_column_text][vc_btn title=&#8221;SEE PRODUCTS&#8221; shape=&#8221;square&#8221; el_class=&#8221;boton-mas-info&#8221; css=&#8221;.vc_custom_1580303366170{border-top-width: 1px !important;border-right-width: 1px !important;border-bottom-width: 1px !important;border-left-width: 1px !important;border-left-color: #ffffff !important;border-right-color: #ffffff !important;border-top-color: #ffffff !important;border-bottom-color: #ffffff !important;}&#8221; link=&#8221;url:%2Fen%2Fcompanies%2Fcafes%2Fsingle-serve-pods%2F|title:Capsules||&#8221;][\/vc_column][\/vc_row][\/vc_section][vc_section el_class=&#8221;section-text&#8221; css=&#8221;.vc_custom_1568031408044{padding-bottom: 15px !important;}&#8221;][vc_row][vc_column][vc_column_text css=&#8221;.vc_custom_1571417184329{margin-bottom: 0px !important;padding-left: 0px !important;}&#8221;]The Novell single-serve capsules present another option for\u00a0<em>coffee lovers<\/em> to enjoy their favourite coffee at work, whenever they want. A wide range of <em>blends<\/em> to suit all tastes, from the most intense to other more aromatic or perfumed varieties.[\/vc_column_text][\/vc_column][\/vc_row][\/vc_section]\n<\/div>","protected":false},"excerpt":{"rendered":"<p>[vc_section full_width=&#8221;stretch_row&#8221; content_placement=&#8221;middle&#8221; css=&#8221;.vc_custom_1570705982772{background-image: url(https:\/\/cafesnovell.com\/wp-content\/uploads\/2019\/10\/img1-1v2.jpg?id=6751) !important;background-position: center !important;background-repeat: no-repeat !important;background-size: cover !important;}&#8221;][vc_row][vc_column el_class=&#8221;info-container&#8221;][mk_padding_divider size=&#8221;352&#8243; visibility=&#8221;hidden-sm&#8221;][mk_padding_divider size=&#8221;85&#8243; visibility=&#8221;visible-sm&#8221;][vc_single_image image=&#8221;203&#8243; img_size=&#8221;full&#8221;][vc_column_text css=&#8221;.vc_custom_1569937267621{margin-bottom: 24px !important;}&#8221;]COFFEE BEANS[\/vc_column_text][vc_btn title=&#8221;SEE PRODUCTS&#8221; el_class=&#8221;boton-mas-info&#8221; el_id=&#8221;boton-mas-info&#8221; css=&#8221;.vc_custom_1580303305047{border-top-width: 1px !important;border-right-width: 1px !important;border-bottom-width: 1px !important;border-left-width: 1px !important;border-left-color: #ffffff !important;border-right-color: #ffffff !important;border-top-color: #ffffff !important;border-bottom-color: #ffffff !important;}&#8221; link=&#8221;url:%2Fen%2Fcompanies%2Fcafes%2Fcoffee-beans%2F|title:Coffee%20beans||&#8221;][\/vc_column][\/vc_row][\/vc_section][vc_section el_class=&#8221;section-text&#8221; css=&#8221;.vc_custom_1568031391549{padding-bottom: 15px !important;}&#8221;][vc_row][vc_column][vc_column_text css=&#8221;.vc_custom_1569937307789{margin-bottom: 0px !important;padding-left: 0px !important;}&#8221;]Our certified [&hellip;]<\/p>\n","protected":false},"author":1,"featured_media":0,"parent":109554,"menu_order":0,"comment_status":"closed","ping_status":"closed","template":"","meta":{"_acf_changed":false,"content-type":"","footnotes":""},"class_list":["post-32647","page","type-page","status-publish","hentry"],"acf":[],"yoast_head":"<!-- This site is optimized with the Yoast SEO plugin v27.3 - https:\/\/yoast.com\/product\/yoast-seo-wordpress\/ -->\n<title>Caf\u00e9s - Caf\u00e8s Novell<\/title>\n<meta name=\"description\" content=\"Los mejores caf\u00e9s para oficinas y empresas. Caf\u00e9s en grano, c\u00e1psulas profesionales biodegradables\" \/>\n<meta name=\"robots\" content=\"index, follow, max-snippet:-1, max-image-preview:large, max-video-preview:-1\" \/>\n<link rel=\"canonical\" href=\"https:\/\/cafesnovell.com\/en\/companies\/cafes\/\" \/>\n<meta property=\"og:locale\" content=\"en_US\" \/>\n<meta property=\"og:type\" content=\"article\" \/>\n<meta property=\"og:title\" content=\"Caf\u00e9s - Caf\u00e8s Novell\" \/>\n<meta property=\"og:description\" content=\"Los mejores caf\u00e9s para oficinas y empresas. Caf\u00e9s en grano, c\u00e1psulas profesionales biodegradables\" \/>\n<meta property=\"og:url\" content=\"https:\/\/cafesnovell.com\/en\/companies\/cafes\/\" \/>\n<meta property=\"og:site_name\" content=\"Caf\u00e8s Novell\" \/>\n<meta property=\"article:modified_time\" content=\"2025-06-02T15:08:49+00:00\" \/>\n<meta name=\"twitter:card\" content=\"summary_large_image\" \/>\n<meta name=\"twitter:label1\" content=\"Est. reading time\" \/>\n\t<meta name=\"twitter:data1\" content=\"3 minutes\" \/>\n<script type=\"application\/ld+json\" class=\"yoast-schema-graph\">{\"@context\":\"https:\\\/\\\/schema.org\",\"@graph\":[{\"@type\":\"WebPage\",\"@id\":\"https:\\\/\\\/cafesnovell.com\\\/en\\\/companies\\\/cafes\\\/\",\"url\":\"https:\\\/\\\/cafesnovell.com\\\/en\\\/companies\\\/cafes\\\/\",\"name\":\"Caf\u00e9s - Caf\u00e8s Novell\",\"isPartOf\":{\"@id\":\"https:\\\/\\\/cafesnovell.com\\\/en\\\/#website\"},\"datePublished\":\"2019-10-01T11:53:57+00:00\",\"dateModified\":\"2025-06-02T15:08:49+00:00\",\"description\":\"Los mejores caf\u00e9s para oficinas y empresas. Caf\u00e9s en grano, c\u00e1psulas profesionales biodegradables\",\"breadcrumb\":{\"@id\":\"https:\\\/\\\/cafesnovell.com\\\/en\\\/companies\\\/cafes\\\/#breadcrumb\"},\"inLanguage\":\"en-US\",\"potentialAction\":[{\"@type\":\"ReadAction\",\"target\":[\"https:\\\/\\\/cafesnovell.com\\\/en\\\/companies\\\/cafes\\\/\"]}]},{\"@type\":\"BreadcrumbList\",\"@id\":\"https:\\\/\\\/cafesnovell.com\\\/en\\\/companies\\\/cafes\\\/#breadcrumb\",\"itemListElement\":[{\"@type\":\"ListItem\",\"position\":1,\"name\":\"Home\",\"item\":\"https:\\\/\\\/cafesnovell.com\\\/en\\\/\"},{\"@type\":\"ListItem\",\"position\":2,\"name\":\"Companies\",\"item\":\"https:\\\/\\\/cafesnovell.com\\\/en\\\/companies\\\/\"},{\"@type\":\"ListItem\",\"position\":3,\"name\":\"Caf\u00e9s\"}]},{\"@type\":\"WebSite\",\"@id\":\"https:\\\/\\\/cafesnovell.com\\\/en\\\/#website\",\"url\":\"https:\\\/\\\/cafesnovell.com\\\/en\\\/\",\"name\":\"Caf\u00e8s Novell\",\"description\":\"Organic Premium Coffee\",\"potentialAction\":[{\"@type\":\"SearchAction\",\"target\":{\"@type\":\"EntryPoint\",\"urlTemplate\":\"https:\\\/\\\/cafesnovell.com\\\/en\\\/?s={search_term_string}\"},\"query-input\":{\"@type\":\"PropertyValueSpecification\",\"valueRequired\":true,\"valueName\":\"search_term_string\"}}],\"inLanguage\":\"en-US\"}]}<\/script>\n<!-- \/ Yoast SEO plugin. -->","yoast_head_json":{"title":"Caf\u00e9s - Caf\u00e8s Novell","description":"Los mejores caf\u00e9s para oficinas y empresas. Caf\u00e9s en grano, c\u00e1psulas profesionales biodegradables","robots":{"index":"index","follow":"follow","max-snippet":"max-snippet:-1","max-image-preview":"max-image-preview:large","max-video-preview":"max-video-preview:-1"},"canonical":"https:\/\/cafesnovell.com\/en\/companies\/cafes\/","og_locale":"en_US","og_type":"article","og_title":"Caf\u00e9s - Caf\u00e8s Novell","og_description":"Los mejores caf\u00e9s para oficinas y empresas. Caf\u00e9s en grano, c\u00e1psulas profesionales biodegradables","og_url":"https:\/\/cafesnovell.com\/en\/companies\/cafes\/","og_site_name":"Caf\u00e8s Novell","article_modified_time":"2025-06-02T15:08:49+00:00","twitter_card":"summary_large_image","twitter_misc":{"Est. reading time":"3 minutes"},"schema":{"@context":"https:\/\/schema.org","@graph":[{"@type":"WebPage","@id":"https:\/\/cafesnovell.com\/en\/companies\/cafes\/","url":"https:\/\/cafesnovell.com\/en\/companies\/cafes\/","name":"Caf\u00e9s - Caf\u00e8s Novell","isPartOf":{"@id":"https:\/\/cafesnovell.com\/en\/#website"},"datePublished":"2019-10-01T11:53:57+00:00","dateModified":"2025-06-02T15:08:49+00:00","description":"Los mejores caf\u00e9s para oficinas y empresas. Caf\u00e9s en grano, c\u00e1psulas profesionales biodegradables","breadcrumb":{"@id":"https:\/\/cafesnovell.com\/en\/companies\/cafes\/#breadcrumb"},"inLanguage":"en-US","potentialAction":[{"@type":"ReadAction","target":["https:\/\/cafesnovell.com\/en\/companies\/cafes\/"]}]},{"@type":"BreadcrumbList","@id":"https:\/\/cafesnovell.com\/en\/companies\/cafes\/#breadcrumb","itemListElement":[{"@type":"ListItem","position":1,"name":"Home","item":"https:\/\/cafesnovell.com\/en\/"},{"@type":"ListItem","position":2,"name":"Companies","item":"https:\/\/cafesnovell.com\/en\/companies\/"},{"@type":"ListItem","position":3,"name":"Caf\u00e9s"}]},{"@type":"WebSite","@id":"https:\/\/cafesnovell.com\/en\/#website","url":"https:\/\/cafesnovell.com\/en\/","name":"Caf\u00e8s Novell","description":"Organic Premium Coffee","potentialAction":[{"@type":"SearchAction","target":{"@type":"EntryPoint","urlTemplate":"https:\/\/cafesnovell.com\/en\/?s={search_term_string}"},"query-input":{"@type":"PropertyValueSpecification","valueRequired":true,"valueName":"search_term_string"}}],"inLanguage":"en-US"}]}},"_links":{"self":[{"href":"https:\/\/cafesnovell.com\/en\/wp-json\/wp\/v2\/pages\/32647","targetHints":{"allow":["GET"]}}],"collection":[{"href":"https:\/\/cafesnovell.com\/en\/wp-json\/wp\/v2\/pages"}],"about":[{"href":"https:\/\/cafesnovell.com\/en\/wp-json\/wp\/v2\/types\/page"}],"author":[{"embeddable":true,"href":"https:\/\/cafesnovell.com\/en\/wp-json\/wp\/v2\/users\/1"}],"replies":[{"embeddable":true,"href":"https:\/\/cafesnovell.com\/en\/wp-json\/wp\/v2\/comments?post=32647"}],"version-history":[{"count":0,"href":"https:\/\/cafesnovell.com\/en\/wp-json\/wp\/v2\/pages\/32647\/revisions"}],"up":[{"embeddable":true,"href":"https:\/\/cafesnovell.com\/en\/wp-json\/wp\/v2\/pages\/109554"}],"wp:attachment":[{"href":"https:\/\/cafesnovell.com\/en\/wp-json\/wp\/v2\/media?parent=32647"}],"curies":[{"name":"wp","href":"https:\/\/api.w.org\/{rel}","templated":true}]}}