{"id":31987,"date":"2019-10-09T09:56:46","date_gmt":"2019-10-09T09:56:46","guid":{"rendered":"https:\/\/cafesnovell.com\/at-home\/capsulas-residuo-cero\/"},"modified":"2020-12-01T19:50:17","modified_gmt":"2020-12-01T18:50:17","slug":"capsulas-residuo-cero","status":"publish","type":"page","link":"https:\/\/cafesnovell.com\/en\/capsulas-residuo-cero\/","title":{"rendered":"No Waste capsules"},"content":{"rendered":"<div class=\"wpb-content-wrapper\">[vc_section full_width=&#8221;stretch_row&#8221; css=&#8221;.vc_custom_1570707700773{background-image: url(https:\/\/cafesnovell.com\/wp-content\/uploads\/2019\/10\/header-espresso.jpg?id=6815) !important;background-position: center !important;background-repeat: no-repeat !important;background-size: cover !important;}&#8221;][vc_row fullwidth=&#8221;true&#8221;][vc_column width=&#8221;11\/12&#8243; css=&#8221;.vc_custom_1569403557803{margin-left: 50px !important;padding-top: 34px !important;padding-bottom: 7px !important;}&#8221;][vc_column_text css=&#8221;.vc_custom_1566455960095{margin-bottom: 0px !important;}&#8221;]NOVELL<br \/>\nESPRESSO<br \/>\nPRODUCTS[\/vc_column_text][\/vc_column][vc_column width=&#8221;1\/12&#8243;][\/vc_column][\/vc_row][\/vc_section][vc_section full_width=&#8221;stretch_row&#8221; el_class=&#8221;section-products&#8221;][vc_row css=&#8221;.vc_custom_1566476184856{margin-bottom: 44px !important;border-top-width: 1px !important;border-right-width: 1px !important;border-bottom-width: 1px !important;border-left-width: 1px !important;border-left-color: #cccccc !important;border-left-style: solid !important;border-right-color: #cccccc !important;border-right-style: solid !important;border-top-color: #cccccc !important;border-top-style: solid !important;border-bottom-color: #cccccc !important;border-bottom-style: solid !important;}&#8221;][vc_column width=&#8221;1\/6&#8243;][mk_padding_divider size=&#8221;50&#8243; visibility=&#8221;visible-tl&#8221;][vc_single_image image=&#8221;6431&#8243; img_size=&#8221;full&#8221; alignment=&#8221;center&#8221;][\/vc_column][vc_column width=&#8221;7\/12&#8243; css=&#8221;.vc_custom_1566474278978{padding-top: 38px !important;}&#8221;][vc_column_text css=&#8221;.vc_custom_1570616881920{margin-bottom: 0px !important;}&#8221;]\n<h3>INTENSO<\/h3>\n[\/vc_column_text][vc_column_text css=&#8221;.vc_custom_1571417929436{margin-bottom: 0px !important;}&#8221;]Organic coffee capsules, compatible with Nespresso<span style=\"color: #545454; font-family: arial, sans-serif; font-size: 14px;\">\u00ae<\/span>\u00a0and 100% COMPOSTABLE.<\/p>\n<p>The Intenso variety presents a blend of Arabica and Robusta coffees at their optimum roasting point, which provides a cup of sweet but intense espresso. Its warm chocolate and vanilla notes give structure to a cup with a marked Italian accent.<\/p>\n<p>The perfect cup of coffee for lovers of black coffee.<\/p>\n<p>Available in formats of 10, 20 and 50 units.[\/vc_column_text][vc_single_image image=&#8221;3588&#8243; img_size=&#8221;full&#8221; el_class=&#8221;cert-cafe&#8221;][vc_single_image image=&#8221;6442&#8243; img_size=&#8221;full&#8221; el_class=&#8221;cert-cafe&#8221;][vc_single_image image=&#8221;33523&#8243; img_size=&#8221;120&#215;60&#8243; el_class=&#8221;cert-cafe&#8221;][vc_btn title=&#8221;BUY&#8221; shape=&#8221;square&#8221; color=&#8221;default&#8221; link=&#8221;url:https%3A%2F%2Fcafesnovell.com%2Fen%2Fproducto%2Fno-waste-intenso-10%2F|title:No%20Waste%20capsules%20-%20Intenso||&#8221;][\/vc_column][vc_column width=&#8221;1\/4&#8243; css=&#8221;.vc_custom_1570617130847{padding-top: 33px !important;}&#8221;][mk_padding_divider size=&#8221;60&#8243; visibility=&#8221;visible-tl&#8221;][vc_single_image image=&#8221;32328&#8243; img_size=&#8221;full&#8221; alignment=&#8221;center&#8221;][\/vc_column][\/vc_row][vc_row css=&#8221;.vc_custom_1566476184856{margin-bottom: 44px !important;border-top-width: 1px !important;border-right-width: 1px !important;border-bottom-width: 1px !important;border-left-width: 1px !important;border-left-color: #cccccc !important;border-left-style: solid !important;border-right-color: #cccccc !important;border-right-style: solid !important;border-top-color: #cccccc !important;border-top-style: solid !important;border-bottom-color: #cccccc !important;border-bottom-style: solid !important;}&#8221;][vc_column width=&#8221;1\/6&#8243;][mk_padding_divider size=&#8221;50&#8243; visibility=&#8221;visible-tl&#8221;][vc_single_image image=&#8221;6446&#8243; img_size=&#8221;full&#8221; alignment=&#8221;center&#8221;][\/vc_column][vc_column width=&#8221;7\/12&#8243; css=&#8221;.vc_custom_1566474278978{padding-top: 38px !important;}&#8221;][vc_column_text css=&#8221;.vc_custom_1570617460321{margin-bottom: 0px !important;}&#8221;]\n<h3>CREMOSO<\/h3>\n[\/vc_column_text][vc_column_text css=&#8221;.vc_custom_1571417911952{margin-bottom: 0px !important;}&#8221;]Organic coffee capsules, compatible with Nespresso\u00ae and 100% COMPOSTABLE.<\/p>\n<p>The Cremoso variety has a composition of intensity and persistent creaminess until the last sip. An espresso full of caffeine, vigor, strength and energy, with aromas of cedar and chamomile and notes of toasted bread, peanuts and liquorice.<\/p>\n<p>A delicate coffee to keep you awake, especially recommendable for lovers of white coffee.<\/p>\n<p>Available in formats of 10, 20 and 50 units.[\/vc_column_text][vc_single_image image=&#8221;3588&#8243; img_size=&#8221;full&#8221; el_class=&#8221;cert-cafe&#8221;][vc_single_image image=&#8221;6442&#8243; img_size=&#8221;full&#8221; el_class=&#8221;cert-cafe&#8221;][vc_single_image image=&#8221;33523&#8243; img_size=&#8221;120&#215;60&#8243; el_class=&#8221;cert-cafe&#8221;][vc_btn title=&#8221;BUY&#8221; shape=&#8221;square&#8221; color=&#8221;default&#8221; link=&#8221;url:https%3A%2F%2Fcafesnovell.com%2Fen%2Fproducto%2Fno-waste-cremoso-10%2F|title:No%20Waste%20capsules%20-%20Cremoso||&#8221;][\/vc_column][vc_column width=&#8221;1\/4&#8243; css=&#8221;.vc_custom_1570617130847{padding-top: 33px !important;}&#8221;][mk_padding_divider size=&#8221;60&#8243; visibility=&#8221;visible-tl&#8221;][vc_single_image image=&#8221;32332&#8243; img_size=&#8221;full&#8221; alignment=&#8221;center&#8221;][\/vc_column][\/vc_row][vc_row css=&#8221;.vc_custom_1566476184856{margin-bottom: 44px !important;border-top-width: 1px !important;border-right-width: 1px !important;border-bottom-width: 1px !important;border-left-width: 1px !important;border-left-color: #cccccc !important;border-left-style: solid !important;border-right-color: #cccccc !important;border-right-style: solid !important;border-top-color: #cccccc !important;border-top-style: solid !important;border-bottom-color: #cccccc !important;border-bottom-style: solid !important;}&#8221;][vc_column width=&#8221;1\/6&#8243;][mk_padding_divider size=&#8221;50&#8243; visibility=&#8221;visible-tl&#8221;][vc_single_image image=&#8221;6458&#8243; img_size=&#8221;full&#8221; alignment=&#8221;center&#8221;][\/vc_column][vc_column width=&#8221;7\/12&#8243; css=&#8221;.vc_custom_1566474278978{padding-top: 38px !important;}&#8221;][vc_column_text css=&#8221;.vc_custom_1570617636979{margin-bottom: 0px !important;}&#8221;]\n<h3>PI\u00d9 AROMA<\/h3>\n[\/vc_column_text][vc_column_text css=&#8221;.vc_custom_1571417846276{margin-bottom: 0px !important;}&#8221;]Organic coffee capsules, compatible with Nespresso<span style=\"color: #545454; font-family: arial, sans-serif; font-size: 14px;\">\u00ae<\/span>\u00a0and 100% COMPOSTABLE.<\/p>\n<p>The Pi\u00f9 Aroma variety presents a blend of washed and natural organic Arabica coffees, roasted carefully in order to seduce the most discerning coffee palates. You get a cup of coffee rich in descriptors and low in caffeine. We found a floral and fruity aroma, and in the mouth, notes of honey and lemon, nuts, vanilla and mango.<\/p>\n<p>The soft flavour at the moment of the espresso, recommendable for lovers of smooth tasting coffee.<\/p>\n<p>Available in formats of 10, 20 and 50 units.<\/p>\n[\/vc_column_text][vc_single_image image=&#8221;3588&#8243; img_size=&#8221;full&#8221; el_class=&#8221;cert-cafe&#8221;][vc_single_image image=&#8221;6442&#8243; img_size=&#8221;full&#8221; el_class=&#8221;cert-cafe&#8221;][vc_single_image image=&#8221;33523&#8243; img_size=&#8221;120&#215;60&#8243; el_class=&#8221;cert-cafe&#8221;][vc_btn title=&#8221;BUY&#8221; shape=&#8221;square&#8221; color=&#8221;default&#8221; link=&#8221;url:https%3A%2F%2Fcafesnovell.com%2Fen%2Fproducto%2Fno-waste-piu-aroma-10%2F|title:No%20Waste%20capsules%20-%20Pi%C3%B9%20Aroma||&#8221;][\/vc_column][vc_column width=&#8221;1\/4&#8243; css=&#8221;.vc_custom_1570617130847{padding-top: 33px !important;}&#8221;][mk_padding_divider size=&#8221;60&#8243; visibility=&#8221;visible-tl&#8221;][vc_single_image image=&#8221;32336&#8243; img_size=&#8221;full&#8221; alignment=&#8221;center&#8221;][\/vc_column][\/vc_row][vc_row css=&#8221;.vc_custom_1566476184856{margin-bottom: 44px !important;border-top-width: 1px !important;border-right-width: 1px !important;border-bottom-width: 1px !important;border-left-width: 1px !important;border-left-color: #cccccc !important;border-left-style: solid !important;border-right-color: #cccccc !important;border-right-style: solid !important;border-top-color: #cccccc !important;border-top-style: solid !important;border-bottom-color: #cccccc !important;border-bottom-style: solid !important;}&#8221;][vc_column width=&#8221;1\/6&#8243;][mk_padding_divider size=&#8221;50&#8243; visibility=&#8221;visible-tl&#8221;][vc_single_image image=&#8221;6462&#8243; img_size=&#8221;full&#8221; alignment=&#8221;center&#8221;][\/vc_column][vc_column width=&#8221;7\/12&#8243; css=&#8221;.vc_custom_1566474278978{padding-top: 38px !important;}&#8221;][vc_column_text css=&#8221;.vc_custom_1570618788336{margin-bottom: 0px !important;}&#8221;]\n<h3>DECAFFEINATO[\/vc_column_text][vc_column_text css=&#8221;.vc_custom_1571417868355{margin-bottom: 0px !important;}&#8221;]Decaffeinated organic coffee capsules, compatible with Nespresso<span style=\"color: #545454; font-family: arial, sans-serif; font-size: 14px;\">\u00ae<\/span>\u00a0and 100% COMPOSTABLE.<\/h3>\n<p>The Decaffeinato variety presents a selection of organic Arabica coffees that give identical cup nuances to those of a great espresso, with citrus and floral aromatic notes. The completely natural decaffeination process makes it an impeccable espresso, with no chemical aftertaste.<\/p>\n<p>A relaxing espresso, perfect for enjoying a coffee at any time of the day.<\/p>\n<p>Available in formats of 10, 20 and 50 units.[\/vc_column_text][vc_single_image image=&#8221;3588&#8243; img_size=&#8221;full&#8221; el_class=&#8221;cert-cafe&#8221;][vc_single_image image=&#8221;6442&#8243; img_size=&#8221;full&#8221; el_class=&#8221;cert-cafe&#8221;][vc_single_image image=&#8221;33523&#8243; img_size=&#8221;120&#215;60&#8243; el_class=&#8221;cert-cafe&#8221;][vc_btn title=&#8221;BUY&#8221; shape=&#8221;square&#8221; color=&#8221;default&#8221; link=&#8221;url:https%3A%2F%2Fcafesnovell.com%2Fen%2Fproducto%2Fno-waste-decaffeinato-10%2F|title:No%20Waste%20capsules-%20Decaffeinato||&#8221;][\/vc_column][vc_column width=&#8221;1\/4&#8243; css=&#8221;.vc_custom_1570617130847{padding-top: 33px !important;}&#8221;][mk_padding_divider size=&#8221;60&#8243; visibility=&#8221;visible-tl&#8221;][vc_single_image image=&#8221;32340&#8243; img_size=&#8221;full&#8221; alignment=&#8221;center&#8221;][\/vc_column][\/vc_row][vc_row css=&#8221;.vc_custom_1566476184856{margin-bottom: 44px !important;border-top-width: 1px !important;border-right-width: 1px !important;border-bottom-width: 1px !important;border-left-width: 1px !important;border-left-color: #cccccc !important;border-left-style: solid !important;border-right-color: #cccccc !important;border-right-style: solid !important;border-top-color: #cccccc !important;border-top-style: solid !important;border-bottom-color: #cccccc !important;border-bottom-style: solid !important;}&#8221;][vc_column width=&#8221;1\/6&#8243;][mk_padding_divider size=&#8221;50&#8243; visibility=&#8221;visible-tl&#8221;][vc_single_image image=&#8221;6470&#8243; img_size=&#8221;full&#8221; alignment=&#8221;center&#8221;][\/vc_column][vc_column width=&#8221;7\/12&#8243; css=&#8221;.vc_custom_1566474278978{padding-top: 38px !important;}&#8221;][vc_column_text css=&#8221;.vc_custom_1570618002816{margin-bottom: 0px !important;}&#8221;]\n<h3>RISTRETTO<\/h3>\n[\/vc_column_text][vc_column_text css=&#8221;.vc_custom_1571417895865{margin-bottom: 0px !important;}&#8221;]Organic coffee capsules, compatible with Nespresso\u00ae and 100% COMPOSTABLE.<\/p>\n<p>The Ristretto variety presents a blend of organic coffees, taken to an extreme roast to seduce those looking for a bitter and full-bodied coffee. Light smoky notes with the presence of pure cocoa and hints of liquorice and black beer define this dark roasted coffee.<\/p>\n<p>The perfect coffee for lovers of dark roast coffee.<\/p>\n<p>Available in formats of 10, 20 and 50 units.[\/vc_column_text][vc_single_image image=&#8221;3588&#8243; img_size=&#8221;full&#8221; el_class=&#8221;cert-cafe&#8221;][vc_single_image image=&#8221;6442&#8243; img_size=&#8221;full&#8221; el_class=&#8221;cert-cafe&#8221;][vc_single_image image=&#8221;33523&#8243; img_size=&#8221;120&#215;60&#8243; el_class=&#8221;cert-cafe&#8221;][vc_btn title=&#8221;BUY&#8221; shape=&#8221;square&#8221; color=&#8221;default&#8221; link=&#8221;url:https%3A%2F%2Fcafesnovell.com%2Fen%2Fproducto%2Fno-waste-ristretto-10%2F|title:No%20Waste%20capsules%20-%20Ristretto||&#8221;][\/vc_column][vc_column width=&#8221;1\/4&#8243; css=&#8221;.vc_custom_1570617130847{padding-top: 33px !important;}&#8221;][mk_padding_divider size=&#8221;60&#8243; visibility=&#8221;visible-tl&#8221;][vc_single_image image=&#8221;32344&#8243; img_size=&#8221;full&#8221; alignment=&#8221;center&#8221;][\/vc_column][\/vc_row][\/vc_section]\n<\/div>","protected":false},"excerpt":{"rendered":"<p>[vc_section full_width=&#8221;stretch_row&#8221; css=&#8221;.vc_custom_1570707700773{background-image: url(https:\/\/cafesnovell.com\/wp-content\/uploads\/2019\/10\/header-espresso.jpg?id=6815) !important;background-position: center !important;background-repeat: no-repeat !important;background-size: cover !important;}&#8221;][vc_row fullwidth=&#8221;true&#8221;][vc_column width=&#8221;11\/12&#8243; css=&#8221;.vc_custom_1569403557803{margin-left: 50px !important;padding-top: 34px !important;padding-bottom: 7px !important;}&#8221;][vc_column_text css=&#8221;.vc_custom_1566455960095{margin-bottom: 0px !important;}&#8221;]NOVELL ESPRESSO PRODUCTS[\/vc_column_text][\/vc_column][vc_column width=&#8221;1\/12&#8243;][\/vc_column][\/vc_row][\/vc_section][vc_section full_width=&#8221;stretch_row&#8221; el_class=&#8221;section-products&#8221;][vc_row css=&#8221;.vc_custom_1566476184856{margin-bottom: 44px !important;border-top-width: 1px !important;border-right-width: 1px !important;border-bottom-width: 1px !important;border-left-width: 1px !important;border-left-color: #cccccc !important;border-left-style: solid !important;border-right-color: #cccccc !important;border-right-style: solid !important;border-top-color: #cccccc !important;border-top-style: solid !important;border-bottom-color: #cccccc !important;border-bottom-style: solid !important;}&#8221;][vc_column [&hellip;]<\/p>\n","protected":false},"author":1,"featured_media":0,"parent":0,"menu_order":0,"comment_status":"closed","ping_status":"closed","template":"","meta":{"_acf_changed":false,"content-type":"","footnotes":""},"class_list":["post-31987","page","type-page","status-publish","hentry"],"acf":[],"yoast_head":"<!-- This site is optimized with the Yoast SEO plugin v27.3 - https:\/\/yoast.com\/product\/yoast-seo-wordpress\/ -->\n<title>No Waste capsules - Caf\u00e8s Novell<\/title>\n<meta name=\"description\" content=\"C\u00e1psulas de caf\u00e9 org\u00e1nico, compatibles con Nespresso y 100% COMPOSTABLES. Intenso, cremoso, pi\u00fa aroma, decaffeinato, descafeinado, ristretto.\" \/>\n<meta name=\"robots\" content=\"index, follow, max-snippet:-1, max-image-preview:large, max-video-preview:-1\" \/>\n<link rel=\"canonical\" href=\"https:\/\/cafesnovell.com\/en\/capsulas-residuo-cero\/\" \/>\n<meta property=\"og:locale\" content=\"en_US\" \/>\n<meta property=\"og:type\" content=\"article\" \/>\n<meta property=\"og:title\" content=\"No Waste capsules - Caf\u00e8s Novell\" \/>\n<meta property=\"og:description\" content=\"C\u00e1psulas de caf\u00e9 org\u00e1nico, compatibles con Nespresso y 100% COMPOSTABLES. Intenso, cremoso, pi\u00fa aroma, decaffeinato, descafeinado, ristretto.\" \/>\n<meta property=\"og:url\" content=\"https:\/\/cafesnovell.com\/en\/capsulas-residuo-cero\/\" \/>\n<meta property=\"og:site_name\" content=\"Caf\u00e8s Novell\" \/>\n<meta property=\"article:modified_time\" content=\"2020-12-01T18:50:17+00:00\" \/>\n<meta name=\"twitter:card\" content=\"summary_large_image\" \/>\n<meta name=\"twitter:label1\" content=\"Est. reading time\" \/>\n\t<meta name=\"twitter:data1\" content=\"7 minutes\" \/>\n<script type=\"application\/ld+json\" class=\"yoast-schema-graph\">{\"@context\":\"https:\\\/\\\/schema.org\",\"@graph\":[{\"@type\":\"WebPage\",\"@id\":\"https:\\\/\\\/cafesnovell.com\\\/en\\\/capsulas-residuo-cero\\\/\",\"url\":\"https:\\\/\\\/cafesnovell.com\\\/en\\\/capsulas-residuo-cero\\\/\",\"name\":\"No Waste capsules - Caf\u00e8s Novell\",\"isPartOf\":{\"@id\":\"https:\\\/\\\/cafesnovell.com\\\/en\\\/#website\"},\"datePublished\":\"2019-10-09T09:56:46+00:00\",\"dateModified\":\"2020-12-01T18:50:17+00:00\",\"description\":\"C\u00e1psulas de caf\u00e9 org\u00e1nico, compatibles con Nespresso y 100% COMPOSTABLES. Intenso, cremoso, pi\u00fa aroma, decaffeinato, descafeinado, ristretto.\",\"breadcrumb\":{\"@id\":\"https:\\\/\\\/cafesnovell.com\\\/en\\\/capsulas-residuo-cero\\\/#breadcrumb\"},\"inLanguage\":\"en-US\",\"potentialAction\":[{\"@type\":\"ReadAction\",\"target\":[\"https:\\\/\\\/cafesnovell.com\\\/en\\\/capsulas-residuo-cero\\\/\"]}]},{\"@type\":\"BreadcrumbList\",\"@id\":\"https:\\\/\\\/cafesnovell.com\\\/en\\\/capsulas-residuo-cero\\\/#breadcrumb\",\"itemListElement\":[{\"@type\":\"ListItem\",\"position\":1,\"name\":\"Home\",\"item\":\"https:\\\/\\\/cafesnovell.com\\\/en\\\/\"},{\"@type\":\"ListItem\",\"position\":2,\"name\":\"At Home\",\"item\":\"https:\\\/\\\/cafesnovell.com\\\/en\\\/at-home\\\/\"},{\"@type\":\"ListItem\",\"position\":3,\"name\":\"No Waste capsules\"}]},{\"@type\":\"WebSite\",\"@id\":\"https:\\\/\\\/cafesnovell.com\\\/en\\\/#website\",\"url\":\"https:\\\/\\\/cafesnovell.com\\\/en\\\/\",\"name\":\"Caf\u00e8s Novell\",\"description\":\"Organic Premium Coffee\",\"potentialAction\":[{\"@type\":\"SearchAction\",\"target\":{\"@type\":\"EntryPoint\",\"urlTemplate\":\"https:\\\/\\\/cafesnovell.com\\\/en\\\/?s={search_term_string}\"},\"query-input\":{\"@type\":\"PropertyValueSpecification\",\"valueRequired\":true,\"valueName\":\"search_term_string\"}}],\"inLanguage\":\"en-US\"}]}<\/script>\n<!-- \/ Yoast SEO plugin. -->","yoast_head_json":{"title":"No Waste capsules - Caf\u00e8s Novell","description":"C\u00e1psulas de caf\u00e9 org\u00e1nico, compatibles con Nespresso y 100% COMPOSTABLES. Intenso, cremoso, pi\u00fa aroma, decaffeinato, descafeinado, ristretto.","robots":{"index":"index","follow":"follow","max-snippet":"max-snippet:-1","max-image-preview":"max-image-preview:large","max-video-preview":"max-video-preview:-1"},"canonical":"https:\/\/cafesnovell.com\/en\/capsulas-residuo-cero\/","og_locale":"en_US","og_type":"article","og_title":"No Waste capsules - Caf\u00e8s Novell","og_description":"C\u00e1psulas de caf\u00e9 org\u00e1nico, compatibles con Nespresso y 100% COMPOSTABLES. Intenso, cremoso, pi\u00fa aroma, decaffeinato, descafeinado, ristretto.","og_url":"https:\/\/cafesnovell.com\/en\/capsulas-residuo-cero\/","og_site_name":"Caf\u00e8s Novell","article_modified_time":"2020-12-01T18:50:17+00:00","twitter_card":"summary_large_image","twitter_misc":{"Est. reading time":"7 minutes"},"schema":{"@context":"https:\/\/schema.org","@graph":[{"@type":"WebPage","@id":"https:\/\/cafesnovell.com\/en\/capsulas-residuo-cero\/","url":"https:\/\/cafesnovell.com\/en\/capsulas-residuo-cero\/","name":"No Waste capsules - Caf\u00e8s Novell","isPartOf":{"@id":"https:\/\/cafesnovell.com\/en\/#website"},"datePublished":"2019-10-09T09:56:46+00:00","dateModified":"2020-12-01T18:50:17+00:00","description":"C\u00e1psulas de caf\u00e9 org\u00e1nico, compatibles con Nespresso y 100% COMPOSTABLES. Intenso, cremoso, pi\u00fa aroma, decaffeinato, descafeinado, ristretto.","breadcrumb":{"@id":"https:\/\/cafesnovell.com\/en\/capsulas-residuo-cero\/#breadcrumb"},"inLanguage":"en-US","potentialAction":[{"@type":"ReadAction","target":["https:\/\/cafesnovell.com\/en\/capsulas-residuo-cero\/"]}]},{"@type":"BreadcrumbList","@id":"https:\/\/cafesnovell.com\/en\/capsulas-residuo-cero\/#breadcrumb","itemListElement":[{"@type":"ListItem","position":1,"name":"Home","item":"https:\/\/cafesnovell.com\/en\/"},{"@type":"ListItem","position":2,"name":"At Home","item":"https:\/\/cafesnovell.com\/en\/at-home\/"},{"@type":"ListItem","position":3,"name":"No Waste capsules"}]},{"@type":"WebSite","@id":"https:\/\/cafesnovell.com\/en\/#website","url":"https:\/\/cafesnovell.com\/en\/","name":"Caf\u00e8s Novell","description":"Organic Premium Coffee","potentialAction":[{"@type":"SearchAction","target":{"@type":"EntryPoint","urlTemplate":"https:\/\/cafesnovell.com\/en\/?s={search_term_string}"},"query-input":{"@type":"PropertyValueSpecification","valueRequired":true,"valueName":"search_term_string"}}],"inLanguage":"en-US"}]}},"_links":{"self":[{"href":"https:\/\/cafesnovell.com\/en\/wp-json\/wp\/v2\/pages\/31987","targetHints":{"allow":["GET"]}}],"collection":[{"href":"https:\/\/cafesnovell.com\/en\/wp-json\/wp\/v2\/pages"}],"about":[{"href":"https:\/\/cafesnovell.com\/en\/wp-json\/wp\/v2\/types\/page"}],"author":[{"embeddable":true,"href":"https:\/\/cafesnovell.com\/en\/wp-json\/wp\/v2\/users\/1"}],"replies":[{"embeddable":true,"href":"https:\/\/cafesnovell.com\/en\/wp-json\/wp\/v2\/comments?post=31987"}],"version-history":[{"count":0,"href":"https:\/\/cafesnovell.com\/en\/wp-json\/wp\/v2\/pages\/31987\/revisions"}],"wp:attachment":[{"href":"https:\/\/cafesnovell.com\/en\/wp-json\/wp\/v2\/media?parent=31987"}],"curies":[{"name":"wp","href":"https:\/\/api.w.org\/{rel}","templated":true}]}}