{"id":31967,"date":"2020-01-20T23:17:00","date_gmt":"2020-01-20T22:17:00","guid":{"rendered":"https:\/\/cafesnovell.com\/at-home\/"},"modified":"2021-09-21T13:05:31","modified_gmt":"2021-09-21T11:05:31","slug":"at-home","status":"publish","type":"page","link":"https:\/\/cafesnovell.com\/en\/at-home\/","title":{"rendered":"At Home"},"content":{"rendered":"<div class=\"wpb-content-wrapper\">[vc_section full_width=&#8221;stretch_row&#8221; css=&#8221;.vc_custom_1570707326950{background-image: url(https:\/\/cafesnovell.com\/wp-content\/uploads\/2019\/10\/header-1-1.jpg?id=7018) !important;background-position: center !important;background-repeat: no-repeat !important;background-size: cover !important;}&#8221;][vc_row][vc_column el_class=&#8221;info-container&#8221;][mk_padding_divider size=&#8221;528&#8243; visibility=&#8221;hidden-sm&#8221;][mk_padding_divider size=&#8221;110&#8243; visibility=&#8221;visible-sm&#8221;][vc_column_text css=&#8221;.vc_custom_1578516022972{margin-bottom: 24px !important;}&#8221;]ENJOY THE BEST GROUND COFFEE<\/p>\n<p>IN YOUR HOME[\/vc_column_text][\/vc_column][\/vc_row][\/vc_section][vc_section full_width=&#8221;stretch_row&#8221; css=&#8221;.vc_custom_1567585277694{background-position: center !important;background-repeat: no-repeat !important;background-size: cover !important;}&#8221; el_class=&#8221;section-text&#8221;][vc_row][vc_column][vc_column_text css=&#8221;.vc_custom_1579428805612{margin-bottom: 0px !important;}&#8221;]The best coffee beans from the best sources, combined into different blends, and with a roasting process that always strives for perfection, have made our coffee a reference point in the hotel, restaurant and catering sector.<\/p>\n<p>Now you can enjoy this same coffee experience at any time of the day in your home. Wake up to the smooth, balanced <em>aromas<\/em> of a 100% Arabica blend and savour the creaminess of an intense coffee at your dinner table, or end the day with a naturally decaffeinated coffee with fresh, light notes.<\/p>\n<p>Discover our coffee at your usual distributor or on our speciality online <strong>coffee<\/strong> store, whether you are looking for coffee <strong><a href=\"\/?product_cat=cafe\/grano\" target=\"_blank\" rel=\"noopener noreferrer\">beans<\/a>, <a href=\"\/?product_cat=cafe\/molido\" target=\"_blank\" rel=\"noopener noreferrer\">ground coffee<\/a> or <a href=\"\/?product_cat=cafe\/capsulas\" target=\"_blank\" rel=\"noopener noreferrer\">compostable<\/a><\/strong>, Nespresso\u00ae compatible capsules.[\/vc_column_text][\/vc_column][\/vc_row][\/vc_section][vc_section full_width=&#8221;stretch_row&#8221; disable_element=&#8221;yes&#8221; css=&#8221;.vc_custom_1569845268165{background-image: url(https:\/\/cafesnovell.com\/wp-content\/uploads\/2019\/09\/fondo.png?id=3815) !important;background-position: center !important;background-repeat: no-repeat !important;background-size: cover !important;}&#8221; el_class=&#8221;section-text&#8221;][vc_row fullwidth=&#8221;true&#8221;][vc_column width=&#8221;1\/6&#8243;][\/vc_column][vc_column width=&#8221;8\/12&#8243; css=&#8221;.vc_custom_1567586172659{padding-top: 11px !important;}&#8221;][vc_column_text el_class=&#8221;info-container&#8221; css=&#8221;.vc_custom_1567586037741{margin-bottom: 0px !important;}&#8221;]EL BARISTA AMATEUR[\/vc_column_text][vc_column_text el_class=&#8221;list-restauracio&#8221; css=&#8221;.vc_custom_1567586288094{margin-bottom: 0px !important;padding-top: 37px !important;padding-bottom: 25px !important;}&#8221;]El inter\u00e9s o mejor habr\u00eda que decir la pasi\u00f3n que despierta en la actualidad el caf\u00e9, invita a vivir experiencias que hace unos a\u00f1os parec\u00edan reservadas al mundo profesional.<\/p>\n<p>El caf\u00e9 es hoy un aut\u00e9ntico fen\u00f3meno sociol\u00f3gico multigeneracional, gracias al impulso de sectores j\u00f3venes e influyentes como los millennials.<\/p>\n<p>Satisfacer esos deseos de descubrir, probar, combinar, conocer y empezar a dominar el arte del caf\u00e9, nos mueve a Caf\u00e9s Novell a crear un espacio inspirador como este, con la intenci\u00f3n de que puedas aprender a mejorar las distintas maneras de disfrutar tu espresso o capuccino, descubrir nuevas recetas o profundizar en la amplia cultura de esta bebida extraordinaria y sin igual.<\/p>\n<p>Todo coffee lover lleva un barista dentro, \u00a1a disfrutar![\/vc_column_text][\/vc_column][vc_column width=&#8221;1\/6&#8243;][\/vc_column][\/vc_row][\/vc_section][vc_section disable_element=&#8221;yes&#8221; css=&#8221;.vc_custom_1569845277466{border-top-width: 1px !important;padding-top: 0px !important;border-top-color: #ffffff !important;border-top-style: solid !important;}&#8221;][vc_row fullwidth=&#8221;true&#8221;][vc_column width=&#8221;1\/2&#8243; css=&#8221;.vc_custom_1567587214685{border-right-width: 1px !important;border-bottom-width: 1px !important;background-image: url(https:\/\/cafesnovell.com\/wp-content\/uploads\/2019\/08\/1-am.png?id=3150) !important;background-position: center !important;background-repeat: no-repeat !important;background-size: cover !important;border-right-color: #ffffff !important;border-right-style: solid !important;border-bottom-color: #ffffff !important;border-bottom-style: solid !important;}&#8221;][vc_row_inner][vc_column_inner el_class=&#8221;info-container&#8221; width=&#8221;2\/3&#8243; css=&#8221;.vc_custom_1567587421179{padding-top: 453px !important;padding-bottom: 19px !important;padding-left: 7% !important;}&#8221;][vc_column_text css=&#8221;.vc_custom_1566296001715{margin-bottom: 0px !important;}&#8221;]ATR\u00c9VETE CON<\/p>\n<p>UN LATTE ART[\/vc_column_text][\/vc_column_inner][vc_column_inner width=&#8221;1\/3&#8243;][\/vc_column_inner][\/vc_row_inner][\/vc_column][vc_column width=&#8221;1\/2&#8243; css=&#8221;.vc_custom_1567587228484{border-bottom-width: 1px !important;background-image: url(https:\/\/cafesnovell.com\/wp-content\/uploads\/2019\/08\/2-am.png?id=3151) !important;background-position: center !important;background-repeat: no-repeat !important;background-size: cover !important;border-bottom-color: #ffffff !important;border-bottom-style: solid !important;}&#8221;][vc_row_inner][vc_column_inner el_class=&#8221;info-container&#8221; width=&#8221;2\/3&#8243; css=&#8221;.vc_custom_1567587427635{padding-top: 453px !important;padding-bottom: 19px !important;padding-left: 7% !important;}&#8221;][vc_column_text css=&#8221;.vc_custom_1566296690289{margin-bottom: 0px !important;}&#8221;]UN CAF\u00c9<\/p>\n<p>A LA FRANCESA[\/vc_column_text][\/vc_column_inner][vc_column_inner width=&#8221;1\/3&#8243;][\/vc_column_inner][\/vc_row_inner][\/vc_column][\/vc_row][vc_row fullwidth=&#8221;true&#8221;][vc_column width=&#8221;1\/2&#8243; css=&#8221;.vc_custom_1567587246532{border-right-width: 1px !important;background-image: url(https:\/\/cafesnovell.com\/wp-content\/uploads\/2019\/08\/3-am.png?id=3155) !important;background-position: center !important;background-repeat: no-repeat !important;background-size: cover !important;border-right-color: #ffffff !important;border-right-style: solid !important;}&#8221;][vc_row_inner][vc_column_inner el_class=&#8221;info-container&#8221; width=&#8221;2\/3&#8243; css=&#8221;.vc_custom_1567587434986{padding-top: 453px !important;padding-bottom: 19px !important;padding-left: 7% !important;}&#8221;][vc_column_text css=&#8221;.vc_custom_1566297618953{margin-bottom: 0px !important;}&#8221;]LA CAFETERA<\/p>\n<p>DE TODA LA VIDA[\/vc_column_text][\/vc_column_inner][vc_column_inner width=&#8221;1\/3&#8243;][\/vc_column_inner][\/vc_row_inner][\/vc_column][vc_column width=&#8221;1\/2&#8243; css=&#8221;.vc_custom_1566297870816{background-image: url(https:\/\/cafesnovell.com\/wp-content\/uploads\/2019\/08\/4-am.png?id=3158) !important;background-position: center !important;background-repeat: no-repeat !important;background-size: cover !important;}&#8221;][vc_row_inner][vc_column_inner el_class=&#8221;info-container&#8221; width=&#8221;2\/3&#8243; css=&#8221;.vc_custom_1567587442771{padding-top: 453px !important;padding-bottom: 19px !important;padding-left: 7% !important;}&#8221;][vc_column_text css=&#8221;.vc_custom_1566297644570{margin-bottom: 0px !important;}&#8221;]UN CAPUCCINO<\/p>\n<p>CASERO[\/vc_column_text][\/vc_column_inner][vc_column_inner width=&#8221;1\/3&#8243;][\/vc_column_inner][\/vc_row_inner][\/vc_column][\/vc_row][\/vc_section][vc_section full_width=&#8221;stretch_row&#8221; css=&#8221;.vc_custom_1570707482434{margin-top: 45px !important;margin-bottom: 2px !important;background-image: url(https:\/\/cafesnovell.com\/wp-content\/uploads\/2019\/10\/prueba-1.jpg?id=7023) !important;background-position: center !important;background-repeat: no-repeat !important;background-size: cover !important;}&#8221; el_id=&#8221;aprovecha-envios&#8221;][vc_row fullwidth=&#8221;true&#8221; el_class=&#8221;list-restauracio&#8221; css=&#8221;.vc_custom_1569855570897{padding-top: 48px !important;}&#8221;][vc_column width=&#8221;5\/6&#8243;][vc_column_text el_class=&#8221;info-container&#8221; css=&#8221;.vc_custom_1578516800556{margin-bottom: 0px !important;}&#8221;]\n<p style=\"text-align: right;\">DISCOVER ALL THE<br \/>\nVARIETIES OF OUR<br \/>\nNO WASTE<br \/>\nCAPSULES<\/p>\n[\/vc_column_text][vc_btn title=&#8221;+ INFO&#8221; align=&#8221;right&#8221; link=&#8221;url:%2Fen%2Fno-waste%2F|title:C%C3%A1psulas%20residuo%20cero||&#8221; el_class=&#8221;boton-mas-info&#8221;][mk_padding_divider size=&#8221;300&#8243; visibility=&#8221;hidden-sm&#8221;][mk_padding_divider size=&#8221;50&#8243; visibility=&#8221;visible-sm&#8221;][\/vc_column][vc_column width=&#8221;1\/6&#8243;][\/vc_column][\/vc_row][\/vc_section][vc_section full_width=&#8221;stretch_row&#8221; css=&#8221;.vc_custom_1566990116221{padding-bottom: 45px !important;}&#8221;][vc_row el_class=&#8221;demana-info&#8221;][vc_column][mk_padding_divider size=&#8221;20&#8243; visibility=&#8221;visible-sm&#8221;][vc_column_text css=&#8221;.vc_custom_1578516851689{margin-bottom: 0px !important;}&#8221;]WOULD YOU LIKE TO SELL OUR COFFEES<br \/>\nIN YOUR SHOP OR DEPARTMENT STORE?[\/vc_column_text][vc_column_text el_class=&#8221;demana-info-subtitulo&#8221; css=&#8221;.vc_custom_1578516870860{margin-bottom: 0px !important;}&#8221;]Become an authorized dealer so your customers can enjoy the best coffee for home brewing.[\/vc_column_text][\/vc_column][\/vc_row][vc_row][vc_column]\n<div class=\"wpcf7 no-js\" id=\"wpcf7-f8884-o1\" lang=\"es-ES\" dir=\"ltr\" data-wpcf7-id=\"8884\">\n<div class=\"screen-reader-response\"><p role=\"status\" aria-live=\"polite\" aria-atomic=\"true\"><\/p> <ul><\/ul><\/div>\n<form action=\"\/en\/wp-json\/wp\/v2\/pages\/31967#wpcf7-f8884-o1\" method=\"post\" class=\"wpcf7-form init\" aria-label=\"Formulario de contacto\" novalidate=\"novalidate\" data-status=\"init\">\n<fieldset class=\"hidden-fields-container\"><input type=\"hidden\" name=\"_wpcf7\" value=\"8884\" \/><input type=\"hidden\" name=\"_wpcf7_version\" value=\"6.1.5\" \/><input type=\"hidden\" name=\"_wpcf7_locale\" value=\"es_ES\" \/><input type=\"hidden\" name=\"_wpcf7_unit_tag\" value=\"wpcf7-f8884-o1\" \/><input type=\"hidden\" name=\"_wpcf7_container_post\" value=\"0\" \/><input type=\"hidden\" name=\"_wpcf7_posted_data_hash\" value=\"\" \/><input type=\"hidden\" name=\"_wpcf7_recaptcha_response\" value=\"\" \/>\n<\/fieldset>\n<div class=\"input-container\">\n\t<p><span class=\"wpcf7-form-control-wrap\" data-name=\"sm-properties1\"><input size=\"40\" maxlength=\"400\" class=\"wpcf7-form-control wpcf7-text wpcf7-validates-as-required\" aria-required=\"true\" aria-invalid=\"false\" placeholder=\"NAME\" value=\"\" type=\"text\" name=\"sm-properties1\" \/><\/span>\n\t<\/p>\n\t<p><span class=\"wpcf7-form-control-wrap\" data-name=\"sm-properties2\"><input size=\"40\" maxlength=\"400\" class=\"wpcf7-form-control wpcf7-text wpcf7-validates-as-required\" aria-required=\"true\" aria-invalid=\"false\" placeholder=\"LAST NAME\" value=\"\" type=\"text\" name=\"sm-properties2\" \/><\/span>\n\t<\/p>\n<input class=\"wpcf7-form-control wpcf7-hidden\" value=\"Hidden Name\" type=\"hidden\" name=\"sm-name\" \/>\n\t<p><span class=\"wpcf7-form-control-wrap\" data-name=\"sm-email\"><input size=\"40\" maxlength=\"400\" class=\"wpcf7-form-control wpcf7-email wpcf7-validates-as-required wpcf7-text wpcf7-validates-as-email\" aria-required=\"true\" aria-invalid=\"false\" placeholder=\"EMAIL\" value=\"\" type=\"email\" name=\"sm-email\" \/><\/span>\n\t<\/p>\n<\/div>\n<div class=\"second-input-container\">\n\t<p><span class=\"wpcf7-form-control-wrap\" data-name=\"sm-company\"><input size=\"40\" maxlength=\"400\" class=\"wpcf7-form-control wpcf7-text wpcf7-validates-as-required\" aria-required=\"true\" aria-invalid=\"false\" placeholder=\"COMPANY NAME\" value=\"\" type=\"text\" name=\"sm-company\" \/><\/span>\n\t<\/p>\n\t<p><span class=\"wpcf7-form-control-wrap\" data-name=\"sm-phone\"><input size=\"40\" maxlength=\"400\" class=\"wpcf7-form-control wpcf7-tel wpcf7-validates-as-required wpcf7-text wpcf7-validates-as-tel\" aria-required=\"true\" aria-invalid=\"false\" placeholder=\"CONTACT NUMBER\" value=\"\" type=\"tel\" name=\"sm-phone\" \/><\/span>\n\t<\/p>\n<\/div>\n<div class=\"second-container contact\">\n\t<p><span class=\"wpcf7-form-control-wrap\" data-name=\"sm-properties3\"><textarea cols=\"40\" rows=\"10\" maxlength=\"2000\" class=\"wpcf7-form-control wpcf7-textarea wpcf7-validates-as-required\" aria-required=\"true\" aria-invalid=\"false\" placeholder=\"COMMENTS\" name=\"sm-properties3\"><\/textarea><\/span>\n\t<\/p>\n\t<div class=\"container-check\">\n\t\t<p><span class=\"wpcf7-form-control-wrap\" data-name=\"your-consent\"><span class=\"wpcf7-form-control wpcf7-acceptance\"><span class=\"wpcf7-list-item\"><label><input type=\"checkbox\" name=\"your-consent\" value=\"1\" aria-invalid=\"false\" \/><span class=\"wpcf7-list-item-label\">I have read the <a target='_blank' href='\/en\/privacy-policy\/'>privacy policy<\/a> and <a target='_blank' href='\/en\/legal-warning\/'>legal warning<\/a><\/span><\/label><\/span><\/span><\/span>\n\t\t<\/p>\n\t\t<p><label><span class=\"wpcf7-form-control-wrap\" data-name=\"sm-optin\"><span class=\"wpcf7-form-control wpcf7-checkbox wpcf7-exclusive-checkbox\"><span class=\"wpcf7-list-item first last\"><input type=\"checkbox\" name=\"sm-optin\" value=\"I authorize that my personal data may be used for sending commercial communications and advertising offers by e-mail or any other electronic or physical means, present or future.\" \/><span class=\"wpcf7-list-item-label\">I authorize that my personal data may be used for sending commercial communications and advertising offers by e-mail or any other electronic or physical means, present or future.<\/span><\/span><\/span><\/span><\/label>\n\t\t<\/p>\n\t\t<p><input class=\"wpcf7-form-control wpcf7-submit has-spinner\" type=\"submit\" value=\"SUBMIT\" \/>\n\t\t<\/p>\n\t<\/div>\n<\/div><div class=\"wpcf7-response-output\" aria-hidden=\"true\"><\/div>\n<\/form>\n<\/div>\n[\/vc_column][\/vc_row][\/vc_section][vc_section full_width=&#8221;stretch_row&#8221; el_class=&#8221;section-contacto&#8221; css=&#8221;.vc_custom_1570097916182{padding-top: 16px !important;background-color: #cbc4b1 !important;background-position: center !important;background-repeat: no-repeat !important;background-size: cover !important;}&#8221;][vc_row][vc_column][vc_column_text css=&#8221;.vc_custom_1632222326742{margin-bottom: 0px !important;}&#8221;]If you wish you can call us on the following telephone number: <span class=\"telefono\"><strong>+34 900 102 868<\/strong><\/span> (Monday to Friday 08:00 to 18:00)[\/vc_column_text][\/vc_column][\/vc_row][\/vc_section]\n<\/div>","protected":false},"excerpt":{"rendered":"<p>[vc_section full_width=&#8221;stretch_row&#8221; css=&#8221;.vc_custom_1570707326950{background-image: url(https:\/\/cafesnovell.com\/wp-content\/uploads\/2019\/10\/header-1-1.jpg?id=7018) !important;background-position: center !important;background-repeat: no-repeat !important;background-size: cover !important;}&#8221;][vc_row][vc_column el_class=&#8221;info-container&#8221;][mk_padding_divider size=&#8221;528&#8243; visibility=&#8221;hidden-sm&#8221;][mk_padding_divider size=&#8221;110&#8243; visibility=&#8221;visible-sm&#8221;][vc_column_text css=&#8221;.vc_custom_1578516022972{margin-bottom: 24px !important;}&#8221;]ENJOY THE BEST GROUND COFFEE IN YOUR HOME[\/vc_column_text][\/vc_column][\/vc_row][\/vc_section][vc_section full_width=&#8221;stretch_row&#8221; css=&#8221;.vc_custom_1567585277694{background-position: center !important;background-repeat: no-repeat !important;background-size: cover !important;}&#8221; el_class=&#8221;section-text&#8221;][vc_row][vc_column][vc_column_text css=&#8221;.vc_custom_1579428805612{margin-bottom: 0px !important;}&#8221;]The best coffee beans from the best sources, combined into different blends, and with a roasting process that [&hellip;]<\/p>\n","protected":false},"author":1,"featured_media":0,"parent":0,"menu_order":40,"comment_status":"closed","ping_status":"closed","template":"","meta":{"_acf_changed":false,"content-type":"","footnotes":""},"class_list":["post-31967","page","type-page","status-publish","hentry"],"acf":[],"yoast_head":"<!-- This site is optimized with the Yoast SEO plugin v27.3 - https:\/\/yoast.com\/product\/yoast-seo-wordpress\/ -->\n<title>At Home - Caf\u00e8s Novell<\/title>\n<meta name=\"description\" content=\"El mejor caf\u00e9 de cafeter\u00eda ahora en tu casa. Caf\u00e9 en grano, molido o en c\u00e1psulas compostables, compatibles con cafeteras Nespresso.\" \/>\n<meta name=\"robots\" content=\"index, follow, max-snippet:-1, max-image-preview:large, max-video-preview:-1\" \/>\n<link rel=\"canonical\" href=\"https:\/\/cafesnovell.com\/en\/at-home\/\" \/>\n<meta property=\"og:locale\" content=\"en_US\" \/>\n<meta property=\"og:type\" content=\"article\" \/>\n<meta property=\"og:title\" content=\"At Home - Caf\u00e8s Novell\" \/>\n<meta property=\"og:description\" content=\"El mejor caf\u00e9 de cafeter\u00eda ahora en tu casa. Caf\u00e9 en grano, molido o en c\u00e1psulas compostables, compatibles con cafeteras Nespresso.\" \/>\n<meta property=\"og:url\" content=\"https:\/\/cafesnovell.com\/en\/at-home\/\" \/>\n<meta property=\"og:site_name\" content=\"Caf\u00e8s Novell\" \/>\n<meta property=\"article:modified_time\" content=\"2021-09-21T11:05:31+00:00\" \/>\n<meta name=\"twitter:card\" content=\"summary_large_image\" \/>\n<meta name=\"twitter:label1\" content=\"Est. reading time\" \/>\n\t<meta name=\"twitter:data1\" content=\"6 minutes\" \/>\n<script type=\"application\/ld+json\" class=\"yoast-schema-graph\">{\"@context\":\"https:\\\/\\\/schema.org\",\"@graph\":[{\"@type\":\"WebPage\",\"@id\":\"https:\\\/\\\/cafesnovell.com\\\/en\\\/at-home\\\/\",\"url\":\"https:\\\/\\\/cafesnovell.com\\\/en\\\/at-home\\\/\",\"name\":\"At Home - Caf\u00e8s Novell\",\"isPartOf\":{\"@id\":\"https:\\\/\\\/cafesnovell.com\\\/en\\\/#website\"},\"datePublished\":\"2020-01-20T22:17:00+00:00\",\"dateModified\":\"2021-09-21T11:05:31+00:00\",\"description\":\"El mejor caf\u00e9 de cafeter\u00eda ahora en tu casa. Caf\u00e9 en grano, molido o en c\u00e1psulas compostables, compatibles con cafeteras Nespresso.\",\"breadcrumb\":{\"@id\":\"https:\\\/\\\/cafesnovell.com\\\/en\\\/at-home\\\/#breadcrumb\"},\"inLanguage\":\"en-US\",\"potentialAction\":[{\"@type\":\"ReadAction\",\"target\":[\"https:\\\/\\\/cafesnovell.com\\\/en\\\/at-home\\\/\"]}]},{\"@type\":\"BreadcrumbList\",\"@id\":\"https:\\\/\\\/cafesnovell.com\\\/en\\\/at-home\\\/#breadcrumb\",\"itemListElement\":[{\"@type\":\"ListItem\",\"position\":1,\"name\":\"Home\",\"item\":\"https:\\\/\\\/cafesnovell.com\\\/en\\\/\"},{\"@type\":\"ListItem\",\"position\":2,\"name\":\"At Home\"}]},{\"@type\":\"WebSite\",\"@id\":\"https:\\\/\\\/cafesnovell.com\\\/en\\\/#website\",\"url\":\"https:\\\/\\\/cafesnovell.com\\\/en\\\/\",\"name\":\"Caf\u00e8s Novell\",\"description\":\"Organic Premium Coffee\",\"potentialAction\":[{\"@type\":\"SearchAction\",\"target\":{\"@type\":\"EntryPoint\",\"urlTemplate\":\"https:\\\/\\\/cafesnovell.com\\\/en\\\/?s={search_term_string}\"},\"query-input\":{\"@type\":\"PropertyValueSpecification\",\"valueRequired\":true,\"valueName\":\"search_term_string\"}}],\"inLanguage\":\"en-US\"}]}<\/script>\n<!-- \/ Yoast SEO plugin. -->","yoast_head_json":{"title":"At Home - Caf\u00e8s Novell","description":"El mejor caf\u00e9 de cafeter\u00eda ahora en tu casa. Caf\u00e9 en grano, molido o en c\u00e1psulas compostables, compatibles con cafeteras Nespresso.","robots":{"index":"index","follow":"follow","max-snippet":"max-snippet:-1","max-image-preview":"max-image-preview:large","max-video-preview":"max-video-preview:-1"},"canonical":"https:\/\/cafesnovell.com\/en\/at-home\/","og_locale":"en_US","og_type":"article","og_title":"At Home - Caf\u00e8s Novell","og_description":"El mejor caf\u00e9 de cafeter\u00eda ahora en tu casa. Caf\u00e9 en grano, molido o en c\u00e1psulas compostables, compatibles con cafeteras Nespresso.","og_url":"https:\/\/cafesnovell.com\/en\/at-home\/","og_site_name":"Caf\u00e8s Novell","article_modified_time":"2021-09-21T11:05:31+00:00","twitter_card":"summary_large_image","twitter_misc":{"Est. reading time":"6 minutes"},"schema":{"@context":"https:\/\/schema.org","@graph":[{"@type":"WebPage","@id":"https:\/\/cafesnovell.com\/en\/at-home\/","url":"https:\/\/cafesnovell.com\/en\/at-home\/","name":"At Home - Caf\u00e8s Novell","isPartOf":{"@id":"https:\/\/cafesnovell.com\/en\/#website"},"datePublished":"2020-01-20T22:17:00+00:00","dateModified":"2021-09-21T11:05:31+00:00","description":"El mejor caf\u00e9 de cafeter\u00eda ahora en tu casa. Caf\u00e9 en grano, molido o en c\u00e1psulas compostables, compatibles con cafeteras Nespresso.","breadcrumb":{"@id":"https:\/\/cafesnovell.com\/en\/at-home\/#breadcrumb"},"inLanguage":"en-US","potentialAction":[{"@type":"ReadAction","target":["https:\/\/cafesnovell.com\/en\/at-home\/"]}]},{"@type":"BreadcrumbList","@id":"https:\/\/cafesnovell.com\/en\/at-home\/#breadcrumb","itemListElement":[{"@type":"ListItem","position":1,"name":"Home","item":"https:\/\/cafesnovell.com\/en\/"},{"@type":"ListItem","position":2,"name":"At Home"}]},{"@type":"WebSite","@id":"https:\/\/cafesnovell.com\/en\/#website","url":"https:\/\/cafesnovell.com\/en\/","name":"Caf\u00e8s Novell","description":"Organic Premium Coffee","potentialAction":[{"@type":"SearchAction","target":{"@type":"EntryPoint","urlTemplate":"https:\/\/cafesnovell.com\/en\/?s={search_term_string}"},"query-input":{"@type":"PropertyValueSpecification","valueRequired":true,"valueName":"search_term_string"}}],"inLanguage":"en-US"}]}},"_links":{"self":[{"href":"https:\/\/cafesnovell.com\/en\/wp-json\/wp\/v2\/pages\/31967","targetHints":{"allow":["GET"]}}],"collection":[{"href":"https:\/\/cafesnovell.com\/en\/wp-json\/wp\/v2\/pages"}],"about":[{"href":"https:\/\/cafesnovell.com\/en\/wp-json\/wp\/v2\/types\/page"}],"author":[{"embeddable":true,"href":"https:\/\/cafesnovell.com\/en\/wp-json\/wp\/v2\/users\/1"}],"replies":[{"embeddable":true,"href":"https:\/\/cafesnovell.com\/en\/wp-json\/wp\/v2\/comments?post=31967"}],"version-history":[{"count":0,"href":"https:\/\/cafesnovell.com\/en\/wp-json\/wp\/v2\/pages\/31967\/revisions"}],"wp:attachment":[{"href":"https:\/\/cafesnovell.com\/en\/wp-json\/wp\/v2\/media?parent=31967"}],"curies":[{"name":"wp","href":"https:\/\/api.w.org\/{rel}","templated":true}]}}