{"id":31904,"date":"2020-01-20T16:57:08","date_gmt":"2020-01-20T15:57:08","guid":{"rendered":"https:\/\/cafesnovell.com\/restaurants\/coffee\/e-il-caffe\/"},"modified":"2020-01-21T15:15:18","modified_gmt":"2020-01-21T14:15:18","slug":"e-il-caffe","status":"publish","type":"page","link":"https:\/\/cafesnovell.com\/en\/restaurants\/coffee\/e-il-caffe\/","title":{"rendered":"\u00c9 il caff\u00e9"},"content":{"rendered":"<div class=\"wpb-content-wrapper\">[vc_section full_width=&#8221;stretch_row&#8221; css=&#8221;.vc_custom_1570700777818{background-image: url(https:\/\/cafesnovell.com\/wp-content\/uploads\/2019\/10\/header-espresso.jpg?id=6815) !important;background-position: center !important;background-repeat: no-repeat !important;background-size: cover !important;}&#8221;][vc_row fullwidth=&#8221;true&#8221;][vc_column width=&#8221;11\/12&#8243; css=&#8221;.vc_custom_1569403602363{margin-left: 50px !important;padding-top: 34px !important;padding-bottom: 7px !important;}&#8221;][vc_column_text css=&#8221;.vc_custom_1566455960095{margin-bottom: 0px !important;}&#8221;]NOVELL<br \/>\nESPRESSO PRODUCTS[\/vc_column_text][\/vc_column][vc_column width=&#8221;1\/12&#8243;][\/vc_column][\/vc_row][\/vc_section][vc_section full_width=&#8221;stretch_row&#8221; css=&#8221;.vc_custom_1566459671733{padding-bottom: 24px !important;}&#8221;][vc_row][vc_column][vc_wp_custommenu nav_menu=&#8221;162&#8243; el_class=&#8221;menu-productos-container menu-productos-cafe&#8221;][\/vc_column][\/vc_row][\/vc_section][vc_section full_width=&#8221;stretch_row&#8221; el_class=&#8221;section-products&#8221;][vc_row css=&#8221;.vc_custom_1566476184856{margin-bottom: 44px !important;border-top-width: 1px !important;border-right-width: 1px !important;border-bottom-width: 1px !important;border-left-width: 1px !important;border-left-color: #cccccc !important;border-left-style: solid !important;border-right-color: #cccccc !important;border-right-style: solid !important;border-top-color: #cccccc !important;border-top-style: solid !important;border-bottom-color: #cccccc !important;border-bottom-style: solid !important;}&#8221;][vc_column width=&#8221;1\/6&#8243; css=&#8221;.vc_custom_1566552521187{padding-top: 0px !important;}&#8221;][mk_padding_divider size=&#8221;35&#8243; visibility=&#8221;visible-tl&#8221;][vc_single_image image=&#8221;6881&#8243; img_size=&#8221;full&#8221; alignment=&#8221;center&#8221;][\/vc_column][vc_column width=&#8221;7\/12&#8243; css=&#8221;.vc_custom_1566474278978{padding-top: 38px !important;}&#8221;][vc_column_text css=&#8221;.vc_custom_1571419398040{margin-bottom: 0px !important;}&#8221;]\n<h3>\u00c9 IL CAFF\u00c9 ORGANIC<\/h3>\n[\/vc_column_text][vc_column_text css=&#8221;.vc_custom_1570455008913{margin-bottom: 0px !important;}&#8221;]100% Arabica blend, based on smooth and Brazilian coffee with sweet overtones. The result is an acid-bitter balanced cup, slightly leaning to the acidic side, with a long persistence and pleasant aftertaste.<\/p>\n<p>Perfect for combinations with milk.[\/vc_column_text][vc_single_image image=&#8221;3588&#8243; img_size=&#8221;full&#8221; el_class=&#8221;cert-cafe&#8221;][vc_single_image image=&#8221;6442&#8243; img_size=&#8221;full&#8221; el_class=&#8221;cert-cafe&#8221;][\/vc_column][vc_column width=&#8221;1\/4&#8243; css=&#8221;.vc_custom_1566474343288{padding-top: 25px !important;}&#8221;][vc_single_image image=&#8221;32309&#8243; img_size=&#8221;full&#8221; alignment=&#8221;center&#8221;][\/vc_column][\/vc_row][vc_row css=&#8221;.vc_custom_1566477030763{margin-bottom: 44px !important;border-top-width: 1px !important;border-right-width: 1px !important;border-bottom-width: 1px !important;border-left-width: 1px !important;border-left-color: #cccccc !important;border-left-style: solid !important;border-right-color: #cccccc !important;border-right-style: solid !important;border-top-color: #cccccc !important;border-top-style: solid !important;border-bottom-color: #cccccc !important;border-bottom-style: solid !important;}&#8221;][vc_column width=&#8221;1\/6&#8243; css=&#8221;.vc_custom_1566552769636{padding-top: 8px !important;padding-bottom: 12px !important;padding-left: 37px !important;}&#8221;][mk_padding_divider size=&#8221;35&#8243; visibility=&#8221;visible-tl&#8221;][vc_single_image image=&#8221;6889&#8243; img_size=&#8221;full&#8221; alignment=&#8221;center&#8221;][\/vc_column][vc_column width=&#8221;7\/12&#8243; css=&#8221;.vc_custom_1566474278978{padding-top: 38px !important;}&#8221;][vc_column_text css=&#8221;.vc_custom_1571419409056{margin-bottom: 0px !important;}&#8221;]\n<h3>\u00c9 IL CAFF\u00c9 ORGANIC DEKAFF<\/h3>\n[\/vc_column_text][vc_column_text css=&#8221;.vc_custom_1570455046743{margin-bottom: 0px !important;}&#8221;]100% Arabica blend, resulting in a well-balanced cup. The decaffeination process is totally natural, obtaining a flawless cup of coffee with no chemical aftertaste, (from methylene chloride, for example).<\/p>\n<p>A generous cup in terms of quality aromas, it presents light notes of lemon combined with smooth aromas of vanilla, malt and pine nuts. A 100% organic decaffeinated espresso.[\/vc_column_text][vc_single_image image=&#8221;3588&#8243; img_size=&#8221;full&#8221; el_class=&#8221;cert-cafe&#8221;][vc_single_image image=&#8221;6442&#8243; img_size=&#8221;full&#8221; el_class=&#8221;cert-cafe&#8221;][\/vc_column][vc_column width=&#8221;1\/4&#8243; css=&#8221;.vc_custom_1566474343288{padding-top: 25px !important;}&#8221;][vc_single_image image=&#8221;32313&#8243; img_size=&#8221;full&#8221; alignment=&#8221;center&#8221;][\/vc_column][\/vc_row][\/vc_section]\n<\/div>","protected":false},"excerpt":{"rendered":"<p>[vc_section full_width=&#8221;stretch_row&#8221; css=&#8221;.vc_custom_1570700777818{background-image: url(https:\/\/cafesnovell.com\/wp-content\/uploads\/2019\/10\/header-espresso.jpg?id=6815) !important;background-position: center !important;background-repeat: no-repeat !important;background-size: cover !important;}&#8221;][vc_row fullwidth=&#8221;true&#8221;][vc_column width=&#8221;11\/12&#8243; css=&#8221;.vc_custom_1569403602363{margin-left: 50px !important;padding-top: 34px !important;padding-bottom: 7px !important;}&#8221;][vc_column_text css=&#8221;.vc_custom_1566455960095{margin-bottom: 0px !important;}&#8221;]NOVELL ESPRESSO PRODUCTS[\/vc_column_text][\/vc_column][vc_column width=&#8221;1\/12&#8243;][\/vc_column][\/vc_row][\/vc_section][vc_section full_width=&#8221;stretch_row&#8221; css=&#8221;.vc_custom_1566459671733{padding-bottom: 24px !important;}&#8221;][vc_row][vc_column][vc_wp_custommenu nav_menu=&#8221;162&#8243; el_class=&#8221;menu-productos-container menu-productos-cafe&#8221;][\/vc_column][\/vc_row][\/vc_section][vc_section full_width=&#8221;stretch_row&#8221; el_class=&#8221;section-products&#8221;][vc_row css=&#8221;.vc_custom_1566476184856{margin-bottom: 44px !important;border-top-width: 1px !important;border-right-width: 1px !important;border-bottom-width: 1px !important;border-left-width: 1px !important;border-left-color: #cccccc !important;border-left-style: solid !important;border-right-color: #cccccc !important;border-right-style: solid !important;border-top-color: #cccccc [&hellip;]<\/p>\n","protected":false},"author":1,"featured_media":0,"parent":31868,"menu_order":0,"comment_status":"closed","ping_status":"closed","template":"","meta":{"_acf_changed":false,"content-type":"","footnotes":""},"class_list":["post-31904","page","type-page","status-publish","hentry"],"acf":[],"yoast_head":"<!-- This site is optimized with the Yoast SEO plugin v27.3 - https:\/\/yoast.com\/product\/yoast-seo-wordpress\/ -->\n<title>\u00c9 il caff\u00e9 - Caf\u00e8s Novell<\/title>\n<meta name=\"description\" content=\"\u00c9 IL CAFF\u00c9. 100% ARABICA COFFEE. Designed for high-end establishments, \u00e9 il caff\u00e9 is the fruit of a special blend of 100% Arabica coffee, originating from the most famous plantations in the world. A complete sensory experience with the best cup of coffee. \u00c9 IL CAFF\u00c9 ORGANIC, 100% Arabica blend, based on smooth and Brazilian coffee with sweet overtones. The result is a well-balanced acidic-bitter cup, slightly leaning to the acidic side, with a long persistence and pleasant aftertaste. \u00c9 IL CAFF\u00c9 ORGANIC DEKAFF, 100% Arabica blend, resulting in well-balanced cup. The decaffeination process is totally natural, obtaining a flawless cup of coffee with no chemical aftertaste, (from methylene chloride, for example).\" \/>\n<meta name=\"robots\" content=\"index, follow, max-snippet:-1, max-image-preview:large, max-video-preview:-1\" \/>\n<link rel=\"canonical\" href=\"https:\/\/cafesnovell.com\/en\/restaurants\/coffee\/e-il-caffe\/\" \/>\n<meta property=\"og:locale\" content=\"en_US\" \/>\n<meta property=\"og:type\" content=\"article\" \/>\n<meta property=\"og:title\" content=\"\u00c9 il caff\u00e9 - Caf\u00e8s Novell\" \/>\n<meta property=\"og:description\" content=\"\u00c9 IL CAFF\u00c9. 100% ARABICA COFFEE. Designed for high-end establishments, \u00e9 il caff\u00e9 is the fruit of a special blend of 100% Arabica coffee, originating from the most famous plantations in the world. A complete sensory experience with the best cup of coffee. \u00c9 IL CAFF\u00c9 ORGANIC, 100% Arabica blend, based on smooth and Brazilian coffee with sweet overtones. The result is a well-balanced acidic-bitter cup, slightly leaning to the acidic side, with a long persistence and pleasant aftertaste. \u00c9 IL CAFF\u00c9 ORGANIC DEKAFF, 100% Arabica blend, resulting in well-balanced cup. The decaffeination process is totally natural, obtaining a flawless cup of coffee with no chemical aftertaste, (from methylene chloride, for example).\" \/>\n<meta property=\"og:url\" content=\"https:\/\/cafesnovell.com\/en\/restaurants\/coffee\/e-il-caffe\/\" \/>\n<meta property=\"og:site_name\" content=\"Caf\u00e8s Novell\" \/>\n<meta property=\"article:modified_time\" content=\"2020-01-21T14:15:18+00:00\" \/>\n<meta name=\"twitter:card\" content=\"summary_large_image\" \/>\n<meta name=\"twitter:label1\" content=\"Est. reading time\" \/>\n\t<meta name=\"twitter:data1\" content=\"3 minutes\" \/>\n<script type=\"application\/ld+json\" class=\"yoast-schema-graph\">{\"@context\":\"https:\\\/\\\/schema.org\",\"@graph\":[{\"@type\":\"WebPage\",\"@id\":\"https:\\\/\\\/cafesnovell.com\\\/en\\\/restaurants\\\/coffee\\\/e-il-caffe\\\/\",\"url\":\"https:\\\/\\\/cafesnovell.com\\\/en\\\/restaurants\\\/coffee\\\/e-il-caffe\\\/\",\"name\":\"\u00c9 il caff\u00e9 - Caf\u00e8s Novell\",\"isPartOf\":{\"@id\":\"https:\\\/\\\/cafesnovell.com\\\/en\\\/#website\"},\"datePublished\":\"2020-01-20T15:57:08+00:00\",\"dateModified\":\"2020-01-21T14:15:18+00:00\",\"description\":\"\u00c9 IL CAFF\u00c9. 100% ARABICA COFFEE. Designed for high-end establishments, \u00e9 il caff\u00e9 is the fruit of a special blend of 100% Arabica coffee, originating from the most famous plantations in the world. A complete sensory experience with the best cup of coffee. \u00c9 IL CAFF\u00c9 ORGANIC, 100% Arabica blend, based on smooth and Brazilian coffee with sweet overtones. The result is a well-balanced acidic-bitter cup, slightly leaning to the acidic side, with a long persistence and pleasant aftertaste. \u00c9 IL CAFF\u00c9 ORGANIC DEKAFF, 100% Arabica blend, resulting in well-balanced cup. The decaffeination process is totally natural, obtaining a flawless cup of coffee with no chemical aftertaste, (from methylene chloride, for example).\",\"breadcrumb\":{\"@id\":\"https:\\\/\\\/cafesnovell.com\\\/en\\\/restaurants\\\/coffee\\\/e-il-caffe\\\/#breadcrumb\"},\"inLanguage\":\"en-US\",\"potentialAction\":[{\"@type\":\"ReadAction\",\"target\":[\"https:\\\/\\\/cafesnovell.com\\\/en\\\/restaurants\\\/coffee\\\/e-il-caffe\\\/\"]}]},{\"@type\":\"BreadcrumbList\",\"@id\":\"https:\\\/\\\/cafesnovell.com\\\/en\\\/restaurants\\\/coffee\\\/e-il-caffe\\\/#breadcrumb\",\"itemListElement\":[{\"@type\":\"ListItem\",\"position\":1,\"name\":\"Home\",\"item\":\"https:\\\/\\\/cafesnovell.com\\\/en\\\/\"},{\"@type\":\"ListItem\",\"position\":2,\"name\":\"Restaurants\",\"item\":\"https:\\\/\\\/cafesnovell.com\\\/en\\\/restaurants\\\/\"},{\"@type\":\"ListItem\",\"position\":3,\"name\":\"Coffee\",\"item\":\"https:\\\/\\\/cafesnovell.com\\\/en\\\/restaurants\\\/coffee\\\/\"},{\"@type\":\"ListItem\",\"position\":4,\"name\":\"\u00c9 il caff\u00e9\"}]},{\"@type\":\"WebSite\",\"@id\":\"https:\\\/\\\/cafesnovell.com\\\/en\\\/#website\",\"url\":\"https:\\\/\\\/cafesnovell.com\\\/en\\\/\",\"name\":\"Caf\u00e8s Novell\",\"description\":\"Organic Premium Coffee\",\"potentialAction\":[{\"@type\":\"SearchAction\",\"target\":{\"@type\":\"EntryPoint\",\"urlTemplate\":\"https:\\\/\\\/cafesnovell.com\\\/en\\\/?s={search_term_string}\"},\"query-input\":{\"@type\":\"PropertyValueSpecification\",\"valueRequired\":true,\"valueName\":\"search_term_string\"}}],\"inLanguage\":\"en-US\"}]}<\/script>\n<!-- \/ Yoast SEO plugin. -->","yoast_head_json":{"title":"\u00c9 il caff\u00e9 - Caf\u00e8s Novell","description":"\u00c9 IL CAFF\u00c9. 100% ARABICA COFFEE. Designed for high-end establishments, \u00e9 il caff\u00e9 is the fruit of a special blend of 100% Arabica coffee, originating from the most famous plantations in the world. A complete sensory experience with the best cup of coffee. \u00c9 IL CAFF\u00c9 ORGANIC, 100% Arabica blend, based on smooth and Brazilian coffee with sweet overtones. The result is a well-balanced acidic-bitter cup, slightly leaning to the acidic side, with a long persistence and pleasant aftertaste. \u00c9 IL CAFF\u00c9 ORGANIC DEKAFF, 100% Arabica blend, resulting in well-balanced cup. The decaffeination process is totally natural, obtaining a flawless cup of coffee with no chemical aftertaste, (from methylene chloride, for example).","robots":{"index":"index","follow":"follow","max-snippet":"max-snippet:-1","max-image-preview":"max-image-preview:large","max-video-preview":"max-video-preview:-1"},"canonical":"https:\/\/cafesnovell.com\/en\/restaurants\/coffee\/e-il-caffe\/","og_locale":"en_US","og_type":"article","og_title":"\u00c9 il caff\u00e9 - Caf\u00e8s Novell","og_description":"\u00c9 IL CAFF\u00c9. 100% ARABICA COFFEE. Designed for high-end establishments, \u00e9 il caff\u00e9 is the fruit of a special blend of 100% Arabica coffee, originating from the most famous plantations in the world. A complete sensory experience with the best cup of coffee. \u00c9 IL CAFF\u00c9 ORGANIC, 100% Arabica blend, based on smooth and Brazilian coffee with sweet overtones. The result is a well-balanced acidic-bitter cup, slightly leaning to the acidic side, with a long persistence and pleasant aftertaste. \u00c9 IL CAFF\u00c9 ORGANIC DEKAFF, 100% Arabica blend, resulting in well-balanced cup. The decaffeination process is totally natural, obtaining a flawless cup of coffee with no chemical aftertaste, (from methylene chloride, for example).","og_url":"https:\/\/cafesnovell.com\/en\/restaurants\/coffee\/e-il-caffe\/","og_site_name":"Caf\u00e8s Novell","article_modified_time":"2020-01-21T14:15:18+00:00","twitter_card":"summary_large_image","twitter_misc":{"Est. reading time":"3 minutes"},"schema":{"@context":"https:\/\/schema.org","@graph":[{"@type":"WebPage","@id":"https:\/\/cafesnovell.com\/en\/restaurants\/coffee\/e-il-caffe\/","url":"https:\/\/cafesnovell.com\/en\/restaurants\/coffee\/e-il-caffe\/","name":"\u00c9 il caff\u00e9 - Caf\u00e8s Novell","isPartOf":{"@id":"https:\/\/cafesnovell.com\/en\/#website"},"datePublished":"2020-01-20T15:57:08+00:00","dateModified":"2020-01-21T14:15:18+00:00","description":"\u00c9 IL CAFF\u00c9. 100% ARABICA COFFEE. Designed for high-end establishments, \u00e9 il caff\u00e9 is the fruit of a special blend of 100% Arabica coffee, originating from the most famous plantations in the world. A complete sensory experience with the best cup of coffee. \u00c9 IL CAFF\u00c9 ORGANIC, 100% Arabica blend, based on smooth and Brazilian coffee with sweet overtones. The result is a well-balanced acidic-bitter cup, slightly leaning to the acidic side, with a long persistence and pleasant aftertaste. \u00c9 IL CAFF\u00c9 ORGANIC DEKAFF, 100% Arabica blend, resulting in well-balanced cup. The decaffeination process is totally natural, obtaining a flawless cup of coffee with no chemical aftertaste, (from methylene chloride, for example).","breadcrumb":{"@id":"https:\/\/cafesnovell.com\/en\/restaurants\/coffee\/e-il-caffe\/#breadcrumb"},"inLanguage":"en-US","potentialAction":[{"@type":"ReadAction","target":["https:\/\/cafesnovell.com\/en\/restaurants\/coffee\/e-il-caffe\/"]}]},{"@type":"BreadcrumbList","@id":"https:\/\/cafesnovell.com\/en\/restaurants\/coffee\/e-il-caffe\/#breadcrumb","itemListElement":[{"@type":"ListItem","position":1,"name":"Home","item":"https:\/\/cafesnovell.com\/en\/"},{"@type":"ListItem","position":2,"name":"Restaurants","item":"https:\/\/cafesnovell.com\/en\/restaurants\/"},{"@type":"ListItem","position":3,"name":"Coffee","item":"https:\/\/cafesnovell.com\/en\/restaurants\/coffee\/"},{"@type":"ListItem","position":4,"name":"\u00c9 il caff\u00e9"}]},{"@type":"WebSite","@id":"https:\/\/cafesnovell.com\/en\/#website","url":"https:\/\/cafesnovell.com\/en\/","name":"Caf\u00e8s Novell","description":"Organic Premium Coffee","potentialAction":[{"@type":"SearchAction","target":{"@type":"EntryPoint","urlTemplate":"https:\/\/cafesnovell.com\/en\/?s={search_term_string}"},"query-input":{"@type":"PropertyValueSpecification","valueRequired":true,"valueName":"search_term_string"}}],"inLanguage":"en-US"}]}},"_links":{"self":[{"href":"https:\/\/cafesnovell.com\/en\/wp-json\/wp\/v2\/pages\/31904","targetHints":{"allow":["GET"]}}],"collection":[{"href":"https:\/\/cafesnovell.com\/en\/wp-json\/wp\/v2\/pages"}],"about":[{"href":"https:\/\/cafesnovell.com\/en\/wp-json\/wp\/v2\/types\/page"}],"author":[{"embeddable":true,"href":"https:\/\/cafesnovell.com\/en\/wp-json\/wp\/v2\/users\/1"}],"replies":[{"embeddable":true,"href":"https:\/\/cafesnovell.com\/en\/wp-json\/wp\/v2\/comments?post=31904"}],"version-history":[{"count":0,"href":"https:\/\/cafesnovell.com\/en\/wp-json\/wp\/v2\/pages\/31904\/revisions"}],"up":[{"embeddable":true,"href":"https:\/\/cafesnovell.com\/en\/wp-json\/wp\/v2\/pages\/31868"}],"wp:attachment":[{"href":"https:\/\/cafesnovell.com\/en\/wp-json\/wp\/v2\/media?parent=31904"}],"curies":[{"name":"wp","href":"https:\/\/api.w.org\/{rel}","templated":true}]}}