{"id":31814,"date":"2020-01-20T14:24:59","date_gmt":"2020-01-20T13:24:59","guid":{"rendered":"https:\/\/cafesnovell.com\/about-us\/novell-in-the-world\/"},"modified":"2021-09-21T12:51:48","modified_gmt":"2021-09-21T10:51:48","slug":"novell-in-the-world","status":"publish","type":"page","link":"https:\/\/cafesnovell.com\/en\/about-us\/novell-in-the-world\/","title":{"rendered":"Novell in the World"},"content":{"rendered":"<div class=\"wpb-content-wrapper\">[vc_section full_width=&#8221;stretch_row&#8221; css=&#8221;.vc_custom_1570693389116{background-image: url(https:\/\/cafesnovell.com\/wp-content\/uploads\/2019\/10\/header.jpg?id=6634) !important;background-position: center !important;background-repeat: no-repeat !important;background-size: cover !important;}&#8221;][vc_row fullwidth=&#8221;true&#8221;][vc_column width=&#8221;1\/6&#8243; el_class=&#8221;trabaja&#8221; css=&#8221;.vc_custom_1569404292250{margin-bottom: 30px !important;margin-left: 50px !important;padding-top: 25px !important;padding-right: 0px !important;}&#8221; offset=&#8221;vc_col-lg-2 vc_col-md-4&#8243;][vc_column_text css=&#8221;.vc_custom_1567417840562{margin-bottom: 0px !important;}&#8221;]NOVELL<br \/>\nIN THE WORLD[\/vc_column_text][\/vc_column][vc_column width=&#8221;1\/12&#8243;][\/vc_column][vc_column width=&#8221;1\/4&#8243;][\/vc_column][vc_column width=&#8221;1\/4&#8243;][\/vc_column][vc_column width=&#8221;1\/4&#8243;][\/vc_column][\/vc_row][\/vc_section][vc_section full_width=&#8221;stretch_row&#8221; el_class=&#8221;section-text&#8221;][vc_row][vc_column][vc_column_text css=&#8221;.vc_custom_1571404588670{margin-bottom: 0px !important;}&#8221;]Caf\u00e8s Novell in the world. The territorial expansion of Caf\u00e9s Novell started twenty years ago and is currently present in Italy, the United Kingdom, the United States and Hong Kong with company owned branches<strong>, <em>joint ventures<\/em><\/strong> or through its <strong>distributors<\/strong>.<\/p>\n<p>The birthplace of European coffee, Italy, was our first destination; a mature market where our coffees and their <em>bouquet<\/em> and characteristic aromatic profile were greatly accepted.[\/vc_column_text][\/vc_column][\/vc_row][\/vc_section][vc_section full_width=&#8221;stretch_row&#8221; css=&#8221;.vc_custom_1570693420898{background-image: url(https:\/\/cafesnovell.com\/wp-content\/uploads\/2019\/10\/reino_unido.jpg?id=6653) !important;background-position: center !important;background-repeat: no-repeat !important;background-size: cover !important;}&#8221;][vc_row][vc_column css=&#8221;.vc_custom_1569859305938{margin-bottom: 25px !important;}&#8221; el_class=&#8221;info-container&#8221;][mk_padding_divider size=&#8221;543&#8243; visibility=&#8221;hidden-sm&#8221;][mk_padding_divider size=&#8221;130&#8243; visibility=&#8221;visible-sm&#8221;][vc_column_text css=&#8221;.vc_custom_1564127142236{margin-bottom: 0px !important;}&#8221;]THE UNITED KINGDOM[\/vc_column_text][\/vc_column][\/vc_row][\/vc_section][vc_section full_width=&#8221;stretch_row&#8221; el_class=&#8221;section-text&#8221;][vc_row][vc_column width=&#8221;1\/2&#8243;][vc_column_text css=&#8221;.vc_custom_1571404653252{margin-bottom: 0px !important;}&#8221;]Our branch has its <strong>headquarters in London<\/strong>, from where we provide a service to the capital, Manchester and the principal cities in the area such as Yorkshire, Sheffield and Leeds.<\/p>\n<p>Just like with the local market, our level of service, personalised attention and product quality are the keys to our British customers enjoying the perfect cup of coffee.[\/vc_column_text][\/vc_column][vc_column width=&#8221;1\/2&#8243;][vc_column_text css=&#8221;.vc_custom_1570028820073{margin-bottom: 0px !important;}&#8221;]<strong>10 Carlos Place, Mayfair (London)<\/strong><\/p>\n<p>+44 (0) 800 157 7703[\/vc_column_text][\/vc_column][\/vc_row][\/vc_section][vc_section full_width=&#8221;stretch_row&#8221; css=&#8221;.vc_custom_1570693463997{background-image: url(https:\/\/cafesnovell.com\/wp-content\/uploads\/2019\/10\/italiav2-1.jpg?id=6657) !important;background-position: center !important;background-repeat: no-repeat !important;background-size: cover !important;}&#8221;][vc_row][vc_column css=&#8221;.vc_custom_1569859494410{margin-bottom: 25px !important;}&#8221; el_class=&#8221;info-container&#8221;][mk_padding_divider size=&#8221;543&#8243; visibility=&#8221;hidden-sm&#8221;][mk_padding_divider size=&#8221;130&#8243; visibility=&#8221;visible-sm&#8221;][vc_column_text css=&#8221;.vc_custom_1564128489339{margin-bottom: 0px !important;}&#8221;]ITALY[\/vc_column_text][\/vc_column][\/vc_row][\/vc_section][vc_section full_width=&#8221;stretch_row&#8221; el_class=&#8221;section-text&#8221;][vc_row][vc_column width=&#8221;1\/2&#8243;][vc_column_text css=&#8221;.vc_custom_1570029226313{margin-bottom: 0px !important;}&#8221;]From our <strong>branch in Milan<\/strong> we are present throughout Italy, perhaps the county where its coffee culture is manifested most passionately.<\/p>\n<p>The product excellence and outstanding service of our <em>Global<\/em> <em>Coffee Concept<\/em> are at the very core of our business and what make us stand out in this important market.[\/vc_column_text][\/vc_column][vc_column width=&#8221;1\/2&#8243;][vc_column_text css=&#8221;.vc_custom_1570028827489{margin-bottom: 0px !important;}&#8221;]<strong>Stradale Statale del Sempione, 283 (Pero)<\/strong><\/p>\n<p>+39 342 641 4338 \/ +39 873 93648[\/vc_column_text][\/vc_column][\/vc_row][\/vc_section][vc_section full_width=&#8221;stretch_row&#8221; css=&#8221;.vc_custom_1631706963509{background-image: url(https:\/\/cafesnovell.com\/wp-content\/uploads\/2021\/09\/alemania-1.jpg?id=58872) !important;background-position: center !important;background-repeat: no-repeat !important;background-size: cover !important;}&#8221;][vc_row][vc_column css=&#8221;.vc_custom_1569859494410{margin-bottom: 25px !important;}&#8221; el_class=&#8221;info-container&#8221;][mk_padding_divider size=&#8221;543&#8243; visibility=&#8221;hidden-sm&#8221;][mk_padding_divider size=&#8221;500&#8243; visibility=&#8221;visible-sm&#8221;][vc_column_text css=&#8221;.vc_custom_1631706369395{margin-bottom: 0px !important;}&#8221;]GERMANY[\/vc_column_text][\/vc_column][\/vc_row][\/vc_section][vc_section full_width=&#8221;stretch_row&#8221; el_class=&#8221;section-text&#8221;][vc_row][vc_column width=&#8221;1\/2&#8243;][vc_column_text css=&#8221;.vc_custom_1631707108897{margin-bottom: 0px !important;}&#8221;]We are present in the German market through our partner <strong>KAFFEE + CO, based in Kempten<\/strong>.<\/p>\n<p>Hand in hand with Esther and Ralf R\u00fcdiger and their long experience in the German coffee market, we work to seduce new palates by relying on product excellence, social responsibility and a differentiated service.[\/vc_column_text][\/vc_column][vc_column width=&#8221;1\/2&#8243;][vc_column_text css=&#8221;.vc_custom_1631706653860{margin-bottom: 0px !important;}&#8221;]<strong>Rosenau, 22<br \/>\nD-87437 Kempten<\/strong><\/p>\n<p>+49 (0)831 &#8211; 54 06 33 88<br \/>\ninfo@kaffee-co.de[\/vc_column_text][\/vc_column][\/vc_row][\/vc_section][vc_section full_width=&#8221;stretch_row&#8221; css=&#8221;.vc_custom_1570693496044{background-image: url(https:\/\/cafesnovell.com\/wp-content\/uploads\/2019\/10\/usav2.jpg?id=6661) !important;background-position: center !important;background-repeat: no-repeat !important;background-size: cover !important;}&#8221;][vc_row][vc_column css=&#8221;.vc_custom_1569859586952{margin-bottom: 25px !important;}&#8221; el_class=&#8221;info-container&#8221;][mk_padding_divider size=&#8221;543&#8243; visibility=&#8221;hidden-sm&#8221;][mk_padding_divider size=&#8221;130&#8243; visibility=&#8221;visible-sm&#8221;][vc_column_text css=&#8221;.vc_custom_1564128869133{margin-bottom: 0px !important;}&#8221;]THE UNITED STATES[\/vc_column_text][\/vc_column][\/vc_row][\/vc_section][vc_section full_width=&#8221;stretch_row&#8221; el_class=&#8221;section-text&#8221;][vc_row][vc_column width=&#8221;1\/2&#8243;][vc_column_text css=&#8221;.vc_custom_1571404693035{margin-bottom: 0px !important;}&#8221;]In recent years, Caf\u00e9s Novell has become firmly established in the United States, the biggest coffee importer in the world, with a <strong>branch in Florida<\/strong>. From there we serve all our distributors and customers throughout the American market.[\/vc_column_text][\/vc_column][vc_column width=&#8221;1\/2&#8243;][vc_column_text css=&#8221;.vc_custom_1570028835696{margin-bottom: 0px !important;}&#8221;]<strong>2655 S. Le Jeune Road, Suite 700-A, Coral Gables, Florida 33134<\/strong><\/p>\n<p>+34 902 104 079[\/vc_column_text][\/vc_column][\/vc_row][\/vc_section][vc_section full_width=&#8221;stretch_row&#8221; css=&#8221;.vc_custom_1570693525921{background-image: url(https:\/\/cafesnovell.com\/wp-content\/uploads\/2019\/10\/chinav2.jpg?id=6665) !important;background-position: center !important;background-repeat: no-repeat !important;background-size: cover !important;}&#8221;][vc_row][vc_column css=&#8221;.vc_custom_1569859633947{margin-bottom: 25px !important;}&#8221; el_class=&#8221;info-container&#8221;][mk_padding_divider size=&#8221;543&#8243; visibility=&#8221;hidden-sm&#8221;][mk_padding_divider size=&#8221;130&#8243; visibility=&#8221;visible-sm&#8221;][vc_column_text css=&#8221;.vc_custom_1570028739483{margin-bottom: 0px !important;}&#8221;]HONG KONG[\/vc_column_text][\/vc_column][\/vc_row][\/vc_section][vc_section full_width=&#8221;stretch_row&#8221; el_class=&#8221;section-text&#8221;][vc_row][vc_column width=&#8221;1\/2&#8243;][vc_column_text css=&#8221;.vc_custom_1571404871050{margin-bottom: 0px !important;}&#8221;]Asia has stood out recently as an emerging coffee consuming market with an increasing awareness to product quality.<\/p>\n<p>In order to commercialise our products and services in the Asian markets, we have made a business agreement with a local group through which we manage a <strong>network of <em> company-owned coffee shops<\/em> called Espuma<\/strong>.[\/vc_column_text][\/vc_column][vc_column width=&#8221;1\/2&#8243;][vc_column_text css=&#8221;.vc_custom_1570028845311{margin-bottom: 0px !important;}&#8221;]<strong>Shun Tak Center, 168-200 Connaught Road, Central (Hong Kong)<\/strong><\/p>\n<p>+852 3793 3328 \/ +852 3793 3368[\/vc_column_text][\/vc_column][\/vc_row][\/vc_section][vc_section full_width=&#8221;stretch_row&#8221; css=&#8221;.vc_custom_1564130162738{padding-top: 50px !important;padding-bottom: 50px !important;}&#8221;][vc_row el_class=&#8221;demana-info&#8221;][vc_column][vc_column_text css=&#8221;.vc_custom_1564129509186{margin-bottom: 0px !important;}&#8221;]REQUEST INFORMATION[\/vc_column_text][\/vc_column][\/vc_row][vc_row][vc_column]\n<div class=\"wpcf7 no-js\" id=\"wpcf7-f7431-o1\" lang=\"es-ES\" dir=\"ltr\" data-wpcf7-id=\"7431\">\n<div class=\"screen-reader-response\"><p role=\"status\" aria-live=\"polite\" aria-atomic=\"true\"><\/p> <ul><\/ul><\/div>\n<form action=\"\/en\/wp-json\/wp\/v2\/pages\/31814#wpcf7-f7431-o1\" method=\"post\" class=\"wpcf7-form init\" aria-label=\"Formulario de contacto\" novalidate=\"novalidate\" data-status=\"init\">\n<fieldset class=\"hidden-fields-container\"><input type=\"hidden\" name=\"_wpcf7\" value=\"7431\" \/><input type=\"hidden\" name=\"_wpcf7_version\" value=\"6.1.5\" \/><input type=\"hidden\" name=\"_wpcf7_locale\" value=\"es_ES\" \/><input type=\"hidden\" name=\"_wpcf7_unit_tag\" value=\"wpcf7-f7431-o1\" \/><input type=\"hidden\" name=\"_wpcf7_container_post\" value=\"0\" \/><input type=\"hidden\" name=\"_wpcf7_posted_data_hash\" value=\"\" \/><input type=\"hidden\" name=\"_wpcf7_recaptcha_response\" value=\"\" \/>\n<\/fieldset>\n<div class=\"input-container\">\n\t<p><span class=\"wpcf7-form-control-wrap\" data-name=\"sm-properties1\"><input size=\"40\" maxlength=\"400\" class=\"wpcf7-form-control wpcf7-text wpcf7-validates-as-required\" aria-required=\"true\" aria-invalid=\"false\" placeholder=\"NOMBRE\" value=\"\" type=\"text\" name=\"sm-properties1\" \/><\/span>\n\t<\/p>\n\t<p><span class=\"wpcf7-form-control-wrap\" data-name=\"sm-properties2\"><input size=\"40\" maxlength=\"400\" class=\"wpcf7-form-control wpcf7-text wpcf7-validates-as-required\" aria-required=\"true\" aria-invalid=\"false\" placeholder=\"APELLIDOS\" value=\"\" type=\"text\" name=\"sm-properties2\" \/><\/span>\n\t<\/p>\n<input class=\"wpcf7-form-control wpcf7-hidden\" value=\"Nombre Oculto\" type=\"hidden\" name=\"sm-name\" \/>\n\t<p><span class=\"wpcf7-form-control-wrap\" data-name=\"sm-email\"><input size=\"40\" maxlength=\"400\" class=\"wpcf7-form-control wpcf7-email wpcf7-validates-as-required wpcf7-text wpcf7-validates-as-email\" aria-required=\"true\" aria-invalid=\"false\" placeholder=\"EMAIL\" value=\"\" type=\"email\" name=\"sm-email\" \/><\/span>\n\t<\/p>\n<\/div>\n<div class=\"second-input-container\">\n\t<p><span class=\"wpcf7-form-control-wrap\" data-name=\"sm-company\"><input size=\"40\" maxlength=\"400\" class=\"wpcf7-form-control wpcf7-text\" aria-invalid=\"false\" placeholder=\"NOMBRE DE LA EMPRESA\" value=\"\" type=\"text\" name=\"sm-company\" \/><\/span>\n\t<\/p>\n\t<p><span class=\"wpcf7-form-control-wrap\" data-name=\"sm-phone\"><input size=\"40\" maxlength=\"400\" class=\"wpcf7-form-control wpcf7-tel wpcf7-validates-as-required wpcf7-text wpcf7-validates-as-tel\" aria-required=\"true\" aria-invalid=\"false\" placeholder=\"TEL\u00c9FONO DE CONTACTO\" value=\"\" type=\"tel\" name=\"sm-phone\" \/><\/span>\n\t<\/p>\n<\/div>\n<div class=\"second-container contact\">\n\t<p><span class=\"wpcf7-form-control-wrap\" data-name=\"sm-properties3\"><textarea cols=\"40\" rows=\"10\" maxlength=\"2000\" class=\"wpcf7-form-control wpcf7-textarea\" aria-invalid=\"false\" placeholder=\"COMENTARIOS\" name=\"sm-properties3\"><\/textarea><\/span>\n\t<\/p>\n\t<div class=\"container-check\">\n\t\t<p><span class=\"wpcf7-form-control-wrap\" data-name=\"your-consent\"><span class=\"wpcf7-form-control wpcf7-acceptance\"><span class=\"wpcf7-list-item\"><label><input type=\"checkbox\" name=\"your-consent\" value=\"1\" aria-invalid=\"false\" \/><span class=\"wpcf7-list-item-label\">He le\u00eddo la <a target='_blank' href='\/politica-de-privacidad'>pol\u00edtica de privacidad<\/a> y el <a target='_blank' href='\/aviso-legal'>aviso legal<\/a><\/span><\/label><\/span><\/span><\/span>\n\t\t<\/p>\n\t\t<p><label><span class=\"wpcf7-form-control-wrap\" data-name=\"sm-optin\"><span class=\"wpcf7-form-control wpcf7-checkbox wpcf7-exclusive-checkbox\"><span class=\"wpcf7-list-item first last\"><input type=\"checkbox\" name=\"sm-optin\" value=\"Autorizo que mis datos personales puedan ser utilizados para el env\u00edo de comunicaciones comerciales y ofertas publicitarias por e-mail o cualquier otro medio electr\u00f3nico o f\u00edsico, presente o futuro.\" \/><span class=\"wpcf7-list-item-label\">Autorizo que mis datos personales puedan ser utilizados para el env\u00edo de comunicaciones comerciales y ofertas publicitarias por e-mail o cualquier otro medio electr\u00f3nico o f\u00edsico, presente o futuro.<\/span><\/span><\/span><\/span><\/label>\n\t\t<\/p>\n\t\t<p><input class=\"wpcf7-form-control wpcf7-submit has-spinner\" type=\"submit\" value=\"ENVIAR\" \/>\n\t\t<\/p>\n\t<\/div>\n<\/div><div class=\"wpcf7-response-output\" aria-hidden=\"true\"><\/div>\n<\/form>\n<\/div>\n[\/vc_column][\/vc_row][\/vc_section][vc_section full_width=&#8221;stretch_row&#8221; el_class=&#8221;section-contacto&#8221; css=&#8221;.vc_custom_1564129727502{padding-top: 22px !important;}&#8221;][vc_row][vc_column][vc_column_text css=&#8221;.vc_custom_1632221240630{margin-bottom: 0px !important;}&#8221;]If you wish you can call us on: <span class=\"telefono\"><strong>+34 933 322 598<\/strong><\/span> (Monday to Friday 08:00 to 18:00)[\/vc_column_text][\/vc_column][\/vc_row][\/vc_section]\n<\/div>","protected":false},"excerpt":{"rendered":"<p>[vc_section full_width=&#8221;stretch_row&#8221; css=&#8221;.vc_custom_1570693389116{background-image: url(https:\/\/cafesnovell.com\/wp-content\/uploads\/2019\/10\/header.jpg?id=6634) !important;background-position: center !important;background-repeat: no-repeat !important;background-size: cover !important;}&#8221;][vc_row fullwidth=&#8221;true&#8221;][vc_column width=&#8221;1\/6&#8243; el_class=&#8221;trabaja&#8221; css=&#8221;.vc_custom_1569404292250{margin-bottom: 30px !important;margin-left: 50px !important;padding-top: 25px !important;padding-right: 0px !important;}&#8221; offset=&#8221;vc_col-lg-2 vc_col-md-4&#8243;][vc_column_text css=&#8221;.vc_custom_1567417840562{margin-bottom: 0px !important;}&#8221;]NOVELL IN THE WORLD[\/vc_column_text][\/vc_column][vc_column width=&#8221;1\/12&#8243;][\/vc_column][vc_column width=&#8221;1\/4&#8243;][\/vc_column][vc_column width=&#8221;1\/4&#8243;][\/vc_column][vc_column width=&#8221;1\/4&#8243;][\/vc_column][\/vc_row][\/vc_section][vc_section full_width=&#8221;stretch_row&#8221; el_class=&#8221;section-text&#8221;][vc_row][vc_column][vc_column_text css=&#8221;.vc_custom_1571404588670{margin-bottom: 0px !important;}&#8221;]Caf\u00e8s Novell in the world. The territorial expansion of Caf\u00e9s Novell started twenty years ago and [&hellip;]<\/p>\n","protected":false},"author":1,"featured_media":0,"parent":28016,"menu_order":0,"comment_status":"closed","ping_status":"closed","template":"","meta":{"_acf_changed":false,"content-type":"","footnotes":""},"class_list":["post-31814","page","type-page","status-publish","hentry"],"acf":[],"yoast_head":"<!-- This site is optimized with the Yoast SEO plugin v27.3 - https:\/\/yoast.com\/product\/yoast-seo-wordpress\/ -->\n<title>Caf\u00e9s Novell en el mundo - Delegaciones y distribuidores<\/title>\n<meta name=\"description\" content=\"Caf\u00e8s Novell in the world. The territorial expansion of Caf\u00e9s Novell started twenty years ago and is currently present in Italy, the United Kingdom, the United States and Hong Kong, with company owned branches,\u00a0joint ventures\u00a0and through its distributors.\" \/>\n<meta name=\"robots\" content=\"index, follow, max-snippet:-1, max-image-preview:large, max-video-preview:-1\" \/>\n<link rel=\"canonical\" href=\"https:\/\/cafesnovell.com\/en\/about-us\/novell-in-the-world\/\" \/>\n<meta property=\"og:locale\" content=\"en_US\" \/>\n<meta property=\"og:type\" content=\"article\" \/>\n<meta property=\"og:title\" content=\"Caf\u00e9s Novell en el mundo - Delegaciones y distribuidores\" \/>\n<meta property=\"og:description\" content=\"Caf\u00e8s Novell in the world. The territorial expansion of Caf\u00e9s Novell started twenty years ago and is currently present in Italy, the United Kingdom, the United States and Hong Kong, with company owned branches,\u00a0joint ventures\u00a0and through its distributors.\" \/>\n<meta property=\"og:url\" content=\"https:\/\/cafesnovell.com\/en\/about-us\/novell-in-the-world\/\" \/>\n<meta property=\"og:site_name\" content=\"Caf\u00e8s Novell\" \/>\n<meta property=\"article:modified_time\" content=\"2021-09-21T10:51:48+00:00\" \/>\n<meta name=\"twitter:card\" content=\"summary_large_image\" \/>\n<meta name=\"twitter:label1\" content=\"Est. reading time\" \/>\n\t<meta name=\"twitter:data1\" content=\"3 minutes\" \/>\n<script type=\"application\/ld+json\" class=\"yoast-schema-graph\">{\"@context\":\"https:\\\/\\\/schema.org\",\"@graph\":[{\"@type\":\"WebPage\",\"@id\":\"https:\\\/\\\/cafesnovell.com\\\/en\\\/about-us\\\/novell-in-the-world\\\/\",\"url\":\"https:\\\/\\\/cafesnovell.com\\\/en\\\/about-us\\\/novell-in-the-world\\\/\",\"name\":\"Caf\u00e9s Novell en el mundo - Delegaciones y distribuidores\",\"isPartOf\":{\"@id\":\"https:\\\/\\\/cafesnovell.com\\\/en\\\/#website\"},\"datePublished\":\"2020-01-20T13:24:59+00:00\",\"dateModified\":\"2021-09-21T10:51:48+00:00\",\"description\":\"Caf\u00e8s Novell in the world. The territorial expansion of Caf\u00e9s Novell started twenty years ago and is currently present in Italy, the United Kingdom, the United States and Hong Kong, with company owned branches,\u00a0joint ventures\u00a0and through its distributors.\",\"breadcrumb\":{\"@id\":\"https:\\\/\\\/cafesnovell.com\\\/en\\\/about-us\\\/novell-in-the-world\\\/#breadcrumb\"},\"inLanguage\":\"en-US\",\"potentialAction\":[{\"@type\":\"ReadAction\",\"target\":[\"https:\\\/\\\/cafesnovell.com\\\/en\\\/about-us\\\/novell-in-the-world\\\/\"]}]},{\"@type\":\"BreadcrumbList\",\"@id\":\"https:\\\/\\\/cafesnovell.com\\\/en\\\/about-us\\\/novell-in-the-world\\\/#breadcrumb\",\"itemListElement\":[{\"@type\":\"ListItem\",\"position\":1,\"name\":\"Home\",\"item\":\"https:\\\/\\\/cafesnovell.com\\\/en\\\/\"},{\"@type\":\"ListItem\",\"position\":2,\"name\":\"About us\",\"item\":\"https:\\\/\\\/cafesnovell.com\\\/en\\\/about-us\\\/\"},{\"@type\":\"ListItem\",\"position\":3,\"name\":\"Novell in the World\"}]},{\"@type\":\"WebSite\",\"@id\":\"https:\\\/\\\/cafesnovell.com\\\/en\\\/#website\",\"url\":\"https:\\\/\\\/cafesnovell.com\\\/en\\\/\",\"name\":\"Caf\u00e8s Novell\",\"description\":\"Organic Premium Coffee\",\"potentialAction\":[{\"@type\":\"SearchAction\",\"target\":{\"@type\":\"EntryPoint\",\"urlTemplate\":\"https:\\\/\\\/cafesnovell.com\\\/en\\\/?s={search_term_string}\"},\"query-input\":{\"@type\":\"PropertyValueSpecification\",\"valueRequired\":true,\"valueName\":\"search_term_string\"}}],\"inLanguage\":\"en-US\"}]}<\/script>\n<!-- \/ Yoast SEO plugin. -->","yoast_head_json":{"title":"Caf\u00e9s Novell en el mundo - Delegaciones y distribuidores","description":"Caf\u00e8s Novell in the world. The territorial expansion of Caf\u00e9s Novell started twenty years ago and is currently present in Italy, the United Kingdom, the United States and Hong Kong, with company owned branches,\u00a0joint ventures\u00a0and through its distributors.","robots":{"index":"index","follow":"follow","max-snippet":"max-snippet:-1","max-image-preview":"max-image-preview:large","max-video-preview":"max-video-preview:-1"},"canonical":"https:\/\/cafesnovell.com\/en\/about-us\/novell-in-the-world\/","og_locale":"en_US","og_type":"article","og_title":"Caf\u00e9s Novell en el mundo - Delegaciones y distribuidores","og_description":"Caf\u00e8s Novell in the world. The territorial expansion of Caf\u00e9s Novell started twenty years ago and is currently present in Italy, the United Kingdom, the United States and Hong Kong, with company owned branches,\u00a0joint ventures\u00a0and through its distributors.","og_url":"https:\/\/cafesnovell.com\/en\/about-us\/novell-in-the-world\/","og_site_name":"Caf\u00e8s Novell","article_modified_time":"2021-09-21T10:51:48+00:00","twitter_card":"summary_large_image","twitter_misc":{"Est. reading time":"3 minutes"},"schema":{"@context":"https:\/\/schema.org","@graph":[{"@type":"WebPage","@id":"https:\/\/cafesnovell.com\/en\/about-us\/novell-in-the-world\/","url":"https:\/\/cafesnovell.com\/en\/about-us\/novell-in-the-world\/","name":"Caf\u00e9s Novell en el mundo - Delegaciones y distribuidores","isPartOf":{"@id":"https:\/\/cafesnovell.com\/en\/#website"},"datePublished":"2020-01-20T13:24:59+00:00","dateModified":"2021-09-21T10:51:48+00:00","description":"Caf\u00e8s Novell in the world. The territorial expansion of Caf\u00e9s Novell started twenty years ago and is currently present in Italy, the United Kingdom, the United States and Hong Kong, with company owned branches,\u00a0joint ventures\u00a0and through its distributors.","breadcrumb":{"@id":"https:\/\/cafesnovell.com\/en\/about-us\/novell-in-the-world\/#breadcrumb"},"inLanguage":"en-US","potentialAction":[{"@type":"ReadAction","target":["https:\/\/cafesnovell.com\/en\/about-us\/novell-in-the-world\/"]}]},{"@type":"BreadcrumbList","@id":"https:\/\/cafesnovell.com\/en\/about-us\/novell-in-the-world\/#breadcrumb","itemListElement":[{"@type":"ListItem","position":1,"name":"Home","item":"https:\/\/cafesnovell.com\/en\/"},{"@type":"ListItem","position":2,"name":"About us","item":"https:\/\/cafesnovell.com\/en\/about-us\/"},{"@type":"ListItem","position":3,"name":"Novell in the World"}]},{"@type":"WebSite","@id":"https:\/\/cafesnovell.com\/en\/#website","url":"https:\/\/cafesnovell.com\/en\/","name":"Caf\u00e8s Novell","description":"Organic Premium Coffee","potentialAction":[{"@type":"SearchAction","target":{"@type":"EntryPoint","urlTemplate":"https:\/\/cafesnovell.com\/en\/?s={search_term_string}"},"query-input":{"@type":"PropertyValueSpecification","valueRequired":true,"valueName":"search_term_string"}}],"inLanguage":"en-US"}]}},"_links":{"self":[{"href":"https:\/\/cafesnovell.com\/en\/wp-json\/wp\/v2\/pages\/31814","targetHints":{"allow":["GET"]}}],"collection":[{"href":"https:\/\/cafesnovell.com\/en\/wp-json\/wp\/v2\/pages"}],"about":[{"href":"https:\/\/cafesnovell.com\/en\/wp-json\/wp\/v2\/types\/page"}],"author":[{"embeddable":true,"href":"https:\/\/cafesnovell.com\/en\/wp-json\/wp\/v2\/users\/1"}],"replies":[{"embeddable":true,"href":"https:\/\/cafesnovell.com\/en\/wp-json\/wp\/v2\/comments?post=31814"}],"version-history":[{"count":0,"href":"https:\/\/cafesnovell.com\/en\/wp-json\/wp\/v2\/pages\/31814\/revisions"}],"up":[{"embeddable":true,"href":"https:\/\/cafesnovell.com\/en\/wp-json\/wp\/v2\/pages\/28016"}],"wp:attachment":[{"href":"https:\/\/cafesnovell.com\/en\/wp-json\/wp\/v2\/media?parent=31814"}],"curies":[{"name":"wp","href":"https:\/\/api.w.org\/{rel}","templated":true}]}}