{"id":31794,"date":"2020-01-20T13:29:08","date_gmt":"2020-01-20T12:29:08","guid":{"rendered":"https:\/\/cafesnovell.com\/about-us\/the-novell-group\/"},"modified":"2020-02-12T13:10:51","modified_gmt":"2020-02-12T12:10:51","slug":"the-novell-group","status":"publish","type":"page","link":"https:\/\/cafesnovell.com\/en\/about-us\/the-novell-group\/","title":{"rendered":"The Novell Group"},"content":{"rendered":"<div class=\"wpb-content-wrapper\">[vc_section full_width=&#8221;stretch_row&#8221; css=&#8221;.vc_custom_1570690217571{background-image: url(https:\/\/cafesnovell.com\/wp-content\/uploads\/2019\/10\/header.jpg?id=6634) !important;background-position: center !important;background-repeat: no-repeat !important;background-size: cover !important;}&#8221;][vc_row fullwidth=&#8221;true&#8221;][vc_column width=&#8221;1\/4&#8243; css=&#8221;.vc_custom_1569404212691{margin-bottom: 30px !important;margin-left: 50px !important;padding-top: 25px !important;padding-right: 0px !important;}&#8221; offset=&#8221;vc_col-lg-3 vc_col-md-3&#8243;][vc_column_text css=&#8221;.vc_custom_1564740436731{margin-bottom: 0px !important;}&#8221;]THE<br \/>\nNOVELL GROUP[\/vc_column_text][\/vc_column][vc_column width=&#8221;1\/4&#8243;][\/vc_column][vc_column width=&#8221;1\/4&#8243;][\/vc_column][vc_column width=&#8221;1\/4&#8243;][\/vc_column][\/vc_row][\/vc_section][vc_section full_width=&#8221;stretch_row&#8221; css=&#8221;.vc_custom_1564556523497{padding-top: 58px !important;}&#8221;][vc_row css=&#8221;.vc_custom_1569857780811{padding-bottom: 20px !important;}&#8221;][vc_column el_class=&#8221;title&#8221;][vc_column_text css=&#8221;.vc_custom_1564740352877{margin-bottom: 0px !important;}&#8221;]HISTORY[\/vc_column_text][\/vc_column][\/vc_row][vc_row css=&#8221;.vc_custom_1569856430574{padding-bottom: 13px !important;}&#8221;][vc_column el_class=&#8221;descr-grup&#8221;][vc_column_text css=&#8221;.vc_custom_1580296468180{margin-bottom: 0px !important;}&#8221;]The company was founded in 1958 by Mr Ramon Novell Viv\u00f3. Since its beginnings Caf\u00e8s Novell always excelled for its commitment to constantly select the best beans that result in an exquisite cup of coffee, with a delicate bouquet and a unique aromatic profile.<\/p>\n<p>During the 1990\u2019s, the company increased its manufacturing facilities and started expanding throughout Spain, opening subsidiaries in Madrid, Barcelona, Zaragoza, Valencia, Bilbao, M\u00e1laga, Ibiza and the Canary Islands. In 2011, the first international subsidiary of Caf\u00e8s Novell opened in Italy, followed by additional offices in the United States, the United Kingdom and China.<\/p>\n<p>Ram\u00f3n Novell, followed by two more generations of the family, have shared the same enthusiasm and eagerness to explore the world of coffee. The passion for the sector and the eagerness to innovate has led Caf\u00e9s Novell to continue producing quality coffee and to strive everyday towards seducing with the best cup of coffee.[\/vc_column_text][\/vc_column][\/vc_row][vc_row disable_element=&#8221;yes&#8221;][vc_column css=&#8221;.vc_custom_1569856456480{background-position: center !important;background-repeat: no-repeat !important;background-size: cover !important;}&#8221;][vc_video link=&#8221;https:\/\/vimeo.com\/364903977&#8243;][\/vc_column][\/vc_row][vc_row][vc_column css=&#8221;.vc_custom_1569856456480{background-position: center !important;background-repeat: no-repeat !important;background-size: cover !important;}&#8221;][vc_video link=&#8221;https:\/\/www.youtube.com\/watch?v=CDWRyedRq7E&#8221; custom_thumbnail=&#8221;true&#8221; play_icon=&#8221;mk-icon-youtube-play&#8221; play_target=&#8221;same&#8221; thumbnail_image=&#8221;6620&#8243;][\/vc_column][\/vc_row][\/vc_section][vc_section full_width=&#8221;stretch_row&#8221; css=&#8221;.vc_custom_1564556638737{padding-top: 67px !important;padding-bottom: 73px !important;}&#8221;][vc_row css=&#8221;.vc_custom_1569857789074{padding-bottom: 20px !important;}&#8221;][vc_column el_class=&#8221;title&#8221;][vc_column_text css=&#8221;.vc_custom_1564740412323{margin-bottom: 0px !important;}&#8221;]BUSINESS UNITS[\/vc_column_text][\/vc_column][\/vc_row][vc_row css=&#8221;.vc_custom_1569856513421{padding-bottom: 13px !important;}&#8221;][vc_column el_class=&#8221;descr-grup&#8221;][vc_column_text css=&#8221;.vc_custom_1571404008440{margin-bottom: 0px !important;}&#8221;]The structure of the Novell Group is formed of several companies orientated at the diverse business units: <em><strong>Restaurants<\/strong><\/em>, with a coffee bean, ground coffee and capsule service; <em><strong>Retail<\/strong><\/em>, aimed at domestic consumption and department stores; <strong><em>Catering<\/em>, <\/strong>rental of coffee machines for events, celebrations and official acts; <em><strong>Office<\/strong><\/em>, aimed at small and medium sized companies; and <em><strong>Vending<\/strong><\/em>, aimed principally at large public and private companies with large groups.[\/vc_column_text][\/vc_column][\/vc_row][vc_row][vc_column css=&#8221;.vc_custom_1569856503736{background-position: center !important;background-repeat: no-repeat !important;background-size: cover !important;}&#8221;][vc_single_image image=&#8221;31799&#8243; img_size=&#8221;full&#8221;][\/vc_column][\/vc_row][\/vc_section]\n<\/div>","protected":false},"excerpt":{"rendered":"<p>[vc_section full_width=&#8221;stretch_row&#8221; css=&#8221;.vc_custom_1570690217571{background-image: url(https:\/\/cafesnovell.com\/wp-content\/uploads\/2019\/10\/header.jpg?id=6634) !important;background-position: center !important;background-repeat: no-repeat !important;background-size: cover !important;}&#8221;][vc_row fullwidth=&#8221;true&#8221;][vc_column width=&#8221;1\/4&#8243; css=&#8221;.vc_custom_1569404212691{margin-bottom: 30px !important;margin-left: 50px !important;padding-top: 25px !important;padding-right: 0px !important;}&#8221; offset=&#8221;vc_col-lg-3 vc_col-md-3&#8243;][vc_column_text css=&#8221;.vc_custom_1564740436731{margin-bottom: 0px !important;}&#8221;]THE NOVELL GROUP[\/vc_column_text][\/vc_column][vc_column width=&#8221;1\/4&#8243;][\/vc_column][vc_column width=&#8221;1\/4&#8243;][\/vc_column][vc_column width=&#8221;1\/4&#8243;][\/vc_column][\/vc_row][\/vc_section][vc_section full_width=&#8221;stretch_row&#8221; css=&#8221;.vc_custom_1564556523497{padding-top: 58px !important;}&#8221;][vc_row css=&#8221;.vc_custom_1569857780811{padding-bottom: 20px !important;}&#8221;][vc_column el_class=&#8221;title&#8221;][vc_column_text css=&#8221;.vc_custom_1564740352877{margin-bottom: 0px !important;}&#8221;]HISTORY[\/vc_column_text][\/vc_column][\/vc_row][vc_row css=&#8221;.vc_custom_1569856430574{padding-bottom: 13px !important;}&#8221;][vc_column el_class=&#8221;descr-grup&#8221;][vc_column_text css=&#8221;.vc_custom_1580296468180{margin-bottom: 0px !important;}&#8221;]The company was founded in 1958 [&hellip;]<\/p>\n","protected":false},"author":1,"featured_media":0,"parent":28016,"menu_order":0,"comment_status":"closed","ping_status":"closed","template":"","meta":{"_acf_changed":false,"content-type":"","footnotes":""},"class_list":["post-31794","page","type-page","status-publish","hentry"],"acf":[],"yoast_head":"<!-- This site is optimized with the Yoast SEO plugin v27.3 - https:\/\/yoast.com\/product\/yoast-seo-wordpress\/ -->\n<title>The Novell Group - Caf\u00e8s Novell<\/title>\n<meta name=\"description\" content=\"The company was founded in 1958 by Mr Ramon Novell Viv\u00f3. Since its beginnings Caf\u00e8s Novell always excelled for its commitment to constantly select the bests beans that result in an exquisite cup of coffee, with a delicate bouquet and a unique aromatic profile. Caf\u00e9s Novell continues to produce quality coffee to seduce all the sense with the best cup of coffee.\" \/>\n<meta name=\"robots\" content=\"index, follow, max-snippet:-1, max-image-preview:large, max-video-preview:-1\" \/>\n<link rel=\"canonical\" href=\"https:\/\/cafesnovell.com\/en\/about-us\/the-novell-group\/\" \/>\n<meta property=\"og:locale\" content=\"en_US\" \/>\n<meta property=\"og:type\" content=\"article\" \/>\n<meta property=\"og:title\" content=\"The Novell Group - Caf\u00e8s Novell\" \/>\n<meta property=\"og:description\" content=\"The company was founded in 1958 by Mr Ramon Novell Viv\u00f3. Since its beginnings Caf\u00e8s Novell always excelled for its commitment to constantly select the bests beans that result in an exquisite cup of coffee, with a delicate bouquet and a unique aromatic profile. Caf\u00e9s Novell continues to produce quality coffee to seduce all the sense with the best cup of coffee.\" \/>\n<meta property=\"og:url\" content=\"https:\/\/cafesnovell.com\/en\/about-us\/the-novell-group\/\" \/>\n<meta property=\"og:site_name\" content=\"Caf\u00e8s Novell\" \/>\n<meta property=\"article:modified_time\" content=\"2020-02-12T12:10:51+00:00\" \/>\n<meta name=\"twitter:card\" content=\"summary_large_image\" \/>\n<meta name=\"twitter:label1\" content=\"Est. reading time\" \/>\n\t<meta name=\"twitter:data1\" content=\"3 minutes\" \/>\n<script type=\"application\/ld+json\" class=\"yoast-schema-graph\">{\"@context\":\"https:\\\/\\\/schema.org\",\"@graph\":[{\"@type\":\"WebPage\",\"@id\":\"https:\\\/\\\/cafesnovell.com\\\/en\\\/about-us\\\/the-novell-group\\\/\",\"url\":\"https:\\\/\\\/cafesnovell.com\\\/en\\\/about-us\\\/the-novell-group\\\/\",\"name\":\"The Novell Group - Caf\u00e8s Novell\",\"isPartOf\":{\"@id\":\"https:\\\/\\\/cafesnovell.com\\\/en\\\/#website\"},\"datePublished\":\"2020-01-20T12:29:08+00:00\",\"dateModified\":\"2020-02-12T12:10:51+00:00\",\"description\":\"The company was founded in 1958 by Mr Ramon Novell Viv\u00f3. Since its beginnings Caf\u00e8s Novell always excelled for its commitment to constantly select the bests beans that result in an exquisite cup of coffee, with a delicate bouquet and a unique aromatic profile. Caf\u00e9s Novell continues to produce quality coffee to seduce all the sense with the best cup of coffee.\",\"breadcrumb\":{\"@id\":\"https:\\\/\\\/cafesnovell.com\\\/en\\\/about-us\\\/the-novell-group\\\/#breadcrumb\"},\"inLanguage\":\"en-US\",\"potentialAction\":[{\"@type\":\"ReadAction\",\"target\":[\"https:\\\/\\\/cafesnovell.com\\\/en\\\/about-us\\\/the-novell-group\\\/\"]}]},{\"@type\":\"BreadcrumbList\",\"@id\":\"https:\\\/\\\/cafesnovell.com\\\/en\\\/about-us\\\/the-novell-group\\\/#breadcrumb\",\"itemListElement\":[{\"@type\":\"ListItem\",\"position\":1,\"name\":\"Home\",\"item\":\"https:\\\/\\\/cafesnovell.com\\\/en\\\/\"},{\"@type\":\"ListItem\",\"position\":2,\"name\":\"About us\",\"item\":\"https:\\\/\\\/cafesnovell.com\\\/en\\\/about-us\\\/\"},{\"@type\":\"ListItem\",\"position\":3,\"name\":\"The Novell Group\"}]},{\"@type\":\"WebSite\",\"@id\":\"https:\\\/\\\/cafesnovell.com\\\/en\\\/#website\",\"url\":\"https:\\\/\\\/cafesnovell.com\\\/en\\\/\",\"name\":\"Caf\u00e8s Novell\",\"description\":\"Organic Premium Coffee\",\"potentialAction\":[{\"@type\":\"SearchAction\",\"target\":{\"@type\":\"EntryPoint\",\"urlTemplate\":\"https:\\\/\\\/cafesnovell.com\\\/en\\\/?s={search_term_string}\"},\"query-input\":{\"@type\":\"PropertyValueSpecification\",\"valueRequired\":true,\"valueName\":\"search_term_string\"}}],\"inLanguage\":\"en-US\"}]}<\/script>\n<!-- \/ Yoast SEO plugin. -->","yoast_head_json":{"title":"The Novell Group - Caf\u00e8s Novell","description":"The company was founded in 1958 by Mr Ramon Novell Viv\u00f3. Since its beginnings Caf\u00e8s Novell always excelled for its commitment to constantly select the bests beans that result in an exquisite cup of coffee, with a delicate bouquet and a unique aromatic profile. Caf\u00e9s Novell continues to produce quality coffee to seduce all the sense with the best cup of coffee.","robots":{"index":"index","follow":"follow","max-snippet":"max-snippet:-1","max-image-preview":"max-image-preview:large","max-video-preview":"max-video-preview:-1"},"canonical":"https:\/\/cafesnovell.com\/en\/about-us\/the-novell-group\/","og_locale":"en_US","og_type":"article","og_title":"The Novell Group - Caf\u00e8s Novell","og_description":"The company was founded in 1958 by Mr Ramon Novell Viv\u00f3. Since its beginnings Caf\u00e8s Novell always excelled for its commitment to constantly select the bests beans that result in an exquisite cup of coffee, with a delicate bouquet and a unique aromatic profile. Caf\u00e9s Novell continues to produce quality coffee to seduce all the sense with the best cup of coffee.","og_url":"https:\/\/cafesnovell.com\/en\/about-us\/the-novell-group\/","og_site_name":"Caf\u00e8s Novell","article_modified_time":"2020-02-12T12:10:51+00:00","twitter_card":"summary_large_image","twitter_misc":{"Est. reading time":"3 minutes"},"schema":{"@context":"https:\/\/schema.org","@graph":[{"@type":"WebPage","@id":"https:\/\/cafesnovell.com\/en\/about-us\/the-novell-group\/","url":"https:\/\/cafesnovell.com\/en\/about-us\/the-novell-group\/","name":"The Novell Group - Caf\u00e8s Novell","isPartOf":{"@id":"https:\/\/cafesnovell.com\/en\/#website"},"datePublished":"2020-01-20T12:29:08+00:00","dateModified":"2020-02-12T12:10:51+00:00","description":"The company was founded in 1958 by Mr Ramon Novell Viv\u00f3. Since its beginnings Caf\u00e8s Novell always excelled for its commitment to constantly select the bests beans that result in an exquisite cup of coffee, with a delicate bouquet and a unique aromatic profile. Caf\u00e9s Novell continues to produce quality coffee to seduce all the sense with the best cup of coffee.","breadcrumb":{"@id":"https:\/\/cafesnovell.com\/en\/about-us\/the-novell-group\/#breadcrumb"},"inLanguage":"en-US","potentialAction":[{"@type":"ReadAction","target":["https:\/\/cafesnovell.com\/en\/about-us\/the-novell-group\/"]}]},{"@type":"BreadcrumbList","@id":"https:\/\/cafesnovell.com\/en\/about-us\/the-novell-group\/#breadcrumb","itemListElement":[{"@type":"ListItem","position":1,"name":"Home","item":"https:\/\/cafesnovell.com\/en\/"},{"@type":"ListItem","position":2,"name":"About us","item":"https:\/\/cafesnovell.com\/en\/about-us\/"},{"@type":"ListItem","position":3,"name":"The Novell Group"}]},{"@type":"WebSite","@id":"https:\/\/cafesnovell.com\/en\/#website","url":"https:\/\/cafesnovell.com\/en\/","name":"Caf\u00e8s Novell","description":"Organic Premium Coffee","potentialAction":[{"@type":"SearchAction","target":{"@type":"EntryPoint","urlTemplate":"https:\/\/cafesnovell.com\/en\/?s={search_term_string}"},"query-input":{"@type":"PropertyValueSpecification","valueRequired":true,"valueName":"search_term_string"}}],"inLanguage":"en-US"}]}},"_links":{"self":[{"href":"https:\/\/cafesnovell.com\/en\/wp-json\/wp\/v2\/pages\/31794","targetHints":{"allow":["GET"]}}],"collection":[{"href":"https:\/\/cafesnovell.com\/en\/wp-json\/wp\/v2\/pages"}],"about":[{"href":"https:\/\/cafesnovell.com\/en\/wp-json\/wp\/v2\/types\/page"}],"author":[{"embeddable":true,"href":"https:\/\/cafesnovell.com\/en\/wp-json\/wp\/v2\/users\/1"}],"replies":[{"embeddable":true,"href":"https:\/\/cafesnovell.com\/en\/wp-json\/wp\/v2\/comments?post=31794"}],"version-history":[{"count":0,"href":"https:\/\/cafesnovell.com\/en\/wp-json\/wp\/v2\/pages\/31794\/revisions"}],"up":[{"embeddable":true,"href":"https:\/\/cafesnovell.com\/en\/wp-json\/wp\/v2\/pages\/28016"}],"wp:attachment":[{"href":"https:\/\/cafesnovell.com\/en\/wp-json\/wp\/v2\/media?parent=31794"}],"curies":[{"name":"wp","href":"https:\/\/api.w.org\/{rel}","templated":true}]}}