{"id":77398,"date":"2023-03-31T10:31:35","date_gmt":"2023-03-31T08:31:35","guid":{"rendered":"https:\/\/cafesnovell.com\/?post_type=product&#038;p=77398"},"modified":"2026-02-24T21:14:38","modified_gmt":"2026-02-24T20:14:38","slug":"cafetera-hario-v60","status":"publish","type":"product","link":"https:\/\/cafesnovell.com\/ca\/producto\/cafetera-hario-v60\/","title":{"rendered":"Cafetera HARIO V60"},"content":{"rendered":"","protected":false},"excerpt":{"rendered":"<p><span class=\"bold-product\">Propietats Principals:<\/span><br \/>\nCafetera de degoteig Hario V60 de mida 02 i elaborada de porcellana blanca. Amb el caf\u00e8 adequat, una b\u00e0scula, filtres de paper i paci\u00e8ncia, aquest dripper en forma de con elabora un dels caf\u00e8s m\u00e9s valorats pels Baristes. Si ets amant del caf\u00e8, en aquest m\u00e8tode d&#8217;extracci\u00f3 trobar\u00e0s mil matisos que t&#8217;enamoraran.<\/p>\n<p><span class=\"bold-product\">Caracter\u00edstiques:<\/span><br \/>\nMida 02 amb capacitat d&#8217;1 a 4 tasses.<br \/>\nEl suport inferior de silicona permet mantenir la calor i es pot treure per a netejar.<br \/>\nInclou una cullera per a afegir el caf\u00e8 al con.<br \/>\nProdu\u00eft al Jap\u00f3 amb cer\u00e0mica resistent.<\/p>\n","protected":false},"featured_media":77406,"template":"","meta":{"_acf_changed":false,"content-type":""},"product_brand":[],"product_cat":[131,1230],"product_tag":[],"class_list":{"0":"post-77398","1":"product","2":"type-product","3":"status-publish","4":"has-post-thumbnail","6":"product_cat-cafeteres","7":"product_cat-cafeteres-de-filtre","9":"first","10":"instock","11":"taxable","12":"shipping-taxable","13":"purchasable","14":"product-type-simple"},"bundled_by":[],"bundle_stock_status":"instock","bundle_stock_quantity":8,"bundle_virtual":false,"bundle_layout":"","bundle_add_to_cart_form_location":"","bundle_editable_in_cart":false,"bundle_sold_individually_context":"","bundle_item_grouping":"","bundle_min_size":"","bundle_max_size":"","bundle_price":[],"bundled_items":[],"bundle_sell_ids":[],"acf":[],"yoast_head":"<!-- This site is optimized with the Yoast SEO plugin v27.3 - https:\/\/yoast.com\/product\/yoast-seo-wordpress\/ -->\n<title>Hario V60 - Cafeteras de Filtro<\/title>\n<meta name=\"description\" content=\"Gaudeix d&#039;un dels m\u00e8todes d&#039;extracci\u00f3 de caf\u00e8 m\u00e9s valorat pels Baristas, de la m\u00e0 de la cafetera Hario V60.\" \/>\n<meta name=\"robots\" content=\"index, follow, max-snippet:-1, max-image-preview:large, max-video-preview:-1\" \/>\n<link rel=\"canonical\" href=\"https:\/\/cafesnovell.com\/ca\/producto\/cafetera-hario-v60\/\" \/>\n<meta property=\"og:locale\" content=\"ca_ES\" \/>\n<meta property=\"og:type\" content=\"article\" \/>\n<meta property=\"og:title\" content=\"Hario V60 - Cafeteras de Filtro\" \/>\n<meta property=\"og:description\" content=\"Gaudeix d&#039;un dels m\u00e8todes d&#039;extracci\u00f3 de caf\u00e8 m\u00e9s valorat pels Baristas, de la m\u00e0 de la cafetera Hario V60.\" \/>\n<meta property=\"og:url\" content=\"https:\/\/cafesnovell.com\/ca\/producto\/cafetera-hario-v60\/\" \/>\n<meta property=\"og:site_name\" content=\"Caf\u00e8s Novell\" \/>\n<meta property=\"article:modified_time\" content=\"2026-02-24T20:14:38+00:00\" \/>\n<meta property=\"og:image\" content=\"https:\/\/cafesnovell.com\/wp-content\/uploads\/2023\/03\/6629.jpg\" \/>\n\t<meta property=\"og:image:width\" content=\"600\" \/>\n\t<meta property=\"og:image:height\" content=\"600\" \/>\n\t<meta property=\"og:image:type\" content=\"image\/jpeg\" \/>\n<meta name=\"twitter:card\" content=\"summary_large_image\" \/>\n<script type=\"application\/ld+json\" class=\"yoast-schema-graph\">{\"@context\":\"https:\\\/\\\/schema.org\",\"@graph\":[{\"@type\":\"WebPage\",\"@id\":\"https:\\\/\\\/cafesnovell.com\\\/ca\\\/producto\\\/cafetera-hario-v60\\\/\",\"url\":\"https:\\\/\\\/cafesnovell.com\\\/ca\\\/producto\\\/cafetera-hario-v60\\\/\",\"name\":\"Hario V60 - Cafeteras de Filtro\",\"isPartOf\":{\"@id\":\"https:\\\/\\\/cafesnovell.com\\\/ca\\\/#website\"},\"primaryImageOfPage\":{\"@id\":\"https:\\\/\\\/cafesnovell.com\\\/ca\\\/producto\\\/cafetera-hario-v60\\\/#primaryimage\"},\"image\":{\"@id\":\"https:\\\/\\\/cafesnovell.com\\\/ca\\\/producto\\\/cafetera-hario-v60\\\/#primaryimage\"},\"thumbnailUrl\":\"https:\\\/\\\/cafesnovell.com\\\/wp-content\\\/uploads\\\/2023\\\/03\\\/6629.jpg\",\"datePublished\":\"2023-03-31T08:31:35+00:00\",\"dateModified\":\"2026-02-24T20:14:38+00:00\",\"description\":\"Gaudeix d'un dels m\u00e8todes d'extracci\u00f3 de caf\u00e8 m\u00e9s valorat pels Baristas, de la m\u00e0 de la cafetera Hario V60.\",\"breadcrumb\":{\"@id\":\"https:\\\/\\\/cafesnovell.com\\\/ca\\\/producto\\\/cafetera-hario-v60\\\/#breadcrumb\"},\"inLanguage\":\"ca\",\"potentialAction\":[{\"@type\":\"ReadAction\",\"target\":[\"https:\\\/\\\/cafesnovell.com\\\/ca\\\/producto\\\/cafetera-hario-v60\\\/\"]}]},{\"@type\":\"ImageObject\",\"inLanguage\":\"ca\",\"@id\":\"https:\\\/\\\/cafesnovell.com\\\/ca\\\/producto\\\/cafetera-hario-v60\\\/#primaryimage\",\"url\":\"https:\\\/\\\/cafesnovell.com\\\/wp-content\\\/uploads\\\/2023\\\/03\\\/6629.jpg\",\"contentUrl\":\"https:\\\/\\\/cafesnovell.com\\\/wp-content\\\/uploads\\\/2023\\\/03\\\/6629.jpg\",\"width\":600,\"height\":600},{\"@type\":\"BreadcrumbList\",\"@id\":\"https:\\\/\\\/cafesnovell.com\\\/ca\\\/producto\\\/cafetera-hario-v60\\\/#breadcrumb\",\"itemListElement\":[{\"@type\":\"ListItem\",\"position\":1,\"name\":\"Inici\",\"item\":\"https:\\\/\\\/cafesnovell.com\\\/ca\\\/\"},{\"@type\":\"ListItem\",\"position\":2,\"name\":\"Botiga\",\"item\":\"https:\\\/\\\/cafesnovell.com\\\/ca\\\/botiga\\\/\"},{\"@type\":\"ListItem\",\"position\":3,\"name\":\"Cafetera HARIO V60\"}]},{\"@type\":\"WebSite\",\"@id\":\"https:\\\/\\\/cafesnovell.com\\\/ca\\\/#website\",\"url\":\"https:\\\/\\\/cafesnovell.com\\\/ca\\\/\",\"name\":\"Caf\u00e8s Novell\",\"description\":\"Organic Premium Coffee\",\"potentialAction\":[{\"@type\":\"SearchAction\",\"target\":{\"@type\":\"EntryPoint\",\"urlTemplate\":\"https:\\\/\\\/cafesnovell.com\\\/ca\\\/?s={search_term_string}\"},\"query-input\":{\"@type\":\"PropertyValueSpecification\",\"valueRequired\":true,\"valueName\":\"search_term_string\"}}],\"inLanguage\":\"ca\"}]}<\/script>\n<!-- \/ Yoast SEO plugin. -->","yoast_head_json":{"title":"Hario V60 - Cafeteras de Filtro","description":"Gaudeix d'un dels m\u00e8todes d'extracci\u00f3 de caf\u00e8 m\u00e9s valorat pels Baristas, de la m\u00e0 de la cafetera Hario V60.","robots":{"index":"index","follow":"follow","max-snippet":"max-snippet:-1","max-image-preview":"max-image-preview:large","max-video-preview":"max-video-preview:-1"},"canonical":"https:\/\/cafesnovell.com\/ca\/producto\/cafetera-hario-v60\/","og_locale":"ca_ES","og_type":"article","og_title":"Hario V60 - Cafeteras de Filtro","og_description":"Gaudeix d'un dels m\u00e8todes d'extracci\u00f3 de caf\u00e8 m\u00e9s valorat pels Baristas, de la m\u00e0 de la cafetera Hario V60.","og_url":"https:\/\/cafesnovell.com\/ca\/producto\/cafetera-hario-v60\/","og_site_name":"Caf\u00e8s Novell","article_modified_time":"2026-02-24T20:14:38+00:00","og_image":[{"width":600,"height":600,"url":"https:\/\/cafesnovell.com\/wp-content\/uploads\/2023\/03\/6629.jpg","type":"image\/jpeg"}],"twitter_card":"summary_large_image","schema":{"@context":"https:\/\/schema.org","@graph":[{"@type":"WebPage","@id":"https:\/\/cafesnovell.com\/ca\/producto\/cafetera-hario-v60\/","url":"https:\/\/cafesnovell.com\/ca\/producto\/cafetera-hario-v60\/","name":"Hario V60 - Cafeteras de Filtro","isPartOf":{"@id":"https:\/\/cafesnovell.com\/ca\/#website"},"primaryImageOfPage":{"@id":"https:\/\/cafesnovell.com\/ca\/producto\/cafetera-hario-v60\/#primaryimage"},"image":{"@id":"https:\/\/cafesnovell.com\/ca\/producto\/cafetera-hario-v60\/#primaryimage"},"thumbnailUrl":"https:\/\/cafesnovell.com\/wp-content\/uploads\/2023\/03\/6629.jpg","datePublished":"2023-03-31T08:31:35+00:00","dateModified":"2026-02-24T20:14:38+00:00","description":"Gaudeix d'un dels m\u00e8todes d'extracci\u00f3 de caf\u00e8 m\u00e9s valorat pels Baristas, de la m\u00e0 de la cafetera Hario V60.","breadcrumb":{"@id":"https:\/\/cafesnovell.com\/ca\/producto\/cafetera-hario-v60\/#breadcrumb"},"inLanguage":"ca","potentialAction":[{"@type":"ReadAction","target":["https:\/\/cafesnovell.com\/ca\/producto\/cafetera-hario-v60\/"]}]},{"@type":"ImageObject","inLanguage":"ca","@id":"https:\/\/cafesnovell.com\/ca\/producto\/cafetera-hario-v60\/#primaryimage","url":"https:\/\/cafesnovell.com\/wp-content\/uploads\/2023\/03\/6629.jpg","contentUrl":"https:\/\/cafesnovell.com\/wp-content\/uploads\/2023\/03\/6629.jpg","width":600,"height":600},{"@type":"BreadcrumbList","@id":"https:\/\/cafesnovell.com\/ca\/producto\/cafetera-hario-v60\/#breadcrumb","itemListElement":[{"@type":"ListItem","position":1,"name":"Inici","item":"https:\/\/cafesnovell.com\/ca\/"},{"@type":"ListItem","position":2,"name":"Botiga","item":"https:\/\/cafesnovell.com\/ca\/botiga\/"},{"@type":"ListItem","position":3,"name":"Cafetera HARIO V60"}]},{"@type":"WebSite","@id":"https:\/\/cafesnovell.com\/ca\/#website","url":"https:\/\/cafesnovell.com\/ca\/","name":"Caf\u00e8s Novell","description":"Organic Premium Coffee","potentialAction":[{"@type":"SearchAction","target":{"@type":"EntryPoint","urlTemplate":"https:\/\/cafesnovell.com\/ca\/?s={search_term_string}"},"query-input":{"@type":"PropertyValueSpecification","valueRequired":true,"valueName":"search_term_string"}}],"inLanguage":"ca"}]}},"df_price":6.9,"df_sale_price":"","df_regular_price":6.9,"df_image_link":"https:\/\/cafesnovell.com\/wp-content\/uploads\/2023\/03\/6629-300x300.jpg","_links":{"self":[{"href":"https:\/\/cafesnovell.com\/ca\/wp-json\/wp\/v2\/product\/77398","targetHints":{"allow":["GET"]}}],"collection":[{"href":"https:\/\/cafesnovell.com\/ca\/wp-json\/wp\/v2\/product"}],"about":[{"href":"https:\/\/cafesnovell.com\/ca\/wp-json\/wp\/v2\/types\/product"}],"wp:featuredmedia":[{"embeddable":true,"href":"https:\/\/cafesnovell.com\/ca\/wp-json\/wp\/v2\/media\/77406"}],"wp:attachment":[{"href":"https:\/\/cafesnovell.com\/ca\/wp-json\/wp\/v2\/media?parent=77398"}],"wp:term":[{"taxonomy":"product_brand","embeddable":true,"href":"https:\/\/cafesnovell.com\/ca\/wp-json\/wp\/v2\/product_brand?post=77398"},{"taxonomy":"product_cat","embeddable":true,"href":"https:\/\/cafesnovell.com\/ca\/wp-json\/wp\/v2\/product_cat?post=77398"},{"taxonomy":"product_tag","embeddable":true,"href":"https:\/\/cafesnovell.com\/ca\/wp-json\/wp\/v2\/product_tag?post=77398"}],"curies":[{"name":"wp","href":"https:\/\/api.w.org\/{rel}","templated":true}]}}