{"id":56719,"date":"2021-07-15T11:08:35","date_gmt":"2021-07-15T09:08:35","guid":{"rendered":"https:\/\/cafesnovell.com\/?post_type=product&#038;p=56719"},"modified":"2023-11-19T23:01:48","modified_gmt":"2023-11-19T22:01:48","slug":"te-verd-gingebre-i-llimona-30u-copia","status":"publish","type":"product","link":"https:\/\/cafesnovell.com\/ca\/producto\/te-verd-gingebre-i-llimona-30u-copia\/","title":{"rendered":"Te Verd, Gingebre i Llimona"},"content":{"rendered":"","protected":false},"excerpt":{"rendered":"<p>El te, en general, compta amb una bella llegenda. Sembla que algunes fulles d\u2019un arbre de te van caure a la beguda d\u2019un emperador a la Xina, i la van tenyit amb un nou gust, que va agradar molt\u00edssim al m\u00e0xim mandatari del pa\u00eds.<\/p>\n<p>Els guanys d\u2019aquest te per a la salut s\u00f3n diversos: afavoreix la circulaci\u00f3, redueix l\u2019estr\u00e8s i \u00e9s un dels millors antioxidants de qu\u00e8 es t\u00e9 not\u00edcia.<\/p>\n<p>En el seu gust, lleugerament picant, hi predomina la nota c\u00edtrica i el gingebre. T\u00e9 un aroma suau.<\/p>\n","protected":false},"featured_media":42488,"template":"","meta":{"_acf_changed":false,"content-type":""},"product_brand":[],"product_cat":[128,2574,126,2524],"product_tag":[],"class_list":{"0":"post-56719","1":"product","2":"type-product","3":"status-publish","4":"has-post-thumbnail","6":"product_cat-organique","7":"product_cat-productes-organics","8":"product_cat-tes-i-infusions","9":"product_cat-tes-i-infusions-novell-go","11":"first","12":"instock","13":"taxable","14":"shipping-taxable","15":"purchasable","16":"product-type-variable"},"bundled_by":[],"bundle_stock_status":"instock","bundle_stock_quantity":null,"bundle_virtual":false,"bundle_layout":"","bundle_add_to_cart_form_location":"","bundle_editable_in_cart":false,"bundle_sold_individually_context":"","bundle_item_grouping":"","bundle_min_size":"","bundle_max_size":"","bundle_price":[],"bundled_items":[],"bundle_sell_ids":[],"acf":[],"yoast_head":"<!-- This site is optimized with the Yoast SEO plugin v27.3 - https:\/\/yoast.com\/product\/yoast-seo-wordpress\/ -->\n<title>Te Verd, Gingebre i Llimona - Caf\u00e8s Novell<\/title>\n<meta name=\"description\" content=\"Te verd, gingebre i llimona org\u00e1nic en pir\u00e1mide (ingredients: te verd, gingebre i llimona).\" \/>\n<meta name=\"robots\" content=\"index, follow, max-snippet:-1, max-image-preview:large, max-video-preview:-1\" \/>\n<link rel=\"canonical\" href=\"https:\/\/cafesnovell.com\/ca\/producto\/te-verd-gingebre-i-llimona-30u-copia\/\" \/>\n<meta property=\"og:locale\" content=\"ca_ES\" \/>\n<meta property=\"og:type\" content=\"article\" \/>\n<meta property=\"og:title\" content=\"Te Verd, Gingebre i Llimona - Caf\u00e8s Novell\" \/>\n<meta property=\"og:description\" content=\"Te verd, gingebre i llimona org\u00e1nic en pir\u00e1mide (ingredients: te verd, gingebre i llimona).\" \/>\n<meta property=\"og:url\" content=\"https:\/\/cafesnovell.com\/ca\/producto\/te-verd-gingebre-i-llimona-30u-copia\/\" \/>\n<meta property=\"og:site_name\" content=\"Caf\u00e8s Novell\" \/>\n<meta property=\"article:modified_time\" content=\"2023-11-19T22:01:48+00:00\" \/>\n<meta property=\"og:image\" content=\"https:\/\/cafesnovell.com\/wp-content\/uploads\/2020\/06\/capseta_green_teaa_ginger_lemon_low_res.jpg\" \/>\n\t<meta property=\"og:image:width\" content=\"600\" \/>\n\t<meta property=\"og:image:height\" content=\"600\" \/>\n\t<meta property=\"og:image:type\" content=\"image\/jpeg\" \/>\n<meta name=\"twitter:card\" content=\"summary_large_image\" \/>\n<script type=\"application\/ld+json\" class=\"yoast-schema-graph\">{\"@context\":\"https:\\\/\\\/schema.org\",\"@graph\":[{\"@type\":\"WebPage\",\"@id\":\"https:\\\/\\\/cafesnovell.com\\\/ca\\\/producto\\\/te-verd-gingebre-i-llimona-30u-copia\\\/\",\"url\":\"https:\\\/\\\/cafesnovell.com\\\/ca\\\/producto\\\/te-verd-gingebre-i-llimona-30u-copia\\\/\",\"name\":\"Te Verd, Gingebre i Llimona - Caf\u00e8s Novell\",\"isPartOf\":{\"@id\":\"https:\\\/\\\/cafesnovell.com\\\/ca\\\/#website\"},\"primaryImageOfPage\":{\"@id\":\"https:\\\/\\\/cafesnovell.com\\\/ca\\\/producto\\\/te-verd-gingebre-i-llimona-30u-copia\\\/#primaryimage\"},\"image\":{\"@id\":\"https:\\\/\\\/cafesnovell.com\\\/ca\\\/producto\\\/te-verd-gingebre-i-llimona-30u-copia\\\/#primaryimage\"},\"thumbnailUrl\":\"https:\\\/\\\/cafesnovell.com\\\/wp-content\\\/uploads\\\/2020\\\/06\\\/capseta_green_teaa_ginger_lemon_low_res.jpg\",\"datePublished\":\"2021-07-15T09:08:35+00:00\",\"dateModified\":\"2023-11-19T22:01:48+00:00\",\"description\":\"Te verd, gingebre i llimona org\u00e1nic en pir\u00e1mide (ingredients: te verd, gingebre i llimona).\",\"breadcrumb\":{\"@id\":\"https:\\\/\\\/cafesnovell.com\\\/ca\\\/producto\\\/te-verd-gingebre-i-llimona-30u-copia\\\/#breadcrumb\"},\"inLanguage\":\"ca\",\"potentialAction\":[{\"@type\":\"ReadAction\",\"target\":[\"https:\\\/\\\/cafesnovell.com\\\/ca\\\/producto\\\/te-verd-gingebre-i-llimona-30u-copia\\\/\"]}]},{\"@type\":\"ImageObject\",\"inLanguage\":\"ca\",\"@id\":\"https:\\\/\\\/cafesnovell.com\\\/ca\\\/producto\\\/te-verd-gingebre-i-llimona-30u-copia\\\/#primaryimage\",\"url\":\"https:\\\/\\\/cafesnovell.com\\\/wp-content\\\/uploads\\\/2020\\\/06\\\/capseta_green_teaa_ginger_lemon_low_res.jpg\",\"contentUrl\":\"https:\\\/\\\/cafesnovell.com\\\/wp-content\\\/uploads\\\/2020\\\/06\\\/capseta_green_teaa_ginger_lemon_low_res.jpg\",\"width\":600,\"height\":600},{\"@type\":\"BreadcrumbList\",\"@id\":\"https:\\\/\\\/cafesnovell.com\\\/ca\\\/producto\\\/te-verd-gingebre-i-llimona-30u-copia\\\/#breadcrumb\",\"itemListElement\":[{\"@type\":\"ListItem\",\"position\":1,\"name\":\"Inici\",\"item\":\"https:\\\/\\\/cafesnovell.com\\\/ca\\\/\"},{\"@type\":\"ListItem\",\"position\":2,\"name\":\"Botiga\",\"item\":\"https:\\\/\\\/cafesnovell.com\\\/ca\\\/botiga\\\/\"},{\"@type\":\"ListItem\",\"position\":3,\"name\":\"Te Verd, Gingebre i Llimona\"}]},{\"@type\":\"WebSite\",\"@id\":\"https:\\\/\\\/cafesnovell.com\\\/ca\\\/#website\",\"url\":\"https:\\\/\\\/cafesnovell.com\\\/ca\\\/\",\"name\":\"Caf\u00e8s Novell\",\"description\":\"Organic Premium Coffee\",\"potentialAction\":[{\"@type\":\"SearchAction\",\"target\":{\"@type\":\"EntryPoint\",\"urlTemplate\":\"https:\\\/\\\/cafesnovell.com\\\/ca\\\/?s={search_term_string}\"},\"query-input\":{\"@type\":\"PropertyValueSpecification\",\"valueRequired\":true,\"valueName\":\"search_term_string\"}}],\"inLanguage\":\"ca\"}]}<\/script>\n<!-- \/ Yoast SEO plugin. -->","yoast_head_json":{"title":"Te Verd, Gingebre i Llimona - Caf\u00e8s Novell","description":"Te verd, gingebre i llimona org\u00e1nic en pir\u00e1mide (ingredients: te verd, gingebre i llimona).","robots":{"index":"index","follow":"follow","max-snippet":"max-snippet:-1","max-image-preview":"max-image-preview:large","max-video-preview":"max-video-preview:-1"},"canonical":"https:\/\/cafesnovell.com\/ca\/producto\/te-verd-gingebre-i-llimona-30u-copia\/","og_locale":"ca_ES","og_type":"article","og_title":"Te Verd, Gingebre i Llimona - Caf\u00e8s Novell","og_description":"Te verd, gingebre i llimona org\u00e1nic en pir\u00e1mide (ingredients: te verd, gingebre i llimona).","og_url":"https:\/\/cafesnovell.com\/ca\/producto\/te-verd-gingebre-i-llimona-30u-copia\/","og_site_name":"Caf\u00e8s Novell","article_modified_time":"2023-11-19T22:01:48+00:00","og_image":[{"width":600,"height":600,"url":"https:\/\/cafesnovell.com\/wp-content\/uploads\/2020\/06\/capseta_green_teaa_ginger_lemon_low_res.jpg","type":"image\/jpeg"}],"twitter_card":"summary_large_image","schema":{"@context":"https:\/\/schema.org","@graph":[{"@type":"WebPage","@id":"https:\/\/cafesnovell.com\/ca\/producto\/te-verd-gingebre-i-llimona-30u-copia\/","url":"https:\/\/cafesnovell.com\/ca\/producto\/te-verd-gingebre-i-llimona-30u-copia\/","name":"Te Verd, Gingebre i Llimona - Caf\u00e8s Novell","isPartOf":{"@id":"https:\/\/cafesnovell.com\/ca\/#website"},"primaryImageOfPage":{"@id":"https:\/\/cafesnovell.com\/ca\/producto\/te-verd-gingebre-i-llimona-30u-copia\/#primaryimage"},"image":{"@id":"https:\/\/cafesnovell.com\/ca\/producto\/te-verd-gingebre-i-llimona-30u-copia\/#primaryimage"},"thumbnailUrl":"https:\/\/cafesnovell.com\/wp-content\/uploads\/2020\/06\/capseta_green_teaa_ginger_lemon_low_res.jpg","datePublished":"2021-07-15T09:08:35+00:00","dateModified":"2023-11-19T22:01:48+00:00","description":"Te verd, gingebre i llimona org\u00e1nic en pir\u00e1mide (ingredients: te verd, gingebre i llimona).","breadcrumb":{"@id":"https:\/\/cafesnovell.com\/ca\/producto\/te-verd-gingebre-i-llimona-30u-copia\/#breadcrumb"},"inLanguage":"ca","potentialAction":[{"@type":"ReadAction","target":["https:\/\/cafesnovell.com\/ca\/producto\/te-verd-gingebre-i-llimona-30u-copia\/"]}]},{"@type":"ImageObject","inLanguage":"ca","@id":"https:\/\/cafesnovell.com\/ca\/producto\/te-verd-gingebre-i-llimona-30u-copia\/#primaryimage","url":"https:\/\/cafesnovell.com\/wp-content\/uploads\/2020\/06\/capseta_green_teaa_ginger_lemon_low_res.jpg","contentUrl":"https:\/\/cafesnovell.com\/wp-content\/uploads\/2020\/06\/capseta_green_teaa_ginger_lemon_low_res.jpg","width":600,"height":600},{"@type":"BreadcrumbList","@id":"https:\/\/cafesnovell.com\/ca\/producto\/te-verd-gingebre-i-llimona-30u-copia\/#breadcrumb","itemListElement":[{"@type":"ListItem","position":1,"name":"Inici","item":"https:\/\/cafesnovell.com\/ca\/"},{"@type":"ListItem","position":2,"name":"Botiga","item":"https:\/\/cafesnovell.com\/ca\/botiga\/"},{"@type":"ListItem","position":3,"name":"Te Verd, Gingebre i Llimona"}]},{"@type":"WebSite","@id":"https:\/\/cafesnovell.com\/ca\/#website","url":"https:\/\/cafesnovell.com\/ca\/","name":"Caf\u00e8s Novell","description":"Organic Premium Coffee","potentialAction":[{"@type":"SearchAction","target":{"@type":"EntryPoint","urlTemplate":"https:\/\/cafesnovell.com\/ca\/?s={search_term_string}"},"query-input":{"@type":"PropertyValueSpecification","valueRequired":true,"valueName":"search_term_string"}}],"inLanguage":"ca"}]}},"df_price":4,"df_sale_price":"","df_regular_price":4,"df_image_link":"https:\/\/cafesnovell.com\/wp-content\/uploads\/2020\/06\/capseta_green_teaa_ginger_lemon_low_res-300x300.jpg","_links":{"self":[{"href":"https:\/\/cafesnovell.com\/ca\/wp-json\/wp\/v2\/product\/56719","targetHints":{"allow":["GET"]}}],"collection":[{"href":"https:\/\/cafesnovell.com\/ca\/wp-json\/wp\/v2\/product"}],"about":[{"href":"https:\/\/cafesnovell.com\/ca\/wp-json\/wp\/v2\/types\/product"}],"wp:featuredmedia":[{"embeddable":true,"href":"https:\/\/cafesnovell.com\/ca\/wp-json\/wp\/v2\/media\/42488"}],"wp:attachment":[{"href":"https:\/\/cafesnovell.com\/ca\/wp-json\/wp\/v2\/media?parent=56719"}],"wp:term":[{"taxonomy":"product_brand","embeddable":true,"href":"https:\/\/cafesnovell.com\/ca\/wp-json\/wp\/v2\/product_brand?post=56719"},{"taxonomy":"product_cat","embeddable":true,"href":"https:\/\/cafesnovell.com\/ca\/wp-json\/wp\/v2\/product_cat?post=56719"},{"taxonomy":"product_tag","embeddable":true,"href":"https:\/\/cafesnovell.com\/ca\/wp-json\/wp\/v2\/product_tag?post=56719"}],"curies":[{"name":"wp","href":"https:\/\/api.w.org\/{rel}","templated":true}]}}