{"id":55983,"date":"2021-07-12T13:30:19","date_gmt":"2021-07-12T11:30:19","guid":{"rendered":"https:\/\/cafesnovell.com\/?post_type=product&#038;p=55983"},"modified":"2021-11-30T00:00:18","modified_gmt":"2021-11-29T22:00:18","slug":"infusor-cold-brew-tea-hario-vermell","status":"publish","type":"product","link":"https:\/\/cafesnovell.com\/ca\/producto\/infusor-cold-brew-tea-hario-vermell\/","title":{"rendered":"Infusor Cold Brew de Te Hario"},"content":{"rendered":"","protected":false},"excerpt":{"rendered":"","protected":false},"featured_media":56424,"template":"","meta":{"_acf_changed":false,"content-type":""},"product_brand":[],"product_cat":[125,1261,1248],"product_tag":[],"class_list":{"0":"post-55983","1":"product","2":"type-product","3":"status-publish","4":"has-post-thumbnail","6":"product_cat-complements","7":"product_cat-accessoris-per-infusions","8":"product_cat-take-away-ca","10":"first","11":"instock","12":"taxable","13":"shipping-taxable","14":"purchasable","15":"product-type-simple"},"bundled_by":[],"bundle_stock_status":"instock","bundle_stock_quantity":5,"bundle_virtual":false,"bundle_layout":"","bundle_add_to_cart_form_location":"","bundle_editable_in_cart":false,"bundle_sold_individually_context":"","bundle_item_grouping":"","bundle_min_size":"","bundle_max_size":"","bundle_price":[],"bundled_items":[],"bundle_sell_ids":[],"acf":[],"yoast_head":"<!-- This site is optimized with the Yoast SEO plugin v27.3 - https:\/\/yoast.com\/product\/yoast-seo-wordpress\/ -->\n<title>Infusor Cold Brew de Te Hario - Caf\u00e8s Novell<\/title>\n<meta name=\"description\" content=\"Prepara el teu te fred per portar de la manera m\u00e9s f\u00e0cil i c\u00f2moda amb la &#039;Cold Brew Tea Bottle&#039;. Dissenyada amb un filtre desmuntable.\" \/>\n<meta name=\"robots\" content=\"index, follow, max-snippet:-1, max-image-preview:large, max-video-preview:-1\" \/>\n<link rel=\"canonical\" href=\"https:\/\/cafesnovell.com\/ca\/producto\/infusor-cold-brew-tea-hario-vermell\/\" \/>\n<meta property=\"og:locale\" content=\"ca_ES\" \/>\n<meta property=\"og:type\" content=\"article\" \/>\n<meta property=\"og:title\" content=\"Infusor Cold Brew de Te Hario - Caf\u00e8s Novell\" \/>\n<meta property=\"og:description\" content=\"Prepara el teu te fred per portar de la manera m\u00e9s f\u00e0cil i c\u00f2moda amb la &#039;Cold Brew Tea Bottle&#039;. Dissenyada amb un filtre desmuntable.\" \/>\n<meta property=\"og:url\" content=\"https:\/\/cafesnovell.com\/ca\/producto\/infusor-cold-brew-tea-hario-vermell\/\" \/>\n<meta property=\"og:site_name\" content=\"Caf\u00e8s Novell\" \/>\n<meta property=\"article:modified_time\" content=\"2021-11-29T22:00:18+00:00\" \/>\n<meta property=\"og:image\" content=\"https:\/\/cafesnovell.com\/wp-content\/uploads\/2021\/07\/hario-cold-brew-filter-in-bottle-red-750ml.jpg\" \/>\n\t<meta property=\"og:image:width\" content=\"600\" \/>\n\t<meta property=\"og:image:height\" content=\"600\" \/>\n\t<meta property=\"og:image:type\" content=\"image\/jpeg\" \/>\n<meta name=\"twitter:card\" content=\"summary_large_image\" \/>\n<script type=\"application\/ld+json\" class=\"yoast-schema-graph\">{\"@context\":\"https:\\\/\\\/schema.org\",\"@graph\":[{\"@type\":\"WebPage\",\"@id\":\"https:\\\/\\\/cafesnovell.com\\\/ca\\\/producto\\\/infusor-cold-brew-tea-hario-vermell\\\/\",\"url\":\"https:\\\/\\\/cafesnovell.com\\\/ca\\\/producto\\\/infusor-cold-brew-tea-hario-vermell\\\/\",\"name\":\"Infusor Cold Brew de Te Hario - Caf\u00e8s Novell\",\"isPartOf\":{\"@id\":\"https:\\\/\\\/cafesnovell.com\\\/ca\\\/#website\"},\"primaryImageOfPage\":{\"@id\":\"https:\\\/\\\/cafesnovell.com\\\/ca\\\/producto\\\/infusor-cold-brew-tea-hario-vermell\\\/#primaryimage\"},\"image\":{\"@id\":\"https:\\\/\\\/cafesnovell.com\\\/ca\\\/producto\\\/infusor-cold-brew-tea-hario-vermell\\\/#primaryimage\"},\"thumbnailUrl\":\"https:\\\/\\\/cafesnovell.com\\\/wp-content\\\/uploads\\\/2021\\\/07\\\/hario-cold-brew-filter-in-bottle-red-750ml.jpg\",\"datePublished\":\"2021-07-12T11:30:19+00:00\",\"dateModified\":\"2021-11-29T22:00:18+00:00\",\"description\":\"Prepara el teu te fred per portar de la manera m\u00e9s f\u00e0cil i c\u00f2moda amb la 'Cold Brew Tea Bottle'. Dissenyada amb un filtre desmuntable.\",\"breadcrumb\":{\"@id\":\"https:\\\/\\\/cafesnovell.com\\\/ca\\\/producto\\\/infusor-cold-brew-tea-hario-vermell\\\/#breadcrumb\"},\"inLanguage\":\"ca\",\"potentialAction\":[{\"@type\":\"ReadAction\",\"target\":[\"https:\\\/\\\/cafesnovell.com\\\/ca\\\/producto\\\/infusor-cold-brew-tea-hario-vermell\\\/\"]}]},{\"@type\":\"ImageObject\",\"inLanguage\":\"ca\",\"@id\":\"https:\\\/\\\/cafesnovell.com\\\/ca\\\/producto\\\/infusor-cold-brew-tea-hario-vermell\\\/#primaryimage\",\"url\":\"https:\\\/\\\/cafesnovell.com\\\/wp-content\\\/uploads\\\/2021\\\/07\\\/hario-cold-brew-filter-in-bottle-red-750ml.jpg\",\"contentUrl\":\"https:\\\/\\\/cafesnovell.com\\\/wp-content\\\/uploads\\\/2021\\\/07\\\/hario-cold-brew-filter-in-bottle-red-750ml.jpg\",\"width\":600,\"height\":600},{\"@type\":\"BreadcrumbList\",\"@id\":\"https:\\\/\\\/cafesnovell.com\\\/ca\\\/producto\\\/infusor-cold-brew-tea-hario-vermell\\\/#breadcrumb\",\"itemListElement\":[{\"@type\":\"ListItem\",\"position\":1,\"name\":\"Inici\",\"item\":\"https:\\\/\\\/cafesnovell.com\\\/ca\\\/\"},{\"@type\":\"ListItem\",\"position\":2,\"name\":\"Botiga\",\"item\":\"https:\\\/\\\/cafesnovell.com\\\/ca\\\/botiga\\\/\"},{\"@type\":\"ListItem\",\"position\":3,\"name\":\"Infusor Cold Brew de Te Hario\"}]},{\"@type\":\"WebSite\",\"@id\":\"https:\\\/\\\/cafesnovell.com\\\/ca\\\/#website\",\"url\":\"https:\\\/\\\/cafesnovell.com\\\/ca\\\/\",\"name\":\"Caf\u00e8s Novell\",\"description\":\"Organic Premium Coffee\",\"potentialAction\":[{\"@type\":\"SearchAction\",\"target\":{\"@type\":\"EntryPoint\",\"urlTemplate\":\"https:\\\/\\\/cafesnovell.com\\\/ca\\\/?s={search_term_string}\"},\"query-input\":{\"@type\":\"PropertyValueSpecification\",\"valueRequired\":true,\"valueName\":\"search_term_string\"}}],\"inLanguage\":\"ca\"}]}<\/script>\n<!-- \/ Yoast SEO plugin. -->","yoast_head_json":{"title":"Infusor Cold Brew de Te Hario - Caf\u00e8s Novell","description":"Prepara el teu te fred per portar de la manera m\u00e9s f\u00e0cil i c\u00f2moda amb la 'Cold Brew Tea Bottle'. Dissenyada amb un filtre desmuntable.","robots":{"index":"index","follow":"follow","max-snippet":"max-snippet:-1","max-image-preview":"max-image-preview:large","max-video-preview":"max-video-preview:-1"},"canonical":"https:\/\/cafesnovell.com\/ca\/producto\/infusor-cold-brew-tea-hario-vermell\/","og_locale":"ca_ES","og_type":"article","og_title":"Infusor Cold Brew de Te Hario - Caf\u00e8s Novell","og_description":"Prepara el teu te fred per portar de la manera m\u00e9s f\u00e0cil i c\u00f2moda amb la 'Cold Brew Tea Bottle'. Dissenyada amb un filtre desmuntable.","og_url":"https:\/\/cafesnovell.com\/ca\/producto\/infusor-cold-brew-tea-hario-vermell\/","og_site_name":"Caf\u00e8s Novell","article_modified_time":"2021-11-29T22:00:18+00:00","og_image":[{"width":600,"height":600,"url":"https:\/\/cafesnovell.com\/wp-content\/uploads\/2021\/07\/hario-cold-brew-filter-in-bottle-red-750ml.jpg","type":"image\/jpeg"}],"twitter_card":"summary_large_image","schema":{"@context":"https:\/\/schema.org","@graph":[{"@type":"WebPage","@id":"https:\/\/cafesnovell.com\/ca\/producto\/infusor-cold-brew-tea-hario-vermell\/","url":"https:\/\/cafesnovell.com\/ca\/producto\/infusor-cold-brew-tea-hario-vermell\/","name":"Infusor Cold Brew de Te Hario - Caf\u00e8s Novell","isPartOf":{"@id":"https:\/\/cafesnovell.com\/ca\/#website"},"primaryImageOfPage":{"@id":"https:\/\/cafesnovell.com\/ca\/producto\/infusor-cold-brew-tea-hario-vermell\/#primaryimage"},"image":{"@id":"https:\/\/cafesnovell.com\/ca\/producto\/infusor-cold-brew-tea-hario-vermell\/#primaryimage"},"thumbnailUrl":"https:\/\/cafesnovell.com\/wp-content\/uploads\/2021\/07\/hario-cold-brew-filter-in-bottle-red-750ml.jpg","datePublished":"2021-07-12T11:30:19+00:00","dateModified":"2021-11-29T22:00:18+00:00","description":"Prepara el teu te fred per portar de la manera m\u00e9s f\u00e0cil i c\u00f2moda amb la 'Cold Brew Tea Bottle'. Dissenyada amb un filtre desmuntable.","breadcrumb":{"@id":"https:\/\/cafesnovell.com\/ca\/producto\/infusor-cold-brew-tea-hario-vermell\/#breadcrumb"},"inLanguage":"ca","potentialAction":[{"@type":"ReadAction","target":["https:\/\/cafesnovell.com\/ca\/producto\/infusor-cold-brew-tea-hario-vermell\/"]}]},{"@type":"ImageObject","inLanguage":"ca","@id":"https:\/\/cafesnovell.com\/ca\/producto\/infusor-cold-brew-tea-hario-vermell\/#primaryimage","url":"https:\/\/cafesnovell.com\/wp-content\/uploads\/2021\/07\/hario-cold-brew-filter-in-bottle-red-750ml.jpg","contentUrl":"https:\/\/cafesnovell.com\/wp-content\/uploads\/2021\/07\/hario-cold-brew-filter-in-bottle-red-750ml.jpg","width":600,"height":600},{"@type":"BreadcrumbList","@id":"https:\/\/cafesnovell.com\/ca\/producto\/infusor-cold-brew-tea-hario-vermell\/#breadcrumb","itemListElement":[{"@type":"ListItem","position":1,"name":"Inici","item":"https:\/\/cafesnovell.com\/ca\/"},{"@type":"ListItem","position":2,"name":"Botiga","item":"https:\/\/cafesnovell.com\/ca\/botiga\/"},{"@type":"ListItem","position":3,"name":"Infusor Cold Brew de Te Hario"}]},{"@type":"WebSite","@id":"https:\/\/cafesnovell.com\/ca\/#website","url":"https:\/\/cafesnovell.com\/ca\/","name":"Caf\u00e8s Novell","description":"Organic Premium Coffee","potentialAction":[{"@type":"SearchAction","target":{"@type":"EntryPoint","urlTemplate":"https:\/\/cafesnovell.com\/ca\/?s={search_term_string}"},"query-input":{"@type":"PropertyValueSpecification","valueRequired":true,"valueName":"search_term_string"}}],"inLanguage":"ca"}]}},"df_price":27.9,"df_sale_price":"","df_regular_price":27.9,"df_image_link":"https:\/\/cafesnovell.com\/wp-content\/uploads\/2021\/07\/hario-cold-brew-filter-in-bottle-red-750ml-300x300.jpg","_links":{"self":[{"href":"https:\/\/cafesnovell.com\/ca\/wp-json\/wp\/v2\/product\/55983","targetHints":{"allow":["GET"]}}],"collection":[{"href":"https:\/\/cafesnovell.com\/ca\/wp-json\/wp\/v2\/product"}],"about":[{"href":"https:\/\/cafesnovell.com\/ca\/wp-json\/wp\/v2\/types\/product"}],"wp:featuredmedia":[{"embeddable":true,"href":"https:\/\/cafesnovell.com\/ca\/wp-json\/wp\/v2\/media\/56424"}],"wp:attachment":[{"href":"https:\/\/cafesnovell.com\/ca\/wp-json\/wp\/v2\/media?parent=55983"}],"wp:term":[{"taxonomy":"product_brand","embeddable":true,"href":"https:\/\/cafesnovell.com\/ca\/wp-json\/wp\/v2\/product_brand?post=55983"},{"taxonomy":"product_cat","embeddable":true,"href":"https:\/\/cafesnovell.com\/ca\/wp-json\/wp\/v2\/product_cat?post=55983"},{"taxonomy":"product_tag","embeddable":true,"href":"https:\/\/cafesnovell.com\/ca\/wp-json\/wp\/v2\/product_tag?post=55983"}],"curies":[{"name":"wp","href":"https:\/\/api.w.org\/{rel}","templated":true}]}}