{"id":52657,"date":"2021-03-29T15:02:55","date_gmt":"2021-03-29T13:02:55","guid":{"rendered":"https:\/\/cafesnovell.com\/?post_type=product&#038;p=52657"},"modified":"2023-11-28T23:00:18","modified_gmt":"2023-11-28T22:00:18","slug":"cafetera-espresso-delonghi-ec685m","status":"publish","type":"product","link":"https:\/\/cafesnovell.com\/ca\/producto\/cafetera-espresso-delonghi-ec685m\/","title":{"rendered":"Cafetera d&#8217;Espresso De&#8217;Longhi EC685 Met\u00e0l\u00b7lica"},"content":{"rendered":"","protected":false},"excerpt":{"rendered":"<p><span class=\"bold-product\">Com aconseguir la teva cafetera amb caf\u00e8 de regal?<br \/>\n<\/span>Aconsegueix la cafetera De&#8217;Longhi bomba EC685.M\u00a0 amb 40\u20ac de CAF\u00c8 DE REGAL i prepara la teva tassa d&#8217;espresso prefecte.<\/p>\n<p>Nom\u00e9s has de seguir 3 passes:<br \/>\n1. Compra la teva cafetera De\u2019Longhi<br \/>\n2. Rebr\u00e0s un cup\u00f3 amb 40\u20ac per a gastar en caf\u00e8<br \/>\n3. Gasta el teu cup\u00f3 en les teves pr\u00f2ximes compres!<\/p>\n<p><span class=\"bold-product\">Propietats Principals:<br \/>\n<\/span>Tria la teva varietat preferida de caf\u00e8 m\u00f2lt Novell i prepara un delici\u00f3s Espresso amb la cafetera De&#8217;Longhi EC 685.M<\/p>\n<ul>\n<li>Tria la teva varietat de caf\u00e8 preferida i prepara un espresso intens amb una crema perfecta, controlant tots els par\u00e0metres com un aut\u00e8ntic barista.<\/li>\n<li>Pots escumejar f\u00e0cilment la llet amb el vaporitzador de llet ajustable.<\/li>\n<li>Cont\u00e9 una safata anti degoteig extra\u00efble que permet utilitzar tasses i gots de fins a 12 cm d&#8217;altura.<\/li>\n<li>Mant\u00e9 l&#8217;aigua a la temperatura perfecta amb la tecnologia Thermoblock.<\/li>\n<\/ul>\n<p style=\"text-align: left;\"><span class=\"bold-product\">Caracter\u00edstiques:<br \/>\n<\/span>Dimensions: 149x330x305<br \/>\nPes: 4<br \/>\nPot\u00e8ncia: 1350<br \/>\nPressi\u00f3 (bar): 15<\/p>\n<p style=\"text-align: left;\"><a href=\"https:\/\/cafesnovell.com\/wp-content\/uploads\/2021\/04\/ec685.bk_.pdf\">Veure m\u00e9s informaci\u00f3 a la fitxa t\u00e8cnica<\/a><br \/>\n<em>Garantia oferida pel fabricant De&#8217;Longhi.<\/em><\/p>\n","protected":false},"featured_media":52661,"template":"","meta":{"_acf_changed":false,"content-type":""},"product_brand":[],"product_cat":[131,2476],"product_tag":[],"class_list":{"0":"post-52657","1":"product","2":"type-product","3":"status-publish","4":"has-post-thumbnail","6":"product_cat-cafeteres","7":"product_cat-cafeteres-espresso","9":"first","10":"instock","11":"taxable","12":"shipping-taxable","13":"purchasable","14":"product-type-simple"},"bundled_by":["85120","101341"],"bundle_stock_status":"instock","bundle_stock_quantity":4,"bundle_virtual":false,"bundle_layout":"","bundle_add_to_cart_form_location":"","bundle_editable_in_cart":false,"bundle_sold_individually_context":"","bundle_item_grouping":"","bundle_min_size":"","bundle_max_size":"","bundle_price":[],"bundled_items":[],"bundle_sell_ids":[],"acf":[],"yoast_head":"<!-- This site is optimized with the Yoast SEO plugin v27.3 - https:\/\/yoast.com\/product\/yoast-seo-wordpress\/ -->\n<title>Cafetera d&#039;Espresso De&#039;Longhi EC685 Met\u00e0l\u00b7lica<\/title>\n<meta name=\"description\" content=\"Gaudeix de la teva cafetera De&#039;Longhi EC685 met\u00e0l\u00b7lica i prepara la teva tassa de caf\u00e8 perfecta controlant tots els par\u00e0metres.\" \/>\n<meta name=\"robots\" content=\"index, follow, max-snippet:-1, max-image-preview:large, max-video-preview:-1\" \/>\n<link rel=\"canonical\" href=\"https:\/\/cafesnovell.com\/ca\/producto\/cafetera-espresso-delonghi-ec685m\/\" \/>\n<meta property=\"og:locale\" content=\"ca_ES\" \/>\n<meta property=\"og:type\" content=\"article\" \/>\n<meta property=\"og:title\" content=\"Cafetera d&#039;Espresso De&#039;Longhi EC685 Met\u00e0l\u00b7lica\" \/>\n<meta property=\"og:description\" content=\"Gaudeix de la teva cafetera De&#039;Longhi EC685 met\u00e0l\u00b7lica i prepara la teva tassa de caf\u00e8 perfecta controlant tots els par\u00e0metres.\" \/>\n<meta property=\"og:url\" content=\"https:\/\/cafesnovell.com\/ca\/producto\/cafetera-espresso-delonghi-ec685m\/\" \/>\n<meta property=\"og:site_name\" content=\"Caf\u00e8s Novell\" \/>\n<meta property=\"article:modified_time\" content=\"2023-11-28T22:00:18+00:00\" \/>\n<meta property=\"og:image\" content=\"https:\/\/cafesnovell.com\/wp-content\/uploads\/2021\/03\/01.jpg\" \/>\n\t<meta property=\"og:image:width\" content=\"600\" \/>\n\t<meta property=\"og:image:height\" content=\"600\" \/>\n\t<meta property=\"og:image:type\" content=\"image\/jpeg\" \/>\n<meta name=\"twitter:card\" content=\"summary_large_image\" \/>\n<script type=\"application\/ld+json\" class=\"yoast-schema-graph\">{\"@context\":\"https:\\\/\\\/schema.org\",\"@graph\":[{\"@type\":\"WebPage\",\"@id\":\"https:\\\/\\\/cafesnovell.com\\\/ca\\\/producto\\\/cafetera-espresso-delonghi-ec685m\\\/\",\"url\":\"https:\\\/\\\/cafesnovell.com\\\/ca\\\/producto\\\/cafetera-espresso-delonghi-ec685m\\\/\",\"name\":\"Cafetera d'Espresso De'Longhi EC685 Met\u00e0l\u00b7lica\",\"isPartOf\":{\"@id\":\"https:\\\/\\\/cafesnovell.com\\\/ca\\\/#website\"},\"primaryImageOfPage\":{\"@id\":\"https:\\\/\\\/cafesnovell.com\\\/ca\\\/producto\\\/cafetera-espresso-delonghi-ec685m\\\/#primaryimage\"},\"image\":{\"@id\":\"https:\\\/\\\/cafesnovell.com\\\/ca\\\/producto\\\/cafetera-espresso-delonghi-ec685m\\\/#primaryimage\"},\"thumbnailUrl\":\"https:\\\/\\\/cafesnovell.com\\\/wp-content\\\/uploads\\\/2021\\\/03\\\/01.jpg\",\"datePublished\":\"2021-03-29T13:02:55+00:00\",\"dateModified\":\"2023-11-28T22:00:18+00:00\",\"description\":\"Gaudeix de la teva cafetera De'Longhi EC685 met\u00e0l\u00b7lica i prepara la teva tassa de caf\u00e8 perfecta controlant tots els par\u00e0metres.\",\"breadcrumb\":{\"@id\":\"https:\\\/\\\/cafesnovell.com\\\/ca\\\/producto\\\/cafetera-espresso-delonghi-ec685m\\\/#breadcrumb\"},\"inLanguage\":\"ca\",\"potentialAction\":[{\"@type\":\"ReadAction\",\"target\":[\"https:\\\/\\\/cafesnovell.com\\\/ca\\\/producto\\\/cafetera-espresso-delonghi-ec685m\\\/\"]}]},{\"@type\":\"ImageObject\",\"inLanguage\":\"ca\",\"@id\":\"https:\\\/\\\/cafesnovell.com\\\/ca\\\/producto\\\/cafetera-espresso-delonghi-ec685m\\\/#primaryimage\",\"url\":\"https:\\\/\\\/cafesnovell.com\\\/wp-content\\\/uploads\\\/2021\\\/03\\\/01.jpg\",\"contentUrl\":\"https:\\\/\\\/cafesnovell.com\\\/wp-content\\\/uploads\\\/2021\\\/03\\\/01.jpg\",\"width\":600,\"height\":600},{\"@type\":\"BreadcrumbList\",\"@id\":\"https:\\\/\\\/cafesnovell.com\\\/ca\\\/producto\\\/cafetera-espresso-delonghi-ec685m\\\/#breadcrumb\",\"itemListElement\":[{\"@type\":\"ListItem\",\"position\":1,\"name\":\"Inici\",\"item\":\"https:\\\/\\\/cafesnovell.com\\\/ca\\\/\"},{\"@type\":\"ListItem\",\"position\":2,\"name\":\"Botiga\",\"item\":\"https:\\\/\\\/cafesnovell.com\\\/ca\\\/botiga\\\/\"},{\"@type\":\"ListItem\",\"position\":3,\"name\":\"Cafetera d&#8217;Espresso De&#8217;Longhi EC685 Met\u00e0l\u00b7lica\"}]},{\"@type\":\"WebSite\",\"@id\":\"https:\\\/\\\/cafesnovell.com\\\/ca\\\/#website\",\"url\":\"https:\\\/\\\/cafesnovell.com\\\/ca\\\/\",\"name\":\"Caf\u00e8s Novell\",\"description\":\"Organic Premium Coffee\",\"potentialAction\":[{\"@type\":\"SearchAction\",\"target\":{\"@type\":\"EntryPoint\",\"urlTemplate\":\"https:\\\/\\\/cafesnovell.com\\\/ca\\\/?s={search_term_string}\"},\"query-input\":{\"@type\":\"PropertyValueSpecification\",\"valueRequired\":true,\"valueName\":\"search_term_string\"}}],\"inLanguage\":\"ca\"}]}<\/script>\n<!-- \/ Yoast SEO plugin. -->","yoast_head_json":{"title":"Cafetera d'Espresso De'Longhi EC685 Met\u00e0l\u00b7lica","description":"Gaudeix de la teva cafetera De'Longhi EC685 met\u00e0l\u00b7lica i prepara la teva tassa de caf\u00e8 perfecta controlant tots els par\u00e0metres.","robots":{"index":"index","follow":"follow","max-snippet":"max-snippet:-1","max-image-preview":"max-image-preview:large","max-video-preview":"max-video-preview:-1"},"canonical":"https:\/\/cafesnovell.com\/ca\/producto\/cafetera-espresso-delonghi-ec685m\/","og_locale":"ca_ES","og_type":"article","og_title":"Cafetera d'Espresso De'Longhi EC685 Met\u00e0l\u00b7lica","og_description":"Gaudeix de la teva cafetera De'Longhi EC685 met\u00e0l\u00b7lica i prepara la teva tassa de caf\u00e8 perfecta controlant tots els par\u00e0metres.","og_url":"https:\/\/cafesnovell.com\/ca\/producto\/cafetera-espresso-delonghi-ec685m\/","og_site_name":"Caf\u00e8s Novell","article_modified_time":"2023-11-28T22:00:18+00:00","og_image":[{"width":600,"height":600,"url":"https:\/\/cafesnovell.com\/wp-content\/uploads\/2021\/03\/01.jpg","type":"image\/jpeg"}],"twitter_card":"summary_large_image","schema":{"@context":"https:\/\/schema.org","@graph":[{"@type":"WebPage","@id":"https:\/\/cafesnovell.com\/ca\/producto\/cafetera-espresso-delonghi-ec685m\/","url":"https:\/\/cafesnovell.com\/ca\/producto\/cafetera-espresso-delonghi-ec685m\/","name":"Cafetera d'Espresso De'Longhi EC685 Met\u00e0l\u00b7lica","isPartOf":{"@id":"https:\/\/cafesnovell.com\/ca\/#website"},"primaryImageOfPage":{"@id":"https:\/\/cafesnovell.com\/ca\/producto\/cafetera-espresso-delonghi-ec685m\/#primaryimage"},"image":{"@id":"https:\/\/cafesnovell.com\/ca\/producto\/cafetera-espresso-delonghi-ec685m\/#primaryimage"},"thumbnailUrl":"https:\/\/cafesnovell.com\/wp-content\/uploads\/2021\/03\/01.jpg","datePublished":"2021-03-29T13:02:55+00:00","dateModified":"2023-11-28T22:00:18+00:00","description":"Gaudeix de la teva cafetera De'Longhi EC685 met\u00e0l\u00b7lica i prepara la teva tassa de caf\u00e8 perfecta controlant tots els par\u00e0metres.","breadcrumb":{"@id":"https:\/\/cafesnovell.com\/ca\/producto\/cafetera-espresso-delonghi-ec685m\/#breadcrumb"},"inLanguage":"ca","potentialAction":[{"@type":"ReadAction","target":["https:\/\/cafesnovell.com\/ca\/producto\/cafetera-espresso-delonghi-ec685m\/"]}]},{"@type":"ImageObject","inLanguage":"ca","@id":"https:\/\/cafesnovell.com\/ca\/producto\/cafetera-espresso-delonghi-ec685m\/#primaryimage","url":"https:\/\/cafesnovell.com\/wp-content\/uploads\/2021\/03\/01.jpg","contentUrl":"https:\/\/cafesnovell.com\/wp-content\/uploads\/2021\/03\/01.jpg","width":600,"height":600},{"@type":"BreadcrumbList","@id":"https:\/\/cafesnovell.com\/ca\/producto\/cafetera-espresso-delonghi-ec685m\/#breadcrumb","itemListElement":[{"@type":"ListItem","position":1,"name":"Inici","item":"https:\/\/cafesnovell.com\/ca\/"},{"@type":"ListItem","position":2,"name":"Botiga","item":"https:\/\/cafesnovell.com\/ca\/botiga\/"},{"@type":"ListItem","position":3,"name":"Cafetera d&#8217;Espresso De&#8217;Longhi EC685 Met\u00e0l\u00b7lica"}]},{"@type":"WebSite","@id":"https:\/\/cafesnovell.com\/ca\/#website","url":"https:\/\/cafesnovell.com\/ca\/","name":"Caf\u00e8s Novell","description":"Organic Premium Coffee","potentialAction":[{"@type":"SearchAction","target":{"@type":"EntryPoint","urlTemplate":"https:\/\/cafesnovell.com\/ca\/?s={search_term_string}"},"query-input":{"@type":"PropertyValueSpecification","valueRequired":true,"valueName":"search_term_string"}}],"inLanguage":"ca"}]}},"df_price":270,"df_sale_price":"","df_regular_price":270,"df_image_link":"https:\/\/cafesnovell.com\/wp-content\/uploads\/2021\/03\/01-300x300.jpg","_links":{"self":[{"href":"https:\/\/cafesnovell.com\/ca\/wp-json\/wp\/v2\/product\/52657","targetHints":{"allow":["GET"]}}],"collection":[{"href":"https:\/\/cafesnovell.com\/ca\/wp-json\/wp\/v2\/product"}],"about":[{"href":"https:\/\/cafesnovell.com\/ca\/wp-json\/wp\/v2\/types\/product"}],"wp:featuredmedia":[{"embeddable":true,"href":"https:\/\/cafesnovell.com\/ca\/wp-json\/wp\/v2\/media\/52661"}],"wp:attachment":[{"href":"https:\/\/cafesnovell.com\/ca\/wp-json\/wp\/v2\/media?parent=52657"}],"wp:term":[{"taxonomy":"product_brand","embeddable":true,"href":"https:\/\/cafesnovell.com\/ca\/wp-json\/wp\/v2\/product_brand?post=52657"},{"taxonomy":"product_cat","embeddable":true,"href":"https:\/\/cafesnovell.com\/ca\/wp-json\/wp\/v2\/product_cat?post=52657"},{"taxonomy":"product_tag","embeddable":true,"href":"https:\/\/cafesnovell.com\/ca\/wp-json\/wp\/v2\/product_tag?post=52657"}],"curies":[{"name":"wp","href":"https:\/\/api.w.org\/{rel}","templated":true}]}}