{"id":40833,"date":"2020-06-16T08:46:12","date_gmt":"2020-06-16T06:46:12","guid":{"rendered":"https:\/\/cafesnovell.com\/?post_type=product&#038;p=40833"},"modified":"2021-11-30T00:00:16","modified_gmt":"2021-11-29T22:00:16","slug":"filtres-sifo-hario","status":"publish","type":"product","link":"https:\/\/cafesnovell.com\/ca\/producto\/filtres-sifo-hario\/","title":{"rendered":"Filtres per Sif\u00f3 Hario"},"content":{"rendered":"","protected":false},"excerpt":{"rendered":"<p><span class=\"bold-product\">Propietats Principals:<br \/>\n<\/span>Pack de 50 filtres d&#8217;un sol \u00fas de paper i l&#8217;adaptador met\u00e0l\u00b7lic per a la m\u00e0quina de caf\u00e8 Hario Sif\u00f3.<\/p>\n<p><span class=\"bold-product\">Caracter\u00edstiques:<\/span><br \/>\n<span lang=\"ca\">Acer inoxidable<br \/>\n<span title=\"\">F\u00e0cil de netejar<\/span><br \/>\n<span title=\"\">Compatible amb sif\u00f3 TCA-2 \/ TCA-3 \/ TCA-5 \/ NXA-5<\/span><\/span><\/p>\n","protected":false},"featured_media":37523,"template":"","meta":{"_acf_changed":false,"content-type":""},"product_brand":[],"product_cat":[125,1229],"product_tag":[],"class_list":{"0":"post-40833","1":"product","2":"type-product","3":"status-publish","4":"has-post-thumbnail","6":"product_cat-complements","7":"product_cat-accessoris-cafeteres","9":"first","10":"instock","11":"taxable","12":"shipping-taxable","13":"purchasable","14":"product-type-simple"},"bundled_by":[],"bundle_stock_status":"instock","bundle_stock_quantity":5,"bundle_virtual":false,"bundle_layout":"","bundle_add_to_cart_form_location":"","bundle_editable_in_cart":false,"bundle_sold_individually_context":"","bundle_item_grouping":"","bundle_min_size":"","bundle_max_size":"","bundle_price":[],"bundled_items":[],"bundle_sell_ids":[],"acf":[],"yoast_head":"<!-- This site is optimized with the Yoast SEO plugin v27.3 - https:\/\/yoast.com\/product\/yoast-seo-wordpress\/ -->\n<title>Filtres per Sif\u00f3 Hario<\/title>\n<meta name=\"description\" content=\"Pack de 50 filtres d&#039;un sol \u00fas de paper i l&#039;adaptador met\u00e0lic per a la m\u00e0quina de caf\u00e8 Hario Sif\u00f3n\" \/>\n<meta name=\"robots\" content=\"index, follow, max-snippet:-1, max-image-preview:large, max-video-preview:-1\" \/>\n<link rel=\"canonical\" href=\"https:\/\/cafesnovell.com\/ca\/producto\/filtres-sifo-hario\/\" \/>\n<meta property=\"og:locale\" content=\"ca_ES\" \/>\n<meta property=\"og:type\" content=\"article\" \/>\n<meta property=\"og:title\" content=\"Filtres per Sif\u00f3 Hario\" \/>\n<meta property=\"og:description\" content=\"Pack de 50 filtres d&#039;un sol \u00fas de paper i l&#039;adaptador met\u00e0lic per a la m\u00e0quina de caf\u00e8 Hario Sif\u00f3n\" \/>\n<meta property=\"og:url\" content=\"https:\/\/cafesnovell.com\/ca\/producto\/filtres-sifo-hario\/\" \/>\n<meta property=\"og:site_name\" content=\"Caf\u00e8s Novell\" \/>\n<meta property=\"article:modified_time\" content=\"2021-11-29T22:00:16+00:00\" \/>\n<meta property=\"og:image\" content=\"https:\/\/cafesnovell.com\/wp-content\/uploads\/2020\/05\/hario-adaptador-muellesifon-filtros-web.jpg\" \/>\n\t<meta property=\"og:image:width\" content=\"600\" \/>\n\t<meta property=\"og:image:height\" content=\"600\" \/>\n\t<meta property=\"og:image:type\" content=\"image\/jpeg\" \/>\n<meta name=\"twitter:card\" content=\"summary_large_image\" \/>\n<script type=\"application\/ld+json\" class=\"yoast-schema-graph\">{\"@context\":\"https:\\\/\\\/schema.org\",\"@graph\":[{\"@type\":\"WebPage\",\"@id\":\"https:\\\/\\\/cafesnovell.com\\\/ca\\\/producto\\\/filtres-sifo-hario\\\/\",\"url\":\"https:\\\/\\\/cafesnovell.com\\\/ca\\\/producto\\\/filtres-sifo-hario\\\/\",\"name\":\"Filtres per Sif\u00f3 Hario\",\"isPartOf\":{\"@id\":\"https:\\\/\\\/cafesnovell.com\\\/ca\\\/#website\"},\"primaryImageOfPage\":{\"@id\":\"https:\\\/\\\/cafesnovell.com\\\/ca\\\/producto\\\/filtres-sifo-hario\\\/#primaryimage\"},\"image\":{\"@id\":\"https:\\\/\\\/cafesnovell.com\\\/ca\\\/producto\\\/filtres-sifo-hario\\\/#primaryimage\"},\"thumbnailUrl\":\"https:\\\/\\\/cafesnovell.com\\\/wp-content\\\/uploads\\\/2020\\\/05\\\/hario-adaptador-muellesifon-filtros-web.jpg\",\"datePublished\":\"2020-06-16T06:46:12+00:00\",\"dateModified\":\"2021-11-29T22:00:16+00:00\",\"description\":\"Pack de 50 filtres d'un sol \u00fas de paper i l'adaptador met\u00e0lic per a la m\u00e0quina de caf\u00e8 Hario Sif\u00f3n\",\"breadcrumb\":{\"@id\":\"https:\\\/\\\/cafesnovell.com\\\/ca\\\/producto\\\/filtres-sifo-hario\\\/#breadcrumb\"},\"inLanguage\":\"ca\",\"potentialAction\":[{\"@type\":\"ReadAction\",\"target\":[\"https:\\\/\\\/cafesnovell.com\\\/ca\\\/producto\\\/filtres-sifo-hario\\\/\"]}]},{\"@type\":\"ImageObject\",\"inLanguage\":\"ca\",\"@id\":\"https:\\\/\\\/cafesnovell.com\\\/ca\\\/producto\\\/filtres-sifo-hario\\\/#primaryimage\",\"url\":\"https:\\\/\\\/cafesnovell.com\\\/wp-content\\\/uploads\\\/2020\\\/05\\\/hario-adaptador-muellesifon-filtros-web.jpg\",\"contentUrl\":\"https:\\\/\\\/cafesnovell.com\\\/wp-content\\\/uploads\\\/2020\\\/05\\\/hario-adaptador-muellesifon-filtros-web.jpg\",\"width\":600,\"height\":600,\"caption\":\"Caf\u00e8s Novell\"},{\"@type\":\"BreadcrumbList\",\"@id\":\"https:\\\/\\\/cafesnovell.com\\\/ca\\\/producto\\\/filtres-sifo-hario\\\/#breadcrumb\",\"itemListElement\":[{\"@type\":\"ListItem\",\"position\":1,\"name\":\"Inici\",\"item\":\"https:\\\/\\\/cafesnovell.com\\\/ca\\\/\"},{\"@type\":\"ListItem\",\"position\":2,\"name\":\"Botiga\",\"item\":\"https:\\\/\\\/cafesnovell.com\\\/ca\\\/botiga\\\/\"},{\"@type\":\"ListItem\",\"position\":3,\"name\":\"Filtres per Sif\u00f3 Hario\"}]},{\"@type\":\"WebSite\",\"@id\":\"https:\\\/\\\/cafesnovell.com\\\/ca\\\/#website\",\"url\":\"https:\\\/\\\/cafesnovell.com\\\/ca\\\/\",\"name\":\"Caf\u00e8s Novell\",\"description\":\"Organic Premium Coffee\",\"potentialAction\":[{\"@type\":\"SearchAction\",\"target\":{\"@type\":\"EntryPoint\",\"urlTemplate\":\"https:\\\/\\\/cafesnovell.com\\\/ca\\\/?s={search_term_string}\"},\"query-input\":{\"@type\":\"PropertyValueSpecification\",\"valueRequired\":true,\"valueName\":\"search_term_string\"}}],\"inLanguage\":\"ca\"}]}<\/script>\n<!-- \/ Yoast SEO plugin. -->","yoast_head_json":{"title":"Filtres per Sif\u00f3 Hario","description":"Pack de 50 filtres d'un sol \u00fas de paper i l'adaptador met\u00e0lic per a la m\u00e0quina de caf\u00e8 Hario Sif\u00f3n","robots":{"index":"index","follow":"follow","max-snippet":"max-snippet:-1","max-image-preview":"max-image-preview:large","max-video-preview":"max-video-preview:-1"},"canonical":"https:\/\/cafesnovell.com\/ca\/producto\/filtres-sifo-hario\/","og_locale":"ca_ES","og_type":"article","og_title":"Filtres per Sif\u00f3 Hario","og_description":"Pack de 50 filtres d'un sol \u00fas de paper i l'adaptador met\u00e0lic per a la m\u00e0quina de caf\u00e8 Hario Sif\u00f3n","og_url":"https:\/\/cafesnovell.com\/ca\/producto\/filtres-sifo-hario\/","og_site_name":"Caf\u00e8s Novell","article_modified_time":"2021-11-29T22:00:16+00:00","og_image":[{"width":600,"height":600,"url":"https:\/\/cafesnovell.com\/wp-content\/uploads\/2020\/05\/hario-adaptador-muellesifon-filtros-web.jpg","type":"image\/jpeg"}],"twitter_card":"summary_large_image","schema":{"@context":"https:\/\/schema.org","@graph":[{"@type":"WebPage","@id":"https:\/\/cafesnovell.com\/ca\/producto\/filtres-sifo-hario\/","url":"https:\/\/cafesnovell.com\/ca\/producto\/filtres-sifo-hario\/","name":"Filtres per Sif\u00f3 Hario","isPartOf":{"@id":"https:\/\/cafesnovell.com\/ca\/#website"},"primaryImageOfPage":{"@id":"https:\/\/cafesnovell.com\/ca\/producto\/filtres-sifo-hario\/#primaryimage"},"image":{"@id":"https:\/\/cafesnovell.com\/ca\/producto\/filtres-sifo-hario\/#primaryimage"},"thumbnailUrl":"https:\/\/cafesnovell.com\/wp-content\/uploads\/2020\/05\/hario-adaptador-muellesifon-filtros-web.jpg","datePublished":"2020-06-16T06:46:12+00:00","dateModified":"2021-11-29T22:00:16+00:00","description":"Pack de 50 filtres d'un sol \u00fas de paper i l'adaptador met\u00e0lic per a la m\u00e0quina de caf\u00e8 Hario Sif\u00f3n","breadcrumb":{"@id":"https:\/\/cafesnovell.com\/ca\/producto\/filtres-sifo-hario\/#breadcrumb"},"inLanguage":"ca","potentialAction":[{"@type":"ReadAction","target":["https:\/\/cafesnovell.com\/ca\/producto\/filtres-sifo-hario\/"]}]},{"@type":"ImageObject","inLanguage":"ca","@id":"https:\/\/cafesnovell.com\/ca\/producto\/filtres-sifo-hario\/#primaryimage","url":"https:\/\/cafesnovell.com\/wp-content\/uploads\/2020\/05\/hario-adaptador-muellesifon-filtros-web.jpg","contentUrl":"https:\/\/cafesnovell.com\/wp-content\/uploads\/2020\/05\/hario-adaptador-muellesifon-filtros-web.jpg","width":600,"height":600,"caption":"Caf\u00e8s Novell"},{"@type":"BreadcrumbList","@id":"https:\/\/cafesnovell.com\/ca\/producto\/filtres-sifo-hario\/#breadcrumb","itemListElement":[{"@type":"ListItem","position":1,"name":"Inici","item":"https:\/\/cafesnovell.com\/ca\/"},{"@type":"ListItem","position":2,"name":"Botiga","item":"https:\/\/cafesnovell.com\/ca\/botiga\/"},{"@type":"ListItem","position":3,"name":"Filtres per Sif\u00f3 Hario"}]},{"@type":"WebSite","@id":"https:\/\/cafesnovell.com\/ca\/#website","url":"https:\/\/cafesnovell.com\/ca\/","name":"Caf\u00e8s Novell","description":"Organic Premium Coffee","potentialAction":[{"@type":"SearchAction","target":{"@type":"EntryPoint","urlTemplate":"https:\/\/cafesnovell.com\/ca\/?s={search_term_string}"},"query-input":{"@type":"PropertyValueSpecification","valueRequired":true,"valueName":"search_term_string"}}],"inLanguage":"ca"}]}},"df_price":10.95,"df_sale_price":"","df_regular_price":10.95,"df_image_link":"https:\/\/cafesnovell.com\/wp-content\/uploads\/2020\/05\/hario-adaptador-muellesifon-filtros-web-300x300.jpg","_links":{"self":[{"href":"https:\/\/cafesnovell.com\/ca\/wp-json\/wp\/v2\/product\/40833","targetHints":{"allow":["GET"]}}],"collection":[{"href":"https:\/\/cafesnovell.com\/ca\/wp-json\/wp\/v2\/product"}],"about":[{"href":"https:\/\/cafesnovell.com\/ca\/wp-json\/wp\/v2\/types\/product"}],"wp:featuredmedia":[{"embeddable":true,"href":"https:\/\/cafesnovell.com\/ca\/wp-json\/wp\/v2\/media\/37523"}],"wp:attachment":[{"href":"https:\/\/cafesnovell.com\/ca\/wp-json\/wp\/v2\/media?parent=40833"}],"wp:term":[{"taxonomy":"product_brand","embeddable":true,"href":"https:\/\/cafesnovell.com\/ca\/wp-json\/wp\/v2\/product_brand?post=40833"},{"taxonomy":"product_cat","embeddable":true,"href":"https:\/\/cafesnovell.com\/ca\/wp-json\/wp\/v2\/product_cat?post=40833"},{"taxonomy":"product_tag","embeddable":true,"href":"https:\/\/cafesnovell.com\/ca\/wp-json\/wp\/v2\/product_tag?post=40833"}],"curies":[{"name":"wp","href":"https:\/\/api.w.org\/{rel}","templated":true}]}}