{"id":38283,"date":"2020-05-13T11:23:39","date_gmt":"2020-05-13T09:23:39","guid":{"rendered":"https:\/\/cafesnovell.com\/?post_type=product&#038;p=38283"},"modified":"2024-05-02T16:32:08","modified_gmt":"2024-05-02T14:32:08","slug":"pack-degustacio-residu-0","status":"publish","type":"product","link":"https:\/\/cafesnovell.com\/ca\/producto\/pack-degustacio-residu-0\/","title":{"rendered":"Pack Degustaci\u00f3 Zero Waste"},"content":{"rendered":"","protected":false},"excerpt":{"rendered":"","protected":false},"featured_media":38268,"template":"","meta":{"_acf_changed":false,"content-type":""},"product_brand":[],"product_cat":[116,121,124,1265,123,2484],"product_tag":[],"class_list":{"0":"post-38283","1":"product","2":"type-product","3":"status-publish","4":"has-post-thumbnail","6":"product_cat-cafes-ca","7":"product_cat-capsules-compatibles","8":"product_cat-gra","9":"product_cat-idees-per-regalar","10":"product_cat-molt","11":"product_cat-packs-degustacio","13":"first","14":"instock","15":"taxable","16":"shipping-taxable","17":"purchasable","18":"product-type-simple"},"bundled_by":[],"bundle_stock_status":"instock","bundle_stock_quantity":null,"bundle_virtual":false,"bundle_layout":"","bundle_add_to_cart_form_location":"","bundle_editable_in_cart":false,"bundle_sold_individually_context":"","bundle_item_grouping":"","bundle_min_size":"","bundle_max_size":"","bundle_price":[],"bundled_items":[],"bundle_sell_ids":[],"acf":[],"yoast_head":"<!-- This site is optimized with the Yoast SEO plugin v27.3 - https:\/\/yoast.com\/product\/yoast-seo-wordpress\/ -->\n<title>Pack Degustaci\u00f3 Zero Waste<\/title>\n<meta name=\"description\" content=\"Pack degustaci\u00f3 que inclou una selecci\u00f3 de productes de la nostra l\u00ednia Residu 0, tots ells amb packaging 100% compostable i caf\u00e8 100% org\u00e0nic.\" \/>\n<meta name=\"robots\" content=\"index, follow, max-snippet:-1, max-image-preview:large, max-video-preview:-1\" \/>\n<link rel=\"canonical\" href=\"https:\/\/cafesnovell.com\/ca\/producto\/pack-degustacio-residu-0\/\" \/>\n<meta property=\"og:locale\" content=\"ca_ES\" \/>\n<meta property=\"og:type\" content=\"article\" \/>\n<meta property=\"og:title\" content=\"Pack Degustaci\u00f3 Zero Waste\" \/>\n<meta property=\"og:description\" content=\"Pack degustaci\u00f3 que inclou una selecci\u00f3 de productes de la nostra l\u00ednia Residu 0, tots ells amb packaging 100% compostable i caf\u00e8 100% org\u00e0nic.\" \/>\n<meta property=\"og:url\" content=\"https:\/\/cafesnovell.com\/ca\/producto\/pack-degustacio-residu-0\/\" \/>\n<meta property=\"og:site_name\" content=\"Caf\u00e8s Novell\" \/>\n<meta property=\"article:modified_time\" content=\"2024-05-02T14:32:08+00:00\" \/>\n<meta property=\"og:image\" content=\"https:\/\/cafesnovell.com\/wp-content\/uploads\/2020\/05\/pack-mix-residu-0.jpg\" \/>\n\t<meta property=\"og:image:width\" content=\"600\" \/>\n\t<meta property=\"og:image:height\" content=\"600\" \/>\n\t<meta property=\"og:image:type\" content=\"image\/jpeg\" \/>\n<meta name=\"twitter:card\" content=\"summary_large_image\" \/>\n<meta name=\"twitter:label1\" content=\"Temps estimat de lectura\" \/>\n\t<meta name=\"twitter:data1\" content=\"1 minut\" \/>\n<script type=\"application\/ld+json\" class=\"yoast-schema-graph\">{\"@context\":\"https:\\\/\\\/schema.org\",\"@graph\":[{\"@type\":\"WebPage\",\"@id\":\"https:\\\/\\\/cafesnovell.com\\\/ca\\\/producto\\\/pack-degustacio-residu-0\\\/\",\"url\":\"https:\\\/\\\/cafesnovell.com\\\/ca\\\/producto\\\/pack-degustacio-residu-0\\\/\",\"name\":\"Pack Degustaci\u00f3 Zero Waste\",\"isPartOf\":{\"@id\":\"https:\\\/\\\/cafesnovell.com\\\/ca\\\/#website\"},\"primaryImageOfPage\":{\"@id\":\"https:\\\/\\\/cafesnovell.com\\\/ca\\\/producto\\\/pack-degustacio-residu-0\\\/#primaryimage\"},\"image\":{\"@id\":\"https:\\\/\\\/cafesnovell.com\\\/ca\\\/producto\\\/pack-degustacio-residu-0\\\/#primaryimage\"},\"thumbnailUrl\":\"https:\\\/\\\/cafesnovell.com\\\/wp-content\\\/uploads\\\/2020\\\/05\\\/pack-mix-residu-0.jpg\",\"datePublished\":\"2020-05-13T09:23:39+00:00\",\"dateModified\":\"2024-05-02T14:32:08+00:00\",\"description\":\"Pack degustaci\u00f3 que inclou una selecci\u00f3 de productes de la nostra l\u00ednia Residu 0, tots ells amb packaging 100% compostable i caf\u00e8 100% org\u00e0nic.\",\"breadcrumb\":{\"@id\":\"https:\\\/\\\/cafesnovell.com\\\/ca\\\/producto\\\/pack-degustacio-residu-0\\\/#breadcrumb\"},\"inLanguage\":\"ca\",\"potentialAction\":[{\"@type\":\"ReadAction\",\"target\":[\"https:\\\/\\\/cafesnovell.com\\\/ca\\\/producto\\\/pack-degustacio-residu-0\\\/\"]}]},{\"@type\":\"ImageObject\",\"inLanguage\":\"ca\",\"@id\":\"https:\\\/\\\/cafesnovell.com\\\/ca\\\/producto\\\/pack-degustacio-residu-0\\\/#primaryimage\",\"url\":\"https:\\\/\\\/cafesnovell.com\\\/wp-content\\\/uploads\\\/2020\\\/05\\\/pack-mix-residu-0.jpg\",\"contentUrl\":\"https:\\\/\\\/cafesnovell.com\\\/wp-content\\\/uploads\\\/2020\\\/05\\\/pack-mix-residu-0.jpg\",\"width\":600,\"height\":600,\"caption\":\"Caf\u00e8s Novell\"},{\"@type\":\"BreadcrumbList\",\"@id\":\"https:\\\/\\\/cafesnovell.com\\\/ca\\\/producto\\\/pack-degustacio-residu-0\\\/#breadcrumb\",\"itemListElement\":[{\"@type\":\"ListItem\",\"position\":1,\"name\":\"Inici\",\"item\":\"https:\\\/\\\/cafesnovell.com\\\/ca\\\/\"},{\"@type\":\"ListItem\",\"position\":2,\"name\":\"Botiga\",\"item\":\"https:\\\/\\\/cafesnovell.com\\\/ca\\\/botiga\\\/\"},{\"@type\":\"ListItem\",\"position\":3,\"name\":\"Pack Degustaci\u00f3 Zero Waste\"}]},{\"@type\":\"WebSite\",\"@id\":\"https:\\\/\\\/cafesnovell.com\\\/ca\\\/#website\",\"url\":\"https:\\\/\\\/cafesnovell.com\\\/ca\\\/\",\"name\":\"Caf\u00e8s Novell\",\"description\":\"Organic Premium Coffee\",\"potentialAction\":[{\"@type\":\"SearchAction\",\"target\":{\"@type\":\"EntryPoint\",\"urlTemplate\":\"https:\\\/\\\/cafesnovell.com\\\/ca\\\/?s={search_term_string}\"},\"query-input\":{\"@type\":\"PropertyValueSpecification\",\"valueRequired\":true,\"valueName\":\"search_term_string\"}}],\"inLanguage\":\"ca\"}]}<\/script>\n<!-- \/ Yoast SEO plugin. -->","yoast_head_json":{"title":"Pack Degustaci\u00f3 Zero Waste","description":"Pack degustaci\u00f3 que inclou una selecci\u00f3 de productes de la nostra l\u00ednia Residu 0, tots ells amb packaging 100% compostable i caf\u00e8 100% org\u00e0nic.","robots":{"index":"index","follow":"follow","max-snippet":"max-snippet:-1","max-image-preview":"max-image-preview:large","max-video-preview":"max-video-preview:-1"},"canonical":"https:\/\/cafesnovell.com\/ca\/producto\/pack-degustacio-residu-0\/","og_locale":"ca_ES","og_type":"article","og_title":"Pack Degustaci\u00f3 Zero Waste","og_description":"Pack degustaci\u00f3 que inclou una selecci\u00f3 de productes de la nostra l\u00ednia Residu 0, tots ells amb packaging 100% compostable i caf\u00e8 100% org\u00e0nic.","og_url":"https:\/\/cafesnovell.com\/ca\/producto\/pack-degustacio-residu-0\/","og_site_name":"Caf\u00e8s Novell","article_modified_time":"2024-05-02T14:32:08+00:00","og_image":[{"width":600,"height":600,"url":"https:\/\/cafesnovell.com\/wp-content\/uploads\/2020\/05\/pack-mix-residu-0.jpg","type":"image\/jpeg"}],"twitter_card":"summary_large_image","twitter_misc":{"Temps estimat de lectura":"1 minut"},"schema":{"@context":"https:\/\/schema.org","@graph":[{"@type":"WebPage","@id":"https:\/\/cafesnovell.com\/ca\/producto\/pack-degustacio-residu-0\/","url":"https:\/\/cafesnovell.com\/ca\/producto\/pack-degustacio-residu-0\/","name":"Pack Degustaci\u00f3 Zero Waste","isPartOf":{"@id":"https:\/\/cafesnovell.com\/ca\/#website"},"primaryImageOfPage":{"@id":"https:\/\/cafesnovell.com\/ca\/producto\/pack-degustacio-residu-0\/#primaryimage"},"image":{"@id":"https:\/\/cafesnovell.com\/ca\/producto\/pack-degustacio-residu-0\/#primaryimage"},"thumbnailUrl":"https:\/\/cafesnovell.com\/wp-content\/uploads\/2020\/05\/pack-mix-residu-0.jpg","datePublished":"2020-05-13T09:23:39+00:00","dateModified":"2024-05-02T14:32:08+00:00","description":"Pack degustaci\u00f3 que inclou una selecci\u00f3 de productes de la nostra l\u00ednia Residu 0, tots ells amb packaging 100% compostable i caf\u00e8 100% org\u00e0nic.","breadcrumb":{"@id":"https:\/\/cafesnovell.com\/ca\/producto\/pack-degustacio-residu-0\/#breadcrumb"},"inLanguage":"ca","potentialAction":[{"@type":"ReadAction","target":["https:\/\/cafesnovell.com\/ca\/producto\/pack-degustacio-residu-0\/"]}]},{"@type":"ImageObject","inLanguage":"ca","@id":"https:\/\/cafesnovell.com\/ca\/producto\/pack-degustacio-residu-0\/#primaryimage","url":"https:\/\/cafesnovell.com\/wp-content\/uploads\/2020\/05\/pack-mix-residu-0.jpg","contentUrl":"https:\/\/cafesnovell.com\/wp-content\/uploads\/2020\/05\/pack-mix-residu-0.jpg","width":600,"height":600,"caption":"Caf\u00e8s Novell"},{"@type":"BreadcrumbList","@id":"https:\/\/cafesnovell.com\/ca\/producto\/pack-degustacio-residu-0\/#breadcrumb","itemListElement":[{"@type":"ListItem","position":1,"name":"Inici","item":"https:\/\/cafesnovell.com\/ca\/"},{"@type":"ListItem","position":2,"name":"Botiga","item":"https:\/\/cafesnovell.com\/ca\/botiga\/"},{"@type":"ListItem","position":3,"name":"Pack Degustaci\u00f3 Zero Waste"}]},{"@type":"WebSite","@id":"https:\/\/cafesnovell.com\/ca\/#website","url":"https:\/\/cafesnovell.com\/ca\/","name":"Caf\u00e8s Novell","description":"Organic Premium Coffee","potentialAction":[{"@type":"SearchAction","target":{"@type":"EntryPoint","urlTemplate":"https:\/\/cafesnovell.com\/ca\/?s={search_term_string}"},"query-input":{"@type":"PropertyValueSpecification","valueRequired":true,"valueName":"search_term_string"}}],"inLanguage":"ca"}]}},"df_price":19,"df_sale_price":"","df_regular_price":19,"df_image_link":"https:\/\/cafesnovell.com\/wp-content\/uploads\/2020\/05\/pack-mix-residu-0-300x300.jpg","_links":{"self":[{"href":"https:\/\/cafesnovell.com\/ca\/wp-json\/wp\/v2\/product\/38283","targetHints":{"allow":["GET"]}}],"collection":[{"href":"https:\/\/cafesnovell.com\/ca\/wp-json\/wp\/v2\/product"}],"about":[{"href":"https:\/\/cafesnovell.com\/ca\/wp-json\/wp\/v2\/types\/product"}],"wp:featuredmedia":[{"embeddable":true,"href":"https:\/\/cafesnovell.com\/ca\/wp-json\/wp\/v2\/media\/38268"}],"wp:attachment":[{"href":"https:\/\/cafesnovell.com\/ca\/wp-json\/wp\/v2\/media?parent=38283"}],"wp:term":[{"taxonomy":"product_brand","embeddable":true,"href":"https:\/\/cafesnovell.com\/ca\/wp-json\/wp\/v2\/product_brand?post=38283"},{"taxonomy":"product_cat","embeddable":true,"href":"https:\/\/cafesnovell.com\/ca\/wp-json\/wp\/v2\/product_cat?post=38283"},{"taxonomy":"product_tag","embeddable":true,"href":"https:\/\/cafesnovell.com\/ca\/wp-json\/wp\/v2\/product_tag?post=38283"}],"curies":[{"name":"wp","href":"https:\/\/api.w.org\/{rel}","templated":true}]}}