{"id":37411,"date":"2020-05-02T17:29:33","date_gmt":"2020-05-02T15:29:33","guid":{"rendered":"https:\/\/cafesnovell.com\/?post_type=product&#038;p=37411"},"modified":"2023-11-28T23:00:34","modified_gmt":"2023-11-28T22:00:34","slug":"cafetera-chemex","status":"publish","type":"product","link":"https:\/\/cafesnovell.com\/ca\/producto\/cafetera-chemex\/","title":{"rendered":"Cafetera Chemex Cl\u00e0ssica"},"content":{"rendered":"","protected":false},"excerpt":{"rendered":"<p><span class=\"bold-product\">Propietats Principals:<\/span><br \/>\nConsiderat un objecte de culte dins el m\u00f3n del caf\u00e8, la seva eleg\u00e0ncia visual i simple funcionalitat es combinen per elaborar amb el m\u00e0xim control un caf\u00e8 de filtre d&#8217;exquisit resultat en nom\u00e9s 5 minuts. Disseny i funcionalitat s&#8217;uneixen en aquesta cafetera reconeguda internacionalment. Utilitzada per baristes professionals i amants del bon caf\u00e8.<\/p>\n<p><span class=\"bold-product\">Caracter\u00edstiques:<br \/>\n<\/span>Amb collar de fusta polida i lla\u00e7 de cuir.<br \/>\nSeleccionada per l&#8217;Institut de Tecnologia d&#8217;Illinois com un dels 100 productes millor dissenyats de l&#8217;era moderna.<br \/>\nCapacitat per 880 ml (6 tasses).<\/p>\n","protected":false},"featured_media":37123,"template":"","meta":{"_acf_changed":false,"content-type":""},"product_brand":[],"product_cat":[131,1230],"product_tag":[],"class_list":{"0":"post-37411","1":"product","2":"type-product","3":"status-publish","4":"has-post-thumbnail","6":"product_cat-cafeteres","7":"product_cat-cafeteres-de-filtre","9":"first","10":"instock","11":"taxable","12":"shipping-taxable","13":"purchasable","14":"product-type-simple"},"bundled_by":["85184","101315"],"bundle_stock_status":"instock","bundle_stock_quantity":9,"bundle_virtual":false,"bundle_layout":"","bundle_add_to_cart_form_location":"","bundle_editable_in_cart":false,"bundle_sold_individually_context":"","bundle_item_grouping":"","bundle_min_size":"","bundle_max_size":"","bundle_price":[],"bundled_items":[],"bundle_sell_ids":[],"acf":[],"yoast_head":"<!-- This site is optimized with the Yoast SEO plugin v27.3 - https:\/\/yoast.com\/product\/yoast-seo-wordpress\/ -->\n<title>Cafetera Chemex Cl\u00e0ssica<\/title>\n<meta name=\"description\" content=\"Considerat un objecte de culte en el m\u00f3n del caf\u00e8, la seva eleg\u00e0ncia visual i funcionalitat es combinen per a elaborar un caf\u00e8 exquisit.\" \/>\n<meta name=\"robots\" content=\"index, follow, max-snippet:-1, max-image-preview:large, max-video-preview:-1\" \/>\n<link rel=\"canonical\" href=\"https:\/\/cafesnovell.com\/ca\/producto\/cafetera-chemex\/\" \/>\n<meta property=\"og:locale\" content=\"ca_ES\" \/>\n<meta property=\"og:type\" content=\"article\" \/>\n<meta property=\"og:title\" content=\"Cafetera Chemex Cl\u00e0ssica\" \/>\n<meta property=\"og:description\" content=\"Considerat un objecte de culte en el m\u00f3n del caf\u00e8, la seva eleg\u00e0ncia visual i funcionalitat es combinen per a elaborar un caf\u00e8 exquisit.\" \/>\n<meta property=\"og:url\" content=\"https:\/\/cafesnovell.com\/ca\/producto\/cafetera-chemex\/\" \/>\n<meta property=\"og:site_name\" content=\"Caf\u00e8s Novell\" \/>\n<meta property=\"article:modified_time\" content=\"2023-11-28T22:00:34+00:00\" \/>\n<meta property=\"og:image\" content=\"https:\/\/cafesnovell.com\/wp-content\/uploads\/2020\/04\/chemex-6-cup-collar-madera-web.jpg\" \/>\n\t<meta property=\"og:image:width\" content=\"600\" \/>\n\t<meta property=\"og:image:height\" content=\"600\" \/>\n\t<meta property=\"og:image:type\" content=\"image\/jpeg\" \/>\n<meta name=\"twitter:card\" content=\"summary_large_image\" \/>\n<script type=\"application\/ld+json\" class=\"yoast-schema-graph\">{\"@context\":\"https:\\\/\\\/schema.org\",\"@graph\":[{\"@type\":\"WebPage\",\"@id\":\"https:\\\/\\\/cafesnovell.com\\\/ca\\\/producto\\\/cafetera-chemex\\\/\",\"url\":\"https:\\\/\\\/cafesnovell.com\\\/ca\\\/producto\\\/cafetera-chemex\\\/\",\"name\":\"Cafetera Chemex Cl\u00e0ssica\",\"isPartOf\":{\"@id\":\"https:\\\/\\\/cafesnovell.com\\\/ca\\\/#website\"},\"primaryImageOfPage\":{\"@id\":\"https:\\\/\\\/cafesnovell.com\\\/ca\\\/producto\\\/cafetera-chemex\\\/#primaryimage\"},\"image\":{\"@id\":\"https:\\\/\\\/cafesnovell.com\\\/ca\\\/producto\\\/cafetera-chemex\\\/#primaryimage\"},\"thumbnailUrl\":\"https:\\\/\\\/cafesnovell.com\\\/wp-content\\\/uploads\\\/2020\\\/04\\\/chemex-6-cup-collar-madera-web.jpg\",\"datePublished\":\"2020-05-02T15:29:33+00:00\",\"dateModified\":\"2023-11-28T22:00:34+00:00\",\"description\":\"Considerat un objecte de culte en el m\u00f3n del caf\u00e8, la seva eleg\u00e0ncia visual i funcionalitat es combinen per a elaborar un caf\u00e8 exquisit.\",\"breadcrumb\":{\"@id\":\"https:\\\/\\\/cafesnovell.com\\\/ca\\\/producto\\\/cafetera-chemex\\\/#breadcrumb\"},\"inLanguage\":\"ca\",\"potentialAction\":[{\"@type\":\"ReadAction\",\"target\":[\"https:\\\/\\\/cafesnovell.com\\\/ca\\\/producto\\\/cafetera-chemex\\\/\"]}]},{\"@type\":\"ImageObject\",\"inLanguage\":\"ca\",\"@id\":\"https:\\\/\\\/cafesnovell.com\\\/ca\\\/producto\\\/cafetera-chemex\\\/#primaryimage\",\"url\":\"https:\\\/\\\/cafesnovell.com\\\/wp-content\\\/uploads\\\/2020\\\/04\\\/chemex-6-cup-collar-madera-web.jpg\",\"contentUrl\":\"https:\\\/\\\/cafesnovell.com\\\/wp-content\\\/uploads\\\/2020\\\/04\\\/chemex-6-cup-collar-madera-web.jpg\",\"width\":600,\"height\":600},{\"@type\":\"BreadcrumbList\",\"@id\":\"https:\\\/\\\/cafesnovell.com\\\/ca\\\/producto\\\/cafetera-chemex\\\/#breadcrumb\",\"itemListElement\":[{\"@type\":\"ListItem\",\"position\":1,\"name\":\"Inici\",\"item\":\"https:\\\/\\\/cafesnovell.com\\\/ca\\\/\"},{\"@type\":\"ListItem\",\"position\":2,\"name\":\"Botiga\",\"item\":\"https:\\\/\\\/cafesnovell.com\\\/ca\\\/botiga\\\/\"},{\"@type\":\"ListItem\",\"position\":3,\"name\":\"Cafetera Chemex Cl\u00e0ssica\"}]},{\"@type\":\"WebSite\",\"@id\":\"https:\\\/\\\/cafesnovell.com\\\/ca\\\/#website\",\"url\":\"https:\\\/\\\/cafesnovell.com\\\/ca\\\/\",\"name\":\"Caf\u00e8s Novell\",\"description\":\"Organic Premium Coffee\",\"potentialAction\":[{\"@type\":\"SearchAction\",\"target\":{\"@type\":\"EntryPoint\",\"urlTemplate\":\"https:\\\/\\\/cafesnovell.com\\\/ca\\\/?s={search_term_string}\"},\"query-input\":{\"@type\":\"PropertyValueSpecification\",\"valueRequired\":true,\"valueName\":\"search_term_string\"}}],\"inLanguage\":\"ca\"}]}<\/script>\n<!-- \/ Yoast SEO plugin. -->","yoast_head_json":{"title":"Cafetera Chemex Cl\u00e0ssica","description":"Considerat un objecte de culte en el m\u00f3n del caf\u00e8, la seva eleg\u00e0ncia visual i funcionalitat es combinen per a elaborar un caf\u00e8 exquisit.","robots":{"index":"index","follow":"follow","max-snippet":"max-snippet:-1","max-image-preview":"max-image-preview:large","max-video-preview":"max-video-preview:-1"},"canonical":"https:\/\/cafesnovell.com\/ca\/producto\/cafetera-chemex\/","og_locale":"ca_ES","og_type":"article","og_title":"Cafetera Chemex Cl\u00e0ssica","og_description":"Considerat un objecte de culte en el m\u00f3n del caf\u00e8, la seva eleg\u00e0ncia visual i funcionalitat es combinen per a elaborar un caf\u00e8 exquisit.","og_url":"https:\/\/cafesnovell.com\/ca\/producto\/cafetera-chemex\/","og_site_name":"Caf\u00e8s Novell","article_modified_time":"2023-11-28T22:00:34+00:00","og_image":[{"width":600,"height":600,"url":"https:\/\/cafesnovell.com\/wp-content\/uploads\/2020\/04\/chemex-6-cup-collar-madera-web.jpg","type":"image\/jpeg"}],"twitter_card":"summary_large_image","schema":{"@context":"https:\/\/schema.org","@graph":[{"@type":"WebPage","@id":"https:\/\/cafesnovell.com\/ca\/producto\/cafetera-chemex\/","url":"https:\/\/cafesnovell.com\/ca\/producto\/cafetera-chemex\/","name":"Cafetera Chemex Cl\u00e0ssica","isPartOf":{"@id":"https:\/\/cafesnovell.com\/ca\/#website"},"primaryImageOfPage":{"@id":"https:\/\/cafesnovell.com\/ca\/producto\/cafetera-chemex\/#primaryimage"},"image":{"@id":"https:\/\/cafesnovell.com\/ca\/producto\/cafetera-chemex\/#primaryimage"},"thumbnailUrl":"https:\/\/cafesnovell.com\/wp-content\/uploads\/2020\/04\/chemex-6-cup-collar-madera-web.jpg","datePublished":"2020-05-02T15:29:33+00:00","dateModified":"2023-11-28T22:00:34+00:00","description":"Considerat un objecte de culte en el m\u00f3n del caf\u00e8, la seva eleg\u00e0ncia visual i funcionalitat es combinen per a elaborar un caf\u00e8 exquisit.","breadcrumb":{"@id":"https:\/\/cafesnovell.com\/ca\/producto\/cafetera-chemex\/#breadcrumb"},"inLanguage":"ca","potentialAction":[{"@type":"ReadAction","target":["https:\/\/cafesnovell.com\/ca\/producto\/cafetera-chemex\/"]}]},{"@type":"ImageObject","inLanguage":"ca","@id":"https:\/\/cafesnovell.com\/ca\/producto\/cafetera-chemex\/#primaryimage","url":"https:\/\/cafesnovell.com\/wp-content\/uploads\/2020\/04\/chemex-6-cup-collar-madera-web.jpg","contentUrl":"https:\/\/cafesnovell.com\/wp-content\/uploads\/2020\/04\/chemex-6-cup-collar-madera-web.jpg","width":600,"height":600},{"@type":"BreadcrumbList","@id":"https:\/\/cafesnovell.com\/ca\/producto\/cafetera-chemex\/#breadcrumb","itemListElement":[{"@type":"ListItem","position":1,"name":"Inici","item":"https:\/\/cafesnovell.com\/ca\/"},{"@type":"ListItem","position":2,"name":"Botiga","item":"https:\/\/cafesnovell.com\/ca\/botiga\/"},{"@type":"ListItem","position":3,"name":"Cafetera Chemex Cl\u00e0ssica"}]},{"@type":"WebSite","@id":"https:\/\/cafesnovell.com\/ca\/#website","url":"https:\/\/cafesnovell.com\/ca\/","name":"Caf\u00e8s Novell","description":"Organic Premium Coffee","potentialAction":[{"@type":"SearchAction","target":{"@type":"EntryPoint","urlTemplate":"https:\/\/cafesnovell.com\/ca\/?s={search_term_string}"},"query-input":{"@type":"PropertyValueSpecification","valueRequired":true,"valueName":"search_term_string"}}],"inLanguage":"ca"}]}},"df_price":48,"df_sale_price":"","df_regular_price":48,"df_image_link":"https:\/\/cafesnovell.com\/wp-content\/uploads\/2020\/04\/chemex-6-cup-collar-madera-web-300x300.jpg","_links":{"self":[{"href":"https:\/\/cafesnovell.com\/ca\/wp-json\/wp\/v2\/product\/37411","targetHints":{"allow":["GET"]}}],"collection":[{"href":"https:\/\/cafesnovell.com\/ca\/wp-json\/wp\/v2\/product"}],"about":[{"href":"https:\/\/cafesnovell.com\/ca\/wp-json\/wp\/v2\/types\/product"}],"wp:featuredmedia":[{"embeddable":true,"href":"https:\/\/cafesnovell.com\/ca\/wp-json\/wp\/v2\/media\/37123"}],"wp:attachment":[{"href":"https:\/\/cafesnovell.com\/ca\/wp-json\/wp\/v2\/media?parent=37411"}],"wp:term":[{"taxonomy":"product_brand","embeddable":true,"href":"https:\/\/cafesnovell.com\/ca\/wp-json\/wp\/v2\/product_brand?post=37411"},{"taxonomy":"product_cat","embeddable":true,"href":"https:\/\/cafesnovell.com\/ca\/wp-json\/wp\/v2\/product_cat?post=37411"},{"taxonomy":"product_tag","embeddable":true,"href":"https:\/\/cafesnovell.com\/ca\/wp-json\/wp\/v2\/product_tag?post=37411"}],"curies":[{"name":"wp","href":"https:\/\/api.w.org\/{rel}","templated":true}]}}