{"id":36795,"date":"2020-04-28T19:19:36","date_gmt":"2020-04-28T18:19:36","guid":{"rendered":"https:\/\/cafesnovell.com\/?post_type=product&#038;p=36795"},"modified":"2023-02-06T17:16:26","modified_gmt":"2023-02-06T16:16:26","slug":"moka-bialetti-rainbow-vermella","status":"publish","type":"product","link":"https:\/\/cafesnovell.com\/ca\/producto\/moka-bialetti-rainbow-vermella\/","title":{"rendered":"Cafetera Moka Bialetti"},"content":{"rendered":"","protected":false},"excerpt":{"rendered":"<p><span class=\"bold-product\">Propietats Principals:<\/span><br \/>\nCl\u00e0ssica cafetera per casa, model Bialetti Rainbow en color Vermell (capacitat per 1 o 6 tasses, segons selecci\u00f3). Amb un color vermell que li donar\u00e0 alegria a la teva cuina, a m\u00e9s de fer un caf\u00e8 amb aut\u00e8ntic gust itali\u00e0.<\/p>\n<p><span class=\"bold-product\">Caracter\u00edstiques:<\/span><br \/>\nApta per les cuines de gas, vitrocer\u00e0mica i el\u00e8ctriques.<br \/>\nV\u00e0lvula de seguretat patentada per Bialetti.<br \/>\nFabricada en alumini.<\/p>\n","protected":false},"featured_media":88266,"template":"","meta":{"_acf_changed":false,"content-type":""},"product_brand":[],"product_cat":[131,1226],"product_tag":[],"class_list":{"0":"post-36795","1":"product","2":"type-product","3":"status-publish","4":"has-post-thumbnail","6":"product_cat-cafeteres","7":"product_cat-cafeteres-italianes","9":"first","10":"outofstock","11":"taxable","12":"shipping-taxable","13":"purchasable","14":"product-type-variable"},"bundled_by":[],"bundle_stock_status":"outofstock","bundle_stock_quantity":null,"bundle_virtual":false,"bundle_layout":"","bundle_add_to_cart_form_location":"","bundle_editable_in_cart":false,"bundle_sold_individually_context":"","bundle_item_grouping":"","bundle_min_size":"","bundle_max_size":"","bundle_price":[],"bundled_items":[],"bundle_sell_ids":[],"acf":[],"yoast_head":"<!-- This site is optimized with the Yoast SEO plugin v27.3 - https:\/\/yoast.com\/product\/yoast-seo-wordpress\/ -->\n<title>Cafetera Moka Bialetti<\/title>\n<meta name=\"description\" content=\"Cafetera Bialetti model Rainbow Color vermell\" \/>\n<meta name=\"robots\" content=\"index, follow, max-snippet:-1, max-image-preview:large, max-video-preview:-1\" \/>\n<link rel=\"canonical\" href=\"https:\/\/cafesnovell.com\/ca\/producto\/moka-bialetti-rainbow-vermella\/\" \/>\n<meta property=\"og:locale\" content=\"ca_ES\" \/>\n<meta property=\"og:type\" content=\"article\" \/>\n<meta property=\"og:title\" content=\"Cafetera Moka Bialetti\" \/>\n<meta property=\"og:description\" content=\"Cafetera Bialetti model Rainbow Color vermell\" \/>\n<meta property=\"og:url\" content=\"https:\/\/cafesnovell.com\/ca\/producto\/moka-bialetti-rainbow-vermella\/\" \/>\n<meta property=\"og:site_name\" content=\"Caf\u00e8s Novell\" \/>\n<meta property=\"article:modified_time\" content=\"2023-02-06T16:16:26+00:00\" \/>\n<meta property=\"og:image\" content=\"https:\/\/cafesnovell.com\/wp-content\/uploads\/2020\/04\/bialetti-rainbow-red-6c-web.jpg\" \/>\n\t<meta property=\"og:image:width\" content=\"600\" \/>\n\t<meta property=\"og:image:height\" content=\"600\" \/>\n\t<meta property=\"og:image:type\" content=\"image\/jpeg\" \/>\n<meta name=\"twitter:card\" content=\"summary_large_image\" \/>\n<script type=\"application\/ld+json\" class=\"yoast-schema-graph\">{\"@context\":\"https:\\\/\\\/schema.org\",\"@graph\":[{\"@type\":\"WebPage\",\"@id\":\"https:\\\/\\\/cafesnovell.com\\\/ca\\\/producto\\\/moka-bialetti-rainbow-vermella\\\/\",\"url\":\"https:\\\/\\\/cafesnovell.com\\\/ca\\\/producto\\\/moka-bialetti-rainbow-vermella\\\/\",\"name\":\"Cafetera Moka Bialetti\",\"isPartOf\":{\"@id\":\"https:\\\/\\\/cafesnovell.com\\\/ca\\\/#website\"},\"primaryImageOfPage\":{\"@id\":\"https:\\\/\\\/cafesnovell.com\\\/ca\\\/producto\\\/moka-bialetti-rainbow-vermella\\\/#primaryimage\"},\"image\":{\"@id\":\"https:\\\/\\\/cafesnovell.com\\\/ca\\\/producto\\\/moka-bialetti-rainbow-vermella\\\/#primaryimage\"},\"thumbnailUrl\":\"https:\\\/\\\/cafesnovell.com\\\/wp-content\\\/uploads\\\/2020\\\/04\\\/bialetti-express-negra-6-tazas_600x600.jpg\",\"datePublished\":\"2020-04-28T18:19:36+00:00\",\"dateModified\":\"2023-02-06T16:16:26+00:00\",\"description\":\"Cafetera Bialetti model Rainbow Color vermell\",\"breadcrumb\":{\"@id\":\"https:\\\/\\\/cafesnovell.com\\\/ca\\\/producto\\\/moka-bialetti-rainbow-vermella\\\/#breadcrumb\"},\"inLanguage\":\"ca\",\"potentialAction\":[{\"@type\":\"ReadAction\",\"target\":[\"https:\\\/\\\/cafesnovell.com\\\/ca\\\/producto\\\/moka-bialetti-rainbow-vermella\\\/\"]}]},{\"@type\":\"ImageObject\",\"inLanguage\":\"ca\",\"@id\":\"https:\\\/\\\/cafesnovell.com\\\/ca\\\/producto\\\/moka-bialetti-rainbow-vermella\\\/#primaryimage\",\"url\":\"https:\\\/\\\/cafesnovell.com\\\/wp-content\\\/uploads\\\/2020\\\/04\\\/bialetti-express-negra-6-tazas_600x600.jpg\",\"contentUrl\":\"https:\\\/\\\/cafesnovell.com\\\/wp-content\\\/uploads\\\/2020\\\/04\\\/bialetti-express-negra-6-tazas_600x600.jpg\",\"width\":600,\"height\":600},{\"@type\":\"BreadcrumbList\",\"@id\":\"https:\\\/\\\/cafesnovell.com\\\/ca\\\/producto\\\/moka-bialetti-rainbow-vermella\\\/#breadcrumb\",\"itemListElement\":[{\"@type\":\"ListItem\",\"position\":1,\"name\":\"Inici\",\"item\":\"https:\\\/\\\/cafesnovell.com\\\/ca\\\/\"},{\"@type\":\"ListItem\",\"position\":2,\"name\":\"Botiga\",\"item\":\"https:\\\/\\\/cafesnovell.com\\\/ca\\\/botiga\\\/\"},{\"@type\":\"ListItem\",\"position\":3,\"name\":\"Cafetera Moka Bialetti\"}]},{\"@type\":\"WebSite\",\"@id\":\"https:\\\/\\\/cafesnovell.com\\\/ca\\\/#website\",\"url\":\"https:\\\/\\\/cafesnovell.com\\\/ca\\\/\",\"name\":\"Caf\u00e8s Novell\",\"description\":\"Organic Premium Coffee\",\"potentialAction\":[{\"@type\":\"SearchAction\",\"target\":{\"@type\":\"EntryPoint\",\"urlTemplate\":\"https:\\\/\\\/cafesnovell.com\\\/ca\\\/?s={search_term_string}\"},\"query-input\":{\"@type\":\"PropertyValueSpecification\",\"valueRequired\":true,\"valueName\":\"search_term_string\"}}],\"inLanguage\":\"ca\"}]}<\/script>\n<!-- \/ Yoast SEO plugin. -->","yoast_head_json":{"title":"Cafetera Moka Bialetti","description":"Cafetera Bialetti model Rainbow Color vermell","robots":{"index":"index","follow":"follow","max-snippet":"max-snippet:-1","max-image-preview":"max-image-preview:large","max-video-preview":"max-video-preview:-1"},"canonical":"https:\/\/cafesnovell.com\/ca\/producto\/moka-bialetti-rainbow-vermella\/","og_locale":"ca_ES","og_type":"article","og_title":"Cafetera Moka Bialetti","og_description":"Cafetera Bialetti model Rainbow Color vermell","og_url":"https:\/\/cafesnovell.com\/ca\/producto\/moka-bialetti-rainbow-vermella\/","og_site_name":"Caf\u00e8s Novell","article_modified_time":"2023-02-06T16:16:26+00:00","og_image":[{"width":600,"height":600,"url":"https:\/\/cafesnovell.com\/wp-content\/uploads\/2020\/04\/bialetti-rainbow-red-6c-web.jpg","type":"image\/jpeg"}],"twitter_card":"summary_large_image","schema":{"@context":"https:\/\/schema.org","@graph":[{"@type":"WebPage","@id":"https:\/\/cafesnovell.com\/ca\/producto\/moka-bialetti-rainbow-vermella\/","url":"https:\/\/cafesnovell.com\/ca\/producto\/moka-bialetti-rainbow-vermella\/","name":"Cafetera Moka Bialetti","isPartOf":{"@id":"https:\/\/cafesnovell.com\/ca\/#website"},"primaryImageOfPage":{"@id":"https:\/\/cafesnovell.com\/ca\/producto\/moka-bialetti-rainbow-vermella\/#primaryimage"},"image":{"@id":"https:\/\/cafesnovell.com\/ca\/producto\/moka-bialetti-rainbow-vermella\/#primaryimage"},"thumbnailUrl":"https:\/\/cafesnovell.com\/wp-content\/uploads\/2020\/04\/bialetti-express-negra-6-tazas_600x600.jpg","datePublished":"2020-04-28T18:19:36+00:00","dateModified":"2023-02-06T16:16:26+00:00","description":"Cafetera Bialetti model Rainbow Color vermell","breadcrumb":{"@id":"https:\/\/cafesnovell.com\/ca\/producto\/moka-bialetti-rainbow-vermella\/#breadcrumb"},"inLanguage":"ca","potentialAction":[{"@type":"ReadAction","target":["https:\/\/cafesnovell.com\/ca\/producto\/moka-bialetti-rainbow-vermella\/"]}]},{"@type":"ImageObject","inLanguage":"ca","@id":"https:\/\/cafesnovell.com\/ca\/producto\/moka-bialetti-rainbow-vermella\/#primaryimage","url":"https:\/\/cafesnovell.com\/wp-content\/uploads\/2020\/04\/bialetti-express-negra-6-tazas_600x600.jpg","contentUrl":"https:\/\/cafesnovell.com\/wp-content\/uploads\/2020\/04\/bialetti-express-negra-6-tazas_600x600.jpg","width":600,"height":600},{"@type":"BreadcrumbList","@id":"https:\/\/cafesnovell.com\/ca\/producto\/moka-bialetti-rainbow-vermella\/#breadcrumb","itemListElement":[{"@type":"ListItem","position":1,"name":"Inici","item":"https:\/\/cafesnovell.com\/ca\/"},{"@type":"ListItem","position":2,"name":"Botiga","item":"https:\/\/cafesnovell.com\/ca\/botiga\/"},{"@type":"ListItem","position":3,"name":"Cafetera Moka Bialetti"}]},{"@type":"WebSite","@id":"https:\/\/cafesnovell.com\/ca\/#website","url":"https:\/\/cafesnovell.com\/ca\/","name":"Caf\u00e8s Novell","description":"Organic Premium Coffee","potentialAction":[{"@type":"SearchAction","target":{"@type":"EntryPoint","urlTemplate":"https:\/\/cafesnovell.com\/ca\/?s={search_term_string}"},"query-input":{"@type":"PropertyValueSpecification","valueRequired":true,"valueName":"search_term_string"}}],"inLanguage":"ca"}]}},"df_price":39.9,"df_sale_price":"","df_regular_price":39.9,"df_image_link":"https:\/\/cafesnovell.com\/wp-content\/uploads\/2020\/04\/bialetti-express-negra-6-tazas_600x600-300x300.jpg","_links":{"self":[{"href":"https:\/\/cafesnovell.com\/ca\/wp-json\/wp\/v2\/product\/36795","targetHints":{"allow":["GET"]}}],"collection":[{"href":"https:\/\/cafesnovell.com\/ca\/wp-json\/wp\/v2\/product"}],"about":[{"href":"https:\/\/cafesnovell.com\/ca\/wp-json\/wp\/v2\/types\/product"}],"wp:featuredmedia":[{"embeddable":true,"href":"https:\/\/cafesnovell.com\/ca\/wp-json\/wp\/v2\/media\/88266"}],"wp:attachment":[{"href":"https:\/\/cafesnovell.com\/ca\/wp-json\/wp\/v2\/media?parent=36795"}],"wp:term":[{"taxonomy":"product_brand","embeddable":true,"href":"https:\/\/cafesnovell.com\/ca\/wp-json\/wp\/v2\/product_brand?post=36795"},{"taxonomy":"product_cat","embeddable":true,"href":"https:\/\/cafesnovell.com\/ca\/wp-json\/wp\/v2\/product_cat?post=36795"},{"taxonomy":"product_tag","embeddable":true,"href":"https:\/\/cafesnovell.com\/ca\/wp-json\/wp\/v2\/product_tag?post=36795"}],"curies":[{"name":"wp","href":"https:\/\/api.w.org\/{rel}","templated":true}]}}