{"id":34691,"date":"2020-03-27T15:17:04","date_gmt":"2020-03-27T14:17:04","guid":{"rendered":"https:\/\/cafesnovell.com\/?post_type=product&#038;p=34691"},"modified":"2024-09-20T14:12:34","modified_gmt":"2024-09-20T12:12:34","slug":"cafe-molt-cremoso-residu-0","status":"publish","type":"product","link":"https:\/\/cafesnovell.com\/ca\/producto\/cafe-molt-cremoso-residu-0\/","title":{"rendered":"Caf\u00e8 M\u00f2lt Cremoso Zero Waste (250 g)"},"content":{"rendered":"","protected":false},"excerpt":{"rendered":"<p>Caf\u00e8 org\u00e0nic m\u00f2lt de torrat natural, amb env\u00e0s 100% compostable (bossa i v\u00e0lvula).<\/p>\n<p>La varietat Cremoso presenta una composici\u00f3 d\u2019intensitat i cremositat persistent fins a l\u2019\u00faltim glop. Un espresso que ens omple de cafe\u00efna, vigor, for\u00e7a i energia, amb aromes de cedre i camamilla i notes en boca de pa torrat, cacauets i regal\u00e8ssia.<\/p>\n<p>La tassa perfecta per combinacions amb llet.<\/p>\n<p>Disponible en format en gra o m\u00f2lt.<\/p>\n","protected":false},"featured_media":87976,"template":"","meta":{"_acf_changed":false,"content-type":""},"product_brand":[],"product_cat":[2521,116,123,2574],"product_tag":[],"class_list":{"0":"post-34691","1":"product","2":"type-product","3":"status-publish","4":"has-post-thumbnail","6":"product_cat-cafe-molt-novell-go","7":"product_cat-cafes-ca","8":"product_cat-molt","9":"product_cat-productes-organics","11":"first","12":"instock","13":"taxable","14":"shipping-taxable","15":"purchasable","16":"product-type-simple"},"bundled_by":[],"bundle_stock_status":"instock","bundle_stock_quantity":null,"bundle_virtual":false,"bundle_layout":"","bundle_add_to_cart_form_location":"","bundle_editable_in_cart":false,"bundle_sold_individually_context":"","bundle_item_grouping":"","bundle_min_size":"","bundle_max_size":"","bundle_price":[],"bundled_items":[],"bundle_sell_ids":[],"acf":[],"yoast_head":"<!-- This site is optimized with the Yoast SEO plugin v27.3 - https:\/\/yoast.com\/product\/yoast-seo-wordpress\/ -->\n<title>Caf\u00e9 molido Cremoso Residuo 0: 100% org\u00e1nico y compostable<\/title>\n<meta name=\"description\" content=\"Caf\u00e9 molido Cremoso org\u00e1nico, con envase 100% compostable (bolsa y v\u00e1lvula).\u00a0Para los que quieran empezar bien el d\u00eda con un buen caf\u00e9 con leche.\" \/>\n<meta name=\"robots\" content=\"index, follow, max-snippet:-1, max-image-preview:large, max-video-preview:-1\" \/>\n<link rel=\"canonical\" href=\"https:\/\/cafesnovell.com\/ca\/producto\/cafe-molt-cremoso-residu-0\/\" \/>\n<meta property=\"og:locale\" content=\"ca_ES\" \/>\n<meta property=\"og:type\" content=\"article\" \/>\n<meta property=\"og:title\" content=\"Caf\u00e9 molido Cremoso Residuo 0: 100% org\u00e1nico y compostable\" \/>\n<meta property=\"og:description\" content=\"Caf\u00e9 molido Cremoso org\u00e1nico, con envase 100% compostable (bolsa y v\u00e1lvula).\u00a0Para los que quieran empezar bien el d\u00eda con un buen caf\u00e9 con leche.\" \/>\n<meta property=\"og:url\" content=\"https:\/\/cafesnovell.com\/ca\/producto\/cafe-molt-cremoso-residu-0\/\" \/>\n<meta property=\"og:site_name\" content=\"Caf\u00e8s Novell\" \/>\n<meta property=\"article:modified_time\" content=\"2024-09-20T12:12:34+00:00\" \/>\n<meta property=\"og:image\" content=\"https:\/\/cafesnovell.com\/wp-content\/uploads\/2020\/03\/zero-waste_film_cremoso_molido.jpg\" \/>\n\t<meta property=\"og:image:width\" content=\"600\" \/>\n\t<meta property=\"og:image:height\" content=\"600\" \/>\n\t<meta property=\"og:image:type\" content=\"image\/jpeg\" \/>\n<meta name=\"twitter:card\" content=\"summary_large_image\" \/>\n<meta name=\"twitter:label1\" content=\"Temps estimat de lectura\" \/>\n\t<meta name=\"twitter:data1\" content=\"1 minut\" \/>\n<script type=\"application\/ld+json\" class=\"yoast-schema-graph\">{\"@context\":\"https:\\\/\\\/schema.org\",\"@graph\":[{\"@type\":\"WebPage\",\"@id\":\"https:\\\/\\\/cafesnovell.com\\\/ca\\\/producto\\\/cafe-molt-cremoso-residu-0\\\/\",\"url\":\"https:\\\/\\\/cafesnovell.com\\\/ca\\\/producto\\\/cafe-molt-cremoso-residu-0\\\/\",\"name\":\"Caf\u00e9 molido Cremoso Residuo 0: 100% org\u00e1nico y compostable\",\"isPartOf\":{\"@id\":\"https:\\\/\\\/cafesnovell.com\\\/ca\\\/#website\"},\"primaryImageOfPage\":{\"@id\":\"https:\\\/\\\/cafesnovell.com\\\/ca\\\/producto\\\/cafe-molt-cremoso-residu-0\\\/#primaryimage\"},\"image\":{\"@id\":\"https:\\\/\\\/cafesnovell.com\\\/ca\\\/producto\\\/cafe-molt-cremoso-residu-0\\\/#primaryimage\"},\"thumbnailUrl\":\"https:\\\/\\\/cafesnovell.com\\\/wp-content\\\/uploads\\\/2020\\\/03\\\/zero-waste_film_cremoso_molido.jpg\",\"datePublished\":\"2020-03-27T14:17:04+00:00\",\"dateModified\":\"2024-09-20T12:12:34+00:00\",\"description\":\"Caf\u00e9 molido Cremoso org\u00e1nico, con envase 100% compostable (bolsa y v\u00e1lvula).\u00a0Para los que quieran empezar bien el d\u00eda con un buen caf\u00e9 con leche.\",\"breadcrumb\":{\"@id\":\"https:\\\/\\\/cafesnovell.com\\\/ca\\\/producto\\\/cafe-molt-cremoso-residu-0\\\/#breadcrumb\"},\"inLanguage\":\"ca\",\"potentialAction\":[{\"@type\":\"ReadAction\",\"target\":[\"https:\\\/\\\/cafesnovell.com\\\/ca\\\/producto\\\/cafe-molt-cremoso-residu-0\\\/\"]}]},{\"@type\":\"ImageObject\",\"inLanguage\":\"ca\",\"@id\":\"https:\\\/\\\/cafesnovell.com\\\/ca\\\/producto\\\/cafe-molt-cremoso-residu-0\\\/#primaryimage\",\"url\":\"https:\\\/\\\/cafesnovell.com\\\/wp-content\\\/uploads\\\/2020\\\/03\\\/zero-waste_film_cremoso_molido.jpg\",\"contentUrl\":\"https:\\\/\\\/cafesnovell.com\\\/wp-content\\\/uploads\\\/2020\\\/03\\\/zero-waste_film_cremoso_molido.jpg\",\"width\":600,\"height\":600},{\"@type\":\"BreadcrumbList\",\"@id\":\"https:\\\/\\\/cafesnovell.com\\\/ca\\\/producto\\\/cafe-molt-cremoso-residu-0\\\/#breadcrumb\",\"itemListElement\":[{\"@type\":\"ListItem\",\"position\":1,\"name\":\"Inici\",\"item\":\"https:\\\/\\\/cafesnovell.com\\\/ca\\\/\"},{\"@type\":\"ListItem\",\"position\":2,\"name\":\"Botiga\",\"item\":\"https:\\\/\\\/cafesnovell.com\\\/ca\\\/botiga\\\/\"},{\"@type\":\"ListItem\",\"position\":3,\"name\":\"Caf\u00e8 M\u00f2lt Cremoso Zero Waste (250 g)\"}]},{\"@type\":\"WebSite\",\"@id\":\"https:\\\/\\\/cafesnovell.com\\\/ca\\\/#website\",\"url\":\"https:\\\/\\\/cafesnovell.com\\\/ca\\\/\",\"name\":\"Caf\u00e8s Novell\",\"description\":\"Organic Premium Coffee\",\"potentialAction\":[{\"@type\":\"SearchAction\",\"target\":{\"@type\":\"EntryPoint\",\"urlTemplate\":\"https:\\\/\\\/cafesnovell.com\\\/ca\\\/?s={search_term_string}\"},\"query-input\":{\"@type\":\"PropertyValueSpecification\",\"valueRequired\":true,\"valueName\":\"search_term_string\"}}],\"inLanguage\":\"ca\"}]}<\/script>\n<!-- \/ Yoast SEO plugin. -->","yoast_head_json":{"title":"Caf\u00e9 molido Cremoso Residuo 0: 100% org\u00e1nico y compostable","description":"Caf\u00e9 molido Cremoso org\u00e1nico, con envase 100% compostable (bolsa y v\u00e1lvula).\u00a0Para los que quieran empezar bien el d\u00eda con un buen caf\u00e9 con leche.","robots":{"index":"index","follow":"follow","max-snippet":"max-snippet:-1","max-image-preview":"max-image-preview:large","max-video-preview":"max-video-preview:-1"},"canonical":"https:\/\/cafesnovell.com\/ca\/producto\/cafe-molt-cremoso-residu-0\/","og_locale":"ca_ES","og_type":"article","og_title":"Caf\u00e9 molido Cremoso Residuo 0: 100% org\u00e1nico y compostable","og_description":"Caf\u00e9 molido Cremoso org\u00e1nico, con envase 100% compostable (bolsa y v\u00e1lvula).\u00a0Para los que quieran empezar bien el d\u00eda con un buen caf\u00e9 con leche.","og_url":"https:\/\/cafesnovell.com\/ca\/producto\/cafe-molt-cremoso-residu-0\/","og_site_name":"Caf\u00e8s Novell","article_modified_time":"2024-09-20T12:12:34+00:00","og_image":[{"width":600,"height":600,"url":"https:\/\/cafesnovell.com\/wp-content\/uploads\/2020\/03\/zero-waste_film_cremoso_molido.jpg","type":"image\/jpeg"}],"twitter_card":"summary_large_image","twitter_misc":{"Temps estimat de lectura":"1 minut"},"schema":{"@context":"https:\/\/schema.org","@graph":[{"@type":"WebPage","@id":"https:\/\/cafesnovell.com\/ca\/producto\/cafe-molt-cremoso-residu-0\/","url":"https:\/\/cafesnovell.com\/ca\/producto\/cafe-molt-cremoso-residu-0\/","name":"Caf\u00e9 molido Cremoso Residuo 0: 100% org\u00e1nico y compostable","isPartOf":{"@id":"https:\/\/cafesnovell.com\/ca\/#website"},"primaryImageOfPage":{"@id":"https:\/\/cafesnovell.com\/ca\/producto\/cafe-molt-cremoso-residu-0\/#primaryimage"},"image":{"@id":"https:\/\/cafesnovell.com\/ca\/producto\/cafe-molt-cremoso-residu-0\/#primaryimage"},"thumbnailUrl":"https:\/\/cafesnovell.com\/wp-content\/uploads\/2020\/03\/zero-waste_film_cremoso_molido.jpg","datePublished":"2020-03-27T14:17:04+00:00","dateModified":"2024-09-20T12:12:34+00:00","description":"Caf\u00e9 molido Cremoso org\u00e1nico, con envase 100% compostable (bolsa y v\u00e1lvula).\u00a0Para los que quieran empezar bien el d\u00eda con un buen caf\u00e9 con leche.","breadcrumb":{"@id":"https:\/\/cafesnovell.com\/ca\/producto\/cafe-molt-cremoso-residu-0\/#breadcrumb"},"inLanguage":"ca","potentialAction":[{"@type":"ReadAction","target":["https:\/\/cafesnovell.com\/ca\/producto\/cafe-molt-cremoso-residu-0\/"]}]},{"@type":"ImageObject","inLanguage":"ca","@id":"https:\/\/cafesnovell.com\/ca\/producto\/cafe-molt-cremoso-residu-0\/#primaryimage","url":"https:\/\/cafesnovell.com\/wp-content\/uploads\/2020\/03\/zero-waste_film_cremoso_molido.jpg","contentUrl":"https:\/\/cafesnovell.com\/wp-content\/uploads\/2020\/03\/zero-waste_film_cremoso_molido.jpg","width":600,"height":600},{"@type":"BreadcrumbList","@id":"https:\/\/cafesnovell.com\/ca\/producto\/cafe-molt-cremoso-residu-0\/#breadcrumb","itemListElement":[{"@type":"ListItem","position":1,"name":"Inici","item":"https:\/\/cafesnovell.com\/ca\/"},{"@type":"ListItem","position":2,"name":"Botiga","item":"https:\/\/cafesnovell.com\/ca\/botiga\/"},{"@type":"ListItem","position":3,"name":"Caf\u00e8 M\u00f2lt Cremoso Zero Waste (250 g)"}]},{"@type":"WebSite","@id":"https:\/\/cafesnovell.com\/ca\/#website","url":"https:\/\/cafesnovell.com\/ca\/","name":"Caf\u00e8s Novell","description":"Organic Premium Coffee","potentialAction":[{"@type":"SearchAction","target":{"@type":"EntryPoint","urlTemplate":"https:\/\/cafesnovell.com\/ca\/?s={search_term_string}"},"query-input":{"@type":"PropertyValueSpecification","valueRequired":true,"valueName":"search_term_string"}}],"inLanguage":"ca"}]}},"df_price":5.45,"df_sale_price":"","df_regular_price":5.45,"df_image_link":"https:\/\/cafesnovell.com\/wp-content\/uploads\/2020\/03\/zero-waste_film_cremoso_molido-300x300.jpg","_links":{"self":[{"href":"https:\/\/cafesnovell.com\/ca\/wp-json\/wp\/v2\/product\/34691","targetHints":{"allow":["GET"]}}],"collection":[{"href":"https:\/\/cafesnovell.com\/ca\/wp-json\/wp\/v2\/product"}],"about":[{"href":"https:\/\/cafesnovell.com\/ca\/wp-json\/wp\/v2\/types\/product"}],"wp:featuredmedia":[{"embeddable":true,"href":"https:\/\/cafesnovell.com\/ca\/wp-json\/wp\/v2\/media\/87976"}],"wp:attachment":[{"href":"https:\/\/cafesnovell.com\/ca\/wp-json\/wp\/v2\/media?parent=34691"}],"wp:term":[{"taxonomy":"product_brand","embeddable":true,"href":"https:\/\/cafesnovell.com\/ca\/wp-json\/wp\/v2\/product_brand?post=34691"},{"taxonomy":"product_cat","embeddable":true,"href":"https:\/\/cafesnovell.com\/ca\/wp-json\/wp\/v2\/product_cat?post=34691"},{"taxonomy":"product_tag","embeddable":true,"href":"https:\/\/cafesnovell.com\/ca\/wp-json\/wp\/v2\/product_tag?post=34691"}],"curies":[{"name":"wp","href":"https:\/\/api.w.org\/{rel}","templated":true}]}}