{"id":111259,"date":"2025-07-02T12:44:11","date_gmt":"2025-07-02T10:44:11","guid":{"rendered":"https:\/\/cafesnovell.com\/?post_type=product&#038;p=111259"},"modified":"2025-08-28T12:52:54","modified_gmt":"2025-08-28T10:52:54","slug":"capsules-novell-professional-biodegradables-intenso-copia-copia","status":"publish","type":"product","link":"https:\/\/cafesnovell.com\/ca\/producto\/capsules-novell-professional-biodegradables-intenso-copia-copia\/","title":{"rendered":"C\u00e0psules PRO Compostables &#8211; Decaffeinato (50 uds)"},"content":{"rendered":"","protected":false},"excerpt":{"rendered":"<p data-start=\"95\" data-end=\"140\">C\u00e0psules Compostables Novell Professional<\/p>\n<p data-start=\"142\" data-end=\"360\">La varietat Decaffeinato proporciona un blend molt equilibrat, amb tot l\u2019aroma i la personalitat d\u2019un gran caf\u00e8 per\u00f2 sense cafe\u00efna. Amb notes c\u00edtriques i florals, \u00e9s perfecte per gaudir-ne a qualsevol hora del dia.<\/p>\n","protected":false},"featured_media":111247,"template":"","meta":{"_acf_changed":false,"content-type":""},"product_brand":[],"product_cat":[116,120,2574],"product_tag":[],"class_list":{"0":"post-111259","1":"product","2":"type-product","3":"status-publish","4":"has-post-thumbnail","6":"product_cat-cafes-ca","7":"product_cat-capsules-pro","8":"product_cat-productes-organics","10":"first","11":"instock","12":"taxable","13":"shipping-taxable","14":"purchasable","15":"product-type-simple"},"bundled_by":[],"bundle_stock_status":"instock","bundle_stock_quantity":null,"bundle_virtual":false,"bundle_layout":"","bundle_add_to_cart_form_location":"","bundle_editable_in_cart":false,"bundle_sold_individually_context":"","bundle_item_grouping":"","bundle_min_size":"","bundle_max_size":"","bundle_price":[],"bundled_items":[],"bundle_sell_ids":[],"acf":[],"yoast_head":"<!-- This site is optimized with the Yoast SEO plugin v27.3 - https:\/\/yoast.com\/product\/yoast-seo-wordpress\/ -->\n<title>C\u00e0psules PRO Compostables - Decaffeinato (50 uds) - Caf\u00e8s Novell<\/title>\n<meta name=\"description\" content=\"La variedad Intenso presenta un blend con cuerpo, de larga persistencia en boca, aroma ligero y sabor intenso. Proporciona un toque de acidez que perdura en el paladar de forma persistente y agradable, con aromas caramelizados y tostados. Para los amantes del caf\u00e9 intenso, especialmente recomendado para Ristretto y Espresso.\" \/>\n<meta name=\"robots\" content=\"index, follow, max-snippet:-1, max-image-preview:large, max-video-preview:-1\" \/>\n<link rel=\"canonical\" href=\"https:\/\/cafesnovell.com\/ca\/producto\/capsules-novell-professional-biodegradables-intenso-copia-copia\/\" \/>\n<meta property=\"og:locale\" content=\"ca_ES\" \/>\n<meta property=\"og:type\" content=\"article\" \/>\n<meta property=\"og:title\" content=\"C\u00e0psules PRO Compostables - Decaffeinato (50 uds) - Caf\u00e8s Novell\" \/>\n<meta property=\"og:description\" content=\"La variedad Intenso presenta un blend con cuerpo, de larga persistencia en boca, aroma ligero y sabor intenso. Proporciona un toque de acidez que perdura en el paladar de forma persistente y agradable, con aromas caramelizados y tostados. Para los amantes del caf\u00e9 intenso, especialmente recomendado para Ristretto y Espresso.\" \/>\n<meta property=\"og:url\" content=\"https:\/\/cafesnovell.com\/ca\/producto\/capsules-novell-professional-biodegradables-intenso-copia-copia\/\" \/>\n<meta property=\"og:site_name\" content=\"Caf\u00e8s Novell\" \/>\n<meta property=\"article:modified_time\" content=\"2025-08-28T10:52:54+00:00\" \/>\n<meta property=\"og:image\" content=\"https:\/\/cafesnovell.com\/wp-content\/uploads\/2025\/07\/pack_50_capsules_pro_decaffeinato_esq_low_res.jpg\" \/>\n\t<meta property=\"og:image:width\" content=\"1600\" \/>\n\t<meta property=\"og:image:height\" content=\"1600\" \/>\n\t<meta property=\"og:image:type\" content=\"image\/jpeg\" \/>\n<meta name=\"twitter:card\" content=\"summary_large_image\" \/>\n<meta name=\"twitter:label1\" content=\"Temps estimat de lectura\" \/>\n\t<meta name=\"twitter:data1\" content=\"1 minut\" \/>\n<script type=\"application\/ld+json\" class=\"yoast-schema-graph\">{\"@context\":\"https:\\\/\\\/schema.org\",\"@graph\":[{\"@type\":\"WebPage\",\"@id\":\"https:\\\/\\\/cafesnovell.com\\\/ca\\\/producto\\\/capsules-novell-professional-biodegradables-intenso-copia-copia\\\/\",\"url\":\"https:\\\/\\\/cafesnovell.com\\\/ca\\\/producto\\\/capsules-novell-professional-biodegradables-intenso-copia-copia\\\/\",\"name\":\"C\u00e0psules PRO Compostables - Decaffeinato (50 uds) - Caf\u00e8s Novell\",\"isPartOf\":{\"@id\":\"https:\\\/\\\/cafesnovell.com\\\/ca\\\/#website\"},\"primaryImageOfPage\":{\"@id\":\"https:\\\/\\\/cafesnovell.com\\\/ca\\\/producto\\\/capsules-novell-professional-biodegradables-intenso-copia-copia\\\/#primaryimage\"},\"image\":{\"@id\":\"https:\\\/\\\/cafesnovell.com\\\/ca\\\/producto\\\/capsules-novell-professional-biodegradables-intenso-copia-copia\\\/#primaryimage\"},\"thumbnailUrl\":\"https:\\\/\\\/cafesnovell.com\\\/wp-content\\\/uploads\\\/2025\\\/07\\\/pack_50_capsules_pro_decaffeinato_esq_low_res.jpg\",\"datePublished\":\"2025-07-02T10:44:11+00:00\",\"dateModified\":\"2025-08-28T10:52:54+00:00\",\"description\":\"La variedad Intenso presenta un blend con cuerpo, de larga persistencia en boca, aroma ligero y sabor intenso. Proporciona un toque de acidez que perdura en el paladar de forma persistente y agradable, con aromas caramelizados y tostados. Para los amantes del caf\u00e9 intenso, especialmente recomendado para Ristretto y Espresso.\",\"breadcrumb\":{\"@id\":\"https:\\\/\\\/cafesnovell.com\\\/ca\\\/producto\\\/capsules-novell-professional-biodegradables-intenso-copia-copia\\\/#breadcrumb\"},\"inLanguage\":\"ca\",\"potentialAction\":[{\"@type\":\"ReadAction\",\"target\":[\"https:\\\/\\\/cafesnovell.com\\\/ca\\\/producto\\\/capsules-novell-professional-biodegradables-intenso-copia-copia\\\/\"]}]},{\"@type\":\"ImageObject\",\"inLanguage\":\"ca\",\"@id\":\"https:\\\/\\\/cafesnovell.com\\\/ca\\\/producto\\\/capsules-novell-professional-biodegradables-intenso-copia-copia\\\/#primaryimage\",\"url\":\"https:\\\/\\\/cafesnovell.com\\\/wp-content\\\/uploads\\\/2025\\\/07\\\/pack_50_capsules_pro_decaffeinato_esq_low_res.jpg\",\"contentUrl\":\"https:\\\/\\\/cafesnovell.com\\\/wp-content\\\/uploads\\\/2025\\\/07\\\/pack_50_capsules_pro_decaffeinato_esq_low_res.jpg\",\"width\":1600,\"height\":1600},{\"@type\":\"BreadcrumbList\",\"@id\":\"https:\\\/\\\/cafesnovell.com\\\/ca\\\/producto\\\/capsules-novell-professional-biodegradables-intenso-copia-copia\\\/#breadcrumb\",\"itemListElement\":[{\"@type\":\"ListItem\",\"position\":1,\"name\":\"Inici\",\"item\":\"https:\\\/\\\/cafesnovell.com\\\/ca\\\/\"},{\"@type\":\"ListItem\",\"position\":2,\"name\":\"Botiga\",\"item\":\"https:\\\/\\\/cafesnovell.com\\\/ca\\\/botiga\\\/\"},{\"@type\":\"ListItem\",\"position\":3,\"name\":\"C\u00e0psules PRO Compostables &#8211; Decaffeinato (50 uds)\"}]},{\"@type\":\"WebSite\",\"@id\":\"https:\\\/\\\/cafesnovell.com\\\/ca\\\/#website\",\"url\":\"https:\\\/\\\/cafesnovell.com\\\/ca\\\/\",\"name\":\"Caf\u00e8s Novell\",\"description\":\"Organic Premium Coffee\",\"potentialAction\":[{\"@type\":\"SearchAction\",\"target\":{\"@type\":\"EntryPoint\",\"urlTemplate\":\"https:\\\/\\\/cafesnovell.com\\\/ca\\\/?s={search_term_string}\"},\"query-input\":{\"@type\":\"PropertyValueSpecification\",\"valueRequired\":true,\"valueName\":\"search_term_string\"}}],\"inLanguage\":\"ca\"}]}<\/script>\n<!-- \/ Yoast SEO plugin. -->","yoast_head_json":{"title":"C\u00e0psules PRO Compostables - Decaffeinato (50 uds) - Caf\u00e8s Novell","description":"La variedad Intenso presenta un blend con cuerpo, de larga persistencia en boca, aroma ligero y sabor intenso. Proporciona un toque de acidez que perdura en el paladar de forma persistente y agradable, con aromas caramelizados y tostados. Para los amantes del caf\u00e9 intenso, especialmente recomendado para Ristretto y Espresso.","robots":{"index":"index","follow":"follow","max-snippet":"max-snippet:-1","max-image-preview":"max-image-preview:large","max-video-preview":"max-video-preview:-1"},"canonical":"https:\/\/cafesnovell.com\/ca\/producto\/capsules-novell-professional-biodegradables-intenso-copia-copia\/","og_locale":"ca_ES","og_type":"article","og_title":"C\u00e0psules PRO Compostables - Decaffeinato (50 uds) - Caf\u00e8s Novell","og_description":"La variedad Intenso presenta un blend con cuerpo, de larga persistencia en boca, aroma ligero y sabor intenso. Proporciona un toque de acidez que perdura en el paladar de forma persistente y agradable, con aromas caramelizados y tostados. Para los amantes del caf\u00e9 intenso, especialmente recomendado para Ristretto y Espresso.","og_url":"https:\/\/cafesnovell.com\/ca\/producto\/capsules-novell-professional-biodegradables-intenso-copia-copia\/","og_site_name":"Caf\u00e8s Novell","article_modified_time":"2025-08-28T10:52:54+00:00","og_image":[{"width":1600,"height":1600,"url":"https:\/\/cafesnovell.com\/wp-content\/uploads\/2025\/07\/pack_50_capsules_pro_decaffeinato_esq_low_res.jpg","type":"image\/jpeg"}],"twitter_card":"summary_large_image","twitter_misc":{"Temps estimat de lectura":"1 minut"},"schema":{"@context":"https:\/\/schema.org","@graph":[{"@type":"WebPage","@id":"https:\/\/cafesnovell.com\/ca\/producto\/capsules-novell-professional-biodegradables-intenso-copia-copia\/","url":"https:\/\/cafesnovell.com\/ca\/producto\/capsules-novell-professional-biodegradables-intenso-copia-copia\/","name":"C\u00e0psules PRO Compostables - Decaffeinato (50 uds) - Caf\u00e8s Novell","isPartOf":{"@id":"https:\/\/cafesnovell.com\/ca\/#website"},"primaryImageOfPage":{"@id":"https:\/\/cafesnovell.com\/ca\/producto\/capsules-novell-professional-biodegradables-intenso-copia-copia\/#primaryimage"},"image":{"@id":"https:\/\/cafesnovell.com\/ca\/producto\/capsules-novell-professional-biodegradables-intenso-copia-copia\/#primaryimage"},"thumbnailUrl":"https:\/\/cafesnovell.com\/wp-content\/uploads\/2025\/07\/pack_50_capsules_pro_decaffeinato_esq_low_res.jpg","datePublished":"2025-07-02T10:44:11+00:00","dateModified":"2025-08-28T10:52:54+00:00","description":"La variedad Intenso presenta un blend con cuerpo, de larga persistencia en boca, aroma ligero y sabor intenso. Proporciona un toque de acidez que perdura en el paladar de forma persistente y agradable, con aromas caramelizados y tostados. Para los amantes del caf\u00e9 intenso, especialmente recomendado para Ristretto y Espresso.","breadcrumb":{"@id":"https:\/\/cafesnovell.com\/ca\/producto\/capsules-novell-professional-biodegradables-intenso-copia-copia\/#breadcrumb"},"inLanguage":"ca","potentialAction":[{"@type":"ReadAction","target":["https:\/\/cafesnovell.com\/ca\/producto\/capsules-novell-professional-biodegradables-intenso-copia-copia\/"]}]},{"@type":"ImageObject","inLanguage":"ca","@id":"https:\/\/cafesnovell.com\/ca\/producto\/capsules-novell-professional-biodegradables-intenso-copia-copia\/#primaryimage","url":"https:\/\/cafesnovell.com\/wp-content\/uploads\/2025\/07\/pack_50_capsules_pro_decaffeinato_esq_low_res.jpg","contentUrl":"https:\/\/cafesnovell.com\/wp-content\/uploads\/2025\/07\/pack_50_capsules_pro_decaffeinato_esq_low_res.jpg","width":1600,"height":1600},{"@type":"BreadcrumbList","@id":"https:\/\/cafesnovell.com\/ca\/producto\/capsules-novell-professional-biodegradables-intenso-copia-copia\/#breadcrumb","itemListElement":[{"@type":"ListItem","position":1,"name":"Inici","item":"https:\/\/cafesnovell.com\/ca\/"},{"@type":"ListItem","position":2,"name":"Botiga","item":"https:\/\/cafesnovell.com\/ca\/botiga\/"},{"@type":"ListItem","position":3,"name":"C\u00e0psules PRO Compostables &#8211; Decaffeinato (50 uds)"}]},{"@type":"WebSite","@id":"https:\/\/cafesnovell.com\/ca\/#website","url":"https:\/\/cafesnovell.com\/ca\/","name":"Caf\u00e8s Novell","description":"Organic Premium Coffee","potentialAction":[{"@type":"SearchAction","target":{"@type":"EntryPoint","urlTemplate":"https:\/\/cafesnovell.com\/ca\/?s={search_term_string}"},"query-input":{"@type":"PropertyValueSpecification","valueRequired":true,"valueName":"search_term_string"}}],"inLanguage":"ca"}]}},"df_price":22.55,"df_sale_price":"","df_regular_price":22.55,"df_image_link":"https:\/\/cafesnovell.com\/wp-content\/uploads\/2025\/07\/pack_50_capsules_pro_decaffeinato_esq_low_res-300x300.jpg","_links":{"self":[{"href":"https:\/\/cafesnovell.com\/ca\/wp-json\/wp\/v2\/product\/111259","targetHints":{"allow":["GET"]}}],"collection":[{"href":"https:\/\/cafesnovell.com\/ca\/wp-json\/wp\/v2\/product"}],"about":[{"href":"https:\/\/cafesnovell.com\/ca\/wp-json\/wp\/v2\/types\/product"}],"wp:featuredmedia":[{"embeddable":true,"href":"https:\/\/cafesnovell.com\/ca\/wp-json\/wp\/v2\/media\/111247"}],"wp:attachment":[{"href":"https:\/\/cafesnovell.com\/ca\/wp-json\/wp\/v2\/media?parent=111259"}],"wp:term":[{"taxonomy":"product_brand","embeddable":true,"href":"https:\/\/cafesnovell.com\/ca\/wp-json\/wp\/v2\/product_brand?post=111259"},{"taxonomy":"product_cat","embeddable":true,"href":"https:\/\/cafesnovell.com\/ca\/wp-json\/wp\/v2\/product_cat?post=111259"},{"taxonomy":"product_tag","embeddable":true,"href":"https:\/\/cafesnovell.com\/ca\/wp-json\/wp\/v2\/product_tag?post=111259"}],"curies":[{"name":"wp","href":"https:\/\/api.w.org\/{rel}","templated":true}]}}