{"id":10348,"date":"2019-10-02T14:18:19","date_gmt":"2019-10-02T14:18:19","guid":{"rendered":"https:\/\/cafesnovell.com\/producto\/pai-mu-tan\/"},"modified":"2021-08-10T12:20:10","modified_gmt":"2021-08-10T10:20:10","slug":"pai-mu-tan","status":"publish","type":"product","link":"https:\/\/cafesnovell.com\/ca\/producto\/pai-mu-tan\/","title":{"rendered":"Pai Mu Tan (75g)"},"content":{"rendered":"<p><span class=\"bold-product\">Propietats Principals:<\/span><br \/>\nMillora la circulaci\u00f3 i actua com a prevenci\u00f3 contra la diabetis i la pressi\u00f3 alta.<\/p>\n<p><span class=\"bold-product\">Recomanacions de consum:<\/span><br \/>\nIdeal per a prendre tot el dia.<\/p>\n<p><span class=\"bold-product\">Origen i caracter\u00edstiques:<\/span><br \/>\nProcedent de la prov\u00edncia xina de Fujian, la seva planta es coneix com \u201cwhite Peony\u201d. Vitam\u00ednic i activador de les defenses amb propietats rejovenidores gr\u00e0cies al seu alt contingut en polifenols. De color ambre i sabor molt suau, t\u00e9 molta aroma i un baix contingut en te\u00efna.<\/p>\n<p><span class=\"bold-product\">Format:<\/span><br \/>\nBossa de 75 grs.<\/p>\n","protected":false},"excerpt":{"rendered":"<p>Procedent de la prov\u00edncia xina de Fujian, la seva planta es coneix com \u201cwhite Peony\u201d. Vitam\u00ednic i activador de les defenses amb propietats rejovenidores gr\u00e0cies al seu alt contingut en polifenols. De color ambre i sabor molt suau, t\u00e9 molta aroma i un baix contingut en te\u00efna.<\/p>\n","protected":false},"featured_media":5296,"template":"","meta":{"_acf_changed":false,"content-type":""},"product_brand":[],"product_cat":[127,126],"product_tag":[],"class_list":{"0":"post-10348","1":"product","2":"type-product","3":"status-publish","4":"has-post-thumbnail","6":"product_cat-granel-ca","7":"product_cat-tes-i-infusions","9":"first","10":"outofstock","11":"taxable","12":"shipping-taxable","13":"purchasable","14":"product-type-simple"},"bundled_by":[],"bundle_stock_status":"outofstock","bundle_stock_quantity":null,"bundle_virtual":false,"bundle_layout":"","bundle_add_to_cart_form_location":"","bundle_editable_in_cart":false,"bundle_sold_individually_context":"","bundle_item_grouping":"","bundle_min_size":"","bundle_max_size":"","bundle_price":[],"bundled_items":[],"bundle_sell_ids":[],"acf":[],"yoast_head":"<!-- This site is optimized with the Yoast SEO plugin v27.3 - https:\/\/yoast.com\/product\/yoast-seo-wordpress\/ -->\n<title>Pai Mu Tan (75g) - Caf\u00e8s Novell<\/title>\n<meta name=\"description\" content=\"Mejora la circulaci\u00f3n y prev\u00e9 la diabetes y la tensi\u00f3n alta. Su planta es conocida con el nombre de &quot;white Peony&quot; y procede de la provincia Xina de Fujian.\u00a0De color \u00e1mbar y sabor muy suave, tiene mucho aroma y un bajo contenido en teina y es un gran activador de las defensas\" \/>\n<meta name=\"robots\" content=\"index, follow, max-snippet:-1, max-image-preview:large, max-video-preview:-1\" \/>\n<link rel=\"canonical\" href=\"https:\/\/cafesnovell.com\/ca\/producto\/pai-mu-tan\/\" \/>\n<meta property=\"og:locale\" content=\"ca_ES\" \/>\n<meta property=\"og:type\" content=\"article\" \/>\n<meta property=\"og:title\" content=\"Pai Mu Tan (75g) - Caf\u00e8s Novell\" \/>\n<meta property=\"og:description\" content=\"Mejora la circulaci\u00f3n y prev\u00e9 la diabetes y la tensi\u00f3n alta. Su planta es conocida con el nombre de &quot;white Peony&quot; y procede de la provincia Xina de Fujian.\u00a0De color \u00e1mbar y sabor muy suave, tiene mucho aroma y un bajo contenido en teina y es un gran activador de las defensas\" \/>\n<meta property=\"og:url\" content=\"https:\/\/cafesnovell.com\/ca\/producto\/pai-mu-tan\/\" \/>\n<meta property=\"og:site_name\" content=\"Caf\u00e8s Novell\" \/>\n<meta property=\"article:modified_time\" content=\"2021-08-10T10:20:10+00:00\" \/>\n<meta property=\"og:image\" content=\"https:\/\/cafesnovell.com\/wp-content\/uploads\/2019\/10\/0622.jpg\" \/>\n\t<meta property=\"og:image:width\" content=\"600\" \/>\n\t<meta property=\"og:image:height\" content=\"600\" \/>\n\t<meta property=\"og:image:type\" content=\"image\/jpeg\" \/>\n<meta name=\"twitter:card\" content=\"summary_large_image\" \/>\n<script type=\"application\/ld+json\" class=\"yoast-schema-graph\">{\"@context\":\"https:\\\/\\\/schema.org\",\"@graph\":[{\"@type\":\"WebPage\",\"@id\":\"https:\\\/\\\/cafesnovell.com\\\/ca\\\/producto\\\/pai-mu-tan\\\/\",\"url\":\"https:\\\/\\\/cafesnovell.com\\\/ca\\\/producto\\\/pai-mu-tan\\\/\",\"name\":\"Pai Mu Tan (75g) - Caf\u00e8s Novell\",\"isPartOf\":{\"@id\":\"https:\\\/\\\/cafesnovell.com\\\/ca\\\/#website\"},\"primaryImageOfPage\":{\"@id\":\"https:\\\/\\\/cafesnovell.com\\\/ca\\\/producto\\\/pai-mu-tan\\\/#primaryimage\"},\"image\":{\"@id\":\"https:\\\/\\\/cafesnovell.com\\\/ca\\\/producto\\\/pai-mu-tan\\\/#primaryimage\"},\"thumbnailUrl\":\"https:\\\/\\\/cafesnovell.com\\\/wp-content\\\/uploads\\\/2019\\\/10\\\/0622.jpg\",\"datePublished\":\"2019-10-02T14:18:19+00:00\",\"dateModified\":\"2021-08-10T10:20:10+00:00\",\"description\":\"Mejora la circulaci\u00f3n y prev\u00e9 la diabetes y la tensi\u00f3n alta. Su planta es conocida con el nombre de \\\"white Peony\\\" y procede de la provincia Xina de Fujian.\u00a0De color \u00e1mbar y sabor muy suave, tiene mucho aroma y un bajo contenido en teina y es un gran activador de las defensas\",\"breadcrumb\":{\"@id\":\"https:\\\/\\\/cafesnovell.com\\\/ca\\\/producto\\\/pai-mu-tan\\\/#breadcrumb\"},\"inLanguage\":\"ca\",\"potentialAction\":[{\"@type\":\"ReadAction\",\"target\":[\"https:\\\/\\\/cafesnovell.com\\\/ca\\\/producto\\\/pai-mu-tan\\\/\"]}]},{\"@type\":\"ImageObject\",\"inLanguage\":\"ca\",\"@id\":\"https:\\\/\\\/cafesnovell.com\\\/ca\\\/producto\\\/pai-mu-tan\\\/#primaryimage\",\"url\":\"https:\\\/\\\/cafesnovell.com\\\/wp-content\\\/uploads\\\/2019\\\/10\\\/0622.jpg\",\"contentUrl\":\"https:\\\/\\\/cafesnovell.com\\\/wp-content\\\/uploads\\\/2019\\\/10\\\/0622.jpg\",\"width\":600,\"height\":600,\"caption\":\"Herbal & Teas Pai Mu Tan\"},{\"@type\":\"BreadcrumbList\",\"@id\":\"https:\\\/\\\/cafesnovell.com\\\/ca\\\/producto\\\/pai-mu-tan\\\/#breadcrumb\",\"itemListElement\":[{\"@type\":\"ListItem\",\"position\":1,\"name\":\"Inici\",\"item\":\"https:\\\/\\\/cafesnovell.com\\\/ca\\\/\"},{\"@type\":\"ListItem\",\"position\":2,\"name\":\"Botiga\",\"item\":\"https:\\\/\\\/cafesnovell.com\\\/ca\\\/botiga\\\/\"},{\"@type\":\"ListItem\",\"position\":3,\"name\":\"Pai Mu Tan (75g)\"}]},{\"@type\":\"WebSite\",\"@id\":\"https:\\\/\\\/cafesnovell.com\\\/ca\\\/#website\",\"url\":\"https:\\\/\\\/cafesnovell.com\\\/ca\\\/\",\"name\":\"Caf\u00e8s Novell\",\"description\":\"Organic Premium Coffee\",\"potentialAction\":[{\"@type\":\"SearchAction\",\"target\":{\"@type\":\"EntryPoint\",\"urlTemplate\":\"https:\\\/\\\/cafesnovell.com\\\/ca\\\/?s={search_term_string}\"},\"query-input\":{\"@type\":\"PropertyValueSpecification\",\"valueRequired\":true,\"valueName\":\"search_term_string\"}}],\"inLanguage\":\"ca\"}]}<\/script>\n<!-- \/ Yoast SEO plugin. -->","yoast_head_json":{"title":"Pai Mu Tan (75g) - Caf\u00e8s Novell","description":"Mejora la circulaci\u00f3n y prev\u00e9 la diabetes y la tensi\u00f3n alta. Su planta es conocida con el nombre de \"white Peony\" y procede de la provincia Xina de Fujian.\u00a0De color \u00e1mbar y sabor muy suave, tiene mucho aroma y un bajo contenido en teina y es un gran activador de las defensas","robots":{"index":"index","follow":"follow","max-snippet":"max-snippet:-1","max-image-preview":"max-image-preview:large","max-video-preview":"max-video-preview:-1"},"canonical":"https:\/\/cafesnovell.com\/ca\/producto\/pai-mu-tan\/","og_locale":"ca_ES","og_type":"article","og_title":"Pai Mu Tan (75g) - Caf\u00e8s Novell","og_description":"Mejora la circulaci\u00f3n y prev\u00e9 la diabetes y la tensi\u00f3n alta. Su planta es conocida con el nombre de \"white Peony\" y procede de la provincia Xina de Fujian.\u00a0De color \u00e1mbar y sabor muy suave, tiene mucho aroma y un bajo contenido en teina y es un gran activador de las defensas","og_url":"https:\/\/cafesnovell.com\/ca\/producto\/pai-mu-tan\/","og_site_name":"Caf\u00e8s Novell","article_modified_time":"2021-08-10T10:20:10+00:00","og_image":[{"width":600,"height":600,"url":"https:\/\/cafesnovell.com\/wp-content\/uploads\/2019\/10\/0622.jpg","type":"image\/jpeg"}],"twitter_card":"summary_large_image","schema":{"@context":"https:\/\/schema.org","@graph":[{"@type":"WebPage","@id":"https:\/\/cafesnovell.com\/ca\/producto\/pai-mu-tan\/","url":"https:\/\/cafesnovell.com\/ca\/producto\/pai-mu-tan\/","name":"Pai Mu Tan (75g) - Caf\u00e8s Novell","isPartOf":{"@id":"https:\/\/cafesnovell.com\/ca\/#website"},"primaryImageOfPage":{"@id":"https:\/\/cafesnovell.com\/ca\/producto\/pai-mu-tan\/#primaryimage"},"image":{"@id":"https:\/\/cafesnovell.com\/ca\/producto\/pai-mu-tan\/#primaryimage"},"thumbnailUrl":"https:\/\/cafesnovell.com\/wp-content\/uploads\/2019\/10\/0622.jpg","datePublished":"2019-10-02T14:18:19+00:00","dateModified":"2021-08-10T10:20:10+00:00","description":"Mejora la circulaci\u00f3n y prev\u00e9 la diabetes y la tensi\u00f3n alta. Su planta es conocida con el nombre de \"white Peony\" y procede de la provincia Xina de Fujian.\u00a0De color \u00e1mbar y sabor muy suave, tiene mucho aroma y un bajo contenido en teina y es un gran activador de las defensas","breadcrumb":{"@id":"https:\/\/cafesnovell.com\/ca\/producto\/pai-mu-tan\/#breadcrumb"},"inLanguage":"ca","potentialAction":[{"@type":"ReadAction","target":["https:\/\/cafesnovell.com\/ca\/producto\/pai-mu-tan\/"]}]},{"@type":"ImageObject","inLanguage":"ca","@id":"https:\/\/cafesnovell.com\/ca\/producto\/pai-mu-tan\/#primaryimage","url":"https:\/\/cafesnovell.com\/wp-content\/uploads\/2019\/10\/0622.jpg","contentUrl":"https:\/\/cafesnovell.com\/wp-content\/uploads\/2019\/10\/0622.jpg","width":600,"height":600,"caption":"Herbal & Teas Pai Mu Tan"},{"@type":"BreadcrumbList","@id":"https:\/\/cafesnovell.com\/ca\/producto\/pai-mu-tan\/#breadcrumb","itemListElement":[{"@type":"ListItem","position":1,"name":"Inici","item":"https:\/\/cafesnovell.com\/ca\/"},{"@type":"ListItem","position":2,"name":"Botiga","item":"https:\/\/cafesnovell.com\/ca\/botiga\/"},{"@type":"ListItem","position":3,"name":"Pai Mu Tan (75g)"}]},{"@type":"WebSite","@id":"https:\/\/cafesnovell.com\/ca\/#website","url":"https:\/\/cafesnovell.com\/ca\/","name":"Caf\u00e8s Novell","description":"Organic Premium Coffee","potentialAction":[{"@type":"SearchAction","target":{"@type":"EntryPoint","urlTemplate":"https:\/\/cafesnovell.com\/ca\/?s={search_term_string}"},"query-input":{"@type":"PropertyValueSpecification","valueRequired":true,"valueName":"search_term_string"}}],"inLanguage":"ca"}]}},"df_price":7,"df_sale_price":"","df_regular_price":7,"df_image_link":"https:\/\/cafesnovell.com\/wp-content\/uploads\/2019\/10\/0622-300x300.jpg","_links":{"self":[{"href":"https:\/\/cafesnovell.com\/ca\/wp-json\/wp\/v2\/product\/10348","targetHints":{"allow":["GET"]}}],"collection":[{"href":"https:\/\/cafesnovell.com\/ca\/wp-json\/wp\/v2\/product"}],"about":[{"href":"https:\/\/cafesnovell.com\/ca\/wp-json\/wp\/v2\/types\/product"}],"wp:featuredmedia":[{"embeddable":true,"href":"https:\/\/cafesnovell.com\/ca\/wp-json\/wp\/v2\/media\/5296"}],"wp:attachment":[{"href":"https:\/\/cafesnovell.com\/ca\/wp-json\/wp\/v2\/media?parent=10348"}],"wp:term":[{"taxonomy":"product_brand","embeddable":true,"href":"https:\/\/cafesnovell.com\/ca\/wp-json\/wp\/v2\/product_brand?post=10348"},{"taxonomy":"product_cat","embeddable":true,"href":"https:\/\/cafesnovell.com\/ca\/wp-json\/wp\/v2\/product_cat?post=10348"},{"taxonomy":"product_tag","embeddable":true,"href":"https:\/\/cafesnovell.com\/ca\/wp-json\/wp\/v2\/product_tag?post=10348"}],"curies":[{"name":"wp","href":"https:\/\/api.w.org\/{rel}","templated":true}]}}