{"id":10340,"date":"2019-10-02T14:18:21","date_gmt":"2019-10-02T14:18:21","guid":{"rendered":"https:\/\/cafesnovell.com\/producto\/camamilla\/"},"modified":"2021-08-10T12:13:22","modified_gmt":"2021-08-10T10:13:22","slug":"camamilla","status":"publish","type":"product","link":"https:\/\/cafesnovell.com\/ca\/producto\/camamilla\/","title":{"rendered":"Camamilla (70g)"},"content":{"rendered":"<p><span class=\"bold-product\">Propietats Principals:<\/span><br \/>\nInfusi\u00f3 digestiva, calmant i tonificant.<\/p>\n<p><span class=\"bold-product\">Recomanacions de consum:<\/span><br \/>\nGran remei per a qualsevol moment.<\/p>\n<p><span class=\"bold-product\">Origen i caracter\u00edstiques:<\/span><br \/>\nFlors senceres, seleccionades a m\u00e0. En \u00fas extern, antis\u00e8ptic i antiinflamatori. Connotacions de flor seca dol\u00e7a.<\/p>\n<p><span class=\"bold-product\">Format:<\/span><br \/>\nBossa de 70 grs.<\/p>\n","protected":false},"excerpt":{"rendered":"<p>Flors senceres, seleccionades a m\u00e0. En infusi\u00f3, digestiva, calmant i tonificant. En \u00fas extern, antis\u00e8ptic i antiinflamatori. Connotacions de flor seca dol\u00e7a.<\/p>\n","protected":false},"featured_media":5336,"template":"","meta":{"_acf_changed":false,"content-type":""},"product_brand":[],"product_cat":[126,127],"product_tag":[],"class_list":{"0":"post-10340","1":"product","2":"type-product","3":"status-publish","4":"has-post-thumbnail","6":"product_cat-tes-i-infusions","7":"product_cat-granel-ca","9":"first","10":"outofstock","11":"taxable","12":"shipping-taxable","13":"purchasable","14":"product-type-simple"},"bundled_by":[],"bundle_stock_status":"outofstock","bundle_stock_quantity":null,"bundle_virtual":false,"bundle_layout":"","bundle_add_to_cart_form_location":"","bundle_editable_in_cart":false,"bundle_sold_individually_context":"","bundle_item_grouping":"","bundle_min_size":"","bundle_max_size":"","bundle_price":[],"bundled_items":[],"bundle_sell_ids":[],"acf":[],"yoast_head":"<!-- This site is optimized with the Yoast SEO plugin v27.3 - https:\/\/yoast.com\/product\/yoast-seo-wordpress\/ -->\n<title>Camamilla (70g) - Caf\u00e8s Novell<\/title>\n<meta name=\"description\" content=\"Infusi\u00f3n digestiva, calmante y tonificante. Flores enteras, seleccionadas a mano. En uso externo, antis\u00e9ptico y antiinflamatorio.\" \/>\n<meta name=\"robots\" content=\"index, follow, max-snippet:-1, max-image-preview:large, max-video-preview:-1\" \/>\n<link rel=\"canonical\" href=\"https:\/\/cafesnovell.com\/ca\/producto\/camamilla\/\" \/>\n<meta property=\"og:locale\" content=\"ca_ES\" \/>\n<meta property=\"og:type\" content=\"article\" \/>\n<meta property=\"og:title\" content=\"Camamilla (70g) - Caf\u00e8s Novell\" \/>\n<meta property=\"og:description\" content=\"Infusi\u00f3n digestiva, calmante y tonificante. Flores enteras, seleccionadas a mano. En uso externo, antis\u00e9ptico y antiinflamatorio.\" \/>\n<meta property=\"og:url\" content=\"https:\/\/cafesnovell.com\/ca\/producto\/camamilla\/\" \/>\n<meta property=\"og:site_name\" content=\"Caf\u00e8s Novell\" \/>\n<meta property=\"article:modified_time\" content=\"2021-08-10T10:13:22+00:00\" \/>\n<meta property=\"og:image\" content=\"https:\/\/cafesnovell.com\/wp-content\/uploads\/2019\/10\/0630.jpg\" \/>\n\t<meta property=\"og:image:width\" content=\"600\" \/>\n\t<meta property=\"og:image:height\" content=\"600\" \/>\n\t<meta property=\"og:image:type\" content=\"image\/jpeg\" \/>\n<meta name=\"twitter:card\" content=\"summary_large_image\" \/>\n<script type=\"application\/ld+json\" class=\"yoast-schema-graph\">{\"@context\":\"https:\\\/\\\/schema.org\",\"@graph\":[{\"@type\":\"WebPage\",\"@id\":\"https:\\\/\\\/cafesnovell.com\\\/ca\\\/producto\\\/camamilla\\\/\",\"url\":\"https:\\\/\\\/cafesnovell.com\\\/ca\\\/producto\\\/camamilla\\\/\",\"name\":\"Camamilla (70g) - Caf\u00e8s Novell\",\"isPartOf\":{\"@id\":\"https:\\\/\\\/cafesnovell.com\\\/ca\\\/#website\"},\"primaryImageOfPage\":{\"@id\":\"https:\\\/\\\/cafesnovell.com\\\/ca\\\/producto\\\/camamilla\\\/#primaryimage\"},\"image\":{\"@id\":\"https:\\\/\\\/cafesnovell.com\\\/ca\\\/producto\\\/camamilla\\\/#primaryimage\"},\"thumbnailUrl\":\"https:\\\/\\\/cafesnovell.com\\\/wp-content\\\/uploads\\\/2019\\\/10\\\/0630.jpg\",\"datePublished\":\"2019-10-02T14:18:21+00:00\",\"dateModified\":\"2021-08-10T10:13:22+00:00\",\"description\":\"Infusi\u00f3n digestiva, calmante y tonificante. Flores enteras, seleccionadas a mano. En uso externo, antis\u00e9ptico y antiinflamatorio.\",\"breadcrumb\":{\"@id\":\"https:\\\/\\\/cafesnovell.com\\\/ca\\\/producto\\\/camamilla\\\/#breadcrumb\"},\"inLanguage\":\"ca\",\"potentialAction\":[{\"@type\":\"ReadAction\",\"target\":[\"https:\\\/\\\/cafesnovell.com\\\/ca\\\/producto\\\/camamilla\\\/\"]}]},{\"@type\":\"ImageObject\",\"inLanguage\":\"ca\",\"@id\":\"https:\\\/\\\/cafesnovell.com\\\/ca\\\/producto\\\/camamilla\\\/#primaryimage\",\"url\":\"https:\\\/\\\/cafesnovell.com\\\/wp-content\\\/uploads\\\/2019\\\/10\\\/0630.jpg\",\"contentUrl\":\"https:\\\/\\\/cafesnovell.com\\\/wp-content\\\/uploads\\\/2019\\\/10\\\/0630.jpg\",\"width\":600,\"height\":600,\"caption\":\"herbal & teas granel camamilla\"},{\"@type\":\"BreadcrumbList\",\"@id\":\"https:\\\/\\\/cafesnovell.com\\\/ca\\\/producto\\\/camamilla\\\/#breadcrumb\",\"itemListElement\":[{\"@type\":\"ListItem\",\"position\":1,\"name\":\"Inici\",\"item\":\"https:\\\/\\\/cafesnovell.com\\\/ca\\\/\"},{\"@type\":\"ListItem\",\"position\":2,\"name\":\"Botiga\",\"item\":\"https:\\\/\\\/cafesnovell.com\\\/ca\\\/botiga\\\/\"},{\"@type\":\"ListItem\",\"position\":3,\"name\":\"Camamilla (70g)\"}]},{\"@type\":\"WebSite\",\"@id\":\"https:\\\/\\\/cafesnovell.com\\\/ca\\\/#website\",\"url\":\"https:\\\/\\\/cafesnovell.com\\\/ca\\\/\",\"name\":\"Caf\u00e8s Novell\",\"description\":\"Organic Premium Coffee\",\"potentialAction\":[{\"@type\":\"SearchAction\",\"target\":{\"@type\":\"EntryPoint\",\"urlTemplate\":\"https:\\\/\\\/cafesnovell.com\\\/ca\\\/?s={search_term_string}\"},\"query-input\":{\"@type\":\"PropertyValueSpecification\",\"valueRequired\":true,\"valueName\":\"search_term_string\"}}],\"inLanguage\":\"ca\"}]}<\/script>\n<!-- \/ Yoast SEO plugin. -->","yoast_head_json":{"title":"Camamilla (70g) - Caf\u00e8s Novell","description":"Infusi\u00f3n digestiva, calmante y tonificante. Flores enteras, seleccionadas a mano. En uso externo, antis\u00e9ptico y antiinflamatorio.","robots":{"index":"index","follow":"follow","max-snippet":"max-snippet:-1","max-image-preview":"max-image-preview:large","max-video-preview":"max-video-preview:-1"},"canonical":"https:\/\/cafesnovell.com\/ca\/producto\/camamilla\/","og_locale":"ca_ES","og_type":"article","og_title":"Camamilla (70g) - Caf\u00e8s Novell","og_description":"Infusi\u00f3n digestiva, calmante y tonificante. Flores enteras, seleccionadas a mano. En uso externo, antis\u00e9ptico y antiinflamatorio.","og_url":"https:\/\/cafesnovell.com\/ca\/producto\/camamilla\/","og_site_name":"Caf\u00e8s Novell","article_modified_time":"2021-08-10T10:13:22+00:00","og_image":[{"width":600,"height":600,"url":"https:\/\/cafesnovell.com\/wp-content\/uploads\/2019\/10\/0630.jpg","type":"image\/jpeg"}],"twitter_card":"summary_large_image","schema":{"@context":"https:\/\/schema.org","@graph":[{"@type":"WebPage","@id":"https:\/\/cafesnovell.com\/ca\/producto\/camamilla\/","url":"https:\/\/cafesnovell.com\/ca\/producto\/camamilla\/","name":"Camamilla (70g) - Caf\u00e8s Novell","isPartOf":{"@id":"https:\/\/cafesnovell.com\/ca\/#website"},"primaryImageOfPage":{"@id":"https:\/\/cafesnovell.com\/ca\/producto\/camamilla\/#primaryimage"},"image":{"@id":"https:\/\/cafesnovell.com\/ca\/producto\/camamilla\/#primaryimage"},"thumbnailUrl":"https:\/\/cafesnovell.com\/wp-content\/uploads\/2019\/10\/0630.jpg","datePublished":"2019-10-02T14:18:21+00:00","dateModified":"2021-08-10T10:13:22+00:00","description":"Infusi\u00f3n digestiva, calmante y tonificante. Flores enteras, seleccionadas a mano. En uso externo, antis\u00e9ptico y antiinflamatorio.","breadcrumb":{"@id":"https:\/\/cafesnovell.com\/ca\/producto\/camamilla\/#breadcrumb"},"inLanguage":"ca","potentialAction":[{"@type":"ReadAction","target":["https:\/\/cafesnovell.com\/ca\/producto\/camamilla\/"]}]},{"@type":"ImageObject","inLanguage":"ca","@id":"https:\/\/cafesnovell.com\/ca\/producto\/camamilla\/#primaryimage","url":"https:\/\/cafesnovell.com\/wp-content\/uploads\/2019\/10\/0630.jpg","contentUrl":"https:\/\/cafesnovell.com\/wp-content\/uploads\/2019\/10\/0630.jpg","width":600,"height":600,"caption":"herbal & teas granel camamilla"},{"@type":"BreadcrumbList","@id":"https:\/\/cafesnovell.com\/ca\/producto\/camamilla\/#breadcrumb","itemListElement":[{"@type":"ListItem","position":1,"name":"Inici","item":"https:\/\/cafesnovell.com\/ca\/"},{"@type":"ListItem","position":2,"name":"Botiga","item":"https:\/\/cafesnovell.com\/ca\/botiga\/"},{"@type":"ListItem","position":3,"name":"Camamilla (70g)"}]},{"@type":"WebSite","@id":"https:\/\/cafesnovell.com\/ca\/#website","url":"https:\/\/cafesnovell.com\/ca\/","name":"Caf\u00e8s Novell","description":"Organic Premium Coffee","potentialAction":[{"@type":"SearchAction","target":{"@type":"EntryPoint","urlTemplate":"https:\/\/cafesnovell.com\/ca\/?s={search_term_string}"},"query-input":{"@type":"PropertyValueSpecification","valueRequired":true,"valueName":"search_term_string"}}],"inLanguage":"ca"}]}},"df_price":4.5,"df_sale_price":"","df_regular_price":4.5,"df_image_link":"https:\/\/cafesnovell.com\/wp-content\/uploads\/2019\/10\/0630-300x300.jpg","_links":{"self":[{"href":"https:\/\/cafesnovell.com\/ca\/wp-json\/wp\/v2\/product\/10340","targetHints":{"allow":["GET"]}}],"collection":[{"href":"https:\/\/cafesnovell.com\/ca\/wp-json\/wp\/v2\/product"}],"about":[{"href":"https:\/\/cafesnovell.com\/ca\/wp-json\/wp\/v2\/types\/product"}],"wp:featuredmedia":[{"embeddable":true,"href":"https:\/\/cafesnovell.com\/ca\/wp-json\/wp\/v2\/media\/5336"}],"wp:attachment":[{"href":"https:\/\/cafesnovell.com\/ca\/wp-json\/wp\/v2\/media?parent=10340"}],"wp:term":[{"taxonomy":"product_brand","embeddable":true,"href":"https:\/\/cafesnovell.com\/ca\/wp-json\/wp\/v2\/product_brand?post=10340"},{"taxonomy":"product_cat","embeddable":true,"href":"https:\/\/cafesnovell.com\/ca\/wp-json\/wp\/v2\/product_cat?post=10340"},{"taxonomy":"product_tag","embeddable":true,"href":"https:\/\/cafesnovell.com\/ca\/wp-json\/wp\/v2\/product_tag?post=10340"}],"curies":[{"name":"wp","href":"https:\/\/api.w.org\/{rel}","templated":true}]}}