{"id":10327,"date":"2019-10-02T14:42:59","date_gmt":"2019-10-02T14:42:59","guid":{"rendered":"https:\/\/cafesnovell.com\/producto\/edulcorant-novell\/"},"modified":"2023-06-20T12:44:19","modified_gmt":"2023-06-20T10:44:19","slug":"edulcorant-novell","status":"publish","type":"product","link":"https:\/\/cafesnovell.com\/ca\/producto\/edulcorant-novell\/","title":{"rendered":"Edulcorant Novell"},"content":{"rendered":"","protected":false},"excerpt":{"rendered":"<p>NO DEBE APARECER EN .COM<\/p>\n","protected":false},"featured_media":5547,"template":"","meta":{"_acf_changed":false,"content-type":""},"product_brand":[],"product_cat":[125,2525,1247],"product_tag":[],"class_list":{"0":"post-10327","1":"product","2":"type-product","3":"status-publish","4":"has-post-thumbnail","6":"product_cat-complements","7":"product_cat-complements-novell-go","8":"product_cat-sucre-edulcorant","10":"first","11":"instock","12":"taxable","13":"shipping-taxable","14":"purchasable","15":"product-type-simple"},"bundled_by":[],"bundle_stock_status":"instock","bundle_stock_quantity":null,"bundle_virtual":false,"bundle_layout":"","bundle_add_to_cart_form_location":"","bundle_editable_in_cart":false,"bundle_sold_individually_context":"","bundle_item_grouping":"","bundle_min_size":"","bundle_max_size":"","bundle_price":[],"bundled_items":[],"bundle_sell_ids":[],"acf":[],"yoast_head":"<!-- This site is optimized with the Yoast SEO plugin v27.3 - https:\/\/yoast.com\/product\/yoast-seo-wordpress\/ -->\n<title>Edulcorant Novell - Caf\u00e8s Novell<\/title>\n<meta name=\"description\" content=\"Edulcorante Novell acal\u00f3rico de f\u00e1cil disoluci\u00f3n y agradable gusto.\" \/>\n<meta name=\"robots\" content=\"index, follow, max-snippet:-1, max-image-preview:large, max-video-preview:-1\" \/>\n<link rel=\"canonical\" href=\"https:\/\/cafesnovell.com\/ca\/producto\/edulcorant-novell\/\" \/>\n<meta property=\"og:locale\" content=\"ca_ES\" \/>\n<meta property=\"og:type\" content=\"article\" \/>\n<meta property=\"og:title\" content=\"Edulcorant Novell - Caf\u00e8s Novell\" \/>\n<meta property=\"og:description\" content=\"Edulcorante Novell acal\u00f3rico de f\u00e1cil disoluci\u00f3n y agradable gusto.\" \/>\n<meta property=\"og:url\" content=\"https:\/\/cafesnovell.com\/ca\/producto\/edulcorant-novell\/\" \/>\n<meta property=\"og:site_name\" content=\"Caf\u00e8s Novell\" \/>\n<meta property=\"article:modified_time\" content=\"2023-06-20T10:44:19+00:00\" \/>\n<meta property=\"og:image\" content=\"https:\/\/cafesnovell.com\/wp-content\/uploads\/2019\/10\/0331.jpg\" \/>\n\t<meta property=\"og:image:width\" content=\"600\" \/>\n\t<meta property=\"og:image:height\" content=\"600\" \/>\n\t<meta property=\"og:image:type\" content=\"image\/jpeg\" \/>\n<meta name=\"twitter:card\" content=\"summary_large_image\" \/>\n<script type=\"application\/ld+json\" class=\"yoast-schema-graph\">{\"@context\":\"https:\\\/\\\/schema.org\",\"@graph\":[{\"@type\":\"WebPage\",\"@id\":\"https:\\\/\\\/cafesnovell.com\\\/ca\\\/producto\\\/edulcorant-novell\\\/\",\"url\":\"https:\\\/\\\/cafesnovell.com\\\/ca\\\/producto\\\/edulcorant-novell\\\/\",\"name\":\"Edulcorant Novell - Caf\u00e8s Novell\",\"isPartOf\":{\"@id\":\"https:\\\/\\\/cafesnovell.com\\\/ca\\\/#website\"},\"primaryImageOfPage\":{\"@id\":\"https:\\\/\\\/cafesnovell.com\\\/ca\\\/producto\\\/edulcorant-novell\\\/#primaryimage\"},\"image\":{\"@id\":\"https:\\\/\\\/cafesnovell.com\\\/ca\\\/producto\\\/edulcorant-novell\\\/#primaryimage\"},\"thumbnailUrl\":\"https:\\\/\\\/cafesnovell.com\\\/wp-content\\\/uploads\\\/2019\\\/10\\\/0331.jpg\",\"datePublished\":\"2019-10-02T14:42:59+00:00\",\"dateModified\":\"2023-06-20T10:44:19+00:00\",\"description\":\"Edulcorante Novell acal\u00f3rico de f\u00e1cil disoluci\u00f3n y agradable gusto.\",\"breadcrumb\":{\"@id\":\"https:\\\/\\\/cafesnovell.com\\\/ca\\\/producto\\\/edulcorant-novell\\\/#breadcrumb\"},\"inLanguage\":\"ca\",\"potentialAction\":[{\"@type\":\"ReadAction\",\"target\":[\"https:\\\/\\\/cafesnovell.com\\\/ca\\\/producto\\\/edulcorant-novell\\\/\"]}]},{\"@type\":\"ImageObject\",\"inLanguage\":\"ca\",\"@id\":\"https:\\\/\\\/cafesnovell.com\\\/ca\\\/producto\\\/edulcorant-novell\\\/#primaryimage\",\"url\":\"https:\\\/\\\/cafesnovell.com\\\/wp-content\\\/uploads\\\/2019\\\/10\\\/0331.jpg\",\"contentUrl\":\"https:\\\/\\\/cafesnovell.com\\\/wp-content\\\/uploads\\\/2019\\\/10\\\/0331.jpg\",\"width\":600,\"height\":600,\"caption\":\"Caf\u00e8s Novell\"},{\"@type\":\"BreadcrumbList\",\"@id\":\"https:\\\/\\\/cafesnovell.com\\\/ca\\\/producto\\\/edulcorant-novell\\\/#breadcrumb\",\"itemListElement\":[{\"@type\":\"ListItem\",\"position\":1,\"name\":\"Inici\",\"item\":\"https:\\\/\\\/cafesnovell.com\\\/ca\\\/\"},{\"@type\":\"ListItem\",\"position\":2,\"name\":\"Botiga\",\"item\":\"https:\\\/\\\/cafesnovell.com\\\/ca\\\/botiga\\\/\"},{\"@type\":\"ListItem\",\"position\":3,\"name\":\"Edulcorant Novell\"}]},{\"@type\":\"WebSite\",\"@id\":\"https:\\\/\\\/cafesnovell.com\\\/ca\\\/#website\",\"url\":\"https:\\\/\\\/cafesnovell.com\\\/ca\\\/\",\"name\":\"Caf\u00e8s Novell\",\"description\":\"Organic Premium Coffee\",\"potentialAction\":[{\"@type\":\"SearchAction\",\"target\":{\"@type\":\"EntryPoint\",\"urlTemplate\":\"https:\\\/\\\/cafesnovell.com\\\/ca\\\/?s={search_term_string}\"},\"query-input\":{\"@type\":\"PropertyValueSpecification\",\"valueRequired\":true,\"valueName\":\"search_term_string\"}}],\"inLanguage\":\"ca\"}]}<\/script>\n<!-- \/ Yoast SEO plugin. -->","yoast_head_json":{"title":"Edulcorant Novell - Caf\u00e8s Novell","description":"Edulcorante Novell acal\u00f3rico de f\u00e1cil disoluci\u00f3n y agradable gusto.","robots":{"index":"index","follow":"follow","max-snippet":"max-snippet:-1","max-image-preview":"max-image-preview:large","max-video-preview":"max-video-preview:-1"},"canonical":"https:\/\/cafesnovell.com\/ca\/producto\/edulcorant-novell\/","og_locale":"ca_ES","og_type":"article","og_title":"Edulcorant Novell - Caf\u00e8s Novell","og_description":"Edulcorante Novell acal\u00f3rico de f\u00e1cil disoluci\u00f3n y agradable gusto.","og_url":"https:\/\/cafesnovell.com\/ca\/producto\/edulcorant-novell\/","og_site_name":"Caf\u00e8s Novell","article_modified_time":"2023-06-20T10:44:19+00:00","og_image":[{"width":600,"height":600,"url":"https:\/\/cafesnovell.com\/wp-content\/uploads\/2019\/10\/0331.jpg","type":"image\/jpeg"}],"twitter_card":"summary_large_image","schema":{"@context":"https:\/\/schema.org","@graph":[{"@type":"WebPage","@id":"https:\/\/cafesnovell.com\/ca\/producto\/edulcorant-novell\/","url":"https:\/\/cafesnovell.com\/ca\/producto\/edulcorant-novell\/","name":"Edulcorant Novell - Caf\u00e8s Novell","isPartOf":{"@id":"https:\/\/cafesnovell.com\/ca\/#website"},"primaryImageOfPage":{"@id":"https:\/\/cafesnovell.com\/ca\/producto\/edulcorant-novell\/#primaryimage"},"image":{"@id":"https:\/\/cafesnovell.com\/ca\/producto\/edulcorant-novell\/#primaryimage"},"thumbnailUrl":"https:\/\/cafesnovell.com\/wp-content\/uploads\/2019\/10\/0331.jpg","datePublished":"2019-10-02T14:42:59+00:00","dateModified":"2023-06-20T10:44:19+00:00","description":"Edulcorante Novell acal\u00f3rico de f\u00e1cil disoluci\u00f3n y agradable gusto.","breadcrumb":{"@id":"https:\/\/cafesnovell.com\/ca\/producto\/edulcorant-novell\/#breadcrumb"},"inLanguage":"ca","potentialAction":[{"@type":"ReadAction","target":["https:\/\/cafesnovell.com\/ca\/producto\/edulcorant-novell\/"]}]},{"@type":"ImageObject","inLanguage":"ca","@id":"https:\/\/cafesnovell.com\/ca\/producto\/edulcorant-novell\/#primaryimage","url":"https:\/\/cafesnovell.com\/wp-content\/uploads\/2019\/10\/0331.jpg","contentUrl":"https:\/\/cafesnovell.com\/wp-content\/uploads\/2019\/10\/0331.jpg","width":600,"height":600,"caption":"Caf\u00e8s Novell"},{"@type":"BreadcrumbList","@id":"https:\/\/cafesnovell.com\/ca\/producto\/edulcorant-novell\/#breadcrumb","itemListElement":[{"@type":"ListItem","position":1,"name":"Inici","item":"https:\/\/cafesnovell.com\/ca\/"},{"@type":"ListItem","position":2,"name":"Botiga","item":"https:\/\/cafesnovell.com\/ca\/botiga\/"},{"@type":"ListItem","position":3,"name":"Edulcorant Novell"}]},{"@type":"WebSite","@id":"https:\/\/cafesnovell.com\/ca\/#website","url":"https:\/\/cafesnovell.com\/ca\/","name":"Caf\u00e8s Novell","description":"Organic Premium Coffee","potentialAction":[{"@type":"SearchAction","target":{"@type":"EntryPoint","urlTemplate":"https:\/\/cafesnovell.com\/ca\/?s={search_term_string}"},"query-input":{"@type":"PropertyValueSpecification","valueRequired":true,"valueName":"search_term_string"}}],"inLanguage":"ca"}]}},"df_price":8.25,"df_sale_price":"","df_regular_price":8.25,"df_image_link":"https:\/\/cafesnovell.com\/wp-content\/uploads\/2019\/10\/0331-300x300.jpg","_links":{"self":[{"href":"https:\/\/cafesnovell.com\/ca\/wp-json\/wp\/v2\/product\/10327","targetHints":{"allow":["GET"]}}],"collection":[{"href":"https:\/\/cafesnovell.com\/ca\/wp-json\/wp\/v2\/product"}],"about":[{"href":"https:\/\/cafesnovell.com\/ca\/wp-json\/wp\/v2\/types\/product"}],"wp:featuredmedia":[{"embeddable":true,"href":"https:\/\/cafesnovell.com\/ca\/wp-json\/wp\/v2\/media\/5547"}],"wp:attachment":[{"href":"https:\/\/cafesnovell.com\/ca\/wp-json\/wp\/v2\/media?parent=10327"}],"wp:term":[{"taxonomy":"product_brand","embeddable":true,"href":"https:\/\/cafesnovell.com\/ca\/wp-json\/wp\/v2\/product_brand?post=10327"},{"taxonomy":"product_cat","embeddable":true,"href":"https:\/\/cafesnovell.com\/ca\/wp-json\/wp\/v2\/product_cat?post=10327"},{"taxonomy":"product_tag","embeddable":true,"href":"https:\/\/cafesnovell.com\/ca\/wp-json\/wp\/v2\/product_tag?post=10327"}],"curies":[{"name":"wp","href":"https:\/\/api.w.org\/{rel}","templated":true}]}}