{"id":10283,"date":"2019-10-02T15:09:50","date_gmt":"2019-10-02T15:09:50","guid":{"rendered":"https:\/\/cafesnovell.com\/producto\/capsules-ristretto-de-residu-0-100-compostables-i-compatibles-amb-nespresso\/"},"modified":"2023-10-24T16:56:02","modified_gmt":"2023-10-24T14:56:02","slug":"capsules-ristretto-residu-10","status":"publish","type":"product","link":"https:\/\/cafesnovell.com\/ca\/producto\/capsules-ristretto-residu-10\/","title":{"rendered":"C\u00e0psules Ristretto Residu 0 (10U)"},"content":{"rendered":"","protected":false},"excerpt":{"rendered":"<p>C\u00e0psules de caf\u00e8 org\u00e0nic, compatibles amb Nespresso i 100% COMPOSTABLES.<\/p>\n<p>La varietat Ristretto presenta un blend de caf\u00e8s org\u00e0nics, portats a un torrat extrem per seduir als que busquen un caf\u00e8 m\u00e9s amarg i amb cos. Lleugeres notes fumades, la pres\u00e8ncia de cacau pur, tocs de regal\u00e8ssia i un record a cervesa negra de pub defineixen aquesta tassa de caf\u00e8 torrada pel diable.<\/p>\n<p>La tassa perfecta per als amants del caf\u00e8 m\u00e9s torrat.<\/p>\n<p>Disponible en formats de 10 unitats.<\/p>\n","protected":false},"featured_media":88691,"template":"","meta":{"_acf_changed":false,"content-type":""},"product_brand":[],"product_cat":[116,121,2523,2574],"product_tag":[],"class_list":{"0":"post-10283","1":"product","2":"type-product","3":"status-publish","4":"has-post-thumbnail","6":"product_cat-cafes-ca","7":"product_cat-capsules-compatibles","8":"product_cat-capsules-novell-go","9":"product_cat-productes-organics","11":"first","12":"instock","13":"taxable","14":"shipping-taxable","15":"purchasable","16":"product-type-simple"},"bundled_by":[],"bundle_stock_status":"instock","bundle_stock_quantity":null,"bundle_virtual":false,"bundle_layout":"","bundle_add_to_cart_form_location":"","bundle_editable_in_cart":false,"bundle_sold_individually_context":"","bundle_item_grouping":"","bundle_min_size":"","bundle_max_size":"","bundle_price":[],"bundled_items":[],"bundle_sell_ids":[],"acf":[],"yoast_head":"<!-- This site is optimized with the Yoast SEO plugin v27.3 - https:\/\/yoast.com\/product\/yoast-seo-wordpress\/ -->\n<title>C\u00e0psules Ristretto Residu 0 - Compostables i Compatibles amb Nespresso<\/title>\n<meta name=\"description\" content=\"C\u00e0psules de caf\u00e8 org\u00e0nic, compatibles amb Nespresso\u00ae* i 100% COMPOSTABLES. Blend de caf\u00e8s torrats per seduir als que busquen un caf\u00e8 amarg i amb cos..\" \/>\n<meta name=\"robots\" content=\"index, follow, max-snippet:-1, max-image-preview:large, max-video-preview:-1\" \/>\n<link rel=\"canonical\" href=\"https:\/\/cafesnovell.com\/ca\/producto\/capsules-ristretto-residu-10\/\" \/>\n<meta property=\"og:locale\" content=\"ca_ES\" \/>\n<meta property=\"og:type\" content=\"article\" \/>\n<meta property=\"og:title\" content=\"C\u00e0psules Ristretto Residu 0 - Compostables i Compatibles amb Nespresso\" \/>\n<meta property=\"og:description\" content=\"C\u00e0psules de caf\u00e8 org\u00e0nic, compatibles amb Nespresso\u00ae* i 100% COMPOSTABLES. Blend de caf\u00e8s torrats per seduir als que busquen un caf\u00e8 amarg i amb cos..\" \/>\n<meta property=\"og:url\" content=\"https:\/\/cafesnovell.com\/ca\/producto\/capsules-ristretto-residu-10\/\" \/>\n<meta property=\"og:site_name\" content=\"Caf\u00e8s Novell\" \/>\n<meta property=\"article:modified_time\" content=\"2023-10-24T14:56:02+00:00\" \/>\n<meta property=\"og:image\" content=\"https:\/\/cafesnovell.com\/wp-content\/uploads\/2019\/10\/1874.jpg\" \/>\n\t<meta property=\"og:image:width\" content=\"600\" \/>\n\t<meta property=\"og:image:height\" content=\"600\" \/>\n\t<meta property=\"og:image:type\" content=\"image\/jpeg\" \/>\n<meta name=\"twitter:card\" content=\"summary_large_image\" \/>\n<script type=\"application\/ld+json\" class=\"yoast-schema-graph\">{\"@context\":\"https:\\\/\\\/schema.org\",\"@graph\":[{\"@type\":\"WebPage\",\"@id\":\"https:\\\/\\\/cafesnovell.com\\\/ca\\\/producto\\\/capsules-ristretto-residu-10\\\/\",\"url\":\"https:\\\/\\\/cafesnovell.com\\\/ca\\\/producto\\\/capsules-ristretto-residu-10\\\/\",\"name\":\"C\u00e0psules Ristretto Residu 0 - Compostables i Compatibles amb Nespresso\",\"isPartOf\":{\"@id\":\"https:\\\/\\\/cafesnovell.com\\\/ca\\\/#website\"},\"primaryImageOfPage\":{\"@id\":\"https:\\\/\\\/cafesnovell.com\\\/ca\\\/producto\\\/capsules-ristretto-residu-10\\\/#primaryimage\"},\"image\":{\"@id\":\"https:\\\/\\\/cafesnovell.com\\\/ca\\\/producto\\\/capsules-ristretto-residu-10\\\/#primaryimage\"},\"thumbnailUrl\":\"https:\\\/\\\/cafesnovell.com\\\/wp-content\\\/uploads\\\/2019\\\/10\\\/ristretto_10cc_600x600_dreta.jpg\",\"datePublished\":\"2019-10-02T15:09:50+00:00\",\"dateModified\":\"2023-10-24T14:56:02+00:00\",\"description\":\"C\u00e0psules de caf\u00e8 org\u00e0nic, compatibles amb Nespresso\u00ae* i 100% COMPOSTABLES. Blend de caf\u00e8s torrats per seduir als que busquen un caf\u00e8 amarg i amb cos..\",\"breadcrumb\":{\"@id\":\"https:\\\/\\\/cafesnovell.com\\\/ca\\\/producto\\\/capsules-ristretto-residu-10\\\/#breadcrumb\"},\"inLanguage\":\"ca\",\"potentialAction\":[{\"@type\":\"ReadAction\",\"target\":[\"https:\\\/\\\/cafesnovell.com\\\/ca\\\/producto\\\/capsules-ristretto-residu-10\\\/\"]}]},{\"@type\":\"ImageObject\",\"inLanguage\":\"ca\",\"@id\":\"https:\\\/\\\/cafesnovell.com\\\/ca\\\/producto\\\/capsules-ristretto-residu-10\\\/#primaryimage\",\"url\":\"https:\\\/\\\/cafesnovell.com\\\/wp-content\\\/uploads\\\/2019\\\/10\\\/ristretto_10cc_600x600_dreta.jpg\",\"contentUrl\":\"https:\\\/\\\/cafesnovell.com\\\/wp-content\\\/uploads\\\/2019\\\/10\\\/ristretto_10cc_600x600_dreta.jpg\",\"width\":600,\"height\":600},{\"@type\":\"BreadcrumbList\",\"@id\":\"https:\\\/\\\/cafesnovell.com\\\/ca\\\/producto\\\/capsules-ristretto-residu-10\\\/#breadcrumb\",\"itemListElement\":[{\"@type\":\"ListItem\",\"position\":1,\"name\":\"Inici\",\"item\":\"https:\\\/\\\/cafesnovell.com\\\/ca\\\/\"},{\"@type\":\"ListItem\",\"position\":2,\"name\":\"Botiga\",\"item\":\"https:\\\/\\\/cafesnovell.com\\\/ca\\\/botiga\\\/\"},{\"@type\":\"ListItem\",\"position\":3,\"name\":\"C\u00e0psules Ristretto Residu 0 (10U)\"}]},{\"@type\":\"WebSite\",\"@id\":\"https:\\\/\\\/cafesnovell.com\\\/ca\\\/#website\",\"url\":\"https:\\\/\\\/cafesnovell.com\\\/ca\\\/\",\"name\":\"Caf\u00e8s Novell\",\"description\":\"Organic Premium Coffee\",\"potentialAction\":[{\"@type\":\"SearchAction\",\"target\":{\"@type\":\"EntryPoint\",\"urlTemplate\":\"https:\\\/\\\/cafesnovell.com\\\/ca\\\/?s={search_term_string}\"},\"query-input\":{\"@type\":\"PropertyValueSpecification\",\"valueRequired\":true,\"valueName\":\"search_term_string\"}}],\"inLanguage\":\"ca\"}]}<\/script>\n<!-- \/ Yoast SEO plugin. -->","yoast_head_json":{"title":"C\u00e0psules Ristretto Residu 0 - Compostables i Compatibles amb Nespresso","description":"C\u00e0psules de caf\u00e8 org\u00e0nic, compatibles amb Nespresso\u00ae* i 100% COMPOSTABLES. Blend de caf\u00e8s torrats per seduir als que busquen un caf\u00e8 amarg i amb cos..","robots":{"index":"index","follow":"follow","max-snippet":"max-snippet:-1","max-image-preview":"max-image-preview:large","max-video-preview":"max-video-preview:-1"},"canonical":"https:\/\/cafesnovell.com\/ca\/producto\/capsules-ristretto-residu-10\/","og_locale":"ca_ES","og_type":"article","og_title":"C\u00e0psules Ristretto Residu 0 - Compostables i Compatibles amb Nespresso","og_description":"C\u00e0psules de caf\u00e8 org\u00e0nic, compatibles amb Nespresso\u00ae* i 100% COMPOSTABLES. Blend de caf\u00e8s torrats per seduir als que busquen un caf\u00e8 amarg i amb cos..","og_url":"https:\/\/cafesnovell.com\/ca\/producto\/capsules-ristretto-residu-10\/","og_site_name":"Caf\u00e8s Novell","article_modified_time":"2023-10-24T14:56:02+00:00","og_image":[{"width":600,"height":600,"url":"https:\/\/cafesnovell.com\/wp-content\/uploads\/2019\/10\/1874.jpg","type":"image\/jpeg"}],"twitter_card":"summary_large_image","schema":{"@context":"https:\/\/schema.org","@graph":[{"@type":"WebPage","@id":"https:\/\/cafesnovell.com\/ca\/producto\/capsules-ristretto-residu-10\/","url":"https:\/\/cafesnovell.com\/ca\/producto\/capsules-ristretto-residu-10\/","name":"C\u00e0psules Ristretto Residu 0 - Compostables i Compatibles amb Nespresso","isPartOf":{"@id":"https:\/\/cafesnovell.com\/ca\/#website"},"primaryImageOfPage":{"@id":"https:\/\/cafesnovell.com\/ca\/producto\/capsules-ristretto-residu-10\/#primaryimage"},"image":{"@id":"https:\/\/cafesnovell.com\/ca\/producto\/capsules-ristretto-residu-10\/#primaryimage"},"thumbnailUrl":"https:\/\/cafesnovell.com\/wp-content\/uploads\/2019\/10\/ristretto_10cc_600x600_dreta.jpg","datePublished":"2019-10-02T15:09:50+00:00","dateModified":"2023-10-24T14:56:02+00:00","description":"C\u00e0psules de caf\u00e8 org\u00e0nic, compatibles amb Nespresso\u00ae* i 100% COMPOSTABLES. Blend de caf\u00e8s torrats per seduir als que busquen un caf\u00e8 amarg i amb cos..","breadcrumb":{"@id":"https:\/\/cafesnovell.com\/ca\/producto\/capsules-ristretto-residu-10\/#breadcrumb"},"inLanguage":"ca","potentialAction":[{"@type":"ReadAction","target":["https:\/\/cafesnovell.com\/ca\/producto\/capsules-ristretto-residu-10\/"]}]},{"@type":"ImageObject","inLanguage":"ca","@id":"https:\/\/cafesnovell.com\/ca\/producto\/capsules-ristretto-residu-10\/#primaryimage","url":"https:\/\/cafesnovell.com\/wp-content\/uploads\/2019\/10\/ristretto_10cc_600x600_dreta.jpg","contentUrl":"https:\/\/cafesnovell.com\/wp-content\/uploads\/2019\/10\/ristretto_10cc_600x600_dreta.jpg","width":600,"height":600},{"@type":"BreadcrumbList","@id":"https:\/\/cafesnovell.com\/ca\/producto\/capsules-ristretto-residu-10\/#breadcrumb","itemListElement":[{"@type":"ListItem","position":1,"name":"Inici","item":"https:\/\/cafesnovell.com\/ca\/"},{"@type":"ListItem","position":2,"name":"Botiga","item":"https:\/\/cafesnovell.com\/ca\/botiga\/"},{"@type":"ListItem","position":3,"name":"C\u00e0psules Ristretto Residu 0 (10U)"}]},{"@type":"WebSite","@id":"https:\/\/cafesnovell.com\/ca\/#website","url":"https:\/\/cafesnovell.com\/ca\/","name":"Caf\u00e8s Novell","description":"Organic Premium Coffee","potentialAction":[{"@type":"SearchAction","target":{"@type":"EntryPoint","urlTemplate":"https:\/\/cafesnovell.com\/ca\/?s={search_term_string}"},"query-input":{"@type":"PropertyValueSpecification","valueRequired":true,"valueName":"search_term_string"}}],"inLanguage":"ca"}]}},"df_price":4.35,"df_sale_price":"","df_regular_price":4.35,"df_image_link":"https:\/\/cafesnovell.com\/wp-content\/uploads\/2019\/10\/ristretto_10cc_600x600_dreta-300x300.jpg","_links":{"self":[{"href":"https:\/\/cafesnovell.com\/ca\/wp-json\/wp\/v2\/product\/10283","targetHints":{"allow":["GET"]}}],"collection":[{"href":"https:\/\/cafesnovell.com\/ca\/wp-json\/wp\/v2\/product"}],"about":[{"href":"https:\/\/cafesnovell.com\/ca\/wp-json\/wp\/v2\/types\/product"}],"wp:featuredmedia":[{"embeddable":true,"href":"https:\/\/cafesnovell.com\/ca\/wp-json\/wp\/v2\/media\/88691"}],"wp:attachment":[{"href":"https:\/\/cafesnovell.com\/ca\/wp-json\/wp\/v2\/media?parent=10283"}],"wp:term":[{"taxonomy":"product_brand","embeddable":true,"href":"https:\/\/cafesnovell.com\/ca\/wp-json\/wp\/v2\/product_brand?post=10283"},{"taxonomy":"product_cat","embeddable":true,"href":"https:\/\/cafesnovell.com\/ca\/wp-json\/wp\/v2\/product_cat?post=10283"},{"taxonomy":"product_tag","embeddable":true,"href":"https:\/\/cafesnovell.com\/ca\/wp-json\/wp\/v2\/product_tag?post=10283"}],"curies":[{"name":"wp","href":"https:\/\/api.w.org\/{rel}","templated":true}]}}