{"id":9753,"date":"2019-10-17T21:30:32","date_gmt":"2019-10-17T21:30:32","guid":{"rendered":"https:\/\/cafesnovell.com\/politica-de-qualitat-i-seguretat-alimentaria\/"},"modified":"2022-01-05T12:01:15","modified_gmt":"2022-01-05T10:01:15","slug":"politica-seguretat-alimentaria","status":"publish","type":"page","link":"https:\/\/cafesnovell.com\/ca\/politica-seguretat-alimentaria\/","title":{"rendered":"Pol\u00edtica de seguretat alimentaria"},"content":{"rendered":"<p>&nbsp;<\/p>\n<h2>Pol\u00edtica de la qualitat i seguretat aliment\u00e0ria<\/h2>\n<p>&nbsp;<\/p>\n<p>A CAF\u00c8S NOVELL, S.A., com empresa que es dedica a la selecci\u00f3 i disseny de blends, torrat, envasat i comercialitzaci\u00f3 de caf\u00e8 i a la comercialitzaci\u00f3 de complements del caf\u00e8, volem garantir de forma cont\u00ednua la satisfacci\u00f3 dels nostres clients, tant interns com externs, aix\u00ed com les estrat\u00e8gies i compromisos de la pr\u00f2pia empresa.<\/p>\n<p>La Missi\u00f3 de l\u2019empresa \u00e9s la de seduir els sentits amb una tassa de caf\u00e8 perfecta en el mon de la restauraci\u00f3, les empreses i la llar. Mentre que la Visi\u00f3 \u00e9s la de ser una empresa familiar\u00a0 amb una marca forta i reconeguda a nivell internacional, referent en quant a qualitat, innovaci\u00f3, responsabilitat i seguretat aliment\u00e0ria, que cuida a les persones de la seva organitzaci\u00f3, sent el caf\u00e8 el seu eix vertebrador.<\/p>\n<p>Per CAF\u00c8S NOVELL, S.A. la qualitat i la seguretat dels aliments \u00e9s essencial per a la sostenibilitat i la confian\u00e7a del client i del consumidor.<\/p>\n<p>\u00c9s per aix\u00f2 que la Direcci\u00f3 General assumeix uns PRINCIPIS I COMPROMISOS, alineats en la Direcci\u00f3 Estrat\u00e8gica de l\u2019organitzaci\u00f3:<\/p>\n<p>&nbsp;<\/p>\n<p>*Fabricar i comercialitzar productes que satisfacin els requisits i expectatives en QUALITAT i SEGURETAT ALIMENT\u00c0RIA, de la LEGISLACI\u00d3, de CLIENTS i CONSUMIDORS.<\/p>\n<p>*Implementar mesures i condicions necess\u00e0ries per controlar els PERILLS per a que no provoquin danys de salut, DIRECTAMENT ni INDIRECTAMENT, i garantir la seguretat aliment\u00e0ria dels nostres productes.<\/p>\n<p>*Establir els canals de COMUNICACI\u00d3 necessaris, interns i externs, per tal d\u2019assegurar la innocu\u00eftat dels productes.<\/p>\n<p>*COL\u00b7LABORACI\u00d3 dels clients i prove\u00efdors en el nostre proc\u00e9s de millora cont\u00ednua.<\/p>\n<p>*OPTIMITZAR la gesti\u00f3 dels processos, recursos t\u00e8cnics, humans, de coneixement i d\u2019infraestructures.<\/p>\n<p>*DISTINGIR en el mercat per a la qualitat dels nostres productes.<\/p>\n<p>*La MILLORA CONT\u00cdNUA del sistema de gesti\u00f3, Q&amp;SA, com a factor clau de l&#8217;empresa.<\/p>\n<p>*Garantir i preservar una \u00e8tica (valors) tant interna com externa. Aquests valors han quedat definits com: orientaci\u00f3 al clients, responsabilitat social i innovaci\u00f3 (directrius OCDE)<\/p>\n<p>*Responsabilitzar a tota la plantilla de les seva missi\u00f3.<\/p>\n<p>*El compliment de les LLEIS aplicables en mat\u00e8ria de drets humans, drets i condicions laborals, salut y seguretat y en mat\u00e8ria de protecci\u00f3 del medi ambient.<\/p>\n<p>*Garantir la TRA\u00c7ABILITAT i comptabilitzaci\u00f3 dels volums certificats i convencionals.<\/p>\n<p>*Exist\u00e8ncia d\u2019un mecanisme de queixes disponible per individus, clients, treballadors, ect.<\/p>\n<p>*Seguiment dels principis rectors de l\u2019ONU per empreses i Drets humans.<\/p>\n<p>La Direcci\u00f3 ha fet el prop\u00f2sit de mantenir el SISTEMA DE GESTI\u00d3, Q&amp;SA com a eina d\u2019implantaci\u00f3 dels compromisos adquirits.<\/p>\n<p>La pol\u00edtica proporciona un marc de refer\u00e8ncia amb el qual establir i revisar OBJECTIUS mesurables que recolzin la qualitat i seguretat aliment\u00e0ria dels productes.<br \/>\nTamb\u00e9\u00a0s\u2019assegura una Conducta Comercial Responsable, \u00e9s a dir, integrar la gesti\u00f3 de riscos al medi ambient, les persones i la societat dins del nucli de l\u2019empresa i abasta els impactes negatius directes i indirectes sobre els drets humans i el medi ambient.<br \/>\nLa pol\u00edtica s\u2019especifica en els compromisos amb els prove\u00efdors i amb altres relacions comercials i s\u2019informa sobre ella.<\/p>\n<p>Aquesta pol\u00edtica de la qualitat \u00e9s revisada peri\u00f2dicament i de forma conjunta en la revisi\u00f3 del sistema.<\/p>\n<p>La Direcci\u00f3 es compromet a COMUNICAR I APLICAR aquesta pol\u00edtica a tots els nivells de l&#8217;organitzaci\u00f3. \u00c9s de la seva responsabilitat la supervisi\u00f3 i implementaci\u00f3 d\u2019aquesta.<\/p>\n<p>Ft. La Direcci\u00f3 General<\/p>\n","protected":false},"excerpt":{"rendered":"<p>&nbsp; Pol\u00edtica de la qualitat i seguretat aliment\u00e0ria &nbsp; A CAF\u00c8S NOVELL, S.A., com empresa que es dedica a la selecci\u00f3 i disseny de blends, torrat, envasat i comercialitzaci\u00f3 de caf\u00e8 i a la comercialitzaci\u00f3 de complements del caf\u00e8, volem garantir de forma cont\u00ednua la satisfacci\u00f3 dels nostres clients, tant interns com externs, aix\u00ed com [&hellip;]<\/p>\n","protected":false},"author":1,"featured_media":0,"parent":0,"menu_order":1040,"comment_status":"closed","ping_status":"closed","template":"","meta":{"_acf_changed":false,"content-type":"","footnotes":""},"class_list":["post-9753","page","type-page","status-publish","hentry"],"acf":[],"yoast_head":"<!-- This site is optimized with the Yoast SEO plugin v27.3 - https:\/\/yoast.com\/product\/yoast-seo-wordpress\/ -->\n<title>Pol\u00edtica de seguretat alimentaria - Caf\u00e8s Novell<\/title>\n<meta name=\"robots\" content=\"index, follow, max-snippet:-1, max-image-preview:large, max-video-preview:-1\" \/>\n<link rel=\"canonical\" href=\"https:\/\/cafesnovell.com\/ca\/politica-seguretat-alimentaria\/\" \/>\n<meta property=\"og:locale\" content=\"ca_ES\" \/>\n<meta property=\"og:type\" content=\"article\" \/>\n<meta property=\"og:title\" content=\"Pol\u00edtica de seguretat alimentaria - Caf\u00e8s Novell\" \/>\n<meta property=\"og:description\" content=\"&nbsp; Pol\u00edtica de la qualitat i seguretat aliment\u00e0ria &nbsp; A CAF\u00c8S NOVELL, S.A., com empresa que es dedica a la selecci\u00f3 i disseny de blends, torrat, envasat i comercialitzaci\u00f3 de caf\u00e8 i a la comercialitzaci\u00f3 de complements del caf\u00e8, volem garantir de forma cont\u00ednua la satisfacci\u00f3 dels nostres clients, tant interns com externs, aix\u00ed com [&hellip;]\" \/>\n<meta property=\"og:url\" content=\"https:\/\/cafesnovell.com\/ca\/politica-seguretat-alimentaria\/\" \/>\n<meta property=\"og:site_name\" content=\"Caf\u00e8s Novell\" \/>\n<meta property=\"article:modified_time\" content=\"2022-01-05T10:01:15+00:00\" \/>\n<meta name=\"twitter:card\" content=\"summary_large_image\" \/>\n<meta name=\"twitter:label1\" content=\"Temps estimat de lectura\" \/>\n\t<meta name=\"twitter:data1\" content=\"3 minuts\" \/>\n<script type=\"application\/ld+json\" class=\"yoast-schema-graph\">{\"@context\":\"https:\\\/\\\/schema.org\",\"@graph\":[{\"@type\":\"WebPage\",\"@id\":\"https:\\\/\\\/cafesnovell.com\\\/ca\\\/politica-seguretat-alimentaria\\\/\",\"url\":\"https:\\\/\\\/cafesnovell.com\\\/ca\\\/politica-seguretat-alimentaria\\\/\",\"name\":\"Pol\u00edtica de seguretat alimentaria - Caf\u00e8s Novell\",\"isPartOf\":{\"@id\":\"https:\\\/\\\/cafesnovell.com\\\/ca\\\/#website\"},\"datePublished\":\"2019-10-17T21:30:32+00:00\",\"dateModified\":\"2022-01-05T10:01:15+00:00\",\"breadcrumb\":{\"@id\":\"https:\\\/\\\/cafesnovell.com\\\/ca\\\/politica-seguretat-alimentaria\\\/#breadcrumb\"},\"inLanguage\":\"ca\",\"potentialAction\":[{\"@type\":\"ReadAction\",\"target\":[\"https:\\\/\\\/cafesnovell.com\\\/ca\\\/politica-seguretat-alimentaria\\\/\"]}]},{\"@type\":\"BreadcrumbList\",\"@id\":\"https:\\\/\\\/cafesnovell.com\\\/ca\\\/politica-seguretat-alimentaria\\\/#breadcrumb\",\"itemListElement\":[{\"@type\":\"ListItem\",\"position\":1,\"name\":\"Inici\",\"item\":\"https:\\\/\\\/cafesnovell.com\\\/ca\\\/\"},{\"@type\":\"ListItem\",\"position\":2,\"name\":\"Pol\u00edtica de seguretat alimentaria\"}]},{\"@type\":\"WebSite\",\"@id\":\"https:\\\/\\\/cafesnovell.com\\\/ca\\\/#website\",\"url\":\"https:\\\/\\\/cafesnovell.com\\\/ca\\\/\",\"name\":\"Caf\u00e8s Novell\",\"description\":\"Organic Premium Coffee\",\"potentialAction\":[{\"@type\":\"SearchAction\",\"target\":{\"@type\":\"EntryPoint\",\"urlTemplate\":\"https:\\\/\\\/cafesnovell.com\\\/ca\\\/?s={search_term_string}\"},\"query-input\":{\"@type\":\"PropertyValueSpecification\",\"valueRequired\":true,\"valueName\":\"search_term_string\"}}],\"inLanguage\":\"ca\"}]}<\/script>\n<!-- \/ Yoast SEO plugin. -->","yoast_head_json":{"title":"Pol\u00edtica de seguretat alimentaria - Caf\u00e8s Novell","robots":{"index":"index","follow":"follow","max-snippet":"max-snippet:-1","max-image-preview":"max-image-preview:large","max-video-preview":"max-video-preview:-1"},"canonical":"https:\/\/cafesnovell.com\/ca\/politica-seguretat-alimentaria\/","og_locale":"ca_ES","og_type":"article","og_title":"Pol\u00edtica de seguretat alimentaria - Caf\u00e8s Novell","og_description":"&nbsp; Pol\u00edtica de la qualitat i seguretat aliment\u00e0ria &nbsp; A CAF\u00c8S NOVELL, S.A., com empresa que es dedica a la selecci\u00f3 i disseny de blends, torrat, envasat i comercialitzaci\u00f3 de caf\u00e8 i a la comercialitzaci\u00f3 de complements del caf\u00e8, volem garantir de forma cont\u00ednua la satisfacci\u00f3 dels nostres clients, tant interns com externs, aix\u00ed com [&hellip;]","og_url":"https:\/\/cafesnovell.com\/ca\/politica-seguretat-alimentaria\/","og_site_name":"Caf\u00e8s Novell","article_modified_time":"2022-01-05T10:01:15+00:00","twitter_card":"summary_large_image","twitter_misc":{"Temps estimat de lectura":"3 minuts"},"schema":{"@context":"https:\/\/schema.org","@graph":[{"@type":"WebPage","@id":"https:\/\/cafesnovell.com\/ca\/politica-seguretat-alimentaria\/","url":"https:\/\/cafesnovell.com\/ca\/politica-seguretat-alimentaria\/","name":"Pol\u00edtica de seguretat alimentaria - Caf\u00e8s Novell","isPartOf":{"@id":"https:\/\/cafesnovell.com\/ca\/#website"},"datePublished":"2019-10-17T21:30:32+00:00","dateModified":"2022-01-05T10:01:15+00:00","breadcrumb":{"@id":"https:\/\/cafesnovell.com\/ca\/politica-seguretat-alimentaria\/#breadcrumb"},"inLanguage":"ca","potentialAction":[{"@type":"ReadAction","target":["https:\/\/cafesnovell.com\/ca\/politica-seguretat-alimentaria\/"]}]},{"@type":"BreadcrumbList","@id":"https:\/\/cafesnovell.com\/ca\/politica-seguretat-alimentaria\/#breadcrumb","itemListElement":[{"@type":"ListItem","position":1,"name":"Inici","item":"https:\/\/cafesnovell.com\/ca\/"},{"@type":"ListItem","position":2,"name":"Pol\u00edtica de seguretat alimentaria"}]},{"@type":"WebSite","@id":"https:\/\/cafesnovell.com\/ca\/#website","url":"https:\/\/cafesnovell.com\/ca\/","name":"Caf\u00e8s Novell","description":"Organic Premium Coffee","potentialAction":[{"@type":"SearchAction","target":{"@type":"EntryPoint","urlTemplate":"https:\/\/cafesnovell.com\/ca\/?s={search_term_string}"},"query-input":{"@type":"PropertyValueSpecification","valueRequired":true,"valueName":"search_term_string"}}],"inLanguage":"ca"}]}},"_links":{"self":[{"href":"https:\/\/cafesnovell.com\/ca\/wp-json\/wp\/v2\/pages\/9753","targetHints":{"allow":["GET"]}}],"collection":[{"href":"https:\/\/cafesnovell.com\/ca\/wp-json\/wp\/v2\/pages"}],"about":[{"href":"https:\/\/cafesnovell.com\/ca\/wp-json\/wp\/v2\/types\/page"}],"author":[{"embeddable":true,"href":"https:\/\/cafesnovell.com\/ca\/wp-json\/wp\/v2\/users\/1"}],"replies":[{"embeddable":true,"href":"https:\/\/cafesnovell.com\/ca\/wp-json\/wp\/v2\/comments?post=9753"}],"version-history":[{"count":0,"href":"https:\/\/cafesnovell.com\/ca\/wp-json\/wp\/v2\/pages\/9753\/revisions"}],"wp:attachment":[{"href":"https:\/\/cafesnovell.com\/ca\/wp-json\/wp\/v2\/media?parent=9753"}],"curies":[{"name":"wp","href":"https:\/\/api.w.org\/{rel}","templated":true}]}}