{"id":9750,"date":"2019-10-17T21:27:28","date_gmt":"2019-10-17T21:27:28","guid":{"rendered":"https:\/\/cafesnovell.com\/politica-de-cookies-2\/"},"modified":"2021-04-15T16:04:30","modified_gmt":"2021-04-15T14:04:30","slug":"politica-de-cookies","status":"publish","type":"page","link":"https:\/\/cafesnovell.com\/ca\/politica-de-cookies\/","title":{"rendered":"Pol\u00edtica de cookies"},"content":{"rendered":"<p>&nbsp;<\/p>\n<p>&nbsp;<\/p>\n<p>&nbsp;<\/p>\n<h2>POL\u00cdTICA DE COOKIES<\/h2>\n<p>Aquesta pol\u00edtica de cookies t\u00e9 per finalitat informar de manera clara i precisa sobre les cookies que s\u2019utilitzen en la nostra web.<\/p>\n<p>Utilitzem cookies pr\u00f2pies i de tercers per a millorar els nostres serveis, personalitzar el nostre lloc web, facilitar la navegaci\u00f3 dels nostres usuaris, proporcionar-li una millor experi\u00e8ncia en l\u2019\u00fas del lloc web, identificar problemes per a millorar el mateix, fer mesuraments i estad\u00edstiques d\u2019\u00fas i mostrar-li publicitat relacionada amb les seves prefer\u00e8ncies mitjan\u00e7ant l\u2019an\u00e0lisi de l\u2019\u00fas del lloc web.<\/p>\n<p>L\u2019informem que podem utilitzar cookies en el seu equip a condici\u00f3 que l\u2019\/la usuari\/a hagi donat el seu consentiment, excepte en els sup\u00f2sits en els quals les cookies siguin necess\u00e0ries per a la navegaci\u00f3 pel nostre lloc web. En cas que presti el seu consentiment, podrem utilitzar cookies que ens permetran tenir m\u00e9s informaci\u00f3 sobre les seves prefer\u00e8ncies i personalitzar el nostre lloc web de conformitat amb els seus interessos individuals.<\/p>\n<p><em><strong>QU\u00c8 S\u00d3N LES COOKIES?<\/strong><\/em><\/p>\n<p>Les cookies i altres tecnologies similars com ara local shared objects, flaix cookies o p\u00edxels, s\u00f3n eines utilitzades pels servidors Web per a emmagatzemar i recuperar informaci\u00f3 sobre els seus visitants, aix\u00ed com per a oferir un correcte funcionament del lloc.<\/p>\n<p><em><strong>TIPUS DE COOKIES<\/strong><\/em><\/p>\n<p><strong>Tipus de cookies en funci\u00f3 de l\u2019entitat que les gestioni: <\/strong><\/p>\n<ul>\n<li><strong>Cookies pr\u00f2pies<\/strong>: s\u00f3n aquelles que s\u2019envien a l\u2019equip terminal de l\u2019usuari des d\u2019un equip o domini gestionat pel titular de la p\u00e0gina web i des de la qual es presta el servei sol\u00b7licitat per l\u2019usuari.<\/li>\n<li><strong>Cookies de tercers:<\/strong> s\u00f3n aquelles que s\u2019envien a l\u2019equip terminal de l\u2019usuari des d\u2019un equip o domini que no \u00e9s gestionat pel titular de la p\u00e0gina web des de la qual es presta el servei sol\u00b7licitat per l\u2019usuari, sin\u00f3 per una altra entitat que tracta les dades obtingudes trav\u00e9s de les cookies. Aix\u00ed mateix, en el cas que les cookies siguin instal\u00b7lades des d\u2019un equip o domini gestionat pel propi titular del lloc web per\u00f2 la informaci\u00f3 que es reculli mitjan\u00e7ant aquestes sigui gestionada per un tercer, tamb\u00e9 seran considerades com a cookies de tercers.<\/li>\n<\/ul>\n<p><strong>Tipus de cookies segons la finalitat: <\/strong><\/p>\n<ul>\n<li><strong>Cookies t\u00e8cniques:<\/strong> s\u00f3n aquelles que permeten a l\u2019usuari la navegaci\u00f3 a trav\u00e9s d\u2019una p\u00e0gina web, plataforma o aplicaci\u00f3 i la utilitzaci\u00f3 de les diferents opcions o serveis que en ella existeixin, incloent aquelles que l\u2019editor utilitza per a permetre la gesti\u00f3 i operativa de la p\u00e0gina web i habilitar les seves funcions i serveis, com, per exemple, controlar el tr\u00e0nsit i la comunicaci\u00f3 de dades, identificar la sessi\u00f3, accedir a parts d\u2019acc\u00e9s restringit, recordar els elements que integren una comanda, realitzar el proc\u00e9s de compra d\u2019una comanda, gestionar el pagament, controlar el frau vinculat a la seguretat del servei, realitzar la sol\u00b7licitud d\u2019inscripci\u00f3 o participaci\u00f3 en un esdeveniment, comptar visites a l\u2019efecte de la facturaci\u00f3 de llic\u00e8ncies del programari amb el qual funciona el servei (lloc web, plataforma o aplicaci\u00f3), utilitzar elements de seguretat durant la navegaci\u00f3, emmagatzemar continguts per a la difusi\u00f3 de v\u00eddeos o so, habilitar continguts din\u00e0mics (per exemple, animaci\u00f3 de c\u00e0rrega d\u2019un text o imatge) o compartir continguts a trav\u00e9s de xarxes socials.<\/li>\n<\/ul>\n<p>Tamb\u00e9 pertanyen a aquesta categoria, per la seva naturalesa t\u00e8cnica, aquelles cookies que permeten la gesti\u00f3, de la forma m\u00e9s efica\u00e7 possible, dels espais publicitaris que, com un element m\u00e9s de disseny o \u201cmaquetaci\u00f3\u201d del servei ofert a l\u2019usuari, l\u2019editor hagi incl\u00f2s en una p\u00e0gina web, aplicaci\u00f3 o plataforma sobre la base de criteris com el contingut editat, sense que es recopili informaci\u00f3 dels usuaris amb finalitats diferents, com pot ser personalitzar aquest contingut publicitari o altres continguts.<\/p>\n<ul>\n<li><strong>Cookies de prefer\u00e8ncies o personalitzaci\u00f3<\/strong>: s\u00f3n aquelles que permeten recordar informaci\u00f3 perqu\u00e8 l\u2019usuari accedeixi al servei amb determinades caracter\u00edstiques que poden diferenciar la seva experi\u00e8ncia de la d\u2019altres usuaris, com, per exemple, l\u2019idioma, el nombre de resultats a mostrar quan l\u2019usuari realitza una cerca, l\u2019aspecte o contingut del servei en funci\u00f3 de la mena de navegador a trav\u00e9s del qual l\u2019usuari accedeix al servei o de la regi\u00f3 des de la qual accedeix al servei, etc.<\/li>\n<li><strong>Cookies d\u2019an\u00e0lisis o mesurament:<\/strong> s\u00f3n aquelles que permeten al responsable de les mateixes el seguiment i an\u00e0lisi del comportament dels usuaris dels llocs web als quals estan vinculades, inclosa la quantificaci\u00f3 dels impactes dels anuncis. La informaci\u00f3 recollida mitjan\u00e7ant aquesta mena de cookies s\u2019utilitza en el mesurament de l\u2019activitat dels llocs web, aplicaci\u00f3 o plataforma, amb la finalitat d\u2019introduir millores en funci\u00f3 de l\u2019an\u00e0lisi de les dades d\u2019\u00fas que fan els usuaris del servei.<\/li>\n<li><strong>Cookies de publicitat comportamental:<\/strong> s\u00f3n aquelles que permeten la gesti\u00f3, de la forma m\u00e9s efica\u00e7 possible, dels espais publicitaris que hi ha en la p\u00e0gina web. Aquestes cookies emmagatzemen informaci\u00f3 del comportament dels usuaris obtinguda a trav\u00e9s de l\u2019observaci\u00f3 continuada dels seus h\u00e0bits de navegaci\u00f3, la qual cosa permet desenvolupar un perfil espec\u00edfic per a mostrar publicitat en funci\u00f3 d\u2019aquest.<\/li>\n<li><strong>Cookies de geolocalitzaci\u00f3<\/strong>: s\u2019utilitzen per a saber en quin lloc es troba un usuari quan sol\u00b7licita un servei. Aquesta cookie \u00e9s an\u00f2nima i s\u2019usa per exemple per a oferir-li la informaci\u00f3 adequada depenent del pa\u00eds en el qual es trobi.<\/li>\n<\/ul>\n<p><strong>Tipus de Cookies segons termini de temps que romanen activades:<\/strong><\/p>\n<ul>\n<li><strong>Cookies de sessi\u00f3<\/strong>: s\u00f3n aquelles dissenyades per a recaptar i emmagatzemar dades mentre l\u2019usuari accedeix a una p\u00e0gina web. Se solen emprar per a emmagatzemar informaci\u00f3 que nom\u00e9s interessa conservar per a la prestaci\u00f3 del servei sol\u00b7licitat per l\u2019usuari en una sola ocasi\u00f3 (per exemple, una llista de productes adquirits) i desapareixen en acabar la sessi\u00f3.<\/li>\n<li><strong>Cookies persistents:<\/strong> s\u00f3n aquelles en les quals les dades segueixen emmagatzemats en el terminal i poden ser accedits i tractats durant un per\u00edode definit pel responsable de la cookie, i que pot anar d\u2019uns minuts a diversos anys.<\/li>\n<\/ul>\n<p>&nbsp;<\/p>\n<p><strong>COOKIES T\u00c8CNIQUES<\/strong><\/p>\n<p>&nbsp;<\/p>\n<p>&nbsp;<\/p>\n<table width=\"548\">\n<thead>\n<tr>\n<td width=\"203\">NOM<\/td>\n<td width=\"340\">DESCRIPCI\u00d3<\/td>\n<\/tr>\n<\/thead>\n<tbody>\n<tr>\n<td width=\"203\">CART<\/td>\n<td width=\"340\">Emmagatzema productes a la seva cistella de compra i processos relacionats.<\/td>\n<\/tr>\n<tr>\n<td width=\"203\">CATEGORY_INFO<\/td>\n<td width=\"340\">Emmagatzema la informaci\u00f3 de la categoria a la p\u00e0gina, que permet mostrar les p\u00e0gines amb m\u00e9s rapidesa.<\/td>\n<\/tr>\n<tr>\n<td width=\"203\">COMPARE<\/td>\n<td width=\"340\">Els articles que vost\u00e8 t\u00e9 en la llista dels productes que voleu comparar.<\/td>\n<\/tr>\n<tr>\n<td width=\"203\">CURRENCY<\/td>\n<td width=\"340\">La moneda local del seu pa\u00eds.<\/td>\n<\/tr>\n<tr>\n<td width=\"203\">CUSTOMER<\/td>\n<td width=\"340\">Una versi\u00f3 xifrada del seu identificador de client amb la botiga.<\/td>\n<\/tr>\n<tr>\n<td width=\"203\">CUSTOMER_AUTH<\/td>\n<td width=\"340\">Un indicador si es registren actualment a la botiga.<\/td>\n<\/tr>\n<tr>\n<td width=\"203\">CUSTOMER_INFO<\/td>\n<td width=\"340\">Una versi\u00f3 encriptada del grup de clients al qual pertany.<\/td>\n<\/tr>\n<tr>\n<td width=\"203\">CUSTOMER_SEGMENT_IDS<\/td>\n<td width=\"340\">Emmagatzema l&#8217;ID Segment de clients.<\/td>\n<\/tr>\n<tr>\n<td width=\"203\">EXTERNAL_NO_CACHE<\/td>\n<td width=\"340\">Una bandera que indica si la mem\u00f2ria cach\u00e9 est\u00e0 desactivada o no.<\/td>\n<\/tr>\n<tr>\n<td width=\"203\">FRONTEND<\/td>\n<td width=\"340\">El seu session ID al servidor.<\/td>\n<\/tr>\n<tr>\n<td width=\"203\">GUEST-VIEW<\/td>\n<td width=\"340\">Permet als clients no registrats editar les seves ordres.<\/td>\n<\/tr>\n<tr>\n<td width=\"203\">LAST_CATEGORY<\/td>\n<td width=\"340\">L&#8217;\u00faltima categoria que va visitar.<\/td>\n<\/tr>\n<tr>\n<td width=\"203\">LAST_PRODUCT<\/td>\n<td width=\"340\">El producte m\u00e9s recent que ha vist.<\/td>\n<\/tr>\n<tr>\n<td width=\"203\">NEWMESSAGE<\/td>\n<td width=\"340\">Indica si s&#8217;ha rebut un nou missatge.<\/td>\n<\/tr>\n<tr>\n<td width=\"203\">NO_CACHE<\/td>\n<td width=\"340\">Indica si es permet l&#8217;\u00fas de mem\u00f2ria cach\u00e9.<\/td>\n<\/tr>\n<tr>\n<td width=\"203\">PERSISTENT_SHOPPING_CART<\/td>\n<td width=\"340\">Un enlla\u00e7 a la informaci\u00f3 sobre la seva \u00faltima cistella.<\/td>\n<\/tr>\n<tr>\n<td width=\"203\">POLL<\/td>\n<td width=\"340\">La identificaci\u00f3 de cap enquesta que hagi votat recentment.<\/td>\n<\/tr>\n<tr>\n<td width=\"203\">POLLN<\/td>\n<td width=\"340\">La informaci\u00f3 sobre les enquestes que ha votat.<\/td>\n<\/tr>\n<tr>\n<td width=\"203\">RECENTLYCOMPARED<\/td>\n<td width=\"340\">Els elements que ha comparat recentment.<\/td>\n<\/tr>\n<tr>\n<td width=\"203\">STORE<\/td>\n<td width=\"340\">La vista de botiga o l&#8217;idioma que heu seleccionat.<\/td>\n<\/tr>\n<tr>\n<td width=\"203\">moove_gdpr_popup<\/td>\n<td width=\"340\">Indica si el client ha perm\u00e8s l&#8217;\u00fas de cookies.<\/td>\n<\/tr>\n<tr>\n<td width=\"203\">VIEWED_PRODUCT_IDS<\/td>\n<td width=\"340\">Els productes que s&#8217;han vist recentment.<\/td>\n<\/tr>\n<tr>\n<td width=\"203\">WISHLIST<\/td>\n<td width=\"340\">Una llista xifrada de productes afegits a la seva llista de desitjos.<\/td>\n<\/tr>\n<tr>\n<td width=\"203\">WISHLIST_CNT<\/td>\n<td width=\"340\">El nombre d&#8217;articles a la llista de desitjos.<\/td>\n<\/tr>\n<tr>\n<td width=\"203\">firstVisit<\/td>\n<td width=\"340\">Cookie que emmagatzema la primera vegada que l&#8217;usuari entra a l&#8217;apartat de la botiga.<\/td>\n<\/tr>\n<\/tbody>\n<\/table>\n<p><strong><br \/>\nLLISTAT DE COOKIES DE TERCERS<\/strong><\/p>\n<p>La seg\u00fcent taula mostra les galetes que recollim i quina informaci\u00f3 emmagatzemen.<\/p>\n<table>\n<tbody>\n<tr>\n<td>Propietat<\/td>\n<td>Cookie<\/td>\n<td>Finalitat<\/td>\n<td>Pla\u00e7<\/td>\n<\/tr>\n<tr>\n<td>google<\/td>\n<td>_ga<\/td>\n<td>Es fa servir per distingir els usuaris.<\/td>\n<td>2 anys<\/td>\n<\/tr>\n<tr>\n<td>google<\/td>\n<td>_gid<\/td>\n<td>Es fa servir per distingir els usuaris.<\/td>\n<td>24 hores<\/td>\n<\/tr>\n<tr>\n<td>google<\/td>\n<td>_gat<\/td>\n<td>S&#8217;usa per limitar el percentatge de sol\u00b7licituds. Si s&#8217;ha implementat Google Analytics mitjan\u00e7ant Google Tag Manager, aquesta galeta es dir\u00e0 _dc_gtm_.<\/td>\n<td>1 minut<\/td>\n<\/tr>\n<tr>\n<td>google<\/td>\n<td>_gcl_au<\/td>\n<td>Cookie per emmagatzemar i fer un seguiment de les conversions.<\/td>\n<td>3 mesos<\/td>\n<\/tr>\n<tr>\n<td>google<\/td>\n<td>_gali<\/td>\n<td>Utilitzada per Google Analytics per registrar els elements de la p\u00e0gina anterior amb els que l&#8217;usuari ha interactuat per arribar a la p\u00e0gina actual.<\/td>\n<td>&#8211;<\/td>\n<\/tr>\n<tr>\n<td>google<\/td>\n<td>_dc_gtm_UA-*<\/td>\n<td>Cookie per emmagatzemar el nombre de sol\u00b7licituds de servei.<\/td>\n<td>1 minut<\/td>\n<\/tr>\n<tr>\n<td>google<\/td>\n<td>__utma<\/td>\n<td>Utilitzada per distingir usuaris i sessions<\/td>\n<td>2 anys<\/td>\n<\/tr>\n<tr>\n<td>google<\/td>\n<td>__utmb, __ttmc<\/td>\n<td>Utilitzades per determinar noves visites, sessions<\/td>\n<td>30 minuts<\/td>\n<\/tr>\n<tr>\n<td>google<\/td>\n<td>__utmz<\/td>\n<td>Emmagatzema la font de tr\u00e0nsit per explicar com l&#8217;usuari arriba a el lloc<\/td>\n<td>6 mesos<\/td>\n<\/tr>\n<tr>\n<td>google<\/td>\n<td>NID\/CONSENT<\/td>\n<td>Les cookies (NID o CONSENT) permeten personalitzar com es veuen anuncis fora de Google o emmagatzemar informaci\u00f3 com l&#8217;idioma preferit a l&#8217;hora de mostrar resultats de cerca.<\/td>\n<td>6 mesos<\/td>\n<\/tr>\n<tr>\n<td>hubspot<\/td>\n<td>__hssc<\/td>\n<td>Fa seguiment a les sessions.<\/td>\n<td>30 minuts<\/td>\n<\/tr>\n<tr>\n<td>hubspot<\/td>\n<td>hubspotutk<\/td>\n<td>Fa seguiment a la identitat d&#8217;un visitant.<\/td>\n<td>en 16 dies<\/td>\n<\/tr>\n<tr>\n<td>hubspot<\/td>\n<td>__hssrc<\/td>\n<td>Quan Hubspot canvia la galeta de la sessi\u00f3, aquesta galeta tamb\u00e9 est\u00e0 configurada per determinar si el visitant ha reiniciat el seu navegador.<\/td>\n<td>13 mesos<\/td>\n<\/tr>\n<tr>\n<td>hubspot<\/td>\n<td>__hstc<\/td>\n<td>Cookie principal per seguiment dels visitants.<\/td>\n<td>13 mesos<\/td>\n<\/tr>\n<tr>\n<td>gstatic<\/td>\n<td>1P_JAR<\/td>\n<td>Cookie que transfereix dades a Google per fer la publicitat m\u00e9s atractiva.<\/td>\n<td>15 dies<\/td>\n<\/tr>\n<tr>\n<td>mailchimp<\/td>\n<td>mc_landing_site<\/td>\n<td>Cookie per emmagatzemar quina p\u00e0gina es visita primer.<\/td>\n<td>5 dies<\/td>\n<\/tr>\n<tr>\n<td>facebook<\/td>\n<td>_fbp<\/td>\n<td>Per emmagatzemar i realitzar un seguiment de les visites en els llocs web.<\/td>\n<td>1 dia<\/td>\n<\/tr>\n<tr>\n<td>Salesmanago<\/td>\n<td>smuuid<\/td>\n<td>Cookie de visites an\u00f2nimes.<\/td>\n<td>&#8211;<\/td>\n<\/tr>\n<tr>\n<td>Salesmanago<\/td>\n<td>smclient<\/td>\n<td>Cookie de monitoritzaci\u00f3 de contactes.<\/td>\n<td>&#8211;<\/td>\n<\/tr>\n<tr>\n<td>Salesmanago<\/td>\n<td>smform<\/td>\n<td>Cookie pels formularis de contacte (pop up, landing page, iframe).<\/td>\n<td>&#8211;<\/td>\n<\/tr>\n<tr>\n<td>Salesmanago<\/td>\n<td>smg<\/td>\n<td>Cookie per identificar l\u2019usuari, identificaci\u00f3 UUID.<\/td>\n<td>&#8211;<\/td>\n<\/tr>\n<tr>\n<td>Salesmanago<\/td>\n<td>smvr<\/td>\n<td>Cookie per identificar les visites, codificat en base64.<\/td>\n<td>&#8211;<\/td>\n<\/tr>\n<tr>\n<td>Salesmanago<\/td>\n<td>smwp<\/td>\n<td>Cookie pels webpushes.<\/td>\n<td>&#8211;<\/td>\n<\/tr>\n<tr>\n<td>Salesmanago<\/td>\n<td>smg<\/td>\n<td>Cookie per la identificaci\u00f3 global del client.<\/td>\n<td>&#8211;<\/td>\n<\/tr>\n<tr>\n<td>Salesmanago<\/td>\n<td>smcrsaved<\/td>\n<td>Cookie per poder saber si el identificador s\u2019ha guardat en el sistema.<\/td>\n<td>&#8211;<\/td>\n<\/tr>\n<tr>\n<td>Salesmanago<\/td>\n<td>smOViewsPopCap<\/td>\n<td>Cookie d\u2019informaci\u00f3 sobre el capping del pop up.<\/td>\n<td>&#8211;<\/td>\n<\/tr>\n<tr>\n<td>Youtube<\/td>\n<td>APISID, CONSENT,<br \/>\nHSID, LOGIN_INFO,<br \/>\nPREF, SAPISID, SID,<br \/>\nSSID, YSC,<br \/>\nVISITOR_INFO1_LIVE<\/td>\n<td>Recullen el nombre de visitants a el lloc, el temps que duren les visites, el navegador, el tipus de terminal, el lloc de proced\u00e8ncia dels visitants i les p\u00e0gines visitades.<\/td>\n<td>&#8211;<\/td>\n<\/tr>\n<\/tbody>\n<\/table>\n<p>&nbsp;<\/p>\n<p><em><strong>COM ES DESHABILITAN LES COOKIES EN ELS NAVEGADORS?<\/strong><\/em><\/p>\n<p>L\u2019usuari pot, en qualsevol moment, permetre, bloquejar o eliminar les cookies instal\u00b7lades en el seu equip mitjan\u00e7ant la modificaci\u00f3 dels par\u00e0metres de configuraci\u00f3 del navegador instal\u00b7lat en el seu ordinador:<\/p>\n<ul>\n<li><a href=\"https:\/\/support.google.com\/chrome\/answer\/95647?hl=es&amp;sc_ref_bbva=https%3A%2F%2Fwww.bbva.es%2Fsistema%2Fmeta%2Faviso-legal%2Findex.jsp\" aria-label=\". Open in a new browser\">Chrome<\/a> Configuraci\u00f3 -&gt; Mostrar opcions avan\u00e7ades -&gt; Privacitat -&gt; Configuraci\u00f3 del contingut.<\/li>\n<\/ul>\n<p>Per a m\u00e9s informaci\u00f3, pot consultar el suport de Google o l\u2019Ajuda del navegador.<\/p>\n<ul>\n<li><a href=\"http:\/\/windows.microsoft.com\/es-es\/windows7\/how-to-manage-cookies-in-internet-explorer-9?sc_ref_bbva=https%3A%2F%2Fwww.bbva.es%2Fsistema%2Fmeta%2Faviso-legal%2Findex.jsp\" aria-label=\". Open in a new browser\">Explorer<\/a> Eines -&gt; Opcions d\u2019Internet -&gt; Privacitat -&gt; Configuraci\u00f3.<\/li>\n<\/ul>\n<p>Per a m\u00e9s informaci\u00f3, pot consultar el suport de Microsoft o l\u2019Ajuda del navegador.\u200b\u200b\u200b\u200b\u200b<\/p>\n<ul>\n<li><a href=\"http:\/\/support.mozilla.org\/es\/kb\/habilitar-y-deshabilitar-cookies-que-los-sitios-we?sc_ref_bbva=https%3A%2F%2Fwww.bbva.es%2Fsistema%2Fmeta%2Faviso-legal%2Findex.jsp\" aria-label=\". Open in a new browser\">Firefox<\/a> Eines -&gt;Opcions -&gt; Privacitat -&gt; Historial -&gt; Configuraci\u00f3 Personalitzada.<\/li>\n<\/ul>\n<p>Per a m\u00e9s informaci\u00f3, pot consultar el suport de Mozilla o l\u2019Ajuda del navegador.<\/p>\n<ul>\n<li><a href=\"http:\/\/support.apple.com\/kb\/ph5042?sc_ref_bbva=https%3A%2F%2Fwww.bbva.es%2Fsistema%2Fmeta%2Faviso-legal%2Findex.jsp\" aria-label=\". Open in a new browser\">Safari<\/a> Prefer\u00e8ncies -&gt; Seguretat .<\/li>\n<\/ul>\n<p>Per a m\u00e9s informaci\u00f3, pot consultar el suport d\u2019Apple o l\u2019Ajuda del navegador<\/p>\n<p>La desactivaci\u00f3 de les cookies no impedeix la navegaci\u00f3 pel lloc web, encara que l\u2019\u00fas d\u2019alguns dels seus serveis podr\u00e0 ser limitat i, per tant, la seva experi\u00e8ncia de navegaci\u00f3 podr\u00e0 ser menys satisfact\u00f2ria.<\/p>\n<p><em><strong>RETIRAR EL CONSENTIMENT<\/strong><\/em><\/p>\n<p>L\u2019usuari podr\u00e0 retirar en qualsevol moment el seu consentiment relacionat amb la Pol\u00edtica de Cookies, i podr\u00e0 eliminar les cookies emmagatzemades en el seu equip a trav\u00e9s dels ajustos i configuracions del seu navegador d\u2019Internet, indicats anteriorment, aix\u00ed com accedint al nostre panell de configuraci\u00f3:<\/p>\n<p class=\"show-gdpr-banner\">CONFIGURAR COOKIES<\/p>\n<p>La present Pol\u00edtica de Cookies es podr\u00e0 modificar quan aix\u00ed ho exigeixi la legislaci\u00f3 vigent a cada moment o quan hi hagu\u00e9s alguna variaci\u00f3 en la mena de cookies utilitzades en el lloc web. Per aix\u00f2, li recomanem revisar aquesta pol\u00edtica cada vegada que accedeixi al nostre lloc web amb l\u2019objectiu d\u2019estar adequadament informat sobre com i per a qu\u00e8 usem les cookies.<\/p>\n","protected":false},"excerpt":{"rendered":"<p>&nbsp; &nbsp; &nbsp; POL\u00cdTICA DE COOKIES Aquesta pol\u00edtica de cookies t\u00e9 per finalitat informar de manera clara i precisa sobre les cookies que s\u2019utilitzen en la nostra web. Utilitzem cookies pr\u00f2pies i de tercers per a millorar els nostres serveis, personalitzar el nostre lloc web, facilitar la navegaci\u00f3 dels nostres usuaris, proporcionar-li una millor experi\u00e8ncia [&hellip;]<\/p>\n","protected":false},"author":1,"featured_media":0,"parent":0,"menu_order":1020,"comment_status":"closed","ping_status":"closed","template":"","meta":{"_acf_changed":false,"content-type":"","footnotes":""},"class_list":["post-9750","page","type-page","status-publish","hentry"],"acf":[],"yoast_head":"<!-- This site is optimized with the Yoast SEO plugin v27.3 - https:\/\/yoast.com\/product\/yoast-seo-wordpress\/ -->\n<title>Pol\u00edtica de cookies - Caf\u00e8s Novell<\/title>\n<meta name=\"robots\" content=\"index, follow, max-snippet:-1, max-image-preview:large, max-video-preview:-1\" \/>\n<link rel=\"canonical\" href=\"https:\/\/cafesnovell.com\/ca\/politica-de-cookies\/\" \/>\n<meta property=\"og:locale\" content=\"ca_ES\" \/>\n<meta property=\"og:type\" content=\"article\" \/>\n<meta property=\"og:title\" content=\"Pol\u00edtica de cookies - Caf\u00e8s Novell\" \/>\n<meta property=\"og:description\" content=\"&nbsp; &nbsp; &nbsp; POL\u00cdTICA DE COOKIES Aquesta pol\u00edtica de cookies t\u00e9 per finalitat informar de manera clara i precisa sobre les cookies que s\u2019utilitzen en la nostra web. Utilitzem cookies pr\u00f2pies i de tercers per a millorar els nostres serveis, personalitzar el nostre lloc web, facilitar la navegaci\u00f3 dels nostres usuaris, proporcionar-li una millor experi\u00e8ncia [&hellip;]\" \/>\n<meta property=\"og:url\" content=\"https:\/\/cafesnovell.com\/ca\/politica-de-cookies\/\" \/>\n<meta property=\"og:site_name\" content=\"Caf\u00e8s Novell\" \/>\n<meta property=\"article:modified_time\" content=\"2021-04-15T14:04:30+00:00\" \/>\n<meta name=\"twitter:card\" content=\"summary_large_image\" \/>\n<meta name=\"twitter:label1\" content=\"Temps estimat de lectura\" \/>\n\t<meta name=\"twitter:data1\" content=\"8 minuts\" \/>\n<script type=\"application\/ld+json\" class=\"yoast-schema-graph\">{\"@context\":\"https:\\\/\\\/schema.org\",\"@graph\":[{\"@type\":\"WebPage\",\"@id\":\"https:\\\/\\\/cafesnovell.com\\\/ca\\\/politica-de-cookies\\\/\",\"url\":\"https:\\\/\\\/cafesnovell.com\\\/ca\\\/politica-de-cookies\\\/\",\"name\":\"Pol\u00edtica de cookies - Caf\u00e8s Novell\",\"isPartOf\":{\"@id\":\"https:\\\/\\\/cafesnovell.com\\\/ca\\\/#website\"},\"datePublished\":\"2019-10-17T21:27:28+00:00\",\"dateModified\":\"2021-04-15T14:04:30+00:00\",\"breadcrumb\":{\"@id\":\"https:\\\/\\\/cafesnovell.com\\\/ca\\\/politica-de-cookies\\\/#breadcrumb\"},\"inLanguage\":\"ca\",\"potentialAction\":[{\"@type\":\"ReadAction\",\"target\":[\"https:\\\/\\\/cafesnovell.com\\\/ca\\\/politica-de-cookies\\\/\"]}]},{\"@type\":\"BreadcrumbList\",\"@id\":\"https:\\\/\\\/cafesnovell.com\\\/ca\\\/politica-de-cookies\\\/#breadcrumb\",\"itemListElement\":[{\"@type\":\"ListItem\",\"position\":1,\"name\":\"Inici\",\"item\":\"https:\\\/\\\/cafesnovell.com\\\/ca\\\/\"},{\"@type\":\"ListItem\",\"position\":2,\"name\":\"Pol\u00edtica de cookies\"}]},{\"@type\":\"WebSite\",\"@id\":\"https:\\\/\\\/cafesnovell.com\\\/ca\\\/#website\",\"url\":\"https:\\\/\\\/cafesnovell.com\\\/ca\\\/\",\"name\":\"Caf\u00e8s Novell\",\"description\":\"Organic Premium Coffee\",\"potentialAction\":[{\"@type\":\"SearchAction\",\"target\":{\"@type\":\"EntryPoint\",\"urlTemplate\":\"https:\\\/\\\/cafesnovell.com\\\/ca\\\/?s={search_term_string}\"},\"query-input\":{\"@type\":\"PropertyValueSpecification\",\"valueRequired\":true,\"valueName\":\"search_term_string\"}}],\"inLanguage\":\"ca\"}]}<\/script>\n<!-- \/ Yoast SEO plugin. -->","yoast_head_json":{"title":"Pol\u00edtica de cookies - Caf\u00e8s Novell","robots":{"index":"index","follow":"follow","max-snippet":"max-snippet:-1","max-image-preview":"max-image-preview:large","max-video-preview":"max-video-preview:-1"},"canonical":"https:\/\/cafesnovell.com\/ca\/politica-de-cookies\/","og_locale":"ca_ES","og_type":"article","og_title":"Pol\u00edtica de cookies - Caf\u00e8s Novell","og_description":"&nbsp; &nbsp; &nbsp; POL\u00cdTICA DE COOKIES Aquesta pol\u00edtica de cookies t\u00e9 per finalitat informar de manera clara i precisa sobre les cookies que s\u2019utilitzen en la nostra web. Utilitzem cookies pr\u00f2pies i de tercers per a millorar els nostres serveis, personalitzar el nostre lloc web, facilitar la navegaci\u00f3 dels nostres usuaris, proporcionar-li una millor experi\u00e8ncia [&hellip;]","og_url":"https:\/\/cafesnovell.com\/ca\/politica-de-cookies\/","og_site_name":"Caf\u00e8s Novell","article_modified_time":"2021-04-15T14:04:30+00:00","twitter_card":"summary_large_image","twitter_misc":{"Temps estimat de lectura":"8 minuts"},"schema":{"@context":"https:\/\/schema.org","@graph":[{"@type":"WebPage","@id":"https:\/\/cafesnovell.com\/ca\/politica-de-cookies\/","url":"https:\/\/cafesnovell.com\/ca\/politica-de-cookies\/","name":"Pol\u00edtica de cookies - Caf\u00e8s Novell","isPartOf":{"@id":"https:\/\/cafesnovell.com\/ca\/#website"},"datePublished":"2019-10-17T21:27:28+00:00","dateModified":"2021-04-15T14:04:30+00:00","breadcrumb":{"@id":"https:\/\/cafesnovell.com\/ca\/politica-de-cookies\/#breadcrumb"},"inLanguage":"ca","potentialAction":[{"@type":"ReadAction","target":["https:\/\/cafesnovell.com\/ca\/politica-de-cookies\/"]}]},{"@type":"BreadcrumbList","@id":"https:\/\/cafesnovell.com\/ca\/politica-de-cookies\/#breadcrumb","itemListElement":[{"@type":"ListItem","position":1,"name":"Inici","item":"https:\/\/cafesnovell.com\/ca\/"},{"@type":"ListItem","position":2,"name":"Pol\u00edtica de cookies"}]},{"@type":"WebSite","@id":"https:\/\/cafesnovell.com\/ca\/#website","url":"https:\/\/cafesnovell.com\/ca\/","name":"Caf\u00e8s Novell","description":"Organic Premium Coffee","potentialAction":[{"@type":"SearchAction","target":{"@type":"EntryPoint","urlTemplate":"https:\/\/cafesnovell.com\/ca\/?s={search_term_string}"},"query-input":{"@type":"PropertyValueSpecification","valueRequired":true,"valueName":"search_term_string"}}],"inLanguage":"ca"}]}},"_links":{"self":[{"href":"https:\/\/cafesnovell.com\/ca\/wp-json\/wp\/v2\/pages\/9750","targetHints":{"allow":["GET"]}}],"collection":[{"href":"https:\/\/cafesnovell.com\/ca\/wp-json\/wp\/v2\/pages"}],"about":[{"href":"https:\/\/cafesnovell.com\/ca\/wp-json\/wp\/v2\/types\/page"}],"author":[{"embeddable":true,"href":"https:\/\/cafesnovell.com\/ca\/wp-json\/wp\/v2\/users\/1"}],"replies":[{"embeddable":true,"href":"https:\/\/cafesnovell.com\/ca\/wp-json\/wp\/v2\/comments?post=9750"}],"version-history":[{"count":0,"href":"https:\/\/cafesnovell.com\/ca\/wp-json\/wp\/v2\/pages\/9750\/revisions"}],"wp:attachment":[{"href":"https:\/\/cafesnovell.com\/ca\/wp-json\/wp\/v2\/media?parent=9750"}],"curies":[{"name":"wp","href":"https:\/\/api.w.org\/{rel}","templated":true}]}}