{"id":9735,"date":"2019-10-17T21:14:40","date_gmt":"2019-10-17T21:14:40","guid":{"rendered":"https:\/\/cafesnovell.com\/baristes\/novell-training-center\/"},"modified":"2019-10-18T18:03:49","modified_gmt":"2019-10-18T18:03:49","slug":"novell-training-center","status":"publish","type":"page","link":"https:\/\/cafesnovell.com\/ca\/baristes\/novell-training-center\/","title":{"rendered":"Novell training center"},"content":{"rendered":"<div class=\"wpb-content-wrapper\">[vc_section full_width=&#8221;stretch_row&#8221; css=&#8221;.vc_custom_1567439627256{background-image: url(http:\/\/cafesnovell.com\/wp-content\/uploads\/2019\/09\/header-hoja.png?id=3759) !important;background-position: center !important;background-repeat: no-repeat !important;background-size: cover !important;}&#8221;][vc_row fullwidth=&#8221;true&#8221;][vc_column width=&#8221;11\/12&#8243; css=&#8221;.vc_custom_1569405156914{margin-left: 50px !important;}&#8221;][vc_column_text css=&#8221;.vc_custom_1566301594956{margin-bottom: 0px !important;}&#8221;]NOVELL<br \/>\nTRAINING<br \/>\nCENTER[\/vc_column_text][\/vc_column][vc_column width=&#8221;1\/12&#8243;][\/vc_column][\/vc_row][\/vc_section][vc_section full_width=&#8221;stretch_row&#8221; css=&#8221;.vc_custom_1566303485138{margin-top: 1px !important;background-image: url(http:\/\/cafesnovell.com\/wp-content\/uploads\/2019\/07\/fondo.png?id=329) !important;}&#8221;][vc_row fullwidth=&#8221;true&#8221;][vc_column][vc_single_image image=&#8221;560&#8243; img_size=&#8221;full&#8221; alignment=&#8221;center&#8221;][\/vc_column][\/vc_row][vc_row fullwidth=&#8221;true&#8221; css=&#8221;.vc_custom_1568881624503{padding-bottom: 29px !important;}&#8221;][vc_column width=&#8221;1\/6&#8243;][\/vc_column][vc_column width=&#8221;5\/6&#8243; el_class=&#8221;info-container&#8221;][vc_column_text css=&#8221;.vc_custom_1566303115710{margin-bottom: 0px !important;}&#8221;]PORTA LA TEVA T\u00c8CNICA BARISTA A L&#8217;EXCEL\u00b7L\u00c8NCIA[\/vc_column_text][\/vc_column][\/vc_row][vc_row fullwidth=&#8221;true&#8221; el_class=&#8221;list-restauracio&#8221; css=&#8221;.vc_custom_1568881637042{padding-bottom: 49px !important;}&#8221;][vc_column width=&#8221;1\/6&#8243; el_class=&#8221;list-restauracio-descr&#8221;][\/vc_column][vc_column width=&#8221;2\/3&#8243; el_class=&#8221;blanco dos-columnas section-text&#8221;][vc_column_text el_class=&#8221;dos-columnas&#8221; css=&#8221;.vc_custom_1568015027193{margin-bottom: 0px !important;}&#8221;]Amb Caf\u00e8s Novell pots aconseguir millorar la teva t\u00e8cnica professional amb cursos especialment dissenyats pels baristes professionals, impartits per membres del nostre Departament de Formaci\u00f3, acreditats com AST (Authorized SCA Trainer) i capacitats per impartir els tres nivells del <em>Coffee Skills Programme<\/em>.[\/vc_column_text][\/vc_column][vc_column width=&#8221;1\/6&#8243;][\/vc_column][\/vc_row][\/vc_section][vc_section full_width=&#8221;stretch_row&#8221;][vc_row][vc_column][vc_single_image image=&#8221;3179&#8243; img_size=&#8221;full&#8221; alignment=&#8221;center&#8221;][\/vc_column][\/vc_row][\/vc_section][vc_section][vc_row][vc_column width=&#8221;1\/3&#8243;][vc_row_inner][vc_column_inner el_class=&#8221;title-curso&#8221; css=&#8221;.vc_custom_1567517296910{padding-top: 0px !important;background-color: #bcb199 !important;}&#8221;][vc_column_text css=&#8221;.vc_custom_1567516836874{padding-top: 15px !important;padding-left: 1% !important;background-color: #bcb199 !important;}&#8221;]CURS<br \/>\n<strong>FOUNDATION<\/strong>[\/vc_column_text][vc_column_text el_class=&#8221;horas&#8221; css=&#8221;.vc_custom_1567516855265{padding-left: 1% !important;background-color: #bcb199 !important;}&#8221;]7 HORES[\/vc_column_text][\/vc_column_inner][\/vc_row_inner][vc_column_text el_class=&#8221;iniciado-barista&#8221; css=&#8221;.vc_custom_1567580666074{margin-bottom: 0px !important;margin-left: 11% !important;padding-top: 45px !important;background-color: #ffffff !important;background-position: center !important;background-repeat: no-repeat !important;background-size: cover !important;}&#8221;]\n<ol>\n<li>Bot\u00e0nica del caf\u00e8<\/li>\n<li>Esp\u00e8cies i informaci\u00f3 espec\u00edfica<\/li>\n<li>Planta del caf\u00e8<\/li>\n<li>Processat i beneficis<\/li>\n<li>Aspecte del torrat<\/li>\n<li>Factors que afecten l&#8217;extracci\u00f3<\/li>\n<li>Import\u00e0ncia de l&#8217;aigua<\/li>\n<li>Aspectes del torrat<\/li>\n<li>Neteja d&#8217;equips<\/li>\n<li>Relaci\u00f3 caf\u00e8-aigua (rati)<\/li>\n<li>Com fer la tassa perfecta<\/li>\n<li>La ci\u00e8ncia del proc\u00e9s d&#8217;extracci\u00f3<\/li>\n<li>T\u00e8cnica del control d&#8217;extracci\u00f3<\/li>\n<li>Errors en l&#8217;extracci\u00f3<\/li>\n<li>Gesti\u00f3 dels diferents m\u00e8todes<\/li>\n<\/ol>\n[\/vc_column_text][\/vc_column][vc_column width=&#8221;1\/3&#8243; css=&#8221;.vc_custom_1568023755465{margin-right: 0px !important;padding-bottom: 30px !important;}&#8221;][vc_row_inner][vc_column_inner el_class=&#8221;title-curso&#8221; css=&#8221;.vc_custom_1567517288622{padding-top: 0px !important;background-color: #045732 !important;}&#8221;][vc_column_text css=&#8221;.vc_custom_1567517158289{margin-bottom: 0px !important;padding-top: 15px !important;padding-left: 1% !important;}&#8221;]CURS<br \/>\n<strong>INTERMEDIATE<\/strong>[\/vc_column_text][vc_column_text el_class=&#8221;horas&#8221; css=&#8221;.vc_custom_1567517351064{margin-bottom: 0px !important;padding-left: 1% !important;}&#8221;]14 HORES[\/vc_column_text][\/vc_column_inner][\/vc_row_inner][vc_column_text el_class=&#8221;iniciado-barista&#8221; css=&#8221;.vc_custom_1567517238923{margin-bottom: 0px !important;padding-top: 45px !important;}&#8221;]A partir d&#8217;aquesta base, invertint 14 hores m\u00e9s amb el <strong>Curs Intermediate<\/strong>, pots abordar aspectes del <em>blend<\/em> de caf\u00e8, treball en equip, ajust del punt de m\u00f2lta, premsat i dosificaci\u00f3 \u00f2ptima. Dominar\u00e0s t\u00e8cniques de preparaci\u00f3 de la llet, men\u00fa barista, i perfeccionar\u00e0s la manutenci\u00f3, neteja, apertura i tancament de la cafetera.<\/p>\n<p>Consolidades les eines i els coneixements adquirits en el nivell <strong>Intermediate<\/strong>, podr\u00e0s invertir 21 hores m\u00e9s per aconseguir el grau <strong>Professional<\/strong>.[\/vc_column_text][\/vc_column][vc_column width=&#8221;1\/3&#8243; css=&#8221;.vc_custom_1568023761049{margin-right: 0px !important;padding-bottom: 30px !important;}&#8221;][vc_row_inner][vc_column_inner el_class=&#8221;title-curso&#8221; css=&#8221;.vc_custom_1567517615696{padding-top: 0px !important;background-color: #000000 !important;}&#8221;][vc_column_text el_class=&#8221;title-curso&#8221; css=&#8221;.vc_custom_1567517513096{margin-bottom: 0px !important;padding-top: 15px !important;padding-left: 1% !important;}&#8221;]CURS<br \/>\n<strong>PROFESSIONAL<\/strong>[\/vc_column_text][vc_column_text el_class=&#8221;horas&#8221; css=&#8221;.vc_custom_1567517519418{margin-bottom: 0px !important;padding-left: 1% !important;}&#8221;]21 HORES[\/vc_column_text][\/vc_column_inner][\/vc_row_inner][vc_column_text el_class=&#8221;iniciado-barista&#8221; css=&#8221;.vc_custom_1567517653378{margin-bottom: 0px !important;padding-top: 45px !important;}&#8221;]Superades les proves de qualsevol dels tres cursos \/ nivells, <strong>The Speciality Coffee Association (SCA)<\/strong> atorga una certificaci\u00f3 de Barista Skills (un cop pagades les tasses de <strong>SCA<\/strong>) en la modalitat del curs realitzat, t\u00edtol molt reconegut en el sector professional.[\/vc_column_text][vc_single_image image=&#8221;3213&#8243; img_size=&#8221;full&#8221; alignment=&#8221;center&#8221;][\/vc_column][\/vc_row][vc_row css=&#8221;.vc_custom_1568024109455{padding-top: 38px !important;padding-bottom: 28px !important;}&#8221;][vc_column el_class=&#8221;iniciado-barista&#8221;][vc_column_text css=&#8221;.vc_custom_1567517446673{margin-bottom: 0px !important;}&#8221;]Si ja t&#8217;has iniciat com a barista, pots optar al <strong>Curs Foundation<\/strong>, que engloba una <strong>base de coneixements generals.<\/strong>[\/vc_column_text][\/vc_column][\/vc_row][\/vc_section][vc_section full_width=&#8221;stretch_row&#8221; css=&#8221;.vc_custom_1566380195968{background-color: #e9e9e9 !important;}&#8221;][vc_row el_class=&#8221;calendario&#8221;][vc_column][vc_column_text css=&#8221;.vc_custom_1566380621654{margin-bottom: 0px !important;}&#8221;]\n<p style=\"text-align: left;\">CALENDARI DE CURSOS CERTIFICACI\u00d3 SCA 2019\/2020<\/p>\n[\/vc_column_text][\/vc_column][\/vc_row][vc_row][vc_column][vc_single_image image=&#8221;3220&#8243; img_size=&#8221;full&#8221;][\/vc_column][\/vc_row][\/vc_section]\n<\/div>","protected":false},"excerpt":{"rendered":"<p>[vc_section full_width=&#8221;stretch_row&#8221; css=&#8221;.vc_custom_1567439627256{background-image: url(http:\/\/cafesnovell.com\/wp-content\/uploads\/2019\/09\/header-hoja.png?id=3759) !important;background-position: center !important;background-repeat: no-repeat !important;background-size: cover !important;}&#8221;][vc_row fullwidth=&#8221;true&#8221;][vc_column width=&#8221;11\/12&#8243; css=&#8221;.vc_custom_1569405156914{margin-left: 50px !important;}&#8221;][vc_column_text css=&#8221;.vc_custom_1566301594956{margin-bottom: 0px !important;}&#8221;]NOVELL TRAINING CENTER[\/vc_column_text][\/vc_column][vc_column width=&#8221;1\/12&#8243;][\/vc_column][\/vc_row][\/vc_section][vc_section full_width=&#8221;stretch_row&#8221; css=&#8221;.vc_custom_1566303485138{margin-top: 1px !important;background-image: url(http:\/\/cafesnovell.com\/wp-content\/uploads\/2019\/07\/fondo.png?id=329) !important;}&#8221;][vc_row fullwidth=&#8221;true&#8221;][vc_column][vc_single_image image=&#8221;560&#8243; img_size=&#8221;full&#8221; alignment=&#8221;center&#8221;][\/vc_column][\/vc_row][vc_row fullwidth=&#8221;true&#8221; css=&#8221;.vc_custom_1568881624503{padding-bottom: 29px !important;}&#8221;][vc_column width=&#8221;1\/6&#8243;][\/vc_column][vc_column width=&#8221;5\/6&#8243; el_class=&#8221;info-container&#8221;][vc_column_text css=&#8221;.vc_custom_1566303115710{margin-bottom: 0px !important;}&#8221;]PORTA LA TEVA T\u00c8CNICA BARISTA A L&#8217;EXCEL\u00b7L\u00c8NCIA[\/vc_column_text][\/vc_column][\/vc_row][vc_row fullwidth=&#8221;true&#8221; el_class=&#8221;list-restauracio&#8221; css=&#8221;.vc_custom_1568881637042{padding-bottom: 49px !important;}&#8221;][vc_column width=&#8221;1\/6&#8243; el_class=&#8221;list-restauracio-descr&#8221;][\/vc_column][vc_column [&hellip;]<\/p>\n","protected":false},"author":1,"featured_media":0,"parent":9677,"menu_order":0,"comment_status":"closed","ping_status":"closed","template":"","meta":{"_acf_changed":false,"content-type":"","footnotes":""},"class_list":["post-9735","page","type-page","status-publish","hentry"],"acf":[],"yoast_head":"<!-- This site is optimized with the Yoast SEO plugin v27.3 - https:\/\/yoast.com\/product\/yoast-seo-wordpress\/ -->\n<title>Novell training center - Caf\u00e8s Novell<\/title>\n<meta name=\"robots\" content=\"index, follow, max-snippet:-1, max-image-preview:large, max-video-preview:-1\" \/>\n<link rel=\"canonical\" href=\"https:\/\/cafesnovell.com\/ca\/baristes\/novell-training-center\/\" \/>\n<meta property=\"og:locale\" content=\"ca_ES\" \/>\n<meta property=\"og:type\" content=\"article\" \/>\n<meta property=\"og:title\" content=\"Novell training center - Caf\u00e8s Novell\" \/>\n<meta property=\"og:description\" content=\"[vc_section full_width=&#8221;stretch_row&#8221; css=&#8221;.vc_custom_1567439627256{background-image: url(http:\/\/cafesnovell.com\/wp-content\/uploads\/2019\/09\/header-hoja.png?id=3759) !important;background-position: center !important;background-repeat: no-repeat !important;background-size: cover !important;}&#8221;][vc_row fullwidth=&#8221;true&#8221;][vc_column width=&#8221;11\/12&#8243; css=&#8221;.vc_custom_1569405156914{margin-left: 50px !important;}&#8221;][vc_column_text css=&#8221;.vc_custom_1566301594956{margin-bottom: 0px !important;}&#8221;]NOVELL TRAINING CENTER[\/vc_column_text][\/vc_column][vc_column width=&#8221;1\/12&#8243;][\/vc_column][\/vc_row][\/vc_section][vc_section full_width=&#8221;stretch_row&#8221; css=&#8221;.vc_custom_1566303485138{margin-top: 1px !important;background-image: url(http:\/\/cafesnovell.com\/wp-content\/uploads\/2019\/07\/fondo.png?id=329) !important;}&#8221;][vc_row fullwidth=&#8221;true&#8221;][vc_column][vc_single_image image=&#8221;560&#8243; img_size=&#8221;full&#8221; alignment=&#8221;center&#8221;][\/vc_column][\/vc_row][vc_row fullwidth=&#8221;true&#8221; css=&#8221;.vc_custom_1568881624503{padding-bottom: 29px !important;}&#8221;][vc_column width=&#8221;1\/6&#8243;][\/vc_column][vc_column width=&#8221;5\/6&#8243; el_class=&#8221;info-container&#8221;][vc_column_text css=&#8221;.vc_custom_1566303115710{margin-bottom: 0px !important;}&#8221;]PORTA LA TEVA T\u00c8CNICA BARISTA A L&#8217;EXCEL\u00b7L\u00c8NCIA[\/vc_column_text][\/vc_column][\/vc_row][vc_row fullwidth=&#8221;true&#8221; el_class=&#8221;list-restauracio&#8221; css=&#8221;.vc_custom_1568881637042{padding-bottom: 49px !important;}&#8221;][vc_column width=&#8221;1\/6&#8243; el_class=&#8221;list-restauracio-descr&#8221;][\/vc_column][vc_column [&hellip;]\" \/>\n<meta property=\"og:url\" content=\"https:\/\/cafesnovell.com\/ca\/baristes\/novell-training-center\/\" \/>\n<meta property=\"og:site_name\" content=\"Caf\u00e8s Novell\" \/>\n<meta property=\"article:modified_time\" content=\"2019-10-18T18:03:49+00:00\" \/>\n<meta name=\"twitter:card\" content=\"summary_large_image\" \/>\n<meta name=\"twitter:label1\" content=\"Temps estimat de lectura\" \/>\n\t<meta name=\"twitter:data1\" content=\"4 minuts\" \/>\n<script type=\"application\/ld+json\" class=\"yoast-schema-graph\">{\"@context\":\"https:\\\/\\\/schema.org\",\"@graph\":[{\"@type\":\"WebPage\",\"@id\":\"https:\\\/\\\/cafesnovell.com\\\/ca\\\/baristes\\\/novell-training-center\\\/\",\"url\":\"https:\\\/\\\/cafesnovell.com\\\/ca\\\/baristes\\\/novell-training-center\\\/\",\"name\":\"Novell training center - Caf\u00e8s Novell\",\"isPartOf\":{\"@id\":\"https:\\\/\\\/cafesnovell.com\\\/ca\\\/#website\"},\"datePublished\":\"2019-10-17T21:14:40+00:00\",\"dateModified\":\"2019-10-18T18:03:49+00:00\",\"breadcrumb\":{\"@id\":\"https:\\\/\\\/cafesnovell.com\\\/ca\\\/baristes\\\/novell-training-center\\\/#breadcrumb\"},\"inLanguage\":\"ca\",\"potentialAction\":[{\"@type\":\"ReadAction\",\"target\":[\"https:\\\/\\\/cafesnovell.com\\\/ca\\\/baristes\\\/novell-training-center\\\/\"]}]},{\"@type\":\"BreadcrumbList\",\"@id\":\"https:\\\/\\\/cafesnovell.com\\\/ca\\\/baristes\\\/novell-training-center\\\/#breadcrumb\",\"itemListElement\":[{\"@type\":\"ListItem\",\"position\":1,\"name\":\"Inici\",\"item\":\"https:\\\/\\\/cafesnovell.com\\\/ca\\\/\"},{\"@type\":\"ListItem\",\"position\":2,\"name\":\"Baristes\",\"item\":\"https:\\\/\\\/cafesnovell.com\\\/ca\\\/baristes\\\/\"},{\"@type\":\"ListItem\",\"position\":3,\"name\":\"Novell training center\"}]},{\"@type\":\"WebSite\",\"@id\":\"https:\\\/\\\/cafesnovell.com\\\/ca\\\/#website\",\"url\":\"https:\\\/\\\/cafesnovell.com\\\/ca\\\/\",\"name\":\"Caf\u00e8s Novell\",\"description\":\"Organic Premium Coffee\",\"potentialAction\":[{\"@type\":\"SearchAction\",\"target\":{\"@type\":\"EntryPoint\",\"urlTemplate\":\"https:\\\/\\\/cafesnovell.com\\\/ca\\\/?s={search_term_string}\"},\"query-input\":{\"@type\":\"PropertyValueSpecification\",\"valueRequired\":true,\"valueName\":\"search_term_string\"}}],\"inLanguage\":\"ca\"}]}<\/script>\n<!-- \/ Yoast SEO plugin. -->","yoast_head_json":{"title":"Novell training center - Caf\u00e8s Novell","robots":{"index":"index","follow":"follow","max-snippet":"max-snippet:-1","max-image-preview":"max-image-preview:large","max-video-preview":"max-video-preview:-1"},"canonical":"https:\/\/cafesnovell.com\/ca\/baristes\/novell-training-center\/","og_locale":"ca_ES","og_type":"article","og_title":"Novell training center - Caf\u00e8s Novell","og_description":"[vc_section full_width=&#8221;stretch_row&#8221; css=&#8221;.vc_custom_1567439627256{background-image: url(http:\/\/cafesnovell.com\/wp-content\/uploads\/2019\/09\/header-hoja.png?id=3759) !important;background-position: center !important;background-repeat: no-repeat !important;background-size: cover !important;}&#8221;][vc_row fullwidth=&#8221;true&#8221;][vc_column width=&#8221;11\/12&#8243; css=&#8221;.vc_custom_1569405156914{margin-left: 50px !important;}&#8221;][vc_column_text css=&#8221;.vc_custom_1566301594956{margin-bottom: 0px !important;}&#8221;]NOVELL TRAINING CENTER[\/vc_column_text][\/vc_column][vc_column width=&#8221;1\/12&#8243;][\/vc_column][\/vc_row][\/vc_section][vc_section full_width=&#8221;stretch_row&#8221; css=&#8221;.vc_custom_1566303485138{margin-top: 1px !important;background-image: url(http:\/\/cafesnovell.com\/wp-content\/uploads\/2019\/07\/fondo.png?id=329) !important;}&#8221;][vc_row fullwidth=&#8221;true&#8221;][vc_column][vc_single_image image=&#8221;560&#8243; img_size=&#8221;full&#8221; alignment=&#8221;center&#8221;][\/vc_column][\/vc_row][vc_row fullwidth=&#8221;true&#8221; css=&#8221;.vc_custom_1568881624503{padding-bottom: 29px !important;}&#8221;][vc_column width=&#8221;1\/6&#8243;][\/vc_column][vc_column width=&#8221;5\/6&#8243; el_class=&#8221;info-container&#8221;][vc_column_text css=&#8221;.vc_custom_1566303115710{margin-bottom: 0px !important;}&#8221;]PORTA LA TEVA T\u00c8CNICA BARISTA A L&#8217;EXCEL\u00b7L\u00c8NCIA[\/vc_column_text][\/vc_column][\/vc_row][vc_row fullwidth=&#8221;true&#8221; el_class=&#8221;list-restauracio&#8221; css=&#8221;.vc_custom_1568881637042{padding-bottom: 49px !important;}&#8221;][vc_column width=&#8221;1\/6&#8243; el_class=&#8221;list-restauracio-descr&#8221;][\/vc_column][vc_column [&hellip;]","og_url":"https:\/\/cafesnovell.com\/ca\/baristes\/novell-training-center\/","og_site_name":"Caf\u00e8s Novell","article_modified_time":"2019-10-18T18:03:49+00:00","twitter_card":"summary_large_image","twitter_misc":{"Temps estimat de lectura":"4 minuts"},"schema":{"@context":"https:\/\/schema.org","@graph":[{"@type":"WebPage","@id":"https:\/\/cafesnovell.com\/ca\/baristes\/novell-training-center\/","url":"https:\/\/cafesnovell.com\/ca\/baristes\/novell-training-center\/","name":"Novell training center - Caf\u00e8s Novell","isPartOf":{"@id":"https:\/\/cafesnovell.com\/ca\/#website"},"datePublished":"2019-10-17T21:14:40+00:00","dateModified":"2019-10-18T18:03:49+00:00","breadcrumb":{"@id":"https:\/\/cafesnovell.com\/ca\/baristes\/novell-training-center\/#breadcrumb"},"inLanguage":"ca","potentialAction":[{"@type":"ReadAction","target":["https:\/\/cafesnovell.com\/ca\/baristes\/novell-training-center\/"]}]},{"@type":"BreadcrumbList","@id":"https:\/\/cafesnovell.com\/ca\/baristes\/novell-training-center\/#breadcrumb","itemListElement":[{"@type":"ListItem","position":1,"name":"Inici","item":"https:\/\/cafesnovell.com\/ca\/"},{"@type":"ListItem","position":2,"name":"Baristes","item":"https:\/\/cafesnovell.com\/ca\/baristes\/"},{"@type":"ListItem","position":3,"name":"Novell training center"}]},{"@type":"WebSite","@id":"https:\/\/cafesnovell.com\/ca\/#website","url":"https:\/\/cafesnovell.com\/ca\/","name":"Caf\u00e8s Novell","description":"Organic Premium Coffee","potentialAction":[{"@type":"SearchAction","target":{"@type":"EntryPoint","urlTemplate":"https:\/\/cafesnovell.com\/ca\/?s={search_term_string}"},"query-input":{"@type":"PropertyValueSpecification","valueRequired":true,"valueName":"search_term_string"}}],"inLanguage":"ca"}]}},"_links":{"self":[{"href":"https:\/\/cafesnovell.com\/ca\/wp-json\/wp\/v2\/pages\/9735","targetHints":{"allow":["GET"]}}],"collection":[{"href":"https:\/\/cafesnovell.com\/ca\/wp-json\/wp\/v2\/pages"}],"about":[{"href":"https:\/\/cafesnovell.com\/ca\/wp-json\/wp\/v2\/types\/page"}],"author":[{"embeddable":true,"href":"https:\/\/cafesnovell.com\/ca\/wp-json\/wp\/v2\/users\/1"}],"replies":[{"embeddable":true,"href":"https:\/\/cafesnovell.com\/ca\/wp-json\/wp\/v2\/comments?post=9735"}],"version-history":[{"count":0,"href":"https:\/\/cafesnovell.com\/ca\/wp-json\/wp\/v2\/pages\/9735\/revisions"}],"up":[{"embeddable":true,"href":"https:\/\/cafesnovell.com\/ca\/wp-json\/wp\/v2\/pages\/9677"}],"wp:attachment":[{"href":"https:\/\/cafesnovell.com\/ca\/wp-json\/wp\/v2\/media?parent=9735"}],"curies":[{"name":"wp","href":"https:\/\/api.w.org\/{rel}","templated":true}]}}