{"id":9469,"date":"2019-07-25T09:53:25","date_gmt":"2019-07-25T09:53:25","guid":{"rendered":"https:\/\/cafesnovell.com\/restauracion-2\/tes-i-infusions\/"},"modified":"2025-05-21T15:59:03","modified_gmt":"2025-05-21T13:59:03","slug":"tes-i-infusions","status":"publish","type":"page","link":"https:\/\/cafesnovell.com\/ca\/restauracio\/tes-i-infusions\/","title":{"rendered":"Tes i Infusions"},"content":{"rendered":"<div class=\"wpb-content-wrapper\">[vc_section full_width=&#8221;stretch_row&#8221; content_placement=&#8221;middle&#8221; css=&#8221;.vc_custom_1570698022750{background-image: url(https:\/\/cafesnovell.com\/wp-content\/uploads\/2019\/10\/1-1-1.jpg?id=6768) !important;background-position: center !important;background-repeat: no-repeat !important;background-size: cover !important;}&#8221;][vc_row][vc_column el_class=&#8221;info-container&#8221;][mk_padding_divider size=&#8221;352&#8243; visibility=&#8221;hidden-sm&#8221;][mk_padding_divider size=&#8221;85&#8243; visibility=&#8221;visible-sm&#8221;][vc_column_text css=&#8221;.vc_custom_1569942375688{margin-bottom: 24px !important;}&#8221;]HERBAL &amp; TEAS<br \/>\nORG\u00c0NICS[\/vc_column_text][vc_btn title=&#8221;VEURE PRODUCTES&#8221; el_class=&#8221;boton-mas-info&#8221; el_id=&#8221;boton-mas-info&#8221; css=&#8221;.vc_custom_1571677054283{border-top-width: 1px !important;border-right-width: 1px !important;border-bottom-width: 1px !important;border-left-width: 1px !important;border-left-color: #ffffff !important;border-right-color: #ffffff !important;border-top-color: #ffffff !important;border-bottom-color: #ffffff !important;}&#8221; link=&#8221;url:https%3A%2F%2Fcafesnovell.com%2Fca%2Frestauracio%2Ftes-i-infusions%2Fherbal-teas-organics%2F|title:Herbal%20%26%20Teas%20org%C3%A0nics||&#8221;][\/vc_column][\/vc_row][\/vc_section][vc_section el_class=&#8221;section-text&#8221; css=&#8221;.vc_custom_1568031391549{padding-bottom: 15px !important;}&#8221;][vc_row][vc_column][vc_column_text css=&#8221;.vc_custom_1570179630933{margin-bottom: 0px !important;padding-left: 0px !important;}&#8221;]Te negre, verd, blanc o rooibos, entre d\u2019altres.<br \/>\nInfusions cl\u00e0ssiques com la camamilla, sola o combinada amb menta o anisada. Relaxants, t\u00f2niques o digestives. Totes org\u00e0niques, sense additius qu\u00edmics. Per a un plaer ecol\u00f2gic i m\u00e9s saludable per a tu.[\/vc_column_text][\/vc_column][\/vc_row][\/vc_section][vc_section full_width=&#8221;stretch_row&#8221; content_placement=&#8221;middle&#8221; css=&#8221;.vc_custom_1570698053526{background-image: url(https:\/\/cafesnovell.com\/wp-content\/uploads\/2019\/10\/2-1-1.jpg?id=6772) !important;background-position: center !important;background-repeat: no-repeat !important;background-size: cover !important;}&#8221;][vc_row][vc_column el_class=&#8221;info-container&#8221;][mk_padding_divider size=&#8221;352&#8243; visibility=&#8221;hidden-sm&#8221;][vc_column_text css=&#8221;.vc_custom_1569942418767{margin-bottom: 24px !important;}&#8221;]HERBAL &amp; TEAS<br \/>\nPIR\u00c0MIDES[\/vc_column_text][vc_btn title=&#8221;VEURE PRODUCTES&#8221; shape=&#8221;square&#8221; el_class=&#8221;boton-mas-info&#8221; css=&#8221;.vc_custom_1571676314365{border-top-width: 1px !important;border-right-width: 1px !important;border-bottom-width: 1px !important;border-left-width: 1px !important;border-left-color: #ffffff !important;border-right-color: #ffffff !important;border-top-color: #ffffff !important;border-bottom-color: #ffffff !important;}&#8221; link=&#8221;url:https%3A%2F%2Fcafesnovell.com%2Fca%2Frestauracio%2Ftes-i-infusions%2Fherbal-teas-piramides%2F|title:Herbal%20%26%20Teas%20pir%C3%A0mides||&#8221;][\/vc_column][\/vc_row][\/vc_section][vc_section el_class=&#8221;section-text&#8221; css=&#8221;.vc_custom_1568031408044{padding-bottom: 15px !important;}&#8221;][vc_row][vc_column][vc_column_text css=&#8221;.vc_custom_1571406724310{margin-bottom: 0px !important;padding-left: 0px !important;}&#8221;]Les pir\u00e0mides de te i infusions permeten aprofitar millor totes les caracter\u00edstiques i propietats de les plantes m\u00e9s arom\u00e0tiques, dels seus fruits i arrels. L\u2019extraordin\u00e0ria frag\u00e0ncia i sabor que desprenen permeten un gaudi intens i perllongat.[\/vc_column_text][\/vc_column][\/vc_row][\/vc_section][vc_section full_width=&#8221;stretch_row&#8221; css=&#8221;.vc_custom_1570698089538{background-image: url(https:\/\/cafesnovell.com\/wp-content\/uploads\/2019\/10\/3-1-2.jpg?id=6776) !important;background-position: center !important;background-repeat: no-repeat !important;background-size: cover !important;}&#8221;][vc_row][vc_column el_class=&#8221;info-container&#8221;][mk_padding_divider size=&#8221;352&#8243; visibility=&#8221;hidden-sm&#8221;][vc_column_text css=&#8221;.vc_custom_1570624317349{margin-bottom: 24px !important;}&#8221;]HERBAL &amp; TEAS<br \/>\nSPECIAL COCKTAIL BAR[\/vc_column_text][vc_btn title=&#8221;VEURE PRODUCTES&#8221; el_class=&#8221;boton-mas-info&#8221; css=&#8221;.vc_custom_1571676331378{border-top-width: 1px !important;border-right-width: 1px !important;border-bottom-width: 1px !important;border-left-width: 1px !important;border-left-color: #ffffff !important;border-right-color: #ffffff !important;border-top-color: #ffffff !important;border-bottom-color: #ffffff !important;}&#8221; link=&#8221;url:https%3A%2F%2Fcafesnovell.com%2Fca%2Frestauracio%2Ftes-i-infusions%2Fherbal-teas-special-cocktail-bar%2F|title:Herbal%20%26%20Teas%20special%20cocktail%20bar||&#8221;][\/vc_column][\/vc_row][\/vc_section][vc_section full_width=&#8221;stretch_row&#8221; el_class=&#8221;section-text&#8221; el_id=&#8221;section-eqlogic&#8221; css=&#8221;.vc_custom_1568031415188{padding-bottom: 15px !important;}&#8221;][vc_row][vc_column el_class=&#8221;first-paragraph-eqlogic&#8221; css=&#8221;.vc_custom_1569854564495{padding-right: 33px !important;}&#8221;][vc_column_text css=&#8221;.vc_custom_1571406767024{margin-bottom: 0px !important;padding-left: 0px !important;}&#8221;]Una opci\u00f3 m\u00e9s sorprenent i actual per gaudir de la m\u00e0gia del te i les infusions en fred presentada en format de refrescants c\u00f2ctels. Blends de diferents herbes per a paladars ex\u00f2tics, com ara el Rooibos Thai Pepper o la suau combinaci\u00f3 de c\u00edtrics que t\u00e9 el Blue Cura\u00e7ao.[\/vc_column_text][\/vc_column][\/vc_row][\/vc_section][vc_section full_width=&#8221;stretch_row&#8221; css=&#8221;.vc_custom_1570698122879{background-image: url(https:\/\/cafesnovell.com\/wp-content\/uploads\/2019\/10\/4-1-1.jpg?id=6780) !important;background-position: center !important;background-repeat: no-repeat !important;background-size: cover !important;}&#8221;][vc_row][vc_column el_class=&#8221;info-container&#8221;][mk_padding_divider size=&#8221;352&#8243; visibility=&#8221;hidden-sm&#8221;][vc_column_text css=&#8221;.vc_custom_1571070815439{margin-bottom: 24px !important;}&#8221;]HERBAL &amp; TEAS GRANEL[\/vc_column_text][vc_btn title=&#8221;VEURE PRODUCTES&#8221; el_class=&#8221;boton-mas-info&#8221; css=&#8221;.vc_custom_1571676350794{border-top-width: 1px !important;border-right-width: 1px !important;border-bottom-width: 1px !important;border-left-width: 1px !important;border-left-color: #ffffff !important;border-right-color: #ffffff !important;border-top-color: #ffffff !important;border-bottom-color: #ffffff !important;}&#8221; link=&#8221;url:https%3A%2F%2Fcafesnovell.com%2Fca%2Frestauracio%2Ftes-i-infusions%2Fherbal-teas-granel%2F|title:Herbal%20%26%20Teas||&#8221;][\/vc_column][\/vc_row][\/vc_section][vc_section el_class=&#8221;section-text&#8221; css=&#8221;.vc_custom_1568031421212{padding-bottom: 15px !important;}&#8221;][vc_row][vc_column][vc_column_text css=&#8221;.vc_custom_1570181071724{margin-bottom: 0px !important;padding-left: 0px !important;}&#8221;]Una selecci\u00f3 dels tes i infusions m\u00e9s emblem\u00e0tics. Aromes harm\u00f2nics i sabors equilibrats, per apreciar la personalitat i els beneficis del te negre o vermell, la til\u00b7la o el menta-poniol.[\/vc_column_text][\/vc_column][\/vc_row][\/vc_section]\n<\/div>","protected":false},"excerpt":{"rendered":"<p>[vc_section full_width=&#8221;stretch_row&#8221; content_placement=&#8221;middle&#8221; css=&#8221;.vc_custom_1570698022750{background-image: url(https:\/\/cafesnovell.com\/wp-content\/uploads\/2019\/10\/1-1-1.jpg?id=6768) !important;background-position: center !important;background-repeat: no-repeat !important;background-size: cover !important;}&#8221;][vc_row][vc_column el_class=&#8221;info-container&#8221;][mk_padding_divider size=&#8221;352&#8243; visibility=&#8221;hidden-sm&#8221;][mk_padding_divider size=&#8221;85&#8243; visibility=&#8221;visible-sm&#8221;][vc_column_text css=&#8221;.vc_custom_1569942375688{margin-bottom: 24px !important;}&#8221;]HERBAL &amp; TEAS ORG\u00c0NICS[\/vc_column_text][vc_btn title=&#8221;VEURE PRODUCTES&#8221; el_class=&#8221;boton-mas-info&#8221; el_id=&#8221;boton-mas-info&#8221; css=&#8221;.vc_custom_1571677054283{border-top-width: 1px !important;border-right-width: 1px !important;border-bottom-width: 1px !important;border-left-width: 1px !important;border-left-color: #ffffff !important;border-right-color: #ffffff !important;border-top-color: #ffffff !important;border-bottom-color: #ffffff !important;}&#8221; link=&#8221;url:https%3A%2F%2Fcafesnovell.com%2Fca%2Frestauracio%2Ftes-i-infusions%2Fherbal-teas-organics%2F|title:Herbal%20%26%20Teas%20org%C3%A0nics||&#8221;][\/vc_column][\/vc_row][\/vc_section][vc_section el_class=&#8221;section-text&#8221; css=&#8221;.vc_custom_1568031391549{padding-bottom: 15px !important;}&#8221;][vc_row][vc_column][vc_column_text css=&#8221;.vc_custom_1570179630933{margin-bottom: 0px !important;padding-left: 0px !important;}&#8221;]Te negre, [&hellip;]<\/p>\n","protected":false},"author":1,"featured_media":0,"parent":106878,"menu_order":0,"comment_status":"closed","ping_status":"closed","template":"","meta":{"_acf_changed":false,"content-type":"","footnotes":""},"class_list":["post-9469","page","type-page","status-publish","hentry"],"acf":[],"yoast_head":"<!-- This site is optimized with the Yoast SEO plugin v27.3 - https:\/\/yoast.com\/product\/yoast-seo-wordpress\/ -->\n<title>Tes i Infusions - Caf\u00e8s Novell<\/title>\n<meta name=\"description\" content=\"Los mejores t\u00e9s e infusiones para la restauraci\u00f3n, bares y cafeter\u00edas. Un cuidada selecci\u00f3n de los t\u00e9s e infusiones m\u00e1s emblem\u00e1ticos\" \/>\n<meta name=\"robots\" content=\"index, follow, max-snippet:-1, max-image-preview:large, max-video-preview:-1\" \/>\n<link rel=\"canonical\" href=\"https:\/\/cafesnovell.com\/ca\/restauracio\/tes-i-infusions\/\" \/>\n<meta property=\"og:locale\" content=\"ca_ES\" \/>\n<meta property=\"og:type\" content=\"article\" \/>\n<meta property=\"og:title\" content=\"Tes i Infusions - Caf\u00e8s Novell\" \/>\n<meta property=\"og:description\" content=\"Los mejores t\u00e9s e infusiones para la restauraci\u00f3n, bares y cafeter\u00edas. Un cuidada selecci\u00f3n de los t\u00e9s e infusiones m\u00e1s emblem\u00e1ticos\" \/>\n<meta property=\"og:url\" content=\"https:\/\/cafesnovell.com\/ca\/restauracio\/tes-i-infusions\/\" \/>\n<meta property=\"og:site_name\" content=\"Caf\u00e8s Novell\" \/>\n<meta property=\"article:modified_time\" content=\"2025-05-21T13:59:03+00:00\" \/>\n<meta name=\"twitter:card\" content=\"summary_large_image\" \/>\n<meta name=\"twitter:label1\" content=\"Temps estimat de lectura\" \/>\n\t<meta name=\"twitter:data1\" content=\"4 minuts\" \/>\n<script type=\"application\/ld+json\" class=\"yoast-schema-graph\">{\"@context\":\"https:\\\/\\\/schema.org\",\"@graph\":[{\"@type\":\"WebPage\",\"@id\":\"https:\\\/\\\/cafesnovell.com\\\/ca\\\/restauracio\\\/tes-i-infusions\\\/\",\"url\":\"https:\\\/\\\/cafesnovell.com\\\/ca\\\/restauracio\\\/tes-i-infusions\\\/\",\"name\":\"Tes i Infusions - Caf\u00e8s Novell\",\"isPartOf\":{\"@id\":\"https:\\\/\\\/cafesnovell.com\\\/ca\\\/#website\"},\"datePublished\":\"2019-07-25T09:53:25+00:00\",\"dateModified\":\"2025-05-21T13:59:03+00:00\",\"description\":\"Los mejores t\u00e9s e infusiones para la restauraci\u00f3n, bares y cafeter\u00edas. Un cuidada selecci\u00f3n de los t\u00e9s e infusiones m\u00e1s emblem\u00e1ticos\",\"breadcrumb\":{\"@id\":\"https:\\\/\\\/cafesnovell.com\\\/ca\\\/restauracio\\\/tes-i-infusions\\\/#breadcrumb\"},\"inLanguage\":\"ca\",\"potentialAction\":[{\"@type\":\"ReadAction\",\"target\":[\"https:\\\/\\\/cafesnovell.com\\\/ca\\\/restauracio\\\/tes-i-infusions\\\/\"]}]},{\"@type\":\"BreadcrumbList\",\"@id\":\"https:\\\/\\\/cafesnovell.com\\\/ca\\\/restauracio\\\/tes-i-infusions\\\/#breadcrumb\",\"itemListElement\":[{\"@type\":\"ListItem\",\"position\":1,\"name\":\"Inici\",\"item\":\"https:\\\/\\\/cafesnovell.com\\\/ca\\\/\"},{\"@type\":\"ListItem\",\"position\":2,\"name\":\"Restauraci\u00f3\",\"item\":\"https:\\\/\\\/cafesnovell.com\\\/ca\\\/restauracio\\\/\"},{\"@type\":\"ListItem\",\"position\":3,\"name\":\"Tes i Infusions\"}]},{\"@type\":\"WebSite\",\"@id\":\"https:\\\/\\\/cafesnovell.com\\\/ca\\\/#website\",\"url\":\"https:\\\/\\\/cafesnovell.com\\\/ca\\\/\",\"name\":\"Caf\u00e8s Novell\",\"description\":\"Organic Premium Coffee\",\"potentialAction\":[{\"@type\":\"SearchAction\",\"target\":{\"@type\":\"EntryPoint\",\"urlTemplate\":\"https:\\\/\\\/cafesnovell.com\\\/ca\\\/?s={search_term_string}\"},\"query-input\":{\"@type\":\"PropertyValueSpecification\",\"valueRequired\":true,\"valueName\":\"search_term_string\"}}],\"inLanguage\":\"ca\"}]}<\/script>\n<!-- \/ Yoast SEO plugin. -->","yoast_head_json":{"title":"Tes i Infusions - Caf\u00e8s Novell","description":"Los mejores t\u00e9s e infusiones para la restauraci\u00f3n, bares y cafeter\u00edas. Un cuidada selecci\u00f3n de los t\u00e9s e infusiones m\u00e1s emblem\u00e1ticos","robots":{"index":"index","follow":"follow","max-snippet":"max-snippet:-1","max-image-preview":"max-image-preview:large","max-video-preview":"max-video-preview:-1"},"canonical":"https:\/\/cafesnovell.com\/ca\/restauracio\/tes-i-infusions\/","og_locale":"ca_ES","og_type":"article","og_title":"Tes i Infusions - Caf\u00e8s Novell","og_description":"Los mejores t\u00e9s e infusiones para la restauraci\u00f3n, bares y cafeter\u00edas. Un cuidada selecci\u00f3n de los t\u00e9s e infusiones m\u00e1s emblem\u00e1ticos","og_url":"https:\/\/cafesnovell.com\/ca\/restauracio\/tes-i-infusions\/","og_site_name":"Caf\u00e8s Novell","article_modified_time":"2025-05-21T13:59:03+00:00","twitter_card":"summary_large_image","twitter_misc":{"Temps estimat de lectura":"4 minuts"},"schema":{"@context":"https:\/\/schema.org","@graph":[{"@type":"WebPage","@id":"https:\/\/cafesnovell.com\/ca\/restauracio\/tes-i-infusions\/","url":"https:\/\/cafesnovell.com\/ca\/restauracio\/tes-i-infusions\/","name":"Tes i Infusions - Caf\u00e8s Novell","isPartOf":{"@id":"https:\/\/cafesnovell.com\/ca\/#website"},"datePublished":"2019-07-25T09:53:25+00:00","dateModified":"2025-05-21T13:59:03+00:00","description":"Los mejores t\u00e9s e infusiones para la restauraci\u00f3n, bares y cafeter\u00edas. Un cuidada selecci\u00f3n de los t\u00e9s e infusiones m\u00e1s emblem\u00e1ticos","breadcrumb":{"@id":"https:\/\/cafesnovell.com\/ca\/restauracio\/tes-i-infusions\/#breadcrumb"},"inLanguage":"ca","potentialAction":[{"@type":"ReadAction","target":["https:\/\/cafesnovell.com\/ca\/restauracio\/tes-i-infusions\/"]}]},{"@type":"BreadcrumbList","@id":"https:\/\/cafesnovell.com\/ca\/restauracio\/tes-i-infusions\/#breadcrumb","itemListElement":[{"@type":"ListItem","position":1,"name":"Inici","item":"https:\/\/cafesnovell.com\/ca\/"},{"@type":"ListItem","position":2,"name":"Restauraci\u00f3","item":"https:\/\/cafesnovell.com\/ca\/restauracio\/"},{"@type":"ListItem","position":3,"name":"Tes i Infusions"}]},{"@type":"WebSite","@id":"https:\/\/cafesnovell.com\/ca\/#website","url":"https:\/\/cafesnovell.com\/ca\/","name":"Caf\u00e8s Novell","description":"Organic Premium Coffee","potentialAction":[{"@type":"SearchAction","target":{"@type":"EntryPoint","urlTemplate":"https:\/\/cafesnovell.com\/ca\/?s={search_term_string}"},"query-input":{"@type":"PropertyValueSpecification","valueRequired":true,"valueName":"search_term_string"}}],"inLanguage":"ca"}]}},"_links":{"self":[{"href":"https:\/\/cafesnovell.com\/ca\/wp-json\/wp\/v2\/pages\/9469","targetHints":{"allow":["GET"]}}],"collection":[{"href":"https:\/\/cafesnovell.com\/ca\/wp-json\/wp\/v2\/pages"}],"about":[{"href":"https:\/\/cafesnovell.com\/ca\/wp-json\/wp\/v2\/types\/page"}],"author":[{"embeddable":true,"href":"https:\/\/cafesnovell.com\/ca\/wp-json\/wp\/v2\/users\/1"}],"replies":[{"embeddable":true,"href":"https:\/\/cafesnovell.com\/ca\/wp-json\/wp\/v2\/comments?post=9469"}],"version-history":[{"count":0,"href":"https:\/\/cafesnovell.com\/ca\/wp-json\/wp\/v2\/pages\/9469\/revisions"}],"up":[{"embeddable":true,"href":"https:\/\/cafesnovell.com\/ca\/wp-json\/wp\/v2\/pages\/106878"}],"wp:attachment":[{"href":"https:\/\/cafesnovell.com\/ca\/wp-json\/wp\/v2\/media?parent=9469"}],"curies":[{"name":"wp","href":"https:\/\/api.w.org\/{rel}","templated":true}]}}