{"id":9067,"date":"2019-05-13T16:07:47","date_gmt":"2019-05-13T16:07:47","guid":{"rendered":"https:\/\/cafesnovell.com\/a-casa\/"},"modified":"2021-09-21T13:04:24","modified_gmt":"2021-09-21T11:04:24","slug":"a-casa","status":"publish","type":"page","link":"https:\/\/cafesnovell.com\/ca\/a-casa\/","title":{"rendered":"A casa"},"content":{"rendered":"<div class=\"wpb-content-wrapper\">[vc_section full_width=&#8221;stretch_row&#8221; css=&#8221;.vc_custom_1570707326950{background-image: url(https:\/\/cafesnovell.com\/wp-content\/uploads\/2019\/10\/header-1-1.jpg?id=7018) !important;background-position: center !important;background-repeat: no-repeat !important;background-size: cover !important;}&#8221;][vc_row][vc_column el_class=&#8221;info-container&#8221;][mk_padding_divider size=&#8221;528&#8243; visibility=&#8221;hidden-sm&#8221;][mk_padding_divider size=&#8221;110&#8243; visibility=&#8221;visible-sm&#8221;][vc_column_text css=&#8221;.vc_custom_1572626898819{margin-bottom: 24px !important;}&#8221;]GAUDEIX DEL MILLOR CAF\u00c8<\/p>\n<p>DE CAFETERIA A CASA[\/vc_column_text][\/vc_column][\/vc_row][\/vc_section][vc_section full_width=&#8221;stretch_row&#8221; css=&#8221;.vc_custom_1567585277694{background-position: center !important;background-repeat: no-repeat !important;background-size: cover !important;}&#8221; el_class=&#8221;section-text&#8221;][vc_row][vc_column][vc_column_text css=&#8221;.vc_custom_1572626924719{margin-bottom: 0px !important;}&#8221;]Els millors grans dels millors or\u00edgens, combinats en diferents blends i amb un proc\u00e9s de torrat que busca sempre la perfecci\u00f3, han fet dels nostres caf\u00e8s una refer\u00e8ncia en el m\u00f3n de la restauraci\u00f3.<\/p>\n<p>Ara pots gaudir d\u2019aquesta experi\u00e8ncia cafetera en qualsevol moment del dia i des de casa. Desperta amb els aromes suaus i equilibrats d\u2019un blend 100% ar\u00e0bic, degusta la cremositat d\u2019un caf\u00e8 intens durant la sobretaula, o acomiada\u2019t del dia amb un descafe\u00efnat totalment natural amb notes fresques i lleugeres.<\/p>\n<p>Descobreix en el teu punt de venta habitual o a la nostra botiga online les noves especialitats de <strong>caf\u00e8<\/strong>, ja sigui en <strong>gra<\/strong>, <strong>m\u00f2lt<\/strong> o en <strong>c\u00e0psula<\/strong> compostable compatible amb cafeteres Nespresso\u00ae.[\/vc_column_text][\/vc_column][\/vc_row][\/vc_section][vc_section full_width=&#8221;stretch_row&#8221; disable_element=&#8221;yes&#8221; css=&#8221;.vc_custom_1569845268165{background-image: url(https:\/\/cafesnovell.com\/wp-content\/uploads\/2019\/09\/fondo.png?id=3815) !important;background-position: center !important;background-repeat: no-repeat !important;background-size: cover !important;}&#8221; el_class=&#8221;section-text&#8221;][vc_row fullwidth=&#8221;true&#8221;][vc_column width=&#8221;1\/6&#8243;][\/vc_column][vc_column width=&#8221;8\/12&#8243; css=&#8221;.vc_custom_1567586172659{padding-top: 11px !important;}&#8221;][vc_column_text el_class=&#8221;info-container&#8221; css=&#8221;.vc_custom_1567586037741{margin-bottom: 0px !important;}&#8221;]EL BARISTA AMATEUR[\/vc_column_text][vc_column_text el_class=&#8221;list-restauracio&#8221; css=&#8221;.vc_custom_1567586288094{margin-bottom: 0px !important;padding-top: 37px !important;padding-bottom: 25px !important;}&#8221;]El inter\u00e9s o mejor habr\u00eda que decir la pasi\u00f3n que despierta en la actualidad el caf\u00e9, invita a vivir experiencias que hace unos a\u00f1os parec\u00edan reservadas al mundo profesional.<\/p>\n<p>El caf\u00e9 es hoy un aut\u00e9ntico fen\u00f3meno sociol\u00f3gico multigeneracional, gracias al impulso de sectores j\u00f3venes e influyentes como los millennials.<\/p>\n<p>Satisfacer esos deseos de descubrir, probar, combinar, conocer y empezar a dominar el arte del caf\u00e9, nos mueve a Caf\u00e9s Novell a crear un espacio inspirador como este, con la intenci\u00f3n de que puedas aprender a mejorar las distintas maneras de disfrutar tu espresso o capuccino, descubrir nuevas recetas o profundizar en la amplia cultura de esta bebida extraordinaria y sin igual.<\/p>\n<p>Todo coffee lover lleva un barista dentro, \u00a1a disfrutar![\/vc_column_text][\/vc_column][vc_column width=&#8221;1\/6&#8243;][\/vc_column][\/vc_row][\/vc_section][vc_section disable_element=&#8221;yes&#8221; css=&#8221;.vc_custom_1569845277466{border-top-width: 1px !important;padding-top: 0px !important;border-top-color: #ffffff !important;border-top-style: solid !important;}&#8221;][vc_row fullwidth=&#8221;true&#8221;][vc_column width=&#8221;1\/2&#8243; css=&#8221;.vc_custom_1567587214685{border-right-width: 1px !important;border-bottom-width: 1px !important;background-image: url(https:\/\/cafesnovell.com\/wp-content\/uploads\/2019\/08\/1-am.png?id=3150) !important;background-position: center !important;background-repeat: no-repeat !important;background-size: cover !important;border-right-color: #ffffff !important;border-right-style: solid !important;border-bottom-color: #ffffff !important;border-bottom-style: solid !important;}&#8221;][vc_row_inner][vc_column_inner el_class=&#8221;info-container&#8221; width=&#8221;2\/3&#8243; css=&#8221;.vc_custom_1567587421179{padding-top: 453px !important;padding-bottom: 19px !important;padding-left: 7% !important;}&#8221;][vc_column_text css=&#8221;.vc_custom_1566296001715{margin-bottom: 0px !important;}&#8221;]ATR\u00c9VETE CON<\/p>\n<p>UN LATTE ART[\/vc_column_text][\/vc_column_inner][vc_column_inner width=&#8221;1\/3&#8243;][\/vc_column_inner][\/vc_row_inner][\/vc_column][vc_column width=&#8221;1\/2&#8243; css=&#8221;.vc_custom_1567587228484{border-bottom-width: 1px !important;background-image: url(https:\/\/cafesnovell.com\/wp-content\/uploads\/2019\/08\/2-am.png?id=3151) !important;background-position: center !important;background-repeat: no-repeat !important;background-size: cover !important;border-bottom-color: #ffffff !important;border-bottom-style: solid !important;}&#8221;][vc_row_inner][vc_column_inner el_class=&#8221;info-container&#8221; width=&#8221;2\/3&#8243; css=&#8221;.vc_custom_1567587427635{padding-top: 453px !important;padding-bottom: 19px !important;padding-left: 7% !important;}&#8221;][vc_column_text css=&#8221;.vc_custom_1566296690289{margin-bottom: 0px !important;}&#8221;]UN CAF\u00c9<\/p>\n<p>A LA FRANCESA[\/vc_column_text][\/vc_column_inner][vc_column_inner width=&#8221;1\/3&#8243;][\/vc_column_inner][\/vc_row_inner][\/vc_column][\/vc_row][vc_row fullwidth=&#8221;true&#8221;][vc_column width=&#8221;1\/2&#8243; css=&#8221;.vc_custom_1567587246532{border-right-width: 1px !important;background-image: url(https:\/\/cafesnovell.com\/wp-content\/uploads\/2019\/08\/3-am.png?id=3155) !important;background-position: center !important;background-repeat: no-repeat !important;background-size: cover !important;border-right-color: #ffffff !important;border-right-style: solid !important;}&#8221;][vc_row_inner][vc_column_inner el_class=&#8221;info-container&#8221; width=&#8221;2\/3&#8243; css=&#8221;.vc_custom_1567587434986{padding-top: 453px !important;padding-bottom: 19px !important;padding-left: 7% !important;}&#8221;][vc_column_text css=&#8221;.vc_custom_1566297618953{margin-bottom: 0px !important;}&#8221;]LA CAFETERA<\/p>\n<p>DE TODA LA VIDA[\/vc_column_text][\/vc_column_inner][vc_column_inner width=&#8221;1\/3&#8243;][\/vc_column_inner][\/vc_row_inner][\/vc_column][vc_column width=&#8221;1\/2&#8243; css=&#8221;.vc_custom_1566297870816{background-image: url(https:\/\/cafesnovell.com\/wp-content\/uploads\/2019\/08\/4-am.png?id=3158) !important;background-position: center !important;background-repeat: no-repeat !important;background-size: cover !important;}&#8221;][vc_row_inner][vc_column_inner el_class=&#8221;info-container&#8221; width=&#8221;2\/3&#8243; css=&#8221;.vc_custom_1567587442771{padding-top: 453px !important;padding-bottom: 19px !important;padding-left: 7% !important;}&#8221;][vc_column_text css=&#8221;.vc_custom_1566297644570{margin-bottom: 0px !important;}&#8221;]UN CAPUCCINO<\/p>\n<p>CASERO[\/vc_column_text][\/vc_column_inner][vc_column_inner width=&#8221;1\/3&#8243;][\/vc_column_inner][\/vc_row_inner][\/vc_column][\/vc_row][\/vc_section][vc_section full_width=&#8221;stretch_row&#8221; css=&#8221;.vc_custom_1570707482434{margin-top: 45px !important;margin-bottom: 2px !important;background-image: url(https:\/\/cafesnovell.com\/wp-content\/uploads\/2019\/10\/prueba-1.jpg?id=7023) !important;background-position: center !important;background-repeat: no-repeat !important;background-size: cover !important;}&#8221; el_id=&#8221;aprovecha-envios&#8221;][vc_row fullwidth=&#8221;true&#8221; el_class=&#8221;list-restauracio&#8221; css=&#8221;.vc_custom_1569855570897{padding-top: 48px !important;}&#8221;][vc_column width=&#8221;5\/6&#8243;][vc_column_text el_class=&#8221;info-container&#8221; css=&#8221;.vc_custom_1572626959430{margin-bottom: 0px !important;}&#8221;]\n<p style=\"text-align: right;\">DESCOBREIX TOTES<br \/>\nLES VARIETATS<br \/>\nDE LES C\u00c0PSULES<br \/>\nRESIDU ZERO<\/p>\n[\/vc_column_text][vc_btn title=&#8221;+ INFO&#8221; align=&#8221;right&#8221; link=&#8221;url:https%3A%2F%2Fcafesnovell.com%2Fca%2Fresiduzero%2F|title:C%C3%A0psules%20residu%20zero||&#8221; el_class=&#8221;boton-mas-info&#8221;][mk_padding_divider size=&#8221;300&#8243; visibility=&#8221;hidden-sm&#8221;][mk_padding_divider size=&#8221;50&#8243; visibility=&#8221;visible-sm&#8221;][\/vc_column][vc_column width=&#8221;1\/6&#8243;][\/vc_column][\/vc_row][\/vc_section][vc_section full_width=&#8221;stretch_row&#8221; css=&#8221;.vc_custom_1566990116221{padding-bottom: 45px !important;}&#8221;][vc_row el_class=&#8221;demana-info&#8221;][vc_column][mk_padding_divider size=&#8221;20&#8243; visibility=&#8221;visible-sm&#8221;][vc_column_text css=&#8221;.vc_custom_1572627013528{margin-bottom: 0px !important;}&#8221;]VOLS VENDRE ELS NOSTRES CAF\u00c8S<br \/>\nA LA TEVA BOTIGA O GRAN SUPERF\u00cdCIE?[\/vc_column_text][vc_column_text el_class=&#8221;demana-info-subtitulo&#8221; css=&#8221;.vc_custom_1572627027229{margin-bottom: 0px !important;}&#8221;]Converteix-te en distribu\u00efdor autoritzat per a que els teus clients puguin gaudir a casa del millor caf\u00e8 de cafeteria.[\/vc_column_text][\/vc_column][\/vc_row][vc_row][vc_column]\n<div class=\"wpcf7 no-js\" id=\"wpcf7-f8877-o1\" lang=\"es-ES\" dir=\"ltr\" data-wpcf7-id=\"8877\">\n<div class=\"screen-reader-response\"><p role=\"status\" aria-live=\"polite\" aria-atomic=\"true\"><\/p> <ul><\/ul><\/div>\n<form action=\"\/ca\/wp-json\/wp\/v2\/pages\/9067#wpcf7-f8877-o1\" method=\"post\" class=\"wpcf7-form init\" aria-label=\"Formulario de contacto\" novalidate=\"novalidate\" data-status=\"init\">\n<fieldset class=\"hidden-fields-container\"><input type=\"hidden\" name=\"_wpcf7\" value=\"8877\" \/><input type=\"hidden\" name=\"_wpcf7_version\" value=\"6.1.5\" \/><input type=\"hidden\" name=\"_wpcf7_locale\" value=\"es_ES\" \/><input type=\"hidden\" name=\"_wpcf7_unit_tag\" value=\"wpcf7-f8877-o1\" \/><input type=\"hidden\" name=\"_wpcf7_container_post\" value=\"0\" \/><input type=\"hidden\" name=\"_wpcf7_posted_data_hash\" value=\"\" \/><input type=\"hidden\" name=\"_wpcf7_recaptcha_response\" value=\"\" \/>\n<\/fieldset>\n<div class=\"input-container\">\n\t<p><span class=\"wpcf7-form-control-wrap\" data-name=\"sm-properties1\"><input size=\"40\" maxlength=\"400\" class=\"wpcf7-form-control wpcf7-text wpcf7-validates-as-required\" aria-required=\"true\" aria-invalid=\"false\" placeholder=\"NOM\" value=\"\" type=\"text\" name=\"sm-properties1\" \/><\/span>\n\t<\/p>\n\t<p><span class=\"wpcf7-form-control-wrap\" data-name=\"sm-properties2\"><input size=\"40\" maxlength=\"400\" class=\"wpcf7-form-control wpcf7-text wpcf7-validates-as-required\" aria-required=\"true\" aria-invalid=\"false\" placeholder=\"COGNOMS\" value=\"\" type=\"text\" name=\"sm-properties2\" \/><\/span>\n\t<\/p>\n<input class=\"wpcf7-form-control wpcf7-hidden\" value=\"Nom Ocult\" type=\"hidden\" name=\"sm-name\" \/>\n\t<p><span class=\"wpcf7-form-control-wrap\" data-name=\"sm-email\"><input size=\"40\" maxlength=\"400\" class=\"wpcf7-form-control wpcf7-email wpcf7-validates-as-required wpcf7-text wpcf7-validates-as-email\" aria-required=\"true\" aria-invalid=\"false\" placeholder=\"EMAIL\" value=\"\" type=\"email\" name=\"sm-email\" \/><\/span>\n\t<\/p>\n<\/div>\n<div class=\"second-input-container\">\n\t<p><span class=\"wpcf7-form-control-wrap\" data-name=\"sm-company\"><input size=\"40\" maxlength=\"400\" class=\"wpcf7-form-control wpcf7-text\" aria-invalid=\"false\" placeholder=\"NOM DE L&#039;EMPRESA\" value=\"\" type=\"text\" name=\"sm-company\" \/><\/span>\n\t<\/p>\n\t<p><span class=\"wpcf7-form-control-wrap\" data-name=\"sm-phone\"><input size=\"40\" maxlength=\"400\" class=\"wpcf7-form-control wpcf7-tel wpcf7-validates-as-required wpcf7-text wpcf7-validates-as-tel\" aria-required=\"true\" aria-invalid=\"false\" placeholder=\"TEL\u00c8FON DE CONTACTE\" value=\"\" type=\"tel\" name=\"sm-phone\" \/><\/span>\n\t<\/p>\n<\/div>\n<div class=\"second-container contact\">\n\t<p><span class=\"wpcf7-form-control-wrap\" data-name=\"sm-properties3\"><textarea cols=\"40\" rows=\"10\" maxlength=\"2000\" class=\"wpcf7-form-control wpcf7-textarea\" aria-invalid=\"false\" placeholder=\"COMENTARIS\" name=\"sm-properties3\"><\/textarea><\/span>\n\t<\/p>\n\t<div class=\"container-check\">\n\t\t<p><span class=\"wpcf7-form-control-wrap\" data-name=\"your-consent\"><span class=\"wpcf7-form-control wpcf7-acceptance\"><span class=\"wpcf7-list-item\"><label><input type=\"checkbox\" name=\"your-consent\" value=\"1\" aria-invalid=\"false\" \/><span class=\"wpcf7-list-item-label\">He llegit la <a target='_blank' href='\/politica-de-privacitat'>pol\u00edtica de privacitat<\/a> y el <a target='_blank' href='\/avis-legal'>av\u00eds legal<\/a><\/span><\/label><\/span><\/span><\/span>\n\t\t<\/p>\n\t\t<p><label><span class=\"wpcf7-form-control-wrap\" data-name=\"sm-optin\"><span class=\"wpcf7-form-control wpcf7-checkbox wpcf7-exclusive-checkbox\"><span class=\"wpcf7-list-item first last\"><input type=\"checkbox\" name=\"sm-optin\" value=\"Autoritzo que les meves dades personals puguin ser utilitzades per l&#039;enviament de comunicacions comercials i ofertes publicit\u00e1ries per e-mail o qualsevol altre mitj\u00e0 electr\u00f2nic o f\u00edsic, present o futur.\" \/><span class=\"wpcf7-list-item-label\">Autoritzo que les meves dades personals puguin ser utilitzades per l&#039;enviament de comunicacions comercials i ofertes publicit\u00e1ries per e-mail o qualsevol altre mitj\u00e0 electr\u00f2nic o f\u00edsic, present o futur.<\/span><\/span><\/span><\/span><\/label>\n\t\t<\/p>\n\t\t<p><input class=\"wpcf7-form-control wpcf7-submit has-spinner\" type=\"submit\" value=\"ENVIAR\" \/>\n\t\t<\/p>\n\t<\/div>\n<\/div><div class=\"wpcf7-response-output\" aria-hidden=\"true\"><\/div>\n<\/form>\n<\/div>\n[\/vc_column][\/vc_row][\/vc_section][vc_section full_width=&#8221;stretch_row&#8221; el_class=&#8221;section-contacto&#8221; css=&#8221;.vc_custom_1570097916182{padding-top: 16px !important;background-color: #cbc4b1 !important;background-position: center !important;background-repeat: no-repeat !important;background-size: cover !important;}&#8221;][vc_row][vc_column][vc_column_text css=&#8221;.vc_custom_1632222261389{margin-bottom: 0px !important;}&#8221;]Si ho desitges, tamb\u00e9 ens pots contactar per tel\u00e8fon: <strong>+34 900 102 868<\/strong> (de dilluns a divendres, de 8.00h a 18.00h)[\/vc_column_text][\/vc_column][\/vc_row][\/vc_section]\n<\/div>","protected":false},"excerpt":{"rendered":"<p>[vc_section full_width=&#8221;stretch_row&#8221; css=&#8221;.vc_custom_1570707326950{background-image: url(https:\/\/cafesnovell.com\/wp-content\/uploads\/2019\/10\/header-1-1.jpg?id=7018) !important;background-position: center !important;background-repeat: no-repeat !important;background-size: cover !important;}&#8221;][vc_row][vc_column el_class=&#8221;info-container&#8221;][mk_padding_divider size=&#8221;528&#8243; visibility=&#8221;hidden-sm&#8221;][mk_padding_divider size=&#8221;110&#8243; visibility=&#8221;visible-sm&#8221;][vc_column_text css=&#8221;.vc_custom_1572626898819{margin-bottom: 24px !important;}&#8221;]GAUDEIX DEL MILLOR CAF\u00c8 DE CAFETERIA A CASA[\/vc_column_text][\/vc_column][\/vc_row][\/vc_section][vc_section full_width=&#8221;stretch_row&#8221; css=&#8221;.vc_custom_1567585277694{background-position: center !important;background-repeat: no-repeat !important;background-size: cover !important;}&#8221; el_class=&#8221;section-text&#8221;][vc_row][vc_column][vc_column_text css=&#8221;.vc_custom_1572626924719{margin-bottom: 0px !important;}&#8221;]Els millors grans dels millors or\u00edgens, combinats en diferents blends i amb un proc\u00e9s de torrat que busca [&hellip;]<\/p>\n","protected":false},"author":1,"featured_media":0,"parent":0,"menu_order":40,"comment_status":"closed","ping_status":"closed","template":"","meta":{"_acf_changed":false,"content-type":"","footnotes":""},"class_list":["post-9067","page","type-page","status-publish","hentry"],"acf":[],"yoast_head":"<!-- This site is optimized with the Yoast SEO plugin v27.3 - https:\/\/yoast.com\/product\/yoast-seo-wordpress\/ -->\n<title>A casa - Caf\u00e8s Novell<\/title>\n<meta name=\"description\" content=\"El mejor caf\u00e9 de cafeter\u00eda ahora en tu casa. Caf\u00e9 en grano, molido o en c\u00e1psulas compostables, compatibles con cafeteras Nespresso.\" \/>\n<meta name=\"robots\" content=\"index, follow, max-snippet:-1, max-image-preview:large, max-video-preview:-1\" \/>\n<link rel=\"canonical\" href=\"https:\/\/cafesnovell.com\/ca\/a-casa\/\" \/>\n<meta property=\"og:locale\" content=\"ca_ES\" \/>\n<meta property=\"og:type\" content=\"article\" \/>\n<meta property=\"og:title\" content=\"A casa - Caf\u00e8s Novell\" \/>\n<meta property=\"og:description\" content=\"El mejor caf\u00e9 de cafeter\u00eda ahora en tu casa. Caf\u00e9 en grano, molido o en c\u00e1psulas compostables, compatibles con cafeteras Nespresso.\" \/>\n<meta property=\"og:url\" content=\"https:\/\/cafesnovell.com\/ca\/a-casa\/\" \/>\n<meta property=\"og:site_name\" content=\"Caf\u00e8s Novell\" \/>\n<meta property=\"article:modified_time\" content=\"2021-09-21T11:04:24+00:00\" \/>\n<meta name=\"twitter:card\" content=\"summary_large_image\" \/>\n<meta name=\"twitter:label1\" content=\"Temps estimat de lectura\" \/>\n\t<meta name=\"twitter:data1\" content=\"3 minuts\" \/>\n<script type=\"application\/ld+json\" class=\"yoast-schema-graph\">{\"@context\":\"https:\\\/\\\/schema.org\",\"@graph\":[{\"@type\":\"WebPage\",\"@id\":\"https:\\\/\\\/cafesnovell.com\\\/ca\\\/a-casa\\\/\",\"url\":\"https:\\\/\\\/cafesnovell.com\\\/ca\\\/a-casa\\\/\",\"name\":\"A casa - Caf\u00e8s Novell\",\"isPartOf\":{\"@id\":\"https:\\\/\\\/cafesnovell.com\\\/ca\\\/#website\"},\"datePublished\":\"2019-05-13T16:07:47+00:00\",\"dateModified\":\"2021-09-21T11:04:24+00:00\",\"description\":\"El mejor caf\u00e9 de cafeter\u00eda ahora en tu casa. Caf\u00e9 en grano, molido o en c\u00e1psulas compostables, compatibles con cafeteras Nespresso.\",\"breadcrumb\":{\"@id\":\"https:\\\/\\\/cafesnovell.com\\\/ca\\\/a-casa\\\/#breadcrumb\"},\"inLanguage\":\"ca\",\"potentialAction\":[{\"@type\":\"ReadAction\",\"target\":[\"https:\\\/\\\/cafesnovell.com\\\/ca\\\/a-casa\\\/\"]}]},{\"@type\":\"BreadcrumbList\",\"@id\":\"https:\\\/\\\/cafesnovell.com\\\/ca\\\/a-casa\\\/#breadcrumb\",\"itemListElement\":[{\"@type\":\"ListItem\",\"position\":1,\"name\":\"Inici\",\"item\":\"https:\\\/\\\/cafesnovell.com\\\/ca\\\/\"},{\"@type\":\"ListItem\",\"position\":2,\"name\":\"A casa\"}]},{\"@type\":\"WebSite\",\"@id\":\"https:\\\/\\\/cafesnovell.com\\\/ca\\\/#website\",\"url\":\"https:\\\/\\\/cafesnovell.com\\\/ca\\\/\",\"name\":\"Caf\u00e8s Novell\",\"description\":\"Organic Premium Coffee\",\"potentialAction\":[{\"@type\":\"SearchAction\",\"target\":{\"@type\":\"EntryPoint\",\"urlTemplate\":\"https:\\\/\\\/cafesnovell.com\\\/ca\\\/?s={search_term_string}\"},\"query-input\":{\"@type\":\"PropertyValueSpecification\",\"valueRequired\":true,\"valueName\":\"search_term_string\"}}],\"inLanguage\":\"ca\"}]}<\/script>\n<!-- \/ Yoast SEO plugin. -->","yoast_head_json":{"title":"A casa - Caf\u00e8s Novell","description":"El mejor caf\u00e9 de cafeter\u00eda ahora en tu casa. Caf\u00e9 en grano, molido o en c\u00e1psulas compostables, compatibles con cafeteras Nespresso.","robots":{"index":"index","follow":"follow","max-snippet":"max-snippet:-1","max-image-preview":"max-image-preview:large","max-video-preview":"max-video-preview:-1"},"canonical":"https:\/\/cafesnovell.com\/ca\/a-casa\/","og_locale":"ca_ES","og_type":"article","og_title":"A casa - Caf\u00e8s Novell","og_description":"El mejor caf\u00e9 de cafeter\u00eda ahora en tu casa. Caf\u00e9 en grano, molido o en c\u00e1psulas compostables, compatibles con cafeteras Nespresso.","og_url":"https:\/\/cafesnovell.com\/ca\/a-casa\/","og_site_name":"Caf\u00e8s Novell","article_modified_time":"2021-09-21T11:04:24+00:00","twitter_card":"summary_large_image","twitter_misc":{"Temps estimat de lectura":"3 minuts"},"schema":{"@context":"https:\/\/schema.org","@graph":[{"@type":"WebPage","@id":"https:\/\/cafesnovell.com\/ca\/a-casa\/","url":"https:\/\/cafesnovell.com\/ca\/a-casa\/","name":"A casa - Caf\u00e8s Novell","isPartOf":{"@id":"https:\/\/cafesnovell.com\/ca\/#website"},"datePublished":"2019-05-13T16:07:47+00:00","dateModified":"2021-09-21T11:04:24+00:00","description":"El mejor caf\u00e9 de cafeter\u00eda ahora en tu casa. Caf\u00e9 en grano, molido o en c\u00e1psulas compostables, compatibles con cafeteras Nespresso.","breadcrumb":{"@id":"https:\/\/cafesnovell.com\/ca\/a-casa\/#breadcrumb"},"inLanguage":"ca","potentialAction":[{"@type":"ReadAction","target":["https:\/\/cafesnovell.com\/ca\/a-casa\/"]}]},{"@type":"BreadcrumbList","@id":"https:\/\/cafesnovell.com\/ca\/a-casa\/#breadcrumb","itemListElement":[{"@type":"ListItem","position":1,"name":"Inici","item":"https:\/\/cafesnovell.com\/ca\/"},{"@type":"ListItem","position":2,"name":"A casa"}]},{"@type":"WebSite","@id":"https:\/\/cafesnovell.com\/ca\/#website","url":"https:\/\/cafesnovell.com\/ca\/","name":"Caf\u00e8s Novell","description":"Organic Premium Coffee","potentialAction":[{"@type":"SearchAction","target":{"@type":"EntryPoint","urlTemplate":"https:\/\/cafesnovell.com\/ca\/?s={search_term_string}"},"query-input":{"@type":"PropertyValueSpecification","valueRequired":true,"valueName":"search_term_string"}}],"inLanguage":"ca"}]}},"_links":{"self":[{"href":"https:\/\/cafesnovell.com\/ca\/wp-json\/wp\/v2\/pages\/9067","targetHints":{"allow":["GET"]}}],"collection":[{"href":"https:\/\/cafesnovell.com\/ca\/wp-json\/wp\/v2\/pages"}],"about":[{"href":"https:\/\/cafesnovell.com\/ca\/wp-json\/wp\/v2\/types\/page"}],"author":[{"embeddable":true,"href":"https:\/\/cafesnovell.com\/ca\/wp-json\/wp\/v2\/users\/1"}],"replies":[{"embeddable":true,"href":"https:\/\/cafesnovell.com\/ca\/wp-json\/wp\/v2\/comments?post=9067"}],"version-history":[{"count":0,"href":"https:\/\/cafesnovell.com\/ca\/wp-json\/wp\/v2\/pages\/9067\/revisions"}],"wp:attachment":[{"href":"https:\/\/cafesnovell.com\/ca\/wp-json\/wp\/v2\/media?parent=9067"}],"curies":[{"name":"wp","href":"https:\/\/api.w.org\/{rel}","templated":true}]}}