{"id":8859,"date":"2019-08-22T07:19:33","date_gmt":"2019-08-22T07:19:33","guid":{"rendered":"https:\/\/cafesnovell.com\/restauracio\/cafes\/filosofia-q\/"},"modified":"2023-01-16T15:40:47","modified_gmt":"2023-01-16T14:40:47","slug":"filosofia-q","status":"publish","type":"page","link":"https:\/\/cafesnovell.com\/ca\/restauracio\/cafes\/filosofia-q\/","title":{"rendered":"Filosof\u00eda Q"},"content":{"rendered":"<div class=\"wpb-content-wrapper\">[vc_section full_width=&#8221;stretch_row&#8221; css=&#8221;.vc_custom_1570701446335{background-image: url(https:\/\/cafesnovell.com\/wp-content\/uploads\/2019\/10\/header-espresso.jpg?id=6815) !important;background-position: center !important;background-repeat: no-repeat !important;background-size: cover !important;}&#8221;][vc_row fullwidth=&#8221;true&#8221;][vc_column width=&#8221;11\/12&#8243; css=&#8221;.vc_custom_1569403783347{margin-left: 50px !important;padding-top: 34px !important;padding-bottom: 7px !important;}&#8221;][vc_column_text css=&#8221;.vc_custom_1566455960095{margin-bottom: 0px !important;}&#8221;]PRODUCTOS<br \/>\nNOVELL<br \/>\nESPRESSO[\/vc_column_text][\/vc_column][vc_column width=&#8221;1\/12&#8243;][\/vc_column][\/vc_row][\/vc_section][vc_section full_width=&#8221;stretch_row&#8221; css=&#8221;.vc_custom_1566459671733{padding-bottom: 24px !important;}&#8221;][vc_row][vc_column][vc_wp_custommenu nav_menu=&#8221;67&#8243; el_class=&#8221;menu-productos-container menu-productos-cafe&#8221;][\/vc_column][\/vc_row][\/vc_section][vc_section full_width=&#8221;stretch_row&#8221; el_class=&#8221;section-products&#8221;][vc_row css=&#8221;.vc_custom_1566476184856{margin-bottom: 44px !important;border-top-width: 1px !important;border-right-width: 1px !important;border-bottom-width: 1px !important;border-left-width: 1px !important;border-left-color: #cccccc !important;border-left-style: solid !important;border-right-color: #cccccc !important;border-right-style: solid !important;border-top-color: #cccccc !important;border-top-style: solid !important;border-bottom-color: #cccccc !important;border-bottom-style: solid !important;}&#8221;][vc_column width=&#8221;1\/6&#8243; css=&#8221;.vc_custom_1566541186062{padding-top: 7px !important;}&#8221;][vc_single_image image=&#8221;7068&#8243; img_size=&#8221;full&#8221; alignment=&#8221;center&#8221;][\/vc_column][vc_column width=&#8221;7\/12&#8243; css=&#8221;.vc_custom_1566474278978{padding-top: 38px !important;}&#8221;][vc_column_text css=&#8221;.vc_custom_1571070640884{margin-bottom: 0px !important;}&#8221;]\n<h3>ECQLOGIC NATURAL<\/h3>\n[\/vc_column_text][vc_column_text css=&#8221;.vc_custom_1673879990088{margin-bottom: 0px !important;}&#8221;]Blend de caf\u00e8s 100% ar\u00e0bics d&#8217;Eti\u00f2pia, procedents de quatre finques diferents acreditades per la certificaci\u00f3 Fairtrade. Presenta una tassa equilibrada amb notes florals, c\u00edtriques, vinoses, especiades i tocs de cacau amarg.<\/p>\n<p>Aquest excepcional caf\u00e8 \u00e9s seleccionat pel nostre Q Grader sota els criteris de <em>terroir,<\/em> ubicaci\u00f3 i tast organol\u00e8ptic.[\/vc_column_text][vc_single_image image=&#8221;6442&#8243; img_size=&#8221;full&#8221; alignment=&#8221;center&#8221; el_class=&#8221;cert-cafe&#8221;][vc_single_image image=&#8221;3588&#8243; img_size=&#8221;full&#8221; alignment=&#8221;center&#8221; el_class=&#8221;cert-cafe&#8221;][\/vc_column][vc_column width=&#8221;1\/4&#8243; css=&#8221;.vc_custom_1566474343288{padding-top: 25px !important;}&#8221;][vc_single_image image=&#8221;6902&#8243; img_size=&#8221;full&#8221; alignment=&#8221;center&#8221;][\/vc_column][\/vc_row][vc_row css=&#8221;.vc_custom_1566477030763{margin-bottom: 44px !important;border-top-width: 1px !important;border-right-width: 1px !important;border-bottom-width: 1px !important;border-left-width: 1px !important;border-left-color: #cccccc !important;border-left-style: solid !important;border-right-color: #cccccc !important;border-right-style: solid !important;border-top-color: #cccccc !important;border-top-style: solid !important;border-bottom-color: #cccccc !important;border-bottom-style: solid !important;}&#8221;][vc_column width=&#8221;1\/6&#8243; css=&#8221;.vc_custom_1566541362053{padding-top: 8px !important;padding-bottom: 12px !important;}&#8221;][vc_single_image image=&#8221;7063&#8243; img_size=&#8221;full&#8221; alignment=&#8221;center&#8221;][\/vc_column][vc_column width=&#8221;7\/12&#8243; css=&#8221;.vc_custom_1566474278978{padding-top: 38px !important;}&#8221;][vc_column_text css=&#8221;.vc_custom_1571070652859{margin-bottom: 0px !important;}&#8221;]\n<h3>ECQLOGIC DEKAFF<\/h3>\n[\/vc_column_text][vc_column_text css=&#8221;.vc_custom_1673880025302{margin-bottom: 0px !important;}&#8221;]Blend 100% ar\u00e0bic, resultant en una tassa de m\u00e0xim equilibri. El seu proc\u00e9s de descafe\u00efnat \u00e9s totalment natural, obtenint un espresso sense fissures i sense retrogustos qu\u00edmics com ara el clorur de metil\u00e8.<\/p>\n<p>Un descafe\u00efnat 100% ecol\u00f2gic i de qualitat no \u00e9s habitual trobar-lo al mercat. Notable balan\u00e7 entre notes dolces de cacau i \u00e0cides de mandarina. Cerals, pa torrat i basmati estructuren aquest espresso impecable.[\/vc_column_text][vc_single_image image=&#8221;6442&#8243; img_size=&#8221;full&#8221; el_class=&#8221;cert-cafe&#8221;][vc_single_image image=&#8221;3588&#8243; img_size=&#8221;full&#8221; el_class=&#8221;cert-cafe&#8221;][\/vc_column][vc_column width=&#8221;1\/4&#8243; css=&#8221;.vc_custom_1566474343288{padding-top: 25px !important;}&#8221;][vc_single_image image=&#8221;6910&#8243; img_size=&#8221;full&#8221; alignment=&#8221;center&#8221;][\/vc_column][\/vc_row][\/vc_section]\n<\/div>","protected":false},"excerpt":{"rendered":"<p>[vc_section full_width=&#8221;stretch_row&#8221; css=&#8221;.vc_custom_1570701446335{background-image: url(https:\/\/cafesnovell.com\/wp-content\/uploads\/2019\/10\/header-espresso.jpg?id=6815) !important;background-position: center !important;background-repeat: no-repeat !important;background-size: cover !important;}&#8221;][vc_row fullwidth=&#8221;true&#8221;][vc_column width=&#8221;11\/12&#8243; css=&#8221;.vc_custom_1569403783347{margin-left: 50px !important;padding-top: 34px !important;padding-bottom: 7px !important;}&#8221;][vc_column_text css=&#8221;.vc_custom_1566455960095{margin-bottom: 0px !important;}&#8221;]PRODUCTOS NOVELL ESPRESSO[\/vc_column_text][\/vc_column][vc_column width=&#8221;1\/12&#8243;][\/vc_column][\/vc_row][\/vc_section][vc_section full_width=&#8221;stretch_row&#8221; css=&#8221;.vc_custom_1566459671733{padding-bottom: 24px !important;}&#8221;][vc_row][vc_column][vc_wp_custommenu nav_menu=&#8221;67&#8243; el_class=&#8221;menu-productos-container menu-productos-cafe&#8221;][\/vc_column][\/vc_row][\/vc_section][vc_section full_width=&#8221;stretch_row&#8221; el_class=&#8221;section-products&#8221;][vc_row css=&#8221;.vc_custom_1566476184856{margin-bottom: 44px !important;border-top-width: 1px !important;border-right-width: 1px !important;border-bottom-width: 1px !important;border-left-width: 1px !important;border-left-color: #cccccc !important;border-left-style: solid !important;border-right-color: #cccccc !important;border-right-style: solid !important;border-top-color: #cccccc [&hellip;]<\/p>\n","protected":false},"author":1,"featured_media":0,"parent":8763,"menu_order":0,"comment_status":"closed","ping_status":"closed","template":"","meta":{"_acf_changed":false,"content-type":"","footnotes":""},"class_list":["post-8859","page","type-page","status-publish","hentry"],"acf":[],"yoast_head":"<!-- This site is optimized with the Yoast SEO plugin v27.3 - https:\/\/yoast.com\/product\/yoast-seo-wordpress\/ -->\n<title>Filosof\u00eda Q - Caf\u00e8s Novell<\/title>\n<meta name=\"description\" content=\"FILOSOFIA Q. Una propuesta especialmente comprometida con la calidad y el sabor, sin renunciar a los valores de solidaridad, comercio justo y respeto por la naturaleza. Un peque\u00f1o gesto como disfrutar de una deliciosa taza de caf\u00e9, puede significar un gran gesto para nuestro entorno. ECQLOGIC NATURAL, Blend de caf\u00e9s 100% ar\u00e1bigos de Etiop\u00eda, procedentes de cuatro fincas diferentes acreditadas por la certificaci\u00f3n Fairtrade. Presenta una taza equilibrada con notas florales, c\u00edtricas, vinosas, especiadas y toques de cacao amargo. ECQLOGIC DEKAFF, Blend 100% ar\u00e1bigo, resultando en una taza de m\u00e1ximo equilibrio. Su proceso de descafeinado es totalmente natural, obteniendo un espresso sin fisuras y sin retrogustos qu\u00edmicos como por ejemplo el cloruro de metileno.\" \/>\n<meta name=\"robots\" content=\"index, follow, max-snippet:-1, max-image-preview:large, max-video-preview:-1\" \/>\n<link rel=\"canonical\" href=\"https:\/\/cafesnovell.com\/ca\/restauracio\/cafes\/filosofia-q\/\" \/>\n<meta property=\"og:locale\" content=\"ca_ES\" \/>\n<meta property=\"og:type\" content=\"article\" \/>\n<meta property=\"og:title\" content=\"Filosof\u00eda Q - Caf\u00e8s Novell\" \/>\n<meta property=\"og:description\" content=\"FILOSOFIA Q. Una propuesta especialmente comprometida con la calidad y el sabor, sin renunciar a los valores de solidaridad, comercio justo y respeto por la naturaleza. Un peque\u00f1o gesto como disfrutar de una deliciosa taza de caf\u00e9, puede significar un gran gesto para nuestro entorno. ECQLOGIC NATURAL, Blend de caf\u00e9s 100% ar\u00e1bigos de Etiop\u00eda, procedentes de cuatro fincas diferentes acreditadas por la certificaci\u00f3n Fairtrade. Presenta una taza equilibrada con notas florales, c\u00edtricas, vinosas, especiadas y toques de cacao amargo. ECQLOGIC DEKAFF, Blend 100% ar\u00e1bigo, resultando en una taza de m\u00e1ximo equilibrio. Su proceso de descafeinado es totalmente natural, obteniendo un espresso sin fisuras y sin retrogustos qu\u00edmicos como por ejemplo el cloruro de metileno.\" \/>\n<meta property=\"og:url\" content=\"https:\/\/cafesnovell.com\/ca\/restauracio\/cafes\/filosofia-q\/\" \/>\n<meta property=\"og:site_name\" content=\"Caf\u00e8s Novell\" \/>\n<meta property=\"article:modified_time\" content=\"2023-01-16T14:40:47+00:00\" \/>\n<meta name=\"twitter:card\" content=\"summary_large_image\" \/>\n<meta name=\"twitter:label1\" content=\"Temps estimat de lectura\" \/>\n\t<meta name=\"twitter:data1\" content=\"2 minuts\" \/>\n<script type=\"application\/ld+json\" class=\"yoast-schema-graph\">{\"@context\":\"https:\\\/\\\/schema.org\",\"@graph\":[{\"@type\":\"WebPage\",\"@id\":\"https:\\\/\\\/cafesnovell.com\\\/ca\\\/restauracio\\\/cafes\\\/filosofia-q\\\/\",\"url\":\"https:\\\/\\\/cafesnovell.com\\\/ca\\\/restauracio\\\/cafes\\\/filosofia-q\\\/\",\"name\":\"Filosof\u00eda Q - Caf\u00e8s Novell\",\"isPartOf\":{\"@id\":\"https:\\\/\\\/cafesnovell.com\\\/ca\\\/#website\"},\"datePublished\":\"2019-08-22T07:19:33+00:00\",\"dateModified\":\"2023-01-16T14:40:47+00:00\",\"description\":\"FILOSOFIA Q. Una propuesta especialmente comprometida con la calidad y el sabor, sin renunciar a los valores de solidaridad, comercio justo y respeto por la naturaleza. Un peque\u00f1o gesto como disfrutar de una deliciosa taza de caf\u00e9, puede significar un gran gesto para nuestro entorno. ECQLOGIC NATURAL, Blend de caf\u00e9s 100% ar\u00e1bigos de Etiop\u00eda, procedentes de cuatro fincas diferentes acreditadas por la certificaci\u00f3n Fairtrade. Presenta una taza equilibrada con notas florales, c\u00edtricas, vinosas, especiadas y toques de cacao amargo. ECQLOGIC DEKAFF, Blend 100% ar\u00e1bigo, resultando en una taza de m\u00e1ximo equilibrio. Su proceso de descafeinado es totalmente natural, obteniendo un espresso sin fisuras y sin retrogustos qu\u00edmicos como por ejemplo el cloruro de metileno.\",\"breadcrumb\":{\"@id\":\"https:\\\/\\\/cafesnovell.com\\\/ca\\\/restauracio\\\/cafes\\\/filosofia-q\\\/#breadcrumb\"},\"inLanguage\":\"ca\",\"potentialAction\":[{\"@type\":\"ReadAction\",\"target\":[\"https:\\\/\\\/cafesnovell.com\\\/ca\\\/restauracio\\\/cafes\\\/filosofia-q\\\/\"]}]},{\"@type\":\"BreadcrumbList\",\"@id\":\"https:\\\/\\\/cafesnovell.com\\\/ca\\\/restauracio\\\/cafes\\\/filosofia-q\\\/#breadcrumb\",\"itemListElement\":[{\"@type\":\"ListItem\",\"position\":1,\"name\":\"Inici\",\"item\":\"https:\\\/\\\/cafesnovell.com\\\/ca\\\/\"},{\"@type\":\"ListItem\",\"position\":2,\"name\":\"Restauraci\u00f3\",\"item\":\"https:\\\/\\\/cafesnovell.com\\\/ca\\\/restauracio\\\/\"},{\"@type\":\"ListItem\",\"position\":3,\"name\":\"Caf\u00e8s\",\"item\":\"https:\\\/\\\/cafesnovell.com\\\/ca\\\/restauracio\\\/cafes\\\/\"},{\"@type\":\"ListItem\",\"position\":4,\"name\":\"Filosof\u00eda Q\"}]},{\"@type\":\"WebSite\",\"@id\":\"https:\\\/\\\/cafesnovell.com\\\/ca\\\/#website\",\"url\":\"https:\\\/\\\/cafesnovell.com\\\/ca\\\/\",\"name\":\"Caf\u00e8s Novell\",\"description\":\"Organic Premium Coffee\",\"potentialAction\":[{\"@type\":\"SearchAction\",\"target\":{\"@type\":\"EntryPoint\",\"urlTemplate\":\"https:\\\/\\\/cafesnovell.com\\\/ca\\\/?s={search_term_string}\"},\"query-input\":{\"@type\":\"PropertyValueSpecification\",\"valueRequired\":true,\"valueName\":\"search_term_string\"}}],\"inLanguage\":\"ca\"}]}<\/script>\n<!-- \/ Yoast SEO plugin. -->","yoast_head_json":{"title":"Filosof\u00eda Q - Caf\u00e8s Novell","description":"FILOSOFIA Q. Una propuesta especialmente comprometida con la calidad y el sabor, sin renunciar a los valores de solidaridad, comercio justo y respeto por la naturaleza. Un peque\u00f1o gesto como disfrutar de una deliciosa taza de caf\u00e9, puede significar un gran gesto para nuestro entorno. ECQLOGIC NATURAL, Blend de caf\u00e9s 100% ar\u00e1bigos de Etiop\u00eda, procedentes de cuatro fincas diferentes acreditadas por la certificaci\u00f3n Fairtrade. Presenta una taza equilibrada con notas florales, c\u00edtricas, vinosas, especiadas y toques de cacao amargo. ECQLOGIC DEKAFF, Blend 100% ar\u00e1bigo, resultando en una taza de m\u00e1ximo equilibrio. Su proceso de descafeinado es totalmente natural, obteniendo un espresso sin fisuras y sin retrogustos qu\u00edmicos como por ejemplo el cloruro de metileno.","robots":{"index":"index","follow":"follow","max-snippet":"max-snippet:-1","max-image-preview":"max-image-preview:large","max-video-preview":"max-video-preview:-1"},"canonical":"https:\/\/cafesnovell.com\/ca\/restauracio\/cafes\/filosofia-q\/","og_locale":"ca_ES","og_type":"article","og_title":"Filosof\u00eda Q - Caf\u00e8s Novell","og_description":"FILOSOFIA Q. Una propuesta especialmente comprometida con la calidad y el sabor, sin renunciar a los valores de solidaridad, comercio justo y respeto por la naturaleza. Un peque\u00f1o gesto como disfrutar de una deliciosa taza de caf\u00e9, puede significar un gran gesto para nuestro entorno. ECQLOGIC NATURAL, Blend de caf\u00e9s 100% ar\u00e1bigos de Etiop\u00eda, procedentes de cuatro fincas diferentes acreditadas por la certificaci\u00f3n Fairtrade. Presenta una taza equilibrada con notas florales, c\u00edtricas, vinosas, especiadas y toques de cacao amargo. ECQLOGIC DEKAFF, Blend 100% ar\u00e1bigo, resultando en una taza de m\u00e1ximo equilibrio. Su proceso de descafeinado es totalmente natural, obteniendo un espresso sin fisuras y sin retrogustos qu\u00edmicos como por ejemplo el cloruro de metileno.","og_url":"https:\/\/cafesnovell.com\/ca\/restauracio\/cafes\/filosofia-q\/","og_site_name":"Caf\u00e8s Novell","article_modified_time":"2023-01-16T14:40:47+00:00","twitter_card":"summary_large_image","twitter_misc":{"Temps estimat de lectura":"2 minuts"},"schema":{"@context":"https:\/\/schema.org","@graph":[{"@type":"WebPage","@id":"https:\/\/cafesnovell.com\/ca\/restauracio\/cafes\/filosofia-q\/","url":"https:\/\/cafesnovell.com\/ca\/restauracio\/cafes\/filosofia-q\/","name":"Filosof\u00eda Q - Caf\u00e8s Novell","isPartOf":{"@id":"https:\/\/cafesnovell.com\/ca\/#website"},"datePublished":"2019-08-22T07:19:33+00:00","dateModified":"2023-01-16T14:40:47+00:00","description":"FILOSOFIA Q. Una propuesta especialmente comprometida con la calidad y el sabor, sin renunciar a los valores de solidaridad, comercio justo y respeto por la naturaleza. Un peque\u00f1o gesto como disfrutar de una deliciosa taza de caf\u00e9, puede significar un gran gesto para nuestro entorno. ECQLOGIC NATURAL, Blend de caf\u00e9s 100% ar\u00e1bigos de Etiop\u00eda, procedentes de cuatro fincas diferentes acreditadas por la certificaci\u00f3n Fairtrade. Presenta una taza equilibrada con notas florales, c\u00edtricas, vinosas, especiadas y toques de cacao amargo. ECQLOGIC DEKAFF, Blend 100% ar\u00e1bigo, resultando en una taza de m\u00e1ximo equilibrio. Su proceso de descafeinado es totalmente natural, obteniendo un espresso sin fisuras y sin retrogustos qu\u00edmicos como por ejemplo el cloruro de metileno.","breadcrumb":{"@id":"https:\/\/cafesnovell.com\/ca\/restauracio\/cafes\/filosofia-q\/#breadcrumb"},"inLanguage":"ca","potentialAction":[{"@type":"ReadAction","target":["https:\/\/cafesnovell.com\/ca\/restauracio\/cafes\/filosofia-q\/"]}]},{"@type":"BreadcrumbList","@id":"https:\/\/cafesnovell.com\/ca\/restauracio\/cafes\/filosofia-q\/#breadcrumb","itemListElement":[{"@type":"ListItem","position":1,"name":"Inici","item":"https:\/\/cafesnovell.com\/ca\/"},{"@type":"ListItem","position":2,"name":"Restauraci\u00f3","item":"https:\/\/cafesnovell.com\/ca\/restauracio\/"},{"@type":"ListItem","position":3,"name":"Caf\u00e8s","item":"https:\/\/cafesnovell.com\/ca\/restauracio\/cafes\/"},{"@type":"ListItem","position":4,"name":"Filosof\u00eda Q"}]},{"@type":"WebSite","@id":"https:\/\/cafesnovell.com\/ca\/#website","url":"https:\/\/cafesnovell.com\/ca\/","name":"Caf\u00e8s Novell","description":"Organic Premium Coffee","potentialAction":[{"@type":"SearchAction","target":{"@type":"EntryPoint","urlTemplate":"https:\/\/cafesnovell.com\/ca\/?s={search_term_string}"},"query-input":{"@type":"PropertyValueSpecification","valueRequired":true,"valueName":"search_term_string"}}],"inLanguage":"ca"}]}},"_links":{"self":[{"href":"https:\/\/cafesnovell.com\/ca\/wp-json\/wp\/v2\/pages\/8859","targetHints":{"allow":["GET"]}}],"collection":[{"href":"https:\/\/cafesnovell.com\/ca\/wp-json\/wp\/v2\/pages"}],"about":[{"href":"https:\/\/cafesnovell.com\/ca\/wp-json\/wp\/v2\/types\/page"}],"author":[{"embeddable":true,"href":"https:\/\/cafesnovell.com\/ca\/wp-json\/wp\/v2\/users\/1"}],"replies":[{"embeddable":true,"href":"https:\/\/cafesnovell.com\/ca\/wp-json\/wp\/v2\/comments?post=8859"}],"version-history":[{"count":0,"href":"https:\/\/cafesnovell.com\/ca\/wp-json\/wp\/v2\/pages\/8859\/revisions"}],"up":[{"embeddable":true,"href":"https:\/\/cafesnovell.com\/ca\/wp-json\/wp\/v2\/pages\/8763"}],"wp:attachment":[{"href":"https:\/\/cafesnovell.com\/ca\/wp-json\/wp\/v2\/media?parent=8859"}],"curies":[{"name":"wp","href":"https:\/\/api.w.org\/{rel}","templated":true}]}}