{"id":8763,"date":"2019-07-15T13:45:44","date_gmt":"2019-07-15T13:45:44","guid":{"rendered":"https:\/\/cafesnovell.com\/restauracio\/cafes\/"},"modified":"2025-05-21T15:59:10","modified_gmt":"2025-05-21T13:59:10","slug":"cafes","status":"publish","type":"page","link":"https:\/\/cafesnovell.com\/ca\/restauracio\/cafes\/","title":{"rendered":"Caf\u00e8s"},"content":{"rendered":"<div class=\"wpb-content-wrapper\">[vc_section full_width=&#8221;stretch_row&#8221; content_placement=&#8221;middle&#8221; css=&#8221;.vc_custom_1570697630756{background-image: url(https:\/\/cafesnovell.com\/wp-content\/uploads\/2019\/10\/img1-1v2.jpg?id=6751) !important;background-position: center !important;background-repeat: no-repeat !important;background-size: cover !important;}&#8221;][vc_row][vc_column el_class=&#8221;info-container&#8221;][mk_padding_divider size=&#8221;352&#8243; visibility=&#8221;hidden-sm&#8221;][mk_padding_divider size=&#8221;85&#8243; visibility=&#8221;visible-sm&#8221;][vc_single_image image=&#8221;203&#8243; img_size=&#8221;full&#8221;][vc_column_text css=&#8221;.vc_custom_1570779756116{margin-bottom: 24px !important;}&#8221;]PREMIUM COFFEE[\/vc_column_text][vc_btn title=&#8221;VEURE PRODUCTES&#8221; el_class=&#8221;boton-mas-info&#8221; el_id=&#8221;boton-mas-info&#8221; css=&#8221;.vc_custom_1571675438715{border-top-width: 1px !important;border-right-width: 1px !important;border-bottom-width: 1px !important;border-left-width: 1px !important;border-left-color: #ffffff !important;border-right-color: #ffffff !important;border-top-color: #ffffff !important;border-bottom-color: #ffffff !important;}&#8221; link=&#8221;url:https%3A%2F%2Fcafesnovell.com%2Fca%2Frestauracio%2Fcafes%2Fnovell%2F|title:Novell||&#8221;][\/vc_column][\/vc_row][\/vc_section][vc_section el_class=&#8221;section-text&#8221; css=&#8221;.vc_custom_1568031391549{padding-bottom: 15px !important;}&#8221;][vc_row][vc_column][vc_column_text css=&#8221;.vc_custom_1566898450497{margin-bottom: 0px !important;padding-left: 0px !important;}&#8221;]El caf\u00e8 gourmet certificat \u00e9s un caf\u00e8 amb una cuidada selecci\u00f3, importaci\u00f3 i torrat. Oferim als nostres clients la millor qualitat a cada tassa de caf\u00e8 espresso, alhora que els donem solucions integrals de gran ajuda.[\/vc_column_text][\/vc_column][\/vc_row][\/vc_section][vc_section full_width=&#8221;stretch_row&#8221; content_placement=&#8221;middle&#8221; css=&#8221;.vc_custom_1570697661404{background-image: url(https:\/\/cafesnovell.com\/wp-content\/uploads\/2019\/10\/img2-1.jpg?id=6755) !important;background-position: center !important;background-repeat: no-repeat !important;background-size: cover !important;}&#8221;][vc_row][vc_column el_class=&#8221;info-container&#8221;][mk_padding_divider size=&#8221;352&#8243; visibility=&#8221;hidden-sm&#8221;][vc_single_image image=&#8221;240&#8243; img_size=&#8221;full&#8221;][vc_column_text css=&#8221;.vc_custom_1568031241547{margin-bottom: 24px !important;}&#8221;]CAF\u00c8 100%<\/p>\n<p>AR\u00c0BIGA[\/vc_column_text][vc_btn title=&#8221;VEURE PRODUCTES&#8221; shape=&#8221;square&#8221; el_class=&#8221;boton-mas-info&#8221; css=&#8221;.vc_custom_1571675477505{border-top-width: 1px !important;border-right-width: 1px !important;border-bottom-width: 1px !important;border-left-width: 1px !important;border-left-color: #ffffff !important;border-right-color: #ffffff !important;border-top-color: #ffffff !important;border-bottom-color: #ffffff !important;}&#8221; link=&#8221;url:https%3A%2F%2Fcafesnovell.com%2Fca%2Frestauracio%2Fcafes%2Fe-il-caffe%2F|title:%C3%89%20il%20caf%C3%A8||&#8221;][\/vc_column][\/vc_row][\/vc_section][vc_section el_class=&#8221;section-text&#8221; css=&#8221;.vc_custom_1568031408044{padding-bottom: 15px !important;}&#8221;][vc_row][vc_column][vc_column_text css=&#8221;.vc_custom_1571405853527{margin-bottom: 0px !important;padding-left: 0px !important;}&#8221;]Pensat per a establiments d\u2019alta gamma, \u00e9 il caff\u00e9 \u00e9s el resultat d\u2019un blend especial 100% ar\u00e0biga, amb origen en les plantacions m\u00e9s reconegudes mundialment. Tota una experi\u00e8ncia sensorial per a la millor tassa de caf\u00e8.[\/vc_column_text][\/vc_column][\/vc_row][\/vc_section][vc_section full_width=&#8221;stretch_row&#8221; css=&#8221;.vc_custom_1570697692306{background-image: url(https:\/\/cafesnovell.com\/wp-content\/uploads\/2019\/10\/img3-1-1.jpg?id=6759) !important;background-position: center !important;background-repeat: no-repeat !important;background-size: cover !important;}&#8221;][vc_row][vc_column el_class=&#8221;info-container&#8221;][mk_padding_divider size=&#8221;352&#8243; visibility=&#8221;hidden-sm&#8221;][vc_single_image image=&#8221;257&#8243; img_size=&#8221;full&#8221;][vc_column_text css=&#8221;.vc_custom_1568031247684{margin-bottom: 24px !important;}&#8221;]CAF\u00c8 DE QUALITAT<\/p>\n<p>I ECOL\u00d2GIC[\/vc_column_text][vc_btn title=&#8221;VEURE PRODUCTES&#8221; el_class=&#8221;boton-mas-info&#8221; css=&#8221;.vc_custom_1571675501273{border-top-width: 1px !important;border-right-width: 1px !important;border-bottom-width: 1px !important;border-left-width: 1px !important;border-left-color: #ffffff !important;border-right-color: #ffffff !important;border-top-color: #ffffff !important;border-bottom-color: #ffffff !important;}&#8221; link=&#8221;url:https%3A%2F%2Fcafesnovell.com%2Fca%2Frestauracio%2Fcafes%2Ffilosofia-q%2F|title:Filosofia%20Q||&#8221;][\/vc_column][\/vc_row][\/vc_section][vc_section full_width=&#8221;stretch_row&#8221; el_class=&#8221;section-text&#8221; el_id=&#8221;section-eqlogic&#8221; css=&#8221;.vc_custom_1568031415188{padding-bottom: 15px !important;}&#8221;][vc_row][vc_column el_class=&#8221;first-paragraph-eqlogic&#8221; css=&#8221;.vc_custom_1569854564495{padding-right: 33px !important;}&#8221;][vc_column_text css=&#8221;.vc_custom_1566897889536{margin-bottom: 0px !important;}&#8221;]Una proposta especialment compromesa amb la qualitat i el gust, sense renunciar als valors de la solidaritat, comer\u00e7 just i el respecte per la natura. Un petit gest com el de gaudir d\u2019una deliciosa tassa de caf\u00e8, pot significar un gran gest per al nostre entorn.[\/vc_column_text][\/vc_column][\/vc_row][\/vc_section][vc_section full_width=&#8221;stretch_row&#8221; disable_element=&#8221;yes&#8221; css=&#8221;.vc_custom_1669821636349{background-image: url(https:\/\/cafesnovell.com\/wp-content\/uploads\/2019\/10\/img4-1.jpg?id=6763) !important;background-position: center !important;background-repeat: no-repeat !important;background-size: cover !important;}&#8221;][vc_row][vc_column el_class=&#8221;info-container&#8221;][mk_padding_divider size=&#8221;352&#8243; visibility=&#8221;hidden-sm&#8221;][vc_single_image image=&#8221;264&#8243; img_size=&#8221;full&#8221;][vc_column_text css=&#8221;.vc_custom_1568031259736{margin-bottom: 24px !important;}&#8221;]CAF\u00c8 EXCLUSIU<\/p>\n<p>A LA CARTA[\/vc_column_text][vc_btn title=&#8221;VEURE PRODUCTES&#8221; el_class=&#8221;boton-mas-info&#8221; css=&#8221;.vc_custom_1571675520705{border-top-width: 1px !important;border-right-width: 1px !important;border-bottom-width: 1px !important;border-left-width: 1px !important;border-left-color: #ffffff !important;border-right-color: #ffffff !important;border-top-color: #ffffff !important;border-bottom-color: #ffffff !important;}&#8221; link=&#8221;url:https%3A%2F%2Fcafesnovell.com%2Fca%2Frestauracio%2Fcafes%2Fcafe-de-finca%2F|title:Caf%C3%A8%20de%20finca||&#8221;][\/vc_column][\/vc_row][\/vc_section][vc_section disable_element=&#8221;yes&#8221; el_class=&#8221;section-text&#8221; css=&#8221;.vc_custom_1669821642210{padding-bottom: 15px !important;}&#8221;][vc_row][vc_column][vc_column_text css=&#8221;.vc_custom_1566897987160{margin-bottom: 0px !important;}&#8221;]Per als amants del caf\u00e8 d\u2019especialitat.<br \/>\nSeleccionem micro-lots de caf\u00e8 d\u2019especialitat de qualitat excelsa i els torrem en petites quantitats per a gaudir-los amb la m\u00e0xima frescor.[\/vc_column_text][\/vc_column][\/vc_row][\/vc_section]\n<\/div>","protected":false},"excerpt":{"rendered":"<p>[vc_section full_width=&#8221;stretch_row&#8221; content_placement=&#8221;middle&#8221; css=&#8221;.vc_custom_1570697630756{background-image: url(https:\/\/cafesnovell.com\/wp-content\/uploads\/2019\/10\/img1-1v2.jpg?id=6751) !important;background-position: center !important;background-repeat: no-repeat !important;background-size: cover !important;}&#8221;][vc_row][vc_column el_class=&#8221;info-container&#8221;][mk_padding_divider size=&#8221;352&#8243; visibility=&#8221;hidden-sm&#8221;][mk_padding_divider size=&#8221;85&#8243; visibility=&#8221;visible-sm&#8221;][vc_single_image image=&#8221;203&#8243; img_size=&#8221;full&#8221;][vc_column_text css=&#8221;.vc_custom_1570779756116{margin-bottom: 24px !important;}&#8221;]PREMIUM COFFEE[\/vc_column_text][vc_btn title=&#8221;VEURE PRODUCTES&#8221; el_class=&#8221;boton-mas-info&#8221; el_id=&#8221;boton-mas-info&#8221; css=&#8221;.vc_custom_1571675438715{border-top-width: 1px !important;border-right-width: 1px !important;border-bottom-width: 1px !important;border-left-width: 1px !important;border-left-color: #ffffff !important;border-right-color: #ffffff !important;border-top-color: #ffffff !important;border-bottom-color: #ffffff !important;}&#8221; link=&#8221;url:https%3A%2F%2Fcafesnovell.com%2Fca%2Frestauracio%2Fcafes%2Fnovell%2F|title:Novell||&#8221;][\/vc_column][\/vc_row][\/vc_section][vc_section el_class=&#8221;section-text&#8221; css=&#8221;.vc_custom_1568031391549{padding-bottom: 15px !important;}&#8221;][vc_row][vc_column][vc_column_text css=&#8221;.vc_custom_1566898450497{margin-bottom: 0px !important;padding-left: 0px !important;}&#8221;]El caf\u00e8 [&hellip;]<\/p>\n","protected":false},"author":1,"featured_media":0,"parent":106878,"menu_order":0,"comment_status":"closed","ping_status":"closed","template":"","meta":{"_acf_changed":false,"content-type":"","footnotes":""},"class_list":["post-8763","page","type-page","status-publish","hentry"],"acf":[],"yoast_head":"<!-- This site is optimized with the Yoast SEO plugin v27.3 - https:\/\/yoast.com\/product\/yoast-seo-wordpress\/ -->\n<title>Caf\u00e8s - Caf\u00e8s Novell<\/title>\n<meta name=\"description\" content=\"Los mejores caf\u00e9s para profesionales, bares y cafeterias. Caf\u00e9 gourmet certificado es un caf\u00e9 con una cuidada selecci\u00f3n, importaci\u00f3n y tueste. Caf\u00e9s de gama alta, 100% Ar\u00e1bica. Caf\u00e9 de calidad y ecol\u00f3gico. Novell premium coffee, \u00e9 il caffe, ecqlogic, caf\u00e9 de finca\" \/>\n<meta name=\"robots\" content=\"index, follow, max-snippet:-1, max-image-preview:large, max-video-preview:-1\" \/>\n<link rel=\"canonical\" href=\"https:\/\/cafesnovell.com\/ca\/restauracio\/cafes\/\" \/>\n<meta property=\"og:locale\" content=\"ca_ES\" \/>\n<meta property=\"og:type\" content=\"article\" \/>\n<meta property=\"og:title\" content=\"Caf\u00e8s - Caf\u00e8s Novell\" \/>\n<meta property=\"og:description\" content=\"Los mejores caf\u00e9s para profesionales, bares y cafeterias. Caf\u00e9 gourmet certificado es un caf\u00e9 con una cuidada selecci\u00f3n, importaci\u00f3n y tueste. Caf\u00e9s de gama alta, 100% Ar\u00e1bica. Caf\u00e9 de calidad y ecol\u00f3gico. Novell premium coffee, \u00e9 il caffe, ecqlogic, caf\u00e9 de finca\" \/>\n<meta property=\"og:url\" content=\"https:\/\/cafesnovell.com\/ca\/restauracio\/cafes\/\" \/>\n<meta property=\"og:site_name\" content=\"Caf\u00e8s Novell\" \/>\n<meta property=\"article:modified_time\" content=\"2025-05-21T13:59:10+00:00\" \/>\n<meta name=\"twitter:card\" content=\"summary_large_image\" \/>\n<meta name=\"twitter:label1\" content=\"Temps estimat de lectura\" \/>\n\t<meta name=\"twitter:data1\" content=\"2 minuts\" \/>\n<script type=\"application\/ld+json\" class=\"yoast-schema-graph\">{\"@context\":\"https:\\\/\\\/schema.org\",\"@graph\":[{\"@type\":\"WebPage\",\"@id\":\"https:\\\/\\\/cafesnovell.com\\\/ca\\\/restauracio\\\/cafes\\\/\",\"url\":\"https:\\\/\\\/cafesnovell.com\\\/ca\\\/restauracio\\\/cafes\\\/\",\"name\":\"Caf\u00e8s - Caf\u00e8s Novell\",\"isPartOf\":{\"@id\":\"https:\\\/\\\/cafesnovell.com\\\/ca\\\/#website\"},\"datePublished\":\"2019-07-15T13:45:44+00:00\",\"dateModified\":\"2025-05-21T13:59:10+00:00\",\"description\":\"Los mejores caf\u00e9s para profesionales, bares y cafeterias. Caf\u00e9 gourmet certificado es un caf\u00e9 con una cuidada selecci\u00f3n, importaci\u00f3n y tueste. Caf\u00e9s de gama alta, 100% Ar\u00e1bica. Caf\u00e9 de calidad y ecol\u00f3gico. Novell premium coffee, \u00e9 il caffe, ecqlogic, caf\u00e9 de finca\",\"breadcrumb\":{\"@id\":\"https:\\\/\\\/cafesnovell.com\\\/ca\\\/restauracio\\\/cafes\\\/#breadcrumb\"},\"inLanguage\":\"ca\",\"potentialAction\":[{\"@type\":\"ReadAction\",\"target\":[\"https:\\\/\\\/cafesnovell.com\\\/ca\\\/restauracio\\\/cafes\\\/\"]}]},{\"@type\":\"BreadcrumbList\",\"@id\":\"https:\\\/\\\/cafesnovell.com\\\/ca\\\/restauracio\\\/cafes\\\/#breadcrumb\",\"itemListElement\":[{\"@type\":\"ListItem\",\"position\":1,\"name\":\"Inici\",\"item\":\"https:\\\/\\\/cafesnovell.com\\\/ca\\\/\"},{\"@type\":\"ListItem\",\"position\":2,\"name\":\"Restauraci\u00f3\",\"item\":\"https:\\\/\\\/cafesnovell.com\\\/ca\\\/restauracio\\\/\"},{\"@type\":\"ListItem\",\"position\":3,\"name\":\"Caf\u00e8s\"}]},{\"@type\":\"WebSite\",\"@id\":\"https:\\\/\\\/cafesnovell.com\\\/ca\\\/#website\",\"url\":\"https:\\\/\\\/cafesnovell.com\\\/ca\\\/\",\"name\":\"Caf\u00e8s Novell\",\"description\":\"Organic Premium Coffee\",\"potentialAction\":[{\"@type\":\"SearchAction\",\"target\":{\"@type\":\"EntryPoint\",\"urlTemplate\":\"https:\\\/\\\/cafesnovell.com\\\/ca\\\/?s={search_term_string}\"},\"query-input\":{\"@type\":\"PropertyValueSpecification\",\"valueRequired\":true,\"valueName\":\"search_term_string\"}}],\"inLanguage\":\"ca\"}]}<\/script>\n<!-- \/ Yoast SEO plugin. -->","yoast_head_json":{"title":"Caf\u00e8s - Caf\u00e8s Novell","description":"Los mejores caf\u00e9s para profesionales, bares y cafeterias. Caf\u00e9 gourmet certificado es un caf\u00e9 con una cuidada selecci\u00f3n, importaci\u00f3n y tueste. Caf\u00e9s de gama alta, 100% Ar\u00e1bica. Caf\u00e9 de calidad y ecol\u00f3gico. Novell premium coffee, \u00e9 il caffe, ecqlogic, caf\u00e9 de finca","robots":{"index":"index","follow":"follow","max-snippet":"max-snippet:-1","max-image-preview":"max-image-preview:large","max-video-preview":"max-video-preview:-1"},"canonical":"https:\/\/cafesnovell.com\/ca\/restauracio\/cafes\/","og_locale":"ca_ES","og_type":"article","og_title":"Caf\u00e8s - Caf\u00e8s Novell","og_description":"Los mejores caf\u00e9s para profesionales, bares y cafeterias. Caf\u00e9 gourmet certificado es un caf\u00e9 con una cuidada selecci\u00f3n, importaci\u00f3n y tueste. Caf\u00e9s de gama alta, 100% Ar\u00e1bica. Caf\u00e9 de calidad y ecol\u00f3gico. Novell premium coffee, \u00e9 il caffe, ecqlogic, caf\u00e9 de finca","og_url":"https:\/\/cafesnovell.com\/ca\/restauracio\/cafes\/","og_site_name":"Caf\u00e8s Novell","article_modified_time":"2025-05-21T13:59:10+00:00","twitter_card":"summary_large_image","twitter_misc":{"Temps estimat de lectura":"2 minuts"},"schema":{"@context":"https:\/\/schema.org","@graph":[{"@type":"WebPage","@id":"https:\/\/cafesnovell.com\/ca\/restauracio\/cafes\/","url":"https:\/\/cafesnovell.com\/ca\/restauracio\/cafes\/","name":"Caf\u00e8s - Caf\u00e8s Novell","isPartOf":{"@id":"https:\/\/cafesnovell.com\/ca\/#website"},"datePublished":"2019-07-15T13:45:44+00:00","dateModified":"2025-05-21T13:59:10+00:00","description":"Los mejores caf\u00e9s para profesionales, bares y cafeterias. Caf\u00e9 gourmet certificado es un caf\u00e9 con una cuidada selecci\u00f3n, importaci\u00f3n y tueste. Caf\u00e9s de gama alta, 100% Ar\u00e1bica. Caf\u00e9 de calidad y ecol\u00f3gico. Novell premium coffee, \u00e9 il caffe, ecqlogic, caf\u00e9 de finca","breadcrumb":{"@id":"https:\/\/cafesnovell.com\/ca\/restauracio\/cafes\/#breadcrumb"},"inLanguage":"ca","potentialAction":[{"@type":"ReadAction","target":["https:\/\/cafesnovell.com\/ca\/restauracio\/cafes\/"]}]},{"@type":"BreadcrumbList","@id":"https:\/\/cafesnovell.com\/ca\/restauracio\/cafes\/#breadcrumb","itemListElement":[{"@type":"ListItem","position":1,"name":"Inici","item":"https:\/\/cafesnovell.com\/ca\/"},{"@type":"ListItem","position":2,"name":"Restauraci\u00f3","item":"https:\/\/cafesnovell.com\/ca\/restauracio\/"},{"@type":"ListItem","position":3,"name":"Caf\u00e8s"}]},{"@type":"WebSite","@id":"https:\/\/cafesnovell.com\/ca\/#website","url":"https:\/\/cafesnovell.com\/ca\/","name":"Caf\u00e8s Novell","description":"Organic Premium Coffee","potentialAction":[{"@type":"SearchAction","target":{"@type":"EntryPoint","urlTemplate":"https:\/\/cafesnovell.com\/ca\/?s={search_term_string}"},"query-input":{"@type":"PropertyValueSpecification","valueRequired":true,"valueName":"search_term_string"}}],"inLanguage":"ca"}]}},"_links":{"self":[{"href":"https:\/\/cafesnovell.com\/ca\/wp-json\/wp\/v2\/pages\/8763","targetHints":{"allow":["GET"]}}],"collection":[{"href":"https:\/\/cafesnovell.com\/ca\/wp-json\/wp\/v2\/pages"}],"about":[{"href":"https:\/\/cafesnovell.com\/ca\/wp-json\/wp\/v2\/types\/page"}],"author":[{"embeddable":true,"href":"https:\/\/cafesnovell.com\/ca\/wp-json\/wp\/v2\/users\/1"}],"replies":[{"embeddable":true,"href":"https:\/\/cafesnovell.com\/ca\/wp-json\/wp\/v2\/comments?post=8763"}],"version-history":[{"count":0,"href":"https:\/\/cafesnovell.com\/ca\/wp-json\/wp\/v2\/pages\/8763\/revisions"}],"up":[{"embeddable":true,"href":"https:\/\/cafesnovell.com\/ca\/wp-json\/wp\/v2\/pages\/106878"}],"wp:attachment":[{"href":"https:\/\/cafesnovell.com\/ca\/wp-json\/wp\/v2\/media?parent=8763"}],"curies":[{"name":"wp","href":"https:\/\/api.w.org\/{rel}","templated":true}]}}