{"id":8651,"date":"2019-08-21T11:16:39","date_gmt":"2019-08-21T11:16:39","guid":{"rendered":"https:\/\/cafesnovell.com\/conocenos\/valors-dempresa\/"},"modified":"2019-11-07T15:10:57","modified_gmt":"2019-11-07T15:10:57","slug":"valors-de-empresa","status":"publish","type":"page","link":"https:\/\/cafesnovell.com\/ca\/coneix-nos\/valors-de-empresa\/","title":{"rendered":"Valors d&#8217;empresa"},"content":{"rendered":"<div class=\"wpb-content-wrapper\">[vc_section full_width=&#8221;stretch_row&#8221; css=&#8221;.vc_custom_1570693813623{padding-bottom: 51px !important;background-image: url(https:\/\/cafesnovell.com\/wp-content\/uploads\/2019\/10\/header.jpg?id=6634) !important;background-position: center !important;background-repeat: no-repeat !important;background-size: cover !important;}&#8221;][vc_row fullwidth=&#8221;true&#8221;][vc_column width=&#8221;1\/4&#8243; css=&#8221;.vc_custom_1569404251259{margin-left: 50px !important;padding-top: 29px !important;}&#8221;][vc_column_text css=&#8221;.vc_custom_1566548418819{margin-bottom: 0px !important;}&#8221;]VALORS<br \/>\nD&#8217;EMPRESA[\/vc_column_text][\/vc_column][vc_column width=&#8221;1\/4&#8243;][\/vc_column][vc_column width=&#8221;1\/4&#8243;][\/vc_column][vc_column width=&#8221;1\/4&#8243;][\/vc_column][\/vc_row][\/vc_section][vc_section full_width=&#8221;stretch_row&#8221; el_class=&#8221;section-products&#8221; css=&#8221;.vc_custom_1569490169458{padding-top: 0px !important;padding-bottom: 60px !important;}&#8221;][vc_row css=&#8221;.vc_custom_1566550048126{padding-top: 60px !important;}&#8221;][vc_column width=&#8221;1\/2&#8243; css=&#8221;.vc_custom_1566549495938{padding-top: 38px !important;}&#8221;][vc_column_text el_class=&#8221;title-valores&#8221; css=&#8221;.vc_custom_1569858941867{margin-bottom: 10px !important;}&#8221;]\n<h3>INNOVACI\u00d3<\/h3>\n[\/vc_column_text][vc_column_text css=&#8221;.vc_custom_1571404166260{margin-bottom: 0px !important;}&#8221;]L\u2019\u00fanica manera d\u2019innovar \u00e9s estar constantment buscant i analitzant les tend\u00e8ncies del mercat. Sense dubte, la nostra xarxa comercial representa una font clau per con\u00e8ixer de primera m\u00e0 qu\u00e8 est\u00e0 passant en el sector.<\/p>\n<p>Un cop s\u2019ha detectat una necessitat, el nostre departament d\u2019innovaci\u00f3 es posa en marxa per a trobar la soluci\u00f3 m\u00e9s innovadora, la qual passa per diferents tests per assegurar la seva viabilitat. Pot ser un nou producte, un nou servei o una nova manera de fer les coses. Sigui el que sigui, el nostre objectiu \u00e9s que es converteixi en un avantatge competitiu per a Caf\u00e8s Novell.[\/vc_column_text][\/vc_column][vc_column width=&#8221;1\/2&#8243;][vc_single_image image=&#8221;6670&#8243; img_size=&#8221;full&#8221;][\/vc_column][\/vc_row][vc_row][vc_column width=&#8221;1\/2&#8243;][mk_padding_divider size=&#8221;20&#8243; visibility=&#8221;visible-sm&#8221;][vc_single_image image=&#8221;6674&#8243; img_size=&#8221;full&#8221; alignment=&#8221;right&#8221;][\/vc_column][vc_column width=&#8221;1\/2&#8243; css=&#8221;.vc_custom_1566549495938{padding-top: 38px !important;}&#8221;][vc_column_text css=&#8221;.vc_custom_1569858929924{margin-bottom: 10px !important;}&#8221;]\n<h3>RESPONSABILITAT SOCIAL<\/h3>\n[\/vc_column_text][vc_column_text css=&#8221;.vc_custom_1571404315303{margin-bottom: 0px !important;}&#8221;]Fem tots els esfor\u00e7os possibles per a promoure la comercialitzaci\u00f3 de caf\u00e8 certificat de comer\u00e7 just i org\u00e0nic. En aquest sentit, hem estat seleccionats per escoles de negocis rellevants com a exemple de Responsabilitat Social Corporativa, guanyant diferents premis en aquest camp.<\/p>\n<p>El nostre comprom\u00eds responsable es centra en apostar per la sostenibilitat des de l&#8217;origen fins al moment de consum final. Volem fer cr\u00e9ixer el nostre negoci donant suport a totes les persones involucrades en el proc\u00e9s, especialment les que pertanyen a les comunitats locals en els pa\u00efsos d&#8217;origen. Per nosaltres sostenibilitat tamb\u00e9 significa oferir la tassa de caf\u00e8 perfecta sense generar residus. Per aix\u00f2, les nostres c\u00e0psules compostables s\u00f3n el millor exemple d&#8217;aquest plaer responsable del qual tan orgullosos ens sentim.[\/vc_column_text][mk_padding_divider size=&#8221;20&#8243; visibility=&#8221;visible-sm&#8221;][\/vc_column][\/vc_row][vc_row][vc_column width=&#8221;1\/2&#8243; css=&#8221;.vc_custom_1567418293391{padding-top: 38px !important;}&#8221;][vc_column_text css=&#8221;.vc_custom_1569858935435{margin-bottom: 10px !important;}&#8221;]\n<h3>ORIENTACI\u00d3 AL CLIENT<\/h3>\n[\/vc_column_text][vc_column_text css=&#8221;.vc_custom_1571404445847{margin-bottom: 0px !important;}&#8221;]Cafeteries, restaurants, oficines, empreses, particulars. Siguin on siguin els nostres clients, mai pararem de buscar noves idees, productes i serveis de m\u00e0xima qualitat que ens permetin seguir perfeccionant l&#8217;experi\u00e8ncia de gaudir del millor caf\u00e8.[\/vc_column_text][mk_padding_divider size=&#8221;20&#8243; visibility=&#8221;visible-sm&#8221;][\/vc_column][vc_column width=&#8221;1\/2&#8243;][vc_single_image image=&#8221;6678&#8243; img_size=&#8221;full&#8221; alignment=&#8221;right&#8221;][\/vc_column][\/vc_row][\/vc_section]\n<\/div>","protected":false},"excerpt":{"rendered":"<p>[vc_section full_width=&#8221;stretch_row&#8221; css=&#8221;.vc_custom_1570693813623{padding-bottom: 51px !important;background-image: url(https:\/\/cafesnovell.com\/wp-content\/uploads\/2019\/10\/header.jpg?id=6634) !important;background-position: center !important;background-repeat: no-repeat !important;background-size: cover !important;}&#8221;][vc_row fullwidth=&#8221;true&#8221;][vc_column width=&#8221;1\/4&#8243; css=&#8221;.vc_custom_1569404251259{margin-left: 50px !important;padding-top: 29px !important;}&#8221;][vc_column_text css=&#8221;.vc_custom_1566548418819{margin-bottom: 0px !important;}&#8221;]VALORS D&#8217;EMPRESA[\/vc_column_text][\/vc_column][vc_column width=&#8221;1\/4&#8243;][\/vc_column][vc_column width=&#8221;1\/4&#8243;][\/vc_column][vc_column width=&#8221;1\/4&#8243;][\/vc_column][\/vc_row][\/vc_section][vc_section full_width=&#8221;stretch_row&#8221; el_class=&#8221;section-products&#8221; css=&#8221;.vc_custom_1569490169458{padding-top: 0px !important;padding-bottom: 60px !important;}&#8221;][vc_row css=&#8221;.vc_custom_1566550048126{padding-top: 60px !important;}&#8221;][vc_column width=&#8221;1\/2&#8243; css=&#8221;.vc_custom_1566549495938{padding-top: 38px !important;}&#8221;][vc_column_text el_class=&#8221;title-valores&#8221; css=&#8221;.vc_custom_1569858941867{margin-bottom: 10px !important;}&#8221;] INNOVACI\u00d3 [\/vc_column_text][vc_column_text css=&#8221;.vc_custom_1571404166260{margin-bottom: 0px !important;}&#8221;]L\u2019\u00fanica manera d\u2019innovar \u00e9s estar constantment [&hellip;]<\/p>\n","protected":false},"author":1,"featured_media":0,"parent":7820,"menu_order":0,"comment_status":"closed","ping_status":"closed","template":"","meta":{"_acf_changed":false,"content-type":"","footnotes":""},"class_list":["post-8651","page","type-page","status-publish","hentry"],"acf":[],"yoast_head":"<!-- This site is optimized with the Yoast SEO plugin v27.3 - https:\/\/yoast.com\/product\/yoast-seo-wordpress\/ -->\n<title>Valors d&#039;empresa - Caf\u00e8s Novell<\/title>\n<meta name=\"description\" content=\"Valores de Caf\u00e8s Novell. Innovaci\u00f3n, Responsabilidad Social y Orientaci\u00f3n al Cliente\" \/>\n<meta name=\"robots\" content=\"index, follow, max-snippet:-1, max-image-preview:large, max-video-preview:-1\" \/>\n<link rel=\"canonical\" href=\"https:\/\/cafesnovell.com\/ca\/coneix-nos\/valors-de-empresa\/\" \/>\n<meta property=\"og:locale\" content=\"ca_ES\" \/>\n<meta property=\"og:type\" content=\"article\" \/>\n<meta property=\"og:title\" content=\"Valors d&#039;empresa - Caf\u00e8s Novell\" \/>\n<meta property=\"og:description\" content=\"Valores de Caf\u00e8s Novell. Innovaci\u00f3n, Responsabilidad Social y Orientaci\u00f3n al Cliente\" \/>\n<meta property=\"og:url\" content=\"https:\/\/cafesnovell.com\/ca\/coneix-nos\/valors-de-empresa\/\" \/>\n<meta property=\"og:site_name\" content=\"Caf\u00e8s Novell\" \/>\n<meta property=\"article:modified_time\" content=\"2019-11-07T15:10:57+00:00\" \/>\n<meta name=\"twitter:card\" content=\"summary_large_image\" \/>\n<meta name=\"twitter:label1\" content=\"Temps estimat de lectura\" \/>\n\t<meta name=\"twitter:data1\" content=\"3 minuts\" \/>\n<script type=\"application\/ld+json\" class=\"yoast-schema-graph\">{\"@context\":\"https:\\\/\\\/schema.org\",\"@graph\":[{\"@type\":\"WebPage\",\"@id\":\"https:\\\/\\\/cafesnovell.com\\\/ca\\\/coneix-nos\\\/valors-de-empresa\\\/\",\"url\":\"https:\\\/\\\/cafesnovell.com\\\/ca\\\/coneix-nos\\\/valors-de-empresa\\\/\",\"name\":\"Valors d'empresa - Caf\u00e8s Novell\",\"isPartOf\":{\"@id\":\"https:\\\/\\\/cafesnovell.com\\\/ca\\\/#website\"},\"datePublished\":\"2019-08-21T11:16:39+00:00\",\"dateModified\":\"2019-11-07T15:10:57+00:00\",\"description\":\"Valores de Caf\u00e8s Novell. Innovaci\u00f3n, Responsabilidad Social y Orientaci\u00f3n al Cliente\",\"breadcrumb\":{\"@id\":\"https:\\\/\\\/cafesnovell.com\\\/ca\\\/coneix-nos\\\/valors-de-empresa\\\/#breadcrumb\"},\"inLanguage\":\"ca\",\"potentialAction\":[{\"@type\":\"ReadAction\",\"target\":[\"https:\\\/\\\/cafesnovell.com\\\/ca\\\/coneix-nos\\\/valors-de-empresa\\\/\"]}]},{\"@type\":\"BreadcrumbList\",\"@id\":\"https:\\\/\\\/cafesnovell.com\\\/ca\\\/coneix-nos\\\/valors-de-empresa\\\/#breadcrumb\",\"itemListElement\":[{\"@type\":\"ListItem\",\"position\":1,\"name\":\"Inici\",\"item\":\"https:\\\/\\\/cafesnovell.com\\\/ca\\\/\"},{\"@type\":\"ListItem\",\"position\":2,\"name\":\"Coneix-nos\",\"item\":\"https:\\\/\\\/cafesnovell.com\\\/ca\\\/coneix-nos\\\/\"},{\"@type\":\"ListItem\",\"position\":3,\"name\":\"Valors d&#8217;empresa\"}]},{\"@type\":\"WebSite\",\"@id\":\"https:\\\/\\\/cafesnovell.com\\\/ca\\\/#website\",\"url\":\"https:\\\/\\\/cafesnovell.com\\\/ca\\\/\",\"name\":\"Caf\u00e8s Novell\",\"description\":\"Organic Premium Coffee\",\"potentialAction\":[{\"@type\":\"SearchAction\",\"target\":{\"@type\":\"EntryPoint\",\"urlTemplate\":\"https:\\\/\\\/cafesnovell.com\\\/ca\\\/?s={search_term_string}\"},\"query-input\":{\"@type\":\"PropertyValueSpecification\",\"valueRequired\":true,\"valueName\":\"search_term_string\"}}],\"inLanguage\":\"ca\"}]}<\/script>\n<!-- \/ Yoast SEO plugin. -->","yoast_head_json":{"title":"Valors d'empresa - Caf\u00e8s Novell","description":"Valores de Caf\u00e8s Novell. Innovaci\u00f3n, Responsabilidad Social y Orientaci\u00f3n al Cliente","robots":{"index":"index","follow":"follow","max-snippet":"max-snippet:-1","max-image-preview":"max-image-preview:large","max-video-preview":"max-video-preview:-1"},"canonical":"https:\/\/cafesnovell.com\/ca\/coneix-nos\/valors-de-empresa\/","og_locale":"ca_ES","og_type":"article","og_title":"Valors d'empresa - Caf\u00e8s Novell","og_description":"Valores de Caf\u00e8s Novell. Innovaci\u00f3n, Responsabilidad Social y Orientaci\u00f3n al Cliente","og_url":"https:\/\/cafesnovell.com\/ca\/coneix-nos\/valors-de-empresa\/","og_site_name":"Caf\u00e8s Novell","article_modified_time":"2019-11-07T15:10:57+00:00","twitter_card":"summary_large_image","twitter_misc":{"Temps estimat de lectura":"3 minuts"},"schema":{"@context":"https:\/\/schema.org","@graph":[{"@type":"WebPage","@id":"https:\/\/cafesnovell.com\/ca\/coneix-nos\/valors-de-empresa\/","url":"https:\/\/cafesnovell.com\/ca\/coneix-nos\/valors-de-empresa\/","name":"Valors d'empresa - Caf\u00e8s Novell","isPartOf":{"@id":"https:\/\/cafesnovell.com\/ca\/#website"},"datePublished":"2019-08-21T11:16:39+00:00","dateModified":"2019-11-07T15:10:57+00:00","description":"Valores de Caf\u00e8s Novell. Innovaci\u00f3n, Responsabilidad Social y Orientaci\u00f3n al Cliente","breadcrumb":{"@id":"https:\/\/cafesnovell.com\/ca\/coneix-nos\/valors-de-empresa\/#breadcrumb"},"inLanguage":"ca","potentialAction":[{"@type":"ReadAction","target":["https:\/\/cafesnovell.com\/ca\/coneix-nos\/valors-de-empresa\/"]}]},{"@type":"BreadcrumbList","@id":"https:\/\/cafesnovell.com\/ca\/coneix-nos\/valors-de-empresa\/#breadcrumb","itemListElement":[{"@type":"ListItem","position":1,"name":"Inici","item":"https:\/\/cafesnovell.com\/ca\/"},{"@type":"ListItem","position":2,"name":"Coneix-nos","item":"https:\/\/cafesnovell.com\/ca\/coneix-nos\/"},{"@type":"ListItem","position":3,"name":"Valors d&#8217;empresa"}]},{"@type":"WebSite","@id":"https:\/\/cafesnovell.com\/ca\/#website","url":"https:\/\/cafesnovell.com\/ca\/","name":"Caf\u00e8s Novell","description":"Organic Premium Coffee","potentialAction":[{"@type":"SearchAction","target":{"@type":"EntryPoint","urlTemplate":"https:\/\/cafesnovell.com\/ca\/?s={search_term_string}"},"query-input":{"@type":"PropertyValueSpecification","valueRequired":true,"valueName":"search_term_string"}}],"inLanguage":"ca"}]}},"_links":{"self":[{"href":"https:\/\/cafesnovell.com\/ca\/wp-json\/wp\/v2\/pages\/8651","targetHints":{"allow":["GET"]}}],"collection":[{"href":"https:\/\/cafesnovell.com\/ca\/wp-json\/wp\/v2\/pages"}],"about":[{"href":"https:\/\/cafesnovell.com\/ca\/wp-json\/wp\/v2\/types\/page"}],"author":[{"embeddable":true,"href":"https:\/\/cafesnovell.com\/ca\/wp-json\/wp\/v2\/users\/1"}],"replies":[{"embeddable":true,"href":"https:\/\/cafesnovell.com\/ca\/wp-json\/wp\/v2\/comments?post=8651"}],"version-history":[{"count":0,"href":"https:\/\/cafesnovell.com\/ca\/wp-json\/wp\/v2\/pages\/8651\/revisions"}],"up":[{"embeddable":true,"href":"https:\/\/cafesnovell.com\/ca\/wp-json\/wp\/v2\/pages\/7820"}],"wp:attachment":[{"href":"https:\/\/cafesnovell.com\/ca\/wp-json\/wp\/v2\/media?parent=8651"}],"curies":[{"name":"wp","href":"https:\/\/api.w.org\/{rel}","templated":true}]}}