{"id":8625,"date":"2019-05-13T16:07:38","date_gmt":"2019-05-13T16:07:38","guid":{"rendered":"https:\/\/cafesnovell.com\/empresas-2\/"},"modified":"2024-11-29T14:30:58","modified_gmt":"2024-11-29T13:30:58","slug":"empreses2","status":"publish","type":"page","link":"https:\/\/cafesnovell.com\/ca\/empreses2\/","title":{"rendered":"Empreses2"},"content":{"rendered":"<div class=\"wpb-content-wrapper\">[vc_section full_width=&#8221;stretch_row&#8221; content_placement=&#8221;middle&#8221; css=&#8221;.vc_custom_1651070078334{padding-top: 0px !important;background-position: center !important;background-repeat: no-repeat !important;background-size: cover !important;}&#8221;][vc_row fullwidth=&#8221;true&#8221; visibility=&#8221;hidden-sm&#8221; el_class=&#8221;first-section-empresa&#8221;][vc_column][vc_single_image image=&#8221;66539&#8243; img_size=&#8221;full&#8221; alignment=&#8221;center&#8221;][\/vc_column][\/vc_row][vc_row fullwidth=&#8221;true&#8221; visibility=&#8221;visible-sm&#8221; el_class=&#8221;first-section-empresa&#8221;][vc_column][vc_single_image image=&#8221;66543&#8243; img_size=&#8221;full&#8221; alignment=&#8221;center&#8221;][\/vc_column][\/vc_row][\/vc_section][vc_section full_width=&#8221;stretch_row&#8221; el_class=&#8221;section-text&#8221; css=&#8221;.vc_custom_1651071080160{padding-top: 0px !important;}&#8221;][vc_row][vc_column el_class=&#8221;info-container description-baristes&#8221;][mk_padding_divider visibility=&#8221;hidden-sm&#8221;][vc_column_text css=&#8221;.vc_custom_1651764788369{margin-bottom: 0px !important;}&#8221;]Estem conven\u00e7uts de la import\u00e0ncia de poder gaudir d&#8217;un bon caf\u00e8 a les empreses. Un bon caf\u00e8 resulta reconfortant i ens ajuda a \u201ccarregar les piles\u201d. A m\u00e9s, la pausa del caf\u00e8 \u00e9s tamb\u00e9 un bon moment per a socialitzar i enfortir relacions. El nostre servei a Empreses t\u00e9 com a objectiu oferir un conjunt de prestacions flexible, que integra productes de la m\u00e0xima <strong>qualitat<\/strong>, acompanyats de <strong>tecnologia<\/strong> i <strong>respecte pel medi ambient<\/strong>.[\/vc_column_text][\/vc_column][\/vc_row][\/vc_section][vc_section css=&#8221;.vc_custom_1651053426282{margin-top: 40px !important;}&#8221;][vc_row visibility=&#8221;hidden-sm&#8221;][vc_column][vc_single_image image=&#8221;66551&#8243; img_size=&#8221;full&#8221; alignment=&#8221;center&#8221;][\/vc_column][\/vc_row][vc_row visibility=&#8221;visible-sm&#8221;][vc_column][vc_single_image image=&#8221;66555&#8243; img_size=&#8221;full&#8221; alignment=&#8221;center&#8221;][\/vc_column][\/vc_row][\/vc_section][vc_section full_width=&#8221;stretch_row&#8221; css=&#8221;.vc_custom_1651054756549{margin-top: 20px !important;}&#8221;][vc_row fullwidth=&#8221;true&#8221; visibility=&#8221;hidden-sm&#8221; el_class=&#8221;empresa-banner-compromiso&#8221;][vc_column][vc_single_image image=&#8221;66560&#8243; img_size=&#8221;full&#8221; css=&#8221;.vc_custom_1651660976573{margin-bottom: 0px !important;}&#8221;][\/vc_column][\/vc_row][vc_row fullwidth=&#8221;true&#8221; visibility=&#8221;visible-sm&#8221; el_class=&#8221;empresa-banner-compromiso&#8221;][vc_column][vc_single_image image=&#8221;66564&#8243; img_size=&#8221;full&#8221; css=&#8221;.vc_custom_1651661009243{margin-bottom: 0px !important;}&#8221;][\/vc_column][\/vc_row][\/vc_section][vc_section full_width=&#8221;stretch_row&#8221; css=&#8221;.vc_custom_1570705642421{padding-top: 0px !important;background-image: url(https:\/\/cafesnovell.com\/wp-content\/uploads\/2019\/10\/fondo-1.jpg?id=6977) !important;background-position: center !important;background-repeat: no-repeat !important;background-size: cover !important;}&#8221;][vc_row][vc_column width=&#8221;1\/4&#8243; css=&#8221;.vc_custom_1588869516220{padding-top: 10px !important;}&#8221; offset=&#8221;vc_col-xs-2\/5&#8243;][vc_single_image image=&#8221;4911&#8243; img_size=&#8221;full&#8221;][\/vc_column][vc_column visibility=&#8221;hidden-sm&#8221; el_class=&#8221;list-restauracio&#8221;][vc_column_text el_class=&#8221;list-restauracio-descr&#8221; css=&#8221;.vc_custom_1651764803881{margin-bottom: 0px !important;}&#8221;]Pensem que \u00e9s tan important el que hi ha dins d&#8217;una tassa de caf\u00e8 perfecte, com tot el que l&#8217;envolta. El nostre Global Coffee Concept \u00e9s un conjunt de serveis basats en un producte d&#8217;alta qualitat i de rendiment excepcional, al qual sumem una tecnologia que ofereix millor control de costos i major efici\u00e8ncia, amb<strong> l&#8217;objectiu d&#8217;augmentar els ingressos del teu negoci.<\/strong>[\/vc_column_text][\/vc_column][\/vc_row][vc_row css=&#8221;.vc_custom_1569925797397{padding-top: 7px !important;}&#8221;][vc_column width=&#8221;1\/3&#8243; el_class=&#8221;list-restauracio&#8221;][mk_padding_divider size=&#8221;20&#8243; visibility=&#8221;visible-sm&#8221;][vc_column_text visibility=&#8221;hidden-sm&#8221; css=&#8221;.vc_custom_1588868476994{margin-bottom: 0px !important;}&#8221;]<strong><span class=\"num\">1<\/span><\/strong>[\/vc_column_text][vc_column_text css=&#8221;.vc_custom_1651764862113{margin-bottom: 28px !important;}&#8221;]CAFETERIA I <em>VENDING<\/em> PER EMPRESES DE TOTES LES MIDES.[\/vc_column_text][vc_column_text el_class=&#8221;list-restauracio-descr&#8221; css=&#8221;.vc_custom_1651764854410{margin-bottom: 0px !important;}&#8221;]Caf\u00e8s Novell elabora caf\u00e8s per l&#8217;Alta Hostaleria des de fa m\u00e9s de 60 anys, sempre controlant totes les fases del proc\u00e9s, des de la plantaci\u00f3 a la tassa. Des de fa m\u00e9s de 35 anys, el nostre Servei a Empreses treballa per a traslladar tota la nostra experi\u00e8ncia a les millors cafeteries al teu lloc de treball. Perqu\u00e8 puguis gaudir de l&#8217;aut\u00e8ntic caf\u00e8 espresso d&#8217;Hostaleria tamb\u00e9 a la teva empresa.[\/vc_column_text][\/vc_column][vc_column width=&#8221;1\/3&#8243; el_class=&#8221;list-restauracio&#8221;][mk_padding_divider size=&#8221;20&#8243; visibility=&#8221;visible-sm&#8221;][vc_column_text visibility=&#8221;hidden-sm&#8221; css=&#8221;.vc_custom_1588868485920{margin-bottom: 0px !important;}&#8221;]<strong><span class=\"num\">2<\/span><\/strong>[\/vc_column_text][vc_column_text css=&#8221;.vc_custom_1651764872384{margin-bottom: 26px !important;}&#8221;]CAF\u00c8 100% RESPONSABLE, CAF\u00c8 ECOL\u00d2GIC I DOSSIER SOSTENIBLE.[\/vc_column_text][vc_column_text el_class=&#8221;list-restauracio-descr&#8221; css=&#8221;.vc_custom_1651764843977{margin-bottom: 0px !important;}&#8221;]A Caf\u00e8s Novell apliquem pol\u00edtiques responsables a nivell social i mediambiental en tots els processos en els quals intervenim. Nom\u00e9s oferim caf\u00e8s certificats de responsabilitat social o ecol\u00f2gics. Tamb\u00e9 ens preocupen els residus que es generen a la teva empresa a partir del consum realitzat en les nostres m\u00e0quines dispensadores. Per aquesta ra\u00f3 hem elaborat un dossier sostenible per a assessorar-te i ajudar-te a eliminar els envasos pl\u00e0stics d&#8217;un sol \u00fas a la teva empresa.[\/vc_column_text][\/vc_column][vc_column width=&#8221;1\/3&#8243; el_class=&#8221;list-restauracio&#8221;][mk_padding_divider size=&#8221;20&#8243; visibility=&#8221;visible-sm&#8221;][vc_column_text visibility=&#8221;hidden-sm&#8221; css=&#8221;.vc_custom_1588868502327{margin-bottom: 0px !important;}&#8221;]<strong><span class=\"num\">3<\/span><\/strong>[\/vc_column_text][vc_column_text css=&#8221;.vc_custom_1651764880649{margin-bottom: 26px !important;}&#8221;]INNOVACI\u00d3, TECNOLOG\u00cdA I SOLUCIONS INTEGRALS.[\/vc_column_text][vc_column_text el_class=&#8221;list-restauracio-descr&#8221; css=&#8221;.vc_custom_1651764836873{padding-bottom: 54px !important;}&#8221;]La nostra intenci\u00f3 \u00e9s crear un vincle perfecte entre m\u00e0quina, producte i usuari. D&#8217;aquesta manera, les nostres propostes sempre van acompanyades d&#8217;un estudi previ detallat de les necessitats de la teva empresa, per a oferir una soluci\u00f3 a mesura. Treballem amb m\u00e0quines d&#8217;\u00faltima generaci\u00f3, desenvolupaments tecnol\u00f2gics propis i, per descomptat, mitjans de pagament amb m\u00f2bil, Visa, Novell Smartcard\/*Key o fins i tot amb la mateixa targeta de pres\u00e8ncia corporativa de cada empresa. Segur que podem oferir-te la soluci\u00f3 que necessites: nom\u00e9s has de consultar-nos.[\/vc_column_text][\/vc_column][\/vc_row][\/vc_section][vc_section css=&#8221;.vc_custom_1570009644380{padding-top: 0px !important;background-position: center !important;background-repeat: no-repeat !important;background-size: cover !important;}&#8221; el_class=&#8221;expo-prod&#8221;][vc_row fullwidth=&#8221;true&#8221; id=&#8221;muestra-productos&#8221;][vc_column width=&#8221;1\/4&#8243; css=&#8221;.vc_custom_1651058416205{border-bottom-width: 1px !important;padding-right: 20px !important;padding-left: 20px !important;background-image: url(https:\/\/cafesnovell.com\/wp-content\/uploads\/2022\/04\/porque-escogernos.jpg?id=66206) !important;background-position: center !important;background-repeat: no-repeat !important;background-size: cover !important;border-bottom-color: #ffffff !important;border-bottom-style: solid !important;}&#8221; offset=&#8221;vc_col-xs-12&#8243;][mk_padding_divider size=&#8221;310&#8243; visibility=&#8221;hidden-sm&#8221;][mk_padding_divider size=&#8221;20&#8243; visibility=&#8221;visible-sm&#8221;][vc_column_text el_class=&#8221;info-container&#8221; css=&#8221;.vc_custom_1651760365623{margin-bottom: 24px !important;}&#8221;]\n<p style=\"text-align: left;\">PER QU\u00c8<br \/>\nESCOLLIR-NOS?<\/p>\n[\/vc_column_text][vc_btn title=&#8221;DESCARREGAR PDF&#8221; align=&#8221;left&#8221; link=&#8221;url:%2Fwp-content%2Fuploads%2F2022%2F04%2Fporque-escogernos.pdf|title:%C2%BFPOR%20QU%C3%89%20ELEGIRNOS%3F|target:%20_blank|&#8221; el_class=&#8221;boton-mas-info&#8221; css=&#8221;.vc_custom_1651760384723{margin-bottom: 50px !important;}&#8221;][\/vc_column][vc_column width=&#8221;1\/4&#8243; css=&#8221;.vc_custom_1651058428997{border-right-width: 0px !important;padding-right: 20px !important;padding-left: 20px !important;background-image: url(https:\/\/cafesnovell.com\/wp-content\/uploads\/2022\/04\/soluciones-para-empresa.jpg?id=66214) !important;background-position: center !important;background-repeat: no-repeat !important;background-size: cover !important;border-right-color: #ffffff !important;border-right-style: solid !important;}&#8221; offset=&#8221;vc_col-xs-12&#8243;][mk_padding_divider size=&#8221;310&#8243; visibility=&#8221;hidden-sm&#8221;][mk_padding_divider size=&#8221;20&#8243; visibility=&#8221;visible-sm&#8221;][vc_column_text el_class=&#8221;info-container&#8221; css=&#8221;.vc_custom_1651760407093{margin-bottom: 24px !important;}&#8221;]SOLUCIONS<br \/>\nEMPRESA[\/vc_column_text][vc_btn title=&#8221;DESCARREGAR PDF&#8221; align=&#8221;left&#8221; link=&#8221;url:%2Fwp-content%2Fuploads%2F2022%2F04%2Fsoluciones-para-empresa.pdf|title:SOLUCIONES%20PARA%20EMPRESA|target:%20_blank|&#8221; el_class=&#8221;boton-mas-info&#8221; css=&#8221;.vc_custom_1651760396785{margin-bottom: 50px !important;}&#8221;][\/vc_column][vc_column width=&#8221;1\/4&#8243; css=&#8221;.vc_custom_1651058436221{border-right-width: 0px !important;padding-right: 20px !important;padding-left: 20px !important;background-image: url(https:\/\/cafesnovell.com\/wp-content\/uploads\/2022\/04\/promociones-empresa.jpg?id=66210) !important;background-position: center !important;background-repeat: no-repeat !important;background-size: cover !important;border-right-color: #ffffff !important;border-right-style: solid !important;}&#8221; offset=&#8221;vc_col-xs-12&#8243;][mk_padding_divider size=&#8221;310&#8243; visibility=&#8221;hidden-sm&#8221;][mk_padding_divider size=&#8221;20&#8243; visibility=&#8221;visible-sm&#8221;][vc_column_text el_class=&#8221;info-container&#8221; css=&#8221;.vc_custom_1651760420965{margin-bottom: 24px !important;}&#8221;]PROMOCIONS<br \/>\nEMPRESA[\/vc_column_text][vc_btn title=&#8221;DESCARREGAR PDF&#8221; align=&#8221;left&#8221; link=&#8221;url:%2Fwp-content%2Fuploads%2F2022%2F04%2Fpromociones.pdf|title:PROMOCIONES|target:%20_blank|&#8221; el_class=&#8221;boton-mas-info&#8221; css=&#8221;.vc_custom_1651760434962{margin-bottom: 50px !important;}&#8221;][\/vc_column][vc_column width=&#8221;1\/4&#8243; css=&#8221;.vc_custom_1651768442952{padding-right: 20px !important;padding-left: 20px !important;background-image: url(https:\/\/cafesnovell.com\/wp-content\/uploads\/2022\/05\/soluciones-vending-img-pag-inferior-enlace-vending.jpg?id=66664) !important;background-position: center !important;background-repeat: no-repeat !important;background-size: cover !important;}&#8221; offset=&#8221;vc_col-xs-12&#8243;][mk_padding_divider size=&#8221;310&#8243; visibility=&#8221;hidden-sm&#8221;][mk_padding_divider size=&#8221;20&#8243; visibility=&#8221;visible-sm&#8221;][vc_column_text el_class=&#8221;info-container&#8221; css=&#8221;.vc_custom_1651764899521{margin-bottom: 24px !important;}&#8221;]SOLUCIONS<br \/>\nVENDING[\/vc_column_text][vc_btn title=&#8221;VEURE M\u00c9S INFORMACI\u00d3&#8221; align=&#8221;left&#8221; link=&#8221;url:%2Fca%2Fempreses%2Fvending|title:Ver%20m%C3%A1s%20informaci%C3%B3n||&#8221; el_class=&#8221;boton-mas-info&#8221; css=&#8221;.vc_custom_1651760461802{margin-bottom: 50px !important;}&#8221;][\/vc_column][\/vc_row][\/vc_section][vc_section el_class=&#8221;contacto&#8221; css=&#8221;.vc_custom_1651821148475{padding-top: 40px !important;padding-bottom: 38px !important;}&#8221; el_id=&#8221;mas-informacion&#8221;][vc_row el_class=&#8221;demana-info&#8221;][vc_column][vc_column_text css=&#8221;.vc_custom_1651661055964{margin-bottom: 0px !important;}&#8221;]SOL\u00b7LICITA INFORMACI\u00d3[\/vc_column_text][\/vc_column][\/vc_row][vc_row][vc_column]\n<div class=\"wpcf7 no-js\" id=\"wpcf7-f8858-o1\" lang=\"es-ES\" dir=\"ltr\" data-wpcf7-id=\"8858\">\n<div class=\"screen-reader-response\"><p role=\"status\" aria-live=\"polite\" aria-atomic=\"true\"><\/p> <ul><\/ul><\/div>\n<form action=\"\/ca\/wp-json\/wp\/v2\/pages\/8625#wpcf7-f8858-o1\" method=\"post\" class=\"wpcf7-form init\" aria-label=\"Formulario de contacto\" novalidate=\"novalidate\" data-status=\"init\">\n<fieldset class=\"hidden-fields-container\"><input type=\"hidden\" name=\"_wpcf7\" value=\"8858\" \/><input type=\"hidden\" name=\"_wpcf7_version\" value=\"6.1.5\" \/><input type=\"hidden\" name=\"_wpcf7_locale\" value=\"es_ES\" \/><input type=\"hidden\" name=\"_wpcf7_unit_tag\" value=\"wpcf7-f8858-o1\" \/><input type=\"hidden\" name=\"_wpcf7_container_post\" value=\"0\" \/><input type=\"hidden\" name=\"_wpcf7_posted_data_hash\" value=\"\" \/><input type=\"hidden\" name=\"_wpcf7_recaptcha_response\" value=\"\" \/>\n<\/fieldset>\n<div class=\"input-container\">\n\t<p><span class=\"wpcf7-form-control-wrap\" data-name=\"firstname\"><input size=\"40\" maxlength=\"400\" class=\"wpcf7-form-control wpcf7-text wpcf7-validates-as-required\" aria-required=\"true\" aria-invalid=\"false\" placeholder=\"NOM\" value=\"\" type=\"text\" name=\"firstname\" \/><\/span>\n\t<\/p>\n\t<p><span class=\"wpcf7-form-control-wrap\" data-name=\"lastname\"><input size=\"40\" maxlength=\"400\" class=\"wpcf7-form-control wpcf7-text wpcf7-validates-as-required\" aria-required=\"true\" aria-invalid=\"false\" placeholder=\"COGNOMS\" value=\"\" type=\"text\" name=\"lastname\" \/><\/span>\n\t<\/p>\n<input class=\"wpcf7-form-control wpcf7-hidden\" value=\"Nom Ocult\" type=\"hidden\" name=\"sm-name\" \/>\n\t<p><span class=\"wpcf7-form-control-wrap\" data-name=\"sm-email\"><input size=\"40\" maxlength=\"400\" class=\"wpcf7-form-control wpcf7-email wpcf7-validates-as-required wpcf7-text wpcf7-validates-as-email\" aria-required=\"true\" aria-invalid=\"false\" placeholder=\"EMAIL\" value=\"\" type=\"email\" name=\"sm-email\" \/><\/span>\n\t<\/p>\n<\/div>\n<div class=\"second-input-container\">\n\t<p><span class=\"wpcf7-form-control-wrap\" data-name=\"company\"><input size=\"40\" maxlength=\"400\" class=\"wpcf7-form-control wpcf7-text\" aria-invalid=\"false\" placeholder=\"NOM DE L&#039;EMPRESA\" value=\"\" type=\"text\" name=\"company\" \/><\/span>\n\t<\/p>\n\t<p><span class=\"wpcf7-form-control-wrap\" data-name=\"mobilephone\"><input size=\"40\" maxlength=\"400\" class=\"wpcf7-form-control wpcf7-tel wpcf7-validates-as-required wpcf7-text wpcf7-validates-as-tel\" aria-required=\"true\" aria-invalid=\"false\" placeholder=\"TEL\u00c8FON DE CONTACTE\" value=\"\" type=\"tel\" name=\"mobilephone\" \/><\/span>\n\t<\/p>\n\t<p><span class=\"wpcf7-form-control-wrap\" data-name=\"conocimiento\"><select class=\"wpcf7-form-control wpcf7-select wpcf7-validates-as-required\" aria-required=\"true\" aria-invalid=\"false\" name=\"conocimiento\"><option value=\"COM ENS HAS CONEGUT?\">COM ENS HAS CONEGUT?<\/option><option value=\"XARXES SOCIALS\">XARXES SOCIALS<\/option><option value=\"RECOMANACI\u00d3 D&#039;AMICS O CONEGUTS\">RECOMANACI\u00d3 D&#039;AMICS O CONEGUTS<\/option><option value=\"ALTRES\">ALTRES<\/option><\/select><\/span>\n\t<\/p>\n<\/div>\n<div class=\"second-container contact\">\n\t<p><span class=\"wpcf7-form-control-wrap\" data-name=\"comentario_formulario_empresa\"><textarea cols=\"40\" rows=\"10\" maxlength=\"2000\" class=\"wpcf7-form-control wpcf7-textarea\" aria-invalid=\"false\" placeholder=\"COMENTARIS\" name=\"comentario_formulario_empresa\"><\/textarea><\/span>\n\t<\/p>\n\t<div class=\"container-check\">\n\t\t<p><span class=\"wpcf7-form-control-wrap\" data-name=\"sm-optin\"><span class=\"wpcf7-form-control wpcf7-acceptance\"><span class=\"wpcf7-list-item\"><label><input type=\"checkbox\" name=\"sm-optin\" value=\"1\" aria-invalid=\"false\" \/><span class=\"wpcf7-list-item-label\">Accepto la <a target='_blank' href='\/ca\/politica-de-privacitat\/'>pol\u00edtica de privacitat<\/a> i autoritzo que les meves dades personals puguin ser utilitzades per a l'enviament de comunicacions comercials.<\/span><\/label><\/span><\/span><\/span>\n\t\t<\/p>\n\n <!-- Nuevo input oculto para 1to1clico -->\n\t\t<p><span class=\"wpcf7-form-control-wrap\" data-name=\"consent\"><span class=\"wpcf7-form-control wpcf7-checkbox wpcf7-exclusive-checkbox contact-consent\"><span class=\"wpcf7-list-item first last\"><input type=\"checkbox\" name=\"consent\" value=\"1\" \/><span class=\"wpcf7-list-item-label\">1<\/span><\/span><\/span><\/span>\n\t\t<\/p>\n\t\t<p><input class=\"wpcf7-form-control wpcf7-submit has-spinner\" type=\"submit\" value=\"ENVIAR\" \/>\n\t\t<\/p>\n\t<\/div>\n<\/div><div class=\"wpcf7-response-output\" aria-hidden=\"true\"><\/div>\n<\/form>\n<\/div>\n[\/vc_column][\/vc_row][\/vc_section][vc_section full_width=&#8221;stretch_row&#8221; el_class=&#8221;section-contacto&#8221; css=&#8221;.vc_custom_1651772884658{padding-top: 22px !important;}&#8221;][vc_row][vc_column][vc_column_text css=&#8221;.vc_custom_1651772919676{margin-bottom: 0px !important;}&#8221;]Si ho desitges, tamb\u00e9 ens pots contactar per tel\u00e8fon: <span class=\"telefono\"><strong><a href=\"tel:34900101615\">+34 900 101 615<\/a><\/strong><\/span> (de dilluns a divendres, de 8:00h a 18:00h).[\/vc_column_text][\/vc_column][\/vc_row][\/vc_section]\n<\/div>","protected":false},"excerpt":{"rendered":"<p>[vc_section full_width=&#8221;stretch_row&#8221; content_placement=&#8221;middle&#8221; css=&#8221;.vc_custom_1651070078334{padding-top: 0px !important;background-position: center !important;background-repeat: no-repeat !important;background-size: cover !important;}&#8221;][vc_row fullwidth=&#8221;true&#8221; visibility=&#8221;hidden-sm&#8221; el_class=&#8221;first-section-empresa&#8221;][vc_column][vc_single_image image=&#8221;66539&#8243; img_size=&#8221;full&#8221; alignment=&#8221;center&#8221;][\/vc_column][\/vc_row][vc_row fullwidth=&#8221;true&#8221; visibility=&#8221;visible-sm&#8221; el_class=&#8221;first-section-empresa&#8221;][vc_column][vc_single_image image=&#8221;66543&#8243; img_size=&#8221;full&#8221; alignment=&#8221;center&#8221;][\/vc_column][\/vc_row][\/vc_section][vc_section full_width=&#8221;stretch_row&#8221; el_class=&#8221;section-text&#8221; css=&#8221;.vc_custom_1651071080160{padding-top: 0px !important;}&#8221;][vc_row][vc_column el_class=&#8221;info-container description-baristes&#8221;][mk_padding_divider visibility=&#8221;hidden-sm&#8221;][vc_column_text css=&#8221;.vc_custom_1651764788369{margin-bottom: 0px !important;}&#8221;]Estem conven\u00e7uts de la import\u00e0ncia de poder gaudir d&#8217;un bon caf\u00e8 a les empreses. Un bon caf\u00e8 resulta reconfortant i ens [&hellip;]<\/p>\n","protected":false},"author":1,"featured_media":0,"parent":0,"menu_order":30,"comment_status":"closed","ping_status":"closed","template":"","meta":{"_acf_changed":false,"content-type":"","footnotes":""},"class_list":["post-8625","page","type-page","status-publish","hentry"],"acf":[],"yoast_head":"<!-- This site is optimized with the Yoast SEO plugin v27.3 - https:\/\/yoast.com\/product\/yoast-seo-wordpress\/ -->\n<title>Solucions de caf\u00e8 per empreses - Caf\u00e8s Novell<\/title>\n<meta name=\"description\" content=\"La soluci\u00f3 que buscaves: prestacions per tot tipus d&#039;empreses, que integren productes de qualitat, tecnologia punta i sostenibilitat.\" \/>\n<meta name=\"robots\" content=\"index, follow, max-snippet:-1, max-image-preview:large, max-video-preview:-1\" \/>\n<link rel=\"canonical\" href=\"https:\/\/cafesnovell.com\/ca\/empreses2\/\" \/>\n<meta property=\"og:locale\" content=\"ca_ES\" \/>\n<meta property=\"og:type\" content=\"article\" \/>\n<meta property=\"og:title\" content=\"Solucions de caf\u00e8 per empreses - Caf\u00e8s Novell\" \/>\n<meta property=\"og:description\" content=\"La soluci\u00f3 que buscaves: prestacions per tot tipus d&#039;empreses, que integren productes de qualitat, tecnologia punta i sostenibilitat.\" \/>\n<meta property=\"og:url\" content=\"https:\/\/cafesnovell.com\/ca\/empreses2\/\" \/>\n<meta property=\"og:site_name\" content=\"Caf\u00e8s Novell\" \/>\n<meta property=\"article:modified_time\" content=\"2024-11-29T13:30:58+00:00\" \/>\n<meta name=\"twitter:card\" content=\"summary_large_image\" \/>\n<meta name=\"twitter:label1\" content=\"Temps estimat de lectura\" \/>\n\t<meta name=\"twitter:data1\" content=\"4 minuts\" \/>\n<script type=\"application\/ld+json\" class=\"yoast-schema-graph\">{\"@context\":\"https:\\\/\\\/schema.org\",\"@graph\":[{\"@type\":\"WebPage\",\"@id\":\"https:\\\/\\\/cafesnovell.com\\\/ca\\\/empreses2\\\/\",\"url\":\"https:\\\/\\\/cafesnovell.com\\\/ca\\\/empreses2\\\/\",\"name\":\"Solucions de caf\u00e8 per empreses - Caf\u00e8s Novell\",\"isPartOf\":{\"@id\":\"https:\\\/\\\/cafesnovell.com\\\/ca\\\/#website\"},\"datePublished\":\"2019-05-13T16:07:38+00:00\",\"dateModified\":\"2024-11-29T13:30:58+00:00\",\"description\":\"La soluci\u00f3 que buscaves: prestacions per tot tipus d'empreses, que integren productes de qualitat, tecnologia punta i sostenibilitat.\",\"breadcrumb\":{\"@id\":\"https:\\\/\\\/cafesnovell.com\\\/ca\\\/empreses2\\\/#breadcrumb\"},\"inLanguage\":\"ca\",\"potentialAction\":[{\"@type\":\"ReadAction\",\"target\":[\"https:\\\/\\\/cafesnovell.com\\\/ca\\\/empreses2\\\/\"]}]},{\"@type\":\"BreadcrumbList\",\"@id\":\"https:\\\/\\\/cafesnovell.com\\\/ca\\\/empreses2\\\/#breadcrumb\",\"itemListElement\":[{\"@type\":\"ListItem\",\"position\":1,\"name\":\"Inici\",\"item\":\"https:\\\/\\\/cafesnovell.com\\\/ca\\\/\"},{\"@type\":\"ListItem\",\"position\":2,\"name\":\"Empreses2\"}]},{\"@type\":\"WebSite\",\"@id\":\"https:\\\/\\\/cafesnovell.com\\\/ca\\\/#website\",\"url\":\"https:\\\/\\\/cafesnovell.com\\\/ca\\\/\",\"name\":\"Caf\u00e8s Novell\",\"description\":\"Organic Premium Coffee\",\"potentialAction\":[{\"@type\":\"SearchAction\",\"target\":{\"@type\":\"EntryPoint\",\"urlTemplate\":\"https:\\\/\\\/cafesnovell.com\\\/ca\\\/?s={search_term_string}\"},\"query-input\":{\"@type\":\"PropertyValueSpecification\",\"valueRequired\":true,\"valueName\":\"search_term_string\"}}],\"inLanguage\":\"ca\"}]}<\/script>\n<!-- \/ Yoast SEO plugin. -->","yoast_head_json":{"title":"Solucions de caf\u00e8 per empreses - Caf\u00e8s Novell","description":"La soluci\u00f3 que buscaves: prestacions per tot tipus d'empreses, que integren productes de qualitat, tecnologia punta i sostenibilitat.","robots":{"index":"index","follow":"follow","max-snippet":"max-snippet:-1","max-image-preview":"max-image-preview:large","max-video-preview":"max-video-preview:-1"},"canonical":"https:\/\/cafesnovell.com\/ca\/empreses2\/","og_locale":"ca_ES","og_type":"article","og_title":"Solucions de caf\u00e8 per empreses - Caf\u00e8s Novell","og_description":"La soluci\u00f3 que buscaves: prestacions per tot tipus d'empreses, que integren productes de qualitat, tecnologia punta i sostenibilitat.","og_url":"https:\/\/cafesnovell.com\/ca\/empreses2\/","og_site_name":"Caf\u00e8s Novell","article_modified_time":"2024-11-29T13:30:58+00:00","twitter_card":"summary_large_image","twitter_misc":{"Temps estimat de lectura":"4 minuts"},"schema":{"@context":"https:\/\/schema.org","@graph":[{"@type":"WebPage","@id":"https:\/\/cafesnovell.com\/ca\/empreses2\/","url":"https:\/\/cafesnovell.com\/ca\/empreses2\/","name":"Solucions de caf\u00e8 per empreses - Caf\u00e8s Novell","isPartOf":{"@id":"https:\/\/cafesnovell.com\/ca\/#website"},"datePublished":"2019-05-13T16:07:38+00:00","dateModified":"2024-11-29T13:30:58+00:00","description":"La soluci\u00f3 que buscaves: prestacions per tot tipus d'empreses, que integren productes de qualitat, tecnologia punta i sostenibilitat.","breadcrumb":{"@id":"https:\/\/cafesnovell.com\/ca\/empreses2\/#breadcrumb"},"inLanguage":"ca","potentialAction":[{"@type":"ReadAction","target":["https:\/\/cafesnovell.com\/ca\/empreses2\/"]}]},{"@type":"BreadcrumbList","@id":"https:\/\/cafesnovell.com\/ca\/empreses2\/#breadcrumb","itemListElement":[{"@type":"ListItem","position":1,"name":"Inici","item":"https:\/\/cafesnovell.com\/ca\/"},{"@type":"ListItem","position":2,"name":"Empreses2"}]},{"@type":"WebSite","@id":"https:\/\/cafesnovell.com\/ca\/#website","url":"https:\/\/cafesnovell.com\/ca\/","name":"Caf\u00e8s Novell","description":"Organic Premium Coffee","potentialAction":[{"@type":"SearchAction","target":{"@type":"EntryPoint","urlTemplate":"https:\/\/cafesnovell.com\/ca\/?s={search_term_string}"},"query-input":{"@type":"PropertyValueSpecification","valueRequired":true,"valueName":"search_term_string"}}],"inLanguage":"ca"}]}},"_links":{"self":[{"href":"https:\/\/cafesnovell.com\/ca\/wp-json\/wp\/v2\/pages\/8625","targetHints":{"allow":["GET"]}}],"collection":[{"href":"https:\/\/cafesnovell.com\/ca\/wp-json\/wp\/v2\/pages"}],"about":[{"href":"https:\/\/cafesnovell.com\/ca\/wp-json\/wp\/v2\/types\/page"}],"author":[{"embeddable":true,"href":"https:\/\/cafesnovell.com\/ca\/wp-json\/wp\/v2\/users\/1"}],"replies":[{"embeddable":true,"href":"https:\/\/cafesnovell.com\/ca\/wp-json\/wp\/v2\/comments?post=8625"}],"version-history":[{"count":0,"href":"https:\/\/cafesnovell.com\/ca\/wp-json\/wp\/v2\/pages\/8625\/revisions"}],"wp:attachment":[{"href":"https:\/\/cafesnovell.com\/ca\/wp-json\/wp\/v2\/media?parent=8625"}],"curies":[{"name":"wp","href":"https:\/\/api.w.org\/{rel}","templated":true}]}}