{"id":8508,"date":"2019-07-30T12:16:25","date_gmt":"2019-07-30T12:16:25","guid":{"rendered":"https:\/\/cafesnovell.com\/conocenos\/grup-novell-2\/"},"modified":"2021-09-30T11:30:28","modified_gmt":"2021-09-30T09:30:28","slug":"grup-novell","status":"publish","type":"page","link":"https:\/\/cafesnovell.com\/ca\/coneix-nos\/grup-novell\/","title":{"rendered":"Grup Novell"},"content":{"rendered":"<div class=\"wpb-content-wrapper\">[vc_section full_width=&#8221;stretch_row&#8221; disable_element=&#8221;yes&#8221; css=&#8221;.vc_custom_1632994204285{background-image: url(https:\/\/cafesnovell.com\/wp-content\/uploads\/2019\/10\/header.jpg?id=6634) !important;background-position: center !important;background-repeat: no-repeat !important;background-size: cover !important;}&#8221;][vc_row fullwidth=&#8221;true&#8221;][vc_column width=&#8221;1\/4&#8243; css=&#8221;.vc_custom_1569404212691{margin-bottom: 30px !important;margin-left: 50px !important;padding-top: 25px !important;padding-right: 0px !important;}&#8221; offset=&#8221;vc_col-lg-3 vc_col-md-3&#8243;][vc_column_text css=&#8221;.vc_custom_1564740436731{margin-bottom: 0px !important;}&#8221;]GRUP<br \/>\nNOVELL[\/vc_column_text][\/vc_column][vc_column width=&#8221;1\/4&#8243;][\/vc_column][vc_column width=&#8221;1\/4&#8243;][\/vc_column][vc_column width=&#8221;1\/4&#8243;][\/vc_column][\/vc_row][\/vc_section][vc_section full_width=&#8221;stretch_row&#8221; css=&#8221;.vc_custom_1564556523497{padding-top: 58px !important;}&#8221;][vc_row css=&#8221;.vc_custom_1569857780811{padding-bottom: 20px !important;}&#8221;][vc_column el_class=&#8221;title&#8221;][vc_column_text css=&#8221;.vc_custom_1564740352877{margin-bottom: 0px !important;}&#8221;]HIST\u00d2RIA[\/vc_column_text][\/vc_column][\/vc_row][vc_row css=&#8221;.vc_custom_1569856430574{padding-bottom: 13px !important;}&#8221;][vc_column el_class=&#8221;descr-grup&#8221;][vc_column_text css=&#8221;.vc_custom_1571403943482{margin-bottom: 0px !important;}&#8221;]L\u2019empresa va ser fundada l\u2019any 1958 per Ramon Novell Viv\u00f3 i des dels seus inicis s\u2019ha distingit pel comprom\u00eds d\u2019adquirir els millors grans de caf\u00e8 que permetin degustar una tassa de caf\u00e8 exquisida, distingida pel seu bouquet i perfil arom\u00e0tic caracter\u00edstic.<\/p>\n<p>Als anys 90, l\u2019empresa va ampliar les seves instal\u00b7lacions i va comen\u00e7ar la seva expansi\u00f3 territorial amb delegacions a Madrid, Barcelona, Saragossa, Val\u00e8ncia, Bilbao, M\u00e0laga, Eivissa i Can\u00e0ries. A partir del 2011, va comen\u00e7ar el seu desenvolupament internacional amb l\u2019obertura de la primera representaci\u00f3 a It\u00e0lia, a la qual van seguir seus als Estats Units, Regne Unit i Xina.<\/p>\n<p>Ramon Novell, primer, seguit per dues generacions m\u00e9s de la fam\u00edlia, han compartit la mateixa il\u00b7lusi\u00f3 i ganes per descobrir el m\u00f3n del caf\u00e8. La passi\u00f3 per l\u2019ofici i la voluntat d\u2019innovar porten a Caf\u00e8s Novell a seguir elaborant un caf\u00e8 de qualitat i a treballar cada dia per seduir els sentits amb la millor tassa de caf\u00e8.[\/vc_column_text][\/vc_column][\/vc_row][vc_row][vc_column css=&#8221;.vc_custom_1569856456480{background-position: center !important;background-repeat: no-repeat !important;background-size: cover !important;}&#8221;][vc_video link=&#8221;https:\/\/www.youtube.com\/watch?v=qs_u1B5U1ao&amp;rel=0&#8243; custom_thumbnail=&#8221;true&#8221; play_icon=&#8221;mk-icon-youtube-play&#8221; play_target=&#8221;same&#8221; thumbnail_image=&#8221;6620&#8243;][\/vc_column][\/vc_row][\/vc_section][vc_section full_width=&#8221;stretch_row&#8221; css=&#8221;.vc_custom_1564556638737{padding-top: 67px !important;padding-bottom: 73px !important;}&#8221;][vc_row css=&#8221;.vc_custom_1569857789074{padding-bottom: 20px !important;}&#8221;][vc_column el_class=&#8221;title&#8221;][vc_column_text css=&#8221;.vc_custom_1564740412323{margin-bottom: 0px !important;}&#8221;]UNITATS DE NEGOCI[\/vc_column_text][\/vc_column][\/vc_row][vc_row css=&#8221;.vc_custom_1569856513421{padding-bottom: 13px !important;}&#8221;][vc_column el_class=&#8221;descr-grup&#8221;][vc_column_text css=&#8221;.vc_custom_1571404008440{margin-bottom: 0px !important;}&#8221;]L\u2019estructura del Grup Novell est\u00e0 formada per diferents societats orientades a les diferents unitats de negoci: <em><strong>Restauraci\u00f3<\/strong><\/em>, amb servei tant de caf\u00e8 en gra o m\u00f2lt com en c\u00e0psules; <em><strong>Retail<\/strong><\/em>, dirigida al consum dom\u00e8stic i a grans superf\u00edcies; <em><strong>C\u00e0tering<\/strong><\/em>, amb lloguer de cafeteres per esdeveniments, celebracions i actes; <em><strong>Office<\/strong><\/em>, enfocada al m\u00f3n laboral ja sigui petita o mitjana empresa; i <em><strong>Vending<\/strong><\/em>, que at\u00e9n principalment a grans empreses p\u00fabliques i privades amb grans col\u00b7lectius.[\/vc_column_text][\/vc_column][\/vc_row][vc_row][vc_column css=&#8221;.vc_custom_1569856503736{background-position: center !important;background-repeat: no-repeat !important;background-size: cover !important;}&#8221;][vc_single_image image=&#8221;10652&#8243; img_size=&#8221;full&#8221;][\/vc_column][\/vc_row][\/vc_section]\n<\/div>","protected":false},"excerpt":{"rendered":"<p>[vc_section full_width=&#8221;stretch_row&#8221; disable_element=&#8221;yes&#8221; css=&#8221;.vc_custom_1632994204285{background-image: url(https:\/\/cafesnovell.com\/wp-content\/uploads\/2019\/10\/header.jpg?id=6634) !important;background-position: center !important;background-repeat: no-repeat !important;background-size: cover !important;}&#8221;][vc_row fullwidth=&#8221;true&#8221;][vc_column width=&#8221;1\/4&#8243; css=&#8221;.vc_custom_1569404212691{margin-bottom: 30px !important;margin-left: 50px !important;padding-top: 25px !important;padding-right: 0px !important;}&#8221; offset=&#8221;vc_col-lg-3 vc_col-md-3&#8243;][vc_column_text css=&#8221;.vc_custom_1564740436731{margin-bottom: 0px !important;}&#8221;]GRUP NOVELL[\/vc_column_text][\/vc_column][vc_column width=&#8221;1\/4&#8243;][\/vc_column][vc_column width=&#8221;1\/4&#8243;][\/vc_column][vc_column width=&#8221;1\/4&#8243;][\/vc_column][\/vc_row][\/vc_section][vc_section full_width=&#8221;stretch_row&#8221; css=&#8221;.vc_custom_1564556523497{padding-top: 58px !important;}&#8221;][vc_row css=&#8221;.vc_custom_1569857780811{padding-bottom: 20px !important;}&#8221;][vc_column el_class=&#8221;title&#8221;][vc_column_text css=&#8221;.vc_custom_1564740352877{margin-bottom: 0px !important;}&#8221;]HIST\u00d2RIA[\/vc_column_text][\/vc_column][\/vc_row][vc_row css=&#8221;.vc_custom_1569856430574{padding-bottom: 13px !important;}&#8221;][vc_column el_class=&#8221;descr-grup&#8221;][vc_column_text css=&#8221;.vc_custom_1571403943482{margin-bottom: 0px !important;}&#8221;]L\u2019empresa va ser fundada l\u2019any 1958 [&hellip;]<\/p>\n","protected":false},"author":1,"featured_media":0,"parent":7820,"menu_order":0,"comment_status":"closed","ping_status":"closed","template":"","meta":{"_acf_changed":false,"content-type":"","footnotes":""},"class_list":["post-8508","page","type-page","status-publish","hentry"],"acf":[],"yoast_head":"<!-- This site is optimized with the Yoast SEO plugin v27.3 - https:\/\/yoast.com\/product\/yoast-seo-wordpress\/ -->\n<title>Grup Novell - Caf\u00e8s Novell<\/title>\n<meta name=\"description\" content=\"La empresa fue fundada en 1958 por Ram\u00f3n Novell Viv\u00f3, y desde sus inicios se distingui\u00f3 por el compromiso de comprar los mejores granos que permitieran degustar una taza de caf\u00e9 exquisita, distinguida por su bouquet y un perfil arom\u00e1tico caracter\u00edstico. Caf\u00e8s Novell Caf\u00e9s Novell sigue elaborando un caf\u00e9 de calidad para seducir los sentidos con la mejor taza de caf\u00e9.\" \/>\n<meta name=\"robots\" content=\"index, follow, max-snippet:-1, max-image-preview:large, max-video-preview:-1\" \/>\n<link rel=\"canonical\" href=\"https:\/\/cafesnovell.com\/ca\/coneix-nos\/grup-novell\/\" \/>\n<meta property=\"og:locale\" content=\"ca_ES\" \/>\n<meta property=\"og:type\" content=\"article\" \/>\n<meta property=\"og:title\" content=\"Grup Novell - Caf\u00e8s Novell\" \/>\n<meta property=\"og:description\" content=\"La empresa fue fundada en 1958 por Ram\u00f3n Novell Viv\u00f3, y desde sus inicios se distingui\u00f3 por el compromiso de comprar los mejores granos que permitieran degustar una taza de caf\u00e9 exquisita, distinguida por su bouquet y un perfil arom\u00e1tico caracter\u00edstico. Caf\u00e8s Novell Caf\u00e9s Novell sigue elaborando un caf\u00e9 de calidad para seducir los sentidos con la mejor taza de caf\u00e9.\" \/>\n<meta property=\"og:url\" content=\"https:\/\/cafesnovell.com\/ca\/coneix-nos\/grup-novell\/\" \/>\n<meta property=\"og:site_name\" content=\"Caf\u00e8s Novell\" \/>\n<meta property=\"article:modified_time\" content=\"2021-09-30T09:30:28+00:00\" \/>\n<meta name=\"twitter:card\" content=\"summary_large_image\" \/>\n<meta name=\"twitter:label1\" content=\"Temps estimat de lectura\" \/>\n\t<meta name=\"twitter:data1\" content=\"3 minuts\" \/>\n<script type=\"application\/ld+json\" class=\"yoast-schema-graph\">{\"@context\":\"https:\\\/\\\/schema.org\",\"@graph\":[{\"@type\":\"WebPage\",\"@id\":\"https:\\\/\\\/cafesnovell.com\\\/ca\\\/coneix-nos\\\/grup-novell\\\/\",\"url\":\"https:\\\/\\\/cafesnovell.com\\\/ca\\\/coneix-nos\\\/grup-novell\\\/\",\"name\":\"Grup Novell - Caf\u00e8s Novell\",\"isPartOf\":{\"@id\":\"https:\\\/\\\/cafesnovell.com\\\/ca\\\/#website\"},\"datePublished\":\"2019-07-30T12:16:25+00:00\",\"dateModified\":\"2021-09-30T09:30:28+00:00\",\"description\":\"La empresa fue fundada en 1958 por Ram\u00f3n Novell Viv\u00f3, y desde sus inicios se distingui\u00f3 por el compromiso de comprar los mejores granos que permitieran degustar una taza de caf\u00e9 exquisita, distinguida por su bouquet y un perfil arom\u00e1tico caracter\u00edstico. Caf\u00e8s Novell Caf\u00e9s Novell sigue elaborando un caf\u00e9 de calidad para seducir los sentidos con la mejor taza de caf\u00e9.\",\"breadcrumb\":{\"@id\":\"https:\\\/\\\/cafesnovell.com\\\/ca\\\/coneix-nos\\\/grup-novell\\\/#breadcrumb\"},\"inLanguage\":\"ca\",\"potentialAction\":[{\"@type\":\"ReadAction\",\"target\":[\"https:\\\/\\\/cafesnovell.com\\\/ca\\\/coneix-nos\\\/grup-novell\\\/\"]}]},{\"@type\":\"BreadcrumbList\",\"@id\":\"https:\\\/\\\/cafesnovell.com\\\/ca\\\/coneix-nos\\\/grup-novell\\\/#breadcrumb\",\"itemListElement\":[{\"@type\":\"ListItem\",\"position\":1,\"name\":\"Inici\",\"item\":\"https:\\\/\\\/cafesnovell.com\\\/ca\\\/\"},{\"@type\":\"ListItem\",\"position\":2,\"name\":\"Coneix-nos\",\"item\":\"https:\\\/\\\/cafesnovell.com\\\/ca\\\/coneix-nos\\\/\"},{\"@type\":\"ListItem\",\"position\":3,\"name\":\"Grup Novell\"}]},{\"@type\":\"WebSite\",\"@id\":\"https:\\\/\\\/cafesnovell.com\\\/ca\\\/#website\",\"url\":\"https:\\\/\\\/cafesnovell.com\\\/ca\\\/\",\"name\":\"Caf\u00e8s Novell\",\"description\":\"Organic Premium Coffee\",\"potentialAction\":[{\"@type\":\"SearchAction\",\"target\":{\"@type\":\"EntryPoint\",\"urlTemplate\":\"https:\\\/\\\/cafesnovell.com\\\/ca\\\/?s={search_term_string}\"},\"query-input\":{\"@type\":\"PropertyValueSpecification\",\"valueRequired\":true,\"valueName\":\"search_term_string\"}}],\"inLanguage\":\"ca\"}]}<\/script>\n<!-- \/ Yoast SEO plugin. -->","yoast_head_json":{"title":"Grup Novell - Caf\u00e8s Novell","description":"La empresa fue fundada en 1958 por Ram\u00f3n Novell Viv\u00f3, y desde sus inicios se distingui\u00f3 por el compromiso de comprar los mejores granos que permitieran degustar una taza de caf\u00e9 exquisita, distinguida por su bouquet y un perfil arom\u00e1tico caracter\u00edstico. Caf\u00e8s Novell Caf\u00e9s Novell sigue elaborando un caf\u00e9 de calidad para seducir los sentidos con la mejor taza de caf\u00e9.","robots":{"index":"index","follow":"follow","max-snippet":"max-snippet:-1","max-image-preview":"max-image-preview:large","max-video-preview":"max-video-preview:-1"},"canonical":"https:\/\/cafesnovell.com\/ca\/coneix-nos\/grup-novell\/","og_locale":"ca_ES","og_type":"article","og_title":"Grup Novell - Caf\u00e8s Novell","og_description":"La empresa fue fundada en 1958 por Ram\u00f3n Novell Viv\u00f3, y desde sus inicios se distingui\u00f3 por el compromiso de comprar los mejores granos que permitieran degustar una taza de caf\u00e9 exquisita, distinguida por su bouquet y un perfil arom\u00e1tico caracter\u00edstico. Caf\u00e8s Novell Caf\u00e9s Novell sigue elaborando un caf\u00e9 de calidad para seducir los sentidos con la mejor taza de caf\u00e9.","og_url":"https:\/\/cafesnovell.com\/ca\/coneix-nos\/grup-novell\/","og_site_name":"Caf\u00e8s Novell","article_modified_time":"2021-09-30T09:30:28+00:00","twitter_card":"summary_large_image","twitter_misc":{"Temps estimat de lectura":"3 minuts"},"schema":{"@context":"https:\/\/schema.org","@graph":[{"@type":"WebPage","@id":"https:\/\/cafesnovell.com\/ca\/coneix-nos\/grup-novell\/","url":"https:\/\/cafesnovell.com\/ca\/coneix-nos\/grup-novell\/","name":"Grup Novell - Caf\u00e8s Novell","isPartOf":{"@id":"https:\/\/cafesnovell.com\/ca\/#website"},"datePublished":"2019-07-30T12:16:25+00:00","dateModified":"2021-09-30T09:30:28+00:00","description":"La empresa fue fundada en 1958 por Ram\u00f3n Novell Viv\u00f3, y desde sus inicios se distingui\u00f3 por el compromiso de comprar los mejores granos que permitieran degustar una taza de caf\u00e9 exquisita, distinguida por su bouquet y un perfil arom\u00e1tico caracter\u00edstico. Caf\u00e8s Novell Caf\u00e9s Novell sigue elaborando un caf\u00e9 de calidad para seducir los sentidos con la mejor taza de caf\u00e9.","breadcrumb":{"@id":"https:\/\/cafesnovell.com\/ca\/coneix-nos\/grup-novell\/#breadcrumb"},"inLanguage":"ca","potentialAction":[{"@type":"ReadAction","target":["https:\/\/cafesnovell.com\/ca\/coneix-nos\/grup-novell\/"]}]},{"@type":"BreadcrumbList","@id":"https:\/\/cafesnovell.com\/ca\/coneix-nos\/grup-novell\/#breadcrumb","itemListElement":[{"@type":"ListItem","position":1,"name":"Inici","item":"https:\/\/cafesnovell.com\/ca\/"},{"@type":"ListItem","position":2,"name":"Coneix-nos","item":"https:\/\/cafesnovell.com\/ca\/coneix-nos\/"},{"@type":"ListItem","position":3,"name":"Grup Novell"}]},{"@type":"WebSite","@id":"https:\/\/cafesnovell.com\/ca\/#website","url":"https:\/\/cafesnovell.com\/ca\/","name":"Caf\u00e8s Novell","description":"Organic Premium Coffee","potentialAction":[{"@type":"SearchAction","target":{"@type":"EntryPoint","urlTemplate":"https:\/\/cafesnovell.com\/ca\/?s={search_term_string}"},"query-input":{"@type":"PropertyValueSpecification","valueRequired":true,"valueName":"search_term_string"}}],"inLanguage":"ca"}]}},"_links":{"self":[{"href":"https:\/\/cafesnovell.com\/ca\/wp-json\/wp\/v2\/pages\/8508","targetHints":{"allow":["GET"]}}],"collection":[{"href":"https:\/\/cafesnovell.com\/ca\/wp-json\/wp\/v2\/pages"}],"about":[{"href":"https:\/\/cafesnovell.com\/ca\/wp-json\/wp\/v2\/types\/page"}],"author":[{"embeddable":true,"href":"https:\/\/cafesnovell.com\/ca\/wp-json\/wp\/v2\/users\/1"}],"replies":[{"embeddable":true,"href":"https:\/\/cafesnovell.com\/ca\/wp-json\/wp\/v2\/comments?post=8508"}],"version-history":[{"count":0,"href":"https:\/\/cafesnovell.com\/ca\/wp-json\/wp\/v2\/pages\/8508\/revisions"}],"up":[{"embeddable":true,"href":"https:\/\/cafesnovell.com\/ca\/wp-json\/wp\/v2\/pages\/7820"}],"wp:attachment":[{"href":"https:\/\/cafesnovell.com\/ca\/wp-json\/wp\/v2\/media?parent=8508"}],"curies":[{"name":"wp","href":"https:\/\/api.w.org\/{rel}","templated":true}]}}