{"id":7528,"date":"2019-10-01T11:53:57","date_gmt":"2019-10-01T11:53:57","guid":{"rendered":"https:\/\/cafesnovell.com\/cafes\/"},"modified":"2025-06-02T17:08:32","modified_gmt":"2025-06-02T15:08:32","slug":"cafes","status":"publish","type":"page","link":"https:\/\/cafesnovell.com\/ca\/empreses\/cafes\/","title":{"rendered":"Caf\u00e8s"},"content":{"rendered":"<div class=\"wpb-content-wrapper\">[vc_section full_width=&#8221;stretch_row&#8221; content_placement=&#8221;middle&#8221; css=&#8221;.vc_custom_1570705982772{background-image: url(https:\/\/cafesnovell.com\/wp-content\/uploads\/2019\/10\/img1-1v2.jpg?id=6751) !important;background-position: center !important;background-repeat: no-repeat !important;background-size: cover !important;}&#8221;][vc_row][vc_column el_class=&#8221;info-container&#8221;][mk_padding_divider size=&#8221;352&#8243; visibility=&#8221;hidden-sm&#8221;][mk_padding_divider size=&#8221;85&#8243; visibility=&#8221;visible-sm&#8221;][vc_single_image image=&#8221;203&#8243; img_size=&#8221;full&#8221;][vc_column_text css=&#8221;.vc_custom_1569937267621{margin-bottom: 24px !important;}&#8221;]CAF\u00c8S EN GRA[\/vc_column_text][vc_btn title=&#8221;VEURE PRODUCTES&#8221; el_class=&#8221;boton-mas-info&#8221; el_id=&#8221;boton-mas-info&#8221; css=&#8221;.vc_custom_1571676146873{border-top-width: 1px !important;border-right-width: 1px !important;border-bottom-width: 1px !important;border-left-width: 1px !important;border-left-color: #ffffff !important;border-right-color: #ffffff !important;border-top-color: #ffffff !important;border-bottom-color: #ffffff !important;}&#8221; link=&#8221;url:https%3A%2F%2Fcafesnovell.com%2Fca%2Fempreses%2Fcafes%2Fcafes-en-gra%2F|title:Caf%C3%A8s%20en%20gra||&#8221;][\/vc_column][\/vc_row][\/vc_section][vc_section el_class=&#8221;section-text&#8221; css=&#8221;.vc_custom_1568031391549{padding-bottom: 15px !important;}&#8221;][vc_row][vc_column][vc_column_text css=&#8221;.vc_custom_1569937307789{margin-bottom: 0px !important;padding-left: 0px !important;}&#8221;]El nostre caf\u00e8 gourmet certificat \u00e9s un caf\u00e8 amb una cuidada selecci\u00f3, importaci\u00f3 i torrat. Oferim a les empreses la millor qualitat a cada tassa de caf\u00e8 espresso, alhora que els donem solucions integrals i expertes de gran ajuda.[\/vc_column_text][\/vc_column][\/vc_row][\/vc_section][vc_section full_width=&#8221;stretch_row&#8221; content_placement=&#8221;middle&#8221; css=&#8221;.vc_custom_1570706057367{background-image: url(https:\/\/cafesnovell.com\/wp-content\/uploads\/2019\/10\/capsulas.jpg?id=6995) !important;background-position: center !important;background-repeat: no-repeat !important;background-size: cover !important;}&#8221;][vc_row][vc_column el_class=&#8221;info-container&#8221;][mk_padding_divider size=&#8221;352&#8243; visibility=&#8221;hidden-sm&#8221;][vc_column_text css=&#8221;.vc_custom_1571417132384{margin-bottom: 24px !important;}&#8221;]C\u00c0PSULES PROFESSIONALS<br \/>\nBIODEGRADABLES[\/vc_column_text][vc_btn title=&#8221;VEURE PRODUCTES&#8221; shape=&#8221;square&#8221; el_class=&#8221;boton-mas-info&#8221; css=&#8221;.vc_custom_1571676194491{border-top-width: 1px !important;border-right-width: 1px !important;border-bottom-width: 1px !important;border-left-width: 1px !important;border-left-color: #ffffff !important;border-right-color: #ffffff !important;border-top-color: #ffffff !important;border-bottom-color: #ffffff !important;}&#8221; link=&#8221;url:https%3A%2F%2Fcafesnovell.com%2Fca%2Fempreses%2Fcafes%2Fcapsules-professionals%2F|title:C%C3%A0psules||&#8221;][\/vc_column][\/vc_row][\/vc_section][vc_section el_class=&#8221;section-text&#8221; css=&#8221;.vc_custom_1568031408044{padding-bottom: 15px !important;}&#8221;][vc_row][vc_column][vc_column_text css=&#8221;.vc_custom_1569937376645{margin-bottom: 0px !important;padding-left: 0px !important;}&#8221;]Una selecci\u00f3 de diferents blends amb diferents intensitats, incloent-hi descafe\u00efnats, presentats en c\u00e0psules monodosis biodegradables, especialment pensades pel consum laboral. Caf\u00e8s amb una qualitat excel\u00b7lent que reflecteixen el comprom\u00eds de Novell amb la sostenibilitat i el medi ambient.[\/vc_column_text][\/vc_column][\/vc_row][\/vc_section][vc_section full_width=&#8221;stretch_row&#8221; content_placement=&#8221;middle&#8221; css=&#8221;.vc_custom_1571069193988{background-image: url(https:\/\/cafesnovell.com\/wp-content\/uploads\/2019\/10\/monodosis.jpg?id=7339) !important;background-position: center !important;background-repeat: no-repeat !important;background-size: cover !important;}&#8221;][vc_row][vc_column el_class=&#8221;info-container&#8221;][mk_padding_divider size=&#8221;352&#8243; visibility=&#8221;hidden-sm&#8221;][vc_column_text css=&#8221;.vc_custom_1571069098952{margin-bottom: 24px !important;}&#8221;]MONODOSIS[\/vc_column_text][vc_btn title=&#8221;VEURE PRODUCTES&#8221; shape=&#8221;square&#8221; el_class=&#8221;boton-mas-info&#8221; css=&#8221;.vc_custom_1571676217797{border-top-width: 1px !important;border-right-width: 1px !important;border-bottom-width: 1px !important;border-left-width: 1px !important;border-left-color: #ffffff !important;border-right-color: #ffffff !important;border-top-color: #ffffff !important;border-bottom-color: #ffffff !important;}&#8221; link=&#8221;url:https%3A%2F%2Fcafesnovell.com%2Fca%2Fempreses%2Fcafes%2Fmonodosis%2F|title:C%C3%A0psules||&#8221;][\/vc_column][\/vc_row][\/vc_section][vc_section el_class=&#8221;section-text&#8221; css=&#8221;.vc_custom_1568031408044{padding-bottom: 15px !important;}&#8221;][vc_row][vc_column][vc_column_text css=&#8221;.vc_custom_1571561051348{margin-bottom: 0px !important;padding-left: 0px !important;}&#8221;]Les c\u00e0psules Novell Monodosis representen una altra opci\u00f3 per a que tots els <em>coffee lovers<\/em> puguin gaudir del seu caf\u00e8 preferit a la feina i a qualsevol hora. Una gamma amplia amb la podran escollir de blens m\u00e9s intensos a altres m\u00e9s arom\u00e0tics i perfumats.[\/vc_column_text][\/vc_column][\/vc_row][\/vc_section]\n<\/div>","protected":false},"excerpt":{"rendered":"<p>[vc_section full_width=&#8221;stretch_row&#8221; content_placement=&#8221;middle&#8221; css=&#8221;.vc_custom_1570705982772{background-image: url(https:\/\/cafesnovell.com\/wp-content\/uploads\/2019\/10\/img1-1v2.jpg?id=6751) !important;background-position: center !important;background-repeat: no-repeat !important;background-size: cover !important;}&#8221;][vc_row][vc_column el_class=&#8221;info-container&#8221;][mk_padding_divider size=&#8221;352&#8243; visibility=&#8221;hidden-sm&#8221;][mk_padding_divider size=&#8221;85&#8243; visibility=&#8221;visible-sm&#8221;][vc_single_image image=&#8221;203&#8243; img_size=&#8221;full&#8221;][vc_column_text css=&#8221;.vc_custom_1569937267621{margin-bottom: 24px !important;}&#8221;]CAF\u00c8S EN GRA[\/vc_column_text][vc_btn title=&#8221;VEURE PRODUCTES&#8221; el_class=&#8221;boton-mas-info&#8221; el_id=&#8221;boton-mas-info&#8221; css=&#8221;.vc_custom_1571676146873{border-top-width: 1px !important;border-right-width: 1px !important;border-bottom-width: 1px !important;border-left-width: 1px !important;border-left-color: #ffffff !important;border-right-color: #ffffff !important;border-top-color: #ffffff !important;border-bottom-color: #ffffff !important;}&#8221; link=&#8221;url:https%3A%2F%2Fcafesnovell.com%2Fca%2Fempreses%2Fcafes%2Fcafes-en-gra%2F|title:Caf%C3%A8s%20en%20gra||&#8221;][\/vc_column][\/vc_row][\/vc_section][vc_section el_class=&#8221;section-text&#8221; css=&#8221;.vc_custom_1568031391549{padding-bottom: 15px !important;}&#8221;][vc_row][vc_column][vc_column_text css=&#8221;.vc_custom_1569937307789{margin-bottom: 0px !important;padding-left: 0px !important;}&#8221;]El [&hellip;]<\/p>\n","protected":false},"author":1,"featured_media":0,"parent":109533,"menu_order":0,"comment_status":"closed","ping_status":"closed","template":"","meta":{"_acf_changed":false,"content-type":"","footnotes":""},"class_list":["post-7528","page","type-page","status-publish","hentry"],"acf":[],"yoast_head":"<!-- This site is optimized with the Yoast SEO plugin v27.3 - https:\/\/yoast.com\/product\/yoast-seo-wordpress\/ -->\n<title>Caf\u00e8s - Caf\u00e8s Novell<\/title>\n<meta name=\"description\" content=\"Los mejores caf\u00e9s para oficinas y empresas. Caf\u00e9s en grano, c\u00e1psulas profesionales biodegradables\" \/>\n<meta name=\"robots\" content=\"index, follow, max-snippet:-1, max-image-preview:large, max-video-preview:-1\" \/>\n<link rel=\"canonical\" href=\"https:\/\/cafesnovell.com\/ca\/empreses\/cafes\/\" \/>\n<meta property=\"og:locale\" content=\"ca_ES\" \/>\n<meta property=\"og:type\" content=\"article\" \/>\n<meta property=\"og:title\" content=\"Caf\u00e8s - Caf\u00e8s Novell\" \/>\n<meta property=\"og:description\" content=\"Los mejores caf\u00e9s para oficinas y empresas. Caf\u00e9s en grano, c\u00e1psulas profesionales biodegradables\" \/>\n<meta property=\"og:url\" content=\"https:\/\/cafesnovell.com\/ca\/empreses\/cafes\/\" \/>\n<meta property=\"og:site_name\" content=\"Caf\u00e8s Novell\" \/>\n<meta property=\"article:modified_time\" content=\"2025-06-02T15:08:32+00:00\" \/>\n<meta name=\"twitter:card\" content=\"summary_large_image\" \/>\n<meta name=\"twitter:label1\" content=\"Temps estimat de lectura\" \/>\n\t<meta name=\"twitter:data1\" content=\"3 minuts\" \/>\n<script type=\"application\/ld+json\" class=\"yoast-schema-graph\">{\"@context\":\"https:\\\/\\\/schema.org\",\"@graph\":[{\"@type\":\"WebPage\",\"@id\":\"https:\\\/\\\/cafesnovell.com\\\/ca\\\/empreses\\\/cafes\\\/\",\"url\":\"https:\\\/\\\/cafesnovell.com\\\/ca\\\/empreses\\\/cafes\\\/\",\"name\":\"Caf\u00e8s - Caf\u00e8s Novell\",\"isPartOf\":{\"@id\":\"https:\\\/\\\/cafesnovell.com\\\/ca\\\/#website\"},\"datePublished\":\"2019-10-01T11:53:57+00:00\",\"dateModified\":\"2025-06-02T15:08:32+00:00\",\"description\":\"Los mejores caf\u00e9s para oficinas y empresas. Caf\u00e9s en grano, c\u00e1psulas profesionales biodegradables\",\"breadcrumb\":{\"@id\":\"https:\\\/\\\/cafesnovell.com\\\/ca\\\/empreses\\\/cafes\\\/#breadcrumb\"},\"inLanguage\":\"ca\",\"potentialAction\":[{\"@type\":\"ReadAction\",\"target\":[\"https:\\\/\\\/cafesnovell.com\\\/ca\\\/empreses\\\/cafes\\\/\"]}]},{\"@type\":\"BreadcrumbList\",\"@id\":\"https:\\\/\\\/cafesnovell.com\\\/ca\\\/empreses\\\/cafes\\\/#breadcrumb\",\"itemListElement\":[{\"@type\":\"ListItem\",\"position\":1,\"name\":\"Inici\",\"item\":\"https:\\\/\\\/cafesnovell.com\\\/ca\\\/\"},{\"@type\":\"ListItem\",\"position\":2,\"name\":\"Empreses\",\"item\":\"https:\\\/\\\/cafesnovell.com\\\/ca\\\/empreses\\\/\"},{\"@type\":\"ListItem\",\"position\":3,\"name\":\"Caf\u00e8s\"}]},{\"@type\":\"WebSite\",\"@id\":\"https:\\\/\\\/cafesnovell.com\\\/ca\\\/#website\",\"url\":\"https:\\\/\\\/cafesnovell.com\\\/ca\\\/\",\"name\":\"Caf\u00e8s Novell\",\"description\":\"Organic Premium Coffee\",\"potentialAction\":[{\"@type\":\"SearchAction\",\"target\":{\"@type\":\"EntryPoint\",\"urlTemplate\":\"https:\\\/\\\/cafesnovell.com\\\/ca\\\/?s={search_term_string}\"},\"query-input\":{\"@type\":\"PropertyValueSpecification\",\"valueRequired\":true,\"valueName\":\"search_term_string\"}}],\"inLanguage\":\"ca\"}]}<\/script>\n<!-- \/ Yoast SEO plugin. -->","yoast_head_json":{"title":"Caf\u00e8s - Caf\u00e8s Novell","description":"Los mejores caf\u00e9s para oficinas y empresas. Caf\u00e9s en grano, c\u00e1psulas profesionales biodegradables","robots":{"index":"index","follow":"follow","max-snippet":"max-snippet:-1","max-image-preview":"max-image-preview:large","max-video-preview":"max-video-preview:-1"},"canonical":"https:\/\/cafesnovell.com\/ca\/empreses\/cafes\/","og_locale":"ca_ES","og_type":"article","og_title":"Caf\u00e8s - Caf\u00e8s Novell","og_description":"Los mejores caf\u00e9s para oficinas y empresas. Caf\u00e9s en grano, c\u00e1psulas profesionales biodegradables","og_url":"https:\/\/cafesnovell.com\/ca\/empreses\/cafes\/","og_site_name":"Caf\u00e8s Novell","article_modified_time":"2025-06-02T15:08:32+00:00","twitter_card":"summary_large_image","twitter_misc":{"Temps estimat de lectura":"3 minuts"},"schema":{"@context":"https:\/\/schema.org","@graph":[{"@type":"WebPage","@id":"https:\/\/cafesnovell.com\/ca\/empreses\/cafes\/","url":"https:\/\/cafesnovell.com\/ca\/empreses\/cafes\/","name":"Caf\u00e8s - Caf\u00e8s Novell","isPartOf":{"@id":"https:\/\/cafesnovell.com\/ca\/#website"},"datePublished":"2019-10-01T11:53:57+00:00","dateModified":"2025-06-02T15:08:32+00:00","description":"Los mejores caf\u00e9s para oficinas y empresas. Caf\u00e9s en grano, c\u00e1psulas profesionales biodegradables","breadcrumb":{"@id":"https:\/\/cafesnovell.com\/ca\/empreses\/cafes\/#breadcrumb"},"inLanguage":"ca","potentialAction":[{"@type":"ReadAction","target":["https:\/\/cafesnovell.com\/ca\/empreses\/cafes\/"]}]},{"@type":"BreadcrumbList","@id":"https:\/\/cafesnovell.com\/ca\/empreses\/cafes\/#breadcrumb","itemListElement":[{"@type":"ListItem","position":1,"name":"Inici","item":"https:\/\/cafesnovell.com\/ca\/"},{"@type":"ListItem","position":2,"name":"Empreses","item":"https:\/\/cafesnovell.com\/ca\/empreses\/"},{"@type":"ListItem","position":3,"name":"Caf\u00e8s"}]},{"@type":"WebSite","@id":"https:\/\/cafesnovell.com\/ca\/#website","url":"https:\/\/cafesnovell.com\/ca\/","name":"Caf\u00e8s Novell","description":"Organic Premium Coffee","potentialAction":[{"@type":"SearchAction","target":{"@type":"EntryPoint","urlTemplate":"https:\/\/cafesnovell.com\/ca\/?s={search_term_string}"},"query-input":{"@type":"PropertyValueSpecification","valueRequired":true,"valueName":"search_term_string"}}],"inLanguage":"ca"}]}},"_links":{"self":[{"href":"https:\/\/cafesnovell.com\/ca\/wp-json\/wp\/v2\/pages\/7528","targetHints":{"allow":["GET"]}}],"collection":[{"href":"https:\/\/cafesnovell.com\/ca\/wp-json\/wp\/v2\/pages"}],"about":[{"href":"https:\/\/cafesnovell.com\/ca\/wp-json\/wp\/v2\/types\/page"}],"author":[{"embeddable":true,"href":"https:\/\/cafesnovell.com\/ca\/wp-json\/wp\/v2\/users\/1"}],"replies":[{"embeddable":true,"href":"https:\/\/cafesnovell.com\/ca\/wp-json\/wp\/v2\/comments?post=7528"}],"version-history":[{"count":0,"href":"https:\/\/cafesnovell.com\/ca\/wp-json\/wp\/v2\/pages\/7528\/revisions"}],"up":[{"embeddable":true,"href":"https:\/\/cafesnovell.com\/ca\/wp-json\/wp\/v2\/pages\/109533"}],"wp:attachment":[{"href":"https:\/\/cafesnovell.com\/ca\/wp-json\/wp\/v2\/media?parent=7528"}],"curies":[{"name":"wp","href":"https:\/\/api.w.org\/{rel}","templated":true}]}}