{"id":7525,"date":"2019-10-01T14:00:55","date_gmt":"2019-10-01T14:00:55","guid":{"rendered":"https:\/\/cafesnovell.com\/cafes-en-grano\/"},"modified":"2019-10-28T08:46:57","modified_gmt":"2019-10-28T08:46:57","slug":"cafes-en-gra","status":"publish","type":"page","link":"https:\/\/cafesnovell.com\/ca\/empreses\/cafes\/cafes-en-gra\/","title":{"rendered":"Caf\u00e8s en gra"},"content":{"rendered":"<div class=\"wpb-content-wrapper\">[vc_section full_width=&#8221;stretch_row&#8221; css=&#8221;.vc_custom_1570699908902{background-image: url(https:\/\/cafesnovell.com\/wp-content\/uploads\/2019\/10\/header-espresso.jpg?id=6815) !important;background-position: center !important;background-repeat: no-repeat !important;background-size: cover !important;}&#8221;][vc_row fullwidth=&#8221;true&#8221;][vc_column width=&#8221;11\/12&#8243; css=&#8221;.vc_custom_1569403557803{margin-left: 50px !important;padding-top: 34px !important;padding-bottom: 7px !important;}&#8221;][vc_column_text css=&#8221;.vc_custom_1566455960095{margin-bottom: 0px !important;}&#8221;]PRODUCTES<br \/>\nNOVELL[\/vc_column_text][\/vc_column][vc_column width=&#8221;1\/12&#8243;][\/vc_column][\/vc_row][\/vc_section][vc_section full_width=&#8221;stretch_row&#8221; css=&#8221;.vc_custom_1572252414257{background-position: center !important;background-repeat: no-repeat !important;background-size: cover !important;}&#8221;][vc_row][vc_column css=&#8221;.vc_custom_1569403557803{margin-left: 50px !important;padding-top: 34px !important;padding-bottom: 7px !important;}&#8221;][vc_wp_custommenu nav_menu=&#8221;160&#8243; el_class=&#8221;menu-productos-container menu-productos-te&#8221;][\/vc_column][\/vc_row][\/vc_section][vc_section full_width=&#8221;stretch_row&#8221; el_class=&#8221;section-products&#8221;][vc_row css=&#8221;.vc_custom_1566476184856{margin-bottom: 44px !important;border-top-width: 1px !important;border-right-width: 1px !important;border-bottom-width: 1px !important;border-left-width: 1px !important;border-left-color: #cccccc !important;border-left-style: solid !important;border-right-color: #cccccc !important;border-right-style: solid !important;border-top-color: #cccccc !important;border-top-style: solid !important;border-bottom-color: #cccccc !important;border-bottom-style: solid !important;}&#8221;][vc_column width=&#8221;1\/6&#8243; css=&#8221;.vc_custom_1566541186062{padding-top: 7px !important;}&#8221;][vc_single_image image=&#8221;6819&#8243; img_size=&#8221;full&#8221; alignment=&#8221;center&#8221;][\/vc_column][vc_column width=&#8221;7\/12&#8243; css=&#8221;.vc_custom_1566474278978{padding-top: 38px !important;}&#8221;][vc_column_text css=&#8221;.vc_custom_1566467146672{margin-bottom: 0px !important;}&#8221;]\n<h3>GOURMET RESPONSABLE<\/h3>\n[\/vc_column_text][vc_column_text css=&#8221;.vc_custom_1571417286328{margin-bottom: 0px !important;}&#8221;]<i>Blend<\/i> de caf\u00e8s ar\u00e0bics, naturals i rentats, i robustes rentats, procedents de finques acreditades per UTZ Certified. Presenta una tassa de cos considerable, per\u00f2 sense ser astringent, amb gust intens i acidesa moderada. Aquest <i>blend <\/i>destaca sobretot pel seu equilibri i pres\u00e8ncia en tassa.<\/p>\n<p>En aroma trobem notes dolces i suaus, amb mantega fresca, cereals, xocolata i vainilla, aix\u00ed com punts florals i acaramel\u00b7lats que romanen en el paladar.[\/vc_column_text][vc_single_image image=&#8221;6831&#8243; img_size=&#8221;full&#8221; el_class=&#8221;cert-cafe&#8221;][vc_btn title=&#8221;COMPRAR&#8221; shape=&#8221;square&#8221; color=&#8221;default&#8221; link=&#8221;url:%2Fca%2F%3Fp%3D5650|title:Gourmet%20Responsable||&#8221;][\/vc_column][vc_column width=&#8221;1\/4&#8243; css=&#8221;.vc_custom_1566474343288{padding-top: 25px !important;}&#8221;][vc_single_image image=&#8221;10661&#8243; img_size=&#8221;full&#8221; alignment=&#8221;center&#8221;][\/vc_column][\/vc_row][vc_row css=&#8221;.vc_custom_1566477030763{margin-bottom: 44px !important;border-top-width: 1px !important;border-right-width: 1px !important;border-bottom-width: 1px !important;border-left-width: 1px !important;border-left-color: #cccccc !important;border-left-style: solid !important;border-right-color: #cccccc !important;border-right-style: solid !important;border-top-color: #cccccc !important;border-top-style: solid !important;border-bottom-color: #cccccc !important;border-bottom-style: solid !important;}&#8221;][vc_column width=&#8221;1\/6&#8243; css=&#8221;.vc_custom_1566541362053{padding-top: 8px !important;padding-bottom: 12px !important;}&#8221;][vc_single_image image=&#8221;6835&#8243; img_size=&#8221;full&#8221; alignment=&#8221;center&#8221;][\/vc_column][vc_column width=&#8221;7\/12&#8243; css=&#8221;.vc_custom_1566474278978{padding-top: 38px !important;}&#8221;][vc_column_text css=&#8221;.vc_custom_1566476912978{margin-bottom: 0px !important;}&#8221;]\n<h3>GOURMET MOCCA<\/h3>\n[\/vc_column_text][vc_column_text css=&#8221;.vc_custom_1571417304498{margin-bottom: 0px !important;}&#8221;]<i>Blend<\/i> 100% ar\u00e0bic i 100% org\u00e0nic, procedent de caf\u00e8s ar\u00e0bics rentats molt suaus i ar\u00e0bics naturals. Tassa fina i equilibrada, amb un equilibri lleugerament dirigit cap a l\u2019acidesa.<\/p>\n<p>En boca, presenta una entrada de caramel i fruits secs, cacau amarg amb fons c\u00edtric, junt amb un aroma fresc i floral amb tocs dol\u00e7os de vainilla.<\/p>\n<p>Caf\u00e8 perfecte per una pausa laboral o despr\u00e9s d\u2019un \u00e0pat.[\/vc_column_text][vc_single_image image=&#8221;3588&#8243; img_size=&#8221;full&#8221; el_class=&#8221;cert-cafe&#8221;][vc_single_image image=&#8221;6442&#8243; img_size=&#8221;full&#8221; el_class=&#8221;cert-cafe&#8221;][\/vc_column][vc_column width=&#8221;1\/4&#8243; css=&#8221;.vc_custom_1566474343288{padding-top: 25px !important;}&#8221;][vc_single_image image=&#8221;10665&#8243; img_size=&#8221;full&#8221; alignment=&#8221;center&#8221;][\/vc_column][\/vc_row][vc_row css=&#8221;.vc_custom_1567148163606{margin-bottom: 44px !important;border-top-width: 1px !important;border-right-width: 1px !important;border-bottom-width: 1px !important;border-left-width: 1px !important;padding-top: 8px !important;padding-bottom: 8px !important;border-left-color: #cccccc !important;border-left-style: solid !important;border-right-color: #cccccc !important;border-right-style: solid !important;border-top-color: #cccccc !important;border-top-style: solid !important;border-bottom-color: #cccccc !important;border-bottom-style: solid !important;}&#8221;][vc_column width=&#8221;1\/6&#8243; css=&#8221;.vc_custom_1567147763279{padding-top: 18px !important;padding-bottom: 12px !important;}&#8221;][vc_single_image image=&#8221;6859&#8243; img_size=&#8221;full&#8221; alignment=&#8221;center&#8221;][\/vc_column][vc_column width=&#8221;7\/12&#8243; css=&#8221;.vc_custom_1566474278978{padding-top: 38px !important;}&#8221;][vc_column_text css=&#8221;.vc_custom_1566542861697{margin-bottom: 0px !important;}&#8221;]\n<h3>DEKAFF RESPONSABLE<\/h3>\n[\/vc_column_text][vc_column_text css=&#8221;.vc_custom_1571561081026{margin-bottom: 0px !important;}&#8221;]<em>Blend<\/em> 100% ar\u00e0bic, resultant en una tassa de m\u00e0xim equilibri. El seu proc\u00e9s de descafe\u00efnat \u00e9s totalment natural, obtenint un espresso sense fissures i sense retrogustos qu\u00edmics com per exemple el clorur de metil\u00e8.<\/p>\n<p>Fresques notes c\u00edtriques combinen amb altres m\u00e9s c\u00e0lides de cereals i fruits secs. El seu pas en boca \u00e9s lleugerament \u00e0cid i d\u2019estructura dol\u00e7a.[\/vc_column_text][vc_single_image image=&#8221;6831&#8243; img_size=&#8221;full&#8221; el_class=&#8221;cert-cafe&#8221;][vc_btn title=&#8221;COMPRAR&#8221; shape=&#8221;square&#8221; color=&#8221;default&#8221; link=&#8221;url:%2Fca%2F%3Fp%3D5655|title:Dekaff%20Responsable||&#8221;][\/vc_column][vc_column width=&#8221;1\/4&#8243; css=&#8221;.vc_custom_1566474343288{padding-top: 25px !important;}&#8221;][vc_single_image image=&#8221;10681&#8243; img_size=&#8221;full&#8221; alignment=&#8221;center&#8221;][\/vc_column][\/vc_row][vc_row css=&#8221;.vc_custom_1566477030763{margin-bottom: 44px !important;border-top-width: 1px !important;border-right-width: 1px !important;border-bottom-width: 1px !important;border-left-width: 1px !important;border-left-color: #cccccc !important;border-left-style: solid !important;border-right-color: #cccccc !important;border-right-style: solid !important;border-top-color: #cccccc !important;border-top-style: solid !important;border-bottom-color: #cccccc !important;border-bottom-style: solid !important;}&#8221;][vc_column width=&#8221;1\/6&#8243; css=&#8221;.vc_custom_1566541362053{padding-top: 8px !important;padding-bottom: 12px !important;}&#8221;][vc_single_image image=&#8221;6867&#8243; img_size=&#8221;full&#8221; alignment=&#8221;center&#8221;][\/vc_column][vc_column width=&#8221;7\/12&#8243; css=&#8221;.vc_custom_1566474278978{padding-top: 38px !important;}&#8221;][vc_column_text css=&#8221;.vc_custom_1570454827679{margin-bottom: 0px !important;}&#8221;]\n<h3>DEKAFF<\/h3>\n[\/vc_column_text][vc_column_text css=&#8221;.vc_custom_1571561087347{margin-bottom: 0px !important;}&#8221;]<em>Blend<\/em> 100% ar\u00e0bic, resultant en una tassa de m\u00e0xim equilibri. El seu proc\u00e9s de descafe\u00efnat \u00e9s totalment natural, obtenint un espresso sense fissures i sense retrogustos qu\u00edmics com per exemple el clorur de metil\u00e8.<\/p>\n<p>Notes de pa torrat, cereals, vainilla i c\u00edtrics estructuren i equilibren la tassa. Un espresso sense cafe\u00efna per a gaudir-lo a qualsevol hora.[\/vc_column_text][\/vc_column][vc_column width=&#8221;1\/4&#8243; css=&#8221;.vc_custom_1566474343288{padding-top: 25px !important;}&#8221;][vc_single_image image=&#8221;10677&#8243; img_size=&#8221;full&#8221; alignment=&#8221;center&#8221;][\/vc_column][\/vc_row][\/vc_section]\n<\/div>","protected":false},"excerpt":{"rendered":"<p>[vc_section full_width=&#8221;stretch_row&#8221; css=&#8221;.vc_custom_1570699908902{background-image: url(https:\/\/cafesnovell.com\/wp-content\/uploads\/2019\/10\/header-espresso.jpg?id=6815) !important;background-position: center !important;background-repeat: no-repeat !important;background-size: cover !important;}&#8221;][vc_row fullwidth=&#8221;true&#8221;][vc_column width=&#8221;11\/12&#8243; css=&#8221;.vc_custom_1569403557803{margin-left: 50px !important;padding-top: 34px !important;padding-bottom: 7px !important;}&#8221;][vc_column_text css=&#8221;.vc_custom_1566455960095{margin-bottom: 0px !important;}&#8221;]PRODUCTES NOVELL[\/vc_column_text][\/vc_column][vc_column width=&#8221;1\/12&#8243;][\/vc_column][\/vc_row][\/vc_section][vc_section full_width=&#8221;stretch_row&#8221; css=&#8221;.vc_custom_1572252414257{background-position: center !important;background-repeat: no-repeat !important;background-size: cover !important;}&#8221;][vc_row][vc_column css=&#8221;.vc_custom_1569403557803{margin-left: 50px !important;padding-top: 34px !important;padding-bottom: 7px !important;}&#8221;][vc_wp_custommenu nav_menu=&#8221;160&#8243; el_class=&#8221;menu-productos-container menu-productos-te&#8221;][\/vc_column][\/vc_row][\/vc_section][vc_section full_width=&#8221;stretch_row&#8221; el_class=&#8221;section-products&#8221;][vc_row css=&#8221;.vc_custom_1566476184856{margin-bottom: 44px !important;border-top-width: 1px !important;border-right-width: 1px !important;border-bottom-width: 1px !important;border-left-width: 1px [&hellip;]<\/p>\n","protected":false},"author":1,"featured_media":0,"parent":7528,"menu_order":0,"comment_status":"closed","ping_status":"closed","template":"","meta":{"_acf_changed":false,"content-type":"","footnotes":""},"class_list":["post-7525","page","type-page","status-publish","hentry"],"acf":[],"yoast_head":"<!-- This site is optimized with the Yoast SEO plugin v27.3 - https:\/\/yoast.com\/product\/yoast-seo-wordpress\/ -->\n<title>Caf\u00e8s en gra - Caf\u00e8s Novell<\/title>\n<meta name=\"description\" content=\"CAF\u00c8S PARA EMPRESAS. Nuestro caf\u00e9 gourmet certificado es un caf\u00e9 con una cuidada selecci\u00f3n, importaci\u00f3n y tueste. Ofrecemos a las empresas la mayor calidad en cada taza de caf\u00e9 espresso, a la vez que les damos apoyo con soluciones expertas e integrales.\" \/>\n<meta name=\"robots\" content=\"index, follow, max-snippet:-1, max-image-preview:large, max-video-preview:-1\" \/>\n<link rel=\"canonical\" href=\"https:\/\/cafesnovell.com\/ca\/empreses\/cafes\/cafes-en-gra\/\" \/>\n<meta property=\"og:locale\" content=\"ca_ES\" \/>\n<meta property=\"og:type\" content=\"article\" \/>\n<meta property=\"og:title\" content=\"Caf\u00e8s en gra - Caf\u00e8s Novell\" \/>\n<meta property=\"og:description\" content=\"CAF\u00c8S PARA EMPRESAS. Nuestro caf\u00e9 gourmet certificado es un caf\u00e9 con una cuidada selecci\u00f3n, importaci\u00f3n y tueste. Ofrecemos a las empresas la mayor calidad en cada taza de caf\u00e9 espresso, a la vez que les damos apoyo con soluciones expertas e integrales.\" \/>\n<meta property=\"og:url\" content=\"https:\/\/cafesnovell.com\/ca\/empreses\/cafes\/cafes-en-gra\/\" \/>\n<meta property=\"og:site_name\" content=\"Caf\u00e8s Novell\" \/>\n<meta property=\"article:modified_time\" content=\"2019-10-28T08:46:57+00:00\" \/>\n<meta name=\"twitter:card\" content=\"summary_large_image\" \/>\n<meta name=\"twitter:label1\" content=\"Temps estimat de lectura\" \/>\n\t<meta name=\"twitter:data1\" content=\"5 minuts\" \/>\n<script type=\"application\/ld+json\" class=\"yoast-schema-graph\">{\"@context\":\"https:\\\/\\\/schema.org\",\"@graph\":[{\"@type\":\"WebPage\",\"@id\":\"https:\\\/\\\/cafesnovell.com\\\/ca\\\/empreses\\\/cafes\\\/cafes-en-gra\\\/\",\"url\":\"https:\\\/\\\/cafesnovell.com\\\/ca\\\/empreses\\\/cafes\\\/cafes-en-gra\\\/\",\"name\":\"Caf\u00e8s en gra - Caf\u00e8s Novell\",\"isPartOf\":{\"@id\":\"https:\\\/\\\/cafesnovell.com\\\/ca\\\/#website\"},\"datePublished\":\"2019-10-01T14:00:55+00:00\",\"dateModified\":\"2019-10-28T08:46:57+00:00\",\"description\":\"CAF\u00c8S PARA EMPRESAS. Nuestro caf\u00e9 gourmet certificado es un caf\u00e9 con una cuidada selecci\u00f3n, importaci\u00f3n y tueste. Ofrecemos a las empresas la mayor calidad en cada taza de caf\u00e9 espresso, a la vez que les damos apoyo con soluciones expertas e integrales.\",\"breadcrumb\":{\"@id\":\"https:\\\/\\\/cafesnovell.com\\\/ca\\\/empreses\\\/cafes\\\/cafes-en-gra\\\/#breadcrumb\"},\"inLanguage\":\"ca\",\"potentialAction\":[{\"@type\":\"ReadAction\",\"target\":[\"https:\\\/\\\/cafesnovell.com\\\/ca\\\/empreses\\\/cafes\\\/cafes-en-gra\\\/\"]}]},{\"@type\":\"BreadcrumbList\",\"@id\":\"https:\\\/\\\/cafesnovell.com\\\/ca\\\/empreses\\\/cafes\\\/cafes-en-gra\\\/#breadcrumb\",\"itemListElement\":[{\"@type\":\"ListItem\",\"position\":1,\"name\":\"Inici\",\"item\":\"https:\\\/\\\/cafesnovell.com\\\/ca\\\/\"},{\"@type\":\"ListItem\",\"position\":2,\"name\":\"Empreses\",\"item\":\"https:\\\/\\\/cafesnovell.com\\\/ca\\\/empreses\\\/\"},{\"@type\":\"ListItem\",\"position\":3,\"name\":\"Caf\u00e8s\",\"item\":\"https:\\\/\\\/cafesnovell.com\\\/ca\\\/empreses\\\/cafes\\\/\"},{\"@type\":\"ListItem\",\"position\":4,\"name\":\"Caf\u00e8s en gra\"}]},{\"@type\":\"WebSite\",\"@id\":\"https:\\\/\\\/cafesnovell.com\\\/ca\\\/#website\",\"url\":\"https:\\\/\\\/cafesnovell.com\\\/ca\\\/\",\"name\":\"Caf\u00e8s Novell\",\"description\":\"Organic Premium Coffee\",\"potentialAction\":[{\"@type\":\"SearchAction\",\"target\":{\"@type\":\"EntryPoint\",\"urlTemplate\":\"https:\\\/\\\/cafesnovell.com\\\/ca\\\/?s={search_term_string}\"},\"query-input\":{\"@type\":\"PropertyValueSpecification\",\"valueRequired\":true,\"valueName\":\"search_term_string\"}}],\"inLanguage\":\"ca\"}]}<\/script>\n<!-- \/ Yoast SEO plugin. -->","yoast_head_json":{"title":"Caf\u00e8s en gra - Caf\u00e8s Novell","description":"CAF\u00c8S PARA EMPRESAS. Nuestro caf\u00e9 gourmet certificado es un caf\u00e9 con una cuidada selecci\u00f3n, importaci\u00f3n y tueste. Ofrecemos a las empresas la mayor calidad en cada taza de caf\u00e9 espresso, a la vez que les damos apoyo con soluciones expertas e integrales.","robots":{"index":"index","follow":"follow","max-snippet":"max-snippet:-1","max-image-preview":"max-image-preview:large","max-video-preview":"max-video-preview:-1"},"canonical":"https:\/\/cafesnovell.com\/ca\/empreses\/cafes\/cafes-en-gra\/","og_locale":"ca_ES","og_type":"article","og_title":"Caf\u00e8s en gra - Caf\u00e8s Novell","og_description":"CAF\u00c8S PARA EMPRESAS. Nuestro caf\u00e9 gourmet certificado es un caf\u00e9 con una cuidada selecci\u00f3n, importaci\u00f3n y tueste. Ofrecemos a las empresas la mayor calidad en cada taza de caf\u00e9 espresso, a la vez que les damos apoyo con soluciones expertas e integrales.","og_url":"https:\/\/cafesnovell.com\/ca\/empreses\/cafes\/cafes-en-gra\/","og_site_name":"Caf\u00e8s Novell","article_modified_time":"2019-10-28T08:46:57+00:00","twitter_card":"summary_large_image","twitter_misc":{"Temps estimat de lectura":"5 minuts"},"schema":{"@context":"https:\/\/schema.org","@graph":[{"@type":"WebPage","@id":"https:\/\/cafesnovell.com\/ca\/empreses\/cafes\/cafes-en-gra\/","url":"https:\/\/cafesnovell.com\/ca\/empreses\/cafes\/cafes-en-gra\/","name":"Caf\u00e8s en gra - Caf\u00e8s Novell","isPartOf":{"@id":"https:\/\/cafesnovell.com\/ca\/#website"},"datePublished":"2019-10-01T14:00:55+00:00","dateModified":"2019-10-28T08:46:57+00:00","description":"CAF\u00c8S PARA EMPRESAS. Nuestro caf\u00e9 gourmet certificado es un caf\u00e9 con una cuidada selecci\u00f3n, importaci\u00f3n y tueste. Ofrecemos a las empresas la mayor calidad en cada taza de caf\u00e9 espresso, a la vez que les damos apoyo con soluciones expertas e integrales.","breadcrumb":{"@id":"https:\/\/cafesnovell.com\/ca\/empreses\/cafes\/cafes-en-gra\/#breadcrumb"},"inLanguage":"ca","potentialAction":[{"@type":"ReadAction","target":["https:\/\/cafesnovell.com\/ca\/empreses\/cafes\/cafes-en-gra\/"]}]},{"@type":"BreadcrumbList","@id":"https:\/\/cafesnovell.com\/ca\/empreses\/cafes\/cafes-en-gra\/#breadcrumb","itemListElement":[{"@type":"ListItem","position":1,"name":"Inici","item":"https:\/\/cafesnovell.com\/ca\/"},{"@type":"ListItem","position":2,"name":"Empreses","item":"https:\/\/cafesnovell.com\/ca\/empreses\/"},{"@type":"ListItem","position":3,"name":"Caf\u00e8s","item":"https:\/\/cafesnovell.com\/ca\/empreses\/cafes\/"},{"@type":"ListItem","position":4,"name":"Caf\u00e8s en gra"}]},{"@type":"WebSite","@id":"https:\/\/cafesnovell.com\/ca\/#website","url":"https:\/\/cafesnovell.com\/ca\/","name":"Caf\u00e8s Novell","description":"Organic Premium Coffee","potentialAction":[{"@type":"SearchAction","target":{"@type":"EntryPoint","urlTemplate":"https:\/\/cafesnovell.com\/ca\/?s={search_term_string}"},"query-input":{"@type":"PropertyValueSpecification","valueRequired":true,"valueName":"search_term_string"}}],"inLanguage":"ca"}]}},"_links":{"self":[{"href":"https:\/\/cafesnovell.com\/ca\/wp-json\/wp\/v2\/pages\/7525","targetHints":{"allow":["GET"]}}],"collection":[{"href":"https:\/\/cafesnovell.com\/ca\/wp-json\/wp\/v2\/pages"}],"about":[{"href":"https:\/\/cafesnovell.com\/ca\/wp-json\/wp\/v2\/types\/page"}],"author":[{"embeddable":true,"href":"https:\/\/cafesnovell.com\/ca\/wp-json\/wp\/v2\/users\/1"}],"replies":[{"embeddable":true,"href":"https:\/\/cafesnovell.com\/ca\/wp-json\/wp\/v2\/comments?post=7525"}],"version-history":[{"count":0,"href":"https:\/\/cafesnovell.com\/ca\/wp-json\/wp\/v2\/pages\/7525\/revisions"}],"up":[{"embeddable":true,"href":"https:\/\/cafesnovell.com\/ca\/wp-json\/wp\/v2\/pages\/7528"}],"wp:attachment":[{"href":"https:\/\/cafesnovell.com\/ca\/wp-json\/wp\/v2\/media?parent=7525"}],"curies":[{"name":"wp","href":"https:\/\/api.w.org\/{rel}","templated":true}]}}