{"id":7521,"date":"2019-10-01T14:27:32","date_gmt":"2019-10-01T14:27:32","guid":{"rendered":"https:\/\/cafesnovell.com\/capsulas\/"},"modified":"2019-10-28T08:38:30","modified_gmt":"2019-10-28T08:38:30","slug":"capsules-professionals","status":"publish","type":"page","link":"https:\/\/cafesnovell.com\/ca\/empreses\/cafes\/capsules-professionals\/","title":{"rendered":"C\u00e0psules Novell Professional Biodegradables"},"content":{"rendered":"<div class=\"wpb-content-wrapper\">[vc_section full_width=&#8221;stretch_row&#8221; css=&#8221;.vc_custom_1570706774374{background-image: url(https:\/\/cafesnovell.com\/wp-content\/uploads\/2019\/10\/header-espresso.jpg?id=6815) !important;background-position: center !important;background-repeat: no-repeat !important;background-size: cover !important;}&#8221;][vc_row fullwidth=&#8221;true&#8221;][vc_column width=&#8221;11\/12&#8243; css=&#8221;.vc_custom_1569403557803{margin-left: 50px !important;padding-top: 34px !important;padding-bottom: 7px !important;}&#8221;][vc_column_text css=&#8221;.vc_custom_1566455960095{margin-bottom: 0px !important;}&#8221;]PRODUCTES<br \/>\nNOVELL[\/vc_column_text][\/vc_column][vc_column width=&#8221;1\/12&#8243;][\/vc_column][\/vc_row][\/vc_section][vc_section full_width=&#8221;stretch_row&#8221; css=&#8221;.vc_custom_1572251861754{background-position: center !important;background-repeat: no-repeat !important;background-size: cover !important;}&#8221;][vc_row][vc_column css=&#8221;.vc_custom_1569403557803{margin-left: 50px !important;padding-top: 34px !important;padding-bottom: 7px !important;}&#8221;][vc_wp_custommenu nav_menu=&#8221;160&#8243; el_class=&#8221;menu-productos-container menu-productos-te&#8221;][\/vc_column][\/vc_row][\/vc_section][vc_section full_width=&#8221;stretch_row&#8221; el_class=&#8221;section-products&#8221;][vc_row css=&#8221;.vc_custom_1566477030763{margin-bottom: 44px !important;border-top-width: 1px !important;border-right-width: 1px !important;border-bottom-width: 1px !important;border-left-width: 1px !important;border-left-color: #cccccc !important;border-left-style: solid !important;border-right-color: #cccccc !important;border-right-style: solid !important;border-top-color: #cccccc !important;border-top-style: solid !important;border-bottom-color: #cccccc !important;border-bottom-style: solid !important;}&#8221;][vc_column width=&#8221;1\/6&#8243; css=&#8221;.vc_custom_1566541362053{padding-top: 8px !important;padding-bottom: 12px !important;}&#8221;][mk_padding_divider size=&#8221;50&#8243; visibility=&#8221;hidden-sm&#8221;][vc_single_image image=&#8221;7005&#8243; img_size=&#8221;full&#8221; alignment=&#8221;center&#8221;][\/vc_column][vc_column width=&#8221;5\/6&#8243; css=&#8221;.vc_custom_1569941163829{padding-top: 38px !important;}&#8221;][vc_column_text css=&#8221;.vc_custom_1570617030332{margin-bottom: 0px !important;}&#8221;]\n<h3>INTENSO<\/h3>\n[\/vc_column_text][vc_column_text css=&#8221;.vc_custom_1570617085931{margin-bottom: 0px !important;}&#8221;]C\u00e0psules Novell Professional de caf\u00e8 responsable i 100% biodegradables.<\/p>\n<p>La varietat Intenso presenta un blend amb cos, de llarga persist\u00e8ncia en boca, aroma lleuger i sabor intens. Proporciona un toc d\u2019acidesa que perdura en el paladar de forma persistent i agradable, amb aromes caramel\u00b7litzats i torrats.<\/p>\n<p>La tassa perfecta pels amants del caf\u00e8 sol.[\/vc_column_text][vc_btn title=&#8221;COMPRAR&#8221; shape=&#8221;square&#8221; color=&#8221;default&#8221; link=&#8221;url:%2Fca%2Fproductos%2Fcapsules-novell-professional-biodegradables-intenso%2F|title:C%C3%80PSULES%20NOVELL%20PROFESSIONAL%20BIODEGRADABLES%20%E2%80%93%20INTENSO||&#8221;][\/vc_column][\/vc_row][vc_row css=&#8221;.vc_custom_1566477030763{margin-bottom: 44px !important;border-top-width: 1px !important;border-right-width: 1px !important;border-bottom-width: 1px !important;border-left-width: 1px !important;border-left-color: #cccccc !important;border-left-style: solid !important;border-right-color: #cccccc !important;border-right-style: solid !important;border-top-color: #cccccc !important;border-top-style: solid !important;border-bottom-color: #cccccc !important;border-bottom-style: solid !important;}&#8221;][vc_column width=&#8221;1\/6&#8243; css=&#8221;.vc_custom_1566541362053{padding-top: 8px !important;padding-bottom: 12px !important;}&#8221;][mk_padding_divider size=&#8221;50&#8243; visibility=&#8221;hidden-sm&#8221;][vc_single_image image=&#8221;7009&#8243; img_size=&#8221;full&#8221; alignment=&#8221;center&#8221;][\/vc_column][vc_column width=&#8221;5\/6&#8243; css=&#8221;.vc_custom_1569941171517{padding-top: 38px !important;}&#8221;][vc_column_text css=&#8221;.vc_custom_1570617041170{margin-bottom: 0px !important;}&#8221;]\n<h3>CREMOSO<\/h3>\n[\/vc_column_text][vc_column_text css=&#8221;.vc_custom_1570617180642{margin-bottom: 0px !important;}&#8221;]C\u00e0psules Novell Professional de caf\u00e8 responsable i 100% biodegradables.<\/p>\n<p>La varietat Cremoso presenta un blend de gust fort, amb cos i crema persistent d\u2019aroma suau. Resulta en una tassa de potent intensitat, amplitud i cremositat.<\/p>\n<p>Especialment recomanat pels amants del caf\u00e8 amb llet.[\/vc_column_text][vc_btn title=&#8221;COMPRAR&#8221; shape=&#8221;square&#8221; color=&#8221;default&#8221; link=&#8221;url:%2Fca%2Fproductos%2Fcapsules-novell-professional-biodegradables-cremoso%2F|title:C%C3%80PSULES%20NOVELL%20PROFESSIONAL%20BIODEGRADABLES%20%E2%80%93%20CREMOSO||&#8221;][\/vc_column][\/vc_row][vc_row css=&#8221;.vc_custom_1566476184856{margin-bottom: 44px !important;border-top-width: 1px !important;border-right-width: 1px !important;border-bottom-width: 1px !important;border-left-width: 1px !important;border-left-color: #cccccc !important;border-left-style: solid !important;border-right-color: #cccccc !important;border-right-style: solid !important;border-top-color: #cccccc !important;border-top-style: solid !important;border-bottom-color: #cccccc !important;border-bottom-style: solid !important;}&#8221;][vc_column width=&#8221;1\/6&#8243; css=&#8221;.vc_custom_1569941563917{padding-top: 7px !important;}&#8221;][mk_padding_divider size=&#8221;50&#8243; visibility=&#8221;hidden-sm&#8221;][vc_single_image image=&#8221;7001&#8243; img_size=&#8221;full&#8221; alignment=&#8221;center&#8221;][\/vc_column][vc_column width=&#8221;5\/6&#8243; css=&#8221;.vc_custom_1569941611285{padding-top: 38px !important;}&#8221;][vc_column_text css=&#8221;.vc_custom_1570617020371{margin-bottom: 0px !important;}&#8221;]\n<h3>PI\u00d9 AROMA<\/h3>\n[\/vc_column_text][vc_column_text css=&#8221;.vc_custom_1570617158419{margin-bottom: 0px !important;}&#8221;]C\u00e0psules Novell Professional de caf\u00e8 responsable i 100% biodegradable.<\/p>\n<p>La varietat Pi\u00f9 Aroma presenta un blend de caf\u00e8s 100% ar\u00e0bics molt arom\u00e0tic i perfumat, uns tocs florals i de cos mig. La seva for\u00e7a, finor i plenitud defineixen aquest caf\u00e8 que es torra lleugerament per conservar el subtil aroma del blend.<\/p>\n<p>Recomanat pels amants del caf\u00e8 suau.[\/vc_column_text][vc_btn title=&#8221;COMPRAR&#8221; shape=&#8221;square&#8221; color=&#8221;default&#8221; link=&#8221;url:%2Fca%2Fproductos%2Fcapsules-novell-professional-biodegradables-piu-aroma%2F|title:C%C3%80PSULES%20NOVELL%20PROFESSIONAL%20BIODEGRADABLES%20%E2%80%93%20PI%C3%99%20AROMA||&#8221;][\/vc_column][\/vc_row][vc_row css=&#8221;.vc_custom_1566477030763{margin-bottom: 44px !important;border-top-width: 1px !important;border-right-width: 1px !important;border-bottom-width: 1px !important;border-left-width: 1px !important;border-left-color: #cccccc !important;border-left-style: solid !important;border-right-color: #cccccc !important;border-right-style: solid !important;border-top-color: #cccccc !important;border-top-style: solid !important;border-bottom-color: #cccccc !important;border-bottom-style: solid !important;}&#8221;][vc_column width=&#8221;1\/6&#8243; css=&#8221;.vc_custom_1566541362053{padding-top: 8px !important;padding-bottom: 12px !important;}&#8221;][mk_padding_divider size=&#8221;50&#8243; visibility=&#8221;hidden-sm&#8221;][vc_single_image image=&#8221;7013&#8243; img_size=&#8221;full&#8221; alignment=&#8221;center&#8221;][\/vc_column][vc_column width=&#8221;5\/6&#8243; css=&#8221;.vc_custom_1569941177596{padding-top: 38px !important;}&#8221;][vc_column_text css=&#8221;.vc_custom_1570617119506{margin-bottom: 0px !important;}&#8221;]\n<h3>DECAFFEINATO<\/h3>\n[\/vc_column_text][vc_column_text css=&#8221;.vc_custom_1570617138540{margin-bottom: 0px !important;}&#8221;]C\u00e0psules Novell Professional de caf\u00e8 responsable i 100% biodegradable.<\/p>\n<p>La varietat Decaffeinato proporciona un blend molt equilibrat, amb tot l\u2019aroma i la personalitat d\u2019un gran caf\u00e8 per\u00f2 sense cafe\u00efna. El proc\u00e9s de descafe\u00efnat totalment natural el converteixen en un espresso impecable, sense fissures ni retrogustos qu\u00edmics.<\/p>\n<p>La tassa perfecta per poder gaudir del caf\u00e8 responsable a qualsevol hora del dia.<\/p>\n[\/vc_column_text][vc_btn title=&#8221;COMPRAR&#8221; shape=&#8221;square&#8221; color=&#8221;default&#8221; link=&#8221;url:%2Fca%2F%3Fp%3D5735|title:C%C3%80PSULES%20NOVELL%20PROFESSIONAL%20BIODEGRADABLES%20%E2%80%93%20DEKAFF||&#8221;][\/vc_column][\/vc_row][\/vc_section]\n<\/div>","protected":false},"excerpt":{"rendered":"<p>[vc_section full_width=&#8221;stretch_row&#8221; css=&#8221;.vc_custom_1570706774374{background-image: url(https:\/\/cafesnovell.com\/wp-content\/uploads\/2019\/10\/header-espresso.jpg?id=6815) !important;background-position: center !important;background-repeat: no-repeat !important;background-size: cover !important;}&#8221;][vc_row fullwidth=&#8221;true&#8221;][vc_column width=&#8221;11\/12&#8243; css=&#8221;.vc_custom_1569403557803{margin-left: 50px !important;padding-top: 34px !important;padding-bottom: 7px !important;}&#8221;][vc_column_text css=&#8221;.vc_custom_1566455960095{margin-bottom: 0px !important;}&#8221;]PRODUCTES NOVELL[\/vc_column_text][\/vc_column][vc_column width=&#8221;1\/12&#8243;][\/vc_column][\/vc_row][\/vc_section][vc_section full_width=&#8221;stretch_row&#8221; css=&#8221;.vc_custom_1572251861754{background-position: center !important;background-repeat: no-repeat !important;background-size: cover !important;}&#8221;][vc_row][vc_column css=&#8221;.vc_custom_1569403557803{margin-left: 50px !important;padding-top: 34px !important;padding-bottom: 7px !important;}&#8221;][vc_wp_custommenu nav_menu=&#8221;160&#8243; el_class=&#8221;menu-productos-container menu-productos-te&#8221;][\/vc_column][\/vc_row][\/vc_section][vc_section full_width=&#8221;stretch_row&#8221; el_class=&#8221;section-products&#8221;][vc_row css=&#8221;.vc_custom_1566477030763{margin-bottom: 44px !important;border-top-width: 1px !important;border-right-width: 1px !important;border-bottom-width: 1px !important;border-left-width: 1px [&hellip;]<\/p>\n","protected":false},"author":1,"featured_media":0,"parent":7528,"menu_order":0,"comment_status":"closed","ping_status":"closed","template":"","meta":{"_acf_changed":false,"content-type":"","footnotes":""},"class_list":["post-7521","page","type-page","status-publish","hentry"],"acf":[],"yoast_head":"<!-- This site is optimized with the Yoast SEO plugin v27.3 - https:\/\/yoast.com\/product\/yoast-seo-wordpress\/ -->\n<title>C\u00e0psules Novell Professional Biodegradables - Caf\u00e8s Novell<\/title>\n<meta name=\"description\" content=\"CAF\u00c8 PARA EMPRESAS. Una selecci\u00f3n de diferentes blends en distintas intensidades, incluyendo descafeinados, presentados en c\u00e1psulas monodosis biodegradables, especialmente pensadas para el consumo laboral. Caf\u00e9s con sabor excelente que reflejan el compromiso de Novell con la sostenibilidad y el medio ambiente.\" \/>\n<meta name=\"robots\" content=\"index, follow, max-snippet:-1, max-image-preview:large, max-video-preview:-1\" \/>\n<link rel=\"canonical\" href=\"https:\/\/cafesnovell.com\/ca\/empreses\/cafes\/capsules-professionals\/\" \/>\n<meta property=\"og:locale\" content=\"ca_ES\" \/>\n<meta property=\"og:type\" content=\"article\" \/>\n<meta property=\"og:title\" content=\"C\u00e0psules Novell Professional Biodegradables - Caf\u00e8s Novell\" \/>\n<meta property=\"og:description\" content=\"CAF\u00c8 PARA EMPRESAS. Una selecci\u00f3n de diferentes blends en distintas intensidades, incluyendo descafeinados, presentados en c\u00e1psulas monodosis biodegradables, especialmente pensadas para el consumo laboral. Caf\u00e9s con sabor excelente que reflejan el compromiso de Novell con la sostenibilidad y el medio ambiente.\" \/>\n<meta property=\"og:url\" content=\"https:\/\/cafesnovell.com\/ca\/empreses\/cafes\/capsules-professionals\/\" \/>\n<meta property=\"og:site_name\" content=\"Caf\u00e8s Novell\" \/>\n<meta property=\"article:modified_time\" content=\"2019-10-28T08:38:30+00:00\" \/>\n<meta name=\"twitter:card\" content=\"summary_large_image\" \/>\n<meta name=\"twitter:label1\" content=\"Temps estimat de lectura\" \/>\n\t<meta name=\"twitter:data1\" content=\"4 minuts\" \/>\n<script type=\"application\/ld+json\" class=\"yoast-schema-graph\">{\"@context\":\"https:\\\/\\\/schema.org\",\"@graph\":[{\"@type\":\"WebPage\",\"@id\":\"https:\\\/\\\/cafesnovell.com\\\/ca\\\/empreses\\\/cafes\\\/capsules-professionals\\\/\",\"url\":\"https:\\\/\\\/cafesnovell.com\\\/ca\\\/empreses\\\/cafes\\\/capsules-professionals\\\/\",\"name\":\"C\u00e0psules Novell Professional Biodegradables - Caf\u00e8s Novell\",\"isPartOf\":{\"@id\":\"https:\\\/\\\/cafesnovell.com\\\/ca\\\/#website\"},\"datePublished\":\"2019-10-01T14:27:32+00:00\",\"dateModified\":\"2019-10-28T08:38:30+00:00\",\"description\":\"CAF\u00c8 PARA EMPRESAS. Una selecci\u00f3n de diferentes blends en distintas intensidades, incluyendo descafeinados, presentados en c\u00e1psulas monodosis biodegradables, especialmente pensadas para el consumo laboral. Caf\u00e9s con sabor excelente que reflejan el compromiso de Novell con la sostenibilidad y el medio ambiente.\",\"breadcrumb\":{\"@id\":\"https:\\\/\\\/cafesnovell.com\\\/ca\\\/empreses\\\/cafes\\\/capsules-professionals\\\/#breadcrumb\"},\"inLanguage\":\"ca\",\"potentialAction\":[{\"@type\":\"ReadAction\",\"target\":[\"https:\\\/\\\/cafesnovell.com\\\/ca\\\/empreses\\\/cafes\\\/capsules-professionals\\\/\"]}]},{\"@type\":\"BreadcrumbList\",\"@id\":\"https:\\\/\\\/cafesnovell.com\\\/ca\\\/empreses\\\/cafes\\\/capsules-professionals\\\/#breadcrumb\",\"itemListElement\":[{\"@type\":\"ListItem\",\"position\":1,\"name\":\"Inici\",\"item\":\"https:\\\/\\\/cafesnovell.com\\\/ca\\\/\"},{\"@type\":\"ListItem\",\"position\":2,\"name\":\"Empreses\",\"item\":\"https:\\\/\\\/cafesnovell.com\\\/ca\\\/empreses\\\/\"},{\"@type\":\"ListItem\",\"position\":3,\"name\":\"Caf\u00e8s\",\"item\":\"https:\\\/\\\/cafesnovell.com\\\/ca\\\/empreses\\\/cafes\\\/\"},{\"@type\":\"ListItem\",\"position\":4,\"name\":\"C\u00e0psules Novell Professional Biodegradables\"}]},{\"@type\":\"WebSite\",\"@id\":\"https:\\\/\\\/cafesnovell.com\\\/ca\\\/#website\",\"url\":\"https:\\\/\\\/cafesnovell.com\\\/ca\\\/\",\"name\":\"Caf\u00e8s Novell\",\"description\":\"Organic Premium Coffee\",\"potentialAction\":[{\"@type\":\"SearchAction\",\"target\":{\"@type\":\"EntryPoint\",\"urlTemplate\":\"https:\\\/\\\/cafesnovell.com\\\/ca\\\/?s={search_term_string}\"},\"query-input\":{\"@type\":\"PropertyValueSpecification\",\"valueRequired\":true,\"valueName\":\"search_term_string\"}}],\"inLanguage\":\"ca\"}]}<\/script>\n<!-- \/ Yoast SEO plugin. -->","yoast_head_json":{"title":"C\u00e0psules Novell Professional Biodegradables - Caf\u00e8s Novell","description":"CAF\u00c8 PARA EMPRESAS. Una selecci\u00f3n de diferentes blends en distintas intensidades, incluyendo descafeinados, presentados en c\u00e1psulas monodosis biodegradables, especialmente pensadas para el consumo laboral. Caf\u00e9s con sabor excelente que reflejan el compromiso de Novell con la sostenibilidad y el medio ambiente.","robots":{"index":"index","follow":"follow","max-snippet":"max-snippet:-1","max-image-preview":"max-image-preview:large","max-video-preview":"max-video-preview:-1"},"canonical":"https:\/\/cafesnovell.com\/ca\/empreses\/cafes\/capsules-professionals\/","og_locale":"ca_ES","og_type":"article","og_title":"C\u00e0psules Novell Professional Biodegradables - Caf\u00e8s Novell","og_description":"CAF\u00c8 PARA EMPRESAS. Una selecci\u00f3n de diferentes blends en distintas intensidades, incluyendo descafeinados, presentados en c\u00e1psulas monodosis biodegradables, especialmente pensadas para el consumo laboral. Caf\u00e9s con sabor excelente que reflejan el compromiso de Novell con la sostenibilidad y el medio ambiente.","og_url":"https:\/\/cafesnovell.com\/ca\/empreses\/cafes\/capsules-professionals\/","og_site_name":"Caf\u00e8s Novell","article_modified_time":"2019-10-28T08:38:30+00:00","twitter_card":"summary_large_image","twitter_misc":{"Temps estimat de lectura":"4 minuts"},"schema":{"@context":"https:\/\/schema.org","@graph":[{"@type":"WebPage","@id":"https:\/\/cafesnovell.com\/ca\/empreses\/cafes\/capsules-professionals\/","url":"https:\/\/cafesnovell.com\/ca\/empreses\/cafes\/capsules-professionals\/","name":"C\u00e0psules Novell Professional Biodegradables - Caf\u00e8s Novell","isPartOf":{"@id":"https:\/\/cafesnovell.com\/ca\/#website"},"datePublished":"2019-10-01T14:27:32+00:00","dateModified":"2019-10-28T08:38:30+00:00","description":"CAF\u00c8 PARA EMPRESAS. Una selecci\u00f3n de diferentes blends en distintas intensidades, incluyendo descafeinados, presentados en c\u00e1psulas monodosis biodegradables, especialmente pensadas para el consumo laboral. Caf\u00e9s con sabor excelente que reflejan el compromiso de Novell con la sostenibilidad y el medio ambiente.","breadcrumb":{"@id":"https:\/\/cafesnovell.com\/ca\/empreses\/cafes\/capsules-professionals\/#breadcrumb"},"inLanguage":"ca","potentialAction":[{"@type":"ReadAction","target":["https:\/\/cafesnovell.com\/ca\/empreses\/cafes\/capsules-professionals\/"]}]},{"@type":"BreadcrumbList","@id":"https:\/\/cafesnovell.com\/ca\/empreses\/cafes\/capsules-professionals\/#breadcrumb","itemListElement":[{"@type":"ListItem","position":1,"name":"Inici","item":"https:\/\/cafesnovell.com\/ca\/"},{"@type":"ListItem","position":2,"name":"Empreses","item":"https:\/\/cafesnovell.com\/ca\/empreses\/"},{"@type":"ListItem","position":3,"name":"Caf\u00e8s","item":"https:\/\/cafesnovell.com\/ca\/empreses\/cafes\/"},{"@type":"ListItem","position":4,"name":"C\u00e0psules Novell Professional Biodegradables"}]},{"@type":"WebSite","@id":"https:\/\/cafesnovell.com\/ca\/#website","url":"https:\/\/cafesnovell.com\/ca\/","name":"Caf\u00e8s Novell","description":"Organic Premium Coffee","potentialAction":[{"@type":"SearchAction","target":{"@type":"EntryPoint","urlTemplate":"https:\/\/cafesnovell.com\/ca\/?s={search_term_string}"},"query-input":{"@type":"PropertyValueSpecification","valueRequired":true,"valueName":"search_term_string"}}],"inLanguage":"ca"}]}},"_links":{"self":[{"href":"https:\/\/cafesnovell.com\/ca\/wp-json\/wp\/v2\/pages\/7521","targetHints":{"allow":["GET"]}}],"collection":[{"href":"https:\/\/cafesnovell.com\/ca\/wp-json\/wp\/v2\/pages"}],"about":[{"href":"https:\/\/cafesnovell.com\/ca\/wp-json\/wp\/v2\/types\/page"}],"author":[{"embeddable":true,"href":"https:\/\/cafesnovell.com\/ca\/wp-json\/wp\/v2\/users\/1"}],"replies":[{"embeddable":true,"href":"https:\/\/cafesnovell.com\/ca\/wp-json\/wp\/v2\/comments?post=7521"}],"version-history":[{"count":0,"href":"https:\/\/cafesnovell.com\/ca\/wp-json\/wp\/v2\/pages\/7521\/revisions"}],"up":[{"embeddable":true,"href":"https:\/\/cafesnovell.com\/ca\/wp-json\/wp\/v2\/pages\/7528"}],"wp:attachment":[{"href":"https:\/\/cafesnovell.com\/ca\/wp-json\/wp\/v2\/media?parent=7521"}],"curies":[{"name":"wp","href":"https:\/\/api.w.org\/{rel}","templated":true}]}}