{"id":64904,"date":"2022-03-11T12:21:23","date_gmt":"2022-03-11T10:21:23","guid":{"rendered":"https:\/\/cafesnovell.com\/?page_id=64904"},"modified":"2022-04-26T11:15:39","modified_gmt":"2022-04-26T09:15:39","slug":"bespoke-blend","status":"publish","type":"page","link":"https:\/\/cafesnovell.com\/ca\/restauracio\/the-roastery\/bespoke-blend\/","title":{"rendered":"Bespoke Blend"},"content":{"rendered":"<div class=\"wpb-content-wrapper\">[vc_section full_width=&#8221;stretch_row&#8221; content_placement=&#8221;middle&#8221; css=&#8221;.vc_custom_1648816447665{background-image: url(https:\/\/cafesnovell.com\/wp-content\/uploads\/2022\/04\/bespoke-blend_mesa-de-trabajo-1-1.jpg?id=65548) !important;background-position: center !important;background-repeat: no-repeat !important;background-size: cover !important;}&#8221;][vc_row visibility=&#8221;hidden-sm&#8221;][vc_column el_class=&#8221;info-container&#8221;][mk_padding_divider size=&#8221;250&#8243; visibility=&#8221;hidden-sm&#8221;][vc_column_text css=&#8221;.vc_custom_1648816393190{margin-bottom: 24px !important;}&#8221;]BESPOKE BLEND[\/vc_column_text][\/vc_column][\/vc_row][\/vc_section][vc_section el_class=&#8221;section-text&#8221; css=&#8221;.vc_custom_1568031391549{padding-bottom: 15px !important;}&#8221;][vc_row][vc_column][mk_padding_divider size=&#8221;75&#8243; visibility=&#8221;visible-sm&#8221;][\/vc_column][\/vc_row][vc_row][vc_column width=&#8221;1\/4&#8243;][vc_single_image image=&#8221;65425&#8243; img_size=&#8221;&#8221;][\/vc_column][vc_column width=&#8221;3\/4&#8243;][mk_padding_divider size=&#8221;50&#8243; visibility=&#8221;hidden-sm&#8221;][vc_column_text visibility=&#8221;visible-sm&#8221; css=&#8221;.vc_custom_1648818780811{margin-bottom: 24px !important;}&#8221;]\n<p><span style=\"color: #000000; font-size: 28px;\">BESPOKE BLEND<\/span><\/p>\n[\/vc_column_text][vc_column_text css=&#8221;.vc_custom_1650964172035{margin-bottom: 0px !important;padding-left: 0px !important;}&#8221;]<span style=\"font-size: 22px;\">Equilibrat maridatge format per 3 caf\u00e8s d&#8217;especialitat, acuradament seleccionats pel nostre QGrader.<\/span><\/p>\n<p><span style=\"font-size: 22px;\">La seva corba de torrat \u00fanica li aporta al blend la suavitat, el cos, l&#8217;acidesa i la dol\u00e7or especials que defineixen la tassa THE ROASTERY.<\/span><\/p>\n<p><span style=\"font-size: 22px;\"><b>Nota de tast:<\/b> Caf\u00e8 amb notes de mel de flors, crema de cacau i vainilla, pas en boca amb final dol\u00e7 i agradable, amb un toc de c\u00edtric i coriandre.<\/span>[\/vc_column_text][\/vc_column][\/vc_row][\/vc_section][vc_row css=&#8221;.vc_custom_1648817357152{margin-bottom: 44px !important;border-top-width: 1px !important;border-right-width: 1px !important;border-bottom-width: 1px !important;border-left-width: 1px !important;border-left-color: #cccccc !important;border-left-style: solid !important;border-right-color: #cccccc !important;border-right-style: solid !important;border-top-color: #cccccc !important;border-top-style: solid !important;border-bottom-color: #cccccc !important;border-bottom-style: solid !important;}&#8221;][vc_column width=&#8221;1\/4&#8243; css=&#8221;.vc_custom_1648817391902{padding-top: 38px !important;}&#8221;][vc_single_image image=&#8221;65560&#8243; img_size=&#8221;&#8221;][\/vc_column][vc_column width=&#8221;3\/4&#8243; css=&#8221;.vc_custom_1648817325436{padding-top: 38px !important;}&#8221;][vc_row_inner][vc_column_inner][vc_column_text css=&#8221;.vc_custom_1650964184757{margin-bottom: 0px !important;}&#8221;]<span style=\"color: #000000; font-size: 22px;\"><b>HUILA CARACOLILLO<\/b> | COL\u00d2MBIA<\/span>[\/vc_column_text][\/vc_column_inner][\/vc_row_inner][vc_row_inner][vc_column_inner width=&#8221;1\/4&#8243;][vc_column_text css=&#8221;.vc_custom_1650964207245{margin-bottom: 0px !important;}&#8221;]<b>FINCA:<\/b> Coop. Cadefihuila<br \/>\n<b>PROC\u00c9S:<\/b> Rentat<br \/>\n<b>VARIETAT:<\/b> Caturra, Castillo &amp; Col\u00f2mbia<br \/>\n<b>PUNTUACI\u00d3: 84<\/b>[\/vc_column_text][\/vc_column_inner][vc_column_inner width=&#8221;3\/4&#8243;][vc_column_text css=&#8221;.vc_custom_1650964337921{margin-bottom: 0px !important;}&#8221;]La Cooperativa Cadefihuila va n\u00e9ixer l&#8217;any 1963 amb l&#8217;objectiu d&#8217;agrupar els petits caficultors locals de la zona de Huila per millorar les condicions de producci\u00f3 i comercialitzaci\u00f3 dels seus caf\u00e8s.<br \/>\nHuila \u00e9s una regi\u00f3 al sud de l&#8217;eix cafeter colombi\u00e0, que en els darrers anys s&#8217;ha especialitzat en el cultiu de caf\u00e8s d&#8217;especialitat aplicant pr\u00e0ctiques d&#8217;agricultura sostenible i ecol\u00f2gica.[\/vc_column_text][\/vc_column_inner][\/vc_row_inner][\/vc_column][\/vc_row][vc_row css=&#8221;.vc_custom_1648817357152{margin-bottom: 44px !important;border-top-width: 1px !important;border-right-width: 1px !important;border-bottom-width: 1px !important;border-left-width: 1px !important;border-left-color: #cccccc !important;border-left-style: solid !important;border-right-color: #cccccc !important;border-right-style: solid !important;border-top-color: #cccccc !important;border-top-style: solid !important;border-bottom-color: #cccccc !important;border-bottom-style: solid !important;}&#8221;][vc_column width=&#8221;1\/4&#8243; css=&#8221;.vc_custom_1648817391902{padding-top: 38px !important;}&#8221;][vc_single_image image=&#8221;65564&#8243; img_size=&#8221;&#8221;][\/vc_column][vc_column width=&#8221;3\/4&#8243; css=&#8221;.vc_custom_1648817325436{padding-top: 38px !important;}&#8221;][vc_row_inner][vc_column_inner][vc_column_text css=&#8221;.vc_custom_1650964347326{margin-bottom: 0px !important;}&#8221;]<span style=\"color: #000000; font-size: 22px;\"><b>YIRGACHEFFE<\/b> | ETI\u00d2PIA<\/span>[\/vc_column_text][\/vc_column_inner][\/vc_row_inner][vc_row_inner][vc_column_inner width=&#8221;1\/4&#8243;][vc_column_text css=&#8221;.vc_custom_1650964370542{margin-bottom: 0px !important;}&#8221;]<b>FINCA:<\/b> Dep. de Sidama<br \/>\n<b>PROC\u00c9S:<\/b> Rentat<br \/>\n<b>VARIETAT:<\/b> Ar\u00e0bica Aut\u00f2ctona<br \/>\n<b>PUNTUACI\u00d3: 88,75<\/b>[\/vc_column_text][\/vc_column_inner][vc_column_inner width=&#8221;3\/4&#8243;][vc_column_text css=&#8221;.vc_custom_1650964413718{margin-bottom: 0px !important;}&#8221;]Yirgacheffe \u00e9s un poble, una regi\u00f3, i tota una refer\u00e8ncia de caf\u00e8 de qualitat: nom\u00e9s nomenar-ho infon un gran respecte entre els cafeters m\u00e9s entesos. Els lots d&#8217;aquesta regi\u00f3 s\u00f3n dels m\u00e9s disputats pels compradors i els m\u00e9s esperats per als experts tastadors.<br \/>\nEn aquesta regi\u00f3 es conreen m\u00e9s de 1000 varietats de caf\u00e8, aprofitant les terres vermelles que generen una riquesa organol\u00e8ptica en tassa excepcional.[\/vc_column_text][\/vc_column_inner][\/vc_row_inner][\/vc_column][\/vc_row][vc_row css=&#8221;.vc_custom_1648817357152{margin-bottom: 44px !important;border-top-width: 1px !important;border-right-width: 1px !important;border-bottom-width: 1px !important;border-left-width: 1px !important;border-left-color: #cccccc !important;border-left-style: solid !important;border-right-color: #cccccc !important;border-right-style: solid !important;border-top-color: #cccccc !important;border-top-style: solid !important;border-bottom-color: #cccccc !important;border-bottom-style: solid !important;}&#8221;][vc_column width=&#8221;1\/4&#8243; css=&#8221;.vc_custom_1648817391902{padding-top: 38px !important;}&#8221;][vc_single_image image=&#8221;65556&#8243; img_size=&#8221;&#8221;][\/vc_column][vc_column width=&#8221;3\/4&#8243; css=&#8221;.vc_custom_1648817325436{padding-top: 38px !important;}&#8221;][vc_row_inner][vc_column_inner][vc_column_text css=&#8221;.vc_custom_1650964422046{margin-bottom: 0px !important;}&#8221;]<span style=\"color: #000000; font-size: 22px;\"><b>CALDAS<\/b> | COL\u00d2MBIA<\/span>[\/vc_column_text][\/vc_column_inner][\/vc_row_inner][vc_row_inner][vc_column_inner width=&#8221;1\/4&#8243;][vc_column_text css=&#8221;.vc_custom_1650964439414{margin-bottom: 0px !important;}&#8221;]<b>FINCA:<\/b> La Guamera<br \/>\n<b>PROC\u00c9S:<\/b> Rentat<br \/>\n<b>VARIETAT:<\/b> Caturra &amp; Castillo<br \/>\n<b>PUNTUACI\u00d3: 84,50<\/b>[\/vc_column_text][\/vc_column_inner][vc_column_inner width=&#8221;3\/4&#8243;][vc_column_text css=&#8221;.vc_custom_1650964511662{margin-bottom: 0px !important;}&#8221;]La Finca de la Guamera es troba a Villamaria, Departament de Caldas, en el centre de l&#8217;eix cafeter m\u00e9s important de Col\u00f2mbia.<\/p>\n<p>Des de fa m\u00e9s de 35 anys, la fam\u00edlia Mu\u00f1oz gestiona aquesta preciosa hacienda i produeix caf\u00e8s suaus de qualitat, matisats amb els rics sabors i aromes que aporten les muntanyes colombianes.[\/vc_column_text][\/vc_column_inner][\/vc_row_inner][\/vc_column][\/vc_row][vc_row][vc_column][mk_button dimension=&#8221;flat&#8221; size=&#8221;large&#8221; url=&#8221;https:\/\/cafesnovell.com\/restauracion\/theroastery\/single-origins\/&#8221; align=&#8221;center&#8221;]VEURE ELS SINGLE ORIGIN[\/mk_button][\/vc_column][\/vc_row]\n<\/div>","protected":false},"excerpt":{"rendered":"<p>[vc_section full_width=&#8221;stretch_row&#8221; content_placement=&#8221;middle&#8221; css=&#8221;.vc_custom_1648816447665{background-image: url(https:\/\/cafesnovell.com\/wp-content\/uploads\/2022\/04\/bespoke-blend_mesa-de-trabajo-1-1.jpg?id=65548) !important;background-position: center !important;background-repeat: no-repeat !important;background-size: cover !important;}&#8221;][vc_row visibility=&#8221;hidden-sm&#8221;][vc_column el_class=&#8221;info-container&#8221;][mk_padding_divider size=&#8221;250&#8243; visibility=&#8221;hidden-sm&#8221;][vc_column_text css=&#8221;.vc_custom_1648816393190{margin-bottom: 24px !important;}&#8221;]BESPOKE BLEND[\/vc_column_text][\/vc_column][\/vc_row][\/vc_section][vc_section el_class=&#8221;section-text&#8221; css=&#8221;.vc_custom_1568031391549{padding-bottom: 15px !important;}&#8221;][vc_row][vc_column][mk_padding_divider size=&#8221;75&#8243; visibility=&#8221;visible-sm&#8221;][\/vc_column][\/vc_row][vc_row][vc_column width=&#8221;1\/4&#8243;][vc_single_image image=&#8221;65425&#8243; img_size=&#8221;&#8221;][\/vc_column][vc_column width=&#8221;3\/4&#8243;][mk_padding_divider size=&#8221;50&#8243; visibility=&#8221;hidden-sm&#8221;][vc_column_text visibility=&#8221;visible-sm&#8221; css=&#8221;.vc_custom_1648818780811{margin-bottom: 24px !important;}&#8221;] BESPOKE BLEND [\/vc_column_text][vc_column_text css=&#8221;.vc_custom_1650964172035{margin-bottom: 0px !important;padding-left: 0px !important;}&#8221;]Equilibrat maridatge format per 3 caf\u00e8s d&#8217;especialitat, acuradament seleccionats pel nostre QGrader. [&hellip;]<\/p>\n","protected":false},"author":36,"featured_media":0,"parent":64893,"menu_order":0,"comment_status":"closed","ping_status":"closed","template":"","meta":{"_acf_changed":false,"content-type":"","footnotes":""},"class_list":["post-64904","page","type-page","status-publish","hentry"],"acf":[],"yoast_head":"<!-- This site is optimized with the Yoast SEO plugin v27.3 - https:\/\/yoast.com\/product\/yoast-seo-wordpress\/ -->\n<title>Caf\u00e9s Novell - Caf\u00e9s para bares, cafeter\u00edas y restaurantes<\/title>\n<meta name=\"description\" content=\"Los mejores caf\u00e9s para profesionales, bares y cafeterias. Caf\u00e9 gourmet certificado es un caf\u00e9 con una cuidada selecci\u00f3n, importaci\u00f3n y tueste. Caf\u00e9s de gama alta y de calidad y ecol\u00f3gico. Novell premium coffee, \u00e9 il caffe, ecqlogic, caf\u00e9 de finca\" \/>\n<meta name=\"robots\" content=\"index, follow, max-snippet:-1, max-image-preview:large, max-video-preview:-1\" \/>\n<link rel=\"canonical\" href=\"https:\/\/cafesnovell.com\/ca\/restauracio\/the-roastery\/bespoke-blend\/\" \/>\n<meta property=\"og:locale\" content=\"ca_ES\" \/>\n<meta property=\"og:type\" content=\"article\" \/>\n<meta property=\"og:title\" content=\"Caf\u00e9s Novell - Caf\u00e9s para bares, cafeter\u00edas y restaurantes\" \/>\n<meta property=\"og:description\" content=\"Los mejores caf\u00e9s para profesionales, bares y cafeterias. Caf\u00e9 gourmet certificado es un caf\u00e9 con una cuidada selecci\u00f3n, importaci\u00f3n y tueste. Caf\u00e9s de gama alta y de calidad y ecol\u00f3gico. Novell premium coffee, \u00e9 il caffe, ecqlogic, caf\u00e9 de finca\" \/>\n<meta property=\"og:url\" content=\"https:\/\/cafesnovell.com\/ca\/restauracio\/the-roastery\/bespoke-blend\/\" \/>\n<meta property=\"og:site_name\" content=\"Caf\u00e8s Novell\" \/>\n<meta property=\"article:modified_time\" content=\"2022-04-26T09:15:39+00:00\" \/>\n<meta name=\"twitter:card\" content=\"summary_large_image\" \/>\n<meta name=\"twitter:label1\" content=\"Temps estimat de lectura\" \/>\n\t<meta name=\"twitter:data1\" content=\"3 minuts\" \/>\n<script type=\"application\/ld+json\" class=\"yoast-schema-graph\">{\"@context\":\"https:\\\/\\\/schema.org\",\"@graph\":[{\"@type\":\"WebPage\",\"@id\":\"https:\\\/\\\/cafesnovell.com\\\/ca\\\/restauracio\\\/the-roastery\\\/bespoke-blend\\\/\",\"url\":\"https:\\\/\\\/cafesnovell.com\\\/ca\\\/restauracio\\\/the-roastery\\\/bespoke-blend\\\/\",\"name\":\"Caf\u00e9s Novell - Caf\u00e9s para bares, cafeter\u00edas y restaurantes\",\"isPartOf\":{\"@id\":\"https:\\\/\\\/cafesnovell.com\\\/ca\\\/#website\"},\"datePublished\":\"2022-03-11T10:21:23+00:00\",\"dateModified\":\"2022-04-26T09:15:39+00:00\",\"description\":\"Los mejores caf\u00e9s para profesionales, bares y cafeterias. Caf\u00e9 gourmet certificado es un caf\u00e9 con una cuidada selecci\u00f3n, importaci\u00f3n y tueste. Caf\u00e9s de gama alta y de calidad y ecol\u00f3gico. Novell premium coffee, \u00e9 il caffe, ecqlogic, caf\u00e9 de finca\",\"breadcrumb\":{\"@id\":\"https:\\\/\\\/cafesnovell.com\\\/ca\\\/restauracio\\\/the-roastery\\\/bespoke-blend\\\/#breadcrumb\"},\"inLanguage\":\"ca\",\"potentialAction\":[{\"@type\":\"ReadAction\",\"target\":[\"https:\\\/\\\/cafesnovell.com\\\/ca\\\/restauracio\\\/the-roastery\\\/bespoke-blend\\\/\"]}]},{\"@type\":\"BreadcrumbList\",\"@id\":\"https:\\\/\\\/cafesnovell.com\\\/ca\\\/restauracio\\\/the-roastery\\\/bespoke-blend\\\/#breadcrumb\",\"itemListElement\":[{\"@type\":\"ListItem\",\"position\":1,\"name\":\"Inici\",\"item\":\"https:\\\/\\\/cafesnovell.com\\\/ca\\\/\"},{\"@type\":\"ListItem\",\"position\":2,\"name\":\"Restauraci\u00f3\",\"item\":\"https:\\\/\\\/cafesnovell.com\\\/ca\\\/restauracio\\\/\"},{\"@type\":\"ListItem\",\"position\":3,\"name\":\"The Roastery\",\"item\":\"https:\\\/\\\/cafesnovell.com\\\/ca\\\/restauracio\\\/the-roastery\\\/\"},{\"@type\":\"ListItem\",\"position\":4,\"name\":\"Bespoke Blend\"}]},{\"@type\":\"WebSite\",\"@id\":\"https:\\\/\\\/cafesnovell.com\\\/ca\\\/#website\",\"url\":\"https:\\\/\\\/cafesnovell.com\\\/ca\\\/\",\"name\":\"Caf\u00e8s Novell\",\"description\":\"Organic Premium Coffee\",\"potentialAction\":[{\"@type\":\"SearchAction\",\"target\":{\"@type\":\"EntryPoint\",\"urlTemplate\":\"https:\\\/\\\/cafesnovell.com\\\/ca\\\/?s={search_term_string}\"},\"query-input\":{\"@type\":\"PropertyValueSpecification\",\"valueRequired\":true,\"valueName\":\"search_term_string\"}}],\"inLanguage\":\"ca\"}]}<\/script>\n<!-- \/ Yoast SEO plugin. -->","yoast_head_json":{"title":"Caf\u00e9s Novell - Caf\u00e9s para bares, cafeter\u00edas y restaurantes","description":"Los mejores caf\u00e9s para profesionales, bares y cafeterias. Caf\u00e9 gourmet certificado es un caf\u00e9 con una cuidada selecci\u00f3n, importaci\u00f3n y tueste. Caf\u00e9s de gama alta y de calidad y ecol\u00f3gico. Novell premium coffee, \u00e9 il caffe, ecqlogic, caf\u00e9 de finca","robots":{"index":"index","follow":"follow","max-snippet":"max-snippet:-1","max-image-preview":"max-image-preview:large","max-video-preview":"max-video-preview:-1"},"canonical":"https:\/\/cafesnovell.com\/ca\/restauracio\/the-roastery\/bespoke-blend\/","og_locale":"ca_ES","og_type":"article","og_title":"Caf\u00e9s Novell - Caf\u00e9s para bares, cafeter\u00edas y restaurantes","og_description":"Los mejores caf\u00e9s para profesionales, bares y cafeterias. Caf\u00e9 gourmet certificado es un caf\u00e9 con una cuidada selecci\u00f3n, importaci\u00f3n y tueste. Caf\u00e9s de gama alta y de calidad y ecol\u00f3gico. Novell premium coffee, \u00e9 il caffe, ecqlogic, caf\u00e9 de finca","og_url":"https:\/\/cafesnovell.com\/ca\/restauracio\/the-roastery\/bespoke-blend\/","og_site_name":"Caf\u00e8s Novell","article_modified_time":"2022-04-26T09:15:39+00:00","twitter_card":"summary_large_image","twitter_misc":{"Temps estimat de lectura":"3 minuts"},"schema":{"@context":"https:\/\/schema.org","@graph":[{"@type":"WebPage","@id":"https:\/\/cafesnovell.com\/ca\/restauracio\/the-roastery\/bespoke-blend\/","url":"https:\/\/cafesnovell.com\/ca\/restauracio\/the-roastery\/bespoke-blend\/","name":"Caf\u00e9s Novell - Caf\u00e9s para bares, cafeter\u00edas y restaurantes","isPartOf":{"@id":"https:\/\/cafesnovell.com\/ca\/#website"},"datePublished":"2022-03-11T10:21:23+00:00","dateModified":"2022-04-26T09:15:39+00:00","description":"Los mejores caf\u00e9s para profesionales, bares y cafeterias. Caf\u00e9 gourmet certificado es un caf\u00e9 con una cuidada selecci\u00f3n, importaci\u00f3n y tueste. Caf\u00e9s de gama alta y de calidad y ecol\u00f3gico. Novell premium coffee, \u00e9 il caffe, ecqlogic, caf\u00e9 de finca","breadcrumb":{"@id":"https:\/\/cafesnovell.com\/ca\/restauracio\/the-roastery\/bespoke-blend\/#breadcrumb"},"inLanguage":"ca","potentialAction":[{"@type":"ReadAction","target":["https:\/\/cafesnovell.com\/ca\/restauracio\/the-roastery\/bespoke-blend\/"]}]},{"@type":"BreadcrumbList","@id":"https:\/\/cafesnovell.com\/ca\/restauracio\/the-roastery\/bespoke-blend\/#breadcrumb","itemListElement":[{"@type":"ListItem","position":1,"name":"Inici","item":"https:\/\/cafesnovell.com\/ca\/"},{"@type":"ListItem","position":2,"name":"Restauraci\u00f3","item":"https:\/\/cafesnovell.com\/ca\/restauracio\/"},{"@type":"ListItem","position":3,"name":"The Roastery","item":"https:\/\/cafesnovell.com\/ca\/restauracio\/the-roastery\/"},{"@type":"ListItem","position":4,"name":"Bespoke Blend"}]},{"@type":"WebSite","@id":"https:\/\/cafesnovell.com\/ca\/#website","url":"https:\/\/cafesnovell.com\/ca\/","name":"Caf\u00e8s Novell","description":"Organic Premium Coffee","potentialAction":[{"@type":"SearchAction","target":{"@type":"EntryPoint","urlTemplate":"https:\/\/cafesnovell.com\/ca\/?s={search_term_string}"},"query-input":{"@type":"PropertyValueSpecification","valueRequired":true,"valueName":"search_term_string"}}],"inLanguage":"ca"}]}},"_links":{"self":[{"href":"https:\/\/cafesnovell.com\/ca\/wp-json\/wp\/v2\/pages\/64904","targetHints":{"allow":["GET"]}}],"collection":[{"href":"https:\/\/cafesnovell.com\/ca\/wp-json\/wp\/v2\/pages"}],"about":[{"href":"https:\/\/cafesnovell.com\/ca\/wp-json\/wp\/v2\/types\/page"}],"author":[{"embeddable":true,"href":"https:\/\/cafesnovell.com\/ca\/wp-json\/wp\/v2\/users\/36"}],"replies":[{"embeddable":true,"href":"https:\/\/cafesnovell.com\/ca\/wp-json\/wp\/v2\/comments?post=64904"}],"version-history":[{"count":0,"href":"https:\/\/cafesnovell.com\/ca\/wp-json\/wp\/v2\/pages\/64904\/revisions"}],"up":[{"embeddable":true,"href":"https:\/\/cafesnovell.com\/ca\/wp-json\/wp\/v2\/pages\/64893"}],"wp:attachment":[{"href":"https:\/\/cafesnovell.com\/ca\/wp-json\/wp\/v2\/media?parent=64904"}],"curies":[{"name":"wp","href":"https:\/\/api.w.org\/{rel}","templated":true}]}}