{"id":64893,"date":"2022-04-01T12:27:20","date_gmt":"2022-04-01T10:27:20","guid":{"rendered":"https:\/\/cafesnovell.com\/?page_id=64893"},"modified":"2025-05-21T15:51:46","modified_gmt":"2025-05-21T13:51:46","slug":"the-roastery","status":"publish","type":"page","link":"https:\/\/cafesnovell.com\/ca\/restauracio\/the-roastery\/","title":{"rendered":"The Roastery"},"content":{"rendered":"<div class=\"wpb-content-wrapper\">[vc_section full_width=&#8221;stretch_row&#8221; content_placement=&#8221;middle&#8221; css=&#8221;.vc_custom_1648475131441{background-image: url(https:\/\/cafesnovell.com\/wp-content\/uploads\/2022\/03\/novell_the_rosatery_10_low_res.jpg?id=65361) !important;background-position: center !important;background-repeat: no-repeat !important;background-size: cover !important;}&#8221;][vc_row][vc_column el_class=&#8221;info-container&#8221;][mk_padding_divider size=&#8221;352&#8243; visibility=&#8221;hidden-sm&#8221;][mk_padding_divider size=&#8221;352&#8243; visibility=&#8221;hidden-sm&#8221;][vc_single_image image=&#8221;65369&#8243; img_size=&#8221;380&#215;107&#8243; css=&#8221;.vc_custom_1648564039508{margin-top: 0px !important;margin-right: 0px !important;margin-bottom: 10px !important;margin-left: 0px !important;border-top-width: 0px !important;border-right-width: 0px !important;border-bottom-width: 0px !important;border-left-width: 0px !important;padding-top: 0px !important;padding-right: 0px !important;padding-bottom: 0px !important;padding-left: 0px !important;}&#8221;][vc_column_text css=&#8221;.vc_custom_1747663519517{margin-top: 80px !important;margin-bottom: 0px !important;border-top-width: 0px !important;border-bottom-width: 0px !important;padding-top: 0px !important;padding-bottom: 0px !important;}&#8221;]\n<p style=\"color: #ffffff; font-size: 20px; line-height: 24px;\">THE ROASTERY \u00e9s un nou concepte de <i>specialty coffee<\/i><br \/>\npensat per a sorprendre&#8217;t a tu i a tots els coffee lovers que arriben al teu negoci.<\/p>\n[\/vc_column_text][vc_column_text css=&#8221;.vc_custom_1747663530812{margin-top: 8px !important;margin-bottom: 60px !important;}&#8221;]\n<p style=\"color: #ffffff; font-size: 20px; line-height: 24px;\">Descobreix el bon gust que se&#8217;t queda quan esculls un PARTNER D&#8217;ESPECIALITAT.<br \/>\nAmb la garantia i experi\u00e8ncia de Caf\u00e8s Novell.<\/p>\n[\/vc_column_text][\/vc_column][\/vc_row][\/vc_section][vc_section el_class=&#8221;section-text&#8221; css=&#8221;.vc_custom_1648478849884{margin-top: 0px !important;margin-bottom: 0px !important;}&#8221;][vc_row css=&#8221;.vc_custom_1648478840932{margin-top: 0px !important;margin-bottom: 0px !important;}&#8221;][vc_column][\/vc_column][\/vc_row][\/vc_section][vc_section full_width=&#8221;stretch_row&#8221; content_placement=&#8221;top&#8221; css=&#8221;.vc_custom_1650966624393{margin-bottom: 20px !important;background-position: center !important;background-repeat: no-repeat !important;background-size: cover !important;}&#8221;][vc_row css=&#8221;.vc_custom_1648566059720{margin-bottom: 0px !important;border-bottom-width: 0px !important;padding-bottom: 0px !important;}&#8221;][vc_column width=&#8221;1\/2&#8243;][vc_column_text css=&#8221;.vc_custom_1648808438712{margin-top: 0px !important;margin-bottom: 0px !important;border-top-width: 0px !important;border-bottom-width: 0px !important;padding-top: 0px !important;padding-bottom: 0px !important;border-top-style: none !important;border-bottom-style: none !important;}&#8221;]<span style=\"color: #aa615f; font-size: 28px;\">QU\u00c8 \u00c9S EL<br \/>\n<b>CAF\u00c8 D&#8217;ESPECIALITAT?<\/b><\/span>[\/vc_column_text][vc_single_image image=&#8221;65389&#8243; img_size=&#8221;100&#215;7&#8243; css=&#8221;.vc_custom_1648481787986{margin-top: 0px !important;margin-bottom: 0px !important;border-top-width: 0px !important;border-bottom-width: 0px !important;padding-top: 0px !important;padding-bottom: 0px !important;}&#8221;][vc_column_text css=&#8221;.vc_custom_1648808413304{margin-bottom: 0px !important;}&#8221;]<span class=\"bold-product\" style=\"color: #000000;\">M\u00c9S DE 80 PUNTS<\/span><br \/>\nCaf\u00e8 amb una puntuaci\u00f3 superior a 80 punts, segons un sistema internacional d&#8217;avaluaci\u00f3 de qualitat per la SCA (<em>Specialty Coffee Association<\/em>).[\/vc_column_text][vc_column_text css=&#8221;.vc_custom_1648808405179{margin-bottom: 0px !important;}&#8221;]<span class=\"bold-product\" style=\"color: #000000;\">VALORAT PER Q-GRADER<\/span><br \/>\nLa valoraci\u00f3 respon a una avaluaci\u00f3 f\u00edsica (abs\u00e8ncia de defectes) i sensorial dels descriptors de la mostra realitzada per tastadors certificats.[\/vc_column_text][vc_column_text css=&#8221;.vc_custom_1648808368680{margin-bottom: 0px !important;}&#8221;]<span class=\"bold-product\" style=\"color: #000000;\">LLIGAT A UN TERRITORI I COLLITA<\/span><br \/>\nEs cultiva en zones privilegiades pel seu clima i ubicaci\u00f3, aplicant les millors pr\u00e0ctiques de processament i d&#8217;emmagatzematge.[\/vc_column_text][vc_single_image image=&#8221;65389&#8243; img_size=&#8221;100&#215;7&#8243; css=&#8221;.vc_custom_1648481787986{margin-top: 0px !important;margin-bottom: 0px !important;border-top-width: 0px !important;border-bottom-width: 0px !important;padding-top: 0px !important;padding-bottom: 0px !important;}&#8221;][vc_column_text css=&#8221;.vc_custom_1648808496074{margin-bottom: 0px !important;}&#8221;]A <span class=\"bold-product\" style=\"color: #000000;\">THE ROASTERY<\/span> entenem que el caf\u00e8 d&#8217;especialitat va m\u00e9s enll\u00e0 de la seva puntuaci\u00f3. Comporta un alt grau de coneixement i cura en tota la cadena de valor, des del caficultor fins al barista.[\/vc_column_text][\/vc_column][vc_column width=&#8221;1\/2&#8243;][vc_single_image image=&#8221;65380&#8243; img_size=&#8221;large&#8221; alignment=&#8221;right&#8221;][\/vc_column][\/vc_row][\/vc_section][vc_row fullwidth=&#8221;true&#8221; fullwidth_content=&#8221;false&#8221; css=&#8221;.vc_custom_1648568816302{margin-bottom: 0px !important;border-bottom-width: 0px !important;padding-top: 50px !important;padding-bottom: 50px !important;background-image: url(https:\/\/cafesnovell.com\/wp-content\/uploads\/2022\/03\/fondo-thr_mesa-de-trabajo-1-scaled.jpg?id=65421) !important;background-position: center !important;background-repeat: no-repeat !important;background-size: cover !important;}&#8221;][vc_column][vc_row_inner css=&#8221;.vc_custom_1648568727490{padding-top: 35px !important;background-color: #ffffff !important;}&#8221;][vc_column_inner][vc_column_text css=&#8221;.vc_custom_1648808506655{margin-bottom: 0px !important;}&#8221;]\n<p style=\"text-align: center;\"><span style=\"color: #000000; font-size: 28px;\">LA NOSTRA <b>GAMMA<\/b><\/span><\/p>\n[\/vc_column_text][\/vc_column_inner][\/vc_row_inner][vc_row_inner css=&#8221;.vc_custom_1648569163897{margin: 0px !important;padding: 0px !important;background-color: #ffffff !important;background-position: 0 0 !important;background-repeat: repeat !important;border: 0px none !important;}&#8221;][vc_column_inner width=&#8221;1\/4&#8243;][vc_single_image image=&#8221;65425&#8243; img_size=&#8221;213&#215;250&#8243; alignment=&#8221;center&#8221;][\/vc_column_inner][vc_column_inner width=&#8221;3\/4&#8243;][vc_column_text css=&#8221;.vc_custom_1648808593675{margin-top: 0px !important;margin-bottom: 0px !important;border-top-width: 0px !important;border-bottom-width: 0px !important;padding-top: 25px !important;padding-bottom: 0px !important;}&#8221;]<span style=\"color: #aa615f; font-size: 22px;\"><b>BESPOKE<\/b> BLEND<\/span><br \/>\n<span style=\"color: #aa615f; font-size: 15px;\">BLEND DE 3 CAF\u00c8S D&#8217;ESPECIALITAT<\/span><br \/>\n<span style=\"line-height: 24px;\">Tassa equilibrada i agradable, amb un toc d&#8217;acidesa que remarca la lleugeresa dels ar\u00e0bics. La seva corba de torrat \u00fanica li aporta al blend la suavitat, el cos, l&#8217;acidesa i la dol\u00e7or especials que defineixen la tassa THE ROASTERY.<\/span>[\/vc_column_text][mk_button dimension=&#8221;flat&#8221; size=&#8221;medium&#8221; url=&#8221;https:\/\/cafesnovell.com\/ca\/restauracio\/the-roastery\/bespoke-blend\/&#8221; bg_color=&#8221;#aa615f&#8221; btn_hover_bg=&#8221;#ffffff&#8221; btn_hover_txt_color=&#8221;#aa615f&#8221;]DESCOBREIX M\u00c9S[\/mk_button][\/vc_column_inner][\/vc_row_inner][vc_row_inner css=&#8221;.vc_custom_1648569109529{margin: 0px !important;padding: 0px !important;background-color: #ffffff !important;background-position: 0 0 !important;background-repeat: no-repeat !important;border: 0px none !important;}&#8221;][vc_column_inner width=&#8221;1\/4&#8243;][vc_single_image image=&#8221;65429&#8243; img_size=&#8221;213&#215;250&#8243; alignment=&#8221;center&#8221;][\/vc_column_inner][vc_column_inner width=&#8221;3\/4&#8243;][vc_column_text css=&#8221;.vc_custom_1742229778392{margin-top: 0px !important;margin-bottom: 0px !important;border-top-width: 0px !important;border-bottom-width: 0px !important;padding-top: 25px !important;padding-bottom: 0px !important;}&#8221;]<span style=\"color: #a1967e; font-size: 22px;\">SINGLE <b>ORIGIN<\/b><\/span><br \/>\n<span style=\"color: #a1967e; font-size: 15px;\">CAF\u00c8S D&#8217;ORIGEN<\/span><br \/>\nLa gamma rotativa Single Origin de THE ROASTERY \u00e9s una selecci\u00f3 especialment pensada per amants del caf\u00e8 que gaudeixen desxifrant els matisos de cada origen amb micro-lots exclusius de puntuaci\u00f3 extraordin\u00e0ria. Pr\u00f2xims or\u00edgens: Finca Magnolia (Guatemala), Finca Santa B\u00e0rbara (Col\u00f2mbia) i Petits Productors Alta Mogiana (Brazil).[\/vc_column_text][mk_button dimension=&#8221;flat&#8221; size=&#8221;medium&#8221; bg_color=&#8221;#a1967e&#8221; btn_hover_bg=&#8221;#ffffff&#8221; btn_hover_txt_color=&#8221;#a1967e&#8221;]DESCOBREIX M\u00c9S[\/mk_button][\/vc_column_inner][\/vc_row_inner][\/vc_column][\/vc_row][vc_row fullwidth=&#8221;true&#8221; fullwidth_content=&#8221;false&#8221; css=&#8221;.vc_custom_1648805927901{margin-top: 50px !important;margin-bottom: 50px !important;background-color: #ffffff !important;background-position: center !important;background-repeat: no-repeat !important;background-size: cover !important;}&#8221;][vc_column width=&#8221;3\/4&#8243;][vc_images_carousel images=&#8221;65449,65453,65457&#8243; img_size=&#8221;full&#8221; onclick=&#8221;link_no&#8221; speed=&#8221;3000&#8243; autoplay=&#8221;yes&#8221; wrap=&#8221;yes&#8221;][\/vc_column][vc_column width=&#8221;1\/4&#8243; css=&#8221;.vc_custom_1648806940596{margin-top: 100px !important;}&#8221;][vc_single_image image=&#8221;65528&#8243; img_size=&#8221;500&#215;175&#8243; alignment=&#8221;center&#8221;][vc_column_text css=&#8221;.vc_custom_1648808733345{margin-bottom: 0px !important;}&#8221;]\n<p style=\"text-align: center;\"><span style=\"color: #aa615f; font-size: 22px;\">ESPECIAL<br \/>\nEN TOTS ELS SENTITS<\/span><\/p>\n[\/vc_column_text][\/vc_column][\/vc_row]\n<\/div>","protected":false},"excerpt":{"rendered":"<p>[vc_section full_width=&#8221;stretch_row&#8221; content_placement=&#8221;middle&#8221; css=&#8221;.vc_custom_1648475131441{background-image: url(https:\/\/cafesnovell.com\/wp-content\/uploads\/2022\/03\/novell_the_rosatery_10_low_res.jpg?id=65361) !important;background-position: center !important;background-repeat: no-repeat !important;background-size: cover !important;}&#8221;][vc_row][vc_column el_class=&#8221;info-container&#8221;][mk_padding_divider size=&#8221;352&#8243; visibility=&#8221;hidden-sm&#8221;][mk_padding_divider size=&#8221;352&#8243; visibility=&#8221;hidden-sm&#8221;][vc_single_image image=&#8221;65369&#8243; img_size=&#8221;380&#215;107&#8243; css=&#8221;.vc_custom_1648564039508{margin-top: 0px !important;margin-right: 0px !important;margin-bottom: 10px !important;margin-left: 0px !important;border-top-width: 0px !important;border-right-width: 0px !important;border-bottom-width: 0px !important;border-left-width: 0px !important;padding-top: 0px !important;padding-right: 0px !important;padding-bottom: 0px !important;padding-left: 0px !important;}&#8221;][vc_column_text css=&#8221;.vc_custom_1747663519517{margin-top: 80px !important;margin-bottom: 0px !important;border-top-width: 0px !important;border-bottom-width: 0px !important;padding-top: 0px !important;padding-bottom: [&hellip;]<\/p>\n","protected":false},"author":36,"featured_media":0,"parent":106878,"menu_order":0,"comment_status":"closed","ping_status":"closed","template":"","meta":{"_acf_changed":false,"content-type":"","footnotes":""},"class_list":["post-64893","page","type-page","status-publish","hentry"],"acf":[],"yoast_head":"<!-- This site is optimized with the Yoast SEO plugin v27.3 - https:\/\/yoast.com\/product\/yoast-seo-wordpress\/ -->\n<title>Caf\u00e9s Novell - Caf\u00e9s para bares, cafeter\u00edas y restaurantes<\/title>\n<meta name=\"description\" content=\"Los mejores caf\u00e9s para profesionales, bares y cafeterias. Caf\u00e9 gourmet certificado es un caf\u00e9 con una cuidada selecci\u00f3n, importaci\u00f3n y tueste. Caf\u00e9s de gama alta y de calidad y ecol\u00f3gico. Novell premium coffee, \u00e9 il caffe, ecqlogic, caf\u00e9 de finca\" \/>\n<meta name=\"robots\" content=\"index, follow, max-snippet:-1, max-image-preview:large, max-video-preview:-1\" \/>\n<link rel=\"canonical\" href=\"https:\/\/cafesnovell.com\/ca\/restauracio\/the-roastery\/\" \/>\n<meta property=\"og:locale\" content=\"ca_ES\" \/>\n<meta property=\"og:type\" content=\"article\" \/>\n<meta property=\"og:title\" content=\"Caf\u00e9s Novell - Caf\u00e9s para bares, cafeter\u00edas y restaurantes\" \/>\n<meta property=\"og:description\" content=\"Los mejores caf\u00e9s para profesionales, bares y cafeterias. Caf\u00e9 gourmet certificado es un caf\u00e9 con una cuidada selecci\u00f3n, importaci\u00f3n y tueste. Caf\u00e9s de gama alta y de calidad y ecol\u00f3gico. Novell premium coffee, \u00e9 il caffe, ecqlogic, caf\u00e9 de finca\" \/>\n<meta property=\"og:url\" content=\"https:\/\/cafesnovell.com\/ca\/restauracio\/the-roastery\/\" \/>\n<meta property=\"og:site_name\" content=\"Caf\u00e8s Novell\" \/>\n<meta property=\"article:modified_time\" content=\"2025-05-21T13:51:46+00:00\" \/>\n<meta name=\"twitter:card\" content=\"summary_large_image\" \/>\n<meta name=\"twitter:label1\" content=\"Temps estimat de lectura\" \/>\n\t<meta name=\"twitter:data1\" content=\"3 minuts\" \/>\n<script type=\"application\/ld+json\" class=\"yoast-schema-graph\">{\"@context\":\"https:\\\/\\\/schema.org\",\"@graph\":[{\"@type\":\"WebPage\",\"@id\":\"https:\\\/\\\/cafesnovell.com\\\/ca\\\/restauracio\\\/the-roastery\\\/\",\"url\":\"https:\\\/\\\/cafesnovell.com\\\/ca\\\/restauracio\\\/the-roastery\\\/\",\"name\":\"Caf\u00e9s Novell - Caf\u00e9s para bares, cafeter\u00edas y restaurantes\",\"isPartOf\":{\"@id\":\"https:\\\/\\\/cafesnovell.com\\\/ca\\\/#website\"},\"datePublished\":\"2022-04-01T10:27:20+00:00\",\"dateModified\":\"2025-05-21T13:51:46+00:00\",\"description\":\"Los mejores caf\u00e9s para profesionales, bares y cafeterias. Caf\u00e9 gourmet certificado es un caf\u00e9 con una cuidada selecci\u00f3n, importaci\u00f3n y tueste. Caf\u00e9s de gama alta y de calidad y ecol\u00f3gico. Novell premium coffee, \u00e9 il caffe, ecqlogic, caf\u00e9 de finca\",\"breadcrumb\":{\"@id\":\"https:\\\/\\\/cafesnovell.com\\\/ca\\\/restauracio\\\/the-roastery\\\/#breadcrumb\"},\"inLanguage\":\"ca\",\"potentialAction\":[{\"@type\":\"ReadAction\",\"target\":[\"https:\\\/\\\/cafesnovell.com\\\/ca\\\/restauracio\\\/the-roastery\\\/\"]}]},{\"@type\":\"BreadcrumbList\",\"@id\":\"https:\\\/\\\/cafesnovell.com\\\/ca\\\/restauracio\\\/the-roastery\\\/#breadcrumb\",\"itemListElement\":[{\"@type\":\"ListItem\",\"position\":1,\"name\":\"Inici\",\"item\":\"https:\\\/\\\/cafesnovell.com\\\/ca\\\/\"},{\"@type\":\"ListItem\",\"position\":2,\"name\":\"Restauraci\u00f3\",\"item\":\"https:\\\/\\\/cafesnovell.com\\\/ca\\\/restauracio\\\/\"},{\"@type\":\"ListItem\",\"position\":3,\"name\":\"The Roastery\"}]},{\"@type\":\"WebSite\",\"@id\":\"https:\\\/\\\/cafesnovell.com\\\/ca\\\/#website\",\"url\":\"https:\\\/\\\/cafesnovell.com\\\/ca\\\/\",\"name\":\"Caf\u00e8s Novell\",\"description\":\"Organic Premium Coffee\",\"potentialAction\":[{\"@type\":\"SearchAction\",\"target\":{\"@type\":\"EntryPoint\",\"urlTemplate\":\"https:\\\/\\\/cafesnovell.com\\\/ca\\\/?s={search_term_string}\"},\"query-input\":{\"@type\":\"PropertyValueSpecification\",\"valueRequired\":true,\"valueName\":\"search_term_string\"}}],\"inLanguage\":\"ca\"}]}<\/script>\n<!-- \/ Yoast SEO plugin. -->","yoast_head_json":{"title":"Caf\u00e9s Novell - Caf\u00e9s para bares, cafeter\u00edas y restaurantes","description":"Los mejores caf\u00e9s para profesionales, bares y cafeterias. Caf\u00e9 gourmet certificado es un caf\u00e9 con una cuidada selecci\u00f3n, importaci\u00f3n y tueste. Caf\u00e9s de gama alta y de calidad y ecol\u00f3gico. Novell premium coffee, \u00e9 il caffe, ecqlogic, caf\u00e9 de finca","robots":{"index":"index","follow":"follow","max-snippet":"max-snippet:-1","max-image-preview":"max-image-preview:large","max-video-preview":"max-video-preview:-1"},"canonical":"https:\/\/cafesnovell.com\/ca\/restauracio\/the-roastery\/","og_locale":"ca_ES","og_type":"article","og_title":"Caf\u00e9s Novell - Caf\u00e9s para bares, cafeter\u00edas y restaurantes","og_description":"Los mejores caf\u00e9s para profesionales, bares y cafeterias. Caf\u00e9 gourmet certificado es un caf\u00e9 con una cuidada selecci\u00f3n, importaci\u00f3n y tueste. Caf\u00e9s de gama alta y de calidad y ecol\u00f3gico. Novell premium coffee, \u00e9 il caffe, ecqlogic, caf\u00e9 de finca","og_url":"https:\/\/cafesnovell.com\/ca\/restauracio\/the-roastery\/","og_site_name":"Caf\u00e8s Novell","article_modified_time":"2025-05-21T13:51:46+00:00","twitter_card":"summary_large_image","twitter_misc":{"Temps estimat de lectura":"3 minuts"},"schema":{"@context":"https:\/\/schema.org","@graph":[{"@type":"WebPage","@id":"https:\/\/cafesnovell.com\/ca\/restauracio\/the-roastery\/","url":"https:\/\/cafesnovell.com\/ca\/restauracio\/the-roastery\/","name":"Caf\u00e9s Novell - Caf\u00e9s para bares, cafeter\u00edas y restaurantes","isPartOf":{"@id":"https:\/\/cafesnovell.com\/ca\/#website"},"datePublished":"2022-04-01T10:27:20+00:00","dateModified":"2025-05-21T13:51:46+00:00","description":"Los mejores caf\u00e9s para profesionales, bares y cafeterias. Caf\u00e9 gourmet certificado es un caf\u00e9 con una cuidada selecci\u00f3n, importaci\u00f3n y tueste. Caf\u00e9s de gama alta y de calidad y ecol\u00f3gico. Novell premium coffee, \u00e9 il caffe, ecqlogic, caf\u00e9 de finca","breadcrumb":{"@id":"https:\/\/cafesnovell.com\/ca\/restauracio\/the-roastery\/#breadcrumb"},"inLanguage":"ca","potentialAction":[{"@type":"ReadAction","target":["https:\/\/cafesnovell.com\/ca\/restauracio\/the-roastery\/"]}]},{"@type":"BreadcrumbList","@id":"https:\/\/cafesnovell.com\/ca\/restauracio\/the-roastery\/#breadcrumb","itemListElement":[{"@type":"ListItem","position":1,"name":"Inici","item":"https:\/\/cafesnovell.com\/ca\/"},{"@type":"ListItem","position":2,"name":"Restauraci\u00f3","item":"https:\/\/cafesnovell.com\/ca\/restauracio\/"},{"@type":"ListItem","position":3,"name":"The Roastery"}]},{"@type":"WebSite","@id":"https:\/\/cafesnovell.com\/ca\/#website","url":"https:\/\/cafesnovell.com\/ca\/","name":"Caf\u00e8s Novell","description":"Organic Premium Coffee","potentialAction":[{"@type":"SearchAction","target":{"@type":"EntryPoint","urlTemplate":"https:\/\/cafesnovell.com\/ca\/?s={search_term_string}"},"query-input":{"@type":"PropertyValueSpecification","valueRequired":true,"valueName":"search_term_string"}}],"inLanguage":"ca"}]}},"_links":{"self":[{"href":"https:\/\/cafesnovell.com\/ca\/wp-json\/wp\/v2\/pages\/64893","targetHints":{"allow":["GET"]}}],"collection":[{"href":"https:\/\/cafesnovell.com\/ca\/wp-json\/wp\/v2\/pages"}],"about":[{"href":"https:\/\/cafesnovell.com\/ca\/wp-json\/wp\/v2\/types\/page"}],"author":[{"embeddable":true,"href":"https:\/\/cafesnovell.com\/ca\/wp-json\/wp\/v2\/users\/36"}],"replies":[{"embeddable":true,"href":"https:\/\/cafesnovell.com\/ca\/wp-json\/wp\/v2\/comments?post=64893"}],"version-history":[{"count":0,"href":"https:\/\/cafesnovell.com\/ca\/wp-json\/wp\/v2\/pages\/64893\/revisions"}],"up":[{"embeddable":true,"href":"https:\/\/cafesnovell.com\/ca\/wp-json\/wp\/v2\/pages\/106878"}],"wp:attachment":[{"href":"https:\/\/cafesnovell.com\/ca\/wp-json\/wp\/v2\/media?parent=64893"}],"curies":[{"name":"wp","href":"https:\/\/api.w.org\/{rel}","templated":true}]}}