{"id":34750,"date":"2020-10-19T10:54:26","date_gmt":"2020-10-19T09:54:26","guid":{"rendered":"https:\/\/cafesnovell.com\/?page_id=34750"},"modified":"2020-12-01T19:41:52","modified_gmt":"2020-12-01T18:41:52","slug":"cafe-en-gra-residu-zero","status":"publish","type":"page","link":"https:\/\/cafesnovell.com\/ca\/a-casa\/cafe-en-gra-residu-zero\/","title":{"rendered":"Caf\u00e8 En Gra Residu Zero"},"content":{"rendered":"<div class=\"wpb-content-wrapper\">[vc_section full_width=&#8221;stretch_row&#8221; css=&#8221;.vc_custom_1570707700773{background-image: url(https:\/\/cafesnovell.com\/wp-content\/uploads\/2019\/10\/header-espresso.jpg?id=6815) !important;background-position: center !important;background-repeat: no-repeat !important;background-size: cover !important;}&#8221;][vc_row fullwidth=&#8221;true&#8221;][vc_column width=&#8221;11\/12&#8243; css=&#8221;.vc_custom_1569403557803{margin-left: 50px !important;padding-top: 34px !important;padding-bottom: 7px !important;}&#8221;][vc_column_text css=&#8221;.vc_custom_1566455960095{margin-bottom: 0px !important;}&#8221;]\n<p>PRODUCTES NOVELL<\/p>\n[\/vc_column_text][\/vc_column][vc_column width=&#8221;1\/12&#8243;][\/vc_column][\/vc_row][\/vc_section][vc_section full_width=&#8221;stretch_row&#8221; el_class=&#8221;section-products&#8221;][vc_row css=&#8221;.vc_custom_1566476184856{margin-bottom: 44px !important;border-top-width: 1px !important;border-right-width: 1px !important;border-bottom-width: 1px !important;border-left-width: 1px !important;border-left-color: #cccccc !important;border-left-style: solid !important;border-right-color: #cccccc !important;border-right-style: solid !important;border-top-color: #cccccc !important;border-top-style: solid !important;border-bottom-color: #cccccc !important;border-bottom-style: solid !important;}&#8221;][vc_column width=&#8221;1\/6&#8243;][mk_padding_divider size=&#8221;200&#8243; visibility=&#8221;visible-tl&#8221;][vc_single_image image=&#8221;34706&#8243; img_size=&#8221;full&#8221; alignment=&#8221;center&#8221; css=&#8221;.vc_custom_1585327673564{margin-top: 40px !important;}&#8221;][\/vc_column][vc_column width=&#8221;7\/12&#8243; css=&#8221;.vc_custom_1566474278978{padding-top: 38px !important;}&#8221;][vc_column_text css=&#8221;.vc_custom_1570616881920{margin-bottom: 0px !important;}&#8221;]\n<h3>INTENSO<\/h3>\n[\/vc_column_text][vc_column_text css=&#8221;.vc_custom_1603101936775{margin-bottom: 0px !important;}&#8221;]Caf\u00e8 org\u00e0nic en gra de torrat natural, amb env\u00e0s 100% COMPOSTABLE (bossa i v\u00e0lvula).<\/p>\n<p>La varietat Intenso presenta un <em>blend<\/em> de caf\u00e8s ar\u00e0bics i robusta en el seu punt \u00f2ptim de torrat, el qual proporciona una tassa d\u2019espresso dol\u00e7a per\u00f2 intensa. Les c\u00e0lides notes de xocolata i vainilla donen estructura a una tassa amb marcat accent itali\u00e0.<\/p>\n<p>La tassa perfecta pels amants del caf\u00e8 sol.<\/p>\n<p>Disponible tamb\u00e9 en format de caf\u00e8 m\u00f2lt.[\/vc_column_text][vc_single_image image=&#8221;3588&#8243; img_size=&#8221;full&#8221; el_class=&#8221;cert-cafe&#8221;][vc_single_image image=&#8221;6442&#8243; img_size=&#8221;full&#8221; el_class=&#8221;cert-cafe&#8221;][vc_single_image image=&#8221;33521&#8243; img_size=&#8221;120&#215;60&#8243; el_class=&#8221;cert-cafe&#8221;][vc_btn title=&#8221;COMPRAR&#8221; shape=&#8221;square&#8221; color=&#8221;default&#8221; link=&#8221;url:https%3A%2F%2Fcafesnovell.com%2Fca%2Fproducto%2Fcafe-gra-intenso-residu-0%2F|title:Caf%C3%A8%20En%20Gra%20Residu%200%20-%20Intenso||&#8221;][\/vc_column][vc_column width=&#8221;1\/4&#8243; css=&#8221;.vc_custom_1570617130847{padding-top: 33px !important;}&#8221;][mk_padding_divider size=&#8221;60&#8243; visibility=&#8221;visible-tl&#8221;][vc_single_image image=&#8221;10709&#8243; img_size=&#8221;full&#8221; alignment=&#8221;center&#8221;][\/vc_column][\/vc_row][vc_row css=&#8221;.vc_custom_1566476184856{margin-bottom: 44px !important;border-top-width: 1px !important;border-right-width: 1px !important;border-bottom-width: 1px !important;border-left-width: 1px !important;border-left-color: #cccccc !important;border-left-style: solid !important;border-right-color: #cccccc !important;border-right-style: solid !important;border-top-color: #cccccc !important;border-top-style: solid !important;border-bottom-color: #cccccc !important;border-bottom-style: solid !important;}&#8221;][vc_column width=&#8221;1\/6&#8243;][mk_padding_divider size=&#8221;50&#8243; visibility=&#8221;visible-tl&#8221;][vc_single_image image=&#8221;34714&#8243; img_size=&#8221;full&#8221; alignment=&#8221;center&#8221; css=&#8221;.vc_custom_1585327686388{margin-top: 40px !important;}&#8221;][\/vc_column][vc_column width=&#8221;7\/12&#8243; css=&#8221;.vc_custom_1566474278978{padding-top: 38px !important;}&#8221;][vc_column_text css=&#8221;.vc_custom_1570617460321{margin-bottom: 0px !important;}&#8221;]\n<h3>CREMOSO<\/h3>\n[\/vc_column_text][vc_column_text css=&#8221;.vc_custom_1603101978619{margin-bottom: 0px !important;}&#8221;]Caf\u00e8 org\u00e0nic en gra de torrat natural, amb env\u00e0s 100% COMPOSTABLE (bossa i v\u00e0lvula).<\/p>\n<p>La varietat Cremoso presenta una composici\u00f3 d\u2019intensitat i cremositat persistent fins a l\u2019\u00faltim glop. Un espresso que ens omple de cafe\u00efna, vigor, for\u00e7a i energia, amb aromes de cedre i camamilla i notes en boca de pa torrat, cacauets i regal\u00e8ssia.<\/p>\n<p>Un caf\u00e8 dedicat als que no volen quedar-se adormits i especialment recomanat pels amants del caf\u00e8 amb llet.<\/p>\n<p>Disponible tamb\u00e9 en format de caf\u00e8 m\u00f2lt.[\/vc_column_text][vc_single_image image=&#8221;3588&#8243; img_size=&#8221;full&#8221; el_class=&#8221;cert-cafe&#8221;][vc_single_image image=&#8221;6442&#8243; img_size=&#8221;full&#8221; el_class=&#8221;cert-cafe&#8221;][vc_single_image image=&#8221;33521&#8243; img_size=&#8221;120&#215;60&#8243; el_class=&#8221;cert-cafe&#8221;][vc_btn title=&#8221;COMPRAR&#8221; shape=&#8221;square&#8221; color=&#8221;default&#8221; link=&#8221;url:https%3A%2F%2Fcafesnovell.com%2Fca%2Fproducto%2Fcafe-gra-cremoso-residu-0%2F|title:Caf%C3%A8%20En%20Gra%20Residu%200%20-%20Cremoso||&#8221;][\/vc_column][vc_column width=&#8221;1\/4&#8243; css=&#8221;.vc_custom_1570617130847{padding-top: 33px !important;}&#8221;][mk_padding_divider size=&#8221;60&#8243; visibility=&#8221;visible-tl&#8221;][vc_single_image image=&#8221;10713&#8243; img_size=&#8221;full&#8221; alignment=&#8221;center&#8221;][\/vc_column][\/vc_row][vc_row css=&#8221;.vc_custom_1566476184856{margin-bottom: 44px !important;border-top-width: 1px !important;border-right-width: 1px !important;border-bottom-width: 1px !important;border-left-width: 1px !important;border-left-color: #cccccc !important;border-left-style: solid !important;border-right-color: #cccccc !important;border-right-style: solid !important;border-top-color: #cccccc !important;border-top-style: solid !important;border-bottom-color: #cccccc !important;border-bottom-style: solid !important;}&#8221;][vc_column width=&#8221;1\/6&#8243;][mk_padding_divider size=&#8221;50&#8243; visibility=&#8221;visible-tl&#8221;][vc_single_image image=&#8221;34718&#8243; img_size=&#8221;full&#8221; alignment=&#8221;center&#8221; css=&#8221;.vc_custom_1585327696005{margin-top: 40px !important;}&#8221;][\/vc_column][vc_column width=&#8221;7\/12&#8243; css=&#8221;.vc_custom_1566474278978{padding-top: 38px !important;}&#8221;][vc_column_text css=&#8221;.vc_custom_1570617636979{margin-bottom: 0px !important;}&#8221;]\n<h3>PI\u00d9 AROMA<\/h3>\n[\/vc_column_text][vc_column_text css=&#8221;.vc_custom_1603102002872{margin-bottom: 0px !important;}&#8221;]Caf\u00e8 org\u00e0nic en gra de torrat natural, amb env\u00e0s 100% COMPOSTABLE (bossa i v\u00e0lvula).<\/p>\n<p>La varietat Pi\u00f9 Aroma presenta un <em>blend<\/em> de caf\u00e8s ar\u00e0bics org\u00e0nics rentats i naturals, torrats curosament amb l\u2019objectiu de seduir als tastadors de caf\u00e8 m\u00e9s exigents. S\u2019obt\u00e9 una tassa de caf\u00e8 rica en descriptors i baixa en cafe\u00efna. Trobem un aroma floral i afruitat, amb notes de mel, llimona, fruits secs, vainilla i mango en boca.<\/p>\n<p>El sabor tranquil del moment de l\u2019espresso.<\/p>\n<p>Disponible tamb\u00e9 en format de caf\u00e8 m\u00f2lt.[\/vc_column_text][vc_single_image image=&#8221;3588&#8243; img_size=&#8221;full&#8221; el_class=&#8221;cert-cafe&#8221;][vc_single_image image=&#8221;6442&#8243; img_size=&#8221;full&#8221; el_class=&#8221;cert-cafe&#8221;][vc_single_image image=&#8221;33521&#8243; img_size=&#8221;120&#215;60&#8243; el_class=&#8221;cert-cafe&#8221;][vc_btn title=&#8221;COMPRAR&#8221; shape=&#8221;square&#8221; color=&#8221;default&#8221; link=&#8221;url:https%3A%2F%2Fcafesnovell.com%2Fca%2Fproducto%2Fcafe-gra-piu-aroma-residu-0%2F|title:Caf%C3%A8%20En%20Gra%20Residu%200%20-%20Pi%C3%B9%20Aroma||&#8221;][\/vc_column][vc_column width=&#8221;1\/4&#8243; css=&#8221;.vc_custom_1570617130847{padding-top: 33px !important;}&#8221;][mk_padding_divider size=&#8221;60&#8243; visibility=&#8221;visible-tl&#8221;][vc_single_image image=&#8221;10717&#8243; img_size=&#8221;full&#8221; alignment=&#8221;center&#8221;][\/vc_column][\/vc_row][vc_row css=&#8221;.vc_custom_1566476184856{margin-bottom: 44px !important;border-top-width: 1px !important;border-right-width: 1px !important;border-bottom-width: 1px !important;border-left-width: 1px !important;border-left-color: #cccccc !important;border-left-style: solid !important;border-right-color: #cccccc !important;border-right-style: solid !important;border-top-color: #cccccc !important;border-top-style: solid !important;border-bottom-color: #cccccc !important;border-bottom-style: solid !important;}&#8221;][vc_column width=&#8221;1\/6&#8243;][mk_padding_divider size=&#8221;50&#8243; visibility=&#8221;visible-tl&#8221;][vc_single_image image=&#8221;34710&#8243; img_size=&#8221;full&#8221; alignment=&#8221;center&#8221; css=&#8221;.vc_custom_1585327708785{margin-top: 40px !important;}&#8221;][\/vc_column][vc_column width=&#8221;7\/12&#8243; css=&#8221;.vc_custom_1566474278978{padding-top: 38px !important;}&#8221;][vc_column_text css=&#8221;.vc_custom_1570618788336{margin-bottom: 0px !important;}&#8221;]\n<h3>DECAFFEINATO<\/h3>\n[\/vc_column_text][vc_column_text css=&#8221;.vc_custom_1603102017638{margin-bottom: 0px !important;}&#8221;]Caf\u00e8 org\u00e0nic descafe\u00efnat en gra de torrat natural, amb env\u00e0s 100% COMPOSTABLE (bossa i v\u00e0lvula).<\/p>\n<p>La varietat Decaffeinato presenta una selecci\u00f3 de caf\u00e8s ar\u00e0bics org\u00e0nics que aporten uns matisos en tassa id\u00e8ntics als d\u2019un gran espresso, amb notes c\u00edtriques i florals en aroma. El proc\u00e9s de descafe\u00efnat totalment natural el converteix en un espresso impecable, sense retrogustos qu\u00edmics.<\/p>\n<p>Un espresso de relaxaci\u00f3, perfecte per gaudir del caf\u00e8 en qualsevol moment del dia.<\/p>\n<p>Disponible tamb\u00e9 en format de caf\u00e8 m\u00f2lt.[\/vc_column_text][vc_single_image image=&#8221;3588&#8243; img_size=&#8221;full&#8221; el_class=&#8221;cert-cafe&#8221;][vc_single_image image=&#8221;6442&#8243; img_size=&#8221;full&#8221; el_class=&#8221;cert-cafe&#8221;][vc_single_image image=&#8221;33521&#8243; img_size=&#8221;120&#215;60&#8243; el_class=&#8221;cert-cafe&#8221;][vc_btn title=&#8221;COMPRAR&#8221; shape=&#8221;square&#8221; color=&#8221;default&#8221; link=&#8221;url:https%3A%2F%2Fcafesnovell.com%2Fca%2Fproducto%2Fcafe-gra-decaffeinato-residu-0%2F|title:Caf%C3%A8%20En%20Gra%20Residu%200%20-%20Decaffeinato||&#8221;][\/vc_column][vc_column width=&#8221;1\/4&#8243; css=&#8221;.vc_custom_1570617130847{padding-top: 33px !important;}&#8221;][mk_padding_divider size=&#8221;60&#8243; visibility=&#8221;visible-tl&#8221;][vc_single_image image=&#8221;10721&#8243; img_size=&#8221;full&#8221; alignment=&#8221;center&#8221;][\/vc_column][\/vc_row][vc_row css=&#8221;.vc_custom_1566476184856{margin-bottom: 44px !important;border-top-width: 1px !important;border-right-width: 1px !important;border-bottom-width: 1px !important;border-left-width: 1px !important;border-left-color: #cccccc !important;border-left-style: solid !important;border-right-color: #cccccc !important;border-right-style: solid !important;border-top-color: #cccccc !important;border-top-style: solid !important;border-bottom-color: #cccccc !important;border-bottom-style: solid !important;}&#8221;][vc_column width=&#8221;1\/6&#8243;][mk_padding_divider size=&#8221;50&#8243; visibility=&#8221;visible-tl&#8221;][vc_single_image image=&#8221;34722&#8243; img_size=&#8221;full&#8221; alignment=&#8221;center&#8221; css=&#8221;.vc_custom_1585327721305{margin-top: 40px !important;}&#8221;][\/vc_column][vc_column width=&#8221;7\/12&#8243; css=&#8221;.vc_custom_1566474278978{padding-top: 38px !important;}&#8221;][vc_column_text css=&#8221;.vc_custom_1570618002816{margin-bottom: 0px !important;}&#8221;]\n<h3>RISTRETTO<\/h3>\n[\/vc_column_text][vc_column_text css=&#8221;.vc_custom_1603102034263{margin-bottom: 0px !important;}&#8221;]Caf\u00e8 org\u00e0nic en gra de torrat natural, amb env\u00e0s 100% COMPOSTABLES (bossa i v\u00e0lvula).<\/p>\n<p>La varietat Ristretto presenta un <em>blend<\/em> de caf\u00e8s org\u00e0nics, portats a un torrat extrem per seduir als que busquen un caf\u00e8 m\u00e9s amarg i amb cos. Lleugeres notes fumades, la pres\u00e8ncia de cacau pur, tocs de regal\u00e8ssia i un record a cervesa negra de pub defineixen aquesta tassa de caf\u00e8 torrada pel diable.<\/p>\n<p>La tassa perfecta pels amants del caf\u00e8 m\u00e9s torrat.<\/p>\n<p>Disponible tamb\u00e9 en format de caf\u00e8 m\u00f2lt.[\/vc_column_text][vc_single_image image=&#8221;3588&#8243; img_size=&#8221;full&#8221; el_class=&#8221;cert-cafe&#8221;][vc_single_image image=&#8221;6442&#8243; img_size=&#8221;full&#8221; el_class=&#8221;cert-cafe&#8221;][vc_single_image image=&#8221;33521&#8243; img_size=&#8221;120&#215;60&#8243; el_class=&#8221;cert-cafe&#8221;][vc_btn title=&#8221;COMPRAR&#8221; shape=&#8221;square&#8221; color=&#8221;default&#8221; link=&#8221;url:https%3A%2F%2Fcafesnovell.com%2Fca%2Fproducto%2Fcafe-gra-ristretto-residu-0%2F|title:Caf%C3%A8%20En%20Gra%20Residu%200%20-%20Ristretto||&#8221;][\/vc_column][vc_column width=&#8221;1\/4&#8243; css=&#8221;.vc_custom_1570617130847{padding-top: 33px !important;}&#8221;][mk_padding_divider size=&#8221;60&#8243; visibility=&#8221;visible-tl&#8221;][vc_single_image image=&#8221;10730&#8243; img_size=&#8221;full&#8221; alignment=&#8221;center&#8221;][\/vc_column][\/vc_row][\/vc_section]\n<\/div>","protected":false},"excerpt":{"rendered":"<p>[vc_section full_width=&#8221;stretch_row&#8221; css=&#8221;.vc_custom_1570707700773{background-image: url(https:\/\/cafesnovell.com\/wp-content\/uploads\/2019\/10\/header-espresso.jpg?id=6815) !important;background-position: center !important;background-repeat: no-repeat !important;background-size: cover !important;}&#8221;][vc_row fullwidth=&#8221;true&#8221;][vc_column width=&#8221;11\/12&#8243; css=&#8221;.vc_custom_1569403557803{margin-left: 50px !important;padding-top: 34px !important;padding-bottom: 7px !important;}&#8221;][vc_column_text css=&#8221;.vc_custom_1566455960095{margin-bottom: 0px !important;}&#8221;] PRODUCTES NOVELL [\/vc_column_text][\/vc_column][vc_column width=&#8221;1\/12&#8243;][\/vc_column][\/vc_row][\/vc_section][vc_section full_width=&#8221;stretch_row&#8221; el_class=&#8221;section-products&#8221;][vc_row css=&#8221;.vc_custom_1566476184856{margin-bottom: 44px !important;border-top-width: 1px !important;border-right-width: 1px !important;border-bottom-width: 1px !important;border-left-width: 1px !important;border-left-color: #cccccc !important;border-left-style: solid !important;border-right-color: #cccccc !important;border-right-style: solid !important;border-top-color: #cccccc !important;border-top-style: solid !important;border-bottom-color: #cccccc !important;border-bottom-style: solid [&hellip;]<\/p>\n","protected":false},"author":36,"featured_media":0,"parent":9067,"menu_order":0,"comment_status":"closed","ping_status":"closed","template":"","meta":{"_acf_changed":false,"content-type":"","footnotes":""},"class_list":["post-34750","page","type-page","status-publish","hentry"],"acf":[],"yoast_head":"<!-- This site is optimized with the Yoast SEO plugin v27.3 - https:\/\/yoast.com\/product\/yoast-seo-wordpress\/ -->\n<title>Caf\u00e9 en gra Residu 0: 100% org\u00e0nic i envas 100% compostable<\/title>\n<meta name=\"description\" content=\"Caf\u00e8 en gra org\u00e0nic Residu 0, amb env\u00e0s 100% COMPOSTABLE. Cinc varietats diferents: Intenso, Cremoso, Pi\u00f9 Aroma, Decaffeinato, Ristretto\" \/>\n<meta name=\"robots\" content=\"index, follow, max-snippet:-1, max-image-preview:large, max-video-preview:-1\" \/>\n<link rel=\"canonical\" href=\"https:\/\/cafesnovell.com\/ca\/a-casa\/cafe-en-gra-residu-zero\/\" \/>\n<meta property=\"og:locale\" content=\"ca_ES\" \/>\n<meta property=\"og:type\" content=\"article\" \/>\n<meta property=\"og:title\" content=\"Caf\u00e9 en gra Residu 0: 100% org\u00e0nic i envas 100% compostable\" \/>\n<meta property=\"og:description\" content=\"Caf\u00e8 en gra org\u00e0nic Residu 0, amb env\u00e0s 100% COMPOSTABLE. Cinc varietats diferents: Intenso, Cremoso, Pi\u00f9 Aroma, Decaffeinato, Ristretto\" \/>\n<meta property=\"og:url\" content=\"https:\/\/cafesnovell.com\/ca\/a-casa\/cafe-en-gra-residu-zero\/\" \/>\n<meta property=\"og:site_name\" content=\"Caf\u00e8s Novell\" \/>\n<meta property=\"article:modified_time\" content=\"2020-12-01T18:41:52+00:00\" \/>\n<meta name=\"twitter:card\" content=\"summary_large_image\" \/>\n<meta name=\"twitter:label1\" content=\"Temps estimat de lectura\" \/>\n\t<meta name=\"twitter:data1\" content=\"7 minuts\" \/>\n<script type=\"application\/ld+json\" class=\"yoast-schema-graph\">{\"@context\":\"https:\\\/\\\/schema.org\",\"@graph\":[{\"@type\":\"WebPage\",\"@id\":\"https:\\\/\\\/cafesnovell.com\\\/ca\\\/a-casa\\\/cafe-en-gra-residu-zero\\\/\",\"url\":\"https:\\\/\\\/cafesnovell.com\\\/ca\\\/a-casa\\\/cafe-en-gra-residu-zero\\\/\",\"name\":\"Caf\u00e9 en gra Residu 0: 100% org\u00e0nic i envas 100% compostable\",\"isPartOf\":{\"@id\":\"https:\\\/\\\/cafesnovell.com\\\/ca\\\/#website\"},\"datePublished\":\"2020-10-19T09:54:26+00:00\",\"dateModified\":\"2020-12-01T18:41:52+00:00\",\"description\":\"Caf\u00e8 en gra org\u00e0nic Residu 0, amb env\u00e0s 100% COMPOSTABLE. Cinc varietats diferents: Intenso, Cremoso, Pi\u00f9 Aroma, Decaffeinato, Ristretto\",\"breadcrumb\":{\"@id\":\"https:\\\/\\\/cafesnovell.com\\\/ca\\\/a-casa\\\/cafe-en-gra-residu-zero\\\/#breadcrumb\"},\"inLanguage\":\"ca\",\"potentialAction\":[{\"@type\":\"ReadAction\",\"target\":[\"https:\\\/\\\/cafesnovell.com\\\/ca\\\/a-casa\\\/cafe-en-gra-residu-zero\\\/\"]}]},{\"@type\":\"BreadcrumbList\",\"@id\":\"https:\\\/\\\/cafesnovell.com\\\/ca\\\/a-casa\\\/cafe-en-gra-residu-zero\\\/#breadcrumb\",\"itemListElement\":[{\"@type\":\"ListItem\",\"position\":1,\"name\":\"Inici\",\"item\":\"https:\\\/\\\/cafesnovell.com\\\/ca\\\/\"},{\"@type\":\"ListItem\",\"position\":2,\"name\":\"A casa\",\"item\":\"https:\\\/\\\/cafesnovell.com\\\/ca\\\/a-casa\\\/\"},{\"@type\":\"ListItem\",\"position\":3,\"name\":\"Caf\u00e8 En Gra Residu Zero\"}]},{\"@type\":\"WebSite\",\"@id\":\"https:\\\/\\\/cafesnovell.com\\\/ca\\\/#website\",\"url\":\"https:\\\/\\\/cafesnovell.com\\\/ca\\\/\",\"name\":\"Caf\u00e8s Novell\",\"description\":\"Organic Premium Coffee\",\"potentialAction\":[{\"@type\":\"SearchAction\",\"target\":{\"@type\":\"EntryPoint\",\"urlTemplate\":\"https:\\\/\\\/cafesnovell.com\\\/ca\\\/?s={search_term_string}\"},\"query-input\":{\"@type\":\"PropertyValueSpecification\",\"valueRequired\":true,\"valueName\":\"search_term_string\"}}],\"inLanguage\":\"ca\"}]}<\/script>\n<!-- \/ Yoast SEO plugin. -->","yoast_head_json":{"title":"Caf\u00e9 en gra Residu 0: 100% org\u00e0nic i envas 100% compostable","description":"Caf\u00e8 en gra org\u00e0nic Residu 0, amb env\u00e0s 100% COMPOSTABLE. Cinc varietats diferents: Intenso, Cremoso, Pi\u00f9 Aroma, Decaffeinato, Ristretto","robots":{"index":"index","follow":"follow","max-snippet":"max-snippet:-1","max-image-preview":"max-image-preview:large","max-video-preview":"max-video-preview:-1"},"canonical":"https:\/\/cafesnovell.com\/ca\/a-casa\/cafe-en-gra-residu-zero\/","og_locale":"ca_ES","og_type":"article","og_title":"Caf\u00e9 en gra Residu 0: 100% org\u00e0nic i envas 100% compostable","og_description":"Caf\u00e8 en gra org\u00e0nic Residu 0, amb env\u00e0s 100% COMPOSTABLE. Cinc varietats diferents: Intenso, Cremoso, Pi\u00f9 Aroma, Decaffeinato, Ristretto","og_url":"https:\/\/cafesnovell.com\/ca\/a-casa\/cafe-en-gra-residu-zero\/","og_site_name":"Caf\u00e8s Novell","article_modified_time":"2020-12-01T18:41:52+00:00","twitter_card":"summary_large_image","twitter_misc":{"Temps estimat de lectura":"7 minuts"},"schema":{"@context":"https:\/\/schema.org","@graph":[{"@type":"WebPage","@id":"https:\/\/cafesnovell.com\/ca\/a-casa\/cafe-en-gra-residu-zero\/","url":"https:\/\/cafesnovell.com\/ca\/a-casa\/cafe-en-gra-residu-zero\/","name":"Caf\u00e9 en gra Residu 0: 100% org\u00e0nic i envas 100% compostable","isPartOf":{"@id":"https:\/\/cafesnovell.com\/ca\/#website"},"datePublished":"2020-10-19T09:54:26+00:00","dateModified":"2020-12-01T18:41:52+00:00","description":"Caf\u00e8 en gra org\u00e0nic Residu 0, amb env\u00e0s 100% COMPOSTABLE. Cinc varietats diferents: Intenso, Cremoso, Pi\u00f9 Aroma, Decaffeinato, Ristretto","breadcrumb":{"@id":"https:\/\/cafesnovell.com\/ca\/a-casa\/cafe-en-gra-residu-zero\/#breadcrumb"},"inLanguage":"ca","potentialAction":[{"@type":"ReadAction","target":["https:\/\/cafesnovell.com\/ca\/a-casa\/cafe-en-gra-residu-zero\/"]}]},{"@type":"BreadcrumbList","@id":"https:\/\/cafesnovell.com\/ca\/a-casa\/cafe-en-gra-residu-zero\/#breadcrumb","itemListElement":[{"@type":"ListItem","position":1,"name":"Inici","item":"https:\/\/cafesnovell.com\/ca\/"},{"@type":"ListItem","position":2,"name":"A casa","item":"https:\/\/cafesnovell.com\/ca\/a-casa\/"},{"@type":"ListItem","position":3,"name":"Caf\u00e8 En Gra Residu Zero"}]},{"@type":"WebSite","@id":"https:\/\/cafesnovell.com\/ca\/#website","url":"https:\/\/cafesnovell.com\/ca\/","name":"Caf\u00e8s Novell","description":"Organic Premium Coffee","potentialAction":[{"@type":"SearchAction","target":{"@type":"EntryPoint","urlTemplate":"https:\/\/cafesnovell.com\/ca\/?s={search_term_string}"},"query-input":{"@type":"PropertyValueSpecification","valueRequired":true,"valueName":"search_term_string"}}],"inLanguage":"ca"}]}},"_links":{"self":[{"href":"https:\/\/cafesnovell.com\/ca\/wp-json\/wp\/v2\/pages\/34750","targetHints":{"allow":["GET"]}}],"collection":[{"href":"https:\/\/cafesnovell.com\/ca\/wp-json\/wp\/v2\/pages"}],"about":[{"href":"https:\/\/cafesnovell.com\/ca\/wp-json\/wp\/v2\/types\/page"}],"author":[{"embeddable":true,"href":"https:\/\/cafesnovell.com\/ca\/wp-json\/wp\/v2\/users\/36"}],"replies":[{"embeddable":true,"href":"https:\/\/cafesnovell.com\/ca\/wp-json\/wp\/v2\/comments?post=34750"}],"version-history":[{"count":0,"href":"https:\/\/cafesnovell.com\/ca\/wp-json\/wp\/v2\/pages\/34750\/revisions"}],"up":[{"embeddable":true,"href":"https:\/\/cafesnovell.com\/ca\/wp-json\/wp\/v2\/pages\/9067"}],"wp:attachment":[{"href":"https:\/\/cafesnovell.com\/ca\/wp-json\/wp\/v2\/media?parent=34750"}],"curies":[{"name":"wp","href":"https:\/\/api.w.org\/{rel}","templated":true}]}}